{"id":148,"date":"2024-03-16T09:37:01","date_gmt":"2024-03-16T09:37:01","guid":{"rendered":"https:\/\/floratiara.com\/?post_type=product&#038;p=148"},"modified":"2024-12-12T01:48:39","modified_gmt":"2024-12-12T01:48:39","slug":"blumenkopfbedeckung-braut-hochzeit-accessoire","status":"publish","type":"product","link":"https:\/\/floratiara.com\/ch\/p\/blumenkopfbedeckung-braut-hochzeit-accessoire\/","title":{"rendered":"Verzauberte Lavendel &amp; G\u00e4nsebl\u00fcmchen Bl\u00fctenkrone"},"content":{"rendered":"<p>Erh\u00f6hen Sie Ihren besonderen Tag mit unserer verzauberten Lavendel- und G\u00e4nsebl\u00fcmchen-Bl\u00fctenkrone, einem Symbol f\u00fcr nat\u00fcrliche Anmut und Sch\u00f6nheit. Dieser handgefertigte Kopfschmuck besteht aus einer harmonischen Mischung aus lila Lavendel und wei\u00dfen G\u00e4nsebl\u00fcmchen inmitten von leuchtend gr\u00fcnem Laub und schafft eine vertr\u00e4umte \u00c4sthetik, die \u00fcber einfache Verzierungen hinausgeht. Diese Blumenkrone eignet sich perfekt f\u00fcr Hochzeiten, Feste oder Gartenpartys und soll inspirieren und verzaubern. Verk\u00f6rpern Sie die Essenz von Raffinesse und Charme, wenn Sie dieses zeitlose St\u00fcck tragen, das jeden Moment zu einer harmonischen Feier der floralen Wunder des Lebens werden l\u00e4sst.<\/p><p>Zusammensetzung: lila Lavendel, wei\u00dfe G\u00e4nsebl\u00fcmchen, gr\u00fcnes Laub.<\/p>","protected":false},"excerpt":{"rendered":"<div style=\"width: 90%;text-align: left;margin: auto\"><p style=\"text-align:center\"><b>\ud83d\udc51 Von unseren H\u00e4nden zu deinem Kopf<\/b><br \/><i>Luxuri\u00f6se Blumenkr\u00e4nze f\u00fcr jeden Anlass<\/i><\/p><ul><li>\u2702\ufe0f Mit Sorgfalt hergestellt im Herzen von <b>Schweiz<\/b><\/li><li><b>\ud83d\udc90 Zusammensetzung: lila Lavendel, wei\u00dfe G\u00e4nsebl\u00fcmchen, gr\u00fcnes Laub.<\/b><\/li><\/ul><\/div>","protected":false},"featured_media":147,"template":"","meta":[],"product_brand":[],"product_cat":[61,78,74,59],"product_tag":[],"class_list":{"0":"post-148","1":"product","2":"type-product","3":"status-publish","4":"has-post-thumbnail","6":"product_cat-bridesmaid-floral-headpiece","7":"product_cat-dried-floral-headpiece","8":"product_cat-purple-floral-headpiece","9":"product_cat-bridal-floral-headpiece","11":"first","12":"instock","13":"shipping-taxable","14":"purchasable","15":"product-type-simple"},"yoast_head":"<!-- This site is optimized with the Yoast SEO plugin v25.9 - https:\/\/yoast.com\/wordpress\/plugins\/seo\/ -->\n<title>Enchanted Lavender &amp; Daisy Flower Crown - Flora Tiara<\/title>\n<meta name=\"description\" content=\"Unique and beautiful: Shop our Enchanted Lavender &amp; Daisy Flower Crown. Premium high quality headpiece to make the occasion unforgettable.\" \/>\n<meta name=\"robots\" content=\"index, follow, max-snippet:-1, max-image-preview:large, max-video-preview:-1\" \/>\n<link rel=\"canonical\" href=\"https:\/\/floratiara.com\/ch\/p\/blumenkopfbedeckung-braut-hochzeit-accessoire\/\" \/>\n<meta property=\"og:locale\" content=\"de_DE\" \/>\n<meta property=\"og:type\" content=\"article\" \/>\n<meta property=\"og:title\" content=\"Enchanted Lavender &amp; Daisy Flower Crown - Flora Tiara\" \/>\n<meta property=\"og:description\" content=\"Unique and beautiful: Shop our Enchanted Lavender &amp; Daisy Flower Crown. Premium high quality headpiece to make the occasion unforgettable.\" \/>\n<meta property=\"og:url\" content=\"https:\/\/floratiara.com\/ch\/p\/blumenkopfbedeckung-braut-hochzeit-accessoire\/\" \/>\n<meta property=\"og:site_name\" content=\"Flora Tiara\" \/>\n<meta property=\"article:modified_time\" content=\"2024-12-12T01:48:39+00:00\" \/>\n<meta property=\"og:image\" content=\"https:\/\/floratiara.com\/wp-content\/uploads\/2024\/03\/S2e81bc7c134243dab7d9afeae08097adn.webp\" \/>\n\t<meta property=\"og:image:width\" content=\"1500\" \/>\n\t<meta property=\"og:image:height\" content=\"1500\" \/>\n\t<meta property=\"og:image:type\" content=\"image\/webp\" \/>\n<meta name=\"twitter:card\" content=\"summary_large_image\" \/>\n<meta name=\"twitter:label1\" content=\"Gesch\u00e4tzte Lesezeit\" \/>\n\t<meta name=\"twitter:data1\" content=\"1\u00a0Minute\" \/>\n<script type=\"application\/ld+json\" class=\"yoast-schema-graph\">{\"@context\":\"https:\/\/schema.org\",\"@graph\":[{\"@type\":\"WebPage\",\"@id\":\"https:\/\/floratiara.com\/p\/floral-headpiece-bridal-wedding-accessory\/\",\"url\":\"https:\/\/floratiara.com\/p\/floral-headpiece-bridal-wedding-accessory\/\",\"name\":\"Enchanted Lavender &amp; Daisy Flower Crown - Flora Tiara\",\"isPartOf\":{\"@id\":\"https:\/\/floratiara.com\/#website\"},\"primaryImageOfPage\":{\"@id\":\"https:\/\/floratiara.com\/p\/floral-headpiece-bridal-wedding-accessory\/#primaryimage\"},\"image\":{\"@id\":\"https:\/\/floratiara.com\/p\/floral-headpiece-bridal-wedding-accessory\/#primaryimage\"},\"thumbnailUrl\":\"https:\/\/floratiara.com\/wp-content\/uploads\/2024\/03\/S2e81bc7c134243dab7d9afeae08097adn.webp\",\"datePublished\":\"2024-03-16T09:37:01+00:00\",\"dateModified\":\"2024-12-12T01:48:39+00:00\",\"description\":\"Unique and beautiful: Shop our Enchanted Lavender &amp; Daisy Flower Crown. Premium high quality headpiece to make the occasion unforgettable.\",\"breadcrumb\":{\"@id\":\"https:\/\/floratiara.com\/p\/floral-headpiece-bridal-wedding-accessory\/#breadcrumb\"},\"inLanguage\":\"de-CH\",\"potentialAction\":[{\"@type\":\"ReadAction\",\"target\":[\"https:\/\/floratiara.com\/p\/floral-headpiece-bridal-wedding-accessory\/\"]}]},{\"@type\":\"ImageObject\",\"inLanguage\":\"de-CH\",\"@id\":\"https:\/\/floratiara.com\/p\/floral-headpiece-bridal-wedding-accessory\/#primaryimage\",\"url\":\"https:\/\/floratiara.com\/wp-content\/uploads\/2024\/03\/S2e81bc7c134243dab7d9afeae08097adn.webp\",\"contentUrl\":\"https:\/\/floratiara.com\/wp-content\/uploads\/2024\/03\/S2e81bc7c134243dab7d9afeae08097adn.webp\",\"width\":1500,\"height\":1500},{\"@type\":\"BreadcrumbList\",\"@id\":\"https:\/\/floratiara.com\/p\/floral-headpiece-bridal-wedding-accessory\/#breadcrumb\",\"itemListElement\":[{\"@type\":\"ListItem\",\"position\":1,\"name\":\"Home\",\"item\":\"https:\/\/floratiara.com\/\"},{\"@type\":\"ListItem\",\"position\":2,\"name\":\"Shop\",\"item\":\"https:\/\/floratiara.com\/shop\/\"},{\"@type\":\"ListItem\",\"position\":3,\"name\":\"Enchanted Lavender &amp; Daisy Flower Crown\"}]},{\"@type\":\"WebSite\",\"@id\":\"https:\/\/floratiara.com\/#website\",\"url\":\"https:\/\/floratiara.com\/\",\"name\":\"Flora Tiara\",\"description\":\"\",\"publisher\":{\"@id\":\"https:\/\/floratiara.com\/#organization\"},\"potentialAction\":[{\"@type\":\"SearchAction\",\"target\":{\"@type\":\"EntryPoint\",\"urlTemplate\":\"https:\/\/floratiara.com\/?s={search_term_string}\"},\"query-input\":{\"@type\":\"PropertyValueSpecification\",\"valueRequired\":true,\"valueName\":\"search_term_string\"}}],\"inLanguage\":\"de-CH\"},{\"@type\":\"Organization\",\"@id\":\"https:\/\/floratiara.com\/#organization\",\"name\":\"Flora Tiara\",\"url\":\"https:\/\/floratiara.com\/\",\"logo\":{\"@type\":\"ImageObject\",\"inLanguage\":\"de-CH\",\"@id\":\"https:\/\/floratiara.com\/#\/schema\/logo\/image\/\",\"url\":\"https:\/\/floratiara.com\/wp-content\/uploads\/2024\/03\/flora-tiara-logo.png\",\"contentUrl\":\"https:\/\/floratiara.com\/wp-content\/uploads\/2024\/03\/flora-tiara-logo.png\",\"width\":1024,\"height\":274,\"caption\":\"Flora Tiara\"},\"image\":{\"@id\":\"https:\/\/floratiara.com\/#\/schema\/logo\/image\/\"}}]}<\/script>\n<!-- \/ Yoast SEO plugin. -->","yoast_head_json":{"title":"Verzauberte Lavendel &amp; G\u00e4nsebl\u00fcmchen Blumenkrone - Flora Tiara","description":"Einzigartig und sch\u00f6n: Kaufen Sie unsere verzauberte Lavendel &amp; G\u00e4nsebl\u00fcmchen Blumenkrone. Hochwertiger Kopfschmuck, der den Anlass unvergesslich macht.","robots":{"index":"index","follow":"follow","max-snippet":"max-snippet:-1","max-image-preview":"max-image-preview:large","max-video-preview":"max-video-preview:-1"},"canonical":"https:\/\/floratiara.com\/ch\/p\/blumenkopfbedeckung-braut-hochzeit-accessoire\/","og_locale":"de_DE","og_type":"article","og_title":"Enchanted Lavender &amp; Daisy Flower Crown - Flora Tiara","og_description":"Unique and beautiful: Shop our Enchanted Lavender &amp; Daisy Flower Crown. Premium high quality headpiece to make the occasion unforgettable.","og_url":"https:\/\/floratiara.com\/ch\/p\/blumenkopfbedeckung-braut-hochzeit-accessoire\/","og_site_name":"Flora Tiara","article_modified_time":"2024-12-12T01:48:39+00:00","og_image":[{"width":1500,"height":1500,"url":"https:\/\/floratiara.com\/wp-content\/uploads\/2024\/03\/S2e81bc7c134243dab7d9afeae08097adn.webp","type":"image\/webp"}],"twitter_card":"summary_large_image","twitter_misc":{"Gesch\u00e4tzte Lesezeit":"1\u00a0Minute"},"schema":{"@context":"https:\/\/schema.org","@graph":[{"@type":"WebPage","@id":"https:\/\/floratiara.com\/p\/floral-headpiece-bridal-wedding-accessory\/","url":"https:\/\/floratiara.com\/p\/floral-headpiece-bridal-wedding-accessory\/","name":"Verzauberte Lavendel &amp; G\u00e4nsebl\u00fcmchen Blumenkrone - Flora Tiara","isPartOf":{"@id":"https:\/\/floratiara.com\/#website"},"primaryImageOfPage":{"@id":"https:\/\/floratiara.com\/p\/floral-headpiece-bridal-wedding-accessory\/#primaryimage"},"image":{"@id":"https:\/\/floratiara.com\/p\/floral-headpiece-bridal-wedding-accessory\/#primaryimage"},"thumbnailUrl":"https:\/\/floratiara.com\/wp-content\/uploads\/2024\/03\/S2e81bc7c134243dab7d9afeae08097adn.webp","datePublished":"2024-03-16T09:37:01+00:00","dateModified":"2024-12-12T01:48:39+00:00","description":"Einzigartig und sch\u00f6n: Kaufen Sie unsere verzauberte Lavendel &amp; G\u00e4nsebl\u00fcmchen Blumenkrone. Hochwertiger Kopfschmuck, der den Anlass unvergesslich macht.","breadcrumb":{"@id":"https:\/\/floratiara.com\/p\/floral-headpiece-bridal-wedding-accessory\/#breadcrumb"},"inLanguage":"de-CH","potentialAction":[{"@type":"ReadAction","target":["https:\/\/floratiara.com\/p\/floral-headpiece-bridal-wedding-accessory\/"]}]},{"@type":"ImageObject","inLanguage":"de-CH","@id":"https:\/\/floratiara.com\/p\/floral-headpiece-bridal-wedding-accessory\/#primaryimage","url":"https:\/\/floratiara.com\/wp-content\/uploads\/2024\/03\/S2e81bc7c134243dab7d9afeae08097adn.webp","contentUrl":"https:\/\/floratiara.com\/wp-content\/uploads\/2024\/03\/S2e81bc7c134243dab7d9afeae08097adn.webp","width":1500,"height":1500},{"@type":"BreadcrumbList","@id":"https:\/\/floratiara.com\/p\/floral-headpiece-bridal-wedding-accessory\/#breadcrumb","itemListElement":[{"@type":"ListItem","position":1,"name":"Home","item":"https:\/\/floratiara.com\/"},{"@type":"ListItem","position":2,"name":"Shop","item":"https:\/\/floratiara.com\/shop\/"},{"@type":"ListItem","position":3,"name":"Enchanted Lavender &amp; Daisy Flower Crown"}]},{"@type":"WebSite","@id":"https:\/\/floratiara.com\/#website","url":"https:\/\/floratiara.com\/","name":"Flora Tiara","description":"","publisher":{"@id":"https:\/\/floratiara.com\/#organization"},"potentialAction":[{"@type":"SearchAction","target":{"@type":"EntryPoint","urlTemplate":"https:\/\/floratiara.com\/?s={search_term_string}"},"query-input":{"@type":"PropertyValueSpecification","valueRequired":true,"valueName":"search_term_string"}}],"inLanguage":"de-CH"},{"@type":"Organization","@id":"https:\/\/floratiara.com\/#organization","name":"Flora Tiara","url":"https:\/\/floratiara.com\/","logo":{"@type":"ImageObject","inLanguage":"de-CH","@id":"https:\/\/floratiara.com\/#\/schema\/logo\/image\/","url":"https:\/\/floratiara.com\/wp-content\/uploads\/2024\/03\/flora-tiara-logo.png","contentUrl":"https:\/\/floratiara.com\/wp-content\/uploads\/2024\/03\/flora-tiara-logo.png","width":1024,"height":274,"caption":"Flora Tiara"},"image":{"@id":"https:\/\/floratiara.com\/#\/schema\/logo\/image\/"}}]}},"_links":{"self":[{"href":"https:\/\/floratiara.com\/ch\/wp-json\/wp\/v2\/product\/148","targetHints":{"allow":["GET"]}}],"collection":[{"href":"https:\/\/floratiara.com\/ch\/wp-json\/wp\/v2\/product"}],"about":[{"href":"https:\/\/floratiara.com\/ch\/wp-json\/wp\/v2\/types\/product"}],"wp:featuredmedia":[{"embeddable":true,"href":"https:\/\/floratiara.com\/ch\/wp-json\/wp\/v2\/media\/147"}],"wp:attachment":[{"href":"https:\/\/floratiara.com\/ch\/wp-json\/wp\/v2\/media?parent=148"}],"wp:term":[{"taxonomy":"product_brand","embeddable":true,"href":"https:\/\/floratiara.com\/ch\/wp-json\/wp\/v2\/product_brand?post=148"},{"taxonomy":"product_cat","embeddable":true,"href":"https:\/\/floratiara.com\/ch\/wp-json\/wp\/v2\/product_cat?post=148"},{"taxonomy":"product_tag","embeddable":true,"href":"https:\/\/floratiara.com\/ch\/wp-json\/wp\/v2\/product_tag?post=148"}],"curies":[{"name":"wp","href":"https:\/\/api.w.org\/{rel}","templated":true}]}}