{"id":289,"date":"2024-03-16T09:40:13","date_gmt":"2024-03-16T09:40:13","guid":{"rendered":"https:\/\/floratiara.com\/?post_type=product&#038;p=289"},"modified":"2024-12-12T01:46:05","modified_gmt":"2024-12-12T01:46:05","slug":"romantische-blumen-hochzeitskopfbedeckung","status":"publish","type":"product","link":"https:\/\/floratiara.com\/ch\/p\/romantische-blumen-hochzeitskopfbedeckung\/","title":{"rendered":"Enchanted Garden Brautblumenkrone"},"content":{"rendered":"<p>Verstr\u00f6men Sie an Ihrem besonderen Tag zeitlose Anmut mit unserer Enchanted Garden Bridal Flower Crown. Dieses atemberaubende Accessoire zeigt sonnengelbe Rosen in Kombination mit himmlischen wei\u00dfen Anemonen, eingebettet in eine Reihe von zartem Laub und skurrilen wei\u00dfen Bl\u00fcten. Die Krone ist sowohl f\u00fcr die Braut als auch f\u00fcr die Festivalliebhaberin perfekt gearbeitet und passt sich jeder Kopfgr\u00f6\u00dfe an. Ziehen Sie alle Blicke auf sich und verleihen Sie Ihrem Look die Eleganz der Natur, damit Ihr Fest zu einem wahren M\u00e4rchen wird. Lassen Sie sich vom Charme unserer romantischen, vielseitigen Blumenkrone verzaubern und gehen Sie selbstbewusst und stilvoll in Ihre Veranstaltung.<\/p><p>Zusammensetzung: gelbe Rosen, wei\u00dfe Anemonen, kleine wei\u00dfe gef\u00fcllte Bl\u00fcten, gr\u00fcnes Laub, eventuell mit einigen wei\u00dfen Beeren oder kleinen Knospen.<\/p>","protected":false},"excerpt":{"rendered":"<div style=\"width: 90%;text-align: left;margin: auto\"><p style=\"text-align:center\"><b>\ud83d\udc51 Von unseren H\u00e4nden zu deinem Kopf<\/b><br \/><i>Luxuri\u00f6se Blumenkr\u00e4nze f\u00fcr jeden Anlass<\/i><\/p><ul><li>\u2702\ufe0f Mit Sorgfalt hergestellt im Herzen von <b>Schweiz<\/b><\/li><li><b>\ud83d\udc90 Zusammensetzung: gelbe Rosen, wei\u00dfe Anemonen, kleine wei\u00dfe gef\u00fcllte Bl\u00fcten, gr\u00fcnes Laub, eventuell mit einigen wei\u00dfen Beeren oder kleinen Knospen.<\/b><\/li><\/ul><\/div>","protected":false},"featured_media":288,"template":"","meta":[],"product_brand":[],"product_cat":[61,76,59],"product_tag":[],"class_list":{"0":"post-289","1":"product","2":"type-product","3":"status-publish","4":"has-post-thumbnail","6":"product_cat-bridesmaid-floral-headpiece","7":"product_cat-gold-floral-headpiece","8":"product_cat-bridal-floral-headpiece","10":"first","11":"instock","12":"shipping-taxable","13":"purchasable","14":"product-type-simple"},"yoast_head":"<!-- This site is optimized with the Yoast SEO plugin v25.9 - https:\/\/yoast.com\/wordpress\/plugins\/seo\/ -->\n<title>Enchanted Garden Bridal Flower Crown - Flora Tiara<\/title>\n<meta name=\"description\" content=\"Unique and beautiful: Shop our Enchanted Garden Bridal Flower Crown. Premium high quality headpiece to make the occasion unforgettable.\" \/>\n<meta name=\"robots\" content=\"index, follow, max-snippet:-1, max-image-preview:large, max-video-preview:-1\" \/>\n<link rel=\"canonical\" href=\"https:\/\/floratiara.com\/ch\/p\/romantische-blumen-hochzeitskopfbedeckung\/\" \/>\n<meta property=\"og:locale\" content=\"de_DE\" \/>\n<meta property=\"og:type\" content=\"article\" \/>\n<meta property=\"og:title\" content=\"Enchanted Garden Bridal Flower Crown - Flora Tiara\" \/>\n<meta property=\"og:description\" content=\"Unique and beautiful: Shop our Enchanted Garden Bridal Flower Crown. Premium high quality headpiece to make the occasion unforgettable.\" \/>\n<meta property=\"og:url\" content=\"https:\/\/floratiara.com\/ch\/p\/romantische-blumen-hochzeitskopfbedeckung\/\" \/>\n<meta property=\"og:site_name\" content=\"Flora Tiara\" \/>\n<meta property=\"article:modified_time\" content=\"2024-12-12T01:46:05+00:00\" \/>\n<meta property=\"og:image\" content=\"https:\/\/floratiara.com\/wp-content\/uploads\/2024\/03\/H6faacd821a7c4569b6ac21922e135f8dO.webp\" \/>\n\t<meta property=\"og:image:width\" content=\"1000\" \/>\n\t<meta property=\"og:image:height\" content=\"1000\" \/>\n\t<meta property=\"og:image:type\" content=\"image\/webp\" \/>\n<meta name=\"twitter:card\" content=\"summary_large_image\" \/>\n<meta name=\"twitter:label1\" content=\"Gesch\u00e4tzte Lesezeit\" \/>\n\t<meta name=\"twitter:data1\" content=\"1\u00a0Minute\" \/>\n<script type=\"application\/ld+json\" class=\"yoast-schema-graph\">{\"@context\":\"https:\/\/schema.org\",\"@graph\":[{\"@type\":\"WebPage\",\"@id\":\"https:\/\/floratiara.com\/p\/romantic-floral-wedding-headpiece\/\",\"url\":\"https:\/\/floratiara.com\/p\/romantic-floral-wedding-headpiece\/\",\"name\":\"Enchanted Garden Bridal Flower Crown - Flora Tiara\",\"isPartOf\":{\"@id\":\"https:\/\/floratiara.com\/#website\"},\"primaryImageOfPage\":{\"@id\":\"https:\/\/floratiara.com\/p\/romantic-floral-wedding-headpiece\/#primaryimage\"},\"image\":{\"@id\":\"https:\/\/floratiara.com\/p\/romantic-floral-wedding-headpiece\/#primaryimage\"},\"thumbnailUrl\":\"https:\/\/floratiara.com\/wp-content\/uploads\/2024\/03\/H6faacd821a7c4569b6ac21922e135f8dO.webp\",\"datePublished\":\"2024-03-16T09:40:13+00:00\",\"dateModified\":\"2024-12-12T01:46:05+00:00\",\"description\":\"Unique and beautiful: Shop our Enchanted Garden Bridal Flower Crown. Premium high quality headpiece to make the occasion unforgettable.\",\"breadcrumb\":{\"@id\":\"https:\/\/floratiara.com\/p\/romantic-floral-wedding-headpiece\/#breadcrumb\"},\"inLanguage\":\"de-CH\",\"potentialAction\":[{\"@type\":\"ReadAction\",\"target\":[\"https:\/\/floratiara.com\/p\/romantic-floral-wedding-headpiece\/\"]}]},{\"@type\":\"ImageObject\",\"inLanguage\":\"de-CH\",\"@id\":\"https:\/\/floratiara.com\/p\/romantic-floral-wedding-headpiece\/#primaryimage\",\"url\":\"https:\/\/floratiara.com\/wp-content\/uploads\/2024\/03\/H6faacd821a7c4569b6ac21922e135f8dO.webp\",\"contentUrl\":\"https:\/\/floratiara.com\/wp-content\/uploads\/2024\/03\/H6faacd821a7c4569b6ac21922e135f8dO.webp\",\"width\":1000,\"height\":1000},{\"@type\":\"BreadcrumbList\",\"@id\":\"https:\/\/floratiara.com\/p\/romantic-floral-wedding-headpiece\/#breadcrumb\",\"itemListElement\":[{\"@type\":\"ListItem\",\"position\":1,\"name\":\"Home\",\"item\":\"https:\/\/floratiara.com\/\"},{\"@type\":\"ListItem\",\"position\":2,\"name\":\"Shop\",\"item\":\"https:\/\/floratiara.com\/shop\/\"},{\"@type\":\"ListItem\",\"position\":3,\"name\":\"Enchanted Garden Bridal Flower Crown\"}]},{\"@type\":\"WebSite\",\"@id\":\"https:\/\/floratiara.com\/#website\",\"url\":\"https:\/\/floratiara.com\/\",\"name\":\"Flora Tiara\",\"description\":\"\",\"publisher\":{\"@id\":\"https:\/\/floratiara.com\/#organization\"},\"potentialAction\":[{\"@type\":\"SearchAction\",\"target\":{\"@type\":\"EntryPoint\",\"urlTemplate\":\"https:\/\/floratiara.com\/?s={search_term_string}\"},\"query-input\":{\"@type\":\"PropertyValueSpecification\",\"valueRequired\":true,\"valueName\":\"search_term_string\"}}],\"inLanguage\":\"de-CH\"},{\"@type\":\"Organization\",\"@id\":\"https:\/\/floratiara.com\/#organization\",\"name\":\"Flora Tiara\",\"url\":\"https:\/\/floratiara.com\/\",\"logo\":{\"@type\":\"ImageObject\",\"inLanguage\":\"de-CH\",\"@id\":\"https:\/\/floratiara.com\/#\/schema\/logo\/image\/\",\"url\":\"https:\/\/floratiara.com\/wp-content\/uploads\/2024\/03\/flora-tiara-logo.png\",\"contentUrl\":\"https:\/\/floratiara.com\/wp-content\/uploads\/2024\/03\/flora-tiara-logo.png\",\"width\":1024,\"height\":274,\"caption\":\"Flora Tiara\"},\"image\":{\"@id\":\"https:\/\/floratiara.com\/#\/schema\/logo\/image\/\"}}]}<\/script>\n<!-- \/ Yoast SEO plugin. -->","yoast_head_json":{"title":"Enchanted Garden Braut-Bl\u00fctenkrone - Flora Tiara","description":"Einzigartig und wundersch\u00f6n: Kaufen Sie unsere Enchanted Garden Brautblumenkrone. Premium-Qualit\u00e4t Kopfbedeckung, um den Anlass unvergesslich zu machen.","robots":{"index":"index","follow":"follow","max-snippet":"max-snippet:-1","max-image-preview":"max-image-preview:large","max-video-preview":"max-video-preview:-1"},"canonical":"https:\/\/floratiara.com\/ch\/p\/romantische-blumen-hochzeitskopfbedeckung\/","og_locale":"de_DE","og_type":"article","og_title":"Enchanted Garden Bridal Flower Crown - Flora Tiara","og_description":"Unique and beautiful: Shop our Enchanted Garden Bridal Flower Crown. Premium high quality headpiece to make the occasion unforgettable.","og_url":"https:\/\/floratiara.com\/ch\/p\/romantische-blumen-hochzeitskopfbedeckung\/","og_site_name":"Flora Tiara","article_modified_time":"2024-12-12T01:46:05+00:00","og_image":[{"width":1000,"height":1000,"url":"https:\/\/floratiara.com\/wp-content\/uploads\/2024\/03\/H6faacd821a7c4569b6ac21922e135f8dO.webp","type":"image\/webp"}],"twitter_card":"summary_large_image","twitter_misc":{"Gesch\u00e4tzte Lesezeit":"1\u00a0Minute"},"schema":{"@context":"https:\/\/schema.org","@graph":[{"@type":"WebPage","@id":"https:\/\/floratiara.com\/p\/romantic-floral-wedding-headpiece\/","url":"https:\/\/floratiara.com\/p\/romantic-floral-wedding-headpiece\/","name":"Enchanted Garden Braut-Bl\u00fctenkrone - Flora Tiara","isPartOf":{"@id":"https:\/\/floratiara.com\/#website"},"primaryImageOfPage":{"@id":"https:\/\/floratiara.com\/p\/romantic-floral-wedding-headpiece\/#primaryimage"},"image":{"@id":"https:\/\/floratiara.com\/p\/romantic-floral-wedding-headpiece\/#primaryimage"},"thumbnailUrl":"https:\/\/floratiara.com\/wp-content\/uploads\/2024\/03\/H6faacd821a7c4569b6ac21922e135f8dO.webp","datePublished":"2024-03-16T09:40:13+00:00","dateModified":"2024-12-12T01:46:05+00:00","description":"Einzigartig und wundersch\u00f6n: Kaufen Sie unsere Enchanted Garden Brautblumenkrone. Premium-Qualit\u00e4t Kopfbedeckung, um den Anlass unvergesslich zu machen.","breadcrumb":{"@id":"https:\/\/floratiara.com\/p\/romantic-floral-wedding-headpiece\/#breadcrumb"},"inLanguage":"de-CH","potentialAction":[{"@type":"ReadAction","target":["https:\/\/floratiara.com\/p\/romantic-floral-wedding-headpiece\/"]}]},{"@type":"ImageObject","inLanguage":"de-CH","@id":"https:\/\/floratiara.com\/p\/romantic-floral-wedding-headpiece\/#primaryimage","url":"https:\/\/floratiara.com\/wp-content\/uploads\/2024\/03\/H6faacd821a7c4569b6ac21922e135f8dO.webp","contentUrl":"https:\/\/floratiara.com\/wp-content\/uploads\/2024\/03\/H6faacd821a7c4569b6ac21922e135f8dO.webp","width":1000,"height":1000},{"@type":"BreadcrumbList","@id":"https:\/\/floratiara.com\/p\/romantic-floral-wedding-headpiece\/#breadcrumb","itemListElement":[{"@type":"ListItem","position":1,"name":"Home","item":"https:\/\/floratiara.com\/"},{"@type":"ListItem","position":2,"name":"Shop","item":"https:\/\/floratiara.com\/shop\/"},{"@type":"ListItem","position":3,"name":"Enchanted Garden Bridal Flower Crown"}]},{"@type":"WebSite","@id":"https:\/\/floratiara.com\/#website","url":"https:\/\/floratiara.com\/","name":"Flora Tiara","description":"","publisher":{"@id":"https:\/\/floratiara.com\/#organization"},"potentialAction":[{"@type":"SearchAction","target":{"@type":"EntryPoint","urlTemplate":"https:\/\/floratiara.com\/?s={search_term_string}"},"query-input":{"@type":"PropertyValueSpecification","valueRequired":true,"valueName":"search_term_string"}}],"inLanguage":"de-CH"},{"@type":"Organization","@id":"https:\/\/floratiara.com\/#organization","name":"Flora Tiara","url":"https:\/\/floratiara.com\/","logo":{"@type":"ImageObject","inLanguage":"de-CH","@id":"https:\/\/floratiara.com\/#\/schema\/logo\/image\/","url":"https:\/\/floratiara.com\/wp-content\/uploads\/2024\/03\/flora-tiara-logo.png","contentUrl":"https:\/\/floratiara.com\/wp-content\/uploads\/2024\/03\/flora-tiara-logo.png","width":1024,"height":274,"caption":"Flora Tiara"},"image":{"@id":"https:\/\/floratiara.com\/#\/schema\/logo\/image\/"}}]}},"_links":{"self":[{"href":"https:\/\/floratiara.com\/ch\/wp-json\/wp\/v2\/product\/289","targetHints":{"allow":["GET"]}}],"collection":[{"href":"https:\/\/floratiara.com\/ch\/wp-json\/wp\/v2\/product"}],"about":[{"href":"https:\/\/floratiara.com\/ch\/wp-json\/wp\/v2\/types\/product"}],"wp:featuredmedia":[{"embeddable":true,"href":"https:\/\/floratiara.com\/ch\/wp-json\/wp\/v2\/media\/288"}],"wp:attachment":[{"href":"https:\/\/floratiara.com\/ch\/wp-json\/wp\/v2\/media?parent=289"}],"wp:term":[{"taxonomy":"product_brand","embeddable":true,"href":"https:\/\/floratiara.com\/ch\/wp-json\/wp\/v2\/product_brand?post=289"},{"taxonomy":"product_cat","embeddable":true,"href":"https:\/\/floratiara.com\/ch\/wp-json\/wp\/v2\/product_cat?post=289"},{"taxonomy":"product_tag","embeddable":true,"href":"https:\/\/floratiara.com\/ch\/wp-json\/wp\/v2\/product_tag?post=289"}],"curies":[{"name":"wp","href":"https:\/\/api.w.org\/{rel}","templated":true}]}}