{"id":53,"date":"2024-03-16T06:42:40","date_gmt":"2024-03-16T06:42:40","guid":{"rendered":"https:\/\/floratiara.com\/?post_type=product&#038;p=53"},"modified":"2024-12-12T01:49:40","modified_gmt":"2024-12-12T01:49:40","slug":"blumenstirnband-fur-die-braut-eleganz","status":"publish","type":"product","link":"https:\/\/floratiara.com\/ch\/p\/blumenstirnband-fur-die-braut-eleganz\/","title":{"rendered":"Bezaubernde Sylvan Grace Blumenkrone Kopfbedeckung"},"content":{"rendered":"<p>Erh\u00f6hen Sie Ihren besonderen Tag mit unserer Sylvan Grace Blumenkrone, wo Romantik auf die Sch\u00f6nheit der Natur trifft. Dieser ma\u00dfgeschneiderte Kopfschmuck schm\u00fcckt Ihre Locken mit einer Mischung aus zartrosa und cremefarbenen Rosen, umgeben von makellosen wei\u00dfen Bl\u00fcten. Gelb schimmernder Schleierkraut unterstreicht das Design, w\u00e4hrend gr\u00fcnes Laub eine Geschichte der Frische webt. Diese verstellbare Krone passt sich jeder Frisur und jedem Alter an und ist nicht nur ein Accessoire, sondern auch ein Blickfang auf Hochzeiten und Partys. Tauchen Sie ein in den Charme der Blumenkunst und machen Sie Ihre Momente unvergesslich mit dieser exquisiten Blumenkrone.<\/p><p>Zusammensetzung: blassrosa Rosen, cremefarbene Rosen, wei\u00dfe Blumen, gelber Schleierkraut, gr\u00fcne Bl\u00e4tter.<\/p>","protected":false},"excerpt":{"rendered":"<div style=\"width: 90%;text-align: left;margin: auto\"><p style=\"text-align:center\"><b>\ud83d\udc51 Von unseren H\u00e4nden zu deinem Kopf<\/b><br \/><i>Luxuri\u00f6se Blumenkr\u00e4nze f\u00fcr jeden Anlass<\/i><\/p><ul><li>\u2702\ufe0f Mit Sorgfalt hergestellt im Herzen von <b>Schweiz<\/b><\/li><li><b>\ud83d\udc90 Zusammensetzung: blassrosa Rosen, cremefarbene Rosen, wei\u00dfe Blumen, gelber Schleierkraut, gr\u00fcne Bl\u00e4tter.<\/b><\/li><\/ul><\/div>","protected":false},"featured_media":52,"template":"","meta":[],"product_brand":[],"product_cat":[61,59,71],"product_tag":[],"class_list":{"0":"post-53","1":"product","2":"type-product","3":"status-publish","4":"has-post-thumbnail","6":"product_cat-bridesmaid-floral-headpiece","7":"product_cat-bridal-floral-headpiece","8":"product_cat-white-floral-headpiece","10":"first","11":"instock","12":"shipping-taxable","13":"purchasable","14":"product-type-simple"},"yoast_head":"<!-- This site is optimized with the Yoast SEO plugin v25.9 - https:\/\/yoast.com\/wordpress\/plugins\/seo\/ -->\n<title>Enchanting Sylvan Grace Flower Crown Headpiece - Flora Tiara<\/title>\n<meta name=\"description\" content=\"Unique and beautiful: Shop our Enchanting Sylvan Grace Flower Crown Headpiece. Premium high quality headpiece to make the occasion unforgettable.\" \/>\n<meta name=\"robots\" content=\"index, follow, max-snippet:-1, max-image-preview:large, max-video-preview:-1\" \/>\n<link rel=\"canonical\" href=\"https:\/\/floratiara.com\/ch\/p\/blumenstirnband-fur-die-braut-eleganz\/\" \/>\n<meta property=\"og:locale\" content=\"de_DE\" \/>\n<meta property=\"og:type\" content=\"article\" \/>\n<meta property=\"og:title\" content=\"Enchanting Sylvan Grace Flower Crown Headpiece - Flora Tiara\" \/>\n<meta property=\"og:description\" content=\"Unique and beautiful: Shop our Enchanting Sylvan Grace Flower Crown Headpiece. Premium high quality headpiece to make the occasion unforgettable.\" \/>\n<meta property=\"og:url\" content=\"https:\/\/floratiara.com\/ch\/p\/blumenstirnband-fur-die-braut-eleganz\/\" \/>\n<meta property=\"og:site_name\" content=\"Flora Tiara\" \/>\n<meta property=\"article:modified_time\" content=\"2024-12-12T01:49:40+00:00\" \/>\n<meta property=\"og:image\" content=\"https:\/\/floratiara.com\/wp-content\/uploads\/2024\/03\/S3e7b522103bb48abb3b00bc39c13bd8b8.webp\" \/>\n\t<meta property=\"og:image:width\" content=\"1500\" \/>\n\t<meta property=\"og:image:height\" content=\"1500\" \/>\n\t<meta property=\"og:image:type\" content=\"image\/webp\" \/>\n<meta name=\"twitter:card\" content=\"summary_large_image\" \/>\n<meta name=\"twitter:label1\" content=\"Gesch\u00e4tzte Lesezeit\" \/>\n\t<meta name=\"twitter:data1\" content=\"1\u00a0Minute\" \/>\n<script type=\"application\/ld+json\" class=\"yoast-schema-graph\">{\"@context\":\"https:\/\/schema.org\",\"@graph\":[{\"@type\":\"WebPage\",\"@id\":\"https:\/\/floratiara.com\/p\/bridal-floral-headband-elegance\/\",\"url\":\"https:\/\/floratiara.com\/p\/bridal-floral-headband-elegance\/\",\"name\":\"Enchanting Sylvan Grace Flower Crown Headpiece - Flora Tiara\",\"isPartOf\":{\"@id\":\"https:\/\/floratiara.com\/#website\"},\"primaryImageOfPage\":{\"@id\":\"https:\/\/floratiara.com\/p\/bridal-floral-headband-elegance\/#primaryimage\"},\"image\":{\"@id\":\"https:\/\/floratiara.com\/p\/bridal-floral-headband-elegance\/#primaryimage\"},\"thumbnailUrl\":\"https:\/\/floratiara.com\/wp-content\/uploads\/2024\/03\/S3e7b522103bb48abb3b00bc39c13bd8b8.webp\",\"datePublished\":\"2024-03-16T06:42:40+00:00\",\"dateModified\":\"2024-12-12T01:49:40+00:00\",\"description\":\"Unique and beautiful: Shop our Enchanting Sylvan Grace Flower Crown Headpiece. Premium high quality headpiece to make the occasion unforgettable.\",\"breadcrumb\":{\"@id\":\"https:\/\/floratiara.com\/p\/bridal-floral-headband-elegance\/#breadcrumb\"},\"inLanguage\":\"de-CH\",\"potentialAction\":[{\"@type\":\"ReadAction\",\"target\":[\"https:\/\/floratiara.com\/p\/bridal-floral-headband-elegance\/\"]}]},{\"@type\":\"ImageObject\",\"inLanguage\":\"de-CH\",\"@id\":\"https:\/\/floratiara.com\/p\/bridal-floral-headband-elegance\/#primaryimage\",\"url\":\"https:\/\/floratiara.com\/wp-content\/uploads\/2024\/03\/S3e7b522103bb48abb3b00bc39c13bd8b8.webp\",\"contentUrl\":\"https:\/\/floratiara.com\/wp-content\/uploads\/2024\/03\/S3e7b522103bb48abb3b00bc39c13bd8b8.webp\",\"width\":1500,\"height\":1500},{\"@type\":\"BreadcrumbList\",\"@id\":\"https:\/\/floratiara.com\/p\/bridal-floral-headband-elegance\/#breadcrumb\",\"itemListElement\":[{\"@type\":\"ListItem\",\"position\":1,\"name\":\"Home\",\"item\":\"https:\/\/floratiara.com\/\"},{\"@type\":\"ListItem\",\"position\":2,\"name\":\"Shop\",\"item\":\"https:\/\/floratiara.com\/shop\/\"},{\"@type\":\"ListItem\",\"position\":3,\"name\":\"Enchanting Sylvan Grace Flower Crown Headpiece\"}]},{\"@type\":\"WebSite\",\"@id\":\"https:\/\/floratiara.com\/#website\",\"url\":\"https:\/\/floratiara.com\/\",\"name\":\"Flora Tiara\",\"description\":\"\",\"publisher\":{\"@id\":\"https:\/\/floratiara.com\/#organization\"},\"potentialAction\":[{\"@type\":\"SearchAction\",\"target\":{\"@type\":\"EntryPoint\",\"urlTemplate\":\"https:\/\/floratiara.com\/?s={search_term_string}\"},\"query-input\":{\"@type\":\"PropertyValueSpecification\",\"valueRequired\":true,\"valueName\":\"search_term_string\"}}],\"inLanguage\":\"de-CH\"},{\"@type\":\"Organization\",\"@id\":\"https:\/\/floratiara.com\/#organization\",\"name\":\"Flora Tiara\",\"url\":\"https:\/\/floratiara.com\/\",\"logo\":{\"@type\":\"ImageObject\",\"inLanguage\":\"de-CH\",\"@id\":\"https:\/\/floratiara.com\/#\/schema\/logo\/image\/\",\"url\":\"https:\/\/floratiara.com\/wp-content\/uploads\/2024\/03\/flora-tiara-logo.png\",\"contentUrl\":\"https:\/\/floratiara.com\/wp-content\/uploads\/2024\/03\/flora-tiara-logo.png\",\"width\":1024,\"height\":274,\"caption\":\"Flora Tiara\"},\"image\":{\"@id\":\"https:\/\/floratiara.com\/#\/schema\/logo\/image\/\"}}]}<\/script>\n<!-- \/ Yoast SEO plugin. -->","yoast_head_json":{"title":"Bezaubernde Sylvan Grace Blumenkrone Kopfst\u00fcck - Flora Tiara","description":"Einzigartig und wundersch\u00f6n: Kaufen Sie unser bezauberndes Sylvan Grace Flower Crown Headpiece. Hochwertiger Kopfschmuck, der den Anlass unvergesslich macht.","robots":{"index":"index","follow":"follow","max-snippet":"max-snippet:-1","max-image-preview":"max-image-preview:large","max-video-preview":"max-video-preview:-1"},"canonical":"https:\/\/floratiara.com\/ch\/p\/blumenstirnband-fur-die-braut-eleganz\/","og_locale":"de_DE","og_type":"article","og_title":"Enchanting Sylvan Grace Flower Crown Headpiece - Flora Tiara","og_description":"Unique and beautiful: Shop our Enchanting Sylvan Grace Flower Crown Headpiece. Premium high quality headpiece to make the occasion unforgettable.","og_url":"https:\/\/floratiara.com\/ch\/p\/blumenstirnband-fur-die-braut-eleganz\/","og_site_name":"Flora Tiara","article_modified_time":"2024-12-12T01:49:40+00:00","og_image":[{"width":1500,"height":1500,"url":"https:\/\/floratiara.com\/wp-content\/uploads\/2024\/03\/S3e7b522103bb48abb3b00bc39c13bd8b8.webp","type":"image\/webp"}],"twitter_card":"summary_large_image","twitter_misc":{"Gesch\u00e4tzte Lesezeit":"1\u00a0Minute"},"schema":{"@context":"https:\/\/schema.org","@graph":[{"@type":"WebPage","@id":"https:\/\/floratiara.com\/p\/bridal-floral-headband-elegance\/","url":"https:\/\/floratiara.com\/p\/bridal-floral-headband-elegance\/","name":"Bezaubernde Sylvan Grace Blumenkrone Kopfst\u00fcck - Flora Tiara","isPartOf":{"@id":"https:\/\/floratiara.com\/#website"},"primaryImageOfPage":{"@id":"https:\/\/floratiara.com\/p\/bridal-floral-headband-elegance\/#primaryimage"},"image":{"@id":"https:\/\/floratiara.com\/p\/bridal-floral-headband-elegance\/#primaryimage"},"thumbnailUrl":"https:\/\/floratiara.com\/wp-content\/uploads\/2024\/03\/S3e7b522103bb48abb3b00bc39c13bd8b8.webp","datePublished":"2024-03-16T06:42:40+00:00","dateModified":"2024-12-12T01:49:40+00:00","description":"Einzigartig und wundersch\u00f6n: Kaufen Sie unser bezauberndes Sylvan Grace Flower Crown Headpiece. Hochwertiger Kopfschmuck, der den Anlass unvergesslich macht.","breadcrumb":{"@id":"https:\/\/floratiara.com\/p\/bridal-floral-headband-elegance\/#breadcrumb"},"inLanguage":"de-CH","potentialAction":[{"@type":"ReadAction","target":["https:\/\/floratiara.com\/p\/bridal-floral-headband-elegance\/"]}]},{"@type":"ImageObject","inLanguage":"de-CH","@id":"https:\/\/floratiara.com\/p\/bridal-floral-headband-elegance\/#primaryimage","url":"https:\/\/floratiara.com\/wp-content\/uploads\/2024\/03\/S3e7b522103bb48abb3b00bc39c13bd8b8.webp","contentUrl":"https:\/\/floratiara.com\/wp-content\/uploads\/2024\/03\/S3e7b522103bb48abb3b00bc39c13bd8b8.webp","width":1500,"height":1500},{"@type":"BreadcrumbList","@id":"https:\/\/floratiara.com\/p\/bridal-floral-headband-elegance\/#breadcrumb","itemListElement":[{"@type":"ListItem","position":1,"name":"Home","item":"https:\/\/floratiara.com\/"},{"@type":"ListItem","position":2,"name":"Shop","item":"https:\/\/floratiara.com\/shop\/"},{"@type":"ListItem","position":3,"name":"Enchanting Sylvan Grace Flower Crown Headpiece"}]},{"@type":"WebSite","@id":"https:\/\/floratiara.com\/#website","url":"https:\/\/floratiara.com\/","name":"Flora Tiara","description":"","publisher":{"@id":"https:\/\/floratiara.com\/#organization"},"potentialAction":[{"@type":"SearchAction","target":{"@type":"EntryPoint","urlTemplate":"https:\/\/floratiara.com\/?s={search_term_string}"},"query-input":{"@type":"PropertyValueSpecification","valueRequired":true,"valueName":"search_term_string"}}],"inLanguage":"de-CH"},{"@type":"Organization","@id":"https:\/\/floratiara.com\/#organization","name":"Flora Tiara","url":"https:\/\/floratiara.com\/","logo":{"@type":"ImageObject","inLanguage":"de-CH","@id":"https:\/\/floratiara.com\/#\/schema\/logo\/image\/","url":"https:\/\/floratiara.com\/wp-content\/uploads\/2024\/03\/flora-tiara-logo.png","contentUrl":"https:\/\/floratiara.com\/wp-content\/uploads\/2024\/03\/flora-tiara-logo.png","width":1024,"height":274,"caption":"Flora Tiara"},"image":{"@id":"https:\/\/floratiara.com\/#\/schema\/logo\/image\/"}}]}},"_links":{"self":[{"href":"https:\/\/floratiara.com\/ch\/wp-json\/wp\/v2\/product\/53","targetHints":{"allow":["GET"]}}],"collection":[{"href":"https:\/\/floratiara.com\/ch\/wp-json\/wp\/v2\/product"}],"about":[{"href":"https:\/\/floratiara.com\/ch\/wp-json\/wp\/v2\/types\/product"}],"wp:featuredmedia":[{"embeddable":true,"href":"https:\/\/floratiara.com\/ch\/wp-json\/wp\/v2\/media\/52"}],"wp:attachment":[{"href":"https:\/\/floratiara.com\/ch\/wp-json\/wp\/v2\/media?parent=53"}],"wp:term":[{"taxonomy":"product_brand","embeddable":true,"href":"https:\/\/floratiara.com\/ch\/wp-json\/wp\/v2\/product_brand?post=53"},{"taxonomy":"product_cat","embeddable":true,"href":"https:\/\/floratiara.com\/ch\/wp-json\/wp\/v2\/product_cat?post=53"},{"taxonomy":"product_tag","embeddable":true,"href":"https:\/\/floratiara.com\/ch\/wp-json\/wp\/v2\/product_tag?post=53"}],"curies":[{"name":"wp","href":"https:\/\/api.w.org\/{rel}","templated":true}]}}