{"id":619,"date":"2024-03-16T10:24:44","date_gmt":"2024-03-16T10:24:44","guid":{"rendered":"https:\/\/floratiara.com\/?post_type=product&#038;p=619"},"modified":"2025-07-22T03:50:46","modified_gmt":"2025-07-22T03:50:46","slug":"hochzeit-blumenhaarband-elegantes-accessoire","status":"publish","type":"product","link":"https:\/\/floratiara.com\/ch\/p\/hochzeit-blumenhaarband-elegantes-accessoire\/","title":{"rendered":"Brautbl\u00fctenkrone Pfingstrose Hortensienlaub"},"content":{"rendered":"<p>Verwandeln Sie Ihren besonderen Tag mit unserer bezaubernden Brautblumenkrone, die aus makellosen k\u00fcnstlichen Pfingstrosen in Wei\u00df- und Pfirsicht\u00f6nen besteht, die mit gr\u00fcnen Hortensienknospen und \u00fcppigem Laub akzentuiert sind. Dieser elegante Kopfschmuck ist perfekt f\u00fcr Hochzeiten und verleiht jedem Brautlook einen m\u00e4rchenhaften Touch. Die sorgf\u00e4ltig von Hand gefertigten Bl\u00fctenbl\u00e4tter sorgen daf\u00fcr, dass Ihre Krone ihre Sch\u00f6nheit beh\u00e4lt und f\u00fcr einen frischen, dauerhaften Look sorgt. Ob mit flie\u00dfenden Locken oder einer schicken Hochsteckfrisur, diese Blumenkrone ist eine bezaubernde Wahl, um Ihr Ensemble aufzuwerten und einen bleibenden Eindruck bei Ihrem bedeutsamen Anlass zu hinterlassen.<\/p><p>Zusammensetzung: wei\u00dfe und pfirsichfarbene k\u00fcnstliche Pfingstrosen, gr\u00fcne Hortensienknospen, gr\u00fcnes Laub.<\/p>","protected":false},"excerpt":{"rendered":"<div style=\"width: 90%;text-align: left;margin: auto\"><p style=\"text-align:center\"><b>\ud83d\udc51 Von unseren H\u00e4nden zu deinem Kopf<\/b><br \/><i>Luxuri\u00f6se Blumenkr\u00e4nze f\u00fcr jeden Anlass<\/i><\/p><ul><li>\u2702\ufe0f Mit Sorgfalt hergestellt im Herzen von <b>Schweiz<\/b><\/li><li><b>\ud83d\udc90 Zusammensetzung: wei\u00dfe und pfirsichfarbene k\u00fcnstliche Pfingstrosen, gr\u00fcne Hortensienknospen, gr\u00fcnes Laub.<\/b><\/li><\/ul><\/div>","protected":false},"featured_media":618,"template":"","meta":[],"product_brand":[],"product_cat":[68],"product_tag":[],"class_list":{"0":"post-619","1":"product","2":"type-product","3":"status-publish","4":"has-post-thumbnail","6":"product_cat-floral-headpiece-headband","8":"first","9":"instock","10":"shipping-taxable","11":"purchasable","12":"product-type-simple"},"yoast_head":"<!-- This site is optimized with the Yoast SEO plugin v25.9 - https:\/\/yoast.com\/wordpress\/plugins\/seo\/ -->\n<title>Bridal Flower Crown Peony Hydrangea Foliage - Flora Tiara<\/title>\n<meta name=\"description\" content=\"Unique and beautiful: Shop our Bridal Flower Crown Peony Hydrangea Foliage. Premium high quality headpiece to make the occasion unforgettable.\" \/>\n<meta name=\"robots\" content=\"index, follow, max-snippet:-1, max-image-preview:large, max-video-preview:-1\" \/>\n<link rel=\"canonical\" href=\"https:\/\/floratiara.com\/ch\/p\/hochzeit-blumenhaarband-elegantes-accessoire\/\" \/>\n<meta property=\"og:locale\" content=\"de_DE\" \/>\n<meta property=\"og:type\" content=\"article\" \/>\n<meta property=\"og:title\" content=\"Bridal Flower Crown Peony Hydrangea Foliage - Flora Tiara\" \/>\n<meta property=\"og:description\" content=\"Unique and beautiful: Shop our Bridal Flower Crown Peony Hydrangea Foliage. Premium high quality headpiece to make the occasion unforgettable.\" \/>\n<meta property=\"og:url\" content=\"https:\/\/floratiara.com\/ch\/p\/hochzeit-blumenhaarband-elegantes-accessoire\/\" \/>\n<meta property=\"og:site_name\" content=\"Flora Tiara\" \/>\n<meta property=\"article:modified_time\" content=\"2025-07-22T03:50:46+00:00\" \/>\n<meta property=\"og:image\" content=\"https:\/\/floratiara.com\/wp-content\/uploads\/2024\/03\/Se4624defb8744d6abc7c0205c6ad31b96.webp\" \/>\n\t<meta property=\"og:image:width\" content=\"1000\" \/>\n\t<meta property=\"og:image:height\" content=\"1000\" \/>\n\t<meta property=\"og:image:type\" content=\"image\/webp\" \/>\n<meta name=\"twitter:card\" content=\"summary_large_image\" \/>\n<meta name=\"twitter:label1\" content=\"Gesch\u00e4tzte Lesezeit\" \/>\n\t<meta name=\"twitter:data1\" content=\"1\u00a0Minute\" \/>\n<script type=\"application\/ld+json\" class=\"yoast-schema-graph\">{\"@context\":\"https:\/\/schema.org\",\"@graph\":[{\"@type\":\"WebPage\",\"@id\":\"https:\/\/floratiara.com\/p\/wedding-floral-hairband-elegant-accessory\/\",\"url\":\"https:\/\/floratiara.com\/p\/wedding-floral-hairband-elegant-accessory\/\",\"name\":\"Bridal Flower Crown Peony Hydrangea Foliage - Flora Tiara\",\"isPartOf\":{\"@id\":\"https:\/\/floratiara.com\/#website\"},\"primaryImageOfPage\":{\"@id\":\"https:\/\/floratiara.com\/p\/wedding-floral-hairband-elegant-accessory\/#primaryimage\"},\"image\":{\"@id\":\"https:\/\/floratiara.com\/p\/wedding-floral-hairband-elegant-accessory\/#primaryimage\"},\"thumbnailUrl\":\"https:\/\/floratiara.com\/wp-content\/uploads\/2024\/03\/Se4624defb8744d6abc7c0205c6ad31b96.webp\",\"datePublished\":\"2024-03-16T10:24:44+00:00\",\"dateModified\":\"2025-07-22T03:50:46+00:00\",\"description\":\"Unique and beautiful: Shop our Bridal Flower Crown Peony Hydrangea Foliage. Premium high quality headpiece to make the occasion unforgettable.\",\"breadcrumb\":{\"@id\":\"https:\/\/floratiara.com\/p\/wedding-floral-hairband-elegant-accessory\/#breadcrumb\"},\"inLanguage\":\"de-CH\",\"potentialAction\":[{\"@type\":\"ReadAction\",\"target\":[\"https:\/\/floratiara.com\/p\/wedding-floral-hairband-elegant-accessory\/\"]}]},{\"@type\":\"ImageObject\",\"inLanguage\":\"de-CH\",\"@id\":\"https:\/\/floratiara.com\/p\/wedding-floral-hairband-elegant-accessory\/#primaryimage\",\"url\":\"https:\/\/floratiara.com\/wp-content\/uploads\/2024\/03\/Se4624defb8744d6abc7c0205c6ad31b96.webp\",\"contentUrl\":\"https:\/\/floratiara.com\/wp-content\/uploads\/2024\/03\/Se4624defb8744d6abc7c0205c6ad31b96.webp\",\"width\":1000,\"height\":1000},{\"@type\":\"BreadcrumbList\",\"@id\":\"https:\/\/floratiara.com\/p\/wedding-floral-hairband-elegant-accessory\/#breadcrumb\",\"itemListElement\":[{\"@type\":\"ListItem\",\"position\":1,\"name\":\"Home\",\"item\":\"https:\/\/floratiara.com\/\"},{\"@type\":\"ListItem\",\"position\":2,\"name\":\"Shop\",\"item\":\"https:\/\/floratiara.com\/shop\/\"},{\"@type\":\"ListItem\",\"position\":3,\"name\":\"Bridal Flower Crown Peony Hydrangea Foliage\"}]},{\"@type\":\"WebSite\",\"@id\":\"https:\/\/floratiara.com\/#website\",\"url\":\"https:\/\/floratiara.com\/\",\"name\":\"Flora Tiara\",\"description\":\"\",\"publisher\":{\"@id\":\"https:\/\/floratiara.com\/#organization\"},\"potentialAction\":[{\"@type\":\"SearchAction\",\"target\":{\"@type\":\"EntryPoint\",\"urlTemplate\":\"https:\/\/floratiara.com\/?s={search_term_string}\"},\"query-input\":{\"@type\":\"PropertyValueSpecification\",\"valueRequired\":true,\"valueName\":\"search_term_string\"}}],\"inLanguage\":\"de-CH\"},{\"@type\":\"Organization\",\"@id\":\"https:\/\/floratiara.com\/#organization\",\"name\":\"Flora Tiara\",\"url\":\"https:\/\/floratiara.com\/\",\"logo\":{\"@type\":\"ImageObject\",\"inLanguage\":\"de-CH\",\"@id\":\"https:\/\/floratiara.com\/#\/schema\/logo\/image\/\",\"url\":\"https:\/\/floratiara.com\/wp-content\/uploads\/2024\/03\/flora-tiara-logo.png\",\"contentUrl\":\"https:\/\/floratiara.com\/wp-content\/uploads\/2024\/03\/flora-tiara-logo.png\",\"width\":1024,\"height\":274,\"caption\":\"Flora Tiara\"},\"image\":{\"@id\":\"https:\/\/floratiara.com\/#\/schema\/logo\/image\/\"}}]}<\/script>\n<!-- \/ Yoast SEO plugin. -->","yoast_head_json":{"title":"Brautblumen-Krone Pfingstrose Hortensie Laub - Flora Tiara","description":"Einzigartig und sch\u00f6n: Kaufen Sie unsere Brautblumenkrone Pfingstrose Hortensie Laub. Premium-Qualit\u00e4t Kopfbedeckung, um den Anlass unvergesslich zu machen.","robots":{"index":"index","follow":"follow","max-snippet":"max-snippet:-1","max-image-preview":"max-image-preview:large","max-video-preview":"max-video-preview:-1"},"canonical":"https:\/\/floratiara.com\/ch\/p\/hochzeit-blumenhaarband-elegantes-accessoire\/","og_locale":"de_DE","og_type":"article","og_title":"Bridal Flower Crown Peony Hydrangea Foliage - Flora Tiara","og_description":"Unique and beautiful: Shop our Bridal Flower Crown Peony Hydrangea Foliage. Premium high quality headpiece to make the occasion unforgettable.","og_url":"https:\/\/floratiara.com\/ch\/p\/hochzeit-blumenhaarband-elegantes-accessoire\/","og_site_name":"Flora Tiara","article_modified_time":"2025-07-22T03:50:46+00:00","og_image":[{"width":1000,"height":1000,"url":"https:\/\/floratiara.com\/wp-content\/uploads\/2024\/03\/Se4624defb8744d6abc7c0205c6ad31b96.webp","type":"image\/webp"}],"twitter_card":"summary_large_image","twitter_misc":{"Gesch\u00e4tzte Lesezeit":"1\u00a0Minute"},"schema":{"@context":"https:\/\/schema.org","@graph":[{"@type":"WebPage","@id":"https:\/\/floratiara.com\/p\/wedding-floral-hairband-elegant-accessory\/","url":"https:\/\/floratiara.com\/p\/wedding-floral-hairband-elegant-accessory\/","name":"Brautblumen-Krone Pfingstrose Hortensie Laub - Flora Tiara","isPartOf":{"@id":"https:\/\/floratiara.com\/#website"},"primaryImageOfPage":{"@id":"https:\/\/floratiara.com\/p\/wedding-floral-hairband-elegant-accessory\/#primaryimage"},"image":{"@id":"https:\/\/floratiara.com\/p\/wedding-floral-hairband-elegant-accessory\/#primaryimage"},"thumbnailUrl":"https:\/\/floratiara.com\/wp-content\/uploads\/2024\/03\/Se4624defb8744d6abc7c0205c6ad31b96.webp","datePublished":"2024-03-16T10:24:44+00:00","dateModified":"2025-07-22T03:50:46+00:00","description":"Einzigartig und sch\u00f6n: Kaufen Sie unsere Brautblumenkrone Pfingstrose Hortensie Laub. Premium-Qualit\u00e4t Kopfbedeckung, um den Anlass unvergesslich zu machen.","breadcrumb":{"@id":"https:\/\/floratiara.com\/p\/wedding-floral-hairband-elegant-accessory\/#breadcrumb"},"inLanguage":"de-CH","potentialAction":[{"@type":"ReadAction","target":["https:\/\/floratiara.com\/p\/wedding-floral-hairband-elegant-accessory\/"]}]},{"@type":"ImageObject","inLanguage":"de-CH","@id":"https:\/\/floratiara.com\/p\/wedding-floral-hairband-elegant-accessory\/#primaryimage","url":"https:\/\/floratiara.com\/wp-content\/uploads\/2024\/03\/Se4624defb8744d6abc7c0205c6ad31b96.webp","contentUrl":"https:\/\/floratiara.com\/wp-content\/uploads\/2024\/03\/Se4624defb8744d6abc7c0205c6ad31b96.webp","width":1000,"height":1000},{"@type":"BreadcrumbList","@id":"https:\/\/floratiara.com\/p\/wedding-floral-hairband-elegant-accessory\/#breadcrumb","itemListElement":[{"@type":"ListItem","position":1,"name":"Home","item":"https:\/\/floratiara.com\/"},{"@type":"ListItem","position":2,"name":"Shop","item":"https:\/\/floratiara.com\/shop\/"},{"@type":"ListItem","position":3,"name":"Bridal Flower Crown Peony Hydrangea Foliage"}]},{"@type":"WebSite","@id":"https:\/\/floratiara.com\/#website","url":"https:\/\/floratiara.com\/","name":"Flora Tiara","description":"","publisher":{"@id":"https:\/\/floratiara.com\/#organization"},"potentialAction":[{"@type":"SearchAction","target":{"@type":"EntryPoint","urlTemplate":"https:\/\/floratiara.com\/?s={search_term_string}"},"query-input":{"@type":"PropertyValueSpecification","valueRequired":true,"valueName":"search_term_string"}}],"inLanguage":"de-CH"},{"@type":"Organization","@id":"https:\/\/floratiara.com\/#organization","name":"Flora Tiara","url":"https:\/\/floratiara.com\/","logo":{"@type":"ImageObject","inLanguage":"de-CH","@id":"https:\/\/floratiara.com\/#\/schema\/logo\/image\/","url":"https:\/\/floratiara.com\/wp-content\/uploads\/2024\/03\/flora-tiara-logo.png","contentUrl":"https:\/\/floratiara.com\/wp-content\/uploads\/2024\/03\/flora-tiara-logo.png","width":1024,"height":274,"caption":"Flora Tiara"},"image":{"@id":"https:\/\/floratiara.com\/#\/schema\/logo\/image\/"}}]}},"_links":{"self":[{"href":"https:\/\/floratiara.com\/ch\/wp-json\/wp\/v2\/product\/619","targetHints":{"allow":["GET"]}}],"collection":[{"href":"https:\/\/floratiara.com\/ch\/wp-json\/wp\/v2\/product"}],"about":[{"href":"https:\/\/floratiara.com\/ch\/wp-json\/wp\/v2\/types\/product"}],"wp:featuredmedia":[{"embeddable":true,"href":"https:\/\/floratiara.com\/ch\/wp-json\/wp\/v2\/media\/618"}],"wp:attachment":[{"href":"https:\/\/floratiara.com\/ch\/wp-json\/wp\/v2\/media?parent=619"}],"wp:term":[{"taxonomy":"product_brand","embeddable":true,"href":"https:\/\/floratiara.com\/ch\/wp-json\/wp\/v2\/product_brand?post=619"},{"taxonomy":"product_cat","embeddable":true,"href":"https:\/\/floratiara.com\/ch\/wp-json\/wp\/v2\/product_cat?post=619"},{"taxonomy":"product_tag","embeddable":true,"href":"https:\/\/floratiara.com\/ch\/wp-json\/wp\/v2\/product_tag?post=619"}],"curies":[{"name":"wp","href":"https:\/\/api.w.org\/{rel}","templated":true}]}}