{"id":126,"date":"2024-03-16T06:53:36","date_gmt":"2024-03-16T06:53:36","guid":{"rendered":"https:\/\/floratiara.com\/?post_type=product&#038;p=126"},"modified":"2025-03-04T04:42:30","modified_gmt":"2025-03-04T04:42:30","slug":"celenka-z-kvetinoveho-vence","status":"publish","type":"product","link":"https:\/\/floratiara.com\/cs\/p\/celenka-z-kvetinoveho-vence\/","title":{"rendered":"Okouzluj\u00edc\u00ed kv\u011btinov\u00e1 \u010delenka pro \u017eeny"},"content":{"rendered":"<p>Vyzdvihn\u011bte sv\u016fj styl s na\u0161\u00ed kouzelnou kv\u011btinovou korunkou, kter\u00e1 je dokonal\u00fdm dopl\u0148kem ke ka\u017ed\u00e9mu svatebn\u00edmu nebo slavnostn\u00edmu oble\u010den\u00ed. P\u0159ekypuje kr\u00e1sou inspirovanou p\u0159\u00edrodou a obsahuje sm\u011bs \u010derven\u00fdch, \u017elut\u00fdch a v\u00ednov\u00fdch kv\u011bt\u016f dopln\u011bn\u00fdch jemn\u00fdmi b\u00edl\u00fdmi a kr\u00e9mov\u00fdmi kv\u011bty. Jemn\u00e1 zele\u0148 a \u017eiv\u00e9 \u017elut\u00e9 akcenty dod\u00e1vaj\u00ed divok\u00fd \u0161mrnc a zajist\u00ed, \u017ee vyniknete. Jeho nastaviteln\u00fd design zaji\u0161\u0165uje pohodln\u00e9 no\u0161en\u00ed pro v\u0161echny, tak\u017ee je ide\u00e1ln\u00ed na svatby, festivaly a speci\u00e1ln\u00ed ud\u00e1losti. P\u0159ijm\u011bte eleganci a \u0161arm - ozdobte sv\u00e9 vlasy t\u00edmto \u00fachvatn\u00fdm kv\u011btinov\u00fdm mistrovsk\u00fdm d\u00edlem a prom\u011b\u0148te se v bohyni, kterou m\u00e1te b\u00fdt.<\/p><p>Slo\u017een\u00ed: \u010derven\u00e9, \u017elut\u00e9 a v\u00ednov\u00e9 velk\u00e9 kv\u011bty (p\u0159ipom\u00ednaj\u00edc\u00ed m\u00e1k nebo sasanku), b\u00edl\u00e9 a kr\u00e9mov\u00e9 kv\u011bty (p\u0159ipom\u00ednaj\u00edc\u00ed kosmopolit nebo sedmikr\u00e1sku), mal\u00e9 r\u016f\u017eov\u00e9 kv\u011bty, modr\u00e9 zvonkovit\u00e9 kv\u011bty, zelen\u00e9 listy a \u017elut\u00e9 mal\u00e9 kv\u011bty s v\u00fdrazn\u00fdmi ty\u010dinkami.<\/p>","protected":false},"excerpt":{"rendered":"<div style=\"width: 90%;text-align: left;margin: auto\"><p style=\"text-align:center\"><b>\ud83d\udc51 Z na\u0161ich rukou do va\u0161\u00ed hlavy<\/b><br \/><i>Luxusn\u00ed kv\u011btinov\u00e9 koruny pro ka\u017edou p\u0159\u00edle\u017eitost<\/i><\/p><ul><li>\u2702\ufe0f Pe\u010dliv\u011b p\u0159ipraven\u00e9 v srdci m\u011bsta <b>\u010cesk\u00e1 republika<\/b><\/li><li><b>\ud83d\udc90 Slo\u017een\u00ed: \u010derven\u00e9, \u017elut\u00e9 a v\u00ednov\u00e9 velk\u00e9 kv\u011bty (p\u0159ipom\u00ednaj\u00edc\u00ed m\u00e1k nebo sasanku), b\u00edl\u00e9 a kr\u00e9mov\u00e9 kv\u011bty (p\u0159ipom\u00ednaj\u00edc\u00ed kosmatice nebo sedmikr\u00e1sky), mal\u00e9 r\u016f\u017eov\u00e9 kv\u011bty, modr\u00e9 zvonkovit\u00e9 kv\u011bty, zelen\u00e9 listy a \u017elut\u00e9 drobn\u00e9 kv\u011bty s v\u00fdrazn\u00fdmi ty\u010dinkami.<\/b><\/li><\/ul><\/div>","protected":false},"featured_media":125,"template":"","meta":[],"product_brand":[],"product_cat":[61,79,59],"product_tag":[],"class_list":{"0":"post-126","1":"product","2":"type-product","3":"status-publish","4":"has-post-thumbnail","6":"product_cat-bridesmaid-floral-headpiece","7":"product_cat-real-floral-headpiece","8":"product_cat-bridal-floral-headpiece","10":"first","11":"instock","12":"shipping-taxable","13":"purchasable","14":"product-type-simple"},"yoast_head":"<!-- This site is optimized with the Yoast SEO plugin v25.9 - https:\/\/yoast.com\/wordpress\/plugins\/seo\/ -->\n<title>Enchanted Floral Crown Headdress for Women - Flora Tiara<\/title>\n<meta name=\"description\" content=\"Unique and beautiful: Shop our Enchanted Floral Crown Headdress for Women. Premium high quality headpiece to make the occasion unforgettable.\" \/>\n<meta name=\"robots\" content=\"index, follow, max-snippet:-1, max-image-preview:large, max-video-preview:-1\" \/>\n<link rel=\"canonical\" href=\"https:\/\/floratiara.com\/cs\/p\/celenka-z-kvetinoveho-vence\/\" \/>\n<meta property=\"og:locale\" content=\"cs_CZ\" \/>\n<meta property=\"og:type\" content=\"article\" \/>\n<meta property=\"og:title\" content=\"Enchanted Floral Crown Headdress for Women - Flora Tiara\" \/>\n<meta property=\"og:description\" content=\"Unique and beautiful: Shop our Enchanted Floral Crown Headdress for Women. Premium high quality headpiece to make the occasion unforgettable.\" \/>\n<meta property=\"og:url\" content=\"https:\/\/floratiara.com\/cs\/p\/celenka-z-kvetinoveho-vence\/\" \/>\n<meta property=\"og:site_name\" content=\"Flora Tiara\" \/>\n<meta property=\"article:modified_time\" content=\"2025-03-04T04:42:30+00:00\" \/>\n<meta property=\"og:image\" content=\"https:\/\/floratiara.com\/wp-content\/uploads\/2024\/03\/H34c978fb24c24248b640951d76dd94a7E.webp\" \/>\n\t<meta property=\"og:image:width\" content=\"1500\" \/>\n\t<meta property=\"og:image:height\" content=\"1500\" \/>\n\t<meta property=\"og:image:type\" content=\"image\/webp\" \/>\n<meta name=\"twitter:card\" content=\"summary_large_image\" \/>\n<meta name=\"twitter:label1\" content=\"Odhadovan\u00e1 doba \u010dten\u00ed\" \/>\n\t<meta name=\"twitter:data1\" content=\"1 minuta\" \/>\n<script type=\"application\/ld+json\" class=\"yoast-schema-graph\">{\"@context\":\"https:\/\/schema.org\",\"@graph\":[{\"@type\":\"WebPage\",\"@id\":\"https:\/\/floratiara.com\/p\/bridal-floral-wreath-headband\/\",\"url\":\"https:\/\/floratiara.com\/p\/bridal-floral-wreath-headband\/\",\"name\":\"Enchanted Floral Crown Headdress for Women - Flora Tiara\",\"isPartOf\":{\"@id\":\"https:\/\/floratiara.com\/#website\"},\"primaryImageOfPage\":{\"@id\":\"https:\/\/floratiara.com\/p\/bridal-floral-wreath-headband\/#primaryimage\"},\"image\":{\"@id\":\"https:\/\/floratiara.com\/p\/bridal-floral-wreath-headband\/#primaryimage\"},\"thumbnailUrl\":\"https:\/\/floratiara.com\/wp-content\/uploads\/2024\/03\/H34c978fb24c24248b640951d76dd94a7E.webp\",\"datePublished\":\"2024-03-16T06:53:36+00:00\",\"dateModified\":\"2025-03-04T04:42:30+00:00\",\"description\":\"Unique and beautiful: Shop our Enchanted Floral Crown Headdress for Women. Premium high quality headpiece to make the occasion unforgettable.\",\"breadcrumb\":{\"@id\":\"https:\/\/floratiara.com\/p\/bridal-floral-wreath-headband\/#breadcrumb\"},\"inLanguage\":\"cs\",\"potentialAction\":[{\"@type\":\"ReadAction\",\"target\":[\"https:\/\/floratiara.com\/p\/bridal-floral-wreath-headband\/\"]}]},{\"@type\":\"ImageObject\",\"inLanguage\":\"cs\",\"@id\":\"https:\/\/floratiara.com\/p\/bridal-floral-wreath-headband\/#primaryimage\",\"url\":\"https:\/\/floratiara.com\/wp-content\/uploads\/2024\/03\/H34c978fb24c24248b640951d76dd94a7E.webp\",\"contentUrl\":\"https:\/\/floratiara.com\/wp-content\/uploads\/2024\/03\/H34c978fb24c24248b640951d76dd94a7E.webp\",\"width\":1500,\"height\":1500},{\"@type\":\"BreadcrumbList\",\"@id\":\"https:\/\/floratiara.com\/p\/bridal-floral-wreath-headband\/#breadcrumb\",\"itemListElement\":[{\"@type\":\"ListItem\",\"position\":1,\"name\":\"Home\",\"item\":\"https:\/\/floratiara.com\/\"},{\"@type\":\"ListItem\",\"position\":2,\"name\":\"Shop\",\"item\":\"https:\/\/floratiara.com\/shop\/\"},{\"@type\":\"ListItem\",\"position\":3,\"name\":\"Enchanted Floral Crown Headdress for Women\"}]},{\"@type\":\"WebSite\",\"@id\":\"https:\/\/floratiara.com\/#website\",\"url\":\"https:\/\/floratiara.com\/\",\"name\":\"Flora Tiara\",\"description\":\"\",\"publisher\":{\"@id\":\"https:\/\/floratiara.com\/#organization\"},\"potentialAction\":[{\"@type\":\"SearchAction\",\"target\":{\"@type\":\"EntryPoint\",\"urlTemplate\":\"https:\/\/floratiara.com\/?s={search_term_string}\"},\"query-input\":{\"@type\":\"PropertyValueSpecification\",\"valueRequired\":true,\"valueName\":\"search_term_string\"}}],\"inLanguage\":\"cs\"},{\"@type\":\"Organization\",\"@id\":\"https:\/\/floratiara.com\/#organization\",\"name\":\"Flora Tiara\",\"url\":\"https:\/\/floratiara.com\/\",\"logo\":{\"@type\":\"ImageObject\",\"inLanguage\":\"cs\",\"@id\":\"https:\/\/floratiara.com\/#\/schema\/logo\/image\/\",\"url\":\"https:\/\/floratiara.com\/wp-content\/uploads\/2024\/03\/flora-tiara-logo.png\",\"contentUrl\":\"https:\/\/floratiara.com\/wp-content\/uploads\/2024\/03\/flora-tiara-logo.png\",\"width\":1024,\"height\":274,\"caption\":\"Flora Tiara\"},\"image\":{\"@id\":\"https:\/\/floratiara.com\/#\/schema\/logo\/image\/\"}}]}<\/script>\n<!-- \/ Yoast SEO plugin. -->","yoast_head_json":{"title":"\u010carovn\u00e1 kv\u011btinov\u00e1 \u010delenka pro \u017eeny - Flora Tiara","description":"Jedine\u010dn\u00e9 a kr\u00e1sn\u00e9: Koupit si na\u0161i \u010delenku Enchanted Floral Crown Headdress for Women. Pr\u00e9miov\u00e1 \u010delenka vysok\u00e9 kvality, d\u00edky n\u00ed\u017e bude p\u0159\u00edle\u017eitost nezapomenuteln\u00e1.","robots":{"index":"index","follow":"follow","max-snippet":"max-snippet:-1","max-image-preview":"max-image-preview:large","max-video-preview":"max-video-preview:-1"},"canonical":"https:\/\/floratiara.com\/cs\/p\/celenka-z-kvetinoveho-vence\/","og_locale":"cs_CZ","og_type":"article","og_title":"Enchanted Floral Crown Headdress for Women - Flora Tiara","og_description":"Unique and beautiful: Shop our Enchanted Floral Crown Headdress for Women. Premium high quality headpiece to make the occasion unforgettable.","og_url":"https:\/\/floratiara.com\/cs\/p\/celenka-z-kvetinoveho-vence\/","og_site_name":"Flora Tiara","article_modified_time":"2025-03-04T04:42:30+00:00","og_image":[{"width":1500,"height":1500,"url":"https:\/\/floratiara.com\/wp-content\/uploads\/2024\/03\/H34c978fb24c24248b640951d76dd94a7E.webp","type":"image\/webp"}],"twitter_card":"summary_large_image","twitter_misc":{"Odhadovan\u00e1 doba \u010dten\u00ed":"1 minuta"},"schema":{"@context":"https:\/\/schema.org","@graph":[{"@type":"WebPage","@id":"https:\/\/floratiara.com\/p\/bridal-floral-wreath-headband\/","url":"https:\/\/floratiara.com\/p\/bridal-floral-wreath-headband\/","name":"\u010carovn\u00e1 kv\u011btinov\u00e1 \u010delenka pro \u017eeny - Flora Tiara","isPartOf":{"@id":"https:\/\/floratiara.com\/#website"},"primaryImageOfPage":{"@id":"https:\/\/floratiara.com\/p\/bridal-floral-wreath-headband\/#primaryimage"},"image":{"@id":"https:\/\/floratiara.com\/p\/bridal-floral-wreath-headband\/#primaryimage"},"thumbnailUrl":"https:\/\/floratiara.com\/wp-content\/uploads\/2024\/03\/H34c978fb24c24248b640951d76dd94a7E.webp","datePublished":"2024-03-16T06:53:36+00:00","dateModified":"2025-03-04T04:42:30+00:00","description":"Jedine\u010dn\u00e9 a kr\u00e1sn\u00e9: Koupit si na\u0161i \u010delenku Enchanted Floral Crown Headdress for Women. Pr\u00e9miov\u00e1 \u010delenka vysok\u00e9 kvality, d\u00edky n\u00ed\u017e bude p\u0159\u00edle\u017eitost nezapomenuteln\u00e1.","breadcrumb":{"@id":"https:\/\/floratiara.com\/p\/bridal-floral-wreath-headband\/#breadcrumb"},"inLanguage":"cs","potentialAction":[{"@type":"ReadAction","target":["https:\/\/floratiara.com\/p\/bridal-floral-wreath-headband\/"]}]},{"@type":"ImageObject","inLanguage":"cs","@id":"https:\/\/floratiara.com\/p\/bridal-floral-wreath-headband\/#primaryimage","url":"https:\/\/floratiara.com\/wp-content\/uploads\/2024\/03\/H34c978fb24c24248b640951d76dd94a7E.webp","contentUrl":"https:\/\/floratiara.com\/wp-content\/uploads\/2024\/03\/H34c978fb24c24248b640951d76dd94a7E.webp","width":1500,"height":1500},{"@type":"BreadcrumbList","@id":"https:\/\/floratiara.com\/p\/bridal-floral-wreath-headband\/#breadcrumb","itemListElement":[{"@type":"ListItem","position":1,"name":"Home","item":"https:\/\/floratiara.com\/"},{"@type":"ListItem","position":2,"name":"Shop","item":"https:\/\/floratiara.com\/shop\/"},{"@type":"ListItem","position":3,"name":"Enchanted Floral Crown Headdress for Women"}]},{"@type":"WebSite","@id":"https:\/\/floratiara.com\/#website","url":"https:\/\/floratiara.com\/","name":"Flora Tiara","description":"","publisher":{"@id":"https:\/\/floratiara.com\/#organization"},"potentialAction":[{"@type":"SearchAction","target":{"@type":"EntryPoint","urlTemplate":"https:\/\/floratiara.com\/?s={search_term_string}"},"query-input":{"@type":"PropertyValueSpecification","valueRequired":true,"valueName":"search_term_string"}}],"inLanguage":"cs"},{"@type":"Organization","@id":"https:\/\/floratiara.com\/#organization","name":"Flora Tiara","url":"https:\/\/floratiara.com\/","logo":{"@type":"ImageObject","inLanguage":"cs","@id":"https:\/\/floratiara.com\/#\/schema\/logo\/image\/","url":"https:\/\/floratiara.com\/wp-content\/uploads\/2024\/03\/flora-tiara-logo.png","contentUrl":"https:\/\/floratiara.com\/wp-content\/uploads\/2024\/03\/flora-tiara-logo.png","width":1024,"height":274,"caption":"Flora Tiara"},"image":{"@id":"https:\/\/floratiara.com\/#\/schema\/logo\/image\/"}}]}},"_links":{"self":[{"href":"https:\/\/floratiara.com\/cs\/wp-json\/wp\/v2\/product\/126","targetHints":{"allow":["GET"]}}],"collection":[{"href":"https:\/\/floratiara.com\/cs\/wp-json\/wp\/v2\/product"}],"about":[{"href":"https:\/\/floratiara.com\/cs\/wp-json\/wp\/v2\/types\/product"}],"wp:featuredmedia":[{"embeddable":true,"href":"https:\/\/floratiara.com\/cs\/wp-json\/wp\/v2\/media\/125"}],"wp:attachment":[{"href":"https:\/\/floratiara.com\/cs\/wp-json\/wp\/v2\/media?parent=126"}],"wp:term":[{"taxonomy":"product_brand","embeddable":true,"href":"https:\/\/floratiara.com\/cs\/wp-json\/wp\/v2\/product_brand?post=126"},{"taxonomy":"product_cat","embeddable":true,"href":"https:\/\/floratiara.com\/cs\/wp-json\/wp\/v2\/product_cat?post=126"},{"taxonomy":"product_tag","embeddable":true,"href":"https:\/\/floratiara.com\/cs\/wp-json\/wp\/v2\/product_tag?post=126"}],"curies":[{"name":"wp","href":"https:\/\/api.w.org\/{rel}","templated":true}]}}