{"id":148,"date":"2024-03-16T09:37:01","date_gmt":"2024-03-16T09:37:01","guid":{"rendered":"https:\/\/floratiara.com\/?post_type=product&#038;p=148"},"modified":"2024-12-12T01:48:39","modified_gmt":"2024-12-12T01:48:39","slug":"kvetinova-celenka-svatebni-prislusenstvi-2","status":"publish","type":"product","link":"https:\/\/floratiara.com\/cs\/p\/kvetinova-celenka-svatebni-prislusenstvi-2\/","title":{"rendered":"Okouzluj\u00edc\u00ed levandulov\u00e1 a sedmikr\u00e1skov\u00e1 kv\u011btinov\u00e1 koruna"},"content":{"rendered":"<p>Pozvedn\u011bte sv\u016fj v\u00fdjime\u010dn\u00fd den s na\u0161\u00ed okouzluj\u00edc\u00ed levandulovou a sedmikr\u00e1skovou kv\u011btinovou korunou, kter\u00e1 je symbolem p\u0159irozen\u00e9ho p\u016fvabu a kr\u00e1sy. Tato ru\u010dn\u011b vyroben\u00e1 \u010delenka obsahuje harmonickou \u0159adu fialov\u00fdch levandul\u00ed a b\u00edl\u00fdch sedmikr\u00e1sek zasazen\u00fdch mezi z\u00e1\u0159iv\u011b zelen\u00e9 listy, kter\u00e9 vytv\u00e1\u0159ej\u00ed snovou estetiku, je\u017e p\u0159esahuje r\u00e1mec prost\u00e9ho zdoben\u00ed. Tato kv\u011btinov\u00e1 koruna, kter\u00e1 se skv\u011ble hod\u00ed na svatby, festivaly nebo zahradn\u00ed party, je navr\u017eena tak, aby inspirovala a okouzlila. P\u0159i no\u0161en\u00ed tohoto nad\u010dasov\u00e9ho kousku zt\u011blesn\u00edte esenci sofistikovanosti a \u0161armu, d\u00edky \u010demu\u017e bude ka\u017ed\u00fd okam\u017eik harmonickou oslavou kv\u011btinov\u00fdch z\u00e1zrak\u016f \u017eivota.<\/p><p>Slo\u017een\u00ed: fialov\u00e1 levandule, b\u00edl\u00e9 sedmikr\u00e1sky, zelen\u00e9 listy.<\/p>","protected":false},"excerpt":{"rendered":"<div style=\"width: 90%;text-align: left;margin: auto\"><p style=\"text-align:center\"><b>\ud83d\udc51 Z na\u0161ich rukou do va\u0161\u00ed hlavy<\/b><br \/><i>Luxusn\u00ed kv\u011btinov\u00e9 koruny pro ka\u017edou p\u0159\u00edle\u017eitost<\/i><\/p><ul><li>\u2702\ufe0f Pe\u010dliv\u011b p\u0159ipraven\u00e9 v srdci m\u011bsta <b>\u010cesk\u00e1 republika<\/b><\/li><li><b>\ud83d\udc90 Slo\u017een\u00ed: fialov\u00e1 levandule, b\u00edl\u00e9 sedmikr\u00e1sky, zelen\u00e9 listy.<\/b><\/li><\/ul><\/div>","protected":false},"featured_media":147,"template":"","meta":[],"product_brand":[],"product_cat":[61,78,74,59],"product_tag":[],"class_list":{"0":"post-148","1":"product","2":"type-product","3":"status-publish","4":"has-post-thumbnail","6":"product_cat-bridesmaid-floral-headpiece","7":"product_cat-dried-floral-headpiece","8":"product_cat-purple-floral-headpiece","9":"product_cat-bridal-floral-headpiece","11":"first","12":"instock","13":"shipping-taxable","14":"purchasable","15":"product-type-simple"},"yoast_head":"<!-- This site is optimized with the Yoast SEO plugin v25.9 - https:\/\/yoast.com\/wordpress\/plugins\/seo\/ -->\n<title>Enchanted Lavender &amp; Daisy Flower Crown - Flora Tiara<\/title>\n<meta name=\"description\" content=\"Unique and beautiful: Shop our Enchanted Lavender &amp; Daisy Flower Crown. Premium high quality headpiece to make the occasion unforgettable.\" \/>\n<meta name=\"robots\" content=\"index, follow, max-snippet:-1, max-image-preview:large, max-video-preview:-1\" \/>\n<link rel=\"canonical\" href=\"https:\/\/floratiara.com\/cs\/p\/kvetinova-celenka-svatebni-prislusenstvi-2\/\" \/>\n<meta property=\"og:locale\" content=\"cs_CZ\" \/>\n<meta property=\"og:type\" content=\"article\" \/>\n<meta property=\"og:title\" content=\"Enchanted Lavender &amp; Daisy Flower Crown - Flora Tiara\" \/>\n<meta property=\"og:description\" content=\"Unique and beautiful: Shop our Enchanted Lavender &amp; Daisy Flower Crown. Premium high quality headpiece to make the occasion unforgettable.\" \/>\n<meta property=\"og:url\" content=\"https:\/\/floratiara.com\/cs\/p\/kvetinova-celenka-svatebni-prislusenstvi-2\/\" \/>\n<meta property=\"og:site_name\" content=\"Flora Tiara\" \/>\n<meta property=\"article:modified_time\" content=\"2024-12-12T01:48:39+00:00\" \/>\n<meta property=\"og:image\" content=\"https:\/\/floratiara.com\/wp-content\/uploads\/2024\/03\/S2e81bc7c134243dab7d9afeae08097adn.webp\" \/>\n\t<meta property=\"og:image:width\" content=\"1500\" \/>\n\t<meta property=\"og:image:height\" content=\"1500\" \/>\n\t<meta property=\"og:image:type\" content=\"image\/webp\" \/>\n<meta name=\"twitter:card\" content=\"summary_large_image\" \/>\n<meta name=\"twitter:label1\" content=\"Odhadovan\u00e1 doba \u010dten\u00ed\" \/>\n\t<meta name=\"twitter:data1\" content=\"1 minuta\" \/>\n<script type=\"application\/ld+json\" class=\"yoast-schema-graph\">{\"@context\":\"https:\/\/schema.org\",\"@graph\":[{\"@type\":\"WebPage\",\"@id\":\"https:\/\/floratiara.com\/p\/floral-headpiece-bridal-wedding-accessory\/\",\"url\":\"https:\/\/floratiara.com\/p\/floral-headpiece-bridal-wedding-accessory\/\",\"name\":\"Enchanted Lavender &amp; Daisy Flower Crown - Flora Tiara\",\"isPartOf\":{\"@id\":\"https:\/\/floratiara.com\/#website\"},\"primaryImageOfPage\":{\"@id\":\"https:\/\/floratiara.com\/p\/floral-headpiece-bridal-wedding-accessory\/#primaryimage\"},\"image\":{\"@id\":\"https:\/\/floratiara.com\/p\/floral-headpiece-bridal-wedding-accessory\/#primaryimage\"},\"thumbnailUrl\":\"https:\/\/floratiara.com\/wp-content\/uploads\/2024\/03\/S2e81bc7c134243dab7d9afeae08097adn.webp\",\"datePublished\":\"2024-03-16T09:37:01+00:00\",\"dateModified\":\"2024-12-12T01:48:39+00:00\",\"description\":\"Unique and beautiful: Shop our Enchanted Lavender &amp; Daisy Flower Crown. Premium high quality headpiece to make the occasion unforgettable.\",\"breadcrumb\":{\"@id\":\"https:\/\/floratiara.com\/p\/floral-headpiece-bridal-wedding-accessory\/#breadcrumb\"},\"inLanguage\":\"cs\",\"potentialAction\":[{\"@type\":\"ReadAction\",\"target\":[\"https:\/\/floratiara.com\/p\/floral-headpiece-bridal-wedding-accessory\/\"]}]},{\"@type\":\"ImageObject\",\"inLanguage\":\"cs\",\"@id\":\"https:\/\/floratiara.com\/p\/floral-headpiece-bridal-wedding-accessory\/#primaryimage\",\"url\":\"https:\/\/floratiara.com\/wp-content\/uploads\/2024\/03\/S2e81bc7c134243dab7d9afeae08097adn.webp\",\"contentUrl\":\"https:\/\/floratiara.com\/wp-content\/uploads\/2024\/03\/S2e81bc7c134243dab7d9afeae08097adn.webp\",\"width\":1500,\"height\":1500},{\"@type\":\"BreadcrumbList\",\"@id\":\"https:\/\/floratiara.com\/p\/floral-headpiece-bridal-wedding-accessory\/#breadcrumb\",\"itemListElement\":[{\"@type\":\"ListItem\",\"position\":1,\"name\":\"Home\",\"item\":\"https:\/\/floratiara.com\/\"},{\"@type\":\"ListItem\",\"position\":2,\"name\":\"Shop\",\"item\":\"https:\/\/floratiara.com\/shop\/\"},{\"@type\":\"ListItem\",\"position\":3,\"name\":\"Enchanted Lavender &amp; Daisy Flower Crown\"}]},{\"@type\":\"WebSite\",\"@id\":\"https:\/\/floratiara.com\/#website\",\"url\":\"https:\/\/floratiara.com\/\",\"name\":\"Flora Tiara\",\"description\":\"\",\"publisher\":{\"@id\":\"https:\/\/floratiara.com\/#organization\"},\"potentialAction\":[{\"@type\":\"SearchAction\",\"target\":{\"@type\":\"EntryPoint\",\"urlTemplate\":\"https:\/\/floratiara.com\/?s={search_term_string}\"},\"query-input\":{\"@type\":\"PropertyValueSpecification\",\"valueRequired\":true,\"valueName\":\"search_term_string\"}}],\"inLanguage\":\"cs\"},{\"@type\":\"Organization\",\"@id\":\"https:\/\/floratiara.com\/#organization\",\"name\":\"Flora Tiara\",\"url\":\"https:\/\/floratiara.com\/\",\"logo\":{\"@type\":\"ImageObject\",\"inLanguage\":\"cs\",\"@id\":\"https:\/\/floratiara.com\/#\/schema\/logo\/image\/\",\"url\":\"https:\/\/floratiara.com\/wp-content\/uploads\/2024\/03\/flora-tiara-logo.png\",\"contentUrl\":\"https:\/\/floratiara.com\/wp-content\/uploads\/2024\/03\/flora-tiara-logo.png\",\"width\":1024,\"height\":274,\"caption\":\"Flora Tiara\"},\"image\":{\"@id\":\"https:\/\/floratiara.com\/#\/schema\/logo\/image\/\"}}]}<\/script>\n<!-- \/ Yoast SEO plugin. -->","yoast_head_json":{"title":"Kv\u011btinov\u00e1 korunka z okouzluj\u00edc\u00ed levandule a sedmikr\u00e1sky - Flora Tiara","description":"Jedine\u010dn\u00e9 a kr\u00e1sn\u00e9: Koupit si na\u0161i okouzluj\u00edc\u00ed levandulovou a sedmikr\u00e1skovou kv\u011btinovou korunu. Pr\u00e9miov\u00e1 \u010delenka vysok\u00e9 kvality, d\u00edky n\u00ed\u017e bude p\u0159\u00edle\u017eitost nezapomenuteln\u00e1.","robots":{"index":"index","follow":"follow","max-snippet":"max-snippet:-1","max-image-preview":"max-image-preview:large","max-video-preview":"max-video-preview:-1"},"canonical":"https:\/\/floratiara.com\/cs\/p\/kvetinova-celenka-svatebni-prislusenstvi-2\/","og_locale":"cs_CZ","og_type":"article","og_title":"Enchanted Lavender &amp; Daisy Flower Crown - Flora Tiara","og_description":"Unique and beautiful: Shop our Enchanted Lavender &amp; Daisy Flower Crown. Premium high quality headpiece to make the occasion unforgettable.","og_url":"https:\/\/floratiara.com\/cs\/p\/kvetinova-celenka-svatebni-prislusenstvi-2\/","og_site_name":"Flora Tiara","article_modified_time":"2024-12-12T01:48:39+00:00","og_image":[{"width":1500,"height":1500,"url":"https:\/\/floratiara.com\/wp-content\/uploads\/2024\/03\/S2e81bc7c134243dab7d9afeae08097adn.webp","type":"image\/webp"}],"twitter_card":"summary_large_image","twitter_misc":{"Odhadovan\u00e1 doba \u010dten\u00ed":"1 minuta"},"schema":{"@context":"https:\/\/schema.org","@graph":[{"@type":"WebPage","@id":"https:\/\/floratiara.com\/p\/floral-headpiece-bridal-wedding-accessory\/","url":"https:\/\/floratiara.com\/p\/floral-headpiece-bridal-wedding-accessory\/","name":"Kv\u011btinov\u00e1 korunka z okouzluj\u00edc\u00ed levandule a sedmikr\u00e1sky - Flora Tiara","isPartOf":{"@id":"https:\/\/floratiara.com\/#website"},"primaryImageOfPage":{"@id":"https:\/\/floratiara.com\/p\/floral-headpiece-bridal-wedding-accessory\/#primaryimage"},"image":{"@id":"https:\/\/floratiara.com\/p\/floral-headpiece-bridal-wedding-accessory\/#primaryimage"},"thumbnailUrl":"https:\/\/floratiara.com\/wp-content\/uploads\/2024\/03\/S2e81bc7c134243dab7d9afeae08097adn.webp","datePublished":"2024-03-16T09:37:01+00:00","dateModified":"2024-12-12T01:48:39+00:00","description":"Jedine\u010dn\u00e9 a kr\u00e1sn\u00e9: Koupit si na\u0161i okouzluj\u00edc\u00ed levandulovou a sedmikr\u00e1skovou kv\u011btinovou korunu. Pr\u00e9miov\u00e1 \u010delenka vysok\u00e9 kvality, d\u00edky n\u00ed\u017e bude p\u0159\u00edle\u017eitost nezapomenuteln\u00e1.","breadcrumb":{"@id":"https:\/\/floratiara.com\/p\/floral-headpiece-bridal-wedding-accessory\/#breadcrumb"},"inLanguage":"cs","potentialAction":[{"@type":"ReadAction","target":["https:\/\/floratiara.com\/p\/floral-headpiece-bridal-wedding-accessory\/"]}]},{"@type":"ImageObject","inLanguage":"cs","@id":"https:\/\/floratiara.com\/p\/floral-headpiece-bridal-wedding-accessory\/#primaryimage","url":"https:\/\/floratiara.com\/wp-content\/uploads\/2024\/03\/S2e81bc7c134243dab7d9afeae08097adn.webp","contentUrl":"https:\/\/floratiara.com\/wp-content\/uploads\/2024\/03\/S2e81bc7c134243dab7d9afeae08097adn.webp","width":1500,"height":1500},{"@type":"BreadcrumbList","@id":"https:\/\/floratiara.com\/p\/floral-headpiece-bridal-wedding-accessory\/#breadcrumb","itemListElement":[{"@type":"ListItem","position":1,"name":"Home","item":"https:\/\/floratiara.com\/"},{"@type":"ListItem","position":2,"name":"Shop","item":"https:\/\/floratiara.com\/shop\/"},{"@type":"ListItem","position":3,"name":"Enchanted Lavender &amp; Daisy Flower Crown"}]},{"@type":"WebSite","@id":"https:\/\/floratiara.com\/#website","url":"https:\/\/floratiara.com\/","name":"Flora Tiara","description":"","publisher":{"@id":"https:\/\/floratiara.com\/#organization"},"potentialAction":[{"@type":"SearchAction","target":{"@type":"EntryPoint","urlTemplate":"https:\/\/floratiara.com\/?s={search_term_string}"},"query-input":{"@type":"PropertyValueSpecification","valueRequired":true,"valueName":"search_term_string"}}],"inLanguage":"cs"},{"@type":"Organization","@id":"https:\/\/floratiara.com\/#organization","name":"Flora Tiara","url":"https:\/\/floratiara.com\/","logo":{"@type":"ImageObject","inLanguage":"cs","@id":"https:\/\/floratiara.com\/#\/schema\/logo\/image\/","url":"https:\/\/floratiara.com\/wp-content\/uploads\/2024\/03\/flora-tiara-logo.png","contentUrl":"https:\/\/floratiara.com\/wp-content\/uploads\/2024\/03\/flora-tiara-logo.png","width":1024,"height":274,"caption":"Flora Tiara"},"image":{"@id":"https:\/\/floratiara.com\/#\/schema\/logo\/image\/"}}]}},"_links":{"self":[{"href":"https:\/\/floratiara.com\/cs\/wp-json\/wp\/v2\/product\/148","targetHints":{"allow":["GET"]}}],"collection":[{"href":"https:\/\/floratiara.com\/cs\/wp-json\/wp\/v2\/product"}],"about":[{"href":"https:\/\/floratiara.com\/cs\/wp-json\/wp\/v2\/types\/product"}],"wp:featuredmedia":[{"embeddable":true,"href":"https:\/\/floratiara.com\/cs\/wp-json\/wp\/v2\/media\/147"}],"wp:attachment":[{"href":"https:\/\/floratiara.com\/cs\/wp-json\/wp\/v2\/media?parent=148"}],"wp:term":[{"taxonomy":"product_brand","embeddable":true,"href":"https:\/\/floratiara.com\/cs\/wp-json\/wp\/v2\/product_brand?post=148"},{"taxonomy":"product_cat","embeddable":true,"href":"https:\/\/floratiara.com\/cs\/wp-json\/wp\/v2\/product_cat?post=148"},{"taxonomy":"product_tag","embeddable":true,"href":"https:\/\/floratiara.com\/cs\/wp-json\/wp\/v2\/product_tag?post=148"}],"curies":[{"name":"wp","href":"https:\/\/api.w.org\/{rel}","templated":true}]}}