{"id":163,"date":"2024-03-16T09:37:13","date_gmt":"2024-03-16T09:37:13","guid":{"rendered":"https:\/\/floratiara.com\/?post_type=product&#038;p=163"},"modified":"2024-12-12T01:48:24","modified_gmt":"2024-12-12T01:48:24","slug":"okouzlujici-kvetinova-svatebni-celenka","status":"publish","type":"product","link":"https:\/\/floratiara.com\/cs\/p\/okouzlujici-kvetinova-svatebni-celenka\/","title":{"rendered":"Elegantn\u00ed svatebn\u00ed \u010delenka Serenity Flower Crown"},"content":{"rendered":"<p>Ozdobte sv\u00e9 kade\u0159e kv\u011btinovou korunkou Serenity, mistrovsk\u00fdm d\u00edlem elegance, kter\u00e9 okam\u017eit\u011b prom\u011bn\u00ed jak\u00fdkoli outfit ve v\u00fdraz p\u016fvabu. Tato \u010delenka, kter\u00e1 je protk\u00e1na z\u00e1\u0159iv\u011b modr\u00fdmi a \u010dist\u011b b\u00edl\u00fdmi kv\u011bty, obsahuje oslniv\u00fd modr\u00fd drahokam, kter\u00fd vystihuje podstatu sofistikovanosti. Tato korunka je ide\u00e1ln\u00ed pro nev\u011bsty, pozvedne od\u011bv pro v\u00e1\u0161 v\u00fdjime\u010dn\u00fd den a slad\u00ed se s r\u016fzn\u00fdmi \u00fa\u010desy, aby vyza\u0159ovala kr\u00e1lovsk\u00fd p\u016fvab. Koruna Serenity je ide\u00e1ln\u00ed pro ka\u017edou oslavu a vyz\u00fdv\u00e1 v\u00e1s, abyste v sob\u011b uvolnila bohyni a vynikla s noblesou. P\u0159ijm\u011bte tento luxusn\u00ed dopln\u011bk a ud\u011blejte sv\u00e9 chv\u00edle nezapomenuteln\u00fdmi.<\/p><p>Slo\u017een\u00ed: modr\u00e9 a b\u00edl\u00e9 um\u011bl\u00e9 kv\u011btiny, zelen\u00e9 um\u011bl\u00e9 listy, dekorativn\u00ed modr\u00fd drahokamov\u00fd st\u0159edov\u00fd prvek.<\/p>","protected":false},"excerpt":{"rendered":"<div style=\"width: 90%;text-align: left;margin: auto\"><p style=\"text-align:center\"><b>\ud83d\udc51 Z na\u0161ich rukou do va\u0161\u00ed hlavy<\/b><br \/><i>Luxusn\u00ed kv\u011btinov\u00e9 koruny pro ka\u017edou p\u0159\u00edle\u017eitost<\/i><\/p><ul><li>\u2702\ufe0f Pe\u010dliv\u011b p\u0159ipraven\u00e9 v srdci m\u011bsta <b>\u010cesk\u00e1 republika<\/b><\/li><li><b>\ud83d\udc90 Slo\u017een\u00ed: modr\u00e9 a b\u00edl\u00e9 um\u011bl\u00e9 kv\u011btiny, zelen\u00e9 um\u011bl\u00e9 listy, dekorativn\u00ed modr\u00fd drahokamov\u00fd st\u0159edov\u00fd prvek.<\/b><\/li><\/ul><\/div>","protected":false},"featured_media":162,"template":"","meta":[],"product_brand":[],"product_cat":[72,59],"product_tag":[],"class_list":{"0":"post-163","1":"product","2":"type-product","3":"status-publish","4":"has-post-thumbnail","6":"product_cat-blue-floral-headpiece","7":"product_cat-bridal-floral-headpiece","9":"first","10":"instock","11":"shipping-taxable","12":"purchasable","13":"product-type-simple"},"yoast_head":"<!-- This site is optimized with the Yoast SEO plugin v25.9 - https:\/\/yoast.com\/wordpress\/plugins\/seo\/ -->\n<title>Serenity Flower Crown Elegant Bridal Headpiece - Flora Tiara<\/title>\n<meta name=\"description\" content=\"Unique and beautiful: Shop our Serenity Flower Crown Elegant Bridal Headpiece. Premium high quality headpiece to make the occasion unforgettable.\" \/>\n<meta name=\"robots\" content=\"index, follow, max-snippet:-1, max-image-preview:large, max-video-preview:-1\" \/>\n<link rel=\"canonical\" href=\"https:\/\/floratiara.com\/cs\/p\/okouzlujici-kvetinova-svatebni-celenka\/\" \/>\n<meta property=\"og:locale\" content=\"cs_CZ\" \/>\n<meta property=\"og:type\" content=\"article\" \/>\n<meta property=\"og:title\" content=\"Serenity Flower Crown Elegant Bridal Headpiece - Flora Tiara\" \/>\n<meta property=\"og:description\" content=\"Unique and beautiful: Shop our Serenity Flower Crown Elegant Bridal Headpiece. Premium high quality headpiece to make the occasion unforgettable.\" \/>\n<meta property=\"og:url\" content=\"https:\/\/floratiara.com\/cs\/p\/okouzlujici-kvetinova-svatebni-celenka\/\" \/>\n<meta property=\"og:site_name\" content=\"Flora Tiara\" \/>\n<meta property=\"article:modified_time\" content=\"2024-12-12T01:48:24+00:00\" \/>\n<meta property=\"og:image\" content=\"https:\/\/floratiara.com\/wp-content\/uploads\/2024\/03\/S2a887fb40a2f473da65063f901d03fb8A.webp\" \/>\n\t<meta property=\"og:image:width\" content=\"1200\" \/>\n\t<meta property=\"og:image:height\" content=\"1500\" \/>\n\t<meta property=\"og:image:type\" content=\"image\/webp\" \/>\n<meta name=\"twitter:card\" content=\"summary_large_image\" \/>\n<meta name=\"twitter:label1\" content=\"Odhadovan\u00e1 doba \u010dten\u00ed\" \/>\n\t<meta name=\"twitter:data1\" content=\"1 minuta\" \/>\n<script type=\"application\/ld+json\" class=\"yoast-schema-graph\">{\"@context\":\"https:\/\/schema.org\",\"@graph\":[{\"@type\":\"WebPage\",\"@id\":\"https:\/\/floratiara.com\/p\/enchanted-floral-wedding-headband\/\",\"url\":\"https:\/\/floratiara.com\/p\/enchanted-floral-wedding-headband\/\",\"name\":\"Serenity Flower Crown Elegant Bridal Headpiece - Flora Tiara\",\"isPartOf\":{\"@id\":\"https:\/\/floratiara.com\/#website\"},\"primaryImageOfPage\":{\"@id\":\"https:\/\/floratiara.com\/p\/enchanted-floral-wedding-headband\/#primaryimage\"},\"image\":{\"@id\":\"https:\/\/floratiara.com\/p\/enchanted-floral-wedding-headband\/#primaryimage\"},\"thumbnailUrl\":\"https:\/\/floratiara.com\/wp-content\/uploads\/2024\/03\/S2a887fb40a2f473da65063f901d03fb8A.webp\",\"datePublished\":\"2024-03-16T09:37:13+00:00\",\"dateModified\":\"2024-12-12T01:48:24+00:00\",\"description\":\"Unique and beautiful: Shop our Serenity Flower Crown Elegant Bridal Headpiece. Premium high quality headpiece to make the occasion unforgettable.\",\"breadcrumb\":{\"@id\":\"https:\/\/floratiara.com\/p\/enchanted-floral-wedding-headband\/#breadcrumb\"},\"inLanguage\":\"cs\",\"potentialAction\":[{\"@type\":\"ReadAction\",\"target\":[\"https:\/\/floratiara.com\/p\/enchanted-floral-wedding-headband\/\"]}]},{\"@type\":\"ImageObject\",\"inLanguage\":\"cs\",\"@id\":\"https:\/\/floratiara.com\/p\/enchanted-floral-wedding-headband\/#primaryimage\",\"url\":\"https:\/\/floratiara.com\/wp-content\/uploads\/2024\/03\/S2a887fb40a2f473da65063f901d03fb8A.webp\",\"contentUrl\":\"https:\/\/floratiara.com\/wp-content\/uploads\/2024\/03\/S2a887fb40a2f473da65063f901d03fb8A.webp\",\"width\":1200,\"height\":1500},{\"@type\":\"BreadcrumbList\",\"@id\":\"https:\/\/floratiara.com\/p\/enchanted-floral-wedding-headband\/#breadcrumb\",\"itemListElement\":[{\"@type\":\"ListItem\",\"position\":1,\"name\":\"Home\",\"item\":\"https:\/\/floratiara.com\/\"},{\"@type\":\"ListItem\",\"position\":2,\"name\":\"Shop\",\"item\":\"https:\/\/floratiara.com\/shop\/\"},{\"@type\":\"ListItem\",\"position\":3,\"name\":\"Serenity Flower Crown Elegant Bridal Headpiece\"}]},{\"@type\":\"WebSite\",\"@id\":\"https:\/\/floratiara.com\/#website\",\"url\":\"https:\/\/floratiara.com\/\",\"name\":\"Flora Tiara\",\"description\":\"\",\"publisher\":{\"@id\":\"https:\/\/floratiara.com\/#organization\"},\"potentialAction\":[{\"@type\":\"SearchAction\",\"target\":{\"@type\":\"EntryPoint\",\"urlTemplate\":\"https:\/\/floratiara.com\/?s={search_term_string}\"},\"query-input\":{\"@type\":\"PropertyValueSpecification\",\"valueRequired\":true,\"valueName\":\"search_term_string\"}}],\"inLanguage\":\"cs\"},{\"@type\":\"Organization\",\"@id\":\"https:\/\/floratiara.com\/#organization\",\"name\":\"Flora Tiara\",\"url\":\"https:\/\/floratiara.com\/\",\"logo\":{\"@type\":\"ImageObject\",\"inLanguage\":\"cs\",\"@id\":\"https:\/\/floratiara.com\/#\/schema\/logo\/image\/\",\"url\":\"https:\/\/floratiara.com\/wp-content\/uploads\/2024\/03\/flora-tiara-logo.png\",\"contentUrl\":\"https:\/\/floratiara.com\/wp-content\/uploads\/2024\/03\/flora-tiara-logo.png\",\"width\":1024,\"height\":274,\"caption\":\"Flora Tiara\"},\"image\":{\"@id\":\"https:\/\/floratiara.com\/#\/schema\/logo\/image\/\"}}]}<\/script>\n<!-- \/ Yoast SEO plugin. -->","yoast_head_json":{"title":"Elegantn\u00ed svatebn\u00ed \u010delenka Serenity Flower Crown - Flora Tiara","description":"Jedine\u010dn\u00e9 a kr\u00e1sn\u00e9: Koupit si na\u0161i Elegantn\u00ed svatebn\u00ed \u010delenku Serenity Flower Crown. Pr\u00e9miov\u00e1 \u010delenka vysok\u00e9 kvality, d\u00edky n\u00ed\u017e bude tato p\u0159\u00edle\u017eitost nezapomenuteln\u00e1.","robots":{"index":"index","follow":"follow","max-snippet":"max-snippet:-1","max-image-preview":"max-image-preview:large","max-video-preview":"max-video-preview:-1"},"canonical":"https:\/\/floratiara.com\/cs\/p\/okouzlujici-kvetinova-svatebni-celenka\/","og_locale":"cs_CZ","og_type":"article","og_title":"Serenity Flower Crown Elegant Bridal Headpiece - Flora Tiara","og_description":"Unique and beautiful: Shop our Serenity Flower Crown Elegant Bridal Headpiece. Premium high quality headpiece to make the occasion unforgettable.","og_url":"https:\/\/floratiara.com\/cs\/p\/okouzlujici-kvetinova-svatebni-celenka\/","og_site_name":"Flora Tiara","article_modified_time":"2024-12-12T01:48:24+00:00","og_image":[{"width":1200,"height":1500,"url":"https:\/\/floratiara.com\/wp-content\/uploads\/2024\/03\/S2a887fb40a2f473da65063f901d03fb8A.webp","type":"image\/webp"}],"twitter_card":"summary_large_image","twitter_misc":{"Odhadovan\u00e1 doba \u010dten\u00ed":"1 minuta"},"schema":{"@context":"https:\/\/schema.org","@graph":[{"@type":"WebPage","@id":"https:\/\/floratiara.com\/p\/enchanted-floral-wedding-headband\/","url":"https:\/\/floratiara.com\/p\/enchanted-floral-wedding-headband\/","name":"Elegantn\u00ed svatebn\u00ed \u010delenka Serenity Flower Crown - Flora Tiara","isPartOf":{"@id":"https:\/\/floratiara.com\/#website"},"primaryImageOfPage":{"@id":"https:\/\/floratiara.com\/p\/enchanted-floral-wedding-headband\/#primaryimage"},"image":{"@id":"https:\/\/floratiara.com\/p\/enchanted-floral-wedding-headband\/#primaryimage"},"thumbnailUrl":"https:\/\/floratiara.com\/wp-content\/uploads\/2024\/03\/S2a887fb40a2f473da65063f901d03fb8A.webp","datePublished":"2024-03-16T09:37:13+00:00","dateModified":"2024-12-12T01:48:24+00:00","description":"Jedine\u010dn\u00e9 a kr\u00e1sn\u00e9: Koupit si na\u0161i Elegantn\u00ed svatebn\u00ed \u010delenku Serenity Flower Crown. Pr\u00e9miov\u00e1 \u010delenka vysok\u00e9 kvality, d\u00edky n\u00ed\u017e bude tato p\u0159\u00edle\u017eitost nezapomenuteln\u00e1.","breadcrumb":{"@id":"https:\/\/floratiara.com\/p\/enchanted-floral-wedding-headband\/#breadcrumb"},"inLanguage":"cs","potentialAction":[{"@type":"ReadAction","target":["https:\/\/floratiara.com\/p\/enchanted-floral-wedding-headband\/"]}]},{"@type":"ImageObject","inLanguage":"cs","@id":"https:\/\/floratiara.com\/p\/enchanted-floral-wedding-headband\/#primaryimage","url":"https:\/\/floratiara.com\/wp-content\/uploads\/2024\/03\/S2a887fb40a2f473da65063f901d03fb8A.webp","contentUrl":"https:\/\/floratiara.com\/wp-content\/uploads\/2024\/03\/S2a887fb40a2f473da65063f901d03fb8A.webp","width":1200,"height":1500},{"@type":"BreadcrumbList","@id":"https:\/\/floratiara.com\/p\/enchanted-floral-wedding-headband\/#breadcrumb","itemListElement":[{"@type":"ListItem","position":1,"name":"Home","item":"https:\/\/floratiara.com\/"},{"@type":"ListItem","position":2,"name":"Shop","item":"https:\/\/floratiara.com\/shop\/"},{"@type":"ListItem","position":3,"name":"Serenity Flower Crown Elegant Bridal Headpiece"}]},{"@type":"WebSite","@id":"https:\/\/floratiara.com\/#website","url":"https:\/\/floratiara.com\/","name":"Flora Tiara","description":"","publisher":{"@id":"https:\/\/floratiara.com\/#organization"},"potentialAction":[{"@type":"SearchAction","target":{"@type":"EntryPoint","urlTemplate":"https:\/\/floratiara.com\/?s={search_term_string}"},"query-input":{"@type":"PropertyValueSpecification","valueRequired":true,"valueName":"search_term_string"}}],"inLanguage":"cs"},{"@type":"Organization","@id":"https:\/\/floratiara.com\/#organization","name":"Flora Tiara","url":"https:\/\/floratiara.com\/","logo":{"@type":"ImageObject","inLanguage":"cs","@id":"https:\/\/floratiara.com\/#\/schema\/logo\/image\/","url":"https:\/\/floratiara.com\/wp-content\/uploads\/2024\/03\/flora-tiara-logo.png","contentUrl":"https:\/\/floratiara.com\/wp-content\/uploads\/2024\/03\/flora-tiara-logo.png","width":1024,"height":274,"caption":"Flora Tiara"},"image":{"@id":"https:\/\/floratiara.com\/#\/schema\/logo\/image\/"}}]}},"_links":{"self":[{"href":"https:\/\/floratiara.com\/cs\/wp-json\/wp\/v2\/product\/163","targetHints":{"allow":["GET"]}}],"collection":[{"href":"https:\/\/floratiara.com\/cs\/wp-json\/wp\/v2\/product"}],"about":[{"href":"https:\/\/floratiara.com\/cs\/wp-json\/wp\/v2\/types\/product"}],"wp:featuredmedia":[{"embeddable":true,"href":"https:\/\/floratiara.com\/cs\/wp-json\/wp\/v2\/media\/162"}],"wp:attachment":[{"href":"https:\/\/floratiara.com\/cs\/wp-json\/wp\/v2\/media?parent=163"}],"wp:term":[{"taxonomy":"product_brand","embeddable":true,"href":"https:\/\/floratiara.com\/cs\/wp-json\/wp\/v2\/product_brand?post=163"},{"taxonomy":"product_cat","embeddable":true,"href":"https:\/\/floratiara.com\/cs\/wp-json\/wp\/v2\/product_cat?post=163"},{"taxonomy":"product_tag","embeddable":true,"href":"https:\/\/floratiara.com\/cs\/wp-json\/wp\/v2\/product_tag?post=163"}],"curies":[{"name":"wp","href":"https:\/\/api.w.org\/{rel}","templated":true}]}}