{"id":254,"date":"2024-03-16T09:39:23","date_gmt":"2024-03-16T09:39:23","guid":{"rendered":"https:\/\/floratiara.com\/?post_type=product&#038;p=254"},"modified":"2024-12-12T01:46:43","modified_gmt":"2024-12-12T01:46:43","slug":"svatebni-kvetinova-celenka-seraphina-venec","status":"publish","type":"product","link":"https:\/\/floratiara.com\/cs\/p\/svatebni-kvetinova-celenka-seraphina-venec\/","title":{"rendered":"\u00c9terick\u00e1 svatebn\u00ed kv\u011btinov\u00e1 koruna Seraphina"},"content":{"rendered":"<p>Objevte okouzluj\u00edc\u00ed kv\u011btinovou korunku Seraphina, kter\u00e1 s lehkost\u00ed vystihuje podstatu jarn\u00ed romantiky. Ozdobte sv\u00e9 vlasy kv\u011bty sv\u011btle r\u016f\u017eov\u00fdch pivon\u011bk, zasn\u011bn\u00fdch levandulov\u00fdch r\u016f\u017e\u00ed a b\u00edl\u00e9ho baby's breath, kter\u00e9 n\u00e1dhern\u011b dopl\u0148uj\u00ed t\u00f3ny sv\u011btle r\u016f\u017eov\u00e9ho hyacintu. Drobn\u00e9 zelen\u00e9 l\u00edstky dod\u00e1vaj\u00ed dotek p\u0159\u00edrodn\u00edho kouzla, ide\u00e1ln\u00ed pro nev\u011bstu, kter\u00e1 tou\u017e\u00ed po rozmarn\u00e9m a z\u00e1rove\u0148 elegantn\u00edm dopl\u0148ku. Ud\u011blejte si sv\u016fj v\u00fdjime\u010dn\u00fd den nezapomenuteln\u00fdm s touto nad\u010dasovou \u010delenkou, kter\u00e1 se d\u00edky sv\u00fdm jemn\u00fdm odst\u00edn\u016fm a delik\u00e1tn\u00edmu designu stane d\u011bdictv\u00edm, je\u017e se zavazuje umocnit ka\u017ed\u00fd okam\u017eik. Nechte korunku Seraphina st\u00e1t se symbolem va\u0161eho milostn\u00e9ho p\u0159\u00edb\u011bhu.<\/p><p>Slo\u017een\u00ed: sv\u011btle r\u016f\u017eov\u00e9 pivo\u0148ky, levandulov\u00e9 r\u016f\u017ee, b\u00edl\u00fd d\u011btsk\u00fd dech, sv\u011btle r\u016f\u017eov\u00e9 trsy hyacint\u016f, mal\u00e9 zelen\u00e9 listy a poupata.<\/p>","protected":false},"excerpt":{"rendered":"<div style=\"width: 90%;text-align: left;margin: auto\"><p style=\"text-align:center\"><b>\ud83d\udc51 Z na\u0161ich rukou do va\u0161\u00ed hlavy<\/b><br \/><i>Luxusn\u00ed kv\u011btinov\u00e9 koruny pro ka\u017edou p\u0159\u00edle\u017eitost<\/i><\/p><ul><li>\u2702\ufe0f Pe\u010dliv\u011b p\u0159ipraven\u00e9 v srdci m\u011bsta <b>\u010cesk\u00e1 republika<\/b><\/li><li><b>\ud83d\udc90 Slo\u017een\u00ed: sv\u011btle r\u016f\u017eov\u00e9 pivo\u0148ky, levandulov\u00e9 r\u016f\u017ee, b\u00edl\u00fd baby's breath, sv\u011btle r\u016f\u017eov\u00e9 trsy hyacint\u016f, mal\u00e9 zelen\u00e9 listy a poupata.<\/b><\/li><\/ul><\/div>","protected":false},"featured_media":253,"template":"","meta":[],"product_brand":[],"product_cat":[61,78,60,73,59,71],"product_tag":[],"class_list":{"0":"post-254","1":"product","2":"type-product","3":"status-publish","4":"has-post-thumbnail","6":"product_cat-bridesmaid-floral-headpiece","7":"product_cat-dried-floral-headpiece","8":"product_cat-floral-headpiece-flower-girl","9":"product_cat-pink-floral-headpiece","10":"product_cat-bridal-floral-headpiece","11":"product_cat-white-floral-headpiece","13":"first","14":"instock","15":"shipping-taxable","16":"purchasable","17":"product-type-simple"},"yoast_head":"<!-- This site is optimized with the Yoast SEO plugin v25.9 - https:\/\/yoast.com\/wordpress\/plugins\/seo\/ -->\n<title>Ethereal Bridal Flower Crown Seraphina - Flora Tiara<\/title>\n<meta name=\"description\" content=\"Unique and beautiful: Shop our Ethereal Bridal Flower Crown Seraphina. Premium high quality headpiece to make the occasion unforgettable.\" \/>\n<meta name=\"robots\" content=\"index, follow, max-snippet:-1, max-image-preview:large, max-video-preview:-1\" \/>\n<link rel=\"canonical\" href=\"https:\/\/floratiara.com\/cs\/p\/svatebni-kvetinova-celenka-seraphina-venec\/\" \/>\n<meta property=\"og:locale\" content=\"cs_CZ\" \/>\n<meta property=\"og:type\" content=\"article\" \/>\n<meta property=\"og:title\" content=\"Ethereal Bridal Flower Crown Seraphina - Flora Tiara\" \/>\n<meta property=\"og:description\" content=\"Unique and beautiful: Shop our Ethereal Bridal Flower Crown Seraphina. Premium high quality headpiece to make the occasion unforgettable.\" \/>\n<meta property=\"og:url\" content=\"https:\/\/floratiara.com\/cs\/p\/svatebni-kvetinova-celenka-seraphina-venec\/\" \/>\n<meta property=\"og:site_name\" content=\"Flora Tiara\" \/>\n<meta property=\"article:modified_time\" content=\"2024-12-12T01:46:43+00:00\" \/>\n<meta property=\"og:image\" content=\"https:\/\/floratiara.com\/wp-content\/uploads\/2024\/03\/Sa3223a46cb484947a874a93d1d407b64U.webp\" \/>\n\t<meta property=\"og:image:width\" content=\"1500\" \/>\n\t<meta property=\"og:image:height\" content=\"1500\" \/>\n\t<meta property=\"og:image:type\" content=\"image\/webp\" \/>\n<meta name=\"twitter:card\" content=\"summary_large_image\" \/>\n<meta name=\"twitter:label1\" content=\"Odhadovan\u00e1 doba \u010dten\u00ed\" \/>\n\t<meta name=\"twitter:data1\" content=\"3 minuty\" \/>\n<script type=\"application\/ld+json\" class=\"yoast-schema-graph\">{\"@context\":\"https:\/\/schema.org\",\"@graph\":[{\"@type\":\"WebPage\",\"@id\":\"https:\/\/floratiara.com\/p\/bridal-floral-headband-seraphina-wreath\/\",\"url\":\"https:\/\/floratiara.com\/p\/bridal-floral-headband-seraphina-wreath\/\",\"name\":\"Ethereal Bridal Flower Crown Seraphina - Flora Tiara\",\"isPartOf\":{\"@id\":\"https:\/\/floratiara.com\/#website\"},\"primaryImageOfPage\":{\"@id\":\"https:\/\/floratiara.com\/p\/bridal-floral-headband-seraphina-wreath\/#primaryimage\"},\"image\":{\"@id\":\"https:\/\/floratiara.com\/p\/bridal-floral-headband-seraphina-wreath\/#primaryimage\"},\"thumbnailUrl\":\"https:\/\/floratiara.com\/wp-content\/uploads\/2024\/03\/Sa3223a46cb484947a874a93d1d407b64U.webp\",\"datePublished\":\"2024-03-16T09:39:23+00:00\",\"dateModified\":\"2024-12-12T01:46:43+00:00\",\"description\":\"Unique and beautiful: Shop our Ethereal Bridal Flower Crown Seraphina. Premium high quality headpiece to make the occasion unforgettable.\",\"breadcrumb\":{\"@id\":\"https:\/\/floratiara.com\/p\/bridal-floral-headband-seraphina-wreath\/#breadcrumb\"},\"inLanguage\":\"cs\",\"potentialAction\":[{\"@type\":\"ReadAction\",\"target\":[\"https:\/\/floratiara.com\/p\/bridal-floral-headband-seraphina-wreath\/\"]}]},{\"@type\":\"ImageObject\",\"inLanguage\":\"cs\",\"@id\":\"https:\/\/floratiara.com\/p\/bridal-floral-headband-seraphina-wreath\/#primaryimage\",\"url\":\"https:\/\/floratiara.com\/wp-content\/uploads\/2024\/03\/Sa3223a46cb484947a874a93d1d407b64U.webp\",\"contentUrl\":\"https:\/\/floratiara.com\/wp-content\/uploads\/2024\/03\/Sa3223a46cb484947a874a93d1d407b64U.webp\",\"width\":1500,\"height\":1500},{\"@type\":\"BreadcrumbList\",\"@id\":\"https:\/\/floratiara.com\/p\/bridal-floral-headband-seraphina-wreath\/#breadcrumb\",\"itemListElement\":[{\"@type\":\"ListItem\",\"position\":1,\"name\":\"Home\",\"item\":\"https:\/\/floratiara.com\/\"},{\"@type\":\"ListItem\",\"position\":2,\"name\":\"Shop\",\"item\":\"https:\/\/floratiara.com\/shop\/\"},{\"@type\":\"ListItem\",\"position\":3,\"name\":\"Ethereal Bridal Flower Crown Seraphina\"}]},{\"@type\":\"WebSite\",\"@id\":\"https:\/\/floratiara.com\/#website\",\"url\":\"https:\/\/floratiara.com\/\",\"name\":\"Flora Tiara\",\"description\":\"\",\"publisher\":{\"@id\":\"https:\/\/floratiara.com\/#organization\"},\"potentialAction\":[{\"@type\":\"SearchAction\",\"target\":{\"@type\":\"EntryPoint\",\"urlTemplate\":\"https:\/\/floratiara.com\/?s={search_term_string}\"},\"query-input\":{\"@type\":\"PropertyValueSpecification\",\"valueRequired\":true,\"valueName\":\"search_term_string\"}}],\"inLanguage\":\"cs\"},{\"@type\":\"Organization\",\"@id\":\"https:\/\/floratiara.com\/#organization\",\"name\":\"Flora Tiara\",\"url\":\"https:\/\/floratiara.com\/\",\"logo\":{\"@type\":\"ImageObject\",\"inLanguage\":\"cs\",\"@id\":\"https:\/\/floratiara.com\/#\/schema\/logo\/image\/\",\"url\":\"https:\/\/floratiara.com\/wp-content\/uploads\/2024\/03\/flora-tiara-logo.png\",\"contentUrl\":\"https:\/\/floratiara.com\/wp-content\/uploads\/2024\/03\/flora-tiara-logo.png\",\"width\":1024,\"height\":274,\"caption\":\"Flora Tiara\"},\"image\":{\"@id\":\"https:\/\/floratiara.com\/#\/schema\/logo\/image\/\"}}]}<\/script>\n<!-- \/ Yoast SEO plugin. -->","yoast_head_json":{"title":"\u00c9terick\u00e1 svatebn\u00ed kv\u011btinov\u00e1 korunka Seraphina - Flora Tiara","description":"Jedine\u010dn\u00e9 a kr\u00e1sn\u00e9: Koupit si na\u0161i \u00e9terickou svatebn\u00ed kv\u011btinovou korunku Seraphina. Pr\u00e9miov\u00e1 \u010delenka vysok\u00e9 kvality, d\u00edky n\u00ed\u017e bude tato p\u0159\u00edle\u017eitost nezapomenuteln\u00e1.","robots":{"index":"index","follow":"follow","max-snippet":"max-snippet:-1","max-image-preview":"max-image-preview:large","max-video-preview":"max-video-preview:-1"},"canonical":"https:\/\/floratiara.com\/cs\/p\/svatebni-kvetinova-celenka-seraphina-venec\/","og_locale":"cs_CZ","og_type":"article","og_title":"Ethereal Bridal Flower Crown Seraphina - Flora Tiara","og_description":"Unique and beautiful: Shop our Ethereal Bridal Flower Crown Seraphina. Premium high quality headpiece to make the occasion unforgettable.","og_url":"https:\/\/floratiara.com\/cs\/p\/svatebni-kvetinova-celenka-seraphina-venec\/","og_site_name":"Flora Tiara","article_modified_time":"2024-12-12T01:46:43+00:00","og_image":[{"width":1500,"height":1500,"url":"https:\/\/floratiara.com\/wp-content\/uploads\/2024\/03\/Sa3223a46cb484947a874a93d1d407b64U.webp","type":"image\/webp"}],"twitter_card":"summary_large_image","twitter_misc":{"Odhadovan\u00e1 doba \u010dten\u00ed":"3 minuty"},"schema":{"@context":"https:\/\/schema.org","@graph":[{"@type":"WebPage","@id":"https:\/\/floratiara.com\/p\/bridal-floral-headband-seraphina-wreath\/","url":"https:\/\/floratiara.com\/p\/bridal-floral-headband-seraphina-wreath\/","name":"\u00c9terick\u00e1 svatebn\u00ed kv\u011btinov\u00e1 korunka Seraphina - Flora Tiara","isPartOf":{"@id":"https:\/\/floratiara.com\/#website"},"primaryImageOfPage":{"@id":"https:\/\/floratiara.com\/p\/bridal-floral-headband-seraphina-wreath\/#primaryimage"},"image":{"@id":"https:\/\/floratiara.com\/p\/bridal-floral-headband-seraphina-wreath\/#primaryimage"},"thumbnailUrl":"https:\/\/floratiara.com\/wp-content\/uploads\/2024\/03\/Sa3223a46cb484947a874a93d1d407b64U.webp","datePublished":"2024-03-16T09:39:23+00:00","dateModified":"2024-12-12T01:46:43+00:00","description":"Jedine\u010dn\u00e9 a kr\u00e1sn\u00e9: Koupit si na\u0161i \u00e9terickou svatebn\u00ed kv\u011btinovou korunku Seraphina. Pr\u00e9miov\u00e1 \u010delenka vysok\u00e9 kvality, d\u00edky n\u00ed\u017e bude tato p\u0159\u00edle\u017eitost nezapomenuteln\u00e1.","breadcrumb":{"@id":"https:\/\/floratiara.com\/p\/bridal-floral-headband-seraphina-wreath\/#breadcrumb"},"inLanguage":"cs","potentialAction":[{"@type":"ReadAction","target":["https:\/\/floratiara.com\/p\/bridal-floral-headband-seraphina-wreath\/"]}]},{"@type":"ImageObject","inLanguage":"cs","@id":"https:\/\/floratiara.com\/p\/bridal-floral-headband-seraphina-wreath\/#primaryimage","url":"https:\/\/floratiara.com\/wp-content\/uploads\/2024\/03\/Sa3223a46cb484947a874a93d1d407b64U.webp","contentUrl":"https:\/\/floratiara.com\/wp-content\/uploads\/2024\/03\/Sa3223a46cb484947a874a93d1d407b64U.webp","width":1500,"height":1500},{"@type":"BreadcrumbList","@id":"https:\/\/floratiara.com\/p\/bridal-floral-headband-seraphina-wreath\/#breadcrumb","itemListElement":[{"@type":"ListItem","position":1,"name":"Home","item":"https:\/\/floratiara.com\/"},{"@type":"ListItem","position":2,"name":"Shop","item":"https:\/\/floratiara.com\/shop\/"},{"@type":"ListItem","position":3,"name":"Ethereal Bridal Flower Crown Seraphina"}]},{"@type":"WebSite","@id":"https:\/\/floratiara.com\/#website","url":"https:\/\/floratiara.com\/","name":"Flora Tiara","description":"","publisher":{"@id":"https:\/\/floratiara.com\/#organization"},"potentialAction":[{"@type":"SearchAction","target":{"@type":"EntryPoint","urlTemplate":"https:\/\/floratiara.com\/?s={search_term_string}"},"query-input":{"@type":"PropertyValueSpecification","valueRequired":true,"valueName":"search_term_string"}}],"inLanguage":"cs"},{"@type":"Organization","@id":"https:\/\/floratiara.com\/#organization","name":"Flora Tiara","url":"https:\/\/floratiara.com\/","logo":{"@type":"ImageObject","inLanguage":"cs","@id":"https:\/\/floratiara.com\/#\/schema\/logo\/image\/","url":"https:\/\/floratiara.com\/wp-content\/uploads\/2024\/03\/flora-tiara-logo.png","contentUrl":"https:\/\/floratiara.com\/wp-content\/uploads\/2024\/03\/flora-tiara-logo.png","width":1024,"height":274,"caption":"Flora Tiara"},"image":{"@id":"https:\/\/floratiara.com\/#\/schema\/logo\/image\/"}}]}},"_links":{"self":[{"href":"https:\/\/floratiara.com\/cs\/wp-json\/wp\/v2\/product\/254","targetHints":{"allow":["GET"]}}],"collection":[{"href":"https:\/\/floratiara.com\/cs\/wp-json\/wp\/v2\/product"}],"about":[{"href":"https:\/\/floratiara.com\/cs\/wp-json\/wp\/v2\/types\/product"}],"wp:featuredmedia":[{"embeddable":true,"href":"https:\/\/floratiara.com\/cs\/wp-json\/wp\/v2\/media\/253"}],"wp:attachment":[{"href":"https:\/\/floratiara.com\/cs\/wp-json\/wp\/v2\/media?parent=254"}],"wp:term":[{"taxonomy":"product_brand","embeddable":true,"href":"https:\/\/floratiara.com\/cs\/wp-json\/wp\/v2\/product_brand?post=254"},{"taxonomy":"product_cat","embeddable":true,"href":"https:\/\/floratiara.com\/cs\/wp-json\/wp\/v2\/product_cat?post=254"},{"taxonomy":"product_tag","embeddable":true,"href":"https:\/\/floratiara.com\/cs\/wp-json\/wp\/v2\/product_tag?post=254"}],"curies":[{"name":"wp","href":"https:\/\/api.w.org\/{rel}","templated":true}]}}