{"id":262,"date":"2024-03-16T09:39:33","date_gmt":"2024-03-16T09:39:33","guid":{"rendered":"https:\/\/floratiara.com\/?post_type=product&#038;p=262"},"modified":"2024-12-12T01:46:36","modified_gmt":"2024-12-12T01:46:36","slug":"klidna-svatebni-kvetinova-celenka","status":"publish","type":"product","link":"https:\/\/floratiara.com\/cs\/p\/klidna-svatebni-kvetinova-celenka\/","title":{"rendered":"Elegantn\u00ed Seraf\u00edna Kv\u011btinov\u00e1 koruna Svatebn\u00ed pokr\u00fdvky hlavy"},"content":{"rendered":"<p>Definujte eleganci a p\u016fvab sv\u00e9ho v\u00fdjime\u010dn\u00e9ho dne s kv\u011btinovou korunou Seraphina, nebesk\u00fdm aran\u017em\u00e1 z b\u00edl\u00fdch r\u016f\u017e\u00ed, r\u016f\u017e\u00ed ve spreji a d\u011btsk\u00e9ho dechu, zv\u00fdrazn\u011bn\u00fdm sv\u011b\u017e\u00ed zelen\u00ed. Tato ru\u010dn\u011b vyr\u00e1b\u011bn\u00e1 \u010delenka slibuje, \u017ee v\u00e1s korunuje aurou klidu a prom\u011bn\u00ed jak\u00fdkoli svatebn\u00ed vzhled v poetick\u00e9 prohl\u00e1\u0161en\u00ed kr\u00e1sy. Jej\u00ed v\u0161estrannost dopln\u00ed spl\u00fdvav\u00e9 \u00fa\u010desy i sofistikovan\u00e9 \u00fa\u010desy a zajist\u00ed, \u017ee na svatb\u00e1ch nebo elegantn\u00edch ud\u00e1lostech okouzl\u00edte jako vize \u010distoty. P\u0159ijm\u011bte kouzlo korunky Seraphina a nechte rozkv\u00e9st svou p\u0159irozenou z\u00e1\u0159ivost.<\/p><p>Slo\u017een\u00ed: b\u00edl\u00e1 matthiola, b\u00edl\u00e9 r\u016f\u017ee ve spreji, baby's breath (gypsophila), zele\u0148.<\/p>","protected":false},"excerpt":{"rendered":"<div style=\"width: 90%;text-align: left;margin: auto\"><p style=\"text-align:center\"><b>\ud83d\udc51 Z na\u0161ich rukou do va\u0161\u00ed hlavy<\/b><br \/><i>Luxusn\u00ed kv\u011btinov\u00e9 koruny pro ka\u017edou p\u0159\u00edle\u017eitost<\/i><\/p><ul><li>\u2702\ufe0f Pe\u010dliv\u011b p\u0159ipraven\u00e9 v srdci m\u011bsta <b>\u010cesk\u00e1 republika<\/b><\/li><li><b>\ud83d\udc90 Slo\u017een\u00ed: b\u00edl\u00e9 kv\u011btiny (matthiola), b\u00edl\u00e9 r\u016f\u017ee ve spreji, d\u011btsk\u00fd dech (gypsophila), zele\u0148.<\/b><\/li><\/ul><\/div>","protected":false},"featured_media":261,"template":"","meta":[],"product_brand":[],"product_cat":[59,71],"product_tag":[],"class_list":{"0":"post-262","1":"product","2":"type-product","3":"status-publish","4":"has-post-thumbnail","6":"product_cat-bridal-floral-headpiece","7":"product_cat-white-floral-headpiece","9":"first","10":"instock","11":"shipping-taxable","12":"purchasable","13":"product-type-simple"},"yoast_head":"<!-- This site is optimized with the Yoast SEO plugin v25.9 - https:\/\/yoast.com\/wordpress\/plugins\/seo\/ -->\n<title>Elegant Seraphina Flower Crown Bridal Headwear - Flora Tiara<\/title>\n<meta name=\"description\" content=\"Unique and beautiful: Shop our Elegant Seraphina Flower Crown Bridal Headwear. Premium high quality headpiece to make the occasion unforgettable.\" \/>\n<meta name=\"robots\" content=\"index, follow, max-snippet:-1, max-image-preview:large, max-video-preview:-1\" \/>\n<link rel=\"canonical\" href=\"https:\/\/floratiara.com\/cs\/p\/klidna-svatebni-kvetinova-celenka\/\" \/>\n<meta property=\"og:locale\" content=\"cs_CZ\" \/>\n<meta property=\"og:type\" content=\"article\" \/>\n<meta property=\"og:title\" content=\"Elegant Seraphina Flower Crown Bridal Headwear - Flora Tiara\" \/>\n<meta property=\"og:description\" content=\"Unique and beautiful: Shop our Elegant Seraphina Flower Crown Bridal Headwear. Premium high quality headpiece to make the occasion unforgettable.\" \/>\n<meta property=\"og:url\" content=\"https:\/\/floratiara.com\/cs\/p\/klidna-svatebni-kvetinova-celenka\/\" \/>\n<meta property=\"og:site_name\" content=\"Flora Tiara\" \/>\n<meta property=\"article:modified_time\" content=\"2024-12-12T01:46:36+00:00\" \/>\n<meta property=\"og:image\" content=\"https:\/\/floratiara.com\/wp-content\/uploads\/2024\/03\/S3696ac2079f6466a800987bd6388ce75t.webp\" \/>\n\t<meta property=\"og:image:width\" content=\"1500\" \/>\n\t<meta property=\"og:image:height\" content=\"1500\" \/>\n\t<meta property=\"og:image:type\" content=\"image\/webp\" \/>\n<meta name=\"twitter:card\" content=\"summary_large_image\" \/>\n<meta name=\"twitter:label1\" content=\"Odhadovan\u00e1 doba \u010dten\u00ed\" \/>\n\t<meta name=\"twitter:data1\" content=\"2 minuty\" \/>\n<script type=\"application\/ld+json\" class=\"yoast-schema-graph\">{\"@context\":\"https:\/\/schema.org\",\"@graph\":[{\"@type\":\"WebPage\",\"@id\":\"https:\/\/floratiara.com\/p\/serene-bridal-floral-headpiece\/\",\"url\":\"https:\/\/floratiara.com\/p\/serene-bridal-floral-headpiece\/\",\"name\":\"Elegant Seraphina Flower Crown Bridal Headwear - Flora Tiara\",\"isPartOf\":{\"@id\":\"https:\/\/floratiara.com\/#website\"},\"primaryImageOfPage\":{\"@id\":\"https:\/\/floratiara.com\/p\/serene-bridal-floral-headpiece\/#primaryimage\"},\"image\":{\"@id\":\"https:\/\/floratiara.com\/p\/serene-bridal-floral-headpiece\/#primaryimage\"},\"thumbnailUrl\":\"https:\/\/floratiara.com\/wp-content\/uploads\/2024\/03\/S3696ac2079f6466a800987bd6388ce75t.webp\",\"datePublished\":\"2024-03-16T09:39:33+00:00\",\"dateModified\":\"2024-12-12T01:46:36+00:00\",\"description\":\"Unique and beautiful: Shop our Elegant Seraphina Flower Crown Bridal Headwear. Premium high quality headpiece to make the occasion unforgettable.\",\"breadcrumb\":{\"@id\":\"https:\/\/floratiara.com\/p\/serene-bridal-floral-headpiece\/#breadcrumb\"},\"inLanguage\":\"cs\",\"potentialAction\":[{\"@type\":\"ReadAction\",\"target\":[\"https:\/\/floratiara.com\/p\/serene-bridal-floral-headpiece\/\"]}]},{\"@type\":\"ImageObject\",\"inLanguage\":\"cs\",\"@id\":\"https:\/\/floratiara.com\/p\/serene-bridal-floral-headpiece\/#primaryimage\",\"url\":\"https:\/\/floratiara.com\/wp-content\/uploads\/2024\/03\/S3696ac2079f6466a800987bd6388ce75t.webp\",\"contentUrl\":\"https:\/\/floratiara.com\/wp-content\/uploads\/2024\/03\/S3696ac2079f6466a800987bd6388ce75t.webp\",\"width\":1500,\"height\":1500},{\"@type\":\"BreadcrumbList\",\"@id\":\"https:\/\/floratiara.com\/p\/serene-bridal-floral-headpiece\/#breadcrumb\",\"itemListElement\":[{\"@type\":\"ListItem\",\"position\":1,\"name\":\"Home\",\"item\":\"https:\/\/floratiara.com\/\"},{\"@type\":\"ListItem\",\"position\":2,\"name\":\"Shop\",\"item\":\"https:\/\/floratiara.com\/shop\/\"},{\"@type\":\"ListItem\",\"position\":3,\"name\":\"Elegant Seraphina Flower Crown Bridal Headwear\"}]},{\"@type\":\"WebSite\",\"@id\":\"https:\/\/floratiara.com\/#website\",\"url\":\"https:\/\/floratiara.com\/\",\"name\":\"Flora Tiara\",\"description\":\"\",\"publisher\":{\"@id\":\"https:\/\/floratiara.com\/#organization\"},\"potentialAction\":[{\"@type\":\"SearchAction\",\"target\":{\"@type\":\"EntryPoint\",\"urlTemplate\":\"https:\/\/floratiara.com\/?s={search_term_string}\"},\"query-input\":{\"@type\":\"PropertyValueSpecification\",\"valueRequired\":true,\"valueName\":\"search_term_string\"}}],\"inLanguage\":\"cs\"},{\"@type\":\"Organization\",\"@id\":\"https:\/\/floratiara.com\/#organization\",\"name\":\"Flora Tiara\",\"url\":\"https:\/\/floratiara.com\/\",\"logo\":{\"@type\":\"ImageObject\",\"inLanguage\":\"cs\",\"@id\":\"https:\/\/floratiara.com\/#\/schema\/logo\/image\/\",\"url\":\"https:\/\/floratiara.com\/wp-content\/uploads\/2024\/03\/flora-tiara-logo.png\",\"contentUrl\":\"https:\/\/floratiara.com\/wp-content\/uploads\/2024\/03\/flora-tiara-logo.png\",\"width\":1024,\"height\":274,\"caption\":\"Flora Tiara\"},\"image\":{\"@id\":\"https:\/\/floratiara.com\/#\/schema\/logo\/image\/\"}}]}<\/script>\n<!-- \/ Yoast SEO plugin. -->","yoast_head_json":{"title":"Elegantn\u00ed svatebn\u00ed \u010delenka Seraphina Flower Crown - Flora Tiara","description":"Jedine\u010dn\u00e9 a kr\u00e1sn\u00e9: Koup\u00edte-li si na\u0161i elegantn\u00ed kv\u011btinovou korunku Seraphina, m\u016f\u017eete si po\u0159\u00eddit svatebn\u00ed pokr\u00fdvku hlavy. Pr\u00e9miov\u00e1 \u010delenka vysok\u00e9 kvality, d\u00edky n\u00ed\u017e bude tato p\u0159\u00edle\u017eitost nezapomenuteln\u00e1.","robots":{"index":"index","follow":"follow","max-snippet":"max-snippet:-1","max-image-preview":"max-image-preview:large","max-video-preview":"max-video-preview:-1"},"canonical":"https:\/\/floratiara.com\/cs\/p\/klidna-svatebni-kvetinova-celenka\/","og_locale":"cs_CZ","og_type":"article","og_title":"Elegant Seraphina Flower Crown Bridal Headwear - Flora Tiara","og_description":"Unique and beautiful: Shop our Elegant Seraphina Flower Crown Bridal Headwear. Premium high quality headpiece to make the occasion unforgettable.","og_url":"https:\/\/floratiara.com\/cs\/p\/klidna-svatebni-kvetinova-celenka\/","og_site_name":"Flora Tiara","article_modified_time":"2024-12-12T01:46:36+00:00","og_image":[{"width":1500,"height":1500,"url":"https:\/\/floratiara.com\/wp-content\/uploads\/2024\/03\/S3696ac2079f6466a800987bd6388ce75t.webp","type":"image\/webp"}],"twitter_card":"summary_large_image","twitter_misc":{"Odhadovan\u00e1 doba \u010dten\u00ed":"2 minuty"},"schema":{"@context":"https:\/\/schema.org","@graph":[{"@type":"WebPage","@id":"https:\/\/floratiara.com\/p\/serene-bridal-floral-headpiece\/","url":"https:\/\/floratiara.com\/p\/serene-bridal-floral-headpiece\/","name":"Elegantn\u00ed svatebn\u00ed \u010delenka Seraphina Flower Crown - Flora Tiara","isPartOf":{"@id":"https:\/\/floratiara.com\/#website"},"primaryImageOfPage":{"@id":"https:\/\/floratiara.com\/p\/serene-bridal-floral-headpiece\/#primaryimage"},"image":{"@id":"https:\/\/floratiara.com\/p\/serene-bridal-floral-headpiece\/#primaryimage"},"thumbnailUrl":"https:\/\/floratiara.com\/wp-content\/uploads\/2024\/03\/S3696ac2079f6466a800987bd6388ce75t.webp","datePublished":"2024-03-16T09:39:33+00:00","dateModified":"2024-12-12T01:46:36+00:00","description":"Jedine\u010dn\u00e9 a kr\u00e1sn\u00e9: Koup\u00edte-li si na\u0161i elegantn\u00ed kv\u011btinovou korunku Seraphina, m\u016f\u017eete si po\u0159\u00eddit svatebn\u00ed pokr\u00fdvku hlavy. Pr\u00e9miov\u00e1 \u010delenka vysok\u00e9 kvality, d\u00edky n\u00ed\u017e bude tato p\u0159\u00edle\u017eitost nezapomenuteln\u00e1.","breadcrumb":{"@id":"https:\/\/floratiara.com\/p\/serene-bridal-floral-headpiece\/#breadcrumb"},"inLanguage":"cs","potentialAction":[{"@type":"ReadAction","target":["https:\/\/floratiara.com\/p\/serene-bridal-floral-headpiece\/"]}]},{"@type":"ImageObject","inLanguage":"cs","@id":"https:\/\/floratiara.com\/p\/serene-bridal-floral-headpiece\/#primaryimage","url":"https:\/\/floratiara.com\/wp-content\/uploads\/2024\/03\/S3696ac2079f6466a800987bd6388ce75t.webp","contentUrl":"https:\/\/floratiara.com\/wp-content\/uploads\/2024\/03\/S3696ac2079f6466a800987bd6388ce75t.webp","width":1500,"height":1500},{"@type":"BreadcrumbList","@id":"https:\/\/floratiara.com\/p\/serene-bridal-floral-headpiece\/#breadcrumb","itemListElement":[{"@type":"ListItem","position":1,"name":"Home","item":"https:\/\/floratiara.com\/"},{"@type":"ListItem","position":2,"name":"Shop","item":"https:\/\/floratiara.com\/shop\/"},{"@type":"ListItem","position":3,"name":"Elegant Seraphina Flower Crown Bridal Headwear"}]},{"@type":"WebSite","@id":"https:\/\/floratiara.com\/#website","url":"https:\/\/floratiara.com\/","name":"Flora Tiara","description":"","publisher":{"@id":"https:\/\/floratiara.com\/#organization"},"potentialAction":[{"@type":"SearchAction","target":{"@type":"EntryPoint","urlTemplate":"https:\/\/floratiara.com\/?s={search_term_string}"},"query-input":{"@type":"PropertyValueSpecification","valueRequired":true,"valueName":"search_term_string"}}],"inLanguage":"cs"},{"@type":"Organization","@id":"https:\/\/floratiara.com\/#organization","name":"Flora Tiara","url":"https:\/\/floratiara.com\/","logo":{"@type":"ImageObject","inLanguage":"cs","@id":"https:\/\/floratiara.com\/#\/schema\/logo\/image\/","url":"https:\/\/floratiara.com\/wp-content\/uploads\/2024\/03\/flora-tiara-logo.png","contentUrl":"https:\/\/floratiara.com\/wp-content\/uploads\/2024\/03\/flora-tiara-logo.png","width":1024,"height":274,"caption":"Flora Tiara"},"image":{"@id":"https:\/\/floratiara.com\/#\/schema\/logo\/image\/"}}]}},"_links":{"self":[{"href":"https:\/\/floratiara.com\/cs\/wp-json\/wp\/v2\/product\/262","targetHints":{"allow":["GET"]}}],"collection":[{"href":"https:\/\/floratiara.com\/cs\/wp-json\/wp\/v2\/product"}],"about":[{"href":"https:\/\/floratiara.com\/cs\/wp-json\/wp\/v2\/types\/product"}],"wp:featuredmedia":[{"embeddable":true,"href":"https:\/\/floratiara.com\/cs\/wp-json\/wp\/v2\/media\/261"}],"wp:attachment":[{"href":"https:\/\/floratiara.com\/cs\/wp-json\/wp\/v2\/media?parent=262"}],"wp:term":[{"taxonomy":"product_brand","embeddable":true,"href":"https:\/\/floratiara.com\/cs\/wp-json\/wp\/v2\/product_brand?post=262"},{"taxonomy":"product_cat","embeddable":true,"href":"https:\/\/floratiara.com\/cs\/wp-json\/wp\/v2\/product_cat?post=262"},{"taxonomy":"product_tag","embeddable":true,"href":"https:\/\/floratiara.com\/cs\/wp-json\/wp\/v2\/product_tag?post=262"}],"curies":[{"name":"wp","href":"https:\/\/api.w.org\/{rel}","templated":true}]}}