{"id":357,"date":"2024-03-16T09:41:44","date_gmt":"2024-03-16T09:41:44","guid":{"rendered":"https:\/\/floratiara.com\/?post_type=product&#038;p=357"},"modified":"2024-12-12T01:44:57","modified_gmt":"2024-12-12T01:44:57","slug":"kvetinova-celenka-svatebni-prislusenstvi","status":"publish","type":"product","link":"https:\/\/floratiara.com\/cs\/p\/kvetinova-celenka-svatebni-prislusenstvi\/","title":{"rendered":"Okouzluj\u00edc\u00ed kv\u011btinov\u00e1 koruna svatebn\u00ed pokr\u00fdvky hlavy"},"content":{"rendered":"<p>Ozdobte sv\u016fj v\u00fdjime\u010dn\u00fd den na\u0161\u00ed okouzluj\u00edc\u00ed kv\u011btinovou korunou, kter\u00e1 je zt\u011blesn\u011bn\u00edm romantiky a elegance. Ka\u017ed\u00e1 koruna je dokonale \u0161it\u00e1 na m\u00edru a py\u0161n\u00ed se ru\u010dn\u011b vyrobenou \u0159adou sv\u011b\u017e\u00edch \u010derven\u00fdch a r\u016f\u017eov\u00fdch r\u016f\u017e\u00ed v kombinaci s \u00e9terick\u00fdmi b\u00edl\u00fdmi r\u016f\u017eemi a sedmikr\u00e1skami. P\u0159idan\u00e1 zele\u0148 dod\u00e1v\u00e1 korunce sv\u011b\u017e\u00ed, organick\u00fd vzhled, ide\u00e1ln\u00ed pro nev\u011bsty a dru\u017ei\u010dky, kter\u00e9 hledaj\u00ed dotek p\u0159irozen\u00e9ho p\u016fvabu. Tento kv\u011btinov\u00fd v\u011bnec, kter\u00fd se snadno nos\u00ed a je v\u0161estrann\u00fd, nen\u00ed jen dopl\u0148kem; je to prohl\u00e1\u0161en\u00ed nad\u010dasov\u00e9 kr\u00e1sy, kter\u00e9 umocn\u00ed ka\u017edou oslavu a prom\u011bn\u00ed v\u00e1s v \u00fast\u0159edn\u00ed postavu va\u0161\u00ed vlastn\u00ed poh\u00e1dky.<\/p><p>Slo\u017een\u00ed: \u010derven\u00e9 r\u016f\u017ee, pudrov\u011b r\u016f\u017eov\u00e9 r\u016f\u017ee, b\u00edl\u00e9 srdcov\u00e9 r\u016f\u017ee, b\u00edl\u00e9 sedmikr\u00e1sky, b\u00edl\u00e9 v\u00fdpl\u0148ov\u00e9 kv\u011bty, zelen\u00e9 listy a zelen\u00e9 \u00faponky.<\/p>","protected":false},"excerpt":{"rendered":"<div style=\"width: 90%;text-align: left;margin: auto\"><p style=\"text-align:center\"><b>\ud83d\udc51 Z na\u0161ich rukou do va\u0161\u00ed hlavy<\/b><br \/><i>Luxusn\u00ed kv\u011btinov\u00e9 koruny pro ka\u017edou p\u0159\u00edle\u017eitost<\/i><\/p><ul><li>\u2702\ufe0f Pe\u010dliv\u011b p\u0159ipraven\u00e9 v srdci m\u011bsta <b>\u010cesk\u00e1 republika<\/b><\/li><li><b>\ud83d\udc90 Slo\u017een\u00ed: \u010derven\u00e9 r\u016f\u017ee, pudrov\u011b r\u016f\u017eov\u00e9 r\u016f\u017ee, b\u00edl\u00e9 srdcov\u00e9 r\u016f\u017ee, b\u00edl\u00e9 sedmikr\u00e1sky, b\u00edl\u00e9 v\u00fdpl\u0148ov\u00e9 kv\u011bty, zelen\u00e9 listy a zelen\u00e9 \u00faponky.<\/b><\/li><\/ul><\/div>","protected":false},"featured_media":356,"template":"","meta":[],"product_brand":[],"product_cat":[61,78,60,77,59],"product_tag":[],"class_list":{"0":"post-357","1":"product","2":"type-product","3":"status-publish","4":"has-post-thumbnail","6":"product_cat-bridesmaid-floral-headpiece","7":"product_cat-dried-floral-headpiece","8":"product_cat-floral-headpiece-flower-girl","9":"product_cat-red-floral-headpiece","10":"product_cat-bridal-floral-headpiece","12":"first","13":"instock","14":"shipping-taxable","15":"purchasable","16":"product-type-simple"},"yoast_head":"<!-- This site is optimized with the Yoast SEO plugin v25.9 - https:\/\/yoast.com\/wordpress\/plugins\/seo\/ -->\n<title>Enchanting Flower Crown Bridal Headwear - Flora Tiara<\/title>\n<meta name=\"description\" content=\"Unique and beautiful: Shop our Enchanting Flower Crown Bridal Headwear. Premium high quality headpiece to make the occasion unforgettable.\" \/>\n<meta name=\"robots\" content=\"index, follow, max-snippet:-1, max-image-preview:large, max-video-preview:-1\" \/>\n<link rel=\"canonical\" href=\"https:\/\/floratiara.com\/cs\/p\/kvetinova-celenka-svatebni-prislusenstvi\/\" \/>\n<meta property=\"og:locale\" content=\"cs_CZ\" \/>\n<meta property=\"og:type\" content=\"article\" \/>\n<meta property=\"og:title\" content=\"Enchanting Flower Crown Bridal Headwear - Flora Tiara\" \/>\n<meta property=\"og:description\" content=\"Unique and beautiful: Shop our Enchanting Flower Crown Bridal Headwear. Premium high quality headpiece to make the occasion unforgettable.\" \/>\n<meta property=\"og:url\" content=\"https:\/\/floratiara.com\/cs\/p\/kvetinova-celenka-svatebni-prislusenstvi\/\" \/>\n<meta property=\"og:site_name\" content=\"Flora Tiara\" \/>\n<meta property=\"article:modified_time\" content=\"2024-12-12T01:44:57+00:00\" \/>\n<meta property=\"og:image\" content=\"https:\/\/floratiara.com\/wp-content\/uploads\/2024\/03\/S1ca2012cb73f4f74bc832ae5647542c6a.webp\" \/>\n\t<meta property=\"og:image:width\" content=\"1500\" \/>\n\t<meta property=\"og:image:height\" content=\"1500\" \/>\n\t<meta property=\"og:image:type\" content=\"image\/webp\" \/>\n<meta name=\"twitter:card\" content=\"summary_large_image\" \/>\n<meta name=\"twitter:label1\" content=\"Odhadovan\u00e1 doba \u010dten\u00ed\" \/>\n\t<meta name=\"twitter:data1\" content=\"5 minut\" \/>\n<script type=\"application\/ld+json\" class=\"yoast-schema-graph\">{\"@context\":\"https:\/\/schema.org\",\"@graph\":[{\"@type\":\"WebPage\",\"@id\":\"https:\/\/floratiara.com\/p\/floral-headdress-wedding-accessory\/\",\"url\":\"https:\/\/floratiara.com\/p\/floral-headdress-wedding-accessory\/\",\"name\":\"Enchanting Flower Crown Bridal Headwear - Flora Tiara\",\"isPartOf\":{\"@id\":\"https:\/\/floratiara.com\/#website\"},\"primaryImageOfPage\":{\"@id\":\"https:\/\/floratiara.com\/p\/floral-headdress-wedding-accessory\/#primaryimage\"},\"image\":{\"@id\":\"https:\/\/floratiara.com\/p\/floral-headdress-wedding-accessory\/#primaryimage\"},\"thumbnailUrl\":\"https:\/\/floratiara.com\/wp-content\/uploads\/2024\/03\/S1ca2012cb73f4f74bc832ae5647542c6a.webp\",\"datePublished\":\"2024-03-16T09:41:44+00:00\",\"dateModified\":\"2024-12-12T01:44:57+00:00\",\"description\":\"Unique and beautiful: Shop our Enchanting Flower Crown Bridal Headwear. Premium high quality headpiece to make the occasion unforgettable.\",\"breadcrumb\":{\"@id\":\"https:\/\/floratiara.com\/p\/floral-headdress-wedding-accessory\/#breadcrumb\"},\"inLanguage\":\"cs\",\"potentialAction\":[{\"@type\":\"ReadAction\",\"target\":[\"https:\/\/floratiara.com\/p\/floral-headdress-wedding-accessory\/\"]}]},{\"@type\":\"ImageObject\",\"inLanguage\":\"cs\",\"@id\":\"https:\/\/floratiara.com\/p\/floral-headdress-wedding-accessory\/#primaryimage\",\"url\":\"https:\/\/floratiara.com\/wp-content\/uploads\/2024\/03\/S1ca2012cb73f4f74bc832ae5647542c6a.webp\",\"contentUrl\":\"https:\/\/floratiara.com\/wp-content\/uploads\/2024\/03\/S1ca2012cb73f4f74bc832ae5647542c6a.webp\",\"width\":1500,\"height\":1500},{\"@type\":\"BreadcrumbList\",\"@id\":\"https:\/\/floratiara.com\/p\/floral-headdress-wedding-accessory\/#breadcrumb\",\"itemListElement\":[{\"@type\":\"ListItem\",\"position\":1,\"name\":\"Home\",\"item\":\"https:\/\/floratiara.com\/\"},{\"@type\":\"ListItem\",\"position\":2,\"name\":\"Shop\",\"item\":\"https:\/\/floratiara.com\/shop\/\"},{\"@type\":\"ListItem\",\"position\":3,\"name\":\"Enchanting Flower Crown Bridal Headwear\"}]},{\"@type\":\"WebSite\",\"@id\":\"https:\/\/floratiara.com\/#website\",\"url\":\"https:\/\/floratiara.com\/\",\"name\":\"Flora Tiara\",\"description\":\"\",\"publisher\":{\"@id\":\"https:\/\/floratiara.com\/#organization\"},\"potentialAction\":[{\"@type\":\"SearchAction\",\"target\":{\"@type\":\"EntryPoint\",\"urlTemplate\":\"https:\/\/floratiara.com\/?s={search_term_string}\"},\"query-input\":{\"@type\":\"PropertyValueSpecification\",\"valueRequired\":true,\"valueName\":\"search_term_string\"}}],\"inLanguage\":\"cs\"},{\"@type\":\"Organization\",\"@id\":\"https:\/\/floratiara.com\/#organization\",\"name\":\"Flora Tiara\",\"url\":\"https:\/\/floratiara.com\/\",\"logo\":{\"@type\":\"ImageObject\",\"inLanguage\":\"cs\",\"@id\":\"https:\/\/floratiara.com\/#\/schema\/logo\/image\/\",\"url\":\"https:\/\/floratiara.com\/wp-content\/uploads\/2024\/03\/flora-tiara-logo.png\",\"contentUrl\":\"https:\/\/floratiara.com\/wp-content\/uploads\/2024\/03\/flora-tiara-logo.png\",\"width\":1024,\"height\":274,\"caption\":\"Flora Tiara\"},\"image\":{\"@id\":\"https:\/\/floratiara.com\/#\/schema\/logo\/image\/\"}}]}<\/script>\n<!-- \/ Yoast SEO plugin. -->","yoast_head_json":{"title":"Okouzluj\u00edc\u00ed kv\u011btinov\u00e1 koruna svatebn\u00ed pokr\u00fdvky hlavy - Flora Tiara","description":"Jedine\u010dn\u00e9 a kr\u00e1sn\u00e9: Koupit na\u0161e okouzluj\u00edc\u00ed kv\u011btinov\u00e9 korunky pro nev\u011bsty. Pr\u00e9miov\u00e1 \u010delenka vysok\u00e9 kvality, d\u00edky n\u00ed\u017e bude tato p\u0159\u00edle\u017eitost nezapomenuteln\u00e1.","robots":{"index":"index","follow":"follow","max-snippet":"max-snippet:-1","max-image-preview":"max-image-preview:large","max-video-preview":"max-video-preview:-1"},"canonical":"https:\/\/floratiara.com\/cs\/p\/kvetinova-celenka-svatebni-prislusenstvi\/","og_locale":"cs_CZ","og_type":"article","og_title":"Enchanting Flower Crown Bridal Headwear - Flora Tiara","og_description":"Unique and beautiful: Shop our Enchanting Flower Crown Bridal Headwear. Premium high quality headpiece to make the occasion unforgettable.","og_url":"https:\/\/floratiara.com\/cs\/p\/kvetinova-celenka-svatebni-prislusenstvi\/","og_site_name":"Flora Tiara","article_modified_time":"2024-12-12T01:44:57+00:00","og_image":[{"width":1500,"height":1500,"url":"https:\/\/floratiara.com\/wp-content\/uploads\/2024\/03\/S1ca2012cb73f4f74bc832ae5647542c6a.webp","type":"image\/webp"}],"twitter_card":"summary_large_image","twitter_misc":{"Odhadovan\u00e1 doba \u010dten\u00ed":"5 minut"},"schema":{"@context":"https:\/\/schema.org","@graph":[{"@type":"WebPage","@id":"https:\/\/floratiara.com\/p\/floral-headdress-wedding-accessory\/","url":"https:\/\/floratiara.com\/p\/floral-headdress-wedding-accessory\/","name":"Okouzluj\u00edc\u00ed kv\u011btinov\u00e1 koruna svatebn\u00ed pokr\u00fdvky hlavy - Flora Tiara","isPartOf":{"@id":"https:\/\/floratiara.com\/#website"},"primaryImageOfPage":{"@id":"https:\/\/floratiara.com\/p\/floral-headdress-wedding-accessory\/#primaryimage"},"image":{"@id":"https:\/\/floratiara.com\/p\/floral-headdress-wedding-accessory\/#primaryimage"},"thumbnailUrl":"https:\/\/floratiara.com\/wp-content\/uploads\/2024\/03\/S1ca2012cb73f4f74bc832ae5647542c6a.webp","datePublished":"2024-03-16T09:41:44+00:00","dateModified":"2024-12-12T01:44:57+00:00","description":"Jedine\u010dn\u00e9 a kr\u00e1sn\u00e9: Koupit na\u0161e okouzluj\u00edc\u00ed kv\u011btinov\u00e9 korunky pro nev\u011bsty. Pr\u00e9miov\u00e1 \u010delenka vysok\u00e9 kvality, d\u00edky n\u00ed\u017e bude tato p\u0159\u00edle\u017eitost nezapomenuteln\u00e1.","breadcrumb":{"@id":"https:\/\/floratiara.com\/p\/floral-headdress-wedding-accessory\/#breadcrumb"},"inLanguage":"cs","potentialAction":[{"@type":"ReadAction","target":["https:\/\/floratiara.com\/p\/floral-headdress-wedding-accessory\/"]}]},{"@type":"ImageObject","inLanguage":"cs","@id":"https:\/\/floratiara.com\/p\/floral-headdress-wedding-accessory\/#primaryimage","url":"https:\/\/floratiara.com\/wp-content\/uploads\/2024\/03\/S1ca2012cb73f4f74bc832ae5647542c6a.webp","contentUrl":"https:\/\/floratiara.com\/wp-content\/uploads\/2024\/03\/S1ca2012cb73f4f74bc832ae5647542c6a.webp","width":1500,"height":1500},{"@type":"BreadcrumbList","@id":"https:\/\/floratiara.com\/p\/floral-headdress-wedding-accessory\/#breadcrumb","itemListElement":[{"@type":"ListItem","position":1,"name":"Home","item":"https:\/\/floratiara.com\/"},{"@type":"ListItem","position":2,"name":"Shop","item":"https:\/\/floratiara.com\/shop\/"},{"@type":"ListItem","position":3,"name":"Enchanting Flower Crown Bridal Headwear"}]},{"@type":"WebSite","@id":"https:\/\/floratiara.com\/#website","url":"https:\/\/floratiara.com\/","name":"Flora Tiara","description":"","publisher":{"@id":"https:\/\/floratiara.com\/#organization"},"potentialAction":[{"@type":"SearchAction","target":{"@type":"EntryPoint","urlTemplate":"https:\/\/floratiara.com\/?s={search_term_string}"},"query-input":{"@type":"PropertyValueSpecification","valueRequired":true,"valueName":"search_term_string"}}],"inLanguage":"cs"},{"@type":"Organization","@id":"https:\/\/floratiara.com\/#organization","name":"Flora Tiara","url":"https:\/\/floratiara.com\/","logo":{"@type":"ImageObject","inLanguage":"cs","@id":"https:\/\/floratiara.com\/#\/schema\/logo\/image\/","url":"https:\/\/floratiara.com\/wp-content\/uploads\/2024\/03\/flora-tiara-logo.png","contentUrl":"https:\/\/floratiara.com\/wp-content\/uploads\/2024\/03\/flora-tiara-logo.png","width":1024,"height":274,"caption":"Flora Tiara"},"image":{"@id":"https:\/\/floratiara.com\/#\/schema\/logo\/image\/"}}]}},"_links":{"self":[{"href":"https:\/\/floratiara.com\/cs\/wp-json\/wp\/v2\/product\/357","targetHints":{"allow":["GET"]}}],"collection":[{"href":"https:\/\/floratiara.com\/cs\/wp-json\/wp\/v2\/product"}],"about":[{"href":"https:\/\/floratiara.com\/cs\/wp-json\/wp\/v2\/types\/product"}],"wp:featuredmedia":[{"embeddable":true,"href":"https:\/\/floratiara.com\/cs\/wp-json\/wp\/v2\/media\/356"}],"wp:attachment":[{"href":"https:\/\/floratiara.com\/cs\/wp-json\/wp\/v2\/media?parent=357"}],"wp:term":[{"taxonomy":"product_brand","embeddable":true,"href":"https:\/\/floratiara.com\/cs\/wp-json\/wp\/v2\/product_brand?post=357"},{"taxonomy":"product_cat","embeddable":true,"href":"https:\/\/floratiara.com\/cs\/wp-json\/wp\/v2\/product_cat?post=357"},{"taxonomy":"product_tag","embeddable":true,"href":"https:\/\/floratiara.com\/cs\/wp-json\/wp\/v2\/product_tag?post=357"}],"curies":[{"name":"wp","href":"https:\/\/api.w.org\/{rel}","templated":true}]}}