{"id":505,"date":"2024-03-16T09:45:43","date_gmt":"2024-03-16T09:45:43","guid":{"rendered":"https:\/\/floratiara.com\/?post_type=product&#038;p=505"},"modified":"2024-12-12T01:42:22","modified_gmt":"2024-12-12T01:42:22","slug":"okouzlujici-svatebni-kvetinova-celenka-2","status":"publish","type":"product","link":"https:\/\/floratiara.com\/cs\/p\/okouzlujici-svatebni-kvetinova-celenka-2\/","title":{"rendered":"Elegantn\u00ed kv\u011btinov\u00e1 koruna pro svatebn\u00ed dopln\u011bk na vlasy"},"content":{"rendered":"<p>Vyzdvihn\u011bte sv\u016fj v\u00fdjime\u010dn\u00fd den s na\u0161\u00ed okouzluj\u00edc\u00ed kv\u011btinovou korunkou, vytvo\u0159enou jako \u0161perk p\u0159\u00edrodn\u00ed elegance, kter\u00e1 dod\u00e1 va\u0161emu svatebn\u00edmu vzhledu rozmar a romantiku. Korunka Rosa Flora s n\u011b\u017en\u00fdmi r\u016f\u017eov\u00fdmi r\u016f\u017eemi, \u010dist\u011b b\u00edl\u00fdmi sedmikr\u00e1skami a n\u011b\u017en\u00fdmi fr\u00e9ziemi vytv\u00e1\u0159\u00ed poh\u00e1dkovou atmosf\u00e9ru, kter\u00e1 je ide\u00e1ln\u00ed pro svatby, ve\u010d\u00edrky nebo jak\u00e9koli slavnostn\u00ed p\u0159\u00edle\u017eitosti. Jej\u00ed nastaviteln\u00e1 velikost se hod\u00ed jak pro dosp\u011bl\u00e9, tak pro d\u011bti a slibuje, \u017ee bude pe\u010dliv\u011b ru\u010dn\u011b vyrobenou te\u010dkou na z\u00e1v\u011br, kter\u00e1 oto\u010d\u00ed hlavy a chytne za srdce. Obejm\u011bte sv\u016fj okam\u017eik t\u00edmto kv\u011btinov\u00fdm mistrovsk\u00fdm d\u00edlem a vytvo\u0159te si vzpom\u00ednky, kter\u00e9 rozkvetou nav\u017edy.<\/p><p>Slo\u017een\u00ed: r\u016f\u017eov\u00e9 r\u016f\u017ee, b\u00edl\u00e9 sedmikr\u00e1sky, b\u00edl\u00e9 fr\u00e9zie, r\u016f\u017eov\u00e9 astilby, zelen\u00e9 listy, b\u00edl\u00fd dech baby's breath (gypsophila).<\/p>","protected":false},"excerpt":{"rendered":"<div style=\"width: 90%;text-align: left;margin: auto\"><p style=\"text-align:center\"><b>\ud83d\udc51 Z na\u0161ich rukou do va\u0161\u00ed hlavy<\/b><br \/><i>Luxusn\u00ed kv\u011btinov\u00e9 koruny pro ka\u017edou p\u0159\u00edle\u017eitost<\/i><\/p><ul><li>\u2702\ufe0f Pe\u010dliv\u011b p\u0159ipraven\u00e9 v srdci m\u011bsta <b>\u010cesk\u00e1 republika<\/b><\/li><li><b>\ud83d\udc90 Slo\u017een\u00ed: r\u016f\u017eov\u00e9 r\u016f\u017ee, b\u00edl\u00e9 sedmikr\u00e1sky, b\u00edl\u00e9 fr\u00e9zie, r\u016f\u017eov\u00e9 astilby, zelen\u00e9 listy, b\u00edl\u00fd d\u011btsk\u00fd dech (gypsophila).<\/b><\/li><\/ul><\/div>","protected":false},"featured_media":504,"template":"","meta":[],"product_brand":[],"product_cat":[61,60,70,59,71],"product_tag":[],"class_list":{"0":"post-505","1":"product","2":"type-product","3":"status-publish","4":"has-post-thumbnail","6":"product_cat-bridesmaid-floral-headpiece","7":"product_cat-floral-headpiece-flower-girl","8":"product_cat-rose-floral-headpiece","9":"product_cat-bridal-floral-headpiece","10":"product_cat-white-floral-headpiece","12":"first","13":"instock","14":"shipping-taxable","15":"purchasable","16":"product-type-simple"},"yoast_head":"<!-- This site is optimized with the Yoast SEO plugin v25.9 - https:\/\/yoast.com\/wordpress\/plugins\/seo\/ -->\n<title>Elegant Flower Crown for Bridal Hair Accessory - Flora Tiara<\/title>\n<meta name=\"description\" content=\"Unique and beautiful: Shop our Elegant Flower Crown for Bridal Hair Accessory. Premium high quality headpiece to make the occasion unforgettable.\" \/>\n<meta name=\"robots\" content=\"index, follow, max-snippet:-1, max-image-preview:large, max-video-preview:-1\" \/>\n<link rel=\"canonical\" href=\"https:\/\/floratiara.com\/cs\/p\/okouzlujici-svatebni-kvetinova-celenka-2\/\" \/>\n<meta property=\"og:locale\" content=\"cs_CZ\" \/>\n<meta property=\"og:type\" content=\"article\" \/>\n<meta property=\"og:title\" content=\"Elegant Flower Crown for Bridal Hair Accessory - Flora Tiara\" \/>\n<meta property=\"og:description\" content=\"Unique and beautiful: Shop our Elegant Flower Crown for Bridal Hair Accessory. Premium high quality headpiece to make the occasion unforgettable.\" \/>\n<meta property=\"og:url\" content=\"https:\/\/floratiara.com\/cs\/p\/okouzlujici-svatebni-kvetinova-celenka-2\/\" \/>\n<meta property=\"og:site_name\" content=\"Flora Tiara\" \/>\n<meta property=\"article:modified_time\" content=\"2024-12-12T01:42:22+00:00\" \/>\n<meta property=\"og:image\" content=\"https:\/\/floratiara.com\/wp-content\/uploads\/2024\/03\/S064fb0b3768340edb3bd829844dffee9c.webp\" \/>\n\t<meta property=\"og:image:width\" content=\"1500\" \/>\n\t<meta property=\"og:image:height\" content=\"1500\" \/>\n\t<meta property=\"og:image:type\" content=\"image\/webp\" \/>\n<meta name=\"twitter:card\" content=\"summary_large_image\" \/>\n<meta name=\"twitter:label1\" content=\"Odhadovan\u00e1 doba \u010dten\u00ed\" \/>\n\t<meta name=\"twitter:data1\" content=\"5 minut\" \/>\n<script type=\"application\/ld+json\" class=\"yoast-schema-graph\">{\"@context\":\"https:\/\/schema.org\",\"@graph\":[{\"@type\":\"WebPage\",\"@id\":\"https:\/\/floratiara.com\/p\/enchanting-wedding-floral-headband\/\",\"url\":\"https:\/\/floratiara.com\/p\/enchanting-wedding-floral-headband\/\",\"name\":\"Elegant Flower Crown for Bridal Hair Accessory - Flora Tiara\",\"isPartOf\":{\"@id\":\"https:\/\/floratiara.com\/#website\"},\"primaryImageOfPage\":{\"@id\":\"https:\/\/floratiara.com\/p\/enchanting-wedding-floral-headband\/#primaryimage\"},\"image\":{\"@id\":\"https:\/\/floratiara.com\/p\/enchanting-wedding-floral-headband\/#primaryimage\"},\"thumbnailUrl\":\"https:\/\/floratiara.com\/wp-content\/uploads\/2024\/03\/S064fb0b3768340edb3bd829844dffee9c.webp\",\"datePublished\":\"2024-03-16T09:45:43+00:00\",\"dateModified\":\"2024-12-12T01:42:22+00:00\",\"description\":\"Unique and beautiful: Shop our Elegant Flower Crown for Bridal Hair Accessory. Premium high quality headpiece to make the occasion unforgettable.\",\"breadcrumb\":{\"@id\":\"https:\/\/floratiara.com\/p\/enchanting-wedding-floral-headband\/#breadcrumb\"},\"inLanguage\":\"cs\",\"potentialAction\":[{\"@type\":\"ReadAction\",\"target\":[\"https:\/\/floratiara.com\/p\/enchanting-wedding-floral-headband\/\"]}]},{\"@type\":\"ImageObject\",\"inLanguage\":\"cs\",\"@id\":\"https:\/\/floratiara.com\/p\/enchanting-wedding-floral-headband\/#primaryimage\",\"url\":\"https:\/\/floratiara.com\/wp-content\/uploads\/2024\/03\/S064fb0b3768340edb3bd829844dffee9c.webp\",\"contentUrl\":\"https:\/\/floratiara.com\/wp-content\/uploads\/2024\/03\/S064fb0b3768340edb3bd829844dffee9c.webp\",\"width\":1500,\"height\":1500},{\"@type\":\"BreadcrumbList\",\"@id\":\"https:\/\/floratiara.com\/p\/enchanting-wedding-floral-headband\/#breadcrumb\",\"itemListElement\":[{\"@type\":\"ListItem\",\"position\":1,\"name\":\"Home\",\"item\":\"https:\/\/floratiara.com\/\"},{\"@type\":\"ListItem\",\"position\":2,\"name\":\"Shop\",\"item\":\"https:\/\/floratiara.com\/shop\/\"},{\"@type\":\"ListItem\",\"position\":3,\"name\":\"Elegant Flower Crown for Bridal Hair Accessory\"}]},{\"@type\":\"WebSite\",\"@id\":\"https:\/\/floratiara.com\/#website\",\"url\":\"https:\/\/floratiara.com\/\",\"name\":\"Flora Tiara\",\"description\":\"\",\"publisher\":{\"@id\":\"https:\/\/floratiara.com\/#organization\"},\"potentialAction\":[{\"@type\":\"SearchAction\",\"target\":{\"@type\":\"EntryPoint\",\"urlTemplate\":\"https:\/\/floratiara.com\/?s={search_term_string}\"},\"query-input\":{\"@type\":\"PropertyValueSpecification\",\"valueRequired\":true,\"valueName\":\"search_term_string\"}}],\"inLanguage\":\"cs\"},{\"@type\":\"Organization\",\"@id\":\"https:\/\/floratiara.com\/#organization\",\"name\":\"Flora Tiara\",\"url\":\"https:\/\/floratiara.com\/\",\"logo\":{\"@type\":\"ImageObject\",\"inLanguage\":\"cs\",\"@id\":\"https:\/\/floratiara.com\/#\/schema\/logo\/image\/\",\"url\":\"https:\/\/floratiara.com\/wp-content\/uploads\/2024\/03\/flora-tiara-logo.png\",\"contentUrl\":\"https:\/\/floratiara.com\/wp-content\/uploads\/2024\/03\/flora-tiara-logo.png\",\"width\":1024,\"height\":274,\"caption\":\"Flora Tiara\"},\"image\":{\"@id\":\"https:\/\/floratiara.com\/#\/schema\/logo\/image\/\"}}]}<\/script>\n<!-- \/ Yoast SEO plugin. -->","yoast_head_json":{"title":"Elegantn\u00ed kv\u011btinov\u00e1 koruna pro svatebn\u00ed dopln\u011bk do vlas\u016f - Flora Tiara","description":"Jedine\u010dn\u00e9 a kr\u00e1sn\u00e9: Koupit si na\u0161i elegantn\u00ed kv\u011btinovou korunku pro svatebn\u00ed vlasov\u00fd dopln\u011bk. Pr\u00e9miov\u00e1 \u010delenka vysok\u00e9 kvality, d\u00edky n\u00ed\u017e bude tato p\u0159\u00edle\u017eitost nezapomenuteln\u00e1.","robots":{"index":"index","follow":"follow","max-snippet":"max-snippet:-1","max-image-preview":"max-image-preview:large","max-video-preview":"max-video-preview:-1"},"canonical":"https:\/\/floratiara.com\/cs\/p\/okouzlujici-svatebni-kvetinova-celenka-2\/","og_locale":"cs_CZ","og_type":"article","og_title":"Elegant Flower Crown for Bridal Hair Accessory - Flora Tiara","og_description":"Unique and beautiful: Shop our Elegant Flower Crown for Bridal Hair Accessory. Premium high quality headpiece to make the occasion unforgettable.","og_url":"https:\/\/floratiara.com\/cs\/p\/okouzlujici-svatebni-kvetinova-celenka-2\/","og_site_name":"Flora Tiara","article_modified_time":"2024-12-12T01:42:22+00:00","og_image":[{"width":1500,"height":1500,"url":"https:\/\/floratiara.com\/wp-content\/uploads\/2024\/03\/S064fb0b3768340edb3bd829844dffee9c.webp","type":"image\/webp"}],"twitter_card":"summary_large_image","twitter_misc":{"Odhadovan\u00e1 doba \u010dten\u00ed":"5 minut"},"schema":{"@context":"https:\/\/schema.org","@graph":[{"@type":"WebPage","@id":"https:\/\/floratiara.com\/p\/enchanting-wedding-floral-headband\/","url":"https:\/\/floratiara.com\/p\/enchanting-wedding-floral-headband\/","name":"Elegantn\u00ed kv\u011btinov\u00e1 koruna pro svatebn\u00ed dopln\u011bk do vlas\u016f - Flora Tiara","isPartOf":{"@id":"https:\/\/floratiara.com\/#website"},"primaryImageOfPage":{"@id":"https:\/\/floratiara.com\/p\/enchanting-wedding-floral-headband\/#primaryimage"},"image":{"@id":"https:\/\/floratiara.com\/p\/enchanting-wedding-floral-headband\/#primaryimage"},"thumbnailUrl":"https:\/\/floratiara.com\/wp-content\/uploads\/2024\/03\/S064fb0b3768340edb3bd829844dffee9c.webp","datePublished":"2024-03-16T09:45:43+00:00","dateModified":"2024-12-12T01:42:22+00:00","description":"Jedine\u010dn\u00e9 a kr\u00e1sn\u00e9: Koupit si na\u0161i elegantn\u00ed kv\u011btinovou korunku pro svatebn\u00ed vlasov\u00fd dopln\u011bk. Pr\u00e9miov\u00e1 \u010delenka vysok\u00e9 kvality, d\u00edky n\u00ed\u017e bude tato p\u0159\u00edle\u017eitost nezapomenuteln\u00e1.","breadcrumb":{"@id":"https:\/\/floratiara.com\/p\/enchanting-wedding-floral-headband\/#breadcrumb"},"inLanguage":"cs","potentialAction":[{"@type":"ReadAction","target":["https:\/\/floratiara.com\/p\/enchanting-wedding-floral-headband\/"]}]},{"@type":"ImageObject","inLanguage":"cs","@id":"https:\/\/floratiara.com\/p\/enchanting-wedding-floral-headband\/#primaryimage","url":"https:\/\/floratiara.com\/wp-content\/uploads\/2024\/03\/S064fb0b3768340edb3bd829844dffee9c.webp","contentUrl":"https:\/\/floratiara.com\/wp-content\/uploads\/2024\/03\/S064fb0b3768340edb3bd829844dffee9c.webp","width":1500,"height":1500},{"@type":"BreadcrumbList","@id":"https:\/\/floratiara.com\/p\/enchanting-wedding-floral-headband\/#breadcrumb","itemListElement":[{"@type":"ListItem","position":1,"name":"Home","item":"https:\/\/floratiara.com\/"},{"@type":"ListItem","position":2,"name":"Shop","item":"https:\/\/floratiara.com\/shop\/"},{"@type":"ListItem","position":3,"name":"Elegant Flower Crown for Bridal Hair Accessory"}]},{"@type":"WebSite","@id":"https:\/\/floratiara.com\/#website","url":"https:\/\/floratiara.com\/","name":"Flora Tiara","description":"","publisher":{"@id":"https:\/\/floratiara.com\/#organization"},"potentialAction":[{"@type":"SearchAction","target":{"@type":"EntryPoint","urlTemplate":"https:\/\/floratiara.com\/?s={search_term_string}"},"query-input":{"@type":"PropertyValueSpecification","valueRequired":true,"valueName":"search_term_string"}}],"inLanguage":"cs"},{"@type":"Organization","@id":"https:\/\/floratiara.com\/#organization","name":"Flora Tiara","url":"https:\/\/floratiara.com\/","logo":{"@type":"ImageObject","inLanguage":"cs","@id":"https:\/\/floratiara.com\/#\/schema\/logo\/image\/","url":"https:\/\/floratiara.com\/wp-content\/uploads\/2024\/03\/flora-tiara-logo.png","contentUrl":"https:\/\/floratiara.com\/wp-content\/uploads\/2024\/03\/flora-tiara-logo.png","width":1024,"height":274,"caption":"Flora Tiara"},"image":{"@id":"https:\/\/floratiara.com\/#\/schema\/logo\/image\/"}}]}},"_links":{"self":[{"href":"https:\/\/floratiara.com\/cs\/wp-json\/wp\/v2\/product\/505","targetHints":{"allow":["GET"]}}],"collection":[{"href":"https:\/\/floratiara.com\/cs\/wp-json\/wp\/v2\/product"}],"about":[{"href":"https:\/\/floratiara.com\/cs\/wp-json\/wp\/v2\/types\/product"}],"wp:featuredmedia":[{"embeddable":true,"href":"https:\/\/floratiara.com\/cs\/wp-json\/wp\/v2\/media\/504"}],"wp:attachment":[{"href":"https:\/\/floratiara.com\/cs\/wp-json\/wp\/v2\/media?parent=505"}],"wp:term":[{"taxonomy":"product_brand","embeddable":true,"href":"https:\/\/floratiara.com\/cs\/wp-json\/wp\/v2\/product_brand?post=505"},{"taxonomy":"product_cat","embeddable":true,"href":"https:\/\/floratiara.com\/cs\/wp-json\/wp\/v2\/product_cat?post=505"},{"taxonomy":"product_tag","embeddable":true,"href":"https:\/\/floratiara.com\/cs\/wp-json\/wp\/v2\/product_tag?post=505"}],"curies":[{"name":"wp","href":"https:\/\/api.w.org\/{rel}","templated":true}]}}