{"id":553,"date":"2024-03-16T09:46:53","date_gmt":"2024-03-16T09:46:53","guid":{"rendered":"https:\/\/floratiara.com\/?post_type=product&#038;p=553"},"modified":"2024-12-12T01:41:27","modified_gmt":"2024-12-12T01:41:27","slug":"svatebni-kvetinova-celenka-6","status":"publish","type":"product","link":"https:\/\/floratiara.com\/cs\/p\/svatebni-kvetinova-celenka-6\/","title":{"rendered":"R\u016f\u017eov\u00fd kv\u011bt Premium Kv\u011btinov\u00e1 koruna pro akce"},"content":{"rendered":"<p>S na\u0161\u00ed r\u016f\u017eovou kv\u011btinovou korunkou, kter\u00e1 je dokonal\u00fdm dopl\u0148kem pro vytvo\u0159en\u00ed \u00fa\u017easn\u00e9ho a sofistikovan\u00e9ho v\u00fdrazu, pozvednete jak\u00fdkoli komplet. Tato ru\u010dn\u011b vyroben\u00e1 \u010delenka p\u0159ekypuje sv\u011b\u017e\u00edmi hork\u00fdmi r\u016f\u017eov\u00fdmi r\u016f\u017eemi, jemn\u00fdm r\u016f\u017eov\u00fdm astilbem a \u010dist\u011b b\u00edlou tuber\u00f3zou, kter\u00e9 jsou zasazen\u00e9 mezi zelen\u00ed. A\u0165 u\u017e jste budouc\u00ed nev\u011bsta, n\u00e1v\u0161t\u011bvnice festivalu nebo jen chcete oslavit zvl\u00e1\u0161tn\u00ed \u017eivotn\u00ed p\u0159\u00edle\u017eitosti, tento luxusn\u00ed kv\u011btinov\u00fd v\u011bnec je navr\u017een tak, abyste zaz\u00e1\u0159ila. Vystupte do st\u0159edu pozornosti a nechte korunu \"Pink Blossom\", aby probudila va\u0161i vnit\u0159n\u00ed z\u00e1\u0159i a u\u010dinila ka\u017ed\u00fd okam\u017eik nezapomenuteln\u00fdm. P\u0159ijm\u011bte eleganci je\u0161t\u011b dnes!<\/p><p>Slo\u017een\u00ed: hork\u00e9 r\u016f\u017ee, r\u016f\u017eov\u00e9 astilby, b\u00edl\u00e9 tuber\u00f3zy, zelen\u00e9 listy.<\/p>","protected":false},"excerpt":{"rendered":"<div style=\"width: 90%;text-align: left;margin: auto\"><p style=\"text-align:center\"><b>\ud83d\udc51 Z na\u0161ich rukou do va\u0161\u00ed hlavy<\/b><br \/><i>Luxusn\u00ed kv\u011btinov\u00e9 koruny pro ka\u017edou p\u0159\u00edle\u017eitost<\/i><\/p><ul><li>\u2702\ufe0f Pe\u010dliv\u011b p\u0159ipraven\u00e9 v srdci m\u011bsta <b>\u010cesk\u00e1 republika<\/b><\/li><li><b>\ud83d\udc90 Slo\u017een\u00ed: hork\u00e9 r\u016f\u017ee, r\u016f\u017eov\u00e9 astilby, b\u00edl\u00e9 tuber\u00f3zy, zelen\u00e9 listy.<\/b><\/li><\/ul><\/div>","protected":false},"featured_media":552,"template":"","meta":[],"product_brand":[],"product_cat":[61,73,79,70,59],"product_tag":[],"class_list":{"0":"post-553","1":"product","2":"type-product","3":"status-publish","4":"has-post-thumbnail","6":"product_cat-bridesmaid-floral-headpiece","7":"product_cat-pink-floral-headpiece","8":"product_cat-real-floral-headpiece","9":"product_cat-rose-floral-headpiece","10":"product_cat-bridal-floral-headpiece","12":"first","13":"instock","14":"shipping-taxable","15":"purchasable","16":"product-type-simple"},"yoast_head":"<!-- This site is optimized with the Yoast SEO plugin v25.9 - https:\/\/yoast.com\/wordpress\/plugins\/seo\/ -->\n<title>Pink Blossom Premium Flower Crown for Events - Flora Tiara<\/title>\n<meta name=\"description\" content=\"Unique and beautiful: Shop our Pink Blossom Premium Flower Crown for Events. Premium high quality headpiece to make the occasion unforgettable.\" \/>\n<meta name=\"robots\" content=\"index, follow, max-snippet:-1, max-image-preview:large, max-video-preview:-1\" \/>\n<link rel=\"canonical\" href=\"https:\/\/floratiara.com\/cs\/p\/svatebni-kvetinova-celenka-6\/\" \/>\n<meta property=\"og:locale\" content=\"cs_CZ\" \/>\n<meta property=\"og:type\" content=\"article\" \/>\n<meta property=\"og:title\" content=\"Pink Blossom Premium Flower Crown for Events - Flora Tiara\" \/>\n<meta property=\"og:description\" content=\"Unique and beautiful: Shop our Pink Blossom Premium Flower Crown for Events. Premium high quality headpiece to make the occasion unforgettable.\" \/>\n<meta property=\"og:url\" content=\"https:\/\/floratiara.com\/cs\/p\/svatebni-kvetinova-celenka-6\/\" \/>\n<meta property=\"og:site_name\" content=\"Flora Tiara\" \/>\n<meta property=\"article:modified_time\" content=\"2024-12-12T01:41:27+00:00\" \/>\n<meta property=\"og:image\" content=\"https:\/\/floratiara.com\/wp-content\/uploads\/2024\/03\/S4436c52248bb45acab40813e8766e10cr.webp\" \/>\n\t<meta property=\"og:image:width\" content=\"1500\" \/>\n\t<meta property=\"og:image:height\" content=\"1500\" \/>\n\t<meta property=\"og:image:type\" content=\"image\/webp\" \/>\n<meta name=\"twitter:card\" content=\"summary_large_image\" \/>\n<meta name=\"twitter:label1\" content=\"Odhadovan\u00e1 doba \u010dten\u00ed\" \/>\n\t<meta name=\"twitter:data1\" content=\"5 minut\" \/>\n<script type=\"application\/ld+json\" class=\"yoast-schema-graph\">{\"@context\":\"https:\/\/schema.org\",\"@graph\":[{\"@type\":\"WebPage\",\"@id\":\"https:\/\/floratiara.com\/p\/wedding-party-floral-tiara-headband\/\",\"url\":\"https:\/\/floratiara.com\/p\/wedding-party-floral-tiara-headband\/\",\"name\":\"Pink Blossom Premium Flower Crown for Events - Flora Tiara\",\"isPartOf\":{\"@id\":\"https:\/\/floratiara.com\/#website\"},\"primaryImageOfPage\":{\"@id\":\"https:\/\/floratiara.com\/p\/wedding-party-floral-tiara-headband\/#primaryimage\"},\"image\":{\"@id\":\"https:\/\/floratiara.com\/p\/wedding-party-floral-tiara-headband\/#primaryimage\"},\"thumbnailUrl\":\"https:\/\/floratiara.com\/wp-content\/uploads\/2024\/03\/S4436c52248bb45acab40813e8766e10cr.webp\",\"datePublished\":\"2024-03-16T09:46:53+00:00\",\"dateModified\":\"2024-12-12T01:41:27+00:00\",\"description\":\"Unique and beautiful: Shop our Pink Blossom Premium Flower Crown for Events. Premium high quality headpiece to make the occasion unforgettable.\",\"breadcrumb\":{\"@id\":\"https:\/\/floratiara.com\/p\/wedding-party-floral-tiara-headband\/#breadcrumb\"},\"inLanguage\":\"cs\",\"potentialAction\":[{\"@type\":\"ReadAction\",\"target\":[\"https:\/\/floratiara.com\/p\/wedding-party-floral-tiara-headband\/\"]}]},{\"@type\":\"ImageObject\",\"inLanguage\":\"cs\",\"@id\":\"https:\/\/floratiara.com\/p\/wedding-party-floral-tiara-headband\/#primaryimage\",\"url\":\"https:\/\/floratiara.com\/wp-content\/uploads\/2024\/03\/S4436c52248bb45acab40813e8766e10cr.webp\",\"contentUrl\":\"https:\/\/floratiara.com\/wp-content\/uploads\/2024\/03\/S4436c52248bb45acab40813e8766e10cr.webp\",\"width\":1500,\"height\":1500},{\"@type\":\"BreadcrumbList\",\"@id\":\"https:\/\/floratiara.com\/p\/wedding-party-floral-tiara-headband\/#breadcrumb\",\"itemListElement\":[{\"@type\":\"ListItem\",\"position\":1,\"name\":\"Home\",\"item\":\"https:\/\/floratiara.com\/\"},{\"@type\":\"ListItem\",\"position\":2,\"name\":\"Shop\",\"item\":\"https:\/\/floratiara.com\/shop\/\"},{\"@type\":\"ListItem\",\"position\":3,\"name\":\"Pink Blossom Premium Flower Crown for Events\"}]},{\"@type\":\"WebSite\",\"@id\":\"https:\/\/floratiara.com\/#website\",\"url\":\"https:\/\/floratiara.com\/\",\"name\":\"Flora Tiara\",\"description\":\"\",\"publisher\":{\"@id\":\"https:\/\/floratiara.com\/#organization\"},\"potentialAction\":[{\"@type\":\"SearchAction\",\"target\":{\"@type\":\"EntryPoint\",\"urlTemplate\":\"https:\/\/floratiara.com\/?s={search_term_string}\"},\"query-input\":{\"@type\":\"PropertyValueSpecification\",\"valueRequired\":true,\"valueName\":\"search_term_string\"}}],\"inLanguage\":\"cs\"},{\"@type\":\"Organization\",\"@id\":\"https:\/\/floratiara.com\/#organization\",\"name\":\"Flora Tiara\",\"url\":\"https:\/\/floratiara.com\/\",\"logo\":{\"@type\":\"ImageObject\",\"inLanguage\":\"cs\",\"@id\":\"https:\/\/floratiara.com\/#\/schema\/logo\/image\/\",\"url\":\"https:\/\/floratiara.com\/wp-content\/uploads\/2024\/03\/flora-tiara-logo.png\",\"contentUrl\":\"https:\/\/floratiara.com\/wp-content\/uploads\/2024\/03\/flora-tiara-logo.png\",\"width\":1024,\"height\":274,\"caption\":\"Flora Tiara\"},\"image\":{\"@id\":\"https:\/\/floratiara.com\/#\/schema\/logo\/image\/\"}}]}<\/script>\n<!-- \/ Yoast SEO plugin. -->","yoast_head_json":{"title":"Kv\u011btinov\u00e1 koruna Pink Blossom Premium pro akce - Flora Tiara","description":"Jedine\u010dn\u00e9 a kr\u00e1sn\u00e9: Koupit si na\u0161i r\u016f\u017eovou kv\u011btinovou korunku Premium pro ud\u00e1losti. Pr\u00e9miov\u00e1 \u010delenka vysok\u00e9 kvality, d\u00edky n\u00ed\u017e bude p\u0159\u00edle\u017eitost nezapomenuteln\u00e1.","robots":{"index":"index","follow":"follow","max-snippet":"max-snippet:-1","max-image-preview":"max-image-preview:large","max-video-preview":"max-video-preview:-1"},"canonical":"https:\/\/floratiara.com\/cs\/p\/svatebni-kvetinova-celenka-6\/","og_locale":"cs_CZ","og_type":"article","og_title":"Pink Blossom Premium Flower Crown for Events - Flora Tiara","og_description":"Unique and beautiful: Shop our Pink Blossom Premium Flower Crown for Events. Premium high quality headpiece to make the occasion unforgettable.","og_url":"https:\/\/floratiara.com\/cs\/p\/svatebni-kvetinova-celenka-6\/","og_site_name":"Flora Tiara","article_modified_time":"2024-12-12T01:41:27+00:00","og_image":[{"width":1500,"height":1500,"url":"https:\/\/floratiara.com\/wp-content\/uploads\/2024\/03\/S4436c52248bb45acab40813e8766e10cr.webp","type":"image\/webp"}],"twitter_card":"summary_large_image","twitter_misc":{"Odhadovan\u00e1 doba \u010dten\u00ed":"5 minut"},"schema":{"@context":"https:\/\/schema.org","@graph":[{"@type":"WebPage","@id":"https:\/\/floratiara.com\/p\/wedding-party-floral-tiara-headband\/","url":"https:\/\/floratiara.com\/p\/wedding-party-floral-tiara-headband\/","name":"Kv\u011btinov\u00e1 koruna Pink Blossom Premium pro akce - Flora Tiara","isPartOf":{"@id":"https:\/\/floratiara.com\/#website"},"primaryImageOfPage":{"@id":"https:\/\/floratiara.com\/p\/wedding-party-floral-tiara-headband\/#primaryimage"},"image":{"@id":"https:\/\/floratiara.com\/p\/wedding-party-floral-tiara-headband\/#primaryimage"},"thumbnailUrl":"https:\/\/floratiara.com\/wp-content\/uploads\/2024\/03\/S4436c52248bb45acab40813e8766e10cr.webp","datePublished":"2024-03-16T09:46:53+00:00","dateModified":"2024-12-12T01:41:27+00:00","description":"Jedine\u010dn\u00e9 a kr\u00e1sn\u00e9: Koupit si na\u0161i r\u016f\u017eovou kv\u011btinovou korunku Premium pro ud\u00e1losti. Pr\u00e9miov\u00e1 \u010delenka vysok\u00e9 kvality, d\u00edky n\u00ed\u017e bude p\u0159\u00edle\u017eitost nezapomenuteln\u00e1.","breadcrumb":{"@id":"https:\/\/floratiara.com\/p\/wedding-party-floral-tiara-headband\/#breadcrumb"},"inLanguage":"cs","potentialAction":[{"@type":"ReadAction","target":["https:\/\/floratiara.com\/p\/wedding-party-floral-tiara-headband\/"]}]},{"@type":"ImageObject","inLanguage":"cs","@id":"https:\/\/floratiara.com\/p\/wedding-party-floral-tiara-headband\/#primaryimage","url":"https:\/\/floratiara.com\/wp-content\/uploads\/2024\/03\/S4436c52248bb45acab40813e8766e10cr.webp","contentUrl":"https:\/\/floratiara.com\/wp-content\/uploads\/2024\/03\/S4436c52248bb45acab40813e8766e10cr.webp","width":1500,"height":1500},{"@type":"BreadcrumbList","@id":"https:\/\/floratiara.com\/p\/wedding-party-floral-tiara-headband\/#breadcrumb","itemListElement":[{"@type":"ListItem","position":1,"name":"Home","item":"https:\/\/floratiara.com\/"},{"@type":"ListItem","position":2,"name":"Shop","item":"https:\/\/floratiara.com\/shop\/"},{"@type":"ListItem","position":3,"name":"Pink Blossom Premium Flower Crown for Events"}]},{"@type":"WebSite","@id":"https:\/\/floratiara.com\/#website","url":"https:\/\/floratiara.com\/","name":"Flora Tiara","description":"","publisher":{"@id":"https:\/\/floratiara.com\/#organization"},"potentialAction":[{"@type":"SearchAction","target":{"@type":"EntryPoint","urlTemplate":"https:\/\/floratiara.com\/?s={search_term_string}"},"query-input":{"@type":"PropertyValueSpecification","valueRequired":true,"valueName":"search_term_string"}}],"inLanguage":"cs"},{"@type":"Organization","@id":"https:\/\/floratiara.com\/#organization","name":"Flora Tiara","url":"https:\/\/floratiara.com\/","logo":{"@type":"ImageObject","inLanguage":"cs","@id":"https:\/\/floratiara.com\/#\/schema\/logo\/image\/","url":"https:\/\/floratiara.com\/wp-content\/uploads\/2024\/03\/flora-tiara-logo.png","contentUrl":"https:\/\/floratiara.com\/wp-content\/uploads\/2024\/03\/flora-tiara-logo.png","width":1024,"height":274,"caption":"Flora Tiara"},"image":{"@id":"https:\/\/floratiara.com\/#\/schema\/logo\/image\/"}}]}},"_links":{"self":[{"href":"https:\/\/floratiara.com\/cs\/wp-json\/wp\/v2\/product\/553","targetHints":{"allow":["GET"]}}],"collection":[{"href":"https:\/\/floratiara.com\/cs\/wp-json\/wp\/v2\/product"}],"about":[{"href":"https:\/\/floratiara.com\/cs\/wp-json\/wp\/v2\/types\/product"}],"wp:featuredmedia":[{"embeddable":true,"href":"https:\/\/floratiara.com\/cs\/wp-json\/wp\/v2\/media\/552"}],"wp:attachment":[{"href":"https:\/\/floratiara.com\/cs\/wp-json\/wp\/v2\/media?parent=553"}],"wp:term":[{"taxonomy":"product_brand","embeddable":true,"href":"https:\/\/floratiara.com\/cs\/wp-json\/wp\/v2\/product_brand?post=553"},{"taxonomy":"product_cat","embeddable":true,"href":"https:\/\/floratiara.com\/cs\/wp-json\/wp\/v2\/product_cat?post=553"},{"taxonomy":"product_tag","embeddable":true,"href":"https:\/\/floratiara.com\/cs\/wp-json\/wp\/v2\/product_tag?post=553"}],"curies":[{"name":"wp","href":"https:\/\/api.w.org\/{rel}","templated":true}]}}