{"id":561,"date":"2024-03-16T09:47:03","date_gmt":"2024-03-16T09:47:03","guid":{"rendered":"https:\/\/floratiara.com\/?post_type=product&#038;p=561"},"modified":"2024-12-12T01:41:20","modified_gmt":"2024-12-12T01:41:20","slug":"okouzlujici-podzimni-svatebni-pokryvky-hlavy","status":"publish","type":"product","link":"https:\/\/floratiara.com\/cs\/p\/okouzlujici-podzimni-svatebni-pokryvky-hlavy\/","title":{"rendered":"Podzimn\u00ed c\u00edsa\u0159ovna Kv\u011btinov\u00e1 koruna - elegantn\u00ed svatebn\u00ed \u010delenka"},"content":{"rendered":"<p>Pozvedn\u011bte sv\u016fj v\u00fdjime\u010dn\u00fd den s kv\u011btinovou korunou Autumn Empress, kter\u00e1 je zt\u011blesn\u011bn\u00edm elegance a p\u016fvabu. Tato majest\u00e1tn\u00ed \u010delenka, ru\u010dn\u011b vyroben\u00e1 z \u0159ady v\u00ednov\u00fdch sedmikr\u00e1sek, jemn\u00fdch b\u00edl\u00fdch kv\u011bt\u016f a t\u0159pytiv\u00e9ho zlat\u00e9ho list\u00ed, vystihuje podstatu kr\u00e1sy podzimu. Jej\u00ed nastaviteln\u00e1 konstrukce slibuje dokonal\u00e9 p\u0159izp\u016fsoben\u00ed, kter\u00e9 zajist\u00ed pohodl\u00ed a sofistikovanost pro ka\u017edou oslavu. Prom\u011b\u0148te sv\u016fj vzhled v kr\u00e1lovsky p\u016fvabn\u00fd s t\u00edmto univerz\u00e1ln\u00edm dopl\u0148kem, kter\u00fd je ide\u00e1ln\u00ed na svatby, festivaly nebo na jak\u00fdkoli okam\u017eik, kdy chcete zaz\u00e1\u0159it. Vyj\u00e1d\u0159ete se touto okouzluj\u00edc\u00ed korunkou a noste s sebou n\u00e1dheru p\u0159\u00edrody.<\/p><p>Slo\u017een\u00ed: v\u00ednov\u00e9 sedmikr\u00e1sky, mal\u00e9 b\u00edl\u00e9 kv\u011bty, zlat\u00e9 bobule, zlat\u00e9 listy.<\/p>","protected":false},"excerpt":{"rendered":"<div style=\"width: 90%;text-align: left;margin: auto\"><p style=\"text-align:center\"><b>\ud83d\udc51 Z na\u0161ich rukou do va\u0161\u00ed hlavy<\/b><br \/><i>Luxusn\u00ed kv\u011btinov\u00e9 koruny pro ka\u017edou p\u0159\u00edle\u017eitost<\/i><\/p><ul><li>\u2702\ufe0f Pe\u010dliv\u011b p\u0159ipraven\u00e9 v srdci m\u011bsta <b>\u010cesk\u00e1 republika<\/b><\/li><li><b>\ud83d\udc90 Slo\u017een\u00ed: v\u00ednov\u00e9 sedmikr\u00e1sky, mal\u00e9 b\u00edl\u00e9 kv\u011bty, zlat\u00e9 bobule, zlat\u00e9 listy.<\/b><\/li><\/ul><\/div>","protected":false},"featured_media":560,"template":"","meta":[],"product_brand":[],"product_cat":[61,76,77,59],"product_tag":[],"class_list":{"0":"post-561","1":"product","2":"type-product","3":"status-publish","4":"has-post-thumbnail","6":"product_cat-bridesmaid-floral-headpiece","7":"product_cat-gold-floral-headpiece","8":"product_cat-red-floral-headpiece","9":"product_cat-bridal-floral-headpiece","11":"first","12":"instock","13":"shipping-taxable","14":"purchasable","15":"product-type-simple"},"yoast_head":"<!-- This site is optimized with the Yoast SEO plugin v25.9 - https:\/\/yoast.com\/wordpress\/plugins\/seo\/ -->\n<title>Autumn Empress Floral Crown - Elegant Wedding Headpiece - Flora Tiara<\/title>\n<meta name=\"description\" content=\"Unique and beautiful: Shop our Autumn Empress Floral Crown - Elegant Wedding Headpiece. Premium high quality headpiece to make the occasion unforgettable.\" \/>\n<meta name=\"robots\" content=\"index, follow, max-snippet:-1, max-image-preview:large, max-video-preview:-1\" \/>\n<link rel=\"canonical\" href=\"https:\/\/floratiara.com\/cs\/p\/okouzlujici-podzimni-svatebni-pokryvky-hlavy\/\" \/>\n<meta property=\"og:locale\" content=\"cs_CZ\" \/>\n<meta property=\"og:type\" content=\"article\" \/>\n<meta property=\"og:title\" content=\"Autumn Empress Floral Crown - Elegant Wedding Headpiece - Flora Tiara\" \/>\n<meta property=\"og:description\" content=\"Unique and beautiful: Shop our Autumn Empress Floral Crown - Elegant Wedding Headpiece. Premium high quality headpiece to make the occasion unforgettable.\" \/>\n<meta property=\"og:url\" content=\"https:\/\/floratiara.com\/cs\/p\/okouzlujici-podzimni-svatebni-pokryvky-hlavy\/\" \/>\n<meta property=\"og:site_name\" content=\"Flora Tiara\" \/>\n<meta property=\"article:modified_time\" content=\"2024-12-12T01:41:20+00:00\" \/>\n<meta property=\"og:image\" content=\"https:\/\/floratiara.com\/wp-content\/uploads\/2024\/03\/Ha9bfc9a8435e40c0910177fe66a8cc65b.webp\" \/>\n\t<meta property=\"og:image:width\" content=\"1500\" \/>\n\t<meta property=\"og:image:height\" content=\"1500\" \/>\n\t<meta property=\"og:image:type\" content=\"image\/webp\" \/>\n<meta name=\"twitter:card\" content=\"summary_large_image\" \/>\n<meta name=\"twitter:label1\" content=\"Odhadovan\u00e1 doba \u010dten\u00ed\" \/>\n\t<meta name=\"twitter:data1\" content=\"1 minuta\" \/>\n<script type=\"application\/ld+json\" class=\"yoast-schema-graph\">{\"@context\":\"https:\/\/schema.org\",\"@graph\":[{\"@type\":\"WebPage\",\"@id\":\"https:\/\/floratiara.com\/p\/enchanting-fall-bridal-headwear\/\",\"url\":\"https:\/\/floratiara.com\/p\/enchanting-fall-bridal-headwear\/\",\"name\":\"Autumn Empress Floral Crown - Elegant Wedding Headpiece - Flora Tiara\",\"isPartOf\":{\"@id\":\"https:\/\/floratiara.com\/#website\"},\"primaryImageOfPage\":{\"@id\":\"https:\/\/floratiara.com\/p\/enchanting-fall-bridal-headwear\/#primaryimage\"},\"image\":{\"@id\":\"https:\/\/floratiara.com\/p\/enchanting-fall-bridal-headwear\/#primaryimage\"},\"thumbnailUrl\":\"https:\/\/floratiara.com\/wp-content\/uploads\/2024\/03\/Ha9bfc9a8435e40c0910177fe66a8cc65b.webp\",\"datePublished\":\"2024-03-16T09:47:03+00:00\",\"dateModified\":\"2024-12-12T01:41:20+00:00\",\"description\":\"Unique and beautiful: Shop our Autumn Empress Floral Crown - Elegant Wedding Headpiece. Premium high quality headpiece to make the occasion unforgettable.\",\"breadcrumb\":{\"@id\":\"https:\/\/floratiara.com\/p\/enchanting-fall-bridal-headwear\/#breadcrumb\"},\"inLanguage\":\"cs\",\"potentialAction\":[{\"@type\":\"ReadAction\",\"target\":[\"https:\/\/floratiara.com\/p\/enchanting-fall-bridal-headwear\/\"]}]},{\"@type\":\"ImageObject\",\"inLanguage\":\"cs\",\"@id\":\"https:\/\/floratiara.com\/p\/enchanting-fall-bridal-headwear\/#primaryimage\",\"url\":\"https:\/\/floratiara.com\/wp-content\/uploads\/2024\/03\/Ha9bfc9a8435e40c0910177fe66a8cc65b.webp\",\"contentUrl\":\"https:\/\/floratiara.com\/wp-content\/uploads\/2024\/03\/Ha9bfc9a8435e40c0910177fe66a8cc65b.webp\",\"width\":1500,\"height\":1500},{\"@type\":\"BreadcrumbList\",\"@id\":\"https:\/\/floratiara.com\/p\/enchanting-fall-bridal-headwear\/#breadcrumb\",\"itemListElement\":[{\"@type\":\"ListItem\",\"position\":1,\"name\":\"Home\",\"item\":\"https:\/\/floratiara.com\/\"},{\"@type\":\"ListItem\",\"position\":2,\"name\":\"Shop\",\"item\":\"https:\/\/floratiara.com\/shop\/\"},{\"@type\":\"ListItem\",\"position\":3,\"name\":\"Autumn Empress Floral Crown &#8211; Elegant Wedding Headpiece\"}]},{\"@type\":\"WebSite\",\"@id\":\"https:\/\/floratiara.com\/#website\",\"url\":\"https:\/\/floratiara.com\/\",\"name\":\"Flora Tiara\",\"description\":\"\",\"publisher\":{\"@id\":\"https:\/\/floratiara.com\/#organization\"},\"potentialAction\":[{\"@type\":\"SearchAction\",\"target\":{\"@type\":\"EntryPoint\",\"urlTemplate\":\"https:\/\/floratiara.com\/?s={search_term_string}\"},\"query-input\":{\"@type\":\"PropertyValueSpecification\",\"valueRequired\":true,\"valueName\":\"search_term_string\"}}],\"inLanguage\":\"cs\"},{\"@type\":\"Organization\",\"@id\":\"https:\/\/floratiara.com\/#organization\",\"name\":\"Flora Tiara\",\"url\":\"https:\/\/floratiara.com\/\",\"logo\":{\"@type\":\"ImageObject\",\"inLanguage\":\"cs\",\"@id\":\"https:\/\/floratiara.com\/#\/schema\/logo\/image\/\",\"url\":\"https:\/\/floratiara.com\/wp-content\/uploads\/2024\/03\/flora-tiara-logo.png\",\"contentUrl\":\"https:\/\/floratiara.com\/wp-content\/uploads\/2024\/03\/flora-tiara-logo.png\",\"width\":1024,\"height\":274,\"caption\":\"Flora Tiara\"},\"image\":{\"@id\":\"https:\/\/floratiara.com\/#\/schema\/logo\/image\/\"}}]}<\/script>\n<!-- \/ Yoast SEO plugin. -->","yoast_head_json":{"title":"Podzimn\u00ed kv\u011btinov\u00e1 koruna - elegantn\u00ed svatebn\u00ed \u010delenka - Flora Tiara","description":"Jedine\u010dn\u00e9 a kr\u00e1sn\u00e9: Kv\u011btinov\u00e1 korunka pro podzimn\u00ed c\u00edsa\u0159ovnu - elegantn\u00ed svatebn\u00ed \u010delenka. Pr\u00e9miov\u00e1 \u010delenka vysok\u00e9 kvality, d\u00edky n\u00ed\u017e bude tato p\u0159\u00edle\u017eitost nezapomenuteln\u00e1.","robots":{"index":"index","follow":"follow","max-snippet":"max-snippet:-1","max-image-preview":"max-image-preview:large","max-video-preview":"max-video-preview:-1"},"canonical":"https:\/\/floratiara.com\/cs\/p\/okouzlujici-podzimni-svatebni-pokryvky-hlavy\/","og_locale":"cs_CZ","og_type":"article","og_title":"Autumn Empress Floral Crown - Elegant Wedding Headpiece - Flora Tiara","og_description":"Unique and beautiful: Shop our Autumn Empress Floral Crown - Elegant Wedding Headpiece. Premium high quality headpiece to make the occasion unforgettable.","og_url":"https:\/\/floratiara.com\/cs\/p\/okouzlujici-podzimni-svatebni-pokryvky-hlavy\/","og_site_name":"Flora Tiara","article_modified_time":"2024-12-12T01:41:20+00:00","og_image":[{"width":1500,"height":1500,"url":"https:\/\/floratiara.com\/wp-content\/uploads\/2024\/03\/Ha9bfc9a8435e40c0910177fe66a8cc65b.webp","type":"image\/webp"}],"twitter_card":"summary_large_image","twitter_misc":{"Odhadovan\u00e1 doba \u010dten\u00ed":"1 minuta"},"schema":{"@context":"https:\/\/schema.org","@graph":[{"@type":"WebPage","@id":"https:\/\/floratiara.com\/p\/enchanting-fall-bridal-headwear\/","url":"https:\/\/floratiara.com\/p\/enchanting-fall-bridal-headwear\/","name":"Podzimn\u00ed kv\u011btinov\u00e1 koruna - elegantn\u00ed svatebn\u00ed \u010delenka - Flora Tiara","isPartOf":{"@id":"https:\/\/floratiara.com\/#website"},"primaryImageOfPage":{"@id":"https:\/\/floratiara.com\/p\/enchanting-fall-bridal-headwear\/#primaryimage"},"image":{"@id":"https:\/\/floratiara.com\/p\/enchanting-fall-bridal-headwear\/#primaryimage"},"thumbnailUrl":"https:\/\/floratiara.com\/wp-content\/uploads\/2024\/03\/Ha9bfc9a8435e40c0910177fe66a8cc65b.webp","datePublished":"2024-03-16T09:47:03+00:00","dateModified":"2024-12-12T01:41:20+00:00","description":"Jedine\u010dn\u00e9 a kr\u00e1sn\u00e9: Kv\u011btinov\u00e1 korunka pro podzimn\u00ed c\u00edsa\u0159ovnu - elegantn\u00ed svatebn\u00ed \u010delenka. Pr\u00e9miov\u00e1 \u010delenka vysok\u00e9 kvality, d\u00edky n\u00ed\u017e bude tato p\u0159\u00edle\u017eitost nezapomenuteln\u00e1.","breadcrumb":{"@id":"https:\/\/floratiara.com\/p\/enchanting-fall-bridal-headwear\/#breadcrumb"},"inLanguage":"cs","potentialAction":[{"@type":"ReadAction","target":["https:\/\/floratiara.com\/p\/enchanting-fall-bridal-headwear\/"]}]},{"@type":"ImageObject","inLanguage":"cs","@id":"https:\/\/floratiara.com\/p\/enchanting-fall-bridal-headwear\/#primaryimage","url":"https:\/\/floratiara.com\/wp-content\/uploads\/2024\/03\/Ha9bfc9a8435e40c0910177fe66a8cc65b.webp","contentUrl":"https:\/\/floratiara.com\/wp-content\/uploads\/2024\/03\/Ha9bfc9a8435e40c0910177fe66a8cc65b.webp","width":1500,"height":1500},{"@type":"BreadcrumbList","@id":"https:\/\/floratiara.com\/p\/enchanting-fall-bridal-headwear\/#breadcrumb","itemListElement":[{"@type":"ListItem","position":1,"name":"Home","item":"https:\/\/floratiara.com\/"},{"@type":"ListItem","position":2,"name":"Shop","item":"https:\/\/floratiara.com\/shop\/"},{"@type":"ListItem","position":3,"name":"Autumn Empress Floral Crown &#8211; Elegant Wedding Headpiece"}]},{"@type":"WebSite","@id":"https:\/\/floratiara.com\/#website","url":"https:\/\/floratiara.com\/","name":"Flora Tiara","description":"","publisher":{"@id":"https:\/\/floratiara.com\/#organization"},"potentialAction":[{"@type":"SearchAction","target":{"@type":"EntryPoint","urlTemplate":"https:\/\/floratiara.com\/?s={search_term_string}"},"query-input":{"@type":"PropertyValueSpecification","valueRequired":true,"valueName":"search_term_string"}}],"inLanguage":"cs"},{"@type":"Organization","@id":"https:\/\/floratiara.com\/#organization","name":"Flora Tiara","url":"https:\/\/floratiara.com\/","logo":{"@type":"ImageObject","inLanguage":"cs","@id":"https:\/\/floratiara.com\/#\/schema\/logo\/image\/","url":"https:\/\/floratiara.com\/wp-content\/uploads\/2024\/03\/flora-tiara-logo.png","contentUrl":"https:\/\/floratiara.com\/wp-content\/uploads\/2024\/03\/flora-tiara-logo.png","width":1024,"height":274,"caption":"Flora Tiara"},"image":{"@id":"https:\/\/floratiara.com\/#\/schema\/logo\/image\/"}}]}},"_links":{"self":[{"href":"https:\/\/floratiara.com\/cs\/wp-json\/wp\/v2\/product\/561","targetHints":{"allow":["GET"]}}],"collection":[{"href":"https:\/\/floratiara.com\/cs\/wp-json\/wp\/v2\/product"}],"about":[{"href":"https:\/\/floratiara.com\/cs\/wp-json\/wp\/v2\/types\/product"}],"wp:featuredmedia":[{"embeddable":true,"href":"https:\/\/floratiara.com\/cs\/wp-json\/wp\/v2\/media\/560"}],"wp:attachment":[{"href":"https:\/\/floratiara.com\/cs\/wp-json\/wp\/v2\/media?parent=561"}],"wp:term":[{"taxonomy":"product_brand","embeddable":true,"href":"https:\/\/floratiara.com\/cs\/wp-json\/wp\/v2\/product_brand?post=561"},{"taxonomy":"product_cat","embeddable":true,"href":"https:\/\/floratiara.com\/cs\/wp-json\/wp\/v2\/product_cat?post=561"},{"taxonomy":"product_tag","embeddable":true,"href":"https:\/\/floratiara.com\/cs\/wp-json\/wp\/v2\/product_tag?post=561"}],"curies":[{"name":"wp","href":"https:\/\/api.w.org\/{rel}","templated":true}]}}