{"id":574,"date":"2024-03-16T09:47:23","date_gmt":"2024-03-16T09:47:23","guid":{"rendered":"https:\/\/floratiara.com\/?post_type=product&#038;p=574"},"modified":"2025-03-04T04:42:43","modified_gmt":"2025-03-04T04:42:43","slug":"celenka-s-kvetinovou-korunkou-winter-elegance","status":"publish","type":"product","link":"https:\/\/floratiara.com\/cs\/p\/celenka-s-kvetinovou-korunkou-winter-elegance\/","title":{"rendered":"Elegantn\u00ed zimn\u00ed kv\u011btinov\u00e1 korunka"},"content":{"rendered":"<p>P\u0159ijm\u011bte kouzlo ro\u010dn\u00edho obdob\u00ed s na\u0161\u00ed kv\u011btinovou korunou Winter Elegance, kter\u00e1 se hod\u00ed pro ka\u017edou slavnostn\u00ed p\u0159\u00edle\u017eitost. N\u00e1dhern\u00e9 syt\u011b \u010derven\u00e9 r\u016f\u017ee, b\u00edl\u00e9 kv\u011bty a t\u0159pytiv\u00e9 zlat\u00e9 listy prom\u011bn\u00ed v\u00e1\u0161 vzhled v luxusn\u00ed slavnostn\u00ed n\u00e1dech. T\u0159pytiv\u00e9 matn\u00e9 bobule dod\u00e1vaj\u00ed t\u00e9to ru\u010dn\u011b vyr\u00e1b\u011bn\u00e9 \u010delence kouzeln\u00fd p\u016fvab. Je ide\u00e1ln\u00ed pro zimn\u00ed svatby nebo v\u00fdjime\u010dn\u00e9 ud\u00e1losti, je to v\u00fdrazn\u00fd kousek, kter\u00fd se harmonicky snoub\u00ed s p\u0159irozen\u00fdm p\u016fvabem a stylem. Ud\u011blejte z n\u00ed korunova\u010dn\u00ed klenot sv\u00e9ho \u0161atn\u00edku a rozza\u0159te ka\u017edou m\u00edstnost jej\u00ed nad\u010dasovou kr\u00e1sou. Kupte si ji nyn\u00ed a ozdobte se sofistikovanost\u00ed.<\/p><p>Slo\u017een\u00ed: \u010derven\u00e9 r\u016f\u017ee, b\u00edl\u00e9 drobn\u00e9 kv\u011bty, um\u011bl\u00e9 \u010derven\u00e9 bobule, zlat\u011b malovan\u00e9 list\u00ed, matn\u00e9 bobule a st\u00e1lezelen\u00e9 v\u011btvi\u010dky.<\/p>","protected":false},"excerpt":{"rendered":"<div style=\"width: 90%;text-align: left;margin: auto\"><p style=\"text-align:center\"><b>\ud83d\udc51 Z na\u0161ich rukou do va\u0161\u00ed hlavy<\/b><br \/><i>Luxusn\u00ed kv\u011btinov\u00e9 koruny pro ka\u017edou p\u0159\u00edle\u017eitost<\/i><\/p><ul><li>\u2702\ufe0f Pe\u010dliv\u011b p\u0159ipraven\u00e9 v srdci m\u011bsta <b>\u010cesk\u00e1 republika<\/b><\/li><li><b>\ud83d\udc90 Slo\u017een\u00ed: \u010derven\u00e9 r\u016f\u017ee, b\u00edl\u00e9 drobn\u00e9 kv\u011bty, um\u011bl\u00e9 \u010derven\u00e9 bobule, zlat\u011b malovan\u00e9 list\u00ed, matn\u00e9 bobule a st\u00e1lezelen\u00e9 v\u011btvi\u010dky.<\/b><\/li><\/ul><\/div>","protected":false},"featured_media":573,"template":"","meta":[],"product_brand":[],"product_cat":[61,77,59],"product_tag":[],"class_list":{"0":"post-574","1":"product","2":"type-product","3":"status-publish","4":"has-post-thumbnail","6":"product_cat-bridesmaid-floral-headpiece","7":"product_cat-red-floral-headpiece","8":"product_cat-bridal-floral-headpiece","10":"first","11":"instock","12":"shipping-taxable","13":"purchasable","14":"product-type-simple"},"yoast_head":"<!-- This site is optimized with the Yoast SEO plugin v25.9 - https:\/\/yoast.com\/wordpress\/plugins\/seo\/ -->\n<title>Elegant Winter Flower Crown Headdress - Flora Tiara<\/title>\n<meta name=\"description\" content=\"Unique and beautiful: Shop our Elegant Winter Flower Crown Headdress. Premium high quality headpiece to make the occasion unforgettable.\" \/>\n<meta name=\"robots\" content=\"index, follow, max-snippet:-1, max-image-preview:large, max-video-preview:-1\" \/>\n<link rel=\"canonical\" href=\"https:\/\/floratiara.com\/cs\/p\/celenka-s-kvetinovou-korunkou-winter-elegance\/\" \/>\n<meta property=\"og:locale\" content=\"cs_CZ\" \/>\n<meta property=\"og:type\" content=\"article\" \/>\n<meta property=\"og:title\" content=\"Elegant Winter Flower Crown Headdress - Flora Tiara\" \/>\n<meta property=\"og:description\" content=\"Unique and beautiful: Shop our Elegant Winter Flower Crown Headdress. Premium high quality headpiece to make the occasion unforgettable.\" \/>\n<meta property=\"og:url\" content=\"https:\/\/floratiara.com\/cs\/p\/celenka-s-kvetinovou-korunkou-winter-elegance\/\" \/>\n<meta property=\"og:site_name\" content=\"Flora Tiara\" \/>\n<meta property=\"article:modified_time\" content=\"2025-03-04T04:42:43+00:00\" \/>\n<meta property=\"og:image\" content=\"https:\/\/floratiara.com\/wp-content\/uploads\/2024\/03\/Hc76411a1373c4863837cd97e6bb1315aY.webp\" \/>\n\t<meta property=\"og:image:width\" content=\"1500\" \/>\n\t<meta property=\"og:image:height\" content=\"1500\" \/>\n\t<meta property=\"og:image:type\" content=\"image\/webp\" \/>\n<meta name=\"twitter:card\" content=\"summary_large_image\" \/>\n<meta name=\"twitter:label1\" content=\"Odhadovan\u00e1 doba \u010dten\u00ed\" \/>\n\t<meta name=\"twitter:data1\" content=\"1 minuta\" \/>\n<script type=\"application\/ld+json\" class=\"yoast-schema-graph\">{\"@context\":\"https:\/\/schema.org\",\"@graph\":[{\"@type\":\"WebPage\",\"@id\":\"https:\/\/floratiara.com\/p\/winter-elegance-floral-crown-headband\/\",\"url\":\"https:\/\/floratiara.com\/p\/winter-elegance-floral-crown-headband\/\",\"name\":\"Elegant Winter Flower Crown Headdress - Flora Tiara\",\"isPartOf\":{\"@id\":\"https:\/\/floratiara.com\/#website\"},\"primaryImageOfPage\":{\"@id\":\"https:\/\/floratiara.com\/p\/winter-elegance-floral-crown-headband\/#primaryimage\"},\"image\":{\"@id\":\"https:\/\/floratiara.com\/p\/winter-elegance-floral-crown-headband\/#primaryimage\"},\"thumbnailUrl\":\"https:\/\/floratiara.com\/wp-content\/uploads\/2024\/03\/Hc76411a1373c4863837cd97e6bb1315aY.webp\",\"datePublished\":\"2024-03-16T09:47:23+00:00\",\"dateModified\":\"2025-03-04T04:42:43+00:00\",\"description\":\"Unique and beautiful: Shop our Elegant Winter Flower Crown Headdress. Premium high quality headpiece to make the occasion unforgettable.\",\"breadcrumb\":{\"@id\":\"https:\/\/floratiara.com\/p\/winter-elegance-floral-crown-headband\/#breadcrumb\"},\"inLanguage\":\"cs\",\"potentialAction\":[{\"@type\":\"ReadAction\",\"target\":[\"https:\/\/floratiara.com\/p\/winter-elegance-floral-crown-headband\/\"]}]},{\"@type\":\"ImageObject\",\"inLanguage\":\"cs\",\"@id\":\"https:\/\/floratiara.com\/p\/winter-elegance-floral-crown-headband\/#primaryimage\",\"url\":\"https:\/\/floratiara.com\/wp-content\/uploads\/2024\/03\/Hc76411a1373c4863837cd97e6bb1315aY.webp\",\"contentUrl\":\"https:\/\/floratiara.com\/wp-content\/uploads\/2024\/03\/Hc76411a1373c4863837cd97e6bb1315aY.webp\",\"width\":1500,\"height\":1500},{\"@type\":\"BreadcrumbList\",\"@id\":\"https:\/\/floratiara.com\/p\/winter-elegance-floral-crown-headband\/#breadcrumb\",\"itemListElement\":[{\"@type\":\"ListItem\",\"position\":1,\"name\":\"Home\",\"item\":\"https:\/\/floratiara.com\/\"},{\"@type\":\"ListItem\",\"position\":2,\"name\":\"Shop\",\"item\":\"https:\/\/floratiara.com\/shop\/\"},{\"@type\":\"ListItem\",\"position\":3,\"name\":\"Elegant Winter Flower Crown Headdress\"}]},{\"@type\":\"WebSite\",\"@id\":\"https:\/\/floratiara.com\/#website\",\"url\":\"https:\/\/floratiara.com\/\",\"name\":\"Flora Tiara\",\"description\":\"\",\"publisher\":{\"@id\":\"https:\/\/floratiara.com\/#organization\"},\"potentialAction\":[{\"@type\":\"SearchAction\",\"target\":{\"@type\":\"EntryPoint\",\"urlTemplate\":\"https:\/\/floratiara.com\/?s={search_term_string}\"},\"query-input\":{\"@type\":\"PropertyValueSpecification\",\"valueRequired\":true,\"valueName\":\"search_term_string\"}}],\"inLanguage\":\"cs\"},{\"@type\":\"Organization\",\"@id\":\"https:\/\/floratiara.com\/#organization\",\"name\":\"Flora Tiara\",\"url\":\"https:\/\/floratiara.com\/\",\"logo\":{\"@type\":\"ImageObject\",\"inLanguage\":\"cs\",\"@id\":\"https:\/\/floratiara.com\/#\/schema\/logo\/image\/\",\"url\":\"https:\/\/floratiara.com\/wp-content\/uploads\/2024\/03\/flora-tiara-logo.png\",\"contentUrl\":\"https:\/\/floratiara.com\/wp-content\/uploads\/2024\/03\/flora-tiara-logo.png\",\"width\":1024,\"height\":274,\"caption\":\"Flora Tiara\"},\"image\":{\"@id\":\"https:\/\/floratiara.com\/#\/schema\/logo\/image\/\"}}]}<\/script>\n<!-- \/ Yoast SEO plugin. -->","yoast_head_json":{"title":"Elegantn\u00ed zimn\u00ed kv\u011btinov\u00e1 \u010delenka - Flora Tiara","description":"Jedine\u010dn\u00e9 a kr\u00e1sn\u00e9: Koupit si na\u0161i elegantn\u00ed zimn\u00ed kv\u011btinovou \u010delenku. Pr\u00e9miov\u00e1 \u010delenka vysok\u00e9 kvality, d\u00edky kter\u00e9 bude p\u0159\u00edle\u017eitost nezapomenuteln\u00e1.","robots":{"index":"index","follow":"follow","max-snippet":"max-snippet:-1","max-image-preview":"max-image-preview:large","max-video-preview":"max-video-preview:-1"},"canonical":"https:\/\/floratiara.com\/cs\/p\/celenka-s-kvetinovou-korunkou-winter-elegance\/","og_locale":"cs_CZ","og_type":"article","og_title":"Elegant Winter Flower Crown Headdress - Flora Tiara","og_description":"Unique and beautiful: Shop our Elegant Winter Flower Crown Headdress. Premium high quality headpiece to make the occasion unforgettable.","og_url":"https:\/\/floratiara.com\/cs\/p\/celenka-s-kvetinovou-korunkou-winter-elegance\/","og_site_name":"Flora Tiara","article_modified_time":"2025-03-04T04:42:43+00:00","og_image":[{"width":1500,"height":1500,"url":"https:\/\/floratiara.com\/wp-content\/uploads\/2024\/03\/Hc76411a1373c4863837cd97e6bb1315aY.webp","type":"image\/webp"}],"twitter_card":"summary_large_image","twitter_misc":{"Odhadovan\u00e1 doba \u010dten\u00ed":"1 minuta"},"schema":{"@context":"https:\/\/schema.org","@graph":[{"@type":"WebPage","@id":"https:\/\/floratiara.com\/p\/winter-elegance-floral-crown-headband\/","url":"https:\/\/floratiara.com\/p\/winter-elegance-floral-crown-headband\/","name":"Elegantn\u00ed zimn\u00ed kv\u011btinov\u00e1 \u010delenka - Flora Tiara","isPartOf":{"@id":"https:\/\/floratiara.com\/#website"},"primaryImageOfPage":{"@id":"https:\/\/floratiara.com\/p\/winter-elegance-floral-crown-headband\/#primaryimage"},"image":{"@id":"https:\/\/floratiara.com\/p\/winter-elegance-floral-crown-headband\/#primaryimage"},"thumbnailUrl":"https:\/\/floratiara.com\/wp-content\/uploads\/2024\/03\/Hc76411a1373c4863837cd97e6bb1315aY.webp","datePublished":"2024-03-16T09:47:23+00:00","dateModified":"2025-03-04T04:42:43+00:00","description":"Jedine\u010dn\u00e9 a kr\u00e1sn\u00e9: Koupit si na\u0161i elegantn\u00ed zimn\u00ed kv\u011btinovou \u010delenku. Pr\u00e9miov\u00e1 \u010delenka vysok\u00e9 kvality, d\u00edky kter\u00e9 bude p\u0159\u00edle\u017eitost nezapomenuteln\u00e1.","breadcrumb":{"@id":"https:\/\/floratiara.com\/p\/winter-elegance-floral-crown-headband\/#breadcrumb"},"inLanguage":"cs","potentialAction":[{"@type":"ReadAction","target":["https:\/\/floratiara.com\/p\/winter-elegance-floral-crown-headband\/"]}]},{"@type":"ImageObject","inLanguage":"cs","@id":"https:\/\/floratiara.com\/p\/winter-elegance-floral-crown-headband\/#primaryimage","url":"https:\/\/floratiara.com\/wp-content\/uploads\/2024\/03\/Hc76411a1373c4863837cd97e6bb1315aY.webp","contentUrl":"https:\/\/floratiara.com\/wp-content\/uploads\/2024\/03\/Hc76411a1373c4863837cd97e6bb1315aY.webp","width":1500,"height":1500},{"@type":"BreadcrumbList","@id":"https:\/\/floratiara.com\/p\/winter-elegance-floral-crown-headband\/#breadcrumb","itemListElement":[{"@type":"ListItem","position":1,"name":"Home","item":"https:\/\/floratiara.com\/"},{"@type":"ListItem","position":2,"name":"Shop","item":"https:\/\/floratiara.com\/shop\/"},{"@type":"ListItem","position":3,"name":"Elegant Winter Flower Crown Headdress"}]},{"@type":"WebSite","@id":"https:\/\/floratiara.com\/#website","url":"https:\/\/floratiara.com\/","name":"Flora Tiara","description":"","publisher":{"@id":"https:\/\/floratiara.com\/#organization"},"potentialAction":[{"@type":"SearchAction","target":{"@type":"EntryPoint","urlTemplate":"https:\/\/floratiara.com\/?s={search_term_string}"},"query-input":{"@type":"PropertyValueSpecification","valueRequired":true,"valueName":"search_term_string"}}],"inLanguage":"cs"},{"@type":"Organization","@id":"https:\/\/floratiara.com\/#organization","name":"Flora Tiara","url":"https:\/\/floratiara.com\/","logo":{"@type":"ImageObject","inLanguage":"cs","@id":"https:\/\/floratiara.com\/#\/schema\/logo\/image\/","url":"https:\/\/floratiara.com\/wp-content\/uploads\/2024\/03\/flora-tiara-logo.png","contentUrl":"https:\/\/floratiara.com\/wp-content\/uploads\/2024\/03\/flora-tiara-logo.png","width":1024,"height":274,"caption":"Flora Tiara"},"image":{"@id":"https:\/\/floratiara.com\/#\/schema\/logo\/image\/"}}]}},"_links":{"self":[{"href":"https:\/\/floratiara.com\/cs\/wp-json\/wp\/v2\/product\/574","targetHints":{"allow":["GET"]}}],"collection":[{"href":"https:\/\/floratiara.com\/cs\/wp-json\/wp\/v2\/product"}],"about":[{"href":"https:\/\/floratiara.com\/cs\/wp-json\/wp\/v2\/types\/product"}],"wp:featuredmedia":[{"embeddable":true,"href":"https:\/\/floratiara.com\/cs\/wp-json\/wp\/v2\/media\/573"}],"wp:attachment":[{"href":"https:\/\/floratiara.com\/cs\/wp-json\/wp\/v2\/media?parent=574"}],"wp:term":[{"taxonomy":"product_brand","embeddable":true,"href":"https:\/\/floratiara.com\/cs\/wp-json\/wp\/v2\/product_brand?post=574"},{"taxonomy":"product_cat","embeddable":true,"href":"https:\/\/floratiara.com\/cs\/wp-json\/wp\/v2\/product_cat?post=574"},{"taxonomy":"product_tag","embeddable":true,"href":"https:\/\/floratiara.com\/cs\/wp-json\/wp\/v2\/product_tag?post=574"}],"curies":[{"name":"wp","href":"https:\/\/api.w.org\/{rel}","templated":true}]}}