{"id":588,"date":"2024-03-16T10:23:40","date_gmt":"2024-03-16T10:23:40","guid":{"rendered":"https:\/\/floratiara.com\/?post_type=product&#038;p=588"},"modified":"2025-07-22T03:50:46","modified_gmt":"2025-07-22T03:50:46","slug":"kvetinova-celenka-motyli-girlanda-pokryvka-hlavy","status":"publish","type":"product","link":"https:\/\/floratiara.com\/cs\/p\/kvetinova-celenka-motyli-girlanda-pokryvka-hlavy\/","title":{"rendered":"Okouzluj\u00edc\u00ed kv\u011btinov\u00e1 koruna s mot\u00fdl\u00edmi akcenty"},"content":{"rendered":"<p>Objevte na\u0161i okouzluj\u00edc\u00ed kv\u011btinovou korunu, kter\u00e1 se skv\u011ble hod\u00ed na svatby a festivaly. Tento n\u00e1dhern\u011b ru\u010dn\u011b vyroben\u00fd diad\u00e9m obsahuje symfonii kr\u00e9mov\u00fdch, r\u016f\u017eov\u00fdch a \u010derven\u00fdch r\u016f\u017e\u00ed, zv\u00fdrazn\u011bnou z\u00e1\u0159iv\u011b \u017elutou orchidej\u00ed, uklid\u0148uj\u00edc\u00edmi levandulov\u00fdmi odst\u00edny a jemn\u00fdmi b\u00edl\u00fdmi akcenty. Rozmarn\u00ed dekorativn\u00ed mot\u00fdli dod\u00e1vaj\u00ed poh\u00e1dkov\u00fd vzhled a vytv\u00e1\u0159ej\u00ed dokonal\u00fd v\u00fdrazn\u00fd kousek. P\u0159ijm\u011bte eleganci a \u0161arm a nechte tuto kv\u011btinovou korunu prom\u011bnit v\u00e1\u0161 vzhled v malebnou vizi kv\u011btinov\u00e9ho um\u011bn\u00ed.\n\n(Pozn\u00e1mka: Popis se vyh\u00fdb\u00e1 zm\u00ednce o p\u016fvodu a z\u00e1rove\u0148 motivuje k n\u00e1kupu zd\u016frazn\u011bn\u00edm ru\u010dn\u00ed v\u00fdroby a atraktivn\u00edch p\u0159\u00edpad\u016f pou\u017eit\u00ed v\u00fdrobku).<\/p><p>Slo\u017een\u00ed: kr\u00e9mov\u00e9 r\u016f\u017ee, r\u016f\u017eov\u00e9 r\u016f\u017ee, \u010derven\u00e9 r\u016f\u017ee, \u017elut\u00e1 orchidej, levandule, mal\u00e9 b\u00edl\u00e9 akcenty, dekorativn\u00ed mot\u00fdli.<\/p>","protected":false},"excerpt":{"rendered":"<div style=\"width: 90%;text-align: left;margin: auto\"><p style=\"text-align:center\"><b>\ud83d\udc51 Z na\u0161ich rukou do va\u0161\u00ed hlavy<\/b><br \/><i>Luxusn\u00ed kv\u011btinov\u00e9 koruny pro ka\u017edou p\u0159\u00edle\u017eitost<\/i><\/p><ul><li>\u2702\ufe0f Pe\u010dliv\u011b p\u0159ipraven\u00e9 v srdci m\u011bsta <b>\u010cesk\u00e1 republika<\/b><\/li><li><b>\ud83d\udc90 Slo\u017een\u00ed: kr\u00e9mov\u00e9 r\u016f\u017ee, r\u016f\u017eov\u00e9 r\u016f\u017ee, \u010derven\u00e9 r\u016f\u017ee, \u017elut\u00e1 orchidej, levandule, mal\u00e9 b\u00edl\u00e9 akcenty, dekorativn\u00ed mot\u00fdli.<\/b><\/li><\/ul><\/div>","protected":false},"featured_media":587,"template":"","meta":[],"product_brand":[],"product_cat":[68],"product_tag":[],"class_list":{"0":"post-588","1":"product","2":"type-product","3":"status-publish","4":"has-post-thumbnail","6":"product_cat-floral-headpiece-headband","8":"first","9":"instock","10":"shipping-taxable","11":"purchasable","12":"product-type-simple"},"yoast_head":"<!-- This site is optimized with the Yoast SEO plugin v25.9 - https:\/\/yoast.com\/wordpress\/plugins\/seo\/ -->\n<title>Enchanted Flower Crown with Butterfly Accents - Flora Tiara<\/title>\n<meta name=\"description\" content=\"Unique and beautiful: Shop our Enchanted Flower Crown with Butterfly Accents. Premium high quality headpiece to make the occasion unforgettable.\" \/>\n<meta name=\"robots\" content=\"index, follow, max-snippet:-1, max-image-preview:large, max-video-preview:-1\" \/>\n<link rel=\"canonical\" href=\"https:\/\/floratiara.com\/cs\/p\/kvetinova-celenka-motyli-girlanda-pokryvka-hlavy\/\" \/>\n<meta property=\"og:locale\" content=\"cs_CZ\" \/>\n<meta property=\"og:type\" content=\"article\" \/>\n<meta property=\"og:title\" content=\"Enchanted Flower Crown with Butterfly Accents - Flora Tiara\" \/>\n<meta property=\"og:description\" content=\"Unique and beautiful: Shop our Enchanted Flower Crown with Butterfly Accents. Premium high quality headpiece to make the occasion unforgettable.\" \/>\n<meta property=\"og:url\" content=\"https:\/\/floratiara.com\/cs\/p\/kvetinova-celenka-motyli-girlanda-pokryvka-hlavy\/\" \/>\n<meta property=\"og:site_name\" content=\"Flora Tiara\" \/>\n<meta property=\"article:modified_time\" content=\"2025-07-22T03:50:46+00:00\" \/>\n<meta property=\"og:image\" content=\"https:\/\/floratiara.com\/wp-content\/uploads\/2024\/03\/S6089831ced4744cda45682e6ec168795v.webp\" \/>\n\t<meta property=\"og:image:width\" content=\"880\" \/>\n\t<meta property=\"og:image:height\" content=\"880\" \/>\n\t<meta property=\"og:image:type\" content=\"image\/webp\" \/>\n<meta name=\"twitter:card\" content=\"summary_large_image\" \/>\n<meta name=\"twitter:label1\" content=\"Odhadovan\u00e1 doba \u010dten\u00ed\" \/>\n\t<meta name=\"twitter:data1\" content=\"1 minuta\" \/>\n<script type=\"application\/ld+json\" class=\"yoast-schema-graph\">{\"@context\":\"https:\/\/schema.org\",\"@graph\":[{\"@type\":\"WebPage\",\"@id\":\"https:\/\/floratiara.com\/p\/blossom-tiara-butterfly-garland-headwear\/\",\"url\":\"https:\/\/floratiara.com\/p\/blossom-tiara-butterfly-garland-headwear\/\",\"name\":\"Enchanted Flower Crown with Butterfly Accents - Flora Tiara\",\"isPartOf\":{\"@id\":\"https:\/\/floratiara.com\/#website\"},\"primaryImageOfPage\":{\"@id\":\"https:\/\/floratiara.com\/p\/blossom-tiara-butterfly-garland-headwear\/#primaryimage\"},\"image\":{\"@id\":\"https:\/\/floratiara.com\/p\/blossom-tiara-butterfly-garland-headwear\/#primaryimage\"},\"thumbnailUrl\":\"https:\/\/floratiara.com\/wp-content\/uploads\/2024\/03\/S6089831ced4744cda45682e6ec168795v.webp\",\"datePublished\":\"2024-03-16T10:23:40+00:00\",\"dateModified\":\"2025-07-22T03:50:46+00:00\",\"description\":\"Unique and beautiful: Shop our Enchanted Flower Crown with Butterfly Accents. Premium high quality headpiece to make the occasion unforgettable.\",\"breadcrumb\":{\"@id\":\"https:\/\/floratiara.com\/p\/blossom-tiara-butterfly-garland-headwear\/#breadcrumb\"},\"inLanguage\":\"cs\",\"potentialAction\":[{\"@type\":\"ReadAction\",\"target\":[\"https:\/\/floratiara.com\/p\/blossom-tiara-butterfly-garland-headwear\/\"]}]},{\"@type\":\"ImageObject\",\"inLanguage\":\"cs\",\"@id\":\"https:\/\/floratiara.com\/p\/blossom-tiara-butterfly-garland-headwear\/#primaryimage\",\"url\":\"https:\/\/floratiara.com\/wp-content\/uploads\/2024\/03\/S6089831ced4744cda45682e6ec168795v.webp\",\"contentUrl\":\"https:\/\/floratiara.com\/wp-content\/uploads\/2024\/03\/S6089831ced4744cda45682e6ec168795v.webp\",\"width\":880,\"height\":880},{\"@type\":\"BreadcrumbList\",\"@id\":\"https:\/\/floratiara.com\/p\/blossom-tiara-butterfly-garland-headwear\/#breadcrumb\",\"itemListElement\":[{\"@type\":\"ListItem\",\"position\":1,\"name\":\"Home\",\"item\":\"https:\/\/floratiara.com\/\"},{\"@type\":\"ListItem\",\"position\":2,\"name\":\"Shop\",\"item\":\"https:\/\/floratiara.com\/shop\/\"},{\"@type\":\"ListItem\",\"position\":3,\"name\":\"Enchanted Flower Crown with Butterfly Accents\"}]},{\"@type\":\"WebSite\",\"@id\":\"https:\/\/floratiara.com\/#website\",\"url\":\"https:\/\/floratiara.com\/\",\"name\":\"Flora Tiara\",\"description\":\"\",\"publisher\":{\"@id\":\"https:\/\/floratiara.com\/#organization\"},\"potentialAction\":[{\"@type\":\"SearchAction\",\"target\":{\"@type\":\"EntryPoint\",\"urlTemplate\":\"https:\/\/floratiara.com\/?s={search_term_string}\"},\"query-input\":{\"@type\":\"PropertyValueSpecification\",\"valueRequired\":true,\"valueName\":\"search_term_string\"}}],\"inLanguage\":\"cs\"},{\"@type\":\"Organization\",\"@id\":\"https:\/\/floratiara.com\/#organization\",\"name\":\"Flora Tiara\",\"url\":\"https:\/\/floratiara.com\/\",\"logo\":{\"@type\":\"ImageObject\",\"inLanguage\":\"cs\",\"@id\":\"https:\/\/floratiara.com\/#\/schema\/logo\/image\/\",\"url\":\"https:\/\/floratiara.com\/wp-content\/uploads\/2024\/03\/flora-tiara-logo.png\",\"contentUrl\":\"https:\/\/floratiara.com\/wp-content\/uploads\/2024\/03\/flora-tiara-logo.png\",\"width\":1024,\"height\":274,\"caption\":\"Flora Tiara\"},\"image\":{\"@id\":\"https:\/\/floratiara.com\/#\/schema\/logo\/image\/\"}}]}<\/script>\n<!-- \/ Yoast SEO plugin. -->","yoast_head_json":{"title":"Okouzluj\u00edc\u00ed kv\u011btinov\u00e1 koruna s mot\u00fdl\u00edmi akcenty - Flora Tiara","description":"Jedine\u010dn\u00e9 a kr\u00e1sn\u00e9: Nakupujte na\u0161i kouzelnou kv\u011btinovou korunku s mot\u00fdl\u00edmi akcenty. Pr\u00e9miov\u00e1 \u010delenka vysok\u00e9 kvality, d\u00edky kter\u00e9 bude p\u0159\u00edle\u017eitost nezapomenuteln\u00e1.","robots":{"index":"index","follow":"follow","max-snippet":"max-snippet:-1","max-image-preview":"max-image-preview:large","max-video-preview":"max-video-preview:-1"},"canonical":"https:\/\/floratiara.com\/cs\/p\/kvetinova-celenka-motyli-girlanda-pokryvka-hlavy\/","og_locale":"cs_CZ","og_type":"article","og_title":"Enchanted Flower Crown with Butterfly Accents - Flora Tiara","og_description":"Unique and beautiful: Shop our Enchanted Flower Crown with Butterfly Accents. Premium high quality headpiece to make the occasion unforgettable.","og_url":"https:\/\/floratiara.com\/cs\/p\/kvetinova-celenka-motyli-girlanda-pokryvka-hlavy\/","og_site_name":"Flora Tiara","article_modified_time":"2025-07-22T03:50:46+00:00","og_image":[{"width":880,"height":880,"url":"https:\/\/floratiara.com\/wp-content\/uploads\/2024\/03\/S6089831ced4744cda45682e6ec168795v.webp","type":"image\/webp"}],"twitter_card":"summary_large_image","twitter_misc":{"Odhadovan\u00e1 doba \u010dten\u00ed":"1 minuta"},"schema":{"@context":"https:\/\/schema.org","@graph":[{"@type":"WebPage","@id":"https:\/\/floratiara.com\/p\/blossom-tiara-butterfly-garland-headwear\/","url":"https:\/\/floratiara.com\/p\/blossom-tiara-butterfly-garland-headwear\/","name":"Okouzluj\u00edc\u00ed kv\u011btinov\u00e1 koruna s mot\u00fdl\u00edmi akcenty - Flora Tiara","isPartOf":{"@id":"https:\/\/floratiara.com\/#website"},"primaryImageOfPage":{"@id":"https:\/\/floratiara.com\/p\/blossom-tiara-butterfly-garland-headwear\/#primaryimage"},"image":{"@id":"https:\/\/floratiara.com\/p\/blossom-tiara-butterfly-garland-headwear\/#primaryimage"},"thumbnailUrl":"https:\/\/floratiara.com\/wp-content\/uploads\/2024\/03\/S6089831ced4744cda45682e6ec168795v.webp","datePublished":"2024-03-16T10:23:40+00:00","dateModified":"2025-07-22T03:50:46+00:00","description":"Jedine\u010dn\u00e9 a kr\u00e1sn\u00e9: Nakupujte na\u0161i kouzelnou kv\u011btinovou korunku s mot\u00fdl\u00edmi akcenty. Pr\u00e9miov\u00e1 \u010delenka vysok\u00e9 kvality, d\u00edky kter\u00e9 bude p\u0159\u00edle\u017eitost nezapomenuteln\u00e1.","breadcrumb":{"@id":"https:\/\/floratiara.com\/p\/blossom-tiara-butterfly-garland-headwear\/#breadcrumb"},"inLanguage":"cs","potentialAction":[{"@type":"ReadAction","target":["https:\/\/floratiara.com\/p\/blossom-tiara-butterfly-garland-headwear\/"]}]},{"@type":"ImageObject","inLanguage":"cs","@id":"https:\/\/floratiara.com\/p\/blossom-tiara-butterfly-garland-headwear\/#primaryimage","url":"https:\/\/floratiara.com\/wp-content\/uploads\/2024\/03\/S6089831ced4744cda45682e6ec168795v.webp","contentUrl":"https:\/\/floratiara.com\/wp-content\/uploads\/2024\/03\/S6089831ced4744cda45682e6ec168795v.webp","width":880,"height":880},{"@type":"BreadcrumbList","@id":"https:\/\/floratiara.com\/p\/blossom-tiara-butterfly-garland-headwear\/#breadcrumb","itemListElement":[{"@type":"ListItem","position":1,"name":"Home","item":"https:\/\/floratiara.com\/"},{"@type":"ListItem","position":2,"name":"Shop","item":"https:\/\/floratiara.com\/shop\/"},{"@type":"ListItem","position":3,"name":"Enchanted Flower Crown with Butterfly Accents"}]},{"@type":"WebSite","@id":"https:\/\/floratiara.com\/#website","url":"https:\/\/floratiara.com\/","name":"Flora Tiara","description":"","publisher":{"@id":"https:\/\/floratiara.com\/#organization"},"potentialAction":[{"@type":"SearchAction","target":{"@type":"EntryPoint","urlTemplate":"https:\/\/floratiara.com\/?s={search_term_string}"},"query-input":{"@type":"PropertyValueSpecification","valueRequired":true,"valueName":"search_term_string"}}],"inLanguage":"cs"},{"@type":"Organization","@id":"https:\/\/floratiara.com\/#organization","name":"Flora Tiara","url":"https:\/\/floratiara.com\/","logo":{"@type":"ImageObject","inLanguage":"cs","@id":"https:\/\/floratiara.com\/#\/schema\/logo\/image\/","url":"https:\/\/floratiara.com\/wp-content\/uploads\/2024\/03\/flora-tiara-logo.png","contentUrl":"https:\/\/floratiara.com\/wp-content\/uploads\/2024\/03\/flora-tiara-logo.png","width":1024,"height":274,"caption":"Flora Tiara"},"image":{"@id":"https:\/\/floratiara.com\/#\/schema\/logo\/image\/"}}]}},"_links":{"self":[{"href":"https:\/\/floratiara.com\/cs\/wp-json\/wp\/v2\/product\/588","targetHints":{"allow":["GET"]}}],"collection":[{"href":"https:\/\/floratiara.com\/cs\/wp-json\/wp\/v2\/product"}],"about":[{"href":"https:\/\/floratiara.com\/cs\/wp-json\/wp\/v2\/types\/product"}],"wp:featuredmedia":[{"embeddable":true,"href":"https:\/\/floratiara.com\/cs\/wp-json\/wp\/v2\/media\/587"}],"wp:attachment":[{"href":"https:\/\/floratiara.com\/cs\/wp-json\/wp\/v2\/media?parent=588"}],"wp:term":[{"taxonomy":"product_brand","embeddable":true,"href":"https:\/\/floratiara.com\/cs\/wp-json\/wp\/v2\/product_brand?post=588"},{"taxonomy":"product_cat","embeddable":true,"href":"https:\/\/floratiara.com\/cs\/wp-json\/wp\/v2\/product_cat?post=588"},{"taxonomy":"product_tag","embeddable":true,"href":"https:\/\/floratiara.com\/cs\/wp-json\/wp\/v2\/product_tag?post=588"}],"curies":[{"name":"wp","href":"https:\/\/api.w.org\/{rel}","templated":true}]}}