{"id":637,"date":"2024-03-16T10:27:20","date_gmt":"2024-03-16T10:27:20","guid":{"rendered":"https:\/\/floratiara.com\/?post_type=product&#038;p=637"},"modified":"2024-12-12T01:39:16","modified_gmt":"2024-12-12T01:39:16","slug":"barevna-slavnostni-kvetinova-celenka","status":"publish","type":"product","link":"https:\/\/floratiara.com\/cs\/p\/barevna-slavnostni-kvetinova-celenka\/","title":{"rendered":"Z\u00e1\u0159iv\u00e1 pivo\u0148kov\u00e1 kv\u011btinov\u00e1 \u010delenka pro \u017eeny"},"content":{"rendered":"<p>Vstupte do st\u0159edu pozornosti s na\u0161\u00ed \u00fachvatnou kv\u011btinovou korunkou \"Enchanted Blossom\", kter\u00e1 je mistrovsk\u00fdm d\u00edlem barev a designu. Ka\u017ed\u00fd zdobn\u00fd kus je pe\u010dliv\u011b vyroben z bohat\u011b zbarven\u00fdch r\u016f\u017e\u00ed a elegantn\u00edch ozdobn\u00fdch list\u016f a nab\u00edz\u00ed atmosf\u00e9ru sofistikovanosti a p\u016fvabu. Tato elegantn\u00ed \u010delenka, kter\u00e1 se skv\u011ble hod\u00ed na festivaly, svatby a kulturn\u00ed oslavy, p\u0159edstavuje v\u00fdrazn\u00fd dopln\u011bk ka\u017ed\u00e9ho \u0161atn\u00edku a slibuje, \u017ee sv\u00fdm okouzluj\u00edc\u00edm vzhledem prom\u011bn\u00ed v\u00e1\u0161 vzhled. Vyu\u017eijte chv\u00edle, kdy si m\u016f\u017eete dop\u0159\u00e1t tento luxusn\u00ed dopln\u011bk, a nechte sv\u016fj styl rozkv\u00e9st sebejistotou a vyrovnanost\u00ed. Dopl\u0148te svou sb\u00edrku o tuto nezbytnou ozdobu je\u0161t\u011b dnes a kochejte se jej\u00ed nad\u010dasovou kr\u00e1sou.<\/p><p>Slo\u017een\u00ed: oran\u017eov\u00e1 r\u016f\u017ee, \u010derven\u00e1 r\u016f\u017ee, \u010dern\u00e9 ozdobn\u00e9 listy, zelen\u00e9 ozdobn\u00e9 listy, modr\u00e1 r\u016f\u017ee a r\u016f\u017eov\u00e1 r\u016f\u017ee.<\/p>","protected":false},"excerpt":{"rendered":"<div style=\"width: 90%;text-align: left;margin: auto\"><p style=\"text-align:center\"><b>\ud83d\udc51 Z na\u0161ich rukou do va\u0161\u00ed hlavy<\/b><br \/><i>Luxusn\u00ed kv\u011btinov\u00e9 koruny pro ka\u017edou p\u0159\u00edle\u017eitost<\/i><\/p><ul><li>\u2702\ufe0f Pe\u010dliv\u011b p\u0159ipraven\u00e9 v srdci m\u011bsta <b>\u010cesk\u00e1 republika<\/b><\/li><li><b>\ud83d\udc90 Slo\u017een\u00ed: oran\u017eov\u00e1 r\u016f\u017ee, \u010derven\u00e1 r\u016f\u017ee, \u010dern\u00e9 ozdobn\u00e9 listy, zelen\u00e9 ozdobn\u00e9 listy, modr\u00e1 r\u016f\u017ee a r\u016f\u017eov\u00e1 r\u016f\u017ee.<\/b><\/li><\/ul><\/div>","protected":false},"featured_media":636,"template":"","meta":[],"product_brand":[],"product_cat":[15],"product_tag":[],"class_list":{"0":"post-637","1":"product","2":"type-product","3":"status-publish","4":"has-post-thumbnail","6":"product_cat-uncategorized","8":"first","9":"instock","10":"shipping-taxable","11":"purchasable","12":"product-type-simple"},"yoast_head":"<!-- This site is optimized with the Yoast SEO plugin v25.9 - https:\/\/yoast.com\/wordpress\/plugins\/seo\/ -->\n<title>Vibrant Peony Flower Crown Headpiece for Women - Flora Tiara<\/title>\n<meta name=\"description\" content=\"Unique and beautiful: Shop our Vibrant Peony Flower Crown Headpiece for Women. Premium high quality headpiece to make the occasion unforgettable.\" \/>\n<meta name=\"robots\" content=\"index, follow, max-snippet:-1, max-image-preview:large, max-video-preview:-1\" \/>\n<link rel=\"canonical\" href=\"https:\/\/floratiara.com\/cs\/p\/barevna-slavnostni-kvetinova-celenka\/\" \/>\n<meta property=\"og:locale\" content=\"cs_CZ\" \/>\n<meta property=\"og:type\" content=\"article\" \/>\n<meta property=\"og:title\" content=\"Vibrant Peony Flower Crown Headpiece for Women - Flora Tiara\" \/>\n<meta property=\"og:description\" content=\"Unique and beautiful: Shop our Vibrant Peony Flower Crown Headpiece for Women. Premium high quality headpiece to make the occasion unforgettable.\" \/>\n<meta property=\"og:url\" content=\"https:\/\/floratiara.com\/cs\/p\/barevna-slavnostni-kvetinova-celenka\/\" \/>\n<meta property=\"og:site_name\" content=\"Flora Tiara\" \/>\n<meta property=\"article:modified_time\" content=\"2024-12-12T01:39:16+00:00\" \/>\n<meta property=\"og:image\" content=\"https:\/\/floratiara.com\/wp-content\/uploads\/2024\/03\/Sbc72427a6b9d4a818adb99ac986d9d80v.webp\" \/>\n\t<meta property=\"og:image:width\" content=\"800\" \/>\n\t<meta property=\"og:image:height\" content=\"800\" \/>\n\t<meta property=\"og:image:type\" content=\"image\/webp\" \/>\n<meta name=\"twitter:card\" content=\"summary_large_image\" \/>\n<meta name=\"twitter:label1\" content=\"Odhadovan\u00e1 doba \u010dten\u00ed\" \/>\n\t<meta name=\"twitter:data1\" content=\"1 minuta\" \/>\n<script type=\"application\/ld+json\" class=\"yoast-schema-graph\">{\"@context\":\"https:\/\/schema.org\",\"@graph\":[{\"@type\":\"WebPage\",\"@id\":\"https:\/\/floratiara.com\/p\/colorful-festive-floral-headband\/\",\"url\":\"https:\/\/floratiara.com\/p\/colorful-festive-floral-headband\/\",\"name\":\"Vibrant Peony Flower Crown Headpiece for Women - Flora Tiara\",\"isPartOf\":{\"@id\":\"https:\/\/floratiara.com\/#website\"},\"primaryImageOfPage\":{\"@id\":\"https:\/\/floratiara.com\/p\/colorful-festive-floral-headband\/#primaryimage\"},\"image\":{\"@id\":\"https:\/\/floratiara.com\/p\/colorful-festive-floral-headband\/#primaryimage\"},\"thumbnailUrl\":\"https:\/\/floratiara.com\/wp-content\/uploads\/2024\/03\/Sbc72427a6b9d4a818adb99ac986d9d80v.webp\",\"datePublished\":\"2024-03-16T10:27:20+00:00\",\"dateModified\":\"2024-12-12T01:39:16+00:00\",\"description\":\"Unique and beautiful: Shop our Vibrant Peony Flower Crown Headpiece for Women. Premium high quality headpiece to make the occasion unforgettable.\",\"breadcrumb\":{\"@id\":\"https:\/\/floratiara.com\/p\/colorful-festive-floral-headband\/#breadcrumb\"},\"inLanguage\":\"cs\",\"potentialAction\":[{\"@type\":\"ReadAction\",\"target\":[\"https:\/\/floratiara.com\/p\/colorful-festive-floral-headband\/\"]}]},{\"@type\":\"ImageObject\",\"inLanguage\":\"cs\",\"@id\":\"https:\/\/floratiara.com\/p\/colorful-festive-floral-headband\/#primaryimage\",\"url\":\"https:\/\/floratiara.com\/wp-content\/uploads\/2024\/03\/Sbc72427a6b9d4a818adb99ac986d9d80v.webp\",\"contentUrl\":\"https:\/\/floratiara.com\/wp-content\/uploads\/2024\/03\/Sbc72427a6b9d4a818adb99ac986d9d80v.webp\",\"width\":800,\"height\":800},{\"@type\":\"BreadcrumbList\",\"@id\":\"https:\/\/floratiara.com\/p\/colorful-festive-floral-headband\/#breadcrumb\",\"itemListElement\":[{\"@type\":\"ListItem\",\"position\":1,\"name\":\"Home\",\"item\":\"https:\/\/floratiara.com\/\"},{\"@type\":\"ListItem\",\"position\":2,\"name\":\"Shop\",\"item\":\"https:\/\/floratiara.com\/shop\/\"},{\"@type\":\"ListItem\",\"position\":3,\"name\":\"Vibrant Peony Flower Crown Headpiece for Women\"}]},{\"@type\":\"WebSite\",\"@id\":\"https:\/\/floratiara.com\/#website\",\"url\":\"https:\/\/floratiara.com\/\",\"name\":\"Flora Tiara\",\"description\":\"\",\"publisher\":{\"@id\":\"https:\/\/floratiara.com\/#organization\"},\"potentialAction\":[{\"@type\":\"SearchAction\",\"target\":{\"@type\":\"EntryPoint\",\"urlTemplate\":\"https:\/\/floratiara.com\/?s={search_term_string}\"},\"query-input\":{\"@type\":\"PropertyValueSpecification\",\"valueRequired\":true,\"valueName\":\"search_term_string\"}}],\"inLanguage\":\"cs\"},{\"@type\":\"Organization\",\"@id\":\"https:\/\/floratiara.com\/#organization\",\"name\":\"Flora Tiara\",\"url\":\"https:\/\/floratiara.com\/\",\"logo\":{\"@type\":\"ImageObject\",\"inLanguage\":\"cs\",\"@id\":\"https:\/\/floratiara.com\/#\/schema\/logo\/image\/\",\"url\":\"https:\/\/floratiara.com\/wp-content\/uploads\/2024\/03\/flora-tiara-logo.png\",\"contentUrl\":\"https:\/\/floratiara.com\/wp-content\/uploads\/2024\/03\/flora-tiara-logo.png\",\"width\":1024,\"height\":274,\"caption\":\"Flora Tiara\"},\"image\":{\"@id\":\"https:\/\/floratiara.com\/#\/schema\/logo\/image\/\"}}]}<\/script>\n<!-- \/ Yoast SEO plugin. -->","yoast_head_json":{"title":"Z\u00e1\u0159iv\u00e1 pivo\u0148kov\u00e1 kv\u011btinov\u00e1 \u010delenka pro \u017eeny - Flora Tiara","description":"Jedine\u010dn\u00e9 a kr\u00e1sn\u00e9: Koup\u00edte si na\u0161i \u017eivou kv\u011btinovou korunku pro \u017eeny. Pr\u00e9miov\u00e1 \u010delenka vysok\u00e9 kvality, d\u00edky n\u00ed\u017e bude p\u0159\u00edle\u017eitost nezapomenuteln\u00e1.","robots":{"index":"index","follow":"follow","max-snippet":"max-snippet:-1","max-image-preview":"max-image-preview:large","max-video-preview":"max-video-preview:-1"},"canonical":"https:\/\/floratiara.com\/cs\/p\/barevna-slavnostni-kvetinova-celenka\/","og_locale":"cs_CZ","og_type":"article","og_title":"Vibrant Peony Flower Crown Headpiece for Women - Flora Tiara","og_description":"Unique and beautiful: Shop our Vibrant Peony Flower Crown Headpiece for Women. Premium high quality headpiece to make the occasion unforgettable.","og_url":"https:\/\/floratiara.com\/cs\/p\/barevna-slavnostni-kvetinova-celenka\/","og_site_name":"Flora Tiara","article_modified_time":"2024-12-12T01:39:16+00:00","og_image":[{"width":800,"height":800,"url":"https:\/\/floratiara.com\/wp-content\/uploads\/2024\/03\/Sbc72427a6b9d4a818adb99ac986d9d80v.webp","type":"image\/webp"}],"twitter_card":"summary_large_image","twitter_misc":{"Odhadovan\u00e1 doba \u010dten\u00ed":"1 minuta"},"schema":{"@context":"https:\/\/schema.org","@graph":[{"@type":"WebPage","@id":"https:\/\/floratiara.com\/p\/colorful-festive-floral-headband\/","url":"https:\/\/floratiara.com\/p\/colorful-festive-floral-headband\/","name":"Z\u00e1\u0159iv\u00e1 pivo\u0148kov\u00e1 kv\u011btinov\u00e1 \u010delenka pro \u017eeny - Flora Tiara","isPartOf":{"@id":"https:\/\/floratiara.com\/#website"},"primaryImageOfPage":{"@id":"https:\/\/floratiara.com\/p\/colorful-festive-floral-headband\/#primaryimage"},"image":{"@id":"https:\/\/floratiara.com\/p\/colorful-festive-floral-headband\/#primaryimage"},"thumbnailUrl":"https:\/\/floratiara.com\/wp-content\/uploads\/2024\/03\/Sbc72427a6b9d4a818adb99ac986d9d80v.webp","datePublished":"2024-03-16T10:27:20+00:00","dateModified":"2024-12-12T01:39:16+00:00","description":"Jedine\u010dn\u00e9 a kr\u00e1sn\u00e9: Koup\u00edte si na\u0161i \u017eivou kv\u011btinovou korunku pro \u017eeny. Pr\u00e9miov\u00e1 \u010delenka vysok\u00e9 kvality, d\u00edky n\u00ed\u017e bude p\u0159\u00edle\u017eitost nezapomenuteln\u00e1.","breadcrumb":{"@id":"https:\/\/floratiara.com\/p\/colorful-festive-floral-headband\/#breadcrumb"},"inLanguage":"cs","potentialAction":[{"@type":"ReadAction","target":["https:\/\/floratiara.com\/p\/colorful-festive-floral-headband\/"]}]},{"@type":"ImageObject","inLanguage":"cs","@id":"https:\/\/floratiara.com\/p\/colorful-festive-floral-headband\/#primaryimage","url":"https:\/\/floratiara.com\/wp-content\/uploads\/2024\/03\/Sbc72427a6b9d4a818adb99ac986d9d80v.webp","contentUrl":"https:\/\/floratiara.com\/wp-content\/uploads\/2024\/03\/Sbc72427a6b9d4a818adb99ac986d9d80v.webp","width":800,"height":800},{"@type":"BreadcrumbList","@id":"https:\/\/floratiara.com\/p\/colorful-festive-floral-headband\/#breadcrumb","itemListElement":[{"@type":"ListItem","position":1,"name":"Home","item":"https:\/\/floratiara.com\/"},{"@type":"ListItem","position":2,"name":"Shop","item":"https:\/\/floratiara.com\/shop\/"},{"@type":"ListItem","position":3,"name":"Vibrant Peony Flower Crown Headpiece for Women"}]},{"@type":"WebSite","@id":"https:\/\/floratiara.com\/#website","url":"https:\/\/floratiara.com\/","name":"Flora Tiara","description":"","publisher":{"@id":"https:\/\/floratiara.com\/#organization"},"potentialAction":[{"@type":"SearchAction","target":{"@type":"EntryPoint","urlTemplate":"https:\/\/floratiara.com\/?s={search_term_string}"},"query-input":{"@type":"PropertyValueSpecification","valueRequired":true,"valueName":"search_term_string"}}],"inLanguage":"cs"},{"@type":"Organization","@id":"https:\/\/floratiara.com\/#organization","name":"Flora Tiara","url":"https:\/\/floratiara.com\/","logo":{"@type":"ImageObject","inLanguage":"cs","@id":"https:\/\/floratiara.com\/#\/schema\/logo\/image\/","url":"https:\/\/floratiara.com\/wp-content\/uploads\/2024\/03\/flora-tiara-logo.png","contentUrl":"https:\/\/floratiara.com\/wp-content\/uploads\/2024\/03\/flora-tiara-logo.png","width":1024,"height":274,"caption":"Flora Tiara"},"image":{"@id":"https:\/\/floratiara.com\/#\/schema\/logo\/image\/"}}]}},"_links":{"self":[{"href":"https:\/\/floratiara.com\/cs\/wp-json\/wp\/v2\/product\/637","targetHints":{"allow":["GET"]}}],"collection":[{"href":"https:\/\/floratiara.com\/cs\/wp-json\/wp\/v2\/product"}],"about":[{"href":"https:\/\/floratiara.com\/cs\/wp-json\/wp\/v2\/types\/product"}],"wp:featuredmedia":[{"embeddable":true,"href":"https:\/\/floratiara.com\/cs\/wp-json\/wp\/v2\/media\/636"}],"wp:attachment":[{"href":"https:\/\/floratiara.com\/cs\/wp-json\/wp\/v2\/media?parent=637"}],"wp:term":[{"taxonomy":"product_brand","embeddable":true,"href":"https:\/\/floratiara.com\/cs\/wp-json\/wp\/v2\/product_brand?post=637"},{"taxonomy":"product_cat","embeddable":true,"href":"https:\/\/floratiara.com\/cs\/wp-json\/wp\/v2\/product_cat?post=637"},{"taxonomy":"product_tag","embeddable":true,"href":"https:\/\/floratiara.com\/cs\/wp-json\/wp\/v2\/product_tag?post=637"}],"curies":[{"name":"wp","href":"https:\/\/api.w.org\/{rel}","templated":true}]}}