{"id":655,"date":"2024-03-16T10:30:34","date_gmt":"2024-03-16T10:30:34","guid":{"rendered":"https:\/\/floratiara.com\/?post_type=product&#038;p=655"},"modified":"2025-07-22T03:50:46","modified_gmt":"2025-07-22T03:50:46","slug":"kvetinova-celenka-svatebni-bohemsky-styl","status":"publish","type":"product","link":"https:\/\/floratiara.com\/cs\/p\/kvetinova-celenka-svatebni-bohemsky-styl\/","title":{"rendered":"Boho Chic kv\u011btinov\u00e1 koruna pro svatby a festivaly"},"content":{"rendered":"<p>Vylep\u0161ete sv\u016fj vzhled na\u0161\u00ed kv\u011btinovou korunkou Boho Chic, kter\u00e1 je ru\u010dn\u011b vyroben\u00fdm symbolem p\u016fvabu a elegance. Tato kv\u011btinov\u00e1 \u010delenka je ide\u00e1ln\u00ed pro nev\u011bsty i n\u00e1v\u0161t\u011bvn\u00edky festival\u016f a slibuje, \u017ee vnese do ka\u017ed\u00e9ho oble\u010den\u00ed n\u00e1dech rozmarnosti a p\u0159irozen\u00e9ho p\u016fvabu. Dop\u0159ejte si romantiku sm\u00ed\u0161en\u00fdch r\u016f\u017e\u00ed, pivon\u011bk, azalek, narcis\u016f a t\u0159e\u0161\u0148ov\u00fdch kv\u011bt\u016f, kter\u00e9 jsou odborn\u011b naaran\u017eovan\u00e9 a tvo\u0159\u00ed dokonal\u00fd v\u00fdrazn\u00fd kousek. Odoln\u00fd a z\u00e1rove\u0148 pohodln\u00fd \u0161\u00e1tek je navr\u017een tak, aby zajistil v\u00e1\u0161 styl od \u00fasvitu do soumraku. S t\u00edmto okouzluj\u00edc\u00edm dopl\u0148kem se m\u016f\u017eete odd\u00e1vat luxusu a na p\u0159\u00ed\u0161t\u00ed akci ud\u011blat v\u011b\u010dn\u00fd dojem. Nakupujte nyn\u00ed a oboha\u0165te sv\u016fj \u0161atn\u00edk!<\/p><p>Slo\u017een\u00ed: terakotov\u00e9 r\u016f\u017ee, b\u00edl\u00e9 r\u016f\u017ee, r\u016f\u017eov\u00e9 pivo\u0148ky, fuchsiov\u00e9 azalky, meru\u0148kov\u00e9 r\u016f\u017ee, \u017elut\u00e9 narcisy, r\u016f\u017eov\u00e9 t\u0159e\u0161\u0148ov\u00e9 kv\u011bty a drobn\u00e9 kv\u011btiny.<\/p>","protected":false},"excerpt":{"rendered":"<div style=\"width: 90%;text-align: left;margin: auto\"><p style=\"text-align:center\"><b>\ud83d\udc51 Z na\u0161ich rukou do va\u0161\u00ed hlavy<\/b><br \/><i>Luxusn\u00ed kv\u011btinov\u00e9 koruny pro ka\u017edou p\u0159\u00edle\u017eitost<\/i><\/p><ul><li>\u2702\ufe0f Pe\u010dliv\u011b p\u0159ipraven\u00e9 v srdci m\u011bsta <b>\u010cesk\u00e1 republika<\/b><\/li><li><b>\ud83d\udc90 Slo\u017een\u00ed: terakotov\u00e9 r\u016f\u017ee, b\u00edl\u00e9 r\u016f\u017ee, r\u016f\u017eov\u00e9 pivo\u0148ky, fuchsiov\u00e9 azalky, meru\u0148kov\u00e9 r\u016f\u017ee, \u017elut\u00e9 narcisy, r\u016f\u017eov\u00e9 t\u0159e\u0161\u0148ov\u00e9 kv\u011bty a drobn\u00e9 akcentov\u00e9 kv\u011bty.<\/b><\/li><\/ul><\/div>","protected":false},"featured_media":654,"template":"","meta":[],"product_brand":[],"product_cat":[68],"product_tag":[],"class_list":{"0":"post-655","1":"product","2":"type-product","3":"status-publish","4":"has-post-thumbnail","6":"product_cat-floral-headpiece-headband","8":"first","9":"instock","10":"shipping-taxable","11":"purchasable","12":"product-type-simple"},"yoast_head":"<!-- This site is optimized with the Yoast SEO plugin v25.9 - https:\/\/yoast.com\/wordpress\/plugins\/seo\/ -->\n<title>Boho Chic Flower Crown for Weddings &amp; Festivals - Flora Tiara<\/title>\n<meta name=\"description\" content=\"Unique and beautiful: Shop our Boho Chic Flower Crown for Weddings &amp; Festivals. Premium high quality headpiece to make the occasion unforgettable.\" \/>\n<meta name=\"robots\" content=\"index, follow, max-snippet:-1, max-image-preview:large, max-video-preview:-1\" \/>\n<link rel=\"canonical\" href=\"https:\/\/floratiara.com\/cs\/p\/kvetinova-celenka-svatebni-bohemsky-styl\/\" \/>\n<meta property=\"og:locale\" content=\"cs_CZ\" \/>\n<meta property=\"og:type\" content=\"article\" \/>\n<meta property=\"og:title\" content=\"Boho Chic Flower Crown for Weddings &amp; Festivals - Flora Tiara\" \/>\n<meta property=\"og:description\" content=\"Unique and beautiful: Shop our Boho Chic Flower Crown for Weddings &amp; Festivals. Premium high quality headpiece to make the occasion unforgettable.\" \/>\n<meta property=\"og:url\" content=\"https:\/\/floratiara.com\/cs\/p\/kvetinova-celenka-svatebni-bohemsky-styl\/\" \/>\n<meta property=\"og:site_name\" content=\"Flora Tiara\" \/>\n<meta property=\"article:modified_time\" content=\"2025-07-22T03:50:46+00:00\" \/>\n<meta property=\"og:image\" content=\"https:\/\/floratiara.com\/wp-content\/uploads\/2024\/03\/Sa06779c957c24d2c80f53aa32878e2bdW.webp\" \/>\n\t<meta property=\"og:image:width\" content=\"900\" \/>\n\t<meta property=\"og:image:height\" content=\"900\" \/>\n\t<meta property=\"og:image:type\" content=\"image\/webp\" \/>\n<meta name=\"twitter:card\" content=\"summary_large_image\" \/>\n<meta name=\"twitter:label1\" content=\"Odhadovan\u00e1 doba \u010dten\u00ed\" \/>\n\t<meta name=\"twitter:data1\" content=\"1 minuta\" \/>\n<script type=\"application\/ld+json\" class=\"yoast-schema-graph\">{\"@context\":\"https:\/\/schema.org\",\"@graph\":[{\"@type\":\"WebPage\",\"@id\":\"https:\/\/floratiara.com\/p\/floral-headband-bridal-bohemian-style\/\",\"url\":\"https:\/\/floratiara.com\/p\/floral-headband-bridal-bohemian-style\/\",\"name\":\"Boho Chic Flower Crown for Weddings &amp; Festivals - Flora Tiara\",\"isPartOf\":{\"@id\":\"https:\/\/floratiara.com\/#website\"},\"primaryImageOfPage\":{\"@id\":\"https:\/\/floratiara.com\/p\/floral-headband-bridal-bohemian-style\/#primaryimage\"},\"image\":{\"@id\":\"https:\/\/floratiara.com\/p\/floral-headband-bridal-bohemian-style\/#primaryimage\"},\"thumbnailUrl\":\"https:\/\/floratiara.com\/wp-content\/uploads\/2024\/03\/Sa06779c957c24d2c80f53aa32878e2bdW.webp\",\"datePublished\":\"2024-03-16T10:30:34+00:00\",\"dateModified\":\"2025-07-22T03:50:46+00:00\",\"description\":\"Unique and beautiful: Shop our Boho Chic Flower Crown for Weddings &amp; Festivals. Premium high quality headpiece to make the occasion unforgettable.\",\"breadcrumb\":{\"@id\":\"https:\/\/floratiara.com\/p\/floral-headband-bridal-bohemian-style\/#breadcrumb\"},\"inLanguage\":\"cs\",\"potentialAction\":[{\"@type\":\"ReadAction\",\"target\":[\"https:\/\/floratiara.com\/p\/floral-headband-bridal-bohemian-style\/\"]}]},{\"@type\":\"ImageObject\",\"inLanguage\":\"cs\",\"@id\":\"https:\/\/floratiara.com\/p\/floral-headband-bridal-bohemian-style\/#primaryimage\",\"url\":\"https:\/\/floratiara.com\/wp-content\/uploads\/2024\/03\/Sa06779c957c24d2c80f53aa32878e2bdW.webp\",\"contentUrl\":\"https:\/\/floratiara.com\/wp-content\/uploads\/2024\/03\/Sa06779c957c24d2c80f53aa32878e2bdW.webp\",\"width\":900,\"height\":900},{\"@type\":\"BreadcrumbList\",\"@id\":\"https:\/\/floratiara.com\/p\/floral-headband-bridal-bohemian-style\/#breadcrumb\",\"itemListElement\":[{\"@type\":\"ListItem\",\"position\":1,\"name\":\"Home\",\"item\":\"https:\/\/floratiara.com\/\"},{\"@type\":\"ListItem\",\"position\":2,\"name\":\"Shop\",\"item\":\"https:\/\/floratiara.com\/shop\/\"},{\"@type\":\"ListItem\",\"position\":3,\"name\":\"Boho Chic Flower Crown for Weddings &amp; Festivals\"}]},{\"@type\":\"WebSite\",\"@id\":\"https:\/\/floratiara.com\/#website\",\"url\":\"https:\/\/floratiara.com\/\",\"name\":\"Flora Tiara\",\"description\":\"\",\"publisher\":{\"@id\":\"https:\/\/floratiara.com\/#organization\"},\"potentialAction\":[{\"@type\":\"SearchAction\",\"target\":{\"@type\":\"EntryPoint\",\"urlTemplate\":\"https:\/\/floratiara.com\/?s={search_term_string}\"},\"query-input\":{\"@type\":\"PropertyValueSpecification\",\"valueRequired\":true,\"valueName\":\"search_term_string\"}}],\"inLanguage\":\"cs\"},{\"@type\":\"Organization\",\"@id\":\"https:\/\/floratiara.com\/#organization\",\"name\":\"Flora Tiara\",\"url\":\"https:\/\/floratiara.com\/\",\"logo\":{\"@type\":\"ImageObject\",\"inLanguage\":\"cs\",\"@id\":\"https:\/\/floratiara.com\/#\/schema\/logo\/image\/\",\"url\":\"https:\/\/floratiara.com\/wp-content\/uploads\/2024\/03\/flora-tiara-logo.png\",\"contentUrl\":\"https:\/\/floratiara.com\/wp-content\/uploads\/2024\/03\/flora-tiara-logo.png\",\"width\":1024,\"height\":274,\"caption\":\"Flora Tiara\"},\"image\":{\"@id\":\"https:\/\/floratiara.com\/#\/schema\/logo\/image\/\"}}]}<\/script>\n<!-- \/ Yoast SEO plugin. -->","yoast_head_json":{"title":"Boho Chic kv\u011btinov\u00e1 koruna pro svatby a festivaly - Flora Tiara","description":"Jedine\u010dn\u00e9 a kr\u00e1sn\u00e9: Nakupujte na\u0161i Boho Chic kv\u011btinovou korunu pro svatby a festivaly. Pr\u00e9miov\u00e1 \u010delenka vysok\u00e9 kvality, d\u00edky kter\u00e9 bude p\u0159\u00edle\u017eitost nezapomenuteln\u00e1.","robots":{"index":"index","follow":"follow","max-snippet":"max-snippet:-1","max-image-preview":"max-image-preview:large","max-video-preview":"max-video-preview:-1"},"canonical":"https:\/\/floratiara.com\/cs\/p\/kvetinova-celenka-svatebni-bohemsky-styl\/","og_locale":"cs_CZ","og_type":"article","og_title":"Boho Chic Flower Crown for Weddings &amp; Festivals - Flora Tiara","og_description":"Unique and beautiful: Shop our Boho Chic Flower Crown for Weddings &amp; Festivals. Premium high quality headpiece to make the occasion unforgettable.","og_url":"https:\/\/floratiara.com\/cs\/p\/kvetinova-celenka-svatebni-bohemsky-styl\/","og_site_name":"Flora Tiara","article_modified_time":"2025-07-22T03:50:46+00:00","og_image":[{"width":900,"height":900,"url":"https:\/\/floratiara.com\/wp-content\/uploads\/2024\/03\/Sa06779c957c24d2c80f53aa32878e2bdW.webp","type":"image\/webp"}],"twitter_card":"summary_large_image","twitter_misc":{"Odhadovan\u00e1 doba \u010dten\u00ed":"1 minuta"},"schema":{"@context":"https:\/\/schema.org","@graph":[{"@type":"WebPage","@id":"https:\/\/floratiara.com\/p\/floral-headband-bridal-bohemian-style\/","url":"https:\/\/floratiara.com\/p\/floral-headband-bridal-bohemian-style\/","name":"Boho Chic kv\u011btinov\u00e1 koruna pro svatby a festivaly - Flora Tiara","isPartOf":{"@id":"https:\/\/floratiara.com\/#website"},"primaryImageOfPage":{"@id":"https:\/\/floratiara.com\/p\/floral-headband-bridal-bohemian-style\/#primaryimage"},"image":{"@id":"https:\/\/floratiara.com\/p\/floral-headband-bridal-bohemian-style\/#primaryimage"},"thumbnailUrl":"https:\/\/floratiara.com\/wp-content\/uploads\/2024\/03\/Sa06779c957c24d2c80f53aa32878e2bdW.webp","datePublished":"2024-03-16T10:30:34+00:00","dateModified":"2025-07-22T03:50:46+00:00","description":"Jedine\u010dn\u00e9 a kr\u00e1sn\u00e9: Nakupujte na\u0161i Boho Chic kv\u011btinovou korunu pro svatby a festivaly. Pr\u00e9miov\u00e1 \u010delenka vysok\u00e9 kvality, d\u00edky kter\u00e9 bude p\u0159\u00edle\u017eitost nezapomenuteln\u00e1.","breadcrumb":{"@id":"https:\/\/floratiara.com\/p\/floral-headband-bridal-bohemian-style\/#breadcrumb"},"inLanguage":"cs","potentialAction":[{"@type":"ReadAction","target":["https:\/\/floratiara.com\/p\/floral-headband-bridal-bohemian-style\/"]}]},{"@type":"ImageObject","inLanguage":"cs","@id":"https:\/\/floratiara.com\/p\/floral-headband-bridal-bohemian-style\/#primaryimage","url":"https:\/\/floratiara.com\/wp-content\/uploads\/2024\/03\/Sa06779c957c24d2c80f53aa32878e2bdW.webp","contentUrl":"https:\/\/floratiara.com\/wp-content\/uploads\/2024\/03\/Sa06779c957c24d2c80f53aa32878e2bdW.webp","width":900,"height":900},{"@type":"BreadcrumbList","@id":"https:\/\/floratiara.com\/p\/floral-headband-bridal-bohemian-style\/#breadcrumb","itemListElement":[{"@type":"ListItem","position":1,"name":"Home","item":"https:\/\/floratiara.com\/"},{"@type":"ListItem","position":2,"name":"Shop","item":"https:\/\/floratiara.com\/shop\/"},{"@type":"ListItem","position":3,"name":"Boho Chic Flower Crown for Weddings &amp; Festivals"}]},{"@type":"WebSite","@id":"https:\/\/floratiara.com\/#website","url":"https:\/\/floratiara.com\/","name":"Flora Tiara","description":"","publisher":{"@id":"https:\/\/floratiara.com\/#organization"},"potentialAction":[{"@type":"SearchAction","target":{"@type":"EntryPoint","urlTemplate":"https:\/\/floratiara.com\/?s={search_term_string}"},"query-input":{"@type":"PropertyValueSpecification","valueRequired":true,"valueName":"search_term_string"}}],"inLanguage":"cs"},{"@type":"Organization","@id":"https:\/\/floratiara.com\/#organization","name":"Flora Tiara","url":"https:\/\/floratiara.com\/","logo":{"@type":"ImageObject","inLanguage":"cs","@id":"https:\/\/floratiara.com\/#\/schema\/logo\/image\/","url":"https:\/\/floratiara.com\/wp-content\/uploads\/2024\/03\/flora-tiara-logo.png","contentUrl":"https:\/\/floratiara.com\/wp-content\/uploads\/2024\/03\/flora-tiara-logo.png","width":1024,"height":274,"caption":"Flora Tiara"},"image":{"@id":"https:\/\/floratiara.com\/#\/schema\/logo\/image\/"}}]}},"_links":{"self":[{"href":"https:\/\/floratiara.com\/cs\/wp-json\/wp\/v2\/product\/655","targetHints":{"allow":["GET"]}}],"collection":[{"href":"https:\/\/floratiara.com\/cs\/wp-json\/wp\/v2\/product"}],"about":[{"href":"https:\/\/floratiara.com\/cs\/wp-json\/wp\/v2\/types\/product"}],"wp:featuredmedia":[{"embeddable":true,"href":"https:\/\/floratiara.com\/cs\/wp-json\/wp\/v2\/media\/654"}],"wp:attachment":[{"href":"https:\/\/floratiara.com\/cs\/wp-json\/wp\/v2\/media?parent=655"}],"wp:term":[{"taxonomy":"product_brand","embeddable":true,"href":"https:\/\/floratiara.com\/cs\/wp-json\/wp\/v2\/product_brand?post=655"},{"taxonomy":"product_cat","embeddable":true,"href":"https:\/\/floratiara.com\/cs\/wp-json\/wp\/v2\/product_cat?post=655"},{"taxonomy":"product_tag","embeddable":true,"href":"https:\/\/floratiara.com\/cs\/wp-json\/wp\/v2\/product_tag?post=655"}],"curies":[{"name":"wp","href":"https:\/\/api.w.org\/{rel}","templated":true}]}}