{"id":677,"date":"2024-03-16T10:35:42","date_gmt":"2024-03-16T10:35:42","guid":{"rendered":"https:\/\/floratiara.com\/?post_type=product&#038;p=677"},"modified":"2025-03-04T04:42:53","modified_gmt":"2025-03-04T04:42:53","slug":"detska-divci-kvetinova-celenka-elegance","status":"publish","type":"product","link":"https:\/\/floratiara.com\/cs\/p\/detska-divci-kvetinova-celenka-elegance\/","title":{"rendered":"Okouzluj\u00edc\u00ed kv\u011btinov\u00e1 koruna pro hol\u010di\u010dky"},"content":{"rendered":"<p>Ozdobte sv\u00e9 d\u011b\u0165\u00e1tko okouzluj\u00edc\u00ed kv\u011btinovou korunkou, podmanivou sm\u011bs\u00ed sv\u011btle r\u016f\u017eov\u00fdch a b\u00edl\u00fdch r\u016f\u017e\u00ed dopln\u011bnou p\u016fvabn\u00fdmi r\u016f\u017eov\u00fdmi pivo\u0148kami a posypanou b\u00edl\u00fdm d\u011btsk\u00fdm dechem. Tato ru\u010dn\u011b vyr\u00e1b\u011bn\u00e1 \u010delenka dod\u00e1 ka\u017ed\u00e9 oslav\u011b n\u00e1dech rozmarnosti a p\u016fvabu a je ide\u00e1ln\u00edm dopl\u0148kem pro narozeniny, svatby nebo v\u00fdjime\u010dn\u00e9 okam\u017eiky fotografov\u00e1n\u00ed. Uchv\u00e1t\u00ed srdce ka\u017ed\u00e9ho s touto korunkou d\u011bdi\u010dn\u00e9 kvality, pe\u010dliv\u011b navr\u017eenou tak, aby prom\u011bnila va\u0161i hol\u010di\u010dku v poh\u00e1dkovou princeznu a prom\u011bnila ka\u017edou p\u0159\u00edle\u017eitost v nezapomenutelnou vzpom\u00ednku. Po\u0159i\u010fte si dom\u016f tento symbol \u010distoty a l\u00e1sky je\u0161t\u011b dnes a vychutnejte si kouzlo, kter\u00e9 p\u0159in\u00e1\u0161\u00ed.<\/p><p>Slo\u017een\u00ed: sv\u011btle r\u016f\u017eov\u00e9 r\u016f\u017ee, b\u00edl\u00e9 r\u016f\u017ee, r\u016f\u017eov\u00e9 pivo\u0148ky, b\u00edl\u00fd d\u011btsk\u00fd dech (gypsophila) a zelen\u00e9 listy.<\/p>","protected":false},"excerpt":{"rendered":"<div style=\"width: 90%;text-align: left;margin: auto\"><p style=\"text-align:center\"><b>\ud83d\udc51 Z na\u0161ich rukou do va\u0161\u00ed hlavy<\/b><br \/><i>Luxusn\u00ed kv\u011btinov\u00e9 koruny pro ka\u017edou p\u0159\u00edle\u017eitost<\/i><\/p><ul><li>\u2702\ufe0f Pe\u010dliv\u011b p\u0159ipraven\u00e9 v srdci m\u011bsta <b>\u010cesk\u00e1 republika<\/b><\/li><li><b>\ud83d\udc90 Slo\u017een\u00ed: sv\u011btle r\u016f\u017eov\u00e9 r\u016f\u017ee, b\u00edl\u00e9 r\u016f\u017ee, r\u016f\u017eov\u00e9 pivo\u0148ky, b\u00edl\u00fd d\u011btsk\u00fd dech (gypsophila) a zelen\u00e9 listy.<\/b><\/li><\/ul><\/div>","protected":false},"featured_media":676,"template":"","meta":[],"product_brand":[],"product_cat":[80],"product_tag":[],"class_list":{"0":"post-677","1":"product","2":"type-product","3":"status-publish","4":"has-post-thumbnail","6":"product_cat-toddler-flower-crown","8":"first","9":"instock","10":"shipping-taxable","11":"purchasable","12":"product-type-simple"},"yoast_head":"<!-- This site is optimized with the Yoast SEO plugin v25.9 - https:\/\/yoast.com\/wordpress\/plugins\/seo\/ -->\n<title>Enchanting Flower Crown for Baby Girls - Flora Tiara<\/title>\n<meta name=\"description\" content=\"Unique and beautiful: Shop our Enchanting Flower Crown for Baby Girls. Premium high quality headpiece to make the occasion unforgettable.\" \/>\n<meta name=\"robots\" content=\"index, follow, max-snippet:-1, max-image-preview:large, max-video-preview:-1\" \/>\n<link rel=\"canonical\" href=\"https:\/\/floratiara.com\/cs\/p\/detska-divci-kvetinova-celenka-elegance\/\" \/>\n<meta property=\"og:locale\" content=\"cs_CZ\" \/>\n<meta property=\"og:type\" content=\"article\" \/>\n<meta property=\"og:title\" content=\"Enchanting Flower Crown for Baby Girls - Flora Tiara\" \/>\n<meta property=\"og:description\" content=\"Unique and beautiful: Shop our Enchanting Flower Crown for Baby Girls. Premium high quality headpiece to make the occasion unforgettable.\" \/>\n<meta property=\"og:url\" content=\"https:\/\/floratiara.com\/cs\/p\/detska-divci-kvetinova-celenka-elegance\/\" \/>\n<meta property=\"og:site_name\" content=\"Flora Tiara\" \/>\n<meta property=\"article:modified_time\" content=\"2025-03-04T04:42:53+00:00\" \/>\n<meta property=\"og:image\" content=\"https:\/\/floratiara.com\/wp-content\/uploads\/2024\/03\/S3adc60eaf970420e8c1fd6440b18ec031.webp\" \/>\n\t<meta property=\"og:image:width\" content=\"800\" \/>\n\t<meta property=\"og:image:height\" content=\"800\" \/>\n\t<meta property=\"og:image:type\" content=\"image\/webp\" \/>\n<meta name=\"twitter:card\" content=\"summary_large_image\" \/>\n<meta name=\"twitter:label1\" content=\"Odhadovan\u00e1 doba \u010dten\u00ed\" \/>\n\t<meta name=\"twitter:data1\" content=\"1 minuta\" \/>\n<script type=\"application\/ld+json\" class=\"yoast-schema-graph\">{\"@context\":\"https:\/\/schema.org\",\"@graph\":[{\"@type\":\"WebPage\",\"@id\":\"https:\/\/floratiara.com\/p\/baby-girls-floral-headband-elegance\/\",\"url\":\"https:\/\/floratiara.com\/p\/baby-girls-floral-headband-elegance\/\",\"name\":\"Enchanting Flower Crown for Baby Girls - Flora Tiara\",\"isPartOf\":{\"@id\":\"https:\/\/floratiara.com\/#website\"},\"primaryImageOfPage\":{\"@id\":\"https:\/\/floratiara.com\/p\/baby-girls-floral-headband-elegance\/#primaryimage\"},\"image\":{\"@id\":\"https:\/\/floratiara.com\/p\/baby-girls-floral-headband-elegance\/#primaryimage\"},\"thumbnailUrl\":\"https:\/\/floratiara.com\/wp-content\/uploads\/2024\/03\/S3adc60eaf970420e8c1fd6440b18ec031.webp\",\"datePublished\":\"2024-03-16T10:35:42+00:00\",\"dateModified\":\"2025-03-04T04:42:53+00:00\",\"description\":\"Unique and beautiful: Shop our Enchanting Flower Crown for Baby Girls. Premium high quality headpiece to make the occasion unforgettable.\",\"breadcrumb\":{\"@id\":\"https:\/\/floratiara.com\/p\/baby-girls-floral-headband-elegance\/#breadcrumb\"},\"inLanguage\":\"cs\",\"potentialAction\":[{\"@type\":\"ReadAction\",\"target\":[\"https:\/\/floratiara.com\/p\/baby-girls-floral-headband-elegance\/\"]}]},{\"@type\":\"ImageObject\",\"inLanguage\":\"cs\",\"@id\":\"https:\/\/floratiara.com\/p\/baby-girls-floral-headband-elegance\/#primaryimage\",\"url\":\"https:\/\/floratiara.com\/wp-content\/uploads\/2024\/03\/S3adc60eaf970420e8c1fd6440b18ec031.webp\",\"contentUrl\":\"https:\/\/floratiara.com\/wp-content\/uploads\/2024\/03\/S3adc60eaf970420e8c1fd6440b18ec031.webp\",\"width\":800,\"height\":800},{\"@type\":\"BreadcrumbList\",\"@id\":\"https:\/\/floratiara.com\/p\/baby-girls-floral-headband-elegance\/#breadcrumb\",\"itemListElement\":[{\"@type\":\"ListItem\",\"position\":1,\"name\":\"Home\",\"item\":\"https:\/\/floratiara.com\/\"},{\"@type\":\"ListItem\",\"position\":2,\"name\":\"Shop\",\"item\":\"https:\/\/floratiara.com\/shop\/\"},{\"@type\":\"ListItem\",\"position\":3,\"name\":\"Enchanting Flower Crown for Baby Girls\"}]},{\"@type\":\"WebSite\",\"@id\":\"https:\/\/floratiara.com\/#website\",\"url\":\"https:\/\/floratiara.com\/\",\"name\":\"Flora Tiara\",\"description\":\"\",\"publisher\":{\"@id\":\"https:\/\/floratiara.com\/#organization\"},\"potentialAction\":[{\"@type\":\"SearchAction\",\"target\":{\"@type\":\"EntryPoint\",\"urlTemplate\":\"https:\/\/floratiara.com\/?s={search_term_string}\"},\"query-input\":{\"@type\":\"PropertyValueSpecification\",\"valueRequired\":true,\"valueName\":\"search_term_string\"}}],\"inLanguage\":\"cs\"},{\"@type\":\"Organization\",\"@id\":\"https:\/\/floratiara.com\/#organization\",\"name\":\"Flora Tiara\",\"url\":\"https:\/\/floratiara.com\/\",\"logo\":{\"@type\":\"ImageObject\",\"inLanguage\":\"cs\",\"@id\":\"https:\/\/floratiara.com\/#\/schema\/logo\/image\/\",\"url\":\"https:\/\/floratiara.com\/wp-content\/uploads\/2024\/03\/flora-tiara-logo.png\",\"contentUrl\":\"https:\/\/floratiara.com\/wp-content\/uploads\/2024\/03\/flora-tiara-logo.png\",\"width\":1024,\"height\":274,\"caption\":\"Flora Tiara\"},\"image\":{\"@id\":\"https:\/\/floratiara.com\/#\/schema\/logo\/image\/\"}}]}<\/script>\n<!-- \/ Yoast SEO plugin. -->","yoast_head_json":{"title":"Okouzluj\u00edc\u00ed kv\u011btinov\u00e1 korunka pro hol\u010di\u010dky - Flora Tiara","description":"Jedine\u010dn\u00e9 a kr\u00e1sn\u00e9: Koupit si na\u0161i okouzluj\u00edc\u00ed kv\u011btinovou korunku pro hol\u010di\u010dky. Pr\u00e9miov\u00e1 \u010delenka vysok\u00e9 kvality, d\u00edky kter\u00e9 bude tato p\u0159\u00edle\u017eitost nezapomenuteln\u00e1.","robots":{"index":"index","follow":"follow","max-snippet":"max-snippet:-1","max-image-preview":"max-image-preview:large","max-video-preview":"max-video-preview:-1"},"canonical":"https:\/\/floratiara.com\/cs\/p\/detska-divci-kvetinova-celenka-elegance\/","og_locale":"cs_CZ","og_type":"article","og_title":"Enchanting Flower Crown for Baby Girls - Flora Tiara","og_description":"Unique and beautiful: Shop our Enchanting Flower Crown for Baby Girls. Premium high quality headpiece to make the occasion unforgettable.","og_url":"https:\/\/floratiara.com\/cs\/p\/detska-divci-kvetinova-celenka-elegance\/","og_site_name":"Flora Tiara","article_modified_time":"2025-03-04T04:42:53+00:00","og_image":[{"width":800,"height":800,"url":"https:\/\/floratiara.com\/wp-content\/uploads\/2024\/03\/S3adc60eaf970420e8c1fd6440b18ec031.webp","type":"image\/webp"}],"twitter_card":"summary_large_image","twitter_misc":{"Odhadovan\u00e1 doba \u010dten\u00ed":"1 minuta"},"schema":{"@context":"https:\/\/schema.org","@graph":[{"@type":"WebPage","@id":"https:\/\/floratiara.com\/p\/baby-girls-floral-headband-elegance\/","url":"https:\/\/floratiara.com\/p\/baby-girls-floral-headband-elegance\/","name":"Okouzluj\u00edc\u00ed kv\u011btinov\u00e1 korunka pro hol\u010di\u010dky - Flora Tiara","isPartOf":{"@id":"https:\/\/floratiara.com\/#website"},"primaryImageOfPage":{"@id":"https:\/\/floratiara.com\/p\/baby-girls-floral-headband-elegance\/#primaryimage"},"image":{"@id":"https:\/\/floratiara.com\/p\/baby-girls-floral-headband-elegance\/#primaryimage"},"thumbnailUrl":"https:\/\/floratiara.com\/wp-content\/uploads\/2024\/03\/S3adc60eaf970420e8c1fd6440b18ec031.webp","datePublished":"2024-03-16T10:35:42+00:00","dateModified":"2025-03-04T04:42:53+00:00","description":"Jedine\u010dn\u00e9 a kr\u00e1sn\u00e9: Koupit si na\u0161i okouzluj\u00edc\u00ed kv\u011btinovou korunku pro hol\u010di\u010dky. Pr\u00e9miov\u00e1 \u010delenka vysok\u00e9 kvality, d\u00edky kter\u00e9 bude tato p\u0159\u00edle\u017eitost nezapomenuteln\u00e1.","breadcrumb":{"@id":"https:\/\/floratiara.com\/p\/baby-girls-floral-headband-elegance\/#breadcrumb"},"inLanguage":"cs","potentialAction":[{"@type":"ReadAction","target":["https:\/\/floratiara.com\/p\/baby-girls-floral-headband-elegance\/"]}]},{"@type":"ImageObject","inLanguage":"cs","@id":"https:\/\/floratiara.com\/p\/baby-girls-floral-headband-elegance\/#primaryimage","url":"https:\/\/floratiara.com\/wp-content\/uploads\/2024\/03\/S3adc60eaf970420e8c1fd6440b18ec031.webp","contentUrl":"https:\/\/floratiara.com\/wp-content\/uploads\/2024\/03\/S3adc60eaf970420e8c1fd6440b18ec031.webp","width":800,"height":800},{"@type":"BreadcrumbList","@id":"https:\/\/floratiara.com\/p\/baby-girls-floral-headband-elegance\/#breadcrumb","itemListElement":[{"@type":"ListItem","position":1,"name":"Home","item":"https:\/\/floratiara.com\/"},{"@type":"ListItem","position":2,"name":"Shop","item":"https:\/\/floratiara.com\/shop\/"},{"@type":"ListItem","position":3,"name":"Enchanting Flower Crown for Baby Girls"}]},{"@type":"WebSite","@id":"https:\/\/floratiara.com\/#website","url":"https:\/\/floratiara.com\/","name":"Flora Tiara","description":"","publisher":{"@id":"https:\/\/floratiara.com\/#organization"},"potentialAction":[{"@type":"SearchAction","target":{"@type":"EntryPoint","urlTemplate":"https:\/\/floratiara.com\/?s={search_term_string}"},"query-input":{"@type":"PropertyValueSpecification","valueRequired":true,"valueName":"search_term_string"}}],"inLanguage":"cs"},{"@type":"Organization","@id":"https:\/\/floratiara.com\/#organization","name":"Flora Tiara","url":"https:\/\/floratiara.com\/","logo":{"@type":"ImageObject","inLanguage":"cs","@id":"https:\/\/floratiara.com\/#\/schema\/logo\/image\/","url":"https:\/\/floratiara.com\/wp-content\/uploads\/2024\/03\/flora-tiara-logo.png","contentUrl":"https:\/\/floratiara.com\/wp-content\/uploads\/2024\/03\/flora-tiara-logo.png","width":1024,"height":274,"caption":"Flora Tiara"},"image":{"@id":"https:\/\/floratiara.com\/#\/schema\/logo\/image\/"}}]}},"_links":{"self":[{"href":"https:\/\/floratiara.com\/cs\/wp-json\/wp\/v2\/product\/677","targetHints":{"allow":["GET"]}}],"collection":[{"href":"https:\/\/floratiara.com\/cs\/wp-json\/wp\/v2\/product"}],"about":[{"href":"https:\/\/floratiara.com\/cs\/wp-json\/wp\/v2\/types\/product"}],"wp:featuredmedia":[{"embeddable":true,"href":"https:\/\/floratiara.com\/cs\/wp-json\/wp\/v2\/media\/676"}],"wp:attachment":[{"href":"https:\/\/floratiara.com\/cs\/wp-json\/wp\/v2\/media?parent=677"}],"wp:term":[{"taxonomy":"product_brand","embeddable":true,"href":"https:\/\/floratiara.com\/cs\/wp-json\/wp\/v2\/product_brand?post=677"},{"taxonomy":"product_cat","embeddable":true,"href":"https:\/\/floratiara.com\/cs\/wp-json\/wp\/v2\/product_cat?post=677"},{"taxonomy":"product_tag","embeddable":true,"href":"https:\/\/floratiara.com\/cs\/wp-json\/wp\/v2\/product_tag?post=677"}],"curies":[{"name":"wp","href":"https:\/\/api.w.org\/{rel}","templated":true}]}}