{"id":696,"date":"2024-03-16T10:36:02","date_gmt":"2024-03-16T10:36:02","guid":{"rendered":"https:\/\/floratiara.com\/?post_type=product&#038;p=696"},"modified":"2025-03-04T04:42:47","modified_gmt":"2025-03-04T04:42:47","slug":"elegantni-celenka-z-ruzi-v-barve-slonove-kosti","status":"publish","type":"product","link":"https:\/\/floratiara.com\/cs\/p\/elegantni-celenka-z-ruzi-v-barve-slonove-kosti\/","title":{"rendered":"Kv\u011btinov\u00e1 \u010delenka Ivory Blossom - elegantn\u00ed kv\u011btinov\u00e1 koruna"},"content":{"rendered":"<p>Objevte \u00e9terick\u00fd p\u016fvab s na\u0161\u00ed korunkou z kv\u011bt\u016f slonoviny, ru\u010dn\u011b vyroben\u00fdm mistrovsk\u00fdm d\u00edlem, kter\u00e9 v\u00e1s okouzl\u00ed. Ka\u017ed\u00e1 l\u00e1tkov\u00e1 r\u016f\u017ee v barv\u011b slonov\u00e9 kosti je umn\u011b um\u00edst\u011bna tak, aby vzbuzovala eleganci, a je tak dokonal\u00fdm dopl\u0148kem pro svatby, festivaly nebo luxusn\u00ed setk\u00e1n\u00ed. Jej\u00ed nastaviteln\u00e1, pr\u016fsvitn\u00e1 stuha zaji\u0161\u0165uje p\u0159izp\u016fsoben\u00ed jak\u00e9koli velikosti hlavy a nab\u00edz\u00ed pohodl\u00ed spolu s klasickou sofistikovanost\u00ed. Pozvedn\u011bte sv\u016fj styl t\u00edmto v\u00fdrazn\u00fdm kouskem, kter\u00fd je sm\u011bsic\u00ed \u0159emesln\u00e9 kr\u00e1sy a nad\u010dasov\u00e9ho p\u016fvabu. Ud\u011blejte nezapomenuteln\u00fd dojem a zt\u011blesn\u011bte podstatu ryz\u00ed elegance - tato kv\u011btinov\u00e1 korunka nen\u00ed jen dopl\u0148kem, ale korunou ka\u017ed\u00e9ho outfitu.<\/p><p>Slo\u017een\u00ed: l\u00e1tkov\u00e9 r\u016f\u017ee v barv\u011b slonov\u00e9 kosti, pr\u016fsvitn\u00e1 stuha.<\/p>","protected":false},"excerpt":{"rendered":"<div style=\"width: 90%;text-align: left;margin: auto\"><p style=\"text-align:center\"><b>\ud83d\udc51 Z na\u0161ich rukou do va\u0161\u00ed hlavy<\/b><br \/><i>Luxusn\u00ed kv\u011btinov\u00e9 koruny pro ka\u017edou p\u0159\u00edle\u017eitost<\/i><\/p><ul><li>\u2702\ufe0f Pe\u010dliv\u011b p\u0159ipraven\u00e9 v srdci m\u011bsta <b>\u010cesk\u00e1 republika<\/b><\/li><li><b>\ud83d\udc90 Slo\u017een\u00ed: r\u016f\u017ee z l\u00e1tky v barv\u011b slonov\u00e9 kosti, pr\u016fsvitn\u00e1 stuha na zav\u00e1z\u00e1n\u00ed.<\/b><\/li><\/ul><\/div>","protected":false},"featured_media":695,"template":"","meta":[],"product_brand":[],"product_cat":[80],"product_tag":[],"class_list":{"0":"post-696","1":"product","2":"type-product","3":"status-publish","4":"has-post-thumbnail","6":"product_cat-toddler-flower-crown","8":"first","9":"instock","10":"shipping-taxable","11":"purchasable","12":"product-type-simple"},"yoast_head":"<!-- This site is optimized with the Yoast SEO plugin v25.9 - https:\/\/yoast.com\/wordpress\/plugins\/seo\/ -->\n<title>Ivory Blossom Floral Headband - Elegant Flower Crown - Flora Tiara<\/title>\n<meta name=\"description\" content=\"Unique and beautiful: Shop our Ivory Blossom Floral Headband - Elegant Flower Crown. Premium high quality headpiece to make the occasion unforgettable.\" \/>\n<meta name=\"robots\" content=\"index, follow, max-snippet:-1, max-image-preview:large, max-video-preview:-1\" \/>\n<link rel=\"canonical\" href=\"https:\/\/floratiara.com\/cs\/p\/elegantni-celenka-z-ruzi-v-barve-slonove-kosti\/\" \/>\n<meta property=\"og:locale\" content=\"cs_CZ\" \/>\n<meta property=\"og:type\" content=\"article\" \/>\n<meta property=\"og:title\" content=\"Ivory Blossom Floral Headband - Elegant Flower Crown - Flora Tiara\" \/>\n<meta property=\"og:description\" content=\"Unique and beautiful: Shop our Ivory Blossom Floral Headband - Elegant Flower Crown. Premium high quality headpiece to make the occasion unforgettable.\" \/>\n<meta property=\"og:url\" content=\"https:\/\/floratiara.com\/cs\/p\/elegantni-celenka-z-ruzi-v-barve-slonove-kosti\/\" \/>\n<meta property=\"og:site_name\" content=\"Flora Tiara\" \/>\n<meta property=\"article:modified_time\" content=\"2025-03-04T04:42:47+00:00\" \/>\n<meta property=\"og:image\" content=\"https:\/\/floratiara.com\/wp-content\/uploads\/2024\/03\/Sc87b3acb0c634ecc8c037ab9ed5f68b4w.webp\" \/>\n\t<meta property=\"og:image:width\" content=\"800\" \/>\n\t<meta property=\"og:image:height\" content=\"800\" \/>\n\t<meta property=\"og:image:type\" content=\"image\/webp\" \/>\n<meta name=\"twitter:card\" content=\"summary_large_image\" \/>\n<meta name=\"twitter:label1\" content=\"Odhadovan\u00e1 doba \u010dten\u00ed\" \/>\n\t<meta name=\"twitter:data1\" content=\"1 minuta\" \/>\n<script type=\"application\/ld+json\" class=\"yoast-schema-graph\">{\"@context\":\"https:\/\/schema.org\",\"@graph\":[{\"@type\":\"WebPage\",\"@id\":\"https:\/\/floratiara.com\/p\/elegant-ivory-rose-headpiece\/\",\"url\":\"https:\/\/floratiara.com\/p\/elegant-ivory-rose-headpiece\/\",\"name\":\"Ivory Blossom Floral Headband - Elegant Flower Crown - Flora Tiara\",\"isPartOf\":{\"@id\":\"https:\/\/floratiara.com\/#website\"},\"primaryImageOfPage\":{\"@id\":\"https:\/\/floratiara.com\/p\/elegant-ivory-rose-headpiece\/#primaryimage\"},\"image\":{\"@id\":\"https:\/\/floratiara.com\/p\/elegant-ivory-rose-headpiece\/#primaryimage\"},\"thumbnailUrl\":\"https:\/\/floratiara.com\/wp-content\/uploads\/2024\/03\/Sc87b3acb0c634ecc8c037ab9ed5f68b4w.webp\",\"datePublished\":\"2024-03-16T10:36:02+00:00\",\"dateModified\":\"2025-03-04T04:42:47+00:00\",\"description\":\"Unique and beautiful: Shop our Ivory Blossom Floral Headband - Elegant Flower Crown. Premium high quality headpiece to make the occasion unforgettable.\",\"breadcrumb\":{\"@id\":\"https:\/\/floratiara.com\/p\/elegant-ivory-rose-headpiece\/#breadcrumb\"},\"inLanguage\":\"cs\",\"potentialAction\":[{\"@type\":\"ReadAction\",\"target\":[\"https:\/\/floratiara.com\/p\/elegant-ivory-rose-headpiece\/\"]}]},{\"@type\":\"ImageObject\",\"inLanguage\":\"cs\",\"@id\":\"https:\/\/floratiara.com\/p\/elegant-ivory-rose-headpiece\/#primaryimage\",\"url\":\"https:\/\/floratiara.com\/wp-content\/uploads\/2024\/03\/Sc87b3acb0c634ecc8c037ab9ed5f68b4w.webp\",\"contentUrl\":\"https:\/\/floratiara.com\/wp-content\/uploads\/2024\/03\/Sc87b3acb0c634ecc8c037ab9ed5f68b4w.webp\",\"width\":800,\"height\":800},{\"@type\":\"BreadcrumbList\",\"@id\":\"https:\/\/floratiara.com\/p\/elegant-ivory-rose-headpiece\/#breadcrumb\",\"itemListElement\":[{\"@type\":\"ListItem\",\"position\":1,\"name\":\"Home\",\"item\":\"https:\/\/floratiara.com\/\"},{\"@type\":\"ListItem\",\"position\":2,\"name\":\"Shop\",\"item\":\"https:\/\/floratiara.com\/shop\/\"},{\"@type\":\"ListItem\",\"position\":3,\"name\":\"Ivory Blossom Floral Headband &#8211; Elegant Flower Crown\"}]},{\"@type\":\"WebSite\",\"@id\":\"https:\/\/floratiara.com\/#website\",\"url\":\"https:\/\/floratiara.com\/\",\"name\":\"Flora Tiara\",\"description\":\"\",\"publisher\":{\"@id\":\"https:\/\/floratiara.com\/#organization\"},\"potentialAction\":[{\"@type\":\"SearchAction\",\"target\":{\"@type\":\"EntryPoint\",\"urlTemplate\":\"https:\/\/floratiara.com\/?s={search_term_string}\"},\"query-input\":{\"@type\":\"PropertyValueSpecification\",\"valueRequired\":true,\"valueName\":\"search_term_string\"}}],\"inLanguage\":\"cs\"},{\"@type\":\"Organization\",\"@id\":\"https:\/\/floratiara.com\/#organization\",\"name\":\"Flora Tiara\",\"url\":\"https:\/\/floratiara.com\/\",\"logo\":{\"@type\":\"ImageObject\",\"inLanguage\":\"cs\",\"@id\":\"https:\/\/floratiara.com\/#\/schema\/logo\/image\/\",\"url\":\"https:\/\/floratiara.com\/wp-content\/uploads\/2024\/03\/flora-tiara-logo.png\",\"contentUrl\":\"https:\/\/floratiara.com\/wp-content\/uploads\/2024\/03\/flora-tiara-logo.png\",\"width\":1024,\"height\":274,\"caption\":\"Flora Tiara\"},\"image\":{\"@id\":\"https:\/\/floratiara.com\/#\/schema\/logo\/image\/\"}}]}<\/script>\n<!-- \/ Yoast SEO plugin. -->","yoast_head_json":{"title":"Kv\u011btinov\u00e1 \u010delenka Ivory Blossom - elegantn\u00ed kv\u011btinov\u00e1 korunka - Flora Tiara","description":"Jedine\u010dn\u00e9 a kr\u00e1sn\u00e9: Kv\u011btinov\u00e1 \u010delenka - elegantn\u00ed kv\u011btinov\u00e1 koruna. Pr\u00e9miov\u00e1 \u010delenka vysok\u00e9 kvality, d\u00edky n\u00ed\u017e bude p\u0159\u00edle\u017eitost nezapomenuteln\u00e1.","robots":{"index":"index","follow":"follow","max-snippet":"max-snippet:-1","max-image-preview":"max-image-preview:large","max-video-preview":"max-video-preview:-1"},"canonical":"https:\/\/floratiara.com\/cs\/p\/elegantni-celenka-z-ruzi-v-barve-slonove-kosti\/","og_locale":"cs_CZ","og_type":"article","og_title":"Ivory Blossom Floral Headband - Elegant Flower Crown - Flora Tiara","og_description":"Unique and beautiful: Shop our Ivory Blossom Floral Headband - Elegant Flower Crown. Premium high quality headpiece to make the occasion unforgettable.","og_url":"https:\/\/floratiara.com\/cs\/p\/elegantni-celenka-z-ruzi-v-barve-slonove-kosti\/","og_site_name":"Flora Tiara","article_modified_time":"2025-03-04T04:42:47+00:00","og_image":[{"width":800,"height":800,"url":"https:\/\/floratiara.com\/wp-content\/uploads\/2024\/03\/Sc87b3acb0c634ecc8c037ab9ed5f68b4w.webp","type":"image\/webp"}],"twitter_card":"summary_large_image","twitter_misc":{"Odhadovan\u00e1 doba \u010dten\u00ed":"1 minuta"},"schema":{"@context":"https:\/\/schema.org","@graph":[{"@type":"WebPage","@id":"https:\/\/floratiara.com\/p\/elegant-ivory-rose-headpiece\/","url":"https:\/\/floratiara.com\/p\/elegant-ivory-rose-headpiece\/","name":"Kv\u011btinov\u00e1 \u010delenka Ivory Blossom - elegantn\u00ed kv\u011btinov\u00e1 korunka - Flora Tiara","isPartOf":{"@id":"https:\/\/floratiara.com\/#website"},"primaryImageOfPage":{"@id":"https:\/\/floratiara.com\/p\/elegant-ivory-rose-headpiece\/#primaryimage"},"image":{"@id":"https:\/\/floratiara.com\/p\/elegant-ivory-rose-headpiece\/#primaryimage"},"thumbnailUrl":"https:\/\/floratiara.com\/wp-content\/uploads\/2024\/03\/Sc87b3acb0c634ecc8c037ab9ed5f68b4w.webp","datePublished":"2024-03-16T10:36:02+00:00","dateModified":"2025-03-04T04:42:47+00:00","description":"Jedine\u010dn\u00e9 a kr\u00e1sn\u00e9: Kv\u011btinov\u00e1 \u010delenka - elegantn\u00ed kv\u011btinov\u00e1 koruna. Pr\u00e9miov\u00e1 \u010delenka vysok\u00e9 kvality, d\u00edky n\u00ed\u017e bude p\u0159\u00edle\u017eitost nezapomenuteln\u00e1.","breadcrumb":{"@id":"https:\/\/floratiara.com\/p\/elegant-ivory-rose-headpiece\/#breadcrumb"},"inLanguage":"cs","potentialAction":[{"@type":"ReadAction","target":["https:\/\/floratiara.com\/p\/elegant-ivory-rose-headpiece\/"]}]},{"@type":"ImageObject","inLanguage":"cs","@id":"https:\/\/floratiara.com\/p\/elegant-ivory-rose-headpiece\/#primaryimage","url":"https:\/\/floratiara.com\/wp-content\/uploads\/2024\/03\/Sc87b3acb0c634ecc8c037ab9ed5f68b4w.webp","contentUrl":"https:\/\/floratiara.com\/wp-content\/uploads\/2024\/03\/Sc87b3acb0c634ecc8c037ab9ed5f68b4w.webp","width":800,"height":800},{"@type":"BreadcrumbList","@id":"https:\/\/floratiara.com\/p\/elegant-ivory-rose-headpiece\/#breadcrumb","itemListElement":[{"@type":"ListItem","position":1,"name":"Home","item":"https:\/\/floratiara.com\/"},{"@type":"ListItem","position":2,"name":"Shop","item":"https:\/\/floratiara.com\/shop\/"},{"@type":"ListItem","position":3,"name":"Ivory Blossom Floral Headband &#8211; Elegant Flower Crown"}]},{"@type":"WebSite","@id":"https:\/\/floratiara.com\/#website","url":"https:\/\/floratiara.com\/","name":"Flora Tiara","description":"","publisher":{"@id":"https:\/\/floratiara.com\/#organization"},"potentialAction":[{"@type":"SearchAction","target":{"@type":"EntryPoint","urlTemplate":"https:\/\/floratiara.com\/?s={search_term_string}"},"query-input":{"@type":"PropertyValueSpecification","valueRequired":true,"valueName":"search_term_string"}}],"inLanguage":"cs"},{"@type":"Organization","@id":"https:\/\/floratiara.com\/#organization","name":"Flora Tiara","url":"https:\/\/floratiara.com\/","logo":{"@type":"ImageObject","inLanguage":"cs","@id":"https:\/\/floratiara.com\/#\/schema\/logo\/image\/","url":"https:\/\/floratiara.com\/wp-content\/uploads\/2024\/03\/flora-tiara-logo.png","contentUrl":"https:\/\/floratiara.com\/wp-content\/uploads\/2024\/03\/flora-tiara-logo.png","width":1024,"height":274,"caption":"Flora Tiara"},"image":{"@id":"https:\/\/floratiara.com\/#\/schema\/logo\/image\/"}}]}},"_links":{"self":[{"href":"https:\/\/floratiara.com\/cs\/wp-json\/wp\/v2\/product\/696","targetHints":{"allow":["GET"]}}],"collection":[{"href":"https:\/\/floratiara.com\/cs\/wp-json\/wp\/v2\/product"}],"about":[{"href":"https:\/\/floratiara.com\/cs\/wp-json\/wp\/v2\/types\/product"}],"wp:featuredmedia":[{"embeddable":true,"href":"https:\/\/floratiara.com\/cs\/wp-json\/wp\/v2\/media\/695"}],"wp:attachment":[{"href":"https:\/\/floratiara.com\/cs\/wp-json\/wp\/v2\/media?parent=696"}],"wp:term":[{"taxonomy":"product_brand","embeddable":true,"href":"https:\/\/floratiara.com\/cs\/wp-json\/wp\/v2\/product_brand?post=696"},{"taxonomy":"product_cat","embeddable":true,"href":"https:\/\/floratiara.com\/cs\/wp-json\/wp\/v2\/product_cat?post=696"},{"taxonomy":"product_tag","embeddable":true,"href":"https:\/\/floratiara.com\/cs\/wp-json\/wp\/v2\/product_tag?post=696"}],"curies":[{"name":"wp","href":"https:\/\/api.w.org\/{rel}","templated":true}]}}