{"id":213,"date":"2024-03-16T09:38:23","date_gmt":"2024-03-16T09:38:23","guid":{"rendered":"https:\/\/floratiara.com\/?post_type=product&#038;p=213"},"modified":"2025-03-04T04:42:34","modified_gmt":"2025-03-04T04:42:34","slug":"romantisk-blomsterpandeband-til-bruden-2","status":"publish","type":"product","link":"https:\/\/floratiara.com\/da\/p\/romantisk-blomsterpandeband-til-bruden-2\/","title":{"rendered":"Elegant blomsterkrone til bruden, hovedbekl\u00e6dning med ferskenroser"},"content":{"rendered":"<p>Pynt din s\u00e6rlige dag med en Elegant Bridal Flower Crown, et mesterv\u00e6rk designet til at fremh\u00e6ve din indre gudinde. Denne luksuri\u00f8se blomsterkrone med sine frodige ferskenroser og hvide hellebores giver din bryllupsdragt et strejf af for\u00e5r. De fredfyldte gr\u00f8nne og fl\u00f8jlsagtige blade er skabt til tidl\u00f8s raffinement og passer perfekt til enhver frisure, s\u00e5 du skinner med \u00e6terisk ynde. Uanset om det er til en haveceremoni eller en stjerneklar soir\u00e9e, er denne blomsterkrone indbegrebet af romantik og elegance - et must-have til at skabe uforglemmelige \u00f8jeblikke og fortryllende minder. L\u00f8ft din brudes sk\u00f8nhed i dag.<\/p><p>Sammens\u00e6tning: ferskenroser, hvide hellebores, gr\u00f8nne blade, hvide knopper, lamme\u00f8reblade.<\/p>","protected":false},"excerpt":{"rendered":"<div style=\"width: 90%;text-align: left;margin: auto\"><p style=\"text-align:center\"><b>\ud83d\udc51 Fra vores h\u00e6nder til dit hoved<\/b><br \/><i>Luksus blomsterkroner til enhver lejlighed<\/i><\/p><ul><li>\u2702\ufe0f Fremstillet med omhu i hjertet af <b>Danmark<\/b><\/li><li><b>\ud83d\udc90 Sammens\u00e6tning: ferskenroser, hvide hellebores, gr\u00f8nne blade, hvide knopper, lamme\u00f8reblade.<\/b><\/li><\/ul><\/div>","protected":false},"featured_media":212,"template":"","meta":[],"product_brand":[],"product_cat":[61,70,59],"product_tag":[],"class_list":{"0":"post-213","1":"product","2":"type-product","3":"status-publish","4":"has-post-thumbnail","6":"product_cat-bridesmaid-floral-headpiece","7":"product_cat-rose-floral-headpiece","8":"product_cat-bridal-floral-headpiece","10":"first","11":"instock","12":"shipping-taxable","13":"purchasable","14":"product-type-simple"},"yoast_head":"<!-- This site is optimized with the Yoast SEO plugin v25.9 - https:\/\/yoast.com\/wordpress\/plugins\/seo\/ -->\n<title>Elegant Bridal Flower Crown, Peach Roses Headdress - Flora Tiara<\/title>\n<meta name=\"description\" content=\"Unique and beautiful: Shop our Elegant Bridal Flower Crown, Peach Roses Headdress. Premium high quality headpiece to make the occasion unforgettable.\" \/>\n<meta name=\"robots\" content=\"index, follow, max-snippet:-1, max-image-preview:large, max-video-preview:-1\" \/>\n<link rel=\"canonical\" href=\"https:\/\/floratiara.com\/da\/p\/romantisk-blomsterpandeband-til-bruden-2\/\" \/>\n<meta property=\"og:locale\" content=\"da_DK\" \/>\n<meta property=\"og:type\" content=\"article\" \/>\n<meta property=\"og:title\" content=\"Elegant Bridal Flower Crown, Peach Roses Headdress - Flora Tiara\" \/>\n<meta property=\"og:description\" content=\"Unique and beautiful: Shop our Elegant Bridal Flower Crown, Peach Roses Headdress. Premium high quality headpiece to make the occasion unforgettable.\" \/>\n<meta property=\"og:url\" content=\"https:\/\/floratiara.com\/da\/p\/romantisk-blomsterpandeband-til-bruden-2\/\" \/>\n<meta property=\"og:site_name\" content=\"Flora Tiara\" \/>\n<meta property=\"article:modified_time\" content=\"2025-03-04T04:42:34+00:00\" \/>\n<meta property=\"og:image\" content=\"https:\/\/floratiara.com\/wp-content\/uploads\/2024\/03\/H8a19de6950494260a43bff2598e77b12D.webp\" \/>\n\t<meta property=\"og:image:width\" content=\"1000\" \/>\n\t<meta property=\"og:image:height\" content=\"1000\" \/>\n\t<meta property=\"og:image:type\" content=\"image\/webp\" \/>\n<meta name=\"twitter:card\" content=\"summary_large_image\" \/>\n<meta name=\"twitter:label1\" content=\"Estimeret l\u00e6setid\" \/>\n\t<meta name=\"twitter:data1\" content=\"3 minutter\" \/>\n<script type=\"application\/ld+json\" class=\"yoast-schema-graph\">{\"@context\":\"https:\/\/schema.org\",\"@graph\":[{\"@type\":\"WebPage\",\"@id\":\"https:\/\/floratiara.com\/p\/romantic-bridal-floral-headband-2\/\",\"url\":\"https:\/\/floratiara.com\/p\/romantic-bridal-floral-headband-2\/\",\"name\":\"Elegant Bridal Flower Crown, Peach Roses Headdress - Flora Tiara\",\"isPartOf\":{\"@id\":\"https:\/\/floratiara.com\/#website\"},\"primaryImageOfPage\":{\"@id\":\"https:\/\/floratiara.com\/p\/romantic-bridal-floral-headband-2\/#primaryimage\"},\"image\":{\"@id\":\"https:\/\/floratiara.com\/p\/romantic-bridal-floral-headband-2\/#primaryimage\"},\"thumbnailUrl\":\"https:\/\/floratiara.com\/wp-content\/uploads\/2024\/03\/H8a19de6950494260a43bff2598e77b12D.webp\",\"datePublished\":\"2024-03-16T09:38:23+00:00\",\"dateModified\":\"2025-03-04T04:42:34+00:00\",\"description\":\"Unique and beautiful: Shop our Elegant Bridal Flower Crown, Peach Roses Headdress. Premium high quality headpiece to make the occasion unforgettable.\",\"breadcrumb\":{\"@id\":\"https:\/\/floratiara.com\/p\/romantic-bridal-floral-headband-2\/#breadcrumb\"},\"inLanguage\":\"da-DK\",\"potentialAction\":[{\"@type\":\"ReadAction\",\"target\":[\"https:\/\/floratiara.com\/p\/romantic-bridal-floral-headband-2\/\"]}]},{\"@type\":\"ImageObject\",\"inLanguage\":\"da-DK\",\"@id\":\"https:\/\/floratiara.com\/p\/romantic-bridal-floral-headband-2\/#primaryimage\",\"url\":\"https:\/\/floratiara.com\/wp-content\/uploads\/2024\/03\/H8a19de6950494260a43bff2598e77b12D.webp\",\"contentUrl\":\"https:\/\/floratiara.com\/wp-content\/uploads\/2024\/03\/H8a19de6950494260a43bff2598e77b12D.webp\",\"width\":1000,\"height\":1000},{\"@type\":\"BreadcrumbList\",\"@id\":\"https:\/\/floratiara.com\/p\/romantic-bridal-floral-headband-2\/#breadcrumb\",\"itemListElement\":[{\"@type\":\"ListItem\",\"position\":1,\"name\":\"Home\",\"item\":\"https:\/\/floratiara.com\/\"},{\"@type\":\"ListItem\",\"position\":2,\"name\":\"Shop\",\"item\":\"https:\/\/floratiara.com\/shop\/\"},{\"@type\":\"ListItem\",\"position\":3,\"name\":\"Elegant Bridal Flower Crown, Peach Roses Headdress\"}]},{\"@type\":\"WebSite\",\"@id\":\"https:\/\/floratiara.com\/#website\",\"url\":\"https:\/\/floratiara.com\/\",\"name\":\"Flora Tiara\",\"description\":\"\",\"publisher\":{\"@id\":\"https:\/\/floratiara.com\/#organization\"},\"potentialAction\":[{\"@type\":\"SearchAction\",\"target\":{\"@type\":\"EntryPoint\",\"urlTemplate\":\"https:\/\/floratiara.com\/?s={search_term_string}\"},\"query-input\":{\"@type\":\"PropertyValueSpecification\",\"valueRequired\":true,\"valueName\":\"search_term_string\"}}],\"inLanguage\":\"da-DK\"},{\"@type\":\"Organization\",\"@id\":\"https:\/\/floratiara.com\/#organization\",\"name\":\"Flora Tiara\",\"url\":\"https:\/\/floratiara.com\/\",\"logo\":{\"@type\":\"ImageObject\",\"inLanguage\":\"da-DK\",\"@id\":\"https:\/\/floratiara.com\/#\/schema\/logo\/image\/\",\"url\":\"https:\/\/floratiara.com\/wp-content\/uploads\/2024\/03\/flora-tiara-logo.png\",\"contentUrl\":\"https:\/\/floratiara.com\/wp-content\/uploads\/2024\/03\/flora-tiara-logo.png\",\"width\":1024,\"height\":274,\"caption\":\"Flora Tiara\"},\"image\":{\"@id\":\"https:\/\/floratiara.com\/#\/schema\/logo\/image\/\"}}]}<\/script>\n<!-- \/ Yoast SEO plugin. -->","yoast_head_json":{"title":"Elegant blomsterkrone til bruden, hovedbekl\u00e6dning med ferskenroser - Flora Tiara","description":"Unik og smuk: Shop vores elegante blomsterkrone til bruden, hovedbekl\u00e6dning med ferskenroser. F\u00f8rsteklasses hovedbekl\u00e6dning af h\u00f8j kvalitet, der g\u00f8r begivenheden uforglemmelig.","robots":{"index":"index","follow":"follow","max-snippet":"max-snippet:-1","max-image-preview":"max-image-preview:large","max-video-preview":"max-video-preview:-1"},"canonical":"https:\/\/floratiara.com\/da\/p\/romantisk-blomsterpandeband-til-bruden-2\/","og_locale":"da_DK","og_type":"article","og_title":"Elegant Bridal Flower Crown, Peach Roses Headdress - Flora Tiara","og_description":"Unique and beautiful: Shop our Elegant Bridal Flower Crown, Peach Roses Headdress. Premium high quality headpiece to make the occasion unforgettable.","og_url":"https:\/\/floratiara.com\/da\/p\/romantisk-blomsterpandeband-til-bruden-2\/","og_site_name":"Flora Tiara","article_modified_time":"2025-03-04T04:42:34+00:00","og_image":[{"width":1000,"height":1000,"url":"https:\/\/floratiara.com\/wp-content\/uploads\/2024\/03\/H8a19de6950494260a43bff2598e77b12D.webp","type":"image\/webp"}],"twitter_card":"summary_large_image","twitter_misc":{"Estimeret l\u00e6setid":"3 minutter"},"schema":{"@context":"https:\/\/schema.org","@graph":[{"@type":"WebPage","@id":"https:\/\/floratiara.com\/p\/romantic-bridal-floral-headband-2\/","url":"https:\/\/floratiara.com\/p\/romantic-bridal-floral-headband-2\/","name":"Elegant blomsterkrone til bruden, hovedbekl\u00e6dning med ferskenroser - Flora Tiara","isPartOf":{"@id":"https:\/\/floratiara.com\/#website"},"primaryImageOfPage":{"@id":"https:\/\/floratiara.com\/p\/romantic-bridal-floral-headband-2\/#primaryimage"},"image":{"@id":"https:\/\/floratiara.com\/p\/romantic-bridal-floral-headband-2\/#primaryimage"},"thumbnailUrl":"https:\/\/floratiara.com\/wp-content\/uploads\/2024\/03\/H8a19de6950494260a43bff2598e77b12D.webp","datePublished":"2024-03-16T09:38:23+00:00","dateModified":"2025-03-04T04:42:34+00:00","description":"Unik og smuk: Shop vores elegante blomsterkrone til bruden, hovedbekl\u00e6dning med ferskenroser. F\u00f8rsteklasses hovedbekl\u00e6dning af h\u00f8j kvalitet, der g\u00f8r begivenheden uforglemmelig.","breadcrumb":{"@id":"https:\/\/floratiara.com\/p\/romantic-bridal-floral-headband-2\/#breadcrumb"},"inLanguage":"da-DK","potentialAction":[{"@type":"ReadAction","target":["https:\/\/floratiara.com\/p\/romantic-bridal-floral-headband-2\/"]}]},{"@type":"ImageObject","inLanguage":"da-DK","@id":"https:\/\/floratiara.com\/p\/romantic-bridal-floral-headband-2\/#primaryimage","url":"https:\/\/floratiara.com\/wp-content\/uploads\/2024\/03\/H8a19de6950494260a43bff2598e77b12D.webp","contentUrl":"https:\/\/floratiara.com\/wp-content\/uploads\/2024\/03\/H8a19de6950494260a43bff2598e77b12D.webp","width":1000,"height":1000},{"@type":"BreadcrumbList","@id":"https:\/\/floratiara.com\/p\/romantic-bridal-floral-headband-2\/#breadcrumb","itemListElement":[{"@type":"ListItem","position":1,"name":"Home","item":"https:\/\/floratiara.com\/"},{"@type":"ListItem","position":2,"name":"Shop","item":"https:\/\/floratiara.com\/shop\/"},{"@type":"ListItem","position":3,"name":"Elegant Bridal Flower Crown, Peach Roses Headdress"}]},{"@type":"WebSite","@id":"https:\/\/floratiara.com\/#website","url":"https:\/\/floratiara.com\/","name":"Flora Tiara","description":"","publisher":{"@id":"https:\/\/floratiara.com\/#organization"},"potentialAction":[{"@type":"SearchAction","target":{"@type":"EntryPoint","urlTemplate":"https:\/\/floratiara.com\/?s={search_term_string}"},"query-input":{"@type":"PropertyValueSpecification","valueRequired":true,"valueName":"search_term_string"}}],"inLanguage":"da-DK"},{"@type":"Organization","@id":"https:\/\/floratiara.com\/#organization","name":"Flora Tiara","url":"https:\/\/floratiara.com\/","logo":{"@type":"ImageObject","inLanguage":"da-DK","@id":"https:\/\/floratiara.com\/#\/schema\/logo\/image\/","url":"https:\/\/floratiara.com\/wp-content\/uploads\/2024\/03\/flora-tiara-logo.png","contentUrl":"https:\/\/floratiara.com\/wp-content\/uploads\/2024\/03\/flora-tiara-logo.png","width":1024,"height":274,"caption":"Flora Tiara"},"image":{"@id":"https:\/\/floratiara.com\/#\/schema\/logo\/image\/"}}]}},"_links":{"self":[{"href":"https:\/\/floratiara.com\/da\/wp-json\/wp\/v2\/product\/213","targetHints":{"allow":["GET"]}}],"collection":[{"href":"https:\/\/floratiara.com\/da\/wp-json\/wp\/v2\/product"}],"about":[{"href":"https:\/\/floratiara.com\/da\/wp-json\/wp\/v2\/types\/product"}],"wp:featuredmedia":[{"embeddable":true,"href":"https:\/\/floratiara.com\/da\/wp-json\/wp\/v2\/media\/212"}],"wp:attachment":[{"href":"https:\/\/floratiara.com\/da\/wp-json\/wp\/v2\/media?parent=213"}],"wp:term":[{"taxonomy":"product_brand","embeddable":true,"href":"https:\/\/floratiara.com\/da\/wp-json\/wp\/v2\/product_brand?post=213"},{"taxonomy":"product_cat","embeddable":true,"href":"https:\/\/floratiara.com\/da\/wp-json\/wp\/v2\/product_cat?post=213"},{"taxonomy":"product_tag","embeddable":true,"href":"https:\/\/floratiara.com\/da\/wp-json\/wp\/v2\/product_tag?post=213"}],"curies":[{"name":"wp","href":"https:\/\/api.w.org\/{rel}","templated":true}]}}