{"id":304,"date":"2024-03-16T09:40:33","date_gmt":"2024-03-16T09:40:33","guid":{"rendered":"https:\/\/floratiara.com\/?post_type=product&#038;p=304"},"modified":"2024-12-12T01:45:50","modified_gmt":"2024-12-12T01:45:50","slug":"hovedbeklaedning-med-blomster-til-bryllup","status":"publish","type":"product","link":"https:\/\/floratiara.com\/da\/p\/hovedbeklaedning-med-blomster-til-bryllup\/","title":{"rendered":"Elegant pandeb\u00e5nd med blomsterkrone til bruden"},"content":{"rendered":"<p>Udstr\u00e5l tidl\u00f8s ynde p\u00e5 din s\u00e6rlige dag med vores elegante blomsterkrans til bruden. Dette h\u00e5ndlavede hovedstykke er prydet med klassiske hvide roser, sarte gypsophila og gr\u00f8nne blade og er indbegrebet af raffinement. Det justerbare hvide b\u00e5nd sikrer en perfekt pasform til enhver frisure og fremh\u00e6ver din naturlige sk\u00f8nhed. Investeringen i dette luksuri\u00f8se tilbeh\u00f8r er ideel til bryllupper eller andre festlige lejligheder og lover at tilf\u00f8je et \u00e6terisk touch til dit outfit, s\u00e5 du f\u00f8ler dig som en kongelig. Indfang essensen af fortryllelse med denne f\u00f8rsteklasses blomsterkrone - et symbol p\u00e5 elegance og charme for den kr\u00e6sne brud.<\/p><p>Sammens\u00e6tning: hvide roser, baby's breath (gypsophila), gr\u00f8nne blade, sm\u00e5 gr\u00f8nne knopper.<\/p>","protected":false},"excerpt":{"rendered":"<div style=\"width: 90%;text-align: left;margin: auto\"><p style=\"text-align:center\"><b>\ud83d\udc51 Fra vores h\u00e6nder til dit hoved<\/b><br \/><i>Luksus blomsterkroner til enhver lejlighed<\/i><\/p><ul><li>\u2702\ufe0f Fremstillet med omhu i hjertet af <b>Danmark<\/b><\/li><li><b>\ud83d\udc90 Sammens\u00e6tning: hvide roser, baby's breath (gypsophila), gr\u00f8nne blade, sm\u00e5 gr\u00f8nne knopper.<\/b><\/li><\/ul><\/div>","protected":false},"featured_media":303,"template":"","meta":[],"product_brand":[],"product_cat":[61,59,71],"product_tag":[],"class_list":{"0":"post-304","1":"product","2":"type-product","3":"status-publish","4":"has-post-thumbnail","6":"product_cat-bridesmaid-floral-headpiece","7":"product_cat-bridal-floral-headpiece","8":"product_cat-white-floral-headpiece","10":"first","11":"instock","12":"shipping-taxable","13":"purchasable","14":"product-type-simple"},"yoast_head":"<!-- This site is optimized with the Yoast SEO plugin v25.9 - https:\/\/yoast.com\/wordpress\/plugins\/seo\/ -->\n<title>Elegant Bridal Flower Crown Headband - Flora Tiara<\/title>\n<meta name=\"description\" content=\"Unique and beautiful: Shop our Elegant Bridal Flower Crown Headband. Premium high quality headpiece to make the occasion unforgettable.\" \/>\n<meta name=\"robots\" content=\"index, follow, max-snippet:-1, max-image-preview:large, max-video-preview:-1\" \/>\n<link rel=\"canonical\" href=\"https:\/\/floratiara.com\/da\/p\/hovedbeklaedning-med-blomster-til-bryllup\/\" \/>\n<meta property=\"og:locale\" content=\"da_DK\" \/>\n<meta property=\"og:type\" content=\"article\" \/>\n<meta property=\"og:title\" content=\"Elegant Bridal Flower Crown Headband - Flora Tiara\" \/>\n<meta property=\"og:description\" content=\"Unique and beautiful: Shop our Elegant Bridal Flower Crown Headband. Premium high quality headpiece to make the occasion unforgettable.\" \/>\n<meta property=\"og:url\" content=\"https:\/\/floratiara.com\/da\/p\/hovedbeklaedning-med-blomster-til-bryllup\/\" \/>\n<meta property=\"og:site_name\" content=\"Flora Tiara\" \/>\n<meta property=\"article:modified_time\" content=\"2024-12-12T01:45:50+00:00\" \/>\n<meta property=\"og:image\" content=\"https:\/\/floratiara.com\/wp-content\/uploads\/2024\/03\/H0aba56f8b8f14daabafe2b79dbfcd5df5.webp\" \/>\n\t<meta property=\"og:image:width\" content=\"1000\" \/>\n\t<meta property=\"og:image:height\" content=\"1000\" \/>\n\t<meta property=\"og:image:type\" content=\"image\/webp\" \/>\n<meta name=\"twitter:card\" content=\"summary_large_image\" \/>\n<meta name=\"twitter:label1\" content=\"Estimeret l\u00e6setid\" \/>\n\t<meta name=\"twitter:data1\" content=\"1 minut\" \/>\n<script type=\"application\/ld+json\" class=\"yoast-schema-graph\">{\"@context\":\"https:\/\/schema.org\",\"@graph\":[{\"@type\":\"WebPage\",\"@id\":\"https:\/\/floratiara.com\/p\/wedding-bridal-floral-headpiece\/\",\"url\":\"https:\/\/floratiara.com\/p\/wedding-bridal-floral-headpiece\/\",\"name\":\"Elegant Bridal Flower Crown Headband - Flora Tiara\",\"isPartOf\":{\"@id\":\"https:\/\/floratiara.com\/#website\"},\"primaryImageOfPage\":{\"@id\":\"https:\/\/floratiara.com\/p\/wedding-bridal-floral-headpiece\/#primaryimage\"},\"image\":{\"@id\":\"https:\/\/floratiara.com\/p\/wedding-bridal-floral-headpiece\/#primaryimage\"},\"thumbnailUrl\":\"https:\/\/floratiara.com\/wp-content\/uploads\/2024\/03\/H0aba56f8b8f14daabafe2b79dbfcd5df5.webp\",\"datePublished\":\"2024-03-16T09:40:33+00:00\",\"dateModified\":\"2024-12-12T01:45:50+00:00\",\"description\":\"Unique and beautiful: Shop our Elegant Bridal Flower Crown Headband. Premium high quality headpiece to make the occasion unforgettable.\",\"breadcrumb\":{\"@id\":\"https:\/\/floratiara.com\/p\/wedding-bridal-floral-headpiece\/#breadcrumb\"},\"inLanguage\":\"da-DK\",\"potentialAction\":[{\"@type\":\"ReadAction\",\"target\":[\"https:\/\/floratiara.com\/p\/wedding-bridal-floral-headpiece\/\"]}]},{\"@type\":\"ImageObject\",\"inLanguage\":\"da-DK\",\"@id\":\"https:\/\/floratiara.com\/p\/wedding-bridal-floral-headpiece\/#primaryimage\",\"url\":\"https:\/\/floratiara.com\/wp-content\/uploads\/2024\/03\/H0aba56f8b8f14daabafe2b79dbfcd5df5.webp\",\"contentUrl\":\"https:\/\/floratiara.com\/wp-content\/uploads\/2024\/03\/H0aba56f8b8f14daabafe2b79dbfcd5df5.webp\",\"width\":1000,\"height\":1000},{\"@type\":\"BreadcrumbList\",\"@id\":\"https:\/\/floratiara.com\/p\/wedding-bridal-floral-headpiece\/#breadcrumb\",\"itemListElement\":[{\"@type\":\"ListItem\",\"position\":1,\"name\":\"Home\",\"item\":\"https:\/\/floratiara.com\/\"},{\"@type\":\"ListItem\",\"position\":2,\"name\":\"Shop\",\"item\":\"https:\/\/floratiara.com\/shop\/\"},{\"@type\":\"ListItem\",\"position\":3,\"name\":\"Elegant Bridal Flower Crown Headband\"}]},{\"@type\":\"WebSite\",\"@id\":\"https:\/\/floratiara.com\/#website\",\"url\":\"https:\/\/floratiara.com\/\",\"name\":\"Flora Tiara\",\"description\":\"\",\"publisher\":{\"@id\":\"https:\/\/floratiara.com\/#organization\"},\"potentialAction\":[{\"@type\":\"SearchAction\",\"target\":{\"@type\":\"EntryPoint\",\"urlTemplate\":\"https:\/\/floratiara.com\/?s={search_term_string}\"},\"query-input\":{\"@type\":\"PropertyValueSpecification\",\"valueRequired\":true,\"valueName\":\"search_term_string\"}}],\"inLanguage\":\"da-DK\"},{\"@type\":\"Organization\",\"@id\":\"https:\/\/floratiara.com\/#organization\",\"name\":\"Flora Tiara\",\"url\":\"https:\/\/floratiara.com\/\",\"logo\":{\"@type\":\"ImageObject\",\"inLanguage\":\"da-DK\",\"@id\":\"https:\/\/floratiara.com\/#\/schema\/logo\/image\/\",\"url\":\"https:\/\/floratiara.com\/wp-content\/uploads\/2024\/03\/flora-tiara-logo.png\",\"contentUrl\":\"https:\/\/floratiara.com\/wp-content\/uploads\/2024\/03\/flora-tiara-logo.png\",\"width\":1024,\"height\":274,\"caption\":\"Flora Tiara\"},\"image\":{\"@id\":\"https:\/\/floratiara.com\/#\/schema\/logo\/image\/\"}}]}<\/script>\n<!-- \/ Yoast SEO plugin. -->","yoast_head_json":{"title":"Elegant pandeb\u00e5nd med blomsterkrone til brude - Flora Tiara","description":"Unikt og smukt: K\u00f8b vores elegante pandeb\u00e5nd med blomsterkrone til bruden. F\u00f8rsteklasses hovedbekl\u00e6dning i h\u00f8j kvalitet, der g\u00f8r lejligheden uforglemmelig.","robots":{"index":"index","follow":"follow","max-snippet":"max-snippet:-1","max-image-preview":"max-image-preview:large","max-video-preview":"max-video-preview:-1"},"canonical":"https:\/\/floratiara.com\/da\/p\/hovedbeklaedning-med-blomster-til-bryllup\/","og_locale":"da_DK","og_type":"article","og_title":"Elegant Bridal Flower Crown Headband - Flora Tiara","og_description":"Unique and beautiful: Shop our Elegant Bridal Flower Crown Headband. Premium high quality headpiece to make the occasion unforgettable.","og_url":"https:\/\/floratiara.com\/da\/p\/hovedbeklaedning-med-blomster-til-bryllup\/","og_site_name":"Flora Tiara","article_modified_time":"2024-12-12T01:45:50+00:00","og_image":[{"width":1000,"height":1000,"url":"https:\/\/floratiara.com\/wp-content\/uploads\/2024\/03\/H0aba56f8b8f14daabafe2b79dbfcd5df5.webp","type":"image\/webp"}],"twitter_card":"summary_large_image","twitter_misc":{"Estimeret l\u00e6setid":"1 minut"},"schema":{"@context":"https:\/\/schema.org","@graph":[{"@type":"WebPage","@id":"https:\/\/floratiara.com\/p\/wedding-bridal-floral-headpiece\/","url":"https:\/\/floratiara.com\/p\/wedding-bridal-floral-headpiece\/","name":"Elegant pandeb\u00e5nd med blomsterkrone til brude - Flora Tiara","isPartOf":{"@id":"https:\/\/floratiara.com\/#website"},"primaryImageOfPage":{"@id":"https:\/\/floratiara.com\/p\/wedding-bridal-floral-headpiece\/#primaryimage"},"image":{"@id":"https:\/\/floratiara.com\/p\/wedding-bridal-floral-headpiece\/#primaryimage"},"thumbnailUrl":"https:\/\/floratiara.com\/wp-content\/uploads\/2024\/03\/H0aba56f8b8f14daabafe2b79dbfcd5df5.webp","datePublished":"2024-03-16T09:40:33+00:00","dateModified":"2024-12-12T01:45:50+00:00","description":"Unikt og smukt: K\u00f8b vores elegante pandeb\u00e5nd med blomsterkrone til bruden. F\u00f8rsteklasses hovedbekl\u00e6dning i h\u00f8j kvalitet, der g\u00f8r lejligheden uforglemmelig.","breadcrumb":{"@id":"https:\/\/floratiara.com\/p\/wedding-bridal-floral-headpiece\/#breadcrumb"},"inLanguage":"da-DK","potentialAction":[{"@type":"ReadAction","target":["https:\/\/floratiara.com\/p\/wedding-bridal-floral-headpiece\/"]}]},{"@type":"ImageObject","inLanguage":"da-DK","@id":"https:\/\/floratiara.com\/p\/wedding-bridal-floral-headpiece\/#primaryimage","url":"https:\/\/floratiara.com\/wp-content\/uploads\/2024\/03\/H0aba56f8b8f14daabafe2b79dbfcd5df5.webp","contentUrl":"https:\/\/floratiara.com\/wp-content\/uploads\/2024\/03\/H0aba56f8b8f14daabafe2b79dbfcd5df5.webp","width":1000,"height":1000},{"@type":"BreadcrumbList","@id":"https:\/\/floratiara.com\/p\/wedding-bridal-floral-headpiece\/#breadcrumb","itemListElement":[{"@type":"ListItem","position":1,"name":"Home","item":"https:\/\/floratiara.com\/"},{"@type":"ListItem","position":2,"name":"Shop","item":"https:\/\/floratiara.com\/shop\/"},{"@type":"ListItem","position":3,"name":"Elegant Bridal Flower Crown Headband"}]},{"@type":"WebSite","@id":"https:\/\/floratiara.com\/#website","url":"https:\/\/floratiara.com\/","name":"Flora Tiara","description":"","publisher":{"@id":"https:\/\/floratiara.com\/#organization"},"potentialAction":[{"@type":"SearchAction","target":{"@type":"EntryPoint","urlTemplate":"https:\/\/floratiara.com\/?s={search_term_string}"},"query-input":{"@type":"PropertyValueSpecification","valueRequired":true,"valueName":"search_term_string"}}],"inLanguage":"da-DK"},{"@type":"Organization","@id":"https:\/\/floratiara.com\/#organization","name":"Flora Tiara","url":"https:\/\/floratiara.com\/","logo":{"@type":"ImageObject","inLanguage":"da-DK","@id":"https:\/\/floratiara.com\/#\/schema\/logo\/image\/","url":"https:\/\/floratiara.com\/wp-content\/uploads\/2024\/03\/flora-tiara-logo.png","contentUrl":"https:\/\/floratiara.com\/wp-content\/uploads\/2024\/03\/flora-tiara-logo.png","width":1024,"height":274,"caption":"Flora Tiara"},"image":{"@id":"https:\/\/floratiara.com\/#\/schema\/logo\/image\/"}}]}},"_links":{"self":[{"href":"https:\/\/floratiara.com\/da\/wp-json\/wp\/v2\/product\/304","targetHints":{"allow":["GET"]}}],"collection":[{"href":"https:\/\/floratiara.com\/da\/wp-json\/wp\/v2\/product"}],"about":[{"href":"https:\/\/floratiara.com\/da\/wp-json\/wp\/v2\/types\/product"}],"wp:featuredmedia":[{"embeddable":true,"href":"https:\/\/floratiara.com\/da\/wp-json\/wp\/v2\/media\/303"}],"wp:attachment":[{"href":"https:\/\/floratiara.com\/da\/wp-json\/wp\/v2\/media?parent=304"}],"wp:term":[{"taxonomy":"product_brand","embeddable":true,"href":"https:\/\/floratiara.com\/da\/wp-json\/wp\/v2\/product_brand?post=304"},{"taxonomy":"product_cat","embeddable":true,"href":"https:\/\/floratiara.com\/da\/wp-json\/wp\/v2\/product_cat?post=304"},{"taxonomy":"product_tag","embeddable":true,"href":"https:\/\/floratiara.com\/da\/wp-json\/wp\/v2\/product_tag?post=304"}],"curies":[{"name":"wp","href":"https:\/\/api.w.org\/{rel}","templated":true}]}}