{"id":349,"date":"2024-03-16T09:41:34","date_gmt":"2024-03-16T09:41:34","guid":{"rendered":"https:\/\/floratiara.com\/?post_type=product&#038;p=349"},"modified":"2025-03-04T04:42:35","modified_gmt":"2025-03-04T04:42:35","slug":"blomsterhovedbeklaedning-til-bryllup-elegant-tilbehor","status":"publish","type":"product","link":"https:\/\/floratiara.com\/da\/p\/blomsterhovedbeklaedning-til-bryllup-elegant-tilbehor\/","title":{"rendered":"Brudekrone med r\u00f8d rose og marguerit"},"content":{"rendered":"<p>Lad dig fortrylle af vores Bridal Red Rose &amp; Daisy Flower Crown, en fantastisk blanding af lidenskabelig r\u00f8d og ren hvid, perfekt til at l\u00f8fte bryllupselegance eller berige hverdagst\u00f8j. Denne uds\u00f8gte krone er lavet med omhu og giver et luksuri\u00f8st strejf af natur, som symboliserer k\u00e6rlighed og uskyld. Det frodige gr\u00f8nne og gypsophilas hvisken tilf\u00f8jer et romantisk flair og lover at s\u00e6tte fokus p\u00e5 din sk\u00f8nhed. Lav et f\u00e6ngslende statement p\u00e5 din s\u00e6rlige dag med dette essentielle, tidl\u00f8se hovedstykke, der er designet til at forvandle dig til hjertet af enhver fest. Tag \u00f8jeblikket til dig, og udsmyk dig med raffinement.<\/p><p>Sammens\u00e6tning: r\u00f8de roser, hvide tusindfryd, sm\u00e5 hvide fyldblomster, gr\u00f8nne blade, hvid gypsophila<\/p>","protected":false},"excerpt":{"rendered":"<div style=\"width: 90%;text-align: left;margin: auto\"><p style=\"text-align:center\"><b>\ud83d\udc51 Fra vores h\u00e6nder til dit hoved<\/b><br \/><i>Luksus blomsterkroner til enhver lejlighed<\/i><\/p><ul><li>\u2702\ufe0f Fremstillet med omhu i hjertet af <b>Danmark<\/b><\/li><li><b>\ud83d\udc90 Sammens\u00e6tning: r\u00f8de roser, hvide tusindfryd, sm\u00e5 hvide fyldblomster, gr\u00f8nne blade, hvid gypsophila<\/b><\/li><\/ul><\/div>","protected":false},"featured_media":348,"template":"","meta":[],"product_brand":[],"product_cat":[61,77,70,59],"product_tag":[],"class_list":{"0":"post-349","1":"product","2":"type-product","3":"status-publish","4":"has-post-thumbnail","6":"product_cat-bridesmaid-floral-headpiece","7":"product_cat-red-floral-headpiece","8":"product_cat-rose-floral-headpiece","9":"product_cat-bridal-floral-headpiece","11":"first","12":"instock","13":"shipping-taxable","14":"purchasable","15":"product-type-simple"},"yoast_head":"<!-- This site is optimized with the Yoast SEO plugin v25.9 - https:\/\/yoast.com\/wordpress\/plugins\/seo\/ -->\n<title>Bridal Red Rose &amp; Daisy Flower Crown - Flora Tiara<\/title>\n<meta name=\"description\" content=\"Unique and beautiful: Shop our Bridal Red Rose &amp; Daisy Flower Crown. Premium high quality headpiece to make the occasion unforgettable.\" \/>\n<meta name=\"robots\" content=\"index, follow, max-snippet:-1, max-image-preview:large, max-video-preview:-1\" \/>\n<link rel=\"canonical\" href=\"https:\/\/floratiara.com\/da\/p\/blomsterhovedbeklaedning-til-bryllup-elegant-tilbehor\/\" \/>\n<meta property=\"og:locale\" content=\"da_DK\" \/>\n<meta property=\"og:type\" content=\"article\" \/>\n<meta property=\"og:title\" content=\"Bridal Red Rose &amp; Daisy Flower Crown - Flora Tiara\" \/>\n<meta property=\"og:description\" content=\"Unique and beautiful: Shop our Bridal Red Rose &amp; Daisy Flower Crown. Premium high quality headpiece to make the occasion unforgettable.\" \/>\n<meta property=\"og:url\" content=\"https:\/\/floratiara.com\/da\/p\/blomsterhovedbeklaedning-til-bryllup-elegant-tilbehor\/\" \/>\n<meta property=\"og:site_name\" content=\"Flora Tiara\" \/>\n<meta property=\"article:modified_time\" content=\"2025-03-04T04:42:35+00:00\" \/>\n<meta property=\"og:image\" content=\"https:\/\/floratiara.com\/wp-content\/uploads\/2024\/03\/Sd300e797f072416d9780c0cfe41007f1R.webp\" \/>\n\t<meta property=\"og:image:width\" content=\"1500\" \/>\n\t<meta property=\"og:image:height\" content=\"1500\" \/>\n\t<meta property=\"og:image:type\" content=\"image\/webp\" \/>\n<meta name=\"twitter:card\" content=\"summary_large_image\" \/>\n<meta name=\"twitter:label1\" content=\"Estimeret l\u00e6setid\" \/>\n\t<meta name=\"twitter:data1\" content=\"4 minutter\" \/>\n<script type=\"application\/ld+json\" class=\"yoast-schema-graph\">{\"@context\":\"https:\/\/schema.org\",\"@graph\":[{\"@type\":\"WebPage\",\"@id\":\"https:\/\/floratiara.com\/p\/wedding-floral-headdress-elegant-accessory\/\",\"url\":\"https:\/\/floratiara.com\/p\/wedding-floral-headdress-elegant-accessory\/\",\"name\":\"Bridal Red Rose &amp; Daisy Flower Crown - Flora Tiara\",\"isPartOf\":{\"@id\":\"https:\/\/floratiara.com\/#website\"},\"primaryImageOfPage\":{\"@id\":\"https:\/\/floratiara.com\/p\/wedding-floral-headdress-elegant-accessory\/#primaryimage\"},\"image\":{\"@id\":\"https:\/\/floratiara.com\/p\/wedding-floral-headdress-elegant-accessory\/#primaryimage\"},\"thumbnailUrl\":\"https:\/\/floratiara.com\/wp-content\/uploads\/2024\/03\/Sd300e797f072416d9780c0cfe41007f1R.webp\",\"datePublished\":\"2024-03-16T09:41:34+00:00\",\"dateModified\":\"2025-03-04T04:42:35+00:00\",\"description\":\"Unique and beautiful: Shop our Bridal Red Rose &amp; Daisy Flower Crown. Premium high quality headpiece to make the occasion unforgettable.\",\"breadcrumb\":{\"@id\":\"https:\/\/floratiara.com\/p\/wedding-floral-headdress-elegant-accessory\/#breadcrumb\"},\"inLanguage\":\"da-DK\",\"potentialAction\":[{\"@type\":\"ReadAction\",\"target\":[\"https:\/\/floratiara.com\/p\/wedding-floral-headdress-elegant-accessory\/\"]}]},{\"@type\":\"ImageObject\",\"inLanguage\":\"da-DK\",\"@id\":\"https:\/\/floratiara.com\/p\/wedding-floral-headdress-elegant-accessory\/#primaryimage\",\"url\":\"https:\/\/floratiara.com\/wp-content\/uploads\/2024\/03\/Sd300e797f072416d9780c0cfe41007f1R.webp\",\"contentUrl\":\"https:\/\/floratiara.com\/wp-content\/uploads\/2024\/03\/Sd300e797f072416d9780c0cfe41007f1R.webp\",\"width\":1500,\"height\":1500},{\"@type\":\"BreadcrumbList\",\"@id\":\"https:\/\/floratiara.com\/p\/wedding-floral-headdress-elegant-accessory\/#breadcrumb\",\"itemListElement\":[{\"@type\":\"ListItem\",\"position\":1,\"name\":\"Home\",\"item\":\"https:\/\/floratiara.com\/\"},{\"@type\":\"ListItem\",\"position\":2,\"name\":\"Shop\",\"item\":\"https:\/\/floratiara.com\/shop\/\"},{\"@type\":\"ListItem\",\"position\":3,\"name\":\"Bridal Red Rose &amp; Daisy Flower Crown\"}]},{\"@type\":\"WebSite\",\"@id\":\"https:\/\/floratiara.com\/#website\",\"url\":\"https:\/\/floratiara.com\/\",\"name\":\"Flora Tiara\",\"description\":\"\",\"publisher\":{\"@id\":\"https:\/\/floratiara.com\/#organization\"},\"potentialAction\":[{\"@type\":\"SearchAction\",\"target\":{\"@type\":\"EntryPoint\",\"urlTemplate\":\"https:\/\/floratiara.com\/?s={search_term_string}\"},\"query-input\":{\"@type\":\"PropertyValueSpecification\",\"valueRequired\":true,\"valueName\":\"search_term_string\"}}],\"inLanguage\":\"da-DK\"},{\"@type\":\"Organization\",\"@id\":\"https:\/\/floratiara.com\/#organization\",\"name\":\"Flora Tiara\",\"url\":\"https:\/\/floratiara.com\/\",\"logo\":{\"@type\":\"ImageObject\",\"inLanguage\":\"da-DK\",\"@id\":\"https:\/\/floratiara.com\/#\/schema\/logo\/image\/\",\"url\":\"https:\/\/floratiara.com\/wp-content\/uploads\/2024\/03\/flora-tiara-logo.png\",\"contentUrl\":\"https:\/\/floratiara.com\/wp-content\/uploads\/2024\/03\/flora-tiara-logo.png\",\"width\":1024,\"height\":274,\"caption\":\"Flora Tiara\"},\"image\":{\"@id\":\"https:\/\/floratiara.com\/#\/schema\/logo\/image\/\"}}]}<\/script>\n<!-- \/ Yoast SEO plugin. -->","yoast_head_json":{"title":"Brudekrone med r\u00f8d rose og tusindfryd - Flora Tiara","description":"Unik og smuk: K\u00f8b vores brudekrone med r\u00f8de roser og margueritter. F\u00f8rsteklasses hovedbekl\u00e6dning af h\u00f8j kvalitet, der g\u00f8r begivenheden uforglemmelig.","robots":{"index":"index","follow":"follow","max-snippet":"max-snippet:-1","max-image-preview":"max-image-preview:large","max-video-preview":"max-video-preview:-1"},"canonical":"https:\/\/floratiara.com\/da\/p\/blomsterhovedbeklaedning-til-bryllup-elegant-tilbehor\/","og_locale":"da_DK","og_type":"article","og_title":"Bridal Red Rose &amp; Daisy Flower Crown - Flora Tiara","og_description":"Unique and beautiful: Shop our Bridal Red Rose &amp; Daisy Flower Crown. Premium high quality headpiece to make the occasion unforgettable.","og_url":"https:\/\/floratiara.com\/da\/p\/blomsterhovedbeklaedning-til-bryllup-elegant-tilbehor\/","og_site_name":"Flora Tiara","article_modified_time":"2025-03-04T04:42:35+00:00","og_image":[{"width":1500,"height":1500,"url":"https:\/\/floratiara.com\/wp-content\/uploads\/2024\/03\/Sd300e797f072416d9780c0cfe41007f1R.webp","type":"image\/webp"}],"twitter_card":"summary_large_image","twitter_misc":{"Estimeret l\u00e6setid":"4 minutter"},"schema":{"@context":"https:\/\/schema.org","@graph":[{"@type":"WebPage","@id":"https:\/\/floratiara.com\/p\/wedding-floral-headdress-elegant-accessory\/","url":"https:\/\/floratiara.com\/p\/wedding-floral-headdress-elegant-accessory\/","name":"Brudekrone med r\u00f8d rose og tusindfryd - Flora Tiara","isPartOf":{"@id":"https:\/\/floratiara.com\/#website"},"primaryImageOfPage":{"@id":"https:\/\/floratiara.com\/p\/wedding-floral-headdress-elegant-accessory\/#primaryimage"},"image":{"@id":"https:\/\/floratiara.com\/p\/wedding-floral-headdress-elegant-accessory\/#primaryimage"},"thumbnailUrl":"https:\/\/floratiara.com\/wp-content\/uploads\/2024\/03\/Sd300e797f072416d9780c0cfe41007f1R.webp","datePublished":"2024-03-16T09:41:34+00:00","dateModified":"2025-03-04T04:42:35+00:00","description":"Unik og smuk: K\u00f8b vores brudekrone med r\u00f8de roser og margueritter. F\u00f8rsteklasses hovedbekl\u00e6dning af h\u00f8j kvalitet, der g\u00f8r begivenheden uforglemmelig.","breadcrumb":{"@id":"https:\/\/floratiara.com\/p\/wedding-floral-headdress-elegant-accessory\/#breadcrumb"},"inLanguage":"da-DK","potentialAction":[{"@type":"ReadAction","target":["https:\/\/floratiara.com\/p\/wedding-floral-headdress-elegant-accessory\/"]}]},{"@type":"ImageObject","inLanguage":"da-DK","@id":"https:\/\/floratiara.com\/p\/wedding-floral-headdress-elegant-accessory\/#primaryimage","url":"https:\/\/floratiara.com\/wp-content\/uploads\/2024\/03\/Sd300e797f072416d9780c0cfe41007f1R.webp","contentUrl":"https:\/\/floratiara.com\/wp-content\/uploads\/2024\/03\/Sd300e797f072416d9780c0cfe41007f1R.webp","width":1500,"height":1500},{"@type":"BreadcrumbList","@id":"https:\/\/floratiara.com\/p\/wedding-floral-headdress-elegant-accessory\/#breadcrumb","itemListElement":[{"@type":"ListItem","position":1,"name":"Home","item":"https:\/\/floratiara.com\/"},{"@type":"ListItem","position":2,"name":"Shop","item":"https:\/\/floratiara.com\/shop\/"},{"@type":"ListItem","position":3,"name":"Bridal Red Rose &amp; Daisy Flower Crown"}]},{"@type":"WebSite","@id":"https:\/\/floratiara.com\/#website","url":"https:\/\/floratiara.com\/","name":"Flora Tiara","description":"","publisher":{"@id":"https:\/\/floratiara.com\/#organization"},"potentialAction":[{"@type":"SearchAction","target":{"@type":"EntryPoint","urlTemplate":"https:\/\/floratiara.com\/?s={search_term_string}"},"query-input":{"@type":"PropertyValueSpecification","valueRequired":true,"valueName":"search_term_string"}}],"inLanguage":"da-DK"},{"@type":"Organization","@id":"https:\/\/floratiara.com\/#organization","name":"Flora Tiara","url":"https:\/\/floratiara.com\/","logo":{"@type":"ImageObject","inLanguage":"da-DK","@id":"https:\/\/floratiara.com\/#\/schema\/logo\/image\/","url":"https:\/\/floratiara.com\/wp-content\/uploads\/2024\/03\/flora-tiara-logo.png","contentUrl":"https:\/\/floratiara.com\/wp-content\/uploads\/2024\/03\/flora-tiara-logo.png","width":1024,"height":274,"caption":"Flora Tiara"},"image":{"@id":"https:\/\/floratiara.com\/#\/schema\/logo\/image\/"}}]}},"_links":{"self":[{"href":"https:\/\/floratiara.com\/da\/wp-json\/wp\/v2\/product\/349","targetHints":{"allow":["GET"]}}],"collection":[{"href":"https:\/\/floratiara.com\/da\/wp-json\/wp\/v2\/product"}],"about":[{"href":"https:\/\/floratiara.com\/da\/wp-json\/wp\/v2\/types\/product"}],"wp:featuredmedia":[{"embeddable":true,"href":"https:\/\/floratiara.com\/da\/wp-json\/wp\/v2\/media\/348"}],"wp:attachment":[{"href":"https:\/\/floratiara.com\/da\/wp-json\/wp\/v2\/media?parent=349"}],"wp:term":[{"taxonomy":"product_brand","embeddable":true,"href":"https:\/\/floratiara.com\/da\/wp-json\/wp\/v2\/product_brand?post=349"},{"taxonomy":"product_cat","embeddable":true,"href":"https:\/\/floratiara.com\/da\/wp-json\/wp\/v2\/product_cat?post=349"},{"taxonomy":"product_tag","embeddable":true,"href":"https:\/\/floratiara.com\/da\/wp-json\/wp\/v2\/product_tag?post=349"}],"curies":[{"name":"wp","href":"https:\/\/api.w.org\/{rel}","templated":true}]}}