{"id":467,"date":"2024-03-16T09:44:53","date_gmt":"2024-03-16T09:44:53","guid":{"rendered":"https:\/\/floratiara.com\/?post_type=product&#038;p=467"},"modified":"2024-12-12T01:43:01","modified_gmt":"2024-12-12T01:43:01","slug":"blomsterhovedbeklaedning-solsikke-tulipan-baer","status":"publish","type":"product","link":"https:\/\/floratiara.com\/da\/p\/blomsterhovedbeklaedning-solsikke-tulipan-baer\/","title":{"rendered":"Blomsterkrone Solsikke Tulipan Pandeb\u00e5nd Brud"},"content":{"rendered":"<p>Omfavn naturens fortryllelse med vores blomsterkrone, en fantastisk blanding af livlige solsikker og frodige lilla tulipaner, accentueret med uber\u00f8rte hvide b\u00e6r i det gr\u00f8nne. Denne alsidige hovedbekl\u00e6dning, der er perfekt til bryllupper, fester og sommerfester, tilf\u00f8jer en finurlig charme til enhver frisure. Det justerbare design sikrer en behagelig pasform for b\u00e5de voksne og b\u00f8rn og skaber et \u00e6terisk, romantisk look. Inviter magien fra botanisk sk\u00f8nhed ind i din stil, og lav et statement, der er lige s\u00e5 unikt som dig. L\u00f8ft dit look med dette h\u00e5ndlavede blomstertilbeh\u00f8r, og forvandl dine s\u00e6rlige \u00f8jeblikke.<\/p><p>Sammens\u00e6tning: gule solsikker, lilla tulipaner, hvide b\u00e6r, gr\u00f8nt l\u00f8v.<\/p>","protected":false},"excerpt":{"rendered":"<div style=\"width: 90%;text-align: left;margin: auto\"><p style=\"text-align:center\"><b>\ud83d\udc51 Fra vores h\u00e6nder til dit hoved<\/b><br \/><i>Luksus blomsterkroner til enhver lejlighed<\/i><\/p><ul><li>\u2702\ufe0f Fremstillet med omhu i hjertet af <b>Danmark<\/b><\/li><li><b>\ud83d\udc90 Sammens\u00e6tning: gule solsikker, lilla tulipaner, hvide b\u00e6r, gr\u00f8nt l\u00f8v.<\/b><\/li><\/ul><\/div>","protected":false},"featured_media":466,"template":"","meta":[],"product_brand":[],"product_cat":[61,76,79,59],"product_tag":[],"class_list":{"0":"post-467","1":"product","2":"type-product","3":"status-publish","4":"has-post-thumbnail","6":"product_cat-bridesmaid-floral-headpiece","7":"product_cat-gold-floral-headpiece","8":"product_cat-real-floral-headpiece","9":"product_cat-bridal-floral-headpiece","11":"first","12":"instock","13":"shipping-taxable","14":"purchasable","15":"product-type-simple"},"yoast_head":"<!-- This site is optimized with the Yoast SEO plugin v25.9 - https:\/\/yoast.com\/wordpress\/plugins\/seo\/ -->\n<title>Flower Crown Sunflower Tulip Headband Bridal - Flora Tiara<\/title>\n<meta name=\"description\" content=\"Unique and beautiful: Shop our Flower Crown Sunflower Tulip Headband Bridal. Premium high quality headpiece to make the occasion unforgettable.\" \/>\n<meta name=\"robots\" content=\"index, follow, max-snippet:-1, max-image-preview:large, max-video-preview:-1\" \/>\n<link rel=\"canonical\" href=\"https:\/\/floratiara.com\/da\/p\/blomsterhovedbeklaedning-solsikke-tulipan-baer\/\" \/>\n<meta property=\"og:locale\" content=\"da_DK\" \/>\n<meta property=\"og:type\" content=\"article\" \/>\n<meta property=\"og:title\" content=\"Flower Crown Sunflower Tulip Headband Bridal - Flora Tiara\" \/>\n<meta property=\"og:description\" content=\"Unique and beautiful: Shop our Flower Crown Sunflower Tulip Headband Bridal. Premium high quality headpiece to make the occasion unforgettable.\" \/>\n<meta property=\"og:url\" content=\"https:\/\/floratiara.com\/da\/p\/blomsterhovedbeklaedning-solsikke-tulipan-baer\/\" \/>\n<meta property=\"og:site_name\" content=\"Flora Tiara\" \/>\n<meta property=\"article:modified_time\" content=\"2024-12-12T01:43:01+00:00\" \/>\n<meta property=\"og:image\" content=\"https:\/\/floratiara.com\/wp-content\/uploads\/2024\/03\/Sd4d8c2a91f00447a8783b2fbbd61c8cbY.webp\" \/>\n\t<meta property=\"og:image:width\" content=\"1500\" \/>\n\t<meta property=\"og:image:height\" content=\"1500\" \/>\n\t<meta property=\"og:image:type\" content=\"image\/webp\" \/>\n<meta name=\"twitter:card\" content=\"summary_large_image\" \/>\n<meta name=\"twitter:label1\" content=\"Estimeret l\u00e6setid\" \/>\n\t<meta name=\"twitter:data1\" content=\"3 minutter\" \/>\n<script type=\"application\/ld+json\" class=\"yoast-schema-graph\">{\"@context\":\"https:\/\/schema.org\",\"@graph\":[{\"@type\":\"WebPage\",\"@id\":\"https:\/\/floratiara.com\/p\/floral-headwear-sunflower-tulip-berries\/\",\"url\":\"https:\/\/floratiara.com\/p\/floral-headwear-sunflower-tulip-berries\/\",\"name\":\"Flower Crown Sunflower Tulip Headband Bridal - Flora Tiara\",\"isPartOf\":{\"@id\":\"https:\/\/floratiara.com\/#website\"},\"primaryImageOfPage\":{\"@id\":\"https:\/\/floratiara.com\/p\/floral-headwear-sunflower-tulip-berries\/#primaryimage\"},\"image\":{\"@id\":\"https:\/\/floratiara.com\/p\/floral-headwear-sunflower-tulip-berries\/#primaryimage\"},\"thumbnailUrl\":\"https:\/\/floratiara.com\/wp-content\/uploads\/2024\/03\/Sd4d8c2a91f00447a8783b2fbbd61c8cbY.webp\",\"datePublished\":\"2024-03-16T09:44:53+00:00\",\"dateModified\":\"2024-12-12T01:43:01+00:00\",\"description\":\"Unique and beautiful: Shop our Flower Crown Sunflower Tulip Headband Bridal. Premium high quality headpiece to make the occasion unforgettable.\",\"breadcrumb\":{\"@id\":\"https:\/\/floratiara.com\/p\/floral-headwear-sunflower-tulip-berries\/#breadcrumb\"},\"inLanguage\":\"da-DK\",\"potentialAction\":[{\"@type\":\"ReadAction\",\"target\":[\"https:\/\/floratiara.com\/p\/floral-headwear-sunflower-tulip-berries\/\"]}]},{\"@type\":\"ImageObject\",\"inLanguage\":\"da-DK\",\"@id\":\"https:\/\/floratiara.com\/p\/floral-headwear-sunflower-tulip-berries\/#primaryimage\",\"url\":\"https:\/\/floratiara.com\/wp-content\/uploads\/2024\/03\/Sd4d8c2a91f00447a8783b2fbbd61c8cbY.webp\",\"contentUrl\":\"https:\/\/floratiara.com\/wp-content\/uploads\/2024\/03\/Sd4d8c2a91f00447a8783b2fbbd61c8cbY.webp\",\"width\":1500,\"height\":1500},{\"@type\":\"BreadcrumbList\",\"@id\":\"https:\/\/floratiara.com\/p\/floral-headwear-sunflower-tulip-berries\/#breadcrumb\",\"itemListElement\":[{\"@type\":\"ListItem\",\"position\":1,\"name\":\"Home\",\"item\":\"https:\/\/floratiara.com\/\"},{\"@type\":\"ListItem\",\"position\":2,\"name\":\"Shop\",\"item\":\"https:\/\/floratiara.com\/shop\/\"},{\"@type\":\"ListItem\",\"position\":3,\"name\":\"Flower Crown Sunflower Tulip Headband Bridal\"}]},{\"@type\":\"WebSite\",\"@id\":\"https:\/\/floratiara.com\/#website\",\"url\":\"https:\/\/floratiara.com\/\",\"name\":\"Flora Tiara\",\"description\":\"\",\"publisher\":{\"@id\":\"https:\/\/floratiara.com\/#organization\"},\"potentialAction\":[{\"@type\":\"SearchAction\",\"target\":{\"@type\":\"EntryPoint\",\"urlTemplate\":\"https:\/\/floratiara.com\/?s={search_term_string}\"},\"query-input\":{\"@type\":\"PropertyValueSpecification\",\"valueRequired\":true,\"valueName\":\"search_term_string\"}}],\"inLanguage\":\"da-DK\"},{\"@type\":\"Organization\",\"@id\":\"https:\/\/floratiara.com\/#organization\",\"name\":\"Flora Tiara\",\"url\":\"https:\/\/floratiara.com\/\",\"logo\":{\"@type\":\"ImageObject\",\"inLanguage\":\"da-DK\",\"@id\":\"https:\/\/floratiara.com\/#\/schema\/logo\/image\/\",\"url\":\"https:\/\/floratiara.com\/wp-content\/uploads\/2024\/03\/flora-tiara-logo.png\",\"contentUrl\":\"https:\/\/floratiara.com\/wp-content\/uploads\/2024\/03\/flora-tiara-logo.png\",\"width\":1024,\"height\":274,\"caption\":\"Flora Tiara\"},\"image\":{\"@id\":\"https:\/\/floratiara.com\/#\/schema\/logo\/image\/\"}}]}<\/script>\n<!-- \/ Yoast SEO plugin. -->","yoast_head_json":{"title":"Blomsterkrone Solsikke Tulipan Pandeb\u00e5nd Brude - Flora Tiara","description":"Unikt og smukt: Shop vores Flower Crown Sunflower Tulip Headband Bridal. F\u00f8rsteklasses hovedbekl\u00e6dning af h\u00f8j kvalitet, der g\u00f8r lejligheden uforglemmelig.","robots":{"index":"index","follow":"follow","max-snippet":"max-snippet:-1","max-image-preview":"max-image-preview:large","max-video-preview":"max-video-preview:-1"},"canonical":"https:\/\/floratiara.com\/da\/p\/blomsterhovedbeklaedning-solsikke-tulipan-baer\/","og_locale":"da_DK","og_type":"article","og_title":"Flower Crown Sunflower Tulip Headband Bridal - Flora Tiara","og_description":"Unique and beautiful: Shop our Flower Crown Sunflower Tulip Headband Bridal. Premium high quality headpiece to make the occasion unforgettable.","og_url":"https:\/\/floratiara.com\/da\/p\/blomsterhovedbeklaedning-solsikke-tulipan-baer\/","og_site_name":"Flora Tiara","article_modified_time":"2024-12-12T01:43:01+00:00","og_image":[{"width":1500,"height":1500,"url":"https:\/\/floratiara.com\/wp-content\/uploads\/2024\/03\/Sd4d8c2a91f00447a8783b2fbbd61c8cbY.webp","type":"image\/webp"}],"twitter_card":"summary_large_image","twitter_misc":{"Estimeret l\u00e6setid":"3 minutter"},"schema":{"@context":"https:\/\/schema.org","@graph":[{"@type":"WebPage","@id":"https:\/\/floratiara.com\/p\/floral-headwear-sunflower-tulip-berries\/","url":"https:\/\/floratiara.com\/p\/floral-headwear-sunflower-tulip-berries\/","name":"Blomsterkrone Solsikke Tulipan Pandeb\u00e5nd Brude - Flora Tiara","isPartOf":{"@id":"https:\/\/floratiara.com\/#website"},"primaryImageOfPage":{"@id":"https:\/\/floratiara.com\/p\/floral-headwear-sunflower-tulip-berries\/#primaryimage"},"image":{"@id":"https:\/\/floratiara.com\/p\/floral-headwear-sunflower-tulip-berries\/#primaryimage"},"thumbnailUrl":"https:\/\/floratiara.com\/wp-content\/uploads\/2024\/03\/Sd4d8c2a91f00447a8783b2fbbd61c8cbY.webp","datePublished":"2024-03-16T09:44:53+00:00","dateModified":"2024-12-12T01:43:01+00:00","description":"Unikt og smukt: Shop vores Flower Crown Sunflower Tulip Headband Bridal. F\u00f8rsteklasses hovedbekl\u00e6dning af h\u00f8j kvalitet, der g\u00f8r lejligheden uforglemmelig.","breadcrumb":{"@id":"https:\/\/floratiara.com\/p\/floral-headwear-sunflower-tulip-berries\/#breadcrumb"},"inLanguage":"da-DK","potentialAction":[{"@type":"ReadAction","target":["https:\/\/floratiara.com\/p\/floral-headwear-sunflower-tulip-berries\/"]}]},{"@type":"ImageObject","inLanguage":"da-DK","@id":"https:\/\/floratiara.com\/p\/floral-headwear-sunflower-tulip-berries\/#primaryimage","url":"https:\/\/floratiara.com\/wp-content\/uploads\/2024\/03\/Sd4d8c2a91f00447a8783b2fbbd61c8cbY.webp","contentUrl":"https:\/\/floratiara.com\/wp-content\/uploads\/2024\/03\/Sd4d8c2a91f00447a8783b2fbbd61c8cbY.webp","width":1500,"height":1500},{"@type":"BreadcrumbList","@id":"https:\/\/floratiara.com\/p\/floral-headwear-sunflower-tulip-berries\/#breadcrumb","itemListElement":[{"@type":"ListItem","position":1,"name":"Home","item":"https:\/\/floratiara.com\/"},{"@type":"ListItem","position":2,"name":"Shop","item":"https:\/\/floratiara.com\/shop\/"},{"@type":"ListItem","position":3,"name":"Flower Crown Sunflower Tulip Headband Bridal"}]},{"@type":"WebSite","@id":"https:\/\/floratiara.com\/#website","url":"https:\/\/floratiara.com\/","name":"Flora Tiara","description":"","publisher":{"@id":"https:\/\/floratiara.com\/#organization"},"potentialAction":[{"@type":"SearchAction","target":{"@type":"EntryPoint","urlTemplate":"https:\/\/floratiara.com\/?s={search_term_string}"},"query-input":{"@type":"PropertyValueSpecification","valueRequired":true,"valueName":"search_term_string"}}],"inLanguage":"da-DK"},{"@type":"Organization","@id":"https:\/\/floratiara.com\/#organization","name":"Flora Tiara","url":"https:\/\/floratiara.com\/","logo":{"@type":"ImageObject","inLanguage":"da-DK","@id":"https:\/\/floratiara.com\/#\/schema\/logo\/image\/","url":"https:\/\/floratiara.com\/wp-content\/uploads\/2024\/03\/flora-tiara-logo.png","contentUrl":"https:\/\/floratiara.com\/wp-content\/uploads\/2024\/03\/flora-tiara-logo.png","width":1024,"height":274,"caption":"Flora Tiara"},"image":{"@id":"https:\/\/floratiara.com\/#\/schema\/logo\/image\/"}}]}},"_links":{"self":[{"href":"https:\/\/floratiara.com\/da\/wp-json\/wp\/v2\/product\/467","targetHints":{"allow":["GET"]}}],"collection":[{"href":"https:\/\/floratiara.com\/da\/wp-json\/wp\/v2\/product"}],"about":[{"href":"https:\/\/floratiara.com\/da\/wp-json\/wp\/v2\/types\/product"}],"wp:featuredmedia":[{"embeddable":true,"href":"https:\/\/floratiara.com\/da\/wp-json\/wp\/v2\/media\/466"}],"wp:attachment":[{"href":"https:\/\/floratiara.com\/da\/wp-json\/wp\/v2\/media?parent=467"}],"wp:term":[{"taxonomy":"product_brand","embeddable":true,"href":"https:\/\/floratiara.com\/da\/wp-json\/wp\/v2\/product_brand?post=467"},{"taxonomy":"product_cat","embeddable":true,"href":"https:\/\/floratiara.com\/da\/wp-json\/wp\/v2\/product_cat?post=467"},{"taxonomy":"product_tag","embeddable":true,"href":"https:\/\/floratiara.com\/da\/wp-json\/wp\/v2\/product_tag?post=467"}],"curies":[{"name":"wp","href":"https:\/\/api.w.org\/{rel}","templated":true}]}}