{"id":519,"date":"2024-03-16T09:46:03","date_gmt":"2024-03-16T09:46:03","guid":{"rendered":"https:\/\/floratiara.com\/?post_type=product&#038;p=519"},"modified":"2024-12-12T01:42:06","modified_gmt":"2024-12-12T01:42:06","slug":"romantisk-blomsterpandeband-til-bruden","status":"publish","type":"product","link":"https:\/\/floratiara.com\/da\/p\/romantisk-blomsterpandeband-til-bruden\/","title":{"rendered":"Brudekrone med rosenblomst Bryllupshovedbekl\u00e6dning"},"content":{"rendered":"<p>Pift din s\u00e6rlige dag op med vores Bridal Rose Flower Crown, et mesterv\u00e6rk af blomsterkunst. Fordyb dig i elegancen af frodige lyser\u00f8de og hvide roser, lyser\u00f8d astilbe og luftige hvide sprayblomster blandt gr\u00f8nne planter. Dette omhyggeligt udformede hovedstykke er designet til at fremh\u00e6ve din naturlige udstr\u00e5ling, hvilket g\u00f8r det til det ideelle akkompagnement til b\u00e5de klassiske og moderne brudelooks. Omfavn tidl\u00f8s charme og moderne raffinement med dette fantastiske tilbeh\u00f8r, der er universelt flatterende og kan justeres til den perfekte pasform. L\u00f8ft din bryllupsdragt med denne fortryllende blomsterkrone - din kronjuvel, som du vil v\u00e6rds\u00e6tte for evigt.<\/p><p>Sammens\u00e6tning: lyser\u00f8de roser, hvide roser, lyser\u00f8d astilbe, hvide sprayblomster, gr\u00f8nt l\u00f8v.<\/p>","protected":false},"excerpt":{"rendered":"<div style=\"width: 90%;text-align: left;margin: auto\"><p style=\"text-align:center\"><b>\ud83d\udc51 Fra vores h\u00e6nder til dit hoved<\/b><br \/><i>Luksus blomsterkroner til enhver lejlighed<\/i><\/p><ul><li>\u2702\ufe0f Fremstillet med omhu i hjertet af <b>Danmark<\/b><\/li><li><b>\ud83d\udc90 Sammens\u00e6tning: lyser\u00f8de roser, hvide roser, lyser\u00f8d astilbe, hvide sprayblomster, gr\u00f8nt l\u00f8v.<\/b><\/li><\/ul><\/div>","protected":false},"featured_media":518,"template":"","meta":[],"product_brand":[],"product_cat":[61,73,59],"product_tag":[],"class_list":{"0":"post-519","1":"product","2":"type-product","3":"status-publish","4":"has-post-thumbnail","6":"product_cat-bridesmaid-floral-headpiece","7":"product_cat-pink-floral-headpiece","8":"product_cat-bridal-floral-headpiece","10":"first","11":"instock","12":"shipping-taxable","13":"purchasable","14":"product-type-simple"},"yoast_head":"<!-- This site is optimized with the Yoast SEO plugin v25.9 - https:\/\/yoast.com\/wordpress\/plugins\/seo\/ -->\n<title>Bridal Rose Flower Crown Wedding Headpiece - Flora Tiara<\/title>\n<meta name=\"description\" content=\"Unique and beautiful: Shop our Bridal Rose Flower Crown Wedding Headpiece. Premium high quality headpiece to make the occasion unforgettable.\" \/>\n<meta name=\"robots\" content=\"index, follow, max-snippet:-1, max-image-preview:large, max-video-preview:-1\" \/>\n<link rel=\"canonical\" href=\"https:\/\/floratiara.com\/da\/p\/romantisk-blomsterpandeband-til-bruden\/\" \/>\n<meta property=\"og:locale\" content=\"da_DK\" \/>\n<meta property=\"og:type\" content=\"article\" \/>\n<meta property=\"og:title\" content=\"Bridal Rose Flower Crown Wedding Headpiece - Flora Tiara\" \/>\n<meta property=\"og:description\" content=\"Unique and beautiful: Shop our Bridal Rose Flower Crown Wedding Headpiece. Premium high quality headpiece to make the occasion unforgettable.\" \/>\n<meta property=\"og:url\" content=\"https:\/\/floratiara.com\/da\/p\/romantisk-blomsterpandeband-til-bruden\/\" \/>\n<meta property=\"og:site_name\" content=\"Flora Tiara\" \/>\n<meta property=\"article:modified_time\" content=\"2024-12-12T01:42:06+00:00\" \/>\n<meta property=\"og:image\" content=\"https:\/\/floratiara.com\/wp-content\/uploads\/2024\/03\/S06385caa06f9419bb2cfc3102539bcfbO.webp\" \/>\n\t<meta property=\"og:image:width\" content=\"1500\" \/>\n\t<meta property=\"og:image:height\" content=\"1500\" \/>\n\t<meta property=\"og:image:type\" content=\"image\/webp\" \/>\n<meta name=\"twitter:card\" content=\"summary_large_image\" \/>\n<meta name=\"twitter:label1\" content=\"Estimeret l\u00e6setid\" \/>\n\t<meta name=\"twitter:data1\" content=\"1 minut\" \/>\n<script type=\"application\/ld+json\" class=\"yoast-schema-graph\">{\"@context\":\"https:\/\/schema.org\",\"@graph\":[{\"@type\":\"WebPage\",\"@id\":\"https:\/\/floratiara.com\/p\/romantic-bridal-floral-headband\/\",\"url\":\"https:\/\/floratiara.com\/p\/romantic-bridal-floral-headband\/\",\"name\":\"Bridal Rose Flower Crown Wedding Headpiece - Flora Tiara\",\"isPartOf\":{\"@id\":\"https:\/\/floratiara.com\/#website\"},\"primaryImageOfPage\":{\"@id\":\"https:\/\/floratiara.com\/p\/romantic-bridal-floral-headband\/#primaryimage\"},\"image\":{\"@id\":\"https:\/\/floratiara.com\/p\/romantic-bridal-floral-headband\/#primaryimage\"},\"thumbnailUrl\":\"https:\/\/floratiara.com\/wp-content\/uploads\/2024\/03\/S06385caa06f9419bb2cfc3102539bcfbO.webp\",\"datePublished\":\"2024-03-16T09:46:03+00:00\",\"dateModified\":\"2024-12-12T01:42:06+00:00\",\"description\":\"Unique and beautiful: Shop our Bridal Rose Flower Crown Wedding Headpiece. Premium high quality headpiece to make the occasion unforgettable.\",\"breadcrumb\":{\"@id\":\"https:\/\/floratiara.com\/p\/romantic-bridal-floral-headband\/#breadcrumb\"},\"inLanguage\":\"da-DK\",\"potentialAction\":[{\"@type\":\"ReadAction\",\"target\":[\"https:\/\/floratiara.com\/p\/romantic-bridal-floral-headband\/\"]}]},{\"@type\":\"ImageObject\",\"inLanguage\":\"da-DK\",\"@id\":\"https:\/\/floratiara.com\/p\/romantic-bridal-floral-headband\/#primaryimage\",\"url\":\"https:\/\/floratiara.com\/wp-content\/uploads\/2024\/03\/S06385caa06f9419bb2cfc3102539bcfbO.webp\",\"contentUrl\":\"https:\/\/floratiara.com\/wp-content\/uploads\/2024\/03\/S06385caa06f9419bb2cfc3102539bcfbO.webp\",\"width\":1500,\"height\":1500},{\"@type\":\"BreadcrumbList\",\"@id\":\"https:\/\/floratiara.com\/p\/romantic-bridal-floral-headband\/#breadcrumb\",\"itemListElement\":[{\"@type\":\"ListItem\",\"position\":1,\"name\":\"Home\",\"item\":\"https:\/\/floratiara.com\/\"},{\"@type\":\"ListItem\",\"position\":2,\"name\":\"Shop\",\"item\":\"https:\/\/floratiara.com\/shop\/\"},{\"@type\":\"ListItem\",\"position\":3,\"name\":\"Bridal Rose Flower Crown Wedding Headpiece\"}]},{\"@type\":\"WebSite\",\"@id\":\"https:\/\/floratiara.com\/#website\",\"url\":\"https:\/\/floratiara.com\/\",\"name\":\"Flora Tiara\",\"description\":\"\",\"publisher\":{\"@id\":\"https:\/\/floratiara.com\/#organization\"},\"potentialAction\":[{\"@type\":\"SearchAction\",\"target\":{\"@type\":\"EntryPoint\",\"urlTemplate\":\"https:\/\/floratiara.com\/?s={search_term_string}\"},\"query-input\":{\"@type\":\"PropertyValueSpecification\",\"valueRequired\":true,\"valueName\":\"search_term_string\"}}],\"inLanguage\":\"da-DK\"},{\"@type\":\"Organization\",\"@id\":\"https:\/\/floratiara.com\/#organization\",\"name\":\"Flora Tiara\",\"url\":\"https:\/\/floratiara.com\/\",\"logo\":{\"@type\":\"ImageObject\",\"inLanguage\":\"da-DK\",\"@id\":\"https:\/\/floratiara.com\/#\/schema\/logo\/image\/\",\"url\":\"https:\/\/floratiara.com\/wp-content\/uploads\/2024\/03\/flora-tiara-logo.png\",\"contentUrl\":\"https:\/\/floratiara.com\/wp-content\/uploads\/2024\/03\/flora-tiara-logo.png\",\"width\":1024,\"height\":274,\"caption\":\"Flora Tiara\"},\"image\":{\"@id\":\"https:\/\/floratiara.com\/#\/schema\/logo\/image\/\"}}]}<\/script>\n<!-- \/ Yoast SEO plugin. -->","yoast_head_json":{"title":"Brudekrone af rosenblomst til bryllup - Flora Tiara","description":"Unik og smuk: K\u00f8b vores Bridal Rose Flower Crown Wedding Headpiece. F\u00f8rsteklasses hovedbekl\u00e6dning af h\u00f8j kvalitet, der g\u00f8r begivenheden uforglemmelig.","robots":{"index":"index","follow":"follow","max-snippet":"max-snippet:-1","max-image-preview":"max-image-preview:large","max-video-preview":"max-video-preview:-1"},"canonical":"https:\/\/floratiara.com\/da\/p\/romantisk-blomsterpandeband-til-bruden\/","og_locale":"da_DK","og_type":"article","og_title":"Bridal Rose Flower Crown Wedding Headpiece - Flora Tiara","og_description":"Unique and beautiful: Shop our Bridal Rose Flower Crown Wedding Headpiece. Premium high quality headpiece to make the occasion unforgettable.","og_url":"https:\/\/floratiara.com\/da\/p\/romantisk-blomsterpandeband-til-bruden\/","og_site_name":"Flora Tiara","article_modified_time":"2024-12-12T01:42:06+00:00","og_image":[{"width":1500,"height":1500,"url":"https:\/\/floratiara.com\/wp-content\/uploads\/2024\/03\/S06385caa06f9419bb2cfc3102539bcfbO.webp","type":"image\/webp"}],"twitter_card":"summary_large_image","twitter_misc":{"Estimeret l\u00e6setid":"1 minut"},"schema":{"@context":"https:\/\/schema.org","@graph":[{"@type":"WebPage","@id":"https:\/\/floratiara.com\/p\/romantic-bridal-floral-headband\/","url":"https:\/\/floratiara.com\/p\/romantic-bridal-floral-headband\/","name":"Brudekrone af rosenblomst til bryllup - Flora Tiara","isPartOf":{"@id":"https:\/\/floratiara.com\/#website"},"primaryImageOfPage":{"@id":"https:\/\/floratiara.com\/p\/romantic-bridal-floral-headband\/#primaryimage"},"image":{"@id":"https:\/\/floratiara.com\/p\/romantic-bridal-floral-headband\/#primaryimage"},"thumbnailUrl":"https:\/\/floratiara.com\/wp-content\/uploads\/2024\/03\/S06385caa06f9419bb2cfc3102539bcfbO.webp","datePublished":"2024-03-16T09:46:03+00:00","dateModified":"2024-12-12T01:42:06+00:00","description":"Unik og smuk: K\u00f8b vores Bridal Rose Flower Crown Wedding Headpiece. F\u00f8rsteklasses hovedbekl\u00e6dning af h\u00f8j kvalitet, der g\u00f8r begivenheden uforglemmelig.","breadcrumb":{"@id":"https:\/\/floratiara.com\/p\/romantic-bridal-floral-headband\/#breadcrumb"},"inLanguage":"da-DK","potentialAction":[{"@type":"ReadAction","target":["https:\/\/floratiara.com\/p\/romantic-bridal-floral-headband\/"]}]},{"@type":"ImageObject","inLanguage":"da-DK","@id":"https:\/\/floratiara.com\/p\/romantic-bridal-floral-headband\/#primaryimage","url":"https:\/\/floratiara.com\/wp-content\/uploads\/2024\/03\/S06385caa06f9419bb2cfc3102539bcfbO.webp","contentUrl":"https:\/\/floratiara.com\/wp-content\/uploads\/2024\/03\/S06385caa06f9419bb2cfc3102539bcfbO.webp","width":1500,"height":1500},{"@type":"BreadcrumbList","@id":"https:\/\/floratiara.com\/p\/romantic-bridal-floral-headband\/#breadcrumb","itemListElement":[{"@type":"ListItem","position":1,"name":"Home","item":"https:\/\/floratiara.com\/"},{"@type":"ListItem","position":2,"name":"Shop","item":"https:\/\/floratiara.com\/shop\/"},{"@type":"ListItem","position":3,"name":"Bridal Rose Flower Crown Wedding Headpiece"}]},{"@type":"WebSite","@id":"https:\/\/floratiara.com\/#website","url":"https:\/\/floratiara.com\/","name":"Flora Tiara","description":"","publisher":{"@id":"https:\/\/floratiara.com\/#organization"},"potentialAction":[{"@type":"SearchAction","target":{"@type":"EntryPoint","urlTemplate":"https:\/\/floratiara.com\/?s={search_term_string}"},"query-input":{"@type":"PropertyValueSpecification","valueRequired":true,"valueName":"search_term_string"}}],"inLanguage":"da-DK"},{"@type":"Organization","@id":"https:\/\/floratiara.com\/#organization","name":"Flora Tiara","url":"https:\/\/floratiara.com\/","logo":{"@type":"ImageObject","inLanguage":"da-DK","@id":"https:\/\/floratiara.com\/#\/schema\/logo\/image\/","url":"https:\/\/floratiara.com\/wp-content\/uploads\/2024\/03\/flora-tiara-logo.png","contentUrl":"https:\/\/floratiara.com\/wp-content\/uploads\/2024\/03\/flora-tiara-logo.png","width":1024,"height":274,"caption":"Flora Tiara"},"image":{"@id":"https:\/\/floratiara.com\/#\/schema\/logo\/image\/"}}]}},"_links":{"self":[{"href":"https:\/\/floratiara.com\/da\/wp-json\/wp\/v2\/product\/519","targetHints":{"allow":["GET"]}}],"collection":[{"href":"https:\/\/floratiara.com\/da\/wp-json\/wp\/v2\/product"}],"about":[{"href":"https:\/\/floratiara.com\/da\/wp-json\/wp\/v2\/types\/product"}],"wp:featuredmedia":[{"embeddable":true,"href":"https:\/\/floratiara.com\/da\/wp-json\/wp\/v2\/media\/518"}],"wp:attachment":[{"href":"https:\/\/floratiara.com\/da\/wp-json\/wp\/v2\/media?parent=519"}],"wp:term":[{"taxonomy":"product_brand","embeddable":true,"href":"https:\/\/floratiara.com\/da\/wp-json\/wp\/v2\/product_brand?post=519"},{"taxonomy":"product_cat","embeddable":true,"href":"https:\/\/floratiara.com\/da\/wp-json\/wp\/v2\/product_cat?post=519"},{"taxonomy":"product_tag","embeddable":true,"href":"https:\/\/floratiara.com\/da\/wp-json\/wp\/v2\/product_tag?post=519"}],"curies":[{"name":"wp","href":"https:\/\/api.w.org\/{rel}","templated":true}]}}