{"id":561,"date":"2024-03-16T09:47:03","date_gmt":"2024-03-16T09:47:03","guid":{"rendered":"https:\/\/floratiara.com\/?post_type=product&#038;p=561"},"modified":"2024-12-12T01:41:20","modified_gmt":"2024-12-12T01:41:20","slug":"fortryllende-brudehovedbeklaedning-til-efteraret","status":"publish","type":"product","link":"https:\/\/floratiara.com\/da\/p\/fortryllende-brudehovedbeklaedning-til-efteraret\/","title":{"rendered":"Efter\u00e5rs kejserinde blomsterkrone - elegant bryllupshovedbekl\u00e6dning"},"content":{"rendered":"<p>L\u00f8ft din s\u00e6rlige dag med Autumn Empress Floral Crown, der er indbegrebet af elegance og ynde. H\u00e5ndlavet med en r\u00e6kke bordeaux margueritter, sarte hvide blomster og skinnende gyldent l\u00f8v, indfanger denne majest\u00e6tiske hovedbekl\u00e6dning essensen af efter\u00e5rets sk\u00f8nhed. Det justerbare design lover en perfekt pasform, der sikrer komfort og raffinement til enhver fest. Forvandl dit look til et med kongelig charme med dette alsidige tilbeh\u00f8r, der er ideelt til bryllupper, festivaler eller ethvert \u00f8jeblik, du \u00f8nsker at skinne. Lav et statement med denne fortryllende krone, og b\u00e6r naturens pragt med dig.<\/p><p>Sammens\u00e6tning: bordeauxfarvede tusindfryd, sm\u00e5 hvide blomster, gyldne b\u00e6r, gyldne blade.<\/p>","protected":false},"excerpt":{"rendered":"<div style=\"width: 90%;text-align: left;margin: auto\"><p style=\"text-align:center\"><b>\ud83d\udc51 Fra vores h\u00e6nder til dit hoved<\/b><br \/><i>Luksus blomsterkroner til enhver lejlighed<\/i><\/p><ul><li>\u2702\ufe0f Fremstillet med omhu i hjertet af <b>Danmark<\/b><\/li><li><b>\ud83d\udc90 Sammens\u00e6tning: bordeauxfarvede tusindfryd, sm\u00e5 hvide blomster, gyldne b\u00e6r, gyldne blade.<\/b><\/li><\/ul><\/div>","protected":false},"featured_media":560,"template":"","meta":[],"product_brand":[],"product_cat":[61,76,77,59],"product_tag":[],"class_list":{"0":"post-561","1":"product","2":"type-product","3":"status-publish","4":"has-post-thumbnail","6":"product_cat-bridesmaid-floral-headpiece","7":"product_cat-gold-floral-headpiece","8":"product_cat-red-floral-headpiece","9":"product_cat-bridal-floral-headpiece","11":"first","12":"instock","13":"shipping-taxable","14":"purchasable","15":"product-type-simple"},"yoast_head":"<!-- This site is optimized with the Yoast SEO plugin v25.9 - https:\/\/yoast.com\/wordpress\/plugins\/seo\/ -->\n<title>Autumn Empress Floral Crown - Elegant Wedding Headpiece - Flora Tiara<\/title>\n<meta name=\"description\" content=\"Unique and beautiful: Shop our Autumn Empress Floral Crown - Elegant Wedding Headpiece. Premium high quality headpiece to make the occasion unforgettable.\" \/>\n<meta name=\"robots\" content=\"index, follow, max-snippet:-1, max-image-preview:large, max-video-preview:-1\" \/>\n<link rel=\"canonical\" href=\"https:\/\/floratiara.com\/da\/p\/fortryllende-brudehovedbeklaedning-til-efteraret\/\" \/>\n<meta property=\"og:locale\" content=\"da_DK\" \/>\n<meta property=\"og:type\" content=\"article\" \/>\n<meta property=\"og:title\" content=\"Autumn Empress Floral Crown - Elegant Wedding Headpiece - Flora Tiara\" \/>\n<meta property=\"og:description\" content=\"Unique and beautiful: Shop our Autumn Empress Floral Crown - Elegant Wedding Headpiece. Premium high quality headpiece to make the occasion unforgettable.\" \/>\n<meta property=\"og:url\" content=\"https:\/\/floratiara.com\/da\/p\/fortryllende-brudehovedbeklaedning-til-efteraret\/\" \/>\n<meta property=\"og:site_name\" content=\"Flora Tiara\" \/>\n<meta property=\"article:modified_time\" content=\"2024-12-12T01:41:20+00:00\" \/>\n<meta property=\"og:image\" content=\"https:\/\/floratiara.com\/wp-content\/uploads\/2024\/03\/Ha9bfc9a8435e40c0910177fe66a8cc65b.webp\" \/>\n\t<meta property=\"og:image:width\" content=\"1500\" \/>\n\t<meta property=\"og:image:height\" content=\"1500\" \/>\n\t<meta property=\"og:image:type\" content=\"image\/webp\" \/>\n<meta name=\"twitter:card\" content=\"summary_large_image\" \/>\n<meta name=\"twitter:label1\" content=\"Estimeret l\u00e6setid\" \/>\n\t<meta name=\"twitter:data1\" content=\"1 minut\" \/>\n<script type=\"application\/ld+json\" class=\"yoast-schema-graph\">{\"@context\":\"https:\/\/schema.org\",\"@graph\":[{\"@type\":\"WebPage\",\"@id\":\"https:\/\/floratiara.com\/p\/enchanting-fall-bridal-headwear\/\",\"url\":\"https:\/\/floratiara.com\/p\/enchanting-fall-bridal-headwear\/\",\"name\":\"Autumn Empress Floral Crown - Elegant Wedding Headpiece - Flora Tiara\",\"isPartOf\":{\"@id\":\"https:\/\/floratiara.com\/#website\"},\"primaryImageOfPage\":{\"@id\":\"https:\/\/floratiara.com\/p\/enchanting-fall-bridal-headwear\/#primaryimage\"},\"image\":{\"@id\":\"https:\/\/floratiara.com\/p\/enchanting-fall-bridal-headwear\/#primaryimage\"},\"thumbnailUrl\":\"https:\/\/floratiara.com\/wp-content\/uploads\/2024\/03\/Ha9bfc9a8435e40c0910177fe66a8cc65b.webp\",\"datePublished\":\"2024-03-16T09:47:03+00:00\",\"dateModified\":\"2024-12-12T01:41:20+00:00\",\"description\":\"Unique and beautiful: Shop our Autumn Empress Floral Crown - Elegant Wedding Headpiece. Premium high quality headpiece to make the occasion unforgettable.\",\"breadcrumb\":{\"@id\":\"https:\/\/floratiara.com\/p\/enchanting-fall-bridal-headwear\/#breadcrumb\"},\"inLanguage\":\"da-DK\",\"potentialAction\":[{\"@type\":\"ReadAction\",\"target\":[\"https:\/\/floratiara.com\/p\/enchanting-fall-bridal-headwear\/\"]}]},{\"@type\":\"ImageObject\",\"inLanguage\":\"da-DK\",\"@id\":\"https:\/\/floratiara.com\/p\/enchanting-fall-bridal-headwear\/#primaryimage\",\"url\":\"https:\/\/floratiara.com\/wp-content\/uploads\/2024\/03\/Ha9bfc9a8435e40c0910177fe66a8cc65b.webp\",\"contentUrl\":\"https:\/\/floratiara.com\/wp-content\/uploads\/2024\/03\/Ha9bfc9a8435e40c0910177fe66a8cc65b.webp\",\"width\":1500,\"height\":1500},{\"@type\":\"BreadcrumbList\",\"@id\":\"https:\/\/floratiara.com\/p\/enchanting-fall-bridal-headwear\/#breadcrumb\",\"itemListElement\":[{\"@type\":\"ListItem\",\"position\":1,\"name\":\"Home\",\"item\":\"https:\/\/floratiara.com\/\"},{\"@type\":\"ListItem\",\"position\":2,\"name\":\"Shop\",\"item\":\"https:\/\/floratiara.com\/shop\/\"},{\"@type\":\"ListItem\",\"position\":3,\"name\":\"Autumn Empress Floral Crown &#8211; Elegant Wedding Headpiece\"}]},{\"@type\":\"WebSite\",\"@id\":\"https:\/\/floratiara.com\/#website\",\"url\":\"https:\/\/floratiara.com\/\",\"name\":\"Flora Tiara\",\"description\":\"\",\"publisher\":{\"@id\":\"https:\/\/floratiara.com\/#organization\"},\"potentialAction\":[{\"@type\":\"SearchAction\",\"target\":{\"@type\":\"EntryPoint\",\"urlTemplate\":\"https:\/\/floratiara.com\/?s={search_term_string}\"},\"query-input\":{\"@type\":\"PropertyValueSpecification\",\"valueRequired\":true,\"valueName\":\"search_term_string\"}}],\"inLanguage\":\"da-DK\"},{\"@type\":\"Organization\",\"@id\":\"https:\/\/floratiara.com\/#organization\",\"name\":\"Flora Tiara\",\"url\":\"https:\/\/floratiara.com\/\",\"logo\":{\"@type\":\"ImageObject\",\"inLanguage\":\"da-DK\",\"@id\":\"https:\/\/floratiara.com\/#\/schema\/logo\/image\/\",\"url\":\"https:\/\/floratiara.com\/wp-content\/uploads\/2024\/03\/flora-tiara-logo.png\",\"contentUrl\":\"https:\/\/floratiara.com\/wp-content\/uploads\/2024\/03\/flora-tiara-logo.png\",\"width\":1024,\"height\":274,\"caption\":\"Flora Tiara\"},\"image\":{\"@id\":\"https:\/\/floratiara.com\/#\/schema\/logo\/image\/\"}}]}<\/script>\n<!-- \/ Yoast SEO plugin. -->","yoast_head_json":{"title":"Efter\u00e5rs kejserinde blomsterkrone - elegant hovedbekl\u00e6dning til bryllup - Flora Tiara","description":"Unik og smuk: Shop vores Autumn Empress Floral Crown - Elegant Wedding Headpiece. F\u00f8rsteklasses hovedbekl\u00e6dning af h\u00f8j kvalitet, der g\u00f8r begivenheden uforglemmelig.","robots":{"index":"index","follow":"follow","max-snippet":"max-snippet:-1","max-image-preview":"max-image-preview:large","max-video-preview":"max-video-preview:-1"},"canonical":"https:\/\/floratiara.com\/da\/p\/fortryllende-brudehovedbeklaedning-til-efteraret\/","og_locale":"da_DK","og_type":"article","og_title":"Autumn Empress Floral Crown - Elegant Wedding Headpiece - Flora Tiara","og_description":"Unique and beautiful: Shop our Autumn Empress Floral Crown - Elegant Wedding Headpiece. Premium high quality headpiece to make the occasion unforgettable.","og_url":"https:\/\/floratiara.com\/da\/p\/fortryllende-brudehovedbeklaedning-til-efteraret\/","og_site_name":"Flora Tiara","article_modified_time":"2024-12-12T01:41:20+00:00","og_image":[{"width":1500,"height":1500,"url":"https:\/\/floratiara.com\/wp-content\/uploads\/2024\/03\/Ha9bfc9a8435e40c0910177fe66a8cc65b.webp","type":"image\/webp"}],"twitter_card":"summary_large_image","twitter_misc":{"Estimeret l\u00e6setid":"1 minut"},"schema":{"@context":"https:\/\/schema.org","@graph":[{"@type":"WebPage","@id":"https:\/\/floratiara.com\/p\/enchanting-fall-bridal-headwear\/","url":"https:\/\/floratiara.com\/p\/enchanting-fall-bridal-headwear\/","name":"Efter\u00e5rs kejserinde blomsterkrone - elegant hovedbekl\u00e6dning til bryllup - Flora Tiara","isPartOf":{"@id":"https:\/\/floratiara.com\/#website"},"primaryImageOfPage":{"@id":"https:\/\/floratiara.com\/p\/enchanting-fall-bridal-headwear\/#primaryimage"},"image":{"@id":"https:\/\/floratiara.com\/p\/enchanting-fall-bridal-headwear\/#primaryimage"},"thumbnailUrl":"https:\/\/floratiara.com\/wp-content\/uploads\/2024\/03\/Ha9bfc9a8435e40c0910177fe66a8cc65b.webp","datePublished":"2024-03-16T09:47:03+00:00","dateModified":"2024-12-12T01:41:20+00:00","description":"Unik og smuk: Shop vores Autumn Empress Floral Crown - Elegant Wedding Headpiece. F\u00f8rsteklasses hovedbekl\u00e6dning af h\u00f8j kvalitet, der g\u00f8r begivenheden uforglemmelig.","breadcrumb":{"@id":"https:\/\/floratiara.com\/p\/enchanting-fall-bridal-headwear\/#breadcrumb"},"inLanguage":"da-DK","potentialAction":[{"@type":"ReadAction","target":["https:\/\/floratiara.com\/p\/enchanting-fall-bridal-headwear\/"]}]},{"@type":"ImageObject","inLanguage":"da-DK","@id":"https:\/\/floratiara.com\/p\/enchanting-fall-bridal-headwear\/#primaryimage","url":"https:\/\/floratiara.com\/wp-content\/uploads\/2024\/03\/Ha9bfc9a8435e40c0910177fe66a8cc65b.webp","contentUrl":"https:\/\/floratiara.com\/wp-content\/uploads\/2024\/03\/Ha9bfc9a8435e40c0910177fe66a8cc65b.webp","width":1500,"height":1500},{"@type":"BreadcrumbList","@id":"https:\/\/floratiara.com\/p\/enchanting-fall-bridal-headwear\/#breadcrumb","itemListElement":[{"@type":"ListItem","position":1,"name":"Home","item":"https:\/\/floratiara.com\/"},{"@type":"ListItem","position":2,"name":"Shop","item":"https:\/\/floratiara.com\/shop\/"},{"@type":"ListItem","position":3,"name":"Autumn Empress Floral Crown &#8211; Elegant Wedding Headpiece"}]},{"@type":"WebSite","@id":"https:\/\/floratiara.com\/#website","url":"https:\/\/floratiara.com\/","name":"Flora Tiara","description":"","publisher":{"@id":"https:\/\/floratiara.com\/#organization"},"potentialAction":[{"@type":"SearchAction","target":{"@type":"EntryPoint","urlTemplate":"https:\/\/floratiara.com\/?s={search_term_string}"},"query-input":{"@type":"PropertyValueSpecification","valueRequired":true,"valueName":"search_term_string"}}],"inLanguage":"da-DK"},{"@type":"Organization","@id":"https:\/\/floratiara.com\/#organization","name":"Flora Tiara","url":"https:\/\/floratiara.com\/","logo":{"@type":"ImageObject","inLanguage":"da-DK","@id":"https:\/\/floratiara.com\/#\/schema\/logo\/image\/","url":"https:\/\/floratiara.com\/wp-content\/uploads\/2024\/03\/flora-tiara-logo.png","contentUrl":"https:\/\/floratiara.com\/wp-content\/uploads\/2024\/03\/flora-tiara-logo.png","width":1024,"height":274,"caption":"Flora Tiara"},"image":{"@id":"https:\/\/floratiara.com\/#\/schema\/logo\/image\/"}}]}},"_links":{"self":[{"href":"https:\/\/floratiara.com\/da\/wp-json\/wp\/v2\/product\/561","targetHints":{"allow":["GET"]}}],"collection":[{"href":"https:\/\/floratiara.com\/da\/wp-json\/wp\/v2\/product"}],"about":[{"href":"https:\/\/floratiara.com\/da\/wp-json\/wp\/v2\/types\/product"}],"wp:featuredmedia":[{"embeddable":true,"href":"https:\/\/floratiara.com\/da\/wp-json\/wp\/v2\/media\/560"}],"wp:attachment":[{"href":"https:\/\/floratiara.com\/da\/wp-json\/wp\/v2\/media?parent=561"}],"wp:term":[{"taxonomy":"product_brand","embeddable":true,"href":"https:\/\/floratiara.com\/da\/wp-json\/wp\/v2\/product_brand?post=561"},{"taxonomy":"product_cat","embeddable":true,"href":"https:\/\/floratiara.com\/da\/wp-json\/wp\/v2\/product_cat?post=561"},{"taxonomy":"product_tag","embeddable":true,"href":"https:\/\/floratiara.com\/da\/wp-json\/wp\/v2\/product_tag?post=561"}],"curies":[{"name":"wp","href":"https:\/\/api.w.org\/{rel}","templated":true}]}}