{"id":860,"date":"2024-03-24T02:46:07","date_gmt":"2024-03-24T02:46:07","guid":{"rendered":"https:\/\/floratiara.com\/?page_id=860"},"modified":"2024-06-11T05:05:40","modified_gmt":"2024-06-11T05:05:40","slug":"flora-tiara-erstattungs-und-ruckgabebedingungen","status":"publish","type":"page","link":"https:\/\/floratiara.com\/de\/flora-tiara-erstattungs-und-ruckgabebedingungen\/","title":{"rendered":"Flora Tiara Erstattungs- und R\u00fcckgabebedingungen"},"content":{"rendered":"<h2>Ich m\u00f6chte gerne <strong>return<\/strong> oder <strong>Austausch<\/strong>\u00a0einen Artikel, der nicht zu mir passt.<\/h2>\r\n<strong>Schritt 1:<\/strong> Wenn Sie Folgendes m\u00f6chten <strong>return<\/strong> oder <strong>Austausch<\/strong> Ihren Artikel (um eine andere Gr\u00f6\u00dfe oder Farbe zu erhalten), stellen Sie bitte sicher, dass Sie die folgenden Bedingungen erf\u00fcllen:\r\n<ul>\r\n \t<li>Sie haben 14 Tage nach Erhalt Ihres Pakets Zeit, es an uns zur\u00fcckzusenden.<\/li>\r\n \t<li>Die Artikel m\u00fcssen in ihrem urspr\u00fcnglichen Zustand und ungetragen sein.<\/li>\r\n<\/ul>\r\n<strong>Schritt 2:<\/strong> Kontaktieren Sie uns per E-Mail an contact@floratiara.com oder direkt \u00fcber unseren Kontakt.\r\n\r\nVergewissern Sie sich, dass die folgenden Informationen in Ihrer E-Mail enthalten sind: Ihr\u00a0<strong>Bestellnummer<\/strong>, <strong>Namen der zur\u00fcckgegebenen Artikel<\/strong>sowie <strong>was Sie mit der R\u00fcckgabe erreichen wollen<\/strong> (Erstattung, Gutschein oder Umtausch in eine andere Gr\u00f6\u00dfe\/Farbe).\r\n\r\n<strong>Schritt 3:<\/strong>\u00a0Wir werden Ihnen innerhalb von 48 Stunden antworten und Ihnen die Postadresse mitteilen, an die Sie die Ware zur\u00fccksenden k\u00f6nnen.\r\n\r\nDie R\u00fccksendeadresse wird wahrscheinlich in Australien sein, da wir ein <strong>Australisches Unternehmen<\/strong>.\r\n\r\nSeien Sie informiert, dass\u00a0<strong>Die Kosten f\u00fcr den R\u00fcckversand gehen zu Ihren Lasten.<\/strong>.\r\n\r\n<em>Die Artikel m\u00fcssen in ihrem urspr\u00fcnglichen Zustand zur\u00fcckgegeben werden.<\/em>\r\n\r\n<strong>Schritt 4<\/strong>: Best\u00e4tigen Sie uns per E-Mail, dass Ihr Produkt versandt wurde und teilen Sie uns die\u00a0<strong>die Versandnummer des Pakets<\/strong>.\r\n\r\nSo k\u00f6nnen wir eventuelle Zollgeb\u00fchren bezahlen.\u00a0<strong>Wenn wir diese Informationen nicht haben, k\u00f6nnen wir die Zollgeb\u00fchren nicht bezahlen und Ihr Paket wird automatisch an Sie zur\u00fcckgeschickt.<\/strong>.\r\n\r\n<strong>Schritt 5:<\/strong> Sobald die Ware bei uns eintrifft, wird sie gepr\u00fcft und auf Ihren Wunsch hin verschickt:\r\n<ul>\r\n \t<li>R\u00fcckerstattung Ihrer Artikel: Sie erhalten eine E-Mail zur Best\u00e4tigung der R\u00fcckerstattung Ihrer Bestellung.<\/li>\r\n \t<li>Umtausch Ihrer Artikel: Die Artikel werden von denjenigen umgetauscht, die auf Ihrem R\u00fccksendeformular angegeben sind. Sie erhalten eine E-Mail zur Best\u00e4tigung des Umtauschs sowie eine neue Bestellnummer.<\/li>\r\n<\/ul>\r\nFlora Tiara beh\u00e4lt sich das Recht vor, R\u00fccksendungen abzulehnen, die nach der Verz\u00f6gerung der R\u00fccksendung gesendet oder mitgeteilt wurden, oder Artikel, die nicht in demselben Zustand sind, in dem sie empfangen wurden. Sobald die R\u00fccksendung genehmigt ist, werden Sie durch die zur\u00fcckerstattet werden <strong>dieselbe Zahlungsmethode, mit der der Kauf get\u00e4tigt wurde<\/strong>. Die maximale Erstattungsfrist betr\u00e4gt 10 Tage. Bitte beachten Sie, dass die Verz\u00f6gerung der Erstattung auf Ihrem Bankkonto immer von Ihrer Bank abh\u00e4ngt.","protected":false},"excerpt":{"rendered":"Ich m\u00f6chte einen Artikel, der mir nicht passt, zur\u00fcckgeben oder umtauschen. Schritt 1: Wenn Sie Ihren Artikel zur\u00fcckgeben oder umtauschen m\u00f6chten (um eine andere Gr\u00f6\u00dfe oder Farbe zu erhalten), stellen Sie bitte sicher, dass Sie die folgenden Bedingungen erf\u00fcllen: Sie haben 14 Tage nach Erhalt Ihres Pakets Zeit, es an [...]","protected":false},"author":1,"featured_media":0,"parent":0,"menu_order":0,"comment_status":"closed","ping_status":"closed","template":"page-blank-title-center.php","meta":{"footnotes":""},"class_list":["post-860","page","type-page","status-publish","hentry"],"yoast_head":"<!-- This site is optimized with the Yoast SEO plugin v25.9 - https:\/\/yoast.com\/wordpress\/plugins\/seo\/ -->\n<title>Flora Tiara Refund and Returns Policy - Flora Tiara<\/title>\n<meta name=\"robots\" content=\"noindex, follow\" \/>\n<meta property=\"og:locale\" content=\"de_DE\" \/>\n<meta property=\"og:type\" content=\"article\" \/>\n<meta property=\"og:title\" content=\"Flora Tiara Refund and Returns Policy - Flora Tiara\" \/>\n<meta property=\"og:description\" content=\"I would like to return or exchange\u00a0an item that does not suit me. Step 1: If you would like to return or exchange your item (to get a different size or color), please make sure that you meet the following conditions: You have 14 days following the reception of your package to return it to [...]\" \/>\n<meta property=\"og:url\" content=\"https:\/\/floratiara.com\/de\/flora-tiara-erstattungs-und-ruckgabebedingungen\/\" \/>\n<meta property=\"og:site_name\" content=\"Flora Tiara\" \/>\n<meta property=\"article:modified_time\" content=\"2024-06-11T05:05:40+00:00\" \/>\n<meta property=\"og:image\" content=\"https:\/\/floratiara.com\/wp-content\/uploads\/2024\/03\/flower-crown-banner.jpg\" \/>\n\t<meta property=\"og:image:width\" content=\"1755\" \/>\n\t<meta property=\"og:image:height\" content=\"1024\" \/>\n\t<meta property=\"og:image:type\" content=\"image\/jpeg\" \/>\n<meta name=\"twitter:card\" content=\"summary_large_image\" \/>\n<meta name=\"twitter:label1\" content=\"Gesch\u00e4tzte Lesezeit\" \/>\n\t<meta name=\"twitter:data1\" content=\"2\u00a0Minuten\" \/>\n<script type=\"application\/ld+json\" class=\"yoast-schema-graph\">{\"@context\":\"https:\/\/schema.org\",\"@graph\":[{\"@type\":\"WebPage\",\"@id\":\"https:\/\/floratiara.com\/flora-tiara-refund-and-returns-policy\/\",\"url\":\"https:\/\/floratiara.com\/flora-tiara-refund-and-returns-policy\/\",\"name\":\"Flora Tiara Refund and Returns Policy - Flora Tiara\",\"isPartOf\":{\"@id\":\"https:\/\/floratiara.com\/#website\"},\"datePublished\":\"2024-03-24T02:46:07+00:00\",\"dateModified\":\"2024-06-11T05:05:40+00:00\",\"breadcrumb\":{\"@id\":\"https:\/\/floratiara.com\/flora-tiara-refund-and-returns-policy\/#breadcrumb\"},\"inLanguage\":\"de\",\"potentialAction\":[{\"@type\":\"ReadAction\",\"target\":[\"https:\/\/floratiara.com\/flora-tiara-refund-and-returns-policy\/\"]}]},{\"@type\":\"BreadcrumbList\",\"@id\":\"https:\/\/floratiara.com\/flora-tiara-refund-and-returns-policy\/#breadcrumb\",\"itemListElement\":[{\"@type\":\"ListItem\",\"position\":1,\"name\":\"Home\",\"item\":\"https:\/\/floratiara.com\/\"},{\"@type\":\"ListItem\",\"position\":2,\"name\":\"Flora Tiara Refund and Returns Policy\"}]},{\"@type\":\"WebSite\",\"@id\":\"https:\/\/floratiara.com\/#website\",\"url\":\"https:\/\/floratiara.com\/\",\"name\":\"Flora Tiara\",\"description\":\"\",\"publisher\":{\"@id\":\"https:\/\/floratiara.com\/#organization\"},\"potentialAction\":[{\"@type\":\"SearchAction\",\"target\":{\"@type\":\"EntryPoint\",\"urlTemplate\":\"https:\/\/floratiara.com\/?s={search_term_string}\"},\"query-input\":{\"@type\":\"PropertyValueSpecification\",\"valueRequired\":true,\"valueName\":\"search_term_string\"}}],\"inLanguage\":\"de\"},{\"@type\":\"Organization\",\"@id\":\"https:\/\/floratiara.com\/#organization\",\"name\":\"Flora Tiara\",\"url\":\"https:\/\/floratiara.com\/\",\"logo\":{\"@type\":\"ImageObject\",\"inLanguage\":\"de\",\"@id\":\"https:\/\/floratiara.com\/#\/schema\/logo\/image\/\",\"url\":\"https:\/\/floratiara.com\/wp-content\/uploads\/2024\/03\/flora-tiara-logo.png\",\"contentUrl\":\"https:\/\/floratiara.com\/wp-content\/uploads\/2024\/03\/flora-tiara-logo.png\",\"width\":1024,\"height\":274,\"caption\":\"Flora Tiara\"},\"image\":{\"@id\":\"https:\/\/floratiara.com\/#\/schema\/logo\/image\/\"}}]}<\/script>\n<!-- \/ Yoast SEO plugin. -->","yoast_head_json":{"title":"Flora Tiara Erstattungs- und R\u00fcckgabebedingungen - Flora Tiara","robots":{"index":"noindex","follow":"follow"},"og_locale":"de_DE","og_type":"article","og_title":"Flora Tiara Refund and Returns Policy - Flora Tiara","og_description":"I would like to return or exchange\u00a0an item that does not suit me. Step 1: If you would like to return or exchange your item (to get a different size or color), please make sure that you meet the following conditions: You have 14 days following the reception of your package to return it to [...]","og_url":"https:\/\/floratiara.com\/de\/flora-tiara-erstattungs-und-ruckgabebedingungen\/","og_site_name":"Flora Tiara","article_modified_time":"2024-06-11T05:05:40+00:00","og_image":[{"width":1755,"height":1024,"url":"https:\/\/floratiara.com\/wp-content\/uploads\/2024\/03\/flower-crown-banner.jpg","type":"image\/jpeg"}],"twitter_card":"summary_large_image","twitter_misc":{"Gesch\u00e4tzte Lesezeit":"2\u00a0Minuten"},"schema":{"@context":"https:\/\/schema.org","@graph":[{"@type":"WebPage","@id":"https:\/\/floratiara.com\/flora-tiara-refund-and-returns-policy\/","url":"https:\/\/floratiara.com\/flora-tiara-refund-and-returns-policy\/","name":"Flora Tiara Erstattungs- und R\u00fcckgabebedingungen - Flora Tiara","isPartOf":{"@id":"https:\/\/floratiara.com\/#website"},"datePublished":"2024-03-24T02:46:07+00:00","dateModified":"2024-06-11T05:05:40+00:00","breadcrumb":{"@id":"https:\/\/floratiara.com\/flora-tiara-refund-and-returns-policy\/#breadcrumb"},"inLanguage":"de","potentialAction":[{"@type":"ReadAction","target":["https:\/\/floratiara.com\/flora-tiara-refund-and-returns-policy\/"]}]},{"@type":"BreadcrumbList","@id":"https:\/\/floratiara.com\/flora-tiara-refund-and-returns-policy\/#breadcrumb","itemListElement":[{"@type":"ListItem","position":1,"name":"Home","item":"https:\/\/floratiara.com\/"},{"@type":"ListItem","position":2,"name":"Flora Tiara Refund and Returns Policy"}]},{"@type":"WebSite","@id":"https:\/\/floratiara.com\/#website","url":"https:\/\/floratiara.com\/","name":"Flora Tiara","description":"","publisher":{"@id":"https:\/\/floratiara.com\/#organization"},"potentialAction":[{"@type":"SearchAction","target":{"@type":"EntryPoint","urlTemplate":"https:\/\/floratiara.com\/?s={search_term_string}"},"query-input":{"@type":"PropertyValueSpecification","valueRequired":true,"valueName":"search_term_string"}}],"inLanguage":"de"},{"@type":"Organization","@id":"https:\/\/floratiara.com\/#organization","name":"Flora Tiara","url":"https:\/\/floratiara.com\/","logo":{"@type":"ImageObject","inLanguage":"de","@id":"https:\/\/floratiara.com\/#\/schema\/logo\/image\/","url":"https:\/\/floratiara.com\/wp-content\/uploads\/2024\/03\/flora-tiara-logo.png","contentUrl":"https:\/\/floratiara.com\/wp-content\/uploads\/2024\/03\/flora-tiara-logo.png","width":1024,"height":274,"caption":"Flora Tiara"},"image":{"@id":"https:\/\/floratiara.com\/#\/schema\/logo\/image\/"}}]}},"_links":{"self":[{"href":"https:\/\/floratiara.com\/de\/wp-json\/wp\/v2\/pages\/860","targetHints":{"allow":["GET"]}}],"collection":[{"href":"https:\/\/floratiara.com\/de\/wp-json\/wp\/v2\/pages"}],"about":[{"href":"https:\/\/floratiara.com\/de\/wp-json\/wp\/v2\/types\/page"}],"author":[{"embeddable":true,"href":"https:\/\/floratiara.com\/de\/wp-json\/wp\/v2\/users\/1"}],"replies":[{"embeddable":true,"href":"https:\/\/floratiara.com\/de\/wp-json\/wp\/v2\/comments?post=860"}],"version-history":[{"count":4,"href":"https:\/\/floratiara.com\/de\/wp-json\/wp\/v2\/pages\/860\/revisions"}],"predecessor-version":[{"id":1008,"href":"https:\/\/floratiara.com\/de\/wp-json\/wp\/v2\/pages\/860\/revisions\/1008"}],"wp:attachment":[{"href":"https:\/\/floratiara.com\/de\/wp-json\/wp\/v2\/media?parent=860"}],"curies":[{"name":"wp","href":"https:\/\/api.w.org\/{rel}","templated":true}]}}