{"id":109,"date":"2024-03-16T06:51:04","date_gmt":"2024-03-16T06:51:04","guid":{"rendered":"https:\/\/floratiara.com\/?post_type=product&#038;p=109"},"modified":"2024-12-12T01:49:10","modified_gmt":"2024-12-12T01:49:10","slug":"elegante-hochzeit-kopfbedeckung-mit-blumen-5","status":"publish","type":"product","link":"https:\/\/floratiara.com\/de\/p\/elegante-hochzeit-kopfbedeckung-mit-blumen-5\/","title":{"rendered":"Elegante Brautblumenkrone Pfingstrose Rose Kopfschmuck"},"content":{"rendered":"<p>Verleihen Sie Ihrem besonderen Tag einen Hauch von Romantik und Raffinesse mit unserer luxuri\u00f6sen Blumenkrone f\u00fcr die Braut, die aufwendig gestaltet ist. Erfreuen Sie sich an der \u00fcppigen Mischung aus cremefarbenen und rosafarbenen Rosen, die durch satte, tiefrote Pfingstrosen erg\u00e4nzt werden. Zarte rote und rosafarbene Beeren mit wei\u00dfen F\u00fcllungen unterstreichen die Sch\u00f6nheit der Krone, w\u00e4hrend das Gr\u00fcn einen nat\u00fcrlichen Charme verspr\u00fcht. Das seidige rote Band sorgt f\u00fcr einen perfekten Sitz und verspricht Komfort und Eleganz. Setzen Sie ein unvergessliches Zeichen und ziehen Sie alle Blicke auf sich, wenn Sie mit diesem bezaubernden floralen Meisterwerk den Gang entlang schreiten.<\/p><p>Zusammensetzung: cremefarbene und rosafarbene Rosen, tiefrote Pfingstrosen, rote Beeren, rosafarbene Beerenb\u00fcschel, wei\u00dfe F\u00fcller, Gr\u00fcnzeug und ein rotes Band.<\/p>","protected":false},"excerpt":{"rendered":"<div style=\"width: 90%;text-align: left;margin: auto\"><p style=\"text-align:center\"><b>\ud83d\udc51 Von unseren H\u00e4nden zu deinem Kopf<\/b><br \/><i>Luxuri\u00f6se Blumenkr\u00e4nze f\u00fcr jeden Anlass<\/i><\/p><ul><li>\u2702\ufe0f Mit Sorgfalt hergestellt im Herzen von <b>Deutschland<\/b><\/li><li><b>Zusammensetzung: cremefarbene und rosafarbene Rosen, tiefrote Pfingstrosen, rote Beeren, rosafarbene Beerenb\u00fcschel, wei\u00dfe F\u00fcller, Gr\u00fcnzeug und ein rotes Band.<\/b><\/li><\/ul><\/div>","protected":false},"featured_media":108,"template":"","meta":[],"product_brand":[],"product_cat":[75,61,77,59],"product_tag":[],"class_list":{"0":"post-109","1":"product","2":"type-product","3":"status-publish","4":"has-post-thumbnail","6":"product_cat-black-floral-headpiece","7":"product_cat-bridesmaid-floral-headpiece","8":"product_cat-red-floral-headpiece","9":"product_cat-bridal-floral-headpiece","11":"first","12":"instock","13":"shipping-taxable","14":"purchasable","15":"product-type-simple"},"yoast_head":"<!-- This site is optimized with the Yoast SEO plugin v25.9 - https:\/\/yoast.com\/wordpress\/plugins\/seo\/ -->\n<title>Elegant Bridal Flower Crown Peony Rose Headdress - Flora Tiara<\/title>\n<meta name=\"description\" content=\"Unique and beautiful: Shop our Elegant Bridal Flower Crown Peony Rose Headdress. Premium high quality headpiece to make the occasion unforgettable.\" \/>\n<meta name=\"robots\" content=\"index, follow, max-snippet:-1, max-image-preview:large, max-video-preview:-1\" \/>\n<link rel=\"canonical\" href=\"https:\/\/floratiara.com\/de\/p\/elegante-hochzeit-kopfbedeckung-mit-blumen-5\/\" \/>\n<meta property=\"og:locale\" content=\"de_DE\" \/>\n<meta property=\"og:type\" content=\"article\" \/>\n<meta property=\"og:title\" content=\"Elegant Bridal Flower Crown Peony Rose Headdress - Flora Tiara\" \/>\n<meta property=\"og:description\" content=\"Unique and beautiful: Shop our Elegant Bridal Flower Crown Peony Rose Headdress. Premium high quality headpiece to make the occasion unforgettable.\" \/>\n<meta property=\"og:url\" content=\"https:\/\/floratiara.com\/de\/p\/elegante-hochzeit-kopfbedeckung-mit-blumen-5\/\" \/>\n<meta property=\"og:site_name\" content=\"Flora Tiara\" \/>\n<meta property=\"article:modified_time\" content=\"2024-12-12T01:49:10+00:00\" \/>\n<meta property=\"og:image\" content=\"https:\/\/floratiara.com\/wp-content\/uploads\/2024\/03\/Had76c73ff50f4a1baac5489fc9364dd8C-1.webp\" \/>\n\t<meta property=\"og:image:width\" content=\"1500\" \/>\n\t<meta property=\"og:image:height\" content=\"1500\" \/>\n\t<meta property=\"og:image:type\" content=\"image\/webp\" \/>\n<meta name=\"twitter:card\" content=\"summary_large_image\" \/>\n<meta name=\"twitter:label1\" content=\"Gesch\u00e4tzte Lesezeit\" \/>\n\t<meta name=\"twitter:data1\" content=\"1\u00a0Minute\" \/>\n<script type=\"application\/ld+json\" class=\"yoast-schema-graph\">{\"@context\":\"https:\/\/schema.org\",\"@graph\":[{\"@type\":\"WebPage\",\"@id\":\"https:\/\/floratiara.com\/p\/elegant-wedding-floral-headpiece-5\/\",\"url\":\"https:\/\/floratiara.com\/p\/elegant-wedding-floral-headpiece-5\/\",\"name\":\"Elegant Bridal Flower Crown Peony Rose Headdress - Flora Tiara\",\"isPartOf\":{\"@id\":\"https:\/\/floratiara.com\/#website\"},\"primaryImageOfPage\":{\"@id\":\"https:\/\/floratiara.com\/p\/elegant-wedding-floral-headpiece-5\/#primaryimage\"},\"image\":{\"@id\":\"https:\/\/floratiara.com\/p\/elegant-wedding-floral-headpiece-5\/#primaryimage\"},\"thumbnailUrl\":\"https:\/\/floratiara.com\/wp-content\/uploads\/2024\/03\/Had76c73ff50f4a1baac5489fc9364dd8C-1.webp\",\"datePublished\":\"2024-03-16T06:51:04+00:00\",\"dateModified\":\"2024-12-12T01:49:10+00:00\",\"description\":\"Unique and beautiful: Shop our Elegant Bridal Flower Crown Peony Rose Headdress. Premium high quality headpiece to make the occasion unforgettable.\",\"breadcrumb\":{\"@id\":\"https:\/\/floratiara.com\/p\/elegant-wedding-floral-headpiece-5\/#breadcrumb\"},\"inLanguage\":\"de\",\"potentialAction\":[{\"@type\":\"ReadAction\",\"target\":[\"https:\/\/floratiara.com\/p\/elegant-wedding-floral-headpiece-5\/\"]}]},{\"@type\":\"ImageObject\",\"inLanguage\":\"de\",\"@id\":\"https:\/\/floratiara.com\/p\/elegant-wedding-floral-headpiece-5\/#primaryimage\",\"url\":\"https:\/\/floratiara.com\/wp-content\/uploads\/2024\/03\/Had76c73ff50f4a1baac5489fc9364dd8C-1.webp\",\"contentUrl\":\"https:\/\/floratiara.com\/wp-content\/uploads\/2024\/03\/Had76c73ff50f4a1baac5489fc9364dd8C-1.webp\",\"width\":1500,\"height\":1500},{\"@type\":\"BreadcrumbList\",\"@id\":\"https:\/\/floratiara.com\/p\/elegant-wedding-floral-headpiece-5\/#breadcrumb\",\"itemListElement\":[{\"@type\":\"ListItem\",\"position\":1,\"name\":\"Home\",\"item\":\"https:\/\/floratiara.com\/\"},{\"@type\":\"ListItem\",\"position\":2,\"name\":\"Shop\",\"item\":\"https:\/\/floratiara.com\/shop\/\"},{\"@type\":\"ListItem\",\"position\":3,\"name\":\"Elegant Bridal Flower Crown Peony Rose Headdress\"}]},{\"@type\":\"WebSite\",\"@id\":\"https:\/\/floratiara.com\/#website\",\"url\":\"https:\/\/floratiara.com\/\",\"name\":\"Flora Tiara\",\"description\":\"\",\"publisher\":{\"@id\":\"https:\/\/floratiara.com\/#organization\"},\"potentialAction\":[{\"@type\":\"SearchAction\",\"target\":{\"@type\":\"EntryPoint\",\"urlTemplate\":\"https:\/\/floratiara.com\/?s={search_term_string}\"},\"query-input\":{\"@type\":\"PropertyValueSpecification\",\"valueRequired\":true,\"valueName\":\"search_term_string\"}}],\"inLanguage\":\"de\"},{\"@type\":\"Organization\",\"@id\":\"https:\/\/floratiara.com\/#organization\",\"name\":\"Flora Tiara\",\"url\":\"https:\/\/floratiara.com\/\",\"logo\":{\"@type\":\"ImageObject\",\"inLanguage\":\"de\",\"@id\":\"https:\/\/floratiara.com\/#\/schema\/logo\/image\/\",\"url\":\"https:\/\/floratiara.com\/wp-content\/uploads\/2024\/03\/flora-tiara-logo.png\",\"contentUrl\":\"https:\/\/floratiara.com\/wp-content\/uploads\/2024\/03\/flora-tiara-logo.png\",\"width\":1024,\"height\":274,\"caption\":\"Flora Tiara\"},\"image\":{\"@id\":\"https:\/\/floratiara.com\/#\/schema\/logo\/image\/\"}}]}<\/script>\n<!-- \/ Yoast SEO plugin. -->","yoast_head_json":{"title":"Elegante Braut Blume Krone Pfingstrose Rose Kopfschmuck - Flora Tiara","description":"Einzigartig und sch\u00f6n: Kaufen Sie unseren eleganten Brautblumenkranz Pfingstrose Rose Kopfschmuck. Premium-Kopfschmuck von hoher Qualit\u00e4t, um den Anlass unvergesslich zu machen.","robots":{"index":"index","follow":"follow","max-snippet":"max-snippet:-1","max-image-preview":"max-image-preview:large","max-video-preview":"max-video-preview:-1"},"canonical":"https:\/\/floratiara.com\/de\/p\/elegante-hochzeit-kopfbedeckung-mit-blumen-5\/","og_locale":"de_DE","og_type":"article","og_title":"Elegant Bridal Flower Crown Peony Rose Headdress - Flora Tiara","og_description":"Unique and beautiful: Shop our Elegant Bridal Flower Crown Peony Rose Headdress. Premium high quality headpiece to make the occasion unforgettable.","og_url":"https:\/\/floratiara.com\/de\/p\/elegante-hochzeit-kopfbedeckung-mit-blumen-5\/","og_site_name":"Flora Tiara","article_modified_time":"2024-12-12T01:49:10+00:00","og_image":[{"width":1500,"height":1500,"url":"https:\/\/floratiara.com\/wp-content\/uploads\/2024\/03\/Had76c73ff50f4a1baac5489fc9364dd8C-1.webp","type":"image\/webp"}],"twitter_card":"summary_large_image","twitter_misc":{"Gesch\u00e4tzte Lesezeit":"1\u00a0Minute"},"schema":{"@context":"https:\/\/schema.org","@graph":[{"@type":"WebPage","@id":"https:\/\/floratiara.com\/p\/elegant-wedding-floral-headpiece-5\/","url":"https:\/\/floratiara.com\/p\/elegant-wedding-floral-headpiece-5\/","name":"Elegante Braut Blume Krone Pfingstrose Rose Kopfschmuck - Flora Tiara","isPartOf":{"@id":"https:\/\/floratiara.com\/#website"},"primaryImageOfPage":{"@id":"https:\/\/floratiara.com\/p\/elegant-wedding-floral-headpiece-5\/#primaryimage"},"image":{"@id":"https:\/\/floratiara.com\/p\/elegant-wedding-floral-headpiece-5\/#primaryimage"},"thumbnailUrl":"https:\/\/floratiara.com\/wp-content\/uploads\/2024\/03\/Had76c73ff50f4a1baac5489fc9364dd8C-1.webp","datePublished":"2024-03-16T06:51:04+00:00","dateModified":"2024-12-12T01:49:10+00:00","description":"Einzigartig und sch\u00f6n: Kaufen Sie unseren eleganten Brautblumenkranz Pfingstrose Rose Kopfschmuck. Premium-Kopfschmuck von hoher Qualit\u00e4t, um den Anlass unvergesslich zu machen.","breadcrumb":{"@id":"https:\/\/floratiara.com\/p\/elegant-wedding-floral-headpiece-5\/#breadcrumb"},"inLanguage":"de","potentialAction":[{"@type":"ReadAction","target":["https:\/\/floratiara.com\/p\/elegant-wedding-floral-headpiece-5\/"]}]},{"@type":"ImageObject","inLanguage":"de","@id":"https:\/\/floratiara.com\/p\/elegant-wedding-floral-headpiece-5\/#primaryimage","url":"https:\/\/floratiara.com\/wp-content\/uploads\/2024\/03\/Had76c73ff50f4a1baac5489fc9364dd8C-1.webp","contentUrl":"https:\/\/floratiara.com\/wp-content\/uploads\/2024\/03\/Had76c73ff50f4a1baac5489fc9364dd8C-1.webp","width":1500,"height":1500},{"@type":"BreadcrumbList","@id":"https:\/\/floratiara.com\/p\/elegant-wedding-floral-headpiece-5\/#breadcrumb","itemListElement":[{"@type":"ListItem","position":1,"name":"Home","item":"https:\/\/floratiara.com\/"},{"@type":"ListItem","position":2,"name":"Shop","item":"https:\/\/floratiara.com\/shop\/"},{"@type":"ListItem","position":3,"name":"Elegant Bridal Flower Crown Peony Rose Headdress"}]},{"@type":"WebSite","@id":"https:\/\/floratiara.com\/#website","url":"https:\/\/floratiara.com\/","name":"Flora Tiara","description":"","publisher":{"@id":"https:\/\/floratiara.com\/#organization"},"potentialAction":[{"@type":"SearchAction","target":{"@type":"EntryPoint","urlTemplate":"https:\/\/floratiara.com\/?s={search_term_string}"},"query-input":{"@type":"PropertyValueSpecification","valueRequired":true,"valueName":"search_term_string"}}],"inLanguage":"de"},{"@type":"Organization","@id":"https:\/\/floratiara.com\/#organization","name":"Flora Tiara","url":"https:\/\/floratiara.com\/","logo":{"@type":"ImageObject","inLanguage":"de","@id":"https:\/\/floratiara.com\/#\/schema\/logo\/image\/","url":"https:\/\/floratiara.com\/wp-content\/uploads\/2024\/03\/flora-tiara-logo.png","contentUrl":"https:\/\/floratiara.com\/wp-content\/uploads\/2024\/03\/flora-tiara-logo.png","width":1024,"height":274,"caption":"Flora Tiara"},"image":{"@id":"https:\/\/floratiara.com\/#\/schema\/logo\/image\/"}}]}},"_links":{"self":[{"href":"https:\/\/floratiara.com\/de\/wp-json\/wp\/v2\/product\/109","targetHints":{"allow":["GET"]}}],"collection":[{"href":"https:\/\/floratiara.com\/de\/wp-json\/wp\/v2\/product"}],"about":[{"href":"https:\/\/floratiara.com\/de\/wp-json\/wp\/v2\/types\/product"}],"wp:featuredmedia":[{"embeddable":true,"href":"https:\/\/floratiara.com\/de\/wp-json\/wp\/v2\/media\/108"}],"wp:attachment":[{"href":"https:\/\/floratiara.com\/de\/wp-json\/wp\/v2\/media?parent=109"}],"wp:term":[{"taxonomy":"product_brand","embeddable":true,"href":"https:\/\/floratiara.com\/de\/wp-json\/wp\/v2\/product_brand?post=109"},{"taxonomy":"product_cat","embeddable":true,"href":"https:\/\/floratiara.com\/de\/wp-json\/wp\/v2\/product_cat?post=109"},{"taxonomy":"product_tag","embeddable":true,"href":"https:\/\/floratiara.com\/de\/wp-json\/wp\/v2\/product_tag?post=109"}],"curies":[{"name":"wp","href":"https:\/\/api.w.org\/{rel}","templated":true}]}}