{"id":254,"date":"2024-03-16T09:39:23","date_gmt":"2024-03-16T09:39:23","guid":{"rendered":"https:\/\/floratiara.com\/?post_type=product&#038;p=254"},"modified":"2024-12-12T01:46:43","modified_gmt":"2024-12-12T01:46:43","slug":"blumenstirnband-fur-die-braut-seraphina-kranz","status":"publish","type":"product","link":"https:\/\/floratiara.com\/de\/p\/blumenstirnband-fur-die-braut-seraphina-kranz\/","title":{"rendered":"\u00c4therische Brautbl\u00fctenkrone Seraphina"},"content":{"rendered":"<p>Entdecken Sie die bezaubernde Seraphina, eine Blumenkrone f\u00fcr die Braut, die m\u00fchelos die Essenz der Fr\u00fchlingsromantik einf\u00e4ngt. Schm\u00fccken Sie Ihr Haar mit einer Bl\u00fcte aus hellrosa Pfingstrosen, vertr\u00e4umten lavendelfarbenen Rosen und wei\u00dfem Schleierkraut, die durch einen Hauch von blassrosa Hyazinthe wunderbar erg\u00e4nzt werden. Winzige gr\u00fcne Bl\u00e4tter sorgen f\u00fcr einen Hauch von nat\u00fcrlichem Charme, perfekt f\u00fcr die Braut, die sich ein skurriles und doch elegantes Accessoire w\u00fcnscht. Machen Sie Ihren besonderen Tag unvergesslich mit diesem zeitlosen Kopfschmuck, der mit seinen zarten Farbt\u00f6nen und seinem filigranen Design jeden Moment versch\u00f6nern wird. Lassen Sie die Seraphina-Krone zum Symbol Ihrer Liebesgeschichte werden.<\/p><p>Zusammensetzung: hellrosa Pfingstrosen, lavendelfarbene Rosen, wei\u00dfes Schleierkraut, blassrosa Hyazinthenb\u00fcschel, kleine gr\u00fcne Bl\u00e4tter und Knospen.<\/p>","protected":false},"excerpt":{"rendered":"<div style=\"width: 90%;text-align: left;margin: auto\"><p style=\"text-align:center\"><b>\ud83d\udc51 Von unseren H\u00e4nden zu deinem Kopf<\/b><br \/><i>Luxuri\u00f6se Blumenkr\u00e4nze f\u00fcr jeden Anlass<\/i><\/p><ul><li>\u2702\ufe0f Mit Sorgfalt hergestellt im Herzen von <b>Deutschland<\/b><\/li><li><b>\ud83d\udc90 Zusammensetzung: hellrosa Pfingstrosen, lavendelfarbene Rosen, wei\u00dfes Schleierkraut, blassrosa Hyazinthenb\u00fcschel, kleine gr\u00fcne Bl\u00e4tter und Knospen.<\/b><\/li><\/ul><\/div>","protected":false},"featured_media":253,"template":"","meta":[],"product_brand":[],"product_cat":[61,78,60,73,59,71],"product_tag":[],"class_list":{"0":"post-254","1":"product","2":"type-product","3":"status-publish","4":"has-post-thumbnail","6":"product_cat-bridesmaid-floral-headpiece","7":"product_cat-dried-floral-headpiece","8":"product_cat-floral-headpiece-flower-girl","9":"product_cat-pink-floral-headpiece","10":"product_cat-bridal-floral-headpiece","11":"product_cat-white-floral-headpiece","13":"first","14":"instock","15":"shipping-taxable","16":"purchasable","17":"product-type-simple"},"yoast_head":"<!-- This site is optimized with the Yoast SEO plugin v25.9 - https:\/\/yoast.com\/wordpress\/plugins\/seo\/ -->\n<title>Ethereal Bridal Flower Crown Seraphina - Flora Tiara<\/title>\n<meta name=\"description\" content=\"Unique and beautiful: Shop our Ethereal Bridal Flower Crown Seraphina. Premium high quality headpiece to make the occasion unforgettable.\" \/>\n<meta name=\"robots\" content=\"index, follow, max-snippet:-1, max-image-preview:large, max-video-preview:-1\" \/>\n<link rel=\"canonical\" href=\"https:\/\/floratiara.com\/de\/p\/blumenstirnband-fur-die-braut-seraphina-kranz\/\" \/>\n<meta property=\"og:locale\" content=\"de_DE\" \/>\n<meta property=\"og:type\" content=\"article\" \/>\n<meta property=\"og:title\" content=\"Ethereal Bridal Flower Crown Seraphina - Flora Tiara\" \/>\n<meta property=\"og:description\" content=\"Unique and beautiful: Shop our Ethereal Bridal Flower Crown Seraphina. Premium high quality headpiece to make the occasion unforgettable.\" \/>\n<meta property=\"og:url\" content=\"https:\/\/floratiara.com\/de\/p\/blumenstirnband-fur-die-braut-seraphina-kranz\/\" \/>\n<meta property=\"og:site_name\" content=\"Flora Tiara\" \/>\n<meta property=\"article:modified_time\" content=\"2024-12-12T01:46:43+00:00\" \/>\n<meta property=\"og:image\" content=\"https:\/\/floratiara.com\/wp-content\/uploads\/2024\/03\/Sa3223a46cb484947a874a93d1d407b64U.webp\" \/>\n\t<meta property=\"og:image:width\" content=\"1500\" \/>\n\t<meta property=\"og:image:height\" content=\"1500\" \/>\n\t<meta property=\"og:image:type\" content=\"image\/webp\" \/>\n<meta name=\"twitter:card\" content=\"summary_large_image\" \/>\n<meta name=\"twitter:label1\" content=\"Gesch\u00e4tzte Lesezeit\" \/>\n\t<meta name=\"twitter:data1\" content=\"3\u00a0Minuten\" \/>\n<script type=\"application\/ld+json\" class=\"yoast-schema-graph\">{\"@context\":\"https:\/\/schema.org\",\"@graph\":[{\"@type\":\"WebPage\",\"@id\":\"https:\/\/floratiara.com\/p\/bridal-floral-headband-seraphina-wreath\/\",\"url\":\"https:\/\/floratiara.com\/p\/bridal-floral-headband-seraphina-wreath\/\",\"name\":\"Ethereal Bridal Flower Crown Seraphina - Flora Tiara\",\"isPartOf\":{\"@id\":\"https:\/\/floratiara.com\/#website\"},\"primaryImageOfPage\":{\"@id\":\"https:\/\/floratiara.com\/p\/bridal-floral-headband-seraphina-wreath\/#primaryimage\"},\"image\":{\"@id\":\"https:\/\/floratiara.com\/p\/bridal-floral-headband-seraphina-wreath\/#primaryimage\"},\"thumbnailUrl\":\"https:\/\/floratiara.com\/wp-content\/uploads\/2024\/03\/Sa3223a46cb484947a874a93d1d407b64U.webp\",\"datePublished\":\"2024-03-16T09:39:23+00:00\",\"dateModified\":\"2024-12-12T01:46:43+00:00\",\"description\":\"Unique and beautiful: Shop our Ethereal Bridal Flower Crown Seraphina. Premium high quality headpiece to make the occasion unforgettable.\",\"breadcrumb\":{\"@id\":\"https:\/\/floratiara.com\/p\/bridal-floral-headband-seraphina-wreath\/#breadcrumb\"},\"inLanguage\":\"de\",\"potentialAction\":[{\"@type\":\"ReadAction\",\"target\":[\"https:\/\/floratiara.com\/p\/bridal-floral-headband-seraphina-wreath\/\"]}]},{\"@type\":\"ImageObject\",\"inLanguage\":\"de\",\"@id\":\"https:\/\/floratiara.com\/p\/bridal-floral-headband-seraphina-wreath\/#primaryimage\",\"url\":\"https:\/\/floratiara.com\/wp-content\/uploads\/2024\/03\/Sa3223a46cb484947a874a93d1d407b64U.webp\",\"contentUrl\":\"https:\/\/floratiara.com\/wp-content\/uploads\/2024\/03\/Sa3223a46cb484947a874a93d1d407b64U.webp\",\"width\":1500,\"height\":1500},{\"@type\":\"BreadcrumbList\",\"@id\":\"https:\/\/floratiara.com\/p\/bridal-floral-headband-seraphina-wreath\/#breadcrumb\",\"itemListElement\":[{\"@type\":\"ListItem\",\"position\":1,\"name\":\"Home\",\"item\":\"https:\/\/floratiara.com\/\"},{\"@type\":\"ListItem\",\"position\":2,\"name\":\"Shop\",\"item\":\"https:\/\/floratiara.com\/shop\/\"},{\"@type\":\"ListItem\",\"position\":3,\"name\":\"Ethereal Bridal Flower Crown Seraphina\"}]},{\"@type\":\"WebSite\",\"@id\":\"https:\/\/floratiara.com\/#website\",\"url\":\"https:\/\/floratiara.com\/\",\"name\":\"Flora Tiara\",\"description\":\"\",\"publisher\":{\"@id\":\"https:\/\/floratiara.com\/#organization\"},\"potentialAction\":[{\"@type\":\"SearchAction\",\"target\":{\"@type\":\"EntryPoint\",\"urlTemplate\":\"https:\/\/floratiara.com\/?s={search_term_string}\"},\"query-input\":{\"@type\":\"PropertyValueSpecification\",\"valueRequired\":true,\"valueName\":\"search_term_string\"}}],\"inLanguage\":\"de\"},{\"@type\":\"Organization\",\"@id\":\"https:\/\/floratiara.com\/#organization\",\"name\":\"Flora Tiara\",\"url\":\"https:\/\/floratiara.com\/\",\"logo\":{\"@type\":\"ImageObject\",\"inLanguage\":\"de\",\"@id\":\"https:\/\/floratiara.com\/#\/schema\/logo\/image\/\",\"url\":\"https:\/\/floratiara.com\/wp-content\/uploads\/2024\/03\/flora-tiara-logo.png\",\"contentUrl\":\"https:\/\/floratiara.com\/wp-content\/uploads\/2024\/03\/flora-tiara-logo.png\",\"width\":1024,\"height\":274,\"caption\":\"Flora Tiara\"},\"image\":{\"@id\":\"https:\/\/floratiara.com\/#\/schema\/logo\/image\/\"}}]}<\/script>\n<!-- \/ Yoast SEO plugin. -->","yoast_head_json":{"title":"\u00c4therische Brautbl\u00fctenkrone Seraphina - Flora Tiara","description":"Einzigartig und wundersch\u00f6n: Kaufen Sie unsere \u00e4therische Brautblumenkrone Seraphina. Premium-Qualit\u00e4t Kopfbedeckung, um den Anlass unvergesslich zu machen.","robots":{"index":"index","follow":"follow","max-snippet":"max-snippet:-1","max-image-preview":"max-image-preview:large","max-video-preview":"max-video-preview:-1"},"canonical":"https:\/\/floratiara.com\/de\/p\/blumenstirnband-fur-die-braut-seraphina-kranz\/","og_locale":"de_DE","og_type":"article","og_title":"Ethereal Bridal Flower Crown Seraphina - Flora Tiara","og_description":"Unique and beautiful: Shop our Ethereal Bridal Flower Crown Seraphina. Premium high quality headpiece to make the occasion unforgettable.","og_url":"https:\/\/floratiara.com\/de\/p\/blumenstirnband-fur-die-braut-seraphina-kranz\/","og_site_name":"Flora Tiara","article_modified_time":"2024-12-12T01:46:43+00:00","og_image":[{"width":1500,"height":1500,"url":"https:\/\/floratiara.com\/wp-content\/uploads\/2024\/03\/Sa3223a46cb484947a874a93d1d407b64U.webp","type":"image\/webp"}],"twitter_card":"summary_large_image","twitter_misc":{"Gesch\u00e4tzte Lesezeit":"3\u00a0Minuten"},"schema":{"@context":"https:\/\/schema.org","@graph":[{"@type":"WebPage","@id":"https:\/\/floratiara.com\/p\/bridal-floral-headband-seraphina-wreath\/","url":"https:\/\/floratiara.com\/p\/bridal-floral-headband-seraphina-wreath\/","name":"\u00c4therische Brautbl\u00fctenkrone Seraphina - Flora Tiara","isPartOf":{"@id":"https:\/\/floratiara.com\/#website"},"primaryImageOfPage":{"@id":"https:\/\/floratiara.com\/p\/bridal-floral-headband-seraphina-wreath\/#primaryimage"},"image":{"@id":"https:\/\/floratiara.com\/p\/bridal-floral-headband-seraphina-wreath\/#primaryimage"},"thumbnailUrl":"https:\/\/floratiara.com\/wp-content\/uploads\/2024\/03\/Sa3223a46cb484947a874a93d1d407b64U.webp","datePublished":"2024-03-16T09:39:23+00:00","dateModified":"2024-12-12T01:46:43+00:00","description":"Einzigartig und wundersch\u00f6n: Kaufen Sie unsere \u00e4therische Brautblumenkrone Seraphina. Premium-Qualit\u00e4t Kopfbedeckung, um den Anlass unvergesslich zu machen.","breadcrumb":{"@id":"https:\/\/floratiara.com\/p\/bridal-floral-headband-seraphina-wreath\/#breadcrumb"},"inLanguage":"de","potentialAction":[{"@type":"ReadAction","target":["https:\/\/floratiara.com\/p\/bridal-floral-headband-seraphina-wreath\/"]}]},{"@type":"ImageObject","inLanguage":"de","@id":"https:\/\/floratiara.com\/p\/bridal-floral-headband-seraphina-wreath\/#primaryimage","url":"https:\/\/floratiara.com\/wp-content\/uploads\/2024\/03\/Sa3223a46cb484947a874a93d1d407b64U.webp","contentUrl":"https:\/\/floratiara.com\/wp-content\/uploads\/2024\/03\/Sa3223a46cb484947a874a93d1d407b64U.webp","width":1500,"height":1500},{"@type":"BreadcrumbList","@id":"https:\/\/floratiara.com\/p\/bridal-floral-headband-seraphina-wreath\/#breadcrumb","itemListElement":[{"@type":"ListItem","position":1,"name":"Home","item":"https:\/\/floratiara.com\/"},{"@type":"ListItem","position":2,"name":"Shop","item":"https:\/\/floratiara.com\/shop\/"},{"@type":"ListItem","position":3,"name":"Ethereal Bridal Flower Crown Seraphina"}]},{"@type":"WebSite","@id":"https:\/\/floratiara.com\/#website","url":"https:\/\/floratiara.com\/","name":"Flora Tiara","description":"","publisher":{"@id":"https:\/\/floratiara.com\/#organization"},"potentialAction":[{"@type":"SearchAction","target":{"@type":"EntryPoint","urlTemplate":"https:\/\/floratiara.com\/?s={search_term_string}"},"query-input":{"@type":"PropertyValueSpecification","valueRequired":true,"valueName":"search_term_string"}}],"inLanguage":"de"},{"@type":"Organization","@id":"https:\/\/floratiara.com\/#organization","name":"Flora Tiara","url":"https:\/\/floratiara.com\/","logo":{"@type":"ImageObject","inLanguage":"de","@id":"https:\/\/floratiara.com\/#\/schema\/logo\/image\/","url":"https:\/\/floratiara.com\/wp-content\/uploads\/2024\/03\/flora-tiara-logo.png","contentUrl":"https:\/\/floratiara.com\/wp-content\/uploads\/2024\/03\/flora-tiara-logo.png","width":1024,"height":274,"caption":"Flora Tiara"},"image":{"@id":"https:\/\/floratiara.com\/#\/schema\/logo\/image\/"}}]}},"_links":{"self":[{"href":"https:\/\/floratiara.com\/de\/wp-json\/wp\/v2\/product\/254","targetHints":{"allow":["GET"]}}],"collection":[{"href":"https:\/\/floratiara.com\/de\/wp-json\/wp\/v2\/product"}],"about":[{"href":"https:\/\/floratiara.com\/de\/wp-json\/wp\/v2\/types\/product"}],"wp:featuredmedia":[{"embeddable":true,"href":"https:\/\/floratiara.com\/de\/wp-json\/wp\/v2\/media\/253"}],"wp:attachment":[{"href":"https:\/\/floratiara.com\/de\/wp-json\/wp\/v2\/media?parent=254"}],"wp:term":[{"taxonomy":"product_brand","embeddable":true,"href":"https:\/\/floratiara.com\/de\/wp-json\/wp\/v2\/product_brand?post=254"},{"taxonomy":"product_cat","embeddable":true,"href":"https:\/\/floratiara.com\/de\/wp-json\/wp\/v2\/product_cat?post=254"},{"taxonomy":"product_tag","embeddable":true,"href":"https:\/\/floratiara.com\/de\/wp-json\/wp\/v2\/product_tag?post=254"}],"curies":[{"name":"wp","href":"https:\/\/api.w.org\/{rel}","templated":true}]}}