{"id":266,"date":"2024-03-16T09:39:44","date_gmt":"2024-03-16T09:39:44","guid":{"rendered":"https:\/\/floratiara.com\/?post_type=product&#038;p=266"},"modified":"2024-12-12T01:46:28","modified_gmt":"2024-12-12T01:46:28","slug":"blumenstirnband-fur-die-braut-hochzeit","status":"publish","type":"product","link":"https:\/\/floratiara.com\/de\/p\/blumenstirnband-fur-die-braut-hochzeit\/","title":{"rendered":"Enchanted Blooms Blumenkrone f\u00fcr Br\u00e4ute"},"content":{"rendered":"<p>Entdecken Sie die Pracht der Natur mit unserer Enchanted Blooms Flower Crown, einem Meisterwerk f\u00fcr die Braut. Jeder handgefertigte Kranz besteht aus romantischen rosafarbenen Dahlien, zierlichen wei\u00dfen und rosafarbenen Freesien und zeitlosen wei\u00dfen G\u00e4nsebl\u00fcmchen, die mit einem Hauch von Lachsrosa harmonieren. Goldfarbene Beerenverzierungen f\u00fcgen dem \u00fcppigen Gr\u00fcn eine edle Verzierung hinzu. Dieser exquisite Kopfschmuck ist ideal, um Hochzeitsfrisuren aufzuwerten, denn er verk\u00f6rpert Reinheit und Feierlichkeit. G\u00f6nnen Sie sich Eleganz und Charme f\u00fcr einen wirklich unvergesslichen, m\u00e4rchenhaften Hochzeitstag mit diesem St\u00fcck handwerklichen Luxus. Ihre Suche nach dem perfekten Schliff f\u00fcr Ihr Brautensemble endet mit dieser bezaubernden Blumenkrone.<\/p><p>Zusammensetzung: rosafarbene Dahlien, wei\u00dfe und rosafarbene Freesien, wei\u00dfe G\u00e4nsebl\u00fcmchen, kleine lachsfarbene Blumen (ohne Nahaufnahme nicht identifizierbar), gr\u00fcnes Laub, dekorative goldfarbene Beerenakzente.<\/p>","protected":false},"excerpt":{"rendered":"<div style=\"width: 90%;text-align: left;margin: auto\"><p style=\"text-align:center\"><b>\ud83d\udc51 Von unseren H\u00e4nden zu deinem Kopf<\/b><br \/><i>Luxuri\u00f6se Blumenkr\u00e4nze f\u00fcr jeden Anlass<\/i><\/p><ul><li>\u2702\ufe0f Mit Sorgfalt hergestellt im Herzen von <b>Deutschland<\/b><\/li><li><b>Zusammensetzung: rosafarbene Dahlien, wei\u00dfe und rosafarbene Freesien, wei\u00dfe G\u00e4nsebl\u00fcmchen, kleine lachsrosa Bl\u00fcten (ohne Nahaufnahme nicht identifizierbar), gr\u00fcnes Laub, dekorative goldfarbene Beerenakzente.<\/b><\/li><\/ul><\/div>","protected":false},"featured_media":265,"template":"","meta":[],"product_brand":[],"product_cat":[61,69,73,79,59],"product_tag":[],"class_list":{"0":"post-266","1":"product","2":"type-product","3":"status-publish","4":"has-post-thumbnail","6":"product_cat-bridesmaid-floral-headpiece","7":"product_cat-daisy-floral-headpiece","8":"product_cat-pink-floral-headpiece","9":"product_cat-real-floral-headpiece","10":"product_cat-bridal-floral-headpiece","12":"first","13":"instock","14":"shipping-taxable","15":"purchasable","16":"product-type-simple"},"yoast_head":"<!-- This site is optimized with the Yoast SEO plugin v25.9 - https:\/\/yoast.com\/wordpress\/plugins\/seo\/ -->\n<title>Enchanted Blooms Flower Crown for Brides - Flora Tiara<\/title>\n<meta name=\"description\" content=\"Unique and beautiful: Shop our Enchanted Blooms Flower Crown for Brides. Premium high quality headpiece to make the occasion unforgettable.\" \/>\n<meta name=\"robots\" content=\"index, follow, max-snippet:-1, max-image-preview:large, max-video-preview:-1\" \/>\n<link rel=\"canonical\" href=\"https:\/\/floratiara.com\/de\/p\/blumenstirnband-fur-die-braut-hochzeit\/\" \/>\n<meta property=\"og:locale\" content=\"de_DE\" \/>\n<meta property=\"og:type\" content=\"article\" \/>\n<meta property=\"og:title\" content=\"Enchanted Blooms Flower Crown for Brides - Flora Tiara\" \/>\n<meta property=\"og:description\" content=\"Unique and beautiful: Shop our Enchanted Blooms Flower Crown for Brides. Premium high quality headpiece to make the occasion unforgettable.\" \/>\n<meta property=\"og:url\" content=\"https:\/\/floratiara.com\/de\/p\/blumenstirnband-fur-die-braut-hochzeit\/\" \/>\n<meta property=\"og:site_name\" content=\"Flora Tiara\" \/>\n<meta property=\"article:modified_time\" content=\"2024-12-12T01:46:28+00:00\" \/>\n<meta property=\"og:image\" content=\"https:\/\/floratiara.com\/wp-content\/uploads\/2024\/03\/S74641836d3c245179db7238f99244d623.webp\" \/>\n\t<meta property=\"og:image:width\" content=\"1500\" \/>\n\t<meta property=\"og:image:height\" content=\"1500\" \/>\n\t<meta property=\"og:image:type\" content=\"image\/webp\" \/>\n<meta name=\"twitter:card\" content=\"summary_large_image\" \/>\n<meta name=\"twitter:label1\" content=\"Gesch\u00e4tzte Lesezeit\" \/>\n\t<meta name=\"twitter:data1\" content=\"6\u00a0Minuten\" \/>\n<script type=\"application\/ld+json\" class=\"yoast-schema-graph\">{\"@context\":\"https:\/\/schema.org\",\"@graph\":[{\"@type\":\"WebPage\",\"@id\":\"https:\/\/floratiara.com\/p\/bridal-floral-headband-wedding\/\",\"url\":\"https:\/\/floratiara.com\/p\/bridal-floral-headband-wedding\/\",\"name\":\"Enchanted Blooms Flower Crown for Brides - Flora Tiara\",\"isPartOf\":{\"@id\":\"https:\/\/floratiara.com\/#website\"},\"primaryImageOfPage\":{\"@id\":\"https:\/\/floratiara.com\/p\/bridal-floral-headband-wedding\/#primaryimage\"},\"image\":{\"@id\":\"https:\/\/floratiara.com\/p\/bridal-floral-headband-wedding\/#primaryimage\"},\"thumbnailUrl\":\"https:\/\/floratiara.com\/wp-content\/uploads\/2024\/03\/S74641836d3c245179db7238f99244d623.webp\",\"datePublished\":\"2024-03-16T09:39:44+00:00\",\"dateModified\":\"2024-12-12T01:46:28+00:00\",\"description\":\"Unique and beautiful: Shop our Enchanted Blooms Flower Crown for Brides. Premium high quality headpiece to make the occasion unforgettable.\",\"breadcrumb\":{\"@id\":\"https:\/\/floratiara.com\/p\/bridal-floral-headband-wedding\/#breadcrumb\"},\"inLanguage\":\"de\",\"potentialAction\":[{\"@type\":\"ReadAction\",\"target\":[\"https:\/\/floratiara.com\/p\/bridal-floral-headband-wedding\/\"]}]},{\"@type\":\"ImageObject\",\"inLanguage\":\"de\",\"@id\":\"https:\/\/floratiara.com\/p\/bridal-floral-headband-wedding\/#primaryimage\",\"url\":\"https:\/\/floratiara.com\/wp-content\/uploads\/2024\/03\/S74641836d3c245179db7238f99244d623.webp\",\"contentUrl\":\"https:\/\/floratiara.com\/wp-content\/uploads\/2024\/03\/S74641836d3c245179db7238f99244d623.webp\",\"width\":1500,\"height\":1500},{\"@type\":\"BreadcrumbList\",\"@id\":\"https:\/\/floratiara.com\/p\/bridal-floral-headband-wedding\/#breadcrumb\",\"itemListElement\":[{\"@type\":\"ListItem\",\"position\":1,\"name\":\"Home\",\"item\":\"https:\/\/floratiara.com\/\"},{\"@type\":\"ListItem\",\"position\":2,\"name\":\"Shop\",\"item\":\"https:\/\/floratiara.com\/shop\/\"},{\"@type\":\"ListItem\",\"position\":3,\"name\":\"Enchanted Blooms Flower Crown for Brides\"}]},{\"@type\":\"WebSite\",\"@id\":\"https:\/\/floratiara.com\/#website\",\"url\":\"https:\/\/floratiara.com\/\",\"name\":\"Flora Tiara\",\"description\":\"\",\"publisher\":{\"@id\":\"https:\/\/floratiara.com\/#organization\"},\"potentialAction\":[{\"@type\":\"SearchAction\",\"target\":{\"@type\":\"EntryPoint\",\"urlTemplate\":\"https:\/\/floratiara.com\/?s={search_term_string}\"},\"query-input\":{\"@type\":\"PropertyValueSpecification\",\"valueRequired\":true,\"valueName\":\"search_term_string\"}}],\"inLanguage\":\"de\"},{\"@type\":\"Organization\",\"@id\":\"https:\/\/floratiara.com\/#organization\",\"name\":\"Flora Tiara\",\"url\":\"https:\/\/floratiara.com\/\",\"logo\":{\"@type\":\"ImageObject\",\"inLanguage\":\"de\",\"@id\":\"https:\/\/floratiara.com\/#\/schema\/logo\/image\/\",\"url\":\"https:\/\/floratiara.com\/wp-content\/uploads\/2024\/03\/flora-tiara-logo.png\",\"contentUrl\":\"https:\/\/floratiara.com\/wp-content\/uploads\/2024\/03\/flora-tiara-logo.png\",\"width\":1024,\"height\":274,\"caption\":\"Flora Tiara\"},\"image\":{\"@id\":\"https:\/\/floratiara.com\/#\/schema\/logo\/image\/\"}}]}<\/script>\n<!-- \/ Yoast SEO plugin. -->","yoast_head_json":{"title":"Enchanted Blooms Blumenkrone f\u00fcr Br\u00e4ute - Flora Tiara","description":"Einzigartig und sch\u00f6n: Kaufen Sie unsere Enchanted Blooms Blumenkrone f\u00fcr Br\u00e4ute. Premium-Kopfschmuck von hoher Qualit\u00e4t, um den Anlass unvergesslich zu machen.","robots":{"index":"index","follow":"follow","max-snippet":"max-snippet:-1","max-image-preview":"max-image-preview:large","max-video-preview":"max-video-preview:-1"},"canonical":"https:\/\/floratiara.com\/de\/p\/blumenstirnband-fur-die-braut-hochzeit\/","og_locale":"de_DE","og_type":"article","og_title":"Enchanted Blooms Flower Crown for Brides - Flora Tiara","og_description":"Unique and beautiful: Shop our Enchanted Blooms Flower Crown for Brides. Premium high quality headpiece to make the occasion unforgettable.","og_url":"https:\/\/floratiara.com\/de\/p\/blumenstirnband-fur-die-braut-hochzeit\/","og_site_name":"Flora Tiara","article_modified_time":"2024-12-12T01:46:28+00:00","og_image":[{"width":1500,"height":1500,"url":"https:\/\/floratiara.com\/wp-content\/uploads\/2024\/03\/S74641836d3c245179db7238f99244d623.webp","type":"image\/webp"}],"twitter_card":"summary_large_image","twitter_misc":{"Gesch\u00e4tzte Lesezeit":"6\u00a0Minuten"},"schema":{"@context":"https:\/\/schema.org","@graph":[{"@type":"WebPage","@id":"https:\/\/floratiara.com\/p\/bridal-floral-headband-wedding\/","url":"https:\/\/floratiara.com\/p\/bridal-floral-headband-wedding\/","name":"Enchanted Blooms Blumenkrone f\u00fcr Br\u00e4ute - Flora Tiara","isPartOf":{"@id":"https:\/\/floratiara.com\/#website"},"primaryImageOfPage":{"@id":"https:\/\/floratiara.com\/p\/bridal-floral-headband-wedding\/#primaryimage"},"image":{"@id":"https:\/\/floratiara.com\/p\/bridal-floral-headband-wedding\/#primaryimage"},"thumbnailUrl":"https:\/\/floratiara.com\/wp-content\/uploads\/2024\/03\/S74641836d3c245179db7238f99244d623.webp","datePublished":"2024-03-16T09:39:44+00:00","dateModified":"2024-12-12T01:46:28+00:00","description":"Einzigartig und sch\u00f6n: Kaufen Sie unsere Enchanted Blooms Blumenkrone f\u00fcr Br\u00e4ute. Premium-Kopfschmuck von hoher Qualit\u00e4t, um den Anlass unvergesslich zu machen.","breadcrumb":{"@id":"https:\/\/floratiara.com\/p\/bridal-floral-headband-wedding\/#breadcrumb"},"inLanguage":"de","potentialAction":[{"@type":"ReadAction","target":["https:\/\/floratiara.com\/p\/bridal-floral-headband-wedding\/"]}]},{"@type":"ImageObject","inLanguage":"de","@id":"https:\/\/floratiara.com\/p\/bridal-floral-headband-wedding\/#primaryimage","url":"https:\/\/floratiara.com\/wp-content\/uploads\/2024\/03\/S74641836d3c245179db7238f99244d623.webp","contentUrl":"https:\/\/floratiara.com\/wp-content\/uploads\/2024\/03\/S74641836d3c245179db7238f99244d623.webp","width":1500,"height":1500},{"@type":"BreadcrumbList","@id":"https:\/\/floratiara.com\/p\/bridal-floral-headband-wedding\/#breadcrumb","itemListElement":[{"@type":"ListItem","position":1,"name":"Home","item":"https:\/\/floratiara.com\/"},{"@type":"ListItem","position":2,"name":"Shop","item":"https:\/\/floratiara.com\/shop\/"},{"@type":"ListItem","position":3,"name":"Enchanted Blooms Flower Crown for Brides"}]},{"@type":"WebSite","@id":"https:\/\/floratiara.com\/#website","url":"https:\/\/floratiara.com\/","name":"Flora Tiara","description":"","publisher":{"@id":"https:\/\/floratiara.com\/#organization"},"potentialAction":[{"@type":"SearchAction","target":{"@type":"EntryPoint","urlTemplate":"https:\/\/floratiara.com\/?s={search_term_string}"},"query-input":{"@type":"PropertyValueSpecification","valueRequired":true,"valueName":"search_term_string"}}],"inLanguage":"de"},{"@type":"Organization","@id":"https:\/\/floratiara.com\/#organization","name":"Flora Tiara","url":"https:\/\/floratiara.com\/","logo":{"@type":"ImageObject","inLanguage":"de","@id":"https:\/\/floratiara.com\/#\/schema\/logo\/image\/","url":"https:\/\/floratiara.com\/wp-content\/uploads\/2024\/03\/flora-tiara-logo.png","contentUrl":"https:\/\/floratiara.com\/wp-content\/uploads\/2024\/03\/flora-tiara-logo.png","width":1024,"height":274,"caption":"Flora Tiara"},"image":{"@id":"https:\/\/floratiara.com\/#\/schema\/logo\/image\/"}}]}},"_links":{"self":[{"href":"https:\/\/floratiara.com\/de\/wp-json\/wp\/v2\/product\/266","targetHints":{"allow":["GET"]}}],"collection":[{"href":"https:\/\/floratiara.com\/de\/wp-json\/wp\/v2\/product"}],"about":[{"href":"https:\/\/floratiara.com\/de\/wp-json\/wp\/v2\/types\/product"}],"wp:featuredmedia":[{"embeddable":true,"href":"https:\/\/floratiara.com\/de\/wp-json\/wp\/v2\/media\/265"}],"wp:attachment":[{"href":"https:\/\/floratiara.com\/de\/wp-json\/wp\/v2\/media?parent=266"}],"wp:term":[{"taxonomy":"product_brand","embeddable":true,"href":"https:\/\/floratiara.com\/de\/wp-json\/wp\/v2\/product_brand?post=266"},{"taxonomy":"product_cat","embeddable":true,"href":"https:\/\/floratiara.com\/de\/wp-json\/wp\/v2\/product_cat?post=266"},{"taxonomy":"product_tag","embeddable":true,"href":"https:\/\/floratiara.com\/de\/wp-json\/wp\/v2\/product_tag?post=266"}],"curies":[{"name":"wp","href":"https:\/\/api.w.org\/{rel}","templated":true}]}}