{"id":650,"date":"2024-03-16T10:30:27","date_gmt":"2024-03-16T10:30:27","guid":{"rendered":"https:\/\/floratiara.com\/?post_type=product&#038;p=650"},"modified":"2025-07-22T03:50:46","modified_gmt":"2025-07-22T03:50:46","slug":"elegantes-florales-haar-accessoire","status":"publish","type":"product","link":"https:\/\/floratiara.com\/de\/p\/elegantes-florales-haar-accessoire\/","title":{"rendered":"Fr\u00fchlingsserenade Blumenkrone Stirnband"},"content":{"rendered":"<p>Erh\u00f6hen Sie Ihren Stil mit unserer Spring Serenade Flower Crown, dem ultimativen Kopfschmuck f\u00fcr jeden besonderen Anlass. Schm\u00fccken Sie sich mit \u00fcppig gr\u00fcnen Pfingstrosen, zartrosa Kirschbl\u00fcten und einer bunten Mischung aus Freesien, Hyazinthen und Jasmin. Diese handgefertigte Krone bietet einen bequemen Sitz und ist vielseitig tragbar. Setzen Sie einen raffinierten Akzent und verleihen Sie Ihrem Look mit diesem bezaubernden floralen Accessoire einen Hauch von Fr\u00fchlingssch\u00f6nheit. Es ist Zeit, mit Eleganz zu gl\u00e4nzen - sichern Sie sich noch heute Ihre Spring Serenade Flower Crown und werden Sie zum Mittelpunkt jeder Veranstaltung!<\/p><p>Zusammensetzung: gr\u00fcne Pfingstrosen, rosa Kirschbl\u00fcten, orange und gelbe Freesien, rosa Hyazinthen, wei\u00dfe Jasminbl\u00fcten.<\/p>","protected":false},"excerpt":{"rendered":"<div style=\"width: 90%;text-align: left;margin: auto\"><p style=\"text-align:center\"><b>\ud83d\udc51 Von unseren H\u00e4nden zu deinem Kopf<\/b><br \/><i>Luxuri\u00f6se Blumenkr\u00e4nze f\u00fcr jeden Anlass<\/i><\/p><ul><li>\u2702\ufe0f Mit Sorgfalt hergestellt im Herzen von <b>Deutschland<\/b><\/li><li><b>\ud83d\udc90 Zusammensetzung: gr\u00fcne Pfingstrosen, rosa Kirschbl\u00fcten, orange und gelbe Freesien, rosa Hyazinthen, wei\u00dfe Jasminbl\u00fcten.<\/b><\/li><\/ul><\/div>","protected":false},"featured_media":649,"template":"","meta":[],"product_brand":[],"product_cat":[68],"product_tag":[],"class_list":{"0":"post-650","1":"product","2":"type-product","3":"status-publish","4":"has-post-thumbnail","6":"product_cat-floral-headpiece-headband","8":"first","9":"instock","10":"shipping-taxable","11":"purchasable","12":"product-type-simple"},"yoast_head":"<!-- This site is optimized with the Yoast SEO plugin v25.9 - https:\/\/yoast.com\/wordpress\/plugins\/seo\/ -->\n<title>Spring Serenade Flower Crown Headband - Flora Tiara<\/title>\n<meta name=\"description\" content=\"Unique and beautiful: Shop our Spring Serenade Flower Crown Headband. Premium high quality headpiece to make the occasion unforgettable.\" \/>\n<meta name=\"robots\" content=\"index, follow, max-snippet:-1, max-image-preview:large, max-video-preview:-1\" \/>\n<link rel=\"canonical\" href=\"https:\/\/floratiara.com\/de\/p\/elegantes-florales-haar-accessoire\/\" \/>\n<meta property=\"og:locale\" content=\"de_DE\" \/>\n<meta property=\"og:type\" content=\"article\" \/>\n<meta property=\"og:title\" content=\"Spring Serenade Flower Crown Headband - Flora Tiara\" \/>\n<meta property=\"og:description\" content=\"Unique and beautiful: Shop our Spring Serenade Flower Crown Headband. Premium high quality headpiece to make the occasion unforgettable.\" \/>\n<meta property=\"og:url\" content=\"https:\/\/floratiara.com\/de\/p\/elegantes-florales-haar-accessoire\/\" \/>\n<meta property=\"og:site_name\" content=\"Flora Tiara\" \/>\n<meta property=\"article:modified_time\" content=\"2025-07-22T03:50:46+00:00\" \/>\n<meta property=\"og:image\" content=\"https:\/\/floratiara.com\/wp-content\/uploads\/2024\/03\/S5d2e408a1d6d4908a01934ab23f830627.webp\" \/>\n\t<meta property=\"og:image:width\" content=\"900\" \/>\n\t<meta property=\"og:image:height\" content=\"900\" \/>\n\t<meta property=\"og:image:type\" content=\"image\/webp\" \/>\n<meta name=\"twitter:card\" content=\"summary_large_image\" \/>\n<meta name=\"twitter:label1\" content=\"Gesch\u00e4tzte Lesezeit\" \/>\n\t<meta name=\"twitter:data1\" content=\"1\u00a0Minute\" \/>\n<script type=\"application\/ld+json\" class=\"yoast-schema-graph\">{\"@context\":\"https:\/\/schema.org\",\"@graph\":[{\"@type\":\"WebPage\",\"@id\":\"https:\/\/floratiara.com\/p\/elegant-floral-hair-accessory\/\",\"url\":\"https:\/\/floratiara.com\/p\/elegant-floral-hair-accessory\/\",\"name\":\"Spring Serenade Flower Crown Headband - Flora Tiara\",\"isPartOf\":{\"@id\":\"https:\/\/floratiara.com\/#website\"},\"primaryImageOfPage\":{\"@id\":\"https:\/\/floratiara.com\/p\/elegant-floral-hair-accessory\/#primaryimage\"},\"image\":{\"@id\":\"https:\/\/floratiara.com\/p\/elegant-floral-hair-accessory\/#primaryimage\"},\"thumbnailUrl\":\"https:\/\/floratiara.com\/wp-content\/uploads\/2024\/03\/S5d2e408a1d6d4908a01934ab23f830627.webp\",\"datePublished\":\"2024-03-16T10:30:27+00:00\",\"dateModified\":\"2025-07-22T03:50:46+00:00\",\"description\":\"Unique and beautiful: Shop our Spring Serenade Flower Crown Headband. Premium high quality headpiece to make the occasion unforgettable.\",\"breadcrumb\":{\"@id\":\"https:\/\/floratiara.com\/p\/elegant-floral-hair-accessory\/#breadcrumb\"},\"inLanguage\":\"de\",\"potentialAction\":[{\"@type\":\"ReadAction\",\"target\":[\"https:\/\/floratiara.com\/p\/elegant-floral-hair-accessory\/\"]}]},{\"@type\":\"ImageObject\",\"inLanguage\":\"de\",\"@id\":\"https:\/\/floratiara.com\/p\/elegant-floral-hair-accessory\/#primaryimage\",\"url\":\"https:\/\/floratiara.com\/wp-content\/uploads\/2024\/03\/S5d2e408a1d6d4908a01934ab23f830627.webp\",\"contentUrl\":\"https:\/\/floratiara.com\/wp-content\/uploads\/2024\/03\/S5d2e408a1d6d4908a01934ab23f830627.webp\",\"width\":900,\"height\":900},{\"@type\":\"BreadcrumbList\",\"@id\":\"https:\/\/floratiara.com\/p\/elegant-floral-hair-accessory\/#breadcrumb\",\"itemListElement\":[{\"@type\":\"ListItem\",\"position\":1,\"name\":\"Home\",\"item\":\"https:\/\/floratiara.com\/\"},{\"@type\":\"ListItem\",\"position\":2,\"name\":\"Shop\",\"item\":\"https:\/\/floratiara.com\/shop\/\"},{\"@type\":\"ListItem\",\"position\":3,\"name\":\"Spring Serenade Flower Crown Headband\"}]},{\"@type\":\"WebSite\",\"@id\":\"https:\/\/floratiara.com\/#website\",\"url\":\"https:\/\/floratiara.com\/\",\"name\":\"Flora Tiara\",\"description\":\"\",\"publisher\":{\"@id\":\"https:\/\/floratiara.com\/#organization\"},\"potentialAction\":[{\"@type\":\"SearchAction\",\"target\":{\"@type\":\"EntryPoint\",\"urlTemplate\":\"https:\/\/floratiara.com\/?s={search_term_string}\"},\"query-input\":{\"@type\":\"PropertyValueSpecification\",\"valueRequired\":true,\"valueName\":\"search_term_string\"}}],\"inLanguage\":\"de\"},{\"@type\":\"Organization\",\"@id\":\"https:\/\/floratiara.com\/#organization\",\"name\":\"Flora Tiara\",\"url\":\"https:\/\/floratiara.com\/\",\"logo\":{\"@type\":\"ImageObject\",\"inLanguage\":\"de\",\"@id\":\"https:\/\/floratiara.com\/#\/schema\/logo\/image\/\",\"url\":\"https:\/\/floratiara.com\/wp-content\/uploads\/2024\/03\/flora-tiara-logo.png\",\"contentUrl\":\"https:\/\/floratiara.com\/wp-content\/uploads\/2024\/03\/flora-tiara-logo.png\",\"width\":1024,\"height\":274,\"caption\":\"Flora Tiara\"},\"image\":{\"@id\":\"https:\/\/floratiara.com\/#\/schema\/logo\/image\/\"}}]}<\/script>\n<!-- \/ Yoast SEO plugin. -->","yoast_head_json":{"title":"Fr\u00fchling Serenade Blume Krone Stirnband - Flora Tiara","description":"Einzigartig und sch\u00f6n: Kaufen Sie unser Spring Serenade Flower Crown Headband. Premium-Qualit\u00e4t Kopfbedeckung, um den Anlass unvergesslich zu machen.","robots":{"index":"index","follow":"follow","max-snippet":"max-snippet:-1","max-image-preview":"max-image-preview:large","max-video-preview":"max-video-preview:-1"},"canonical":"https:\/\/floratiara.com\/de\/p\/elegantes-florales-haar-accessoire\/","og_locale":"de_DE","og_type":"article","og_title":"Spring Serenade Flower Crown Headband - Flora Tiara","og_description":"Unique and beautiful: Shop our Spring Serenade Flower Crown Headband. Premium high quality headpiece to make the occasion unforgettable.","og_url":"https:\/\/floratiara.com\/de\/p\/elegantes-florales-haar-accessoire\/","og_site_name":"Flora Tiara","article_modified_time":"2025-07-22T03:50:46+00:00","og_image":[{"width":900,"height":900,"url":"https:\/\/floratiara.com\/wp-content\/uploads\/2024\/03\/S5d2e408a1d6d4908a01934ab23f830627.webp","type":"image\/webp"}],"twitter_card":"summary_large_image","twitter_misc":{"Gesch\u00e4tzte Lesezeit":"1\u00a0Minute"},"schema":{"@context":"https:\/\/schema.org","@graph":[{"@type":"WebPage","@id":"https:\/\/floratiara.com\/p\/elegant-floral-hair-accessory\/","url":"https:\/\/floratiara.com\/p\/elegant-floral-hair-accessory\/","name":"Fr\u00fchling Serenade Blume Krone Stirnband - Flora Tiara","isPartOf":{"@id":"https:\/\/floratiara.com\/#website"},"primaryImageOfPage":{"@id":"https:\/\/floratiara.com\/p\/elegant-floral-hair-accessory\/#primaryimage"},"image":{"@id":"https:\/\/floratiara.com\/p\/elegant-floral-hair-accessory\/#primaryimage"},"thumbnailUrl":"https:\/\/floratiara.com\/wp-content\/uploads\/2024\/03\/S5d2e408a1d6d4908a01934ab23f830627.webp","datePublished":"2024-03-16T10:30:27+00:00","dateModified":"2025-07-22T03:50:46+00:00","description":"Einzigartig und sch\u00f6n: Kaufen Sie unser Spring Serenade Flower Crown Headband. Premium-Qualit\u00e4t Kopfbedeckung, um den Anlass unvergesslich zu machen.","breadcrumb":{"@id":"https:\/\/floratiara.com\/p\/elegant-floral-hair-accessory\/#breadcrumb"},"inLanguage":"de","potentialAction":[{"@type":"ReadAction","target":["https:\/\/floratiara.com\/p\/elegant-floral-hair-accessory\/"]}]},{"@type":"ImageObject","inLanguage":"de","@id":"https:\/\/floratiara.com\/p\/elegant-floral-hair-accessory\/#primaryimage","url":"https:\/\/floratiara.com\/wp-content\/uploads\/2024\/03\/S5d2e408a1d6d4908a01934ab23f830627.webp","contentUrl":"https:\/\/floratiara.com\/wp-content\/uploads\/2024\/03\/S5d2e408a1d6d4908a01934ab23f830627.webp","width":900,"height":900},{"@type":"BreadcrumbList","@id":"https:\/\/floratiara.com\/p\/elegant-floral-hair-accessory\/#breadcrumb","itemListElement":[{"@type":"ListItem","position":1,"name":"Home","item":"https:\/\/floratiara.com\/"},{"@type":"ListItem","position":2,"name":"Shop","item":"https:\/\/floratiara.com\/shop\/"},{"@type":"ListItem","position":3,"name":"Spring Serenade Flower Crown Headband"}]},{"@type":"WebSite","@id":"https:\/\/floratiara.com\/#website","url":"https:\/\/floratiara.com\/","name":"Flora Tiara","description":"","publisher":{"@id":"https:\/\/floratiara.com\/#organization"},"potentialAction":[{"@type":"SearchAction","target":{"@type":"EntryPoint","urlTemplate":"https:\/\/floratiara.com\/?s={search_term_string}"},"query-input":{"@type":"PropertyValueSpecification","valueRequired":true,"valueName":"search_term_string"}}],"inLanguage":"de"},{"@type":"Organization","@id":"https:\/\/floratiara.com\/#organization","name":"Flora Tiara","url":"https:\/\/floratiara.com\/","logo":{"@type":"ImageObject","inLanguage":"de","@id":"https:\/\/floratiara.com\/#\/schema\/logo\/image\/","url":"https:\/\/floratiara.com\/wp-content\/uploads\/2024\/03\/flora-tiara-logo.png","contentUrl":"https:\/\/floratiara.com\/wp-content\/uploads\/2024\/03\/flora-tiara-logo.png","width":1024,"height":274,"caption":"Flora Tiara"},"image":{"@id":"https:\/\/floratiara.com\/#\/schema\/logo\/image\/"}}]}},"_links":{"self":[{"href":"https:\/\/floratiara.com\/de\/wp-json\/wp\/v2\/product\/650","targetHints":{"allow":["GET"]}}],"collection":[{"href":"https:\/\/floratiara.com\/de\/wp-json\/wp\/v2\/product"}],"about":[{"href":"https:\/\/floratiara.com\/de\/wp-json\/wp\/v2\/types\/product"}],"wp:featuredmedia":[{"embeddable":true,"href":"https:\/\/floratiara.com\/de\/wp-json\/wp\/v2\/media\/649"}],"wp:attachment":[{"href":"https:\/\/floratiara.com\/de\/wp-json\/wp\/v2\/media?parent=650"}],"wp:term":[{"taxonomy":"product_brand","embeddable":true,"href":"https:\/\/floratiara.com\/de\/wp-json\/wp\/v2\/product_brand?post=650"},{"taxonomy":"product_cat","embeddable":true,"href":"https:\/\/floratiara.com\/de\/wp-json\/wp\/v2\/product_cat?post=650"},{"taxonomy":"product_tag","embeddable":true,"href":"https:\/\/floratiara.com\/de\/wp-json\/wp\/v2\/product_tag?post=650"}],"curies":[{"name":"wp","href":"https:\/\/api.w.org\/{rel}","templated":true}]}}