{"id":341,"date":"2024-03-16T09:41:23","date_gmt":"2024-03-16T09:41:23","guid":{"rendered":"https:\/\/floratiara.com\/?post_type=product&#038;p=341"},"modified":"2025-03-04T04:42:35","modified_gmt":"2025-03-04T04:42:35","slug":"guirnalda-floral-de-novia","status":"publish","type":"product","link":"https:\/\/floratiara.com\/es\/p\/guirnalda-floral-de-novia\/","title":{"rendered":"Tocado Corona de Flores Jard\u00edn Encantado"},"content":{"rendered":"<p>Entra en un reino de elegancia con nuestra Corona de Flores Jard\u00edn Encantado, un s\u00edmbolo de gracia para cualquier novia o asistente a una fiesta. Esta diadema hecha a mano cuenta con una impresionante variedad de rosas de color rosa y marfil, complementadas por el tono puro de las rosas blancas y el suave rubor del astilbe rosa claro. Exuberantes bayas de viburnum verde y lisianthus blanco pr\u00edstino se entrelazan para crear un efecto m\u00e1gico, mientras que juguetonas espirales de color verde claro a\u00f1aden un toque de fantas\u00eda. Perfecta para realzar un conjunto para una ocasi\u00f3n especial, esta corona de flores transforma cualquier look en una cautivadora visi\u00f3n de la belleza.<\/p><p>Composici\u00f3n: rosas rosa y marfil, rosas blancas, astilbe rosa claro, viburnum verde, lisianthus blanco, espirales decorativas verde claro.<\/p>","protected":false},"excerpt":{"rendered":"<div style=\"width: 90%;text-align: left;margin: auto\"><p style=\"text-align:center\"><b>\ud83d\udc51 De nuestras manos a tu cabeza<\/b><br \/><i>Coronas de flores de lujo para cada ocasi\u00f3n<\/i><\/p><ul><li>\u2702\ufe0f Elaborado con esmero en el coraz\u00f3n de <b>Espa\u00f1a<\/b><\/li><li><b>\ud83d\udc90 Composici\u00f3n: rosas rosa y marfil, rosas spray blancas, astilbe rosa claro, bayas viburnum verdes, lisianthus blancos, espirales decorativas verde claro.<\/b><\/li><\/ul><\/div>","protected":false},"featured_media":340,"template":"","meta":[],"product_brand":[],"product_cat":[61,78,60,73,59],"product_tag":[],"class_list":{"0":"post-341","1":"product","2":"type-product","3":"status-publish","4":"has-post-thumbnail","6":"product_cat-bridesmaid-floral-headpiece","7":"product_cat-dried-floral-headpiece","8":"product_cat-floral-headpiece-flower-girl","9":"product_cat-pink-floral-headpiece","10":"product_cat-bridal-floral-headpiece","12":"first","13":"instock","14":"shipping-taxable","15":"purchasable","16":"product-type-simple"},"yoast_head":"<!-- This site is optimized with the Yoast SEO plugin v25.9 - https:\/\/yoast.com\/wordpress\/plugins\/seo\/ -->\n<title>Enchanted Garden Flower Crown Headdress - Flora Tiara<\/title>\n<meta name=\"description\" content=\"Unique and beautiful: Shop our Enchanted Garden Flower Crown Headdress. Premium high quality headpiece to make the occasion unforgettable.\" \/>\n<meta name=\"robots\" content=\"index, follow, max-snippet:-1, max-image-preview:large, max-video-preview:-1\" \/>\n<link rel=\"canonical\" href=\"https:\/\/floratiara.com\/es\/p\/guirnalda-floral-de-novia\/\" \/>\n<meta property=\"og:locale\" content=\"es_ES\" \/>\n<meta property=\"og:type\" content=\"article\" \/>\n<meta property=\"og:title\" content=\"Enchanted Garden Flower Crown Headdress - Flora Tiara\" \/>\n<meta property=\"og:description\" content=\"Unique and beautiful: Shop our Enchanted Garden Flower Crown Headdress. Premium high quality headpiece to make the occasion unforgettable.\" \/>\n<meta property=\"og:url\" content=\"https:\/\/floratiara.com\/es\/p\/guirnalda-floral-de-novia\/\" \/>\n<meta property=\"og:site_name\" content=\"Flora Tiara\" \/>\n<meta property=\"article:modified_time\" content=\"2025-03-04T04:42:35+00:00\" \/>\n<meta property=\"og:image\" content=\"https:\/\/floratiara.com\/wp-content\/uploads\/2024\/03\/S26dd44072aa74d69be471fe6162fc223X.webp\" \/>\n\t<meta property=\"og:image:width\" content=\"1500\" \/>\n\t<meta property=\"og:image:height\" content=\"1500\" \/>\n\t<meta property=\"og:image:type\" content=\"image\/webp\" \/>\n<meta name=\"twitter:card\" content=\"summary_large_image\" \/>\n<meta name=\"twitter:label1\" content=\"Tiempo de lectura\" \/>\n\t<meta name=\"twitter:data1\" content=\"5 minutos\" \/>\n<script type=\"application\/ld+json\" class=\"yoast-schema-graph\">{\"@context\":\"https:\/\/schema.org\",\"@graph\":[{\"@type\":\"WebPage\",\"@id\":\"https:\/\/floratiara.com\/p\/bridal-floral-headband-garland\/\",\"url\":\"https:\/\/floratiara.com\/p\/bridal-floral-headband-garland\/\",\"name\":\"Enchanted Garden Flower Crown Headdress - Flora Tiara\",\"isPartOf\":{\"@id\":\"https:\/\/floratiara.com\/#website\"},\"primaryImageOfPage\":{\"@id\":\"https:\/\/floratiara.com\/p\/bridal-floral-headband-garland\/#primaryimage\"},\"image\":{\"@id\":\"https:\/\/floratiara.com\/p\/bridal-floral-headband-garland\/#primaryimage\"},\"thumbnailUrl\":\"https:\/\/floratiara.com\/wp-content\/uploads\/2024\/03\/S26dd44072aa74d69be471fe6162fc223X.webp\",\"datePublished\":\"2024-03-16T09:41:23+00:00\",\"dateModified\":\"2025-03-04T04:42:35+00:00\",\"description\":\"Unique and beautiful: Shop our Enchanted Garden Flower Crown Headdress. Premium high quality headpiece to make the occasion unforgettable.\",\"breadcrumb\":{\"@id\":\"https:\/\/floratiara.com\/p\/bridal-floral-headband-garland\/#breadcrumb\"},\"inLanguage\":\"es\",\"potentialAction\":[{\"@type\":\"ReadAction\",\"target\":[\"https:\/\/floratiara.com\/p\/bridal-floral-headband-garland\/\"]}]},{\"@type\":\"ImageObject\",\"inLanguage\":\"es\",\"@id\":\"https:\/\/floratiara.com\/p\/bridal-floral-headband-garland\/#primaryimage\",\"url\":\"https:\/\/floratiara.com\/wp-content\/uploads\/2024\/03\/S26dd44072aa74d69be471fe6162fc223X.webp\",\"contentUrl\":\"https:\/\/floratiara.com\/wp-content\/uploads\/2024\/03\/S26dd44072aa74d69be471fe6162fc223X.webp\",\"width\":1500,\"height\":1500},{\"@type\":\"BreadcrumbList\",\"@id\":\"https:\/\/floratiara.com\/p\/bridal-floral-headband-garland\/#breadcrumb\",\"itemListElement\":[{\"@type\":\"ListItem\",\"position\":1,\"name\":\"Home\",\"item\":\"https:\/\/floratiara.com\/\"},{\"@type\":\"ListItem\",\"position\":2,\"name\":\"Shop\",\"item\":\"https:\/\/floratiara.com\/shop\/\"},{\"@type\":\"ListItem\",\"position\":3,\"name\":\"Enchanted Garden Flower Crown Headdress\"}]},{\"@type\":\"WebSite\",\"@id\":\"https:\/\/floratiara.com\/#website\",\"url\":\"https:\/\/floratiara.com\/\",\"name\":\"Flora Tiara\",\"description\":\"\",\"publisher\":{\"@id\":\"https:\/\/floratiara.com\/#organization\"},\"potentialAction\":[{\"@type\":\"SearchAction\",\"target\":{\"@type\":\"EntryPoint\",\"urlTemplate\":\"https:\/\/floratiara.com\/?s={search_term_string}\"},\"query-input\":{\"@type\":\"PropertyValueSpecification\",\"valueRequired\":true,\"valueName\":\"search_term_string\"}}],\"inLanguage\":\"es\"},{\"@type\":\"Organization\",\"@id\":\"https:\/\/floratiara.com\/#organization\",\"name\":\"Flora Tiara\",\"url\":\"https:\/\/floratiara.com\/\",\"logo\":{\"@type\":\"ImageObject\",\"inLanguage\":\"es\",\"@id\":\"https:\/\/floratiara.com\/#\/schema\/logo\/image\/\",\"url\":\"https:\/\/floratiara.com\/wp-content\/uploads\/2024\/03\/flora-tiara-logo.png\",\"contentUrl\":\"https:\/\/floratiara.com\/wp-content\/uploads\/2024\/03\/flora-tiara-logo.png\",\"width\":1024,\"height\":274,\"caption\":\"Flora Tiara\"},\"image\":{\"@id\":\"https:\/\/floratiara.com\/#\/schema\/logo\/image\/\"}}]}<\/script>\n<!-- \/ Yoast SEO plugin. -->","yoast_head_json":{"title":"Tocado Corona de Flores Jard\u00edn Encantado - Flora Tiara","description":"\u00danico y precioso: Compra nuestro Tocado Corona de Flores Jard\u00edn Encantado. Tocado premium de alta calidad para que la ocasi\u00f3n sea inolvidable.","robots":{"index":"index","follow":"follow","max-snippet":"max-snippet:-1","max-image-preview":"max-image-preview:large","max-video-preview":"max-video-preview:-1"},"canonical":"https:\/\/floratiara.com\/es\/p\/guirnalda-floral-de-novia\/","og_locale":"es_ES","og_type":"article","og_title":"Enchanted Garden Flower Crown Headdress - Flora Tiara","og_description":"Unique and beautiful: Shop our Enchanted Garden Flower Crown Headdress. Premium high quality headpiece to make the occasion unforgettable.","og_url":"https:\/\/floratiara.com\/es\/p\/guirnalda-floral-de-novia\/","og_site_name":"Flora Tiara","article_modified_time":"2025-03-04T04:42:35+00:00","og_image":[{"width":1500,"height":1500,"url":"https:\/\/floratiara.com\/wp-content\/uploads\/2024\/03\/S26dd44072aa74d69be471fe6162fc223X.webp","type":"image\/webp"}],"twitter_card":"summary_large_image","twitter_misc":{"Tiempo de lectura":"5 minutos"},"schema":{"@context":"https:\/\/schema.org","@graph":[{"@type":"WebPage","@id":"https:\/\/floratiara.com\/p\/bridal-floral-headband-garland\/","url":"https:\/\/floratiara.com\/p\/bridal-floral-headband-garland\/","name":"Tocado Corona de Flores Jard\u00edn Encantado - Flora Tiara","isPartOf":{"@id":"https:\/\/floratiara.com\/#website"},"primaryImageOfPage":{"@id":"https:\/\/floratiara.com\/p\/bridal-floral-headband-garland\/#primaryimage"},"image":{"@id":"https:\/\/floratiara.com\/p\/bridal-floral-headband-garland\/#primaryimage"},"thumbnailUrl":"https:\/\/floratiara.com\/wp-content\/uploads\/2024\/03\/S26dd44072aa74d69be471fe6162fc223X.webp","datePublished":"2024-03-16T09:41:23+00:00","dateModified":"2025-03-04T04:42:35+00:00","description":"\u00danico y precioso: Compra nuestro Tocado Corona de Flores Jard\u00edn Encantado. Tocado premium de alta calidad para que la ocasi\u00f3n sea inolvidable.","breadcrumb":{"@id":"https:\/\/floratiara.com\/p\/bridal-floral-headband-garland\/#breadcrumb"},"inLanguage":"es","potentialAction":[{"@type":"ReadAction","target":["https:\/\/floratiara.com\/p\/bridal-floral-headband-garland\/"]}]},{"@type":"ImageObject","inLanguage":"es","@id":"https:\/\/floratiara.com\/p\/bridal-floral-headband-garland\/#primaryimage","url":"https:\/\/floratiara.com\/wp-content\/uploads\/2024\/03\/S26dd44072aa74d69be471fe6162fc223X.webp","contentUrl":"https:\/\/floratiara.com\/wp-content\/uploads\/2024\/03\/S26dd44072aa74d69be471fe6162fc223X.webp","width":1500,"height":1500},{"@type":"BreadcrumbList","@id":"https:\/\/floratiara.com\/p\/bridal-floral-headband-garland\/#breadcrumb","itemListElement":[{"@type":"ListItem","position":1,"name":"Home","item":"https:\/\/floratiara.com\/"},{"@type":"ListItem","position":2,"name":"Shop","item":"https:\/\/floratiara.com\/shop\/"},{"@type":"ListItem","position":3,"name":"Enchanted Garden Flower Crown Headdress"}]},{"@type":"WebSite","@id":"https:\/\/floratiara.com\/#website","url":"https:\/\/floratiara.com\/","name":"Flora Tiara","description":"","publisher":{"@id":"https:\/\/floratiara.com\/#organization"},"potentialAction":[{"@type":"SearchAction","target":{"@type":"EntryPoint","urlTemplate":"https:\/\/floratiara.com\/?s={search_term_string}"},"query-input":{"@type":"PropertyValueSpecification","valueRequired":true,"valueName":"search_term_string"}}],"inLanguage":"es"},{"@type":"Organization","@id":"https:\/\/floratiara.com\/#organization","name":"Flora Tiara","url":"https:\/\/floratiara.com\/","logo":{"@type":"ImageObject","inLanguage":"es","@id":"https:\/\/floratiara.com\/#\/schema\/logo\/image\/","url":"https:\/\/floratiara.com\/wp-content\/uploads\/2024\/03\/flora-tiara-logo.png","contentUrl":"https:\/\/floratiara.com\/wp-content\/uploads\/2024\/03\/flora-tiara-logo.png","width":1024,"height":274,"caption":"Flora Tiara"},"image":{"@id":"https:\/\/floratiara.com\/#\/schema\/logo\/image\/"}}]}},"_links":{"self":[{"href":"https:\/\/floratiara.com\/es\/wp-json\/wp\/v2\/product\/341","targetHints":{"allow":["GET"]}}],"collection":[{"href":"https:\/\/floratiara.com\/es\/wp-json\/wp\/v2\/product"}],"about":[{"href":"https:\/\/floratiara.com\/es\/wp-json\/wp\/v2\/types\/product"}],"wp:featuredmedia":[{"embeddable":true,"href":"https:\/\/floratiara.com\/es\/wp-json\/wp\/v2\/media\/340"}],"wp:attachment":[{"href":"https:\/\/floratiara.com\/es\/wp-json\/wp\/v2\/media?parent=341"}],"wp:term":[{"taxonomy":"product_brand","embeddable":true,"href":"https:\/\/floratiara.com\/es\/wp-json\/wp\/v2\/product_brand?post=341"},{"taxonomy":"product_cat","embeddable":true,"href":"https:\/\/floratiara.com\/es\/wp-json\/wp\/v2\/product_cat?post=341"},{"taxonomy":"product_tag","embeddable":true,"href":"https:\/\/floratiara.com\/es\/wp-json\/wp\/v2\/product_tag?post=341"}],"curies":[{"name":"wp","href":"https:\/\/api.w.org\/{rel}","templated":true}]}}