{"id":460,"date":"2024-03-16T09:44:43","date_gmt":"2024-03-16T09:44:43","guid":{"rendered":"https:\/\/floratiara.com\/?post_type=product&#038;p=460"},"modified":"2024-12-12T01:43:08","modified_gmt":"2024-12-12T01:43:08","slug":"elegante-tocado-floral-de-boda-2","status":"publish","type":"product","link":"https:\/\/floratiara.com\/es\/p\/elegante-tocado-floral-de-boda-2\/","title":{"rendered":"Diadema Corona Flor Girasol Nupcial"},"content":{"rendered":"<p>Eleva tu d\u00eda especial con nuestra Diadema Corona de Flores de Girasol para Novia, una obra maestra bot\u00e1nica que entrelaza la frescura de las flores de girasol y el follaje verde con toques de regio p\u00farpura. Esta corona artesanal a\u00f1ade un toque de elegancia natural, convirti\u00e9ndote en el centro de todas las miradas. La banda ajustable garantiza un ajuste c\u00f3modo para todos, mientras que su dise\u00f1o vers\u00e1til es perfecto para bodas, festivales o sesiones fotogr\u00e1ficas. Celebra tus momentos con este encantador tocado artesanal, un rom\u00e1ntico toque final para tu conjunto nupcial.<\/p><p>Composici\u00f3n: calas burdeos, margaritas blancas, gypsophila blanca, follaje verde, flores de acento moradas.<\/p>","protected":false},"excerpt":{"rendered":"<div style=\"width: 90%;text-align: left;margin: auto\"><p style=\"text-align:center\"><b>\ud83d\udc51 De nuestras manos a tu cabeza<\/b><br \/><i>Coronas de flores de lujo para cada ocasi\u00f3n<\/i><\/p><ul><li>\u2702\ufe0f Elaborado con esmero en el coraz\u00f3n de <b>Espa\u00f1a<\/b><\/li><li><b>Composici\u00f3n: calas burdeos, margaritas blancas, gypsophila blanca, follaje verde, flores de acento moradas.<\/b><\/li><\/ul><\/div>","protected":false},"featured_media":459,"template":"","meta":[],"product_brand":[],"product_cat":[61,60,79,77,59],"product_tag":[],"class_list":{"0":"post-460","1":"product","2":"type-product","3":"status-publish","4":"has-post-thumbnail","6":"product_cat-bridesmaid-floral-headpiece","7":"product_cat-floral-headpiece-flower-girl","8":"product_cat-real-floral-headpiece","9":"product_cat-red-floral-headpiece","10":"product_cat-bridal-floral-headpiece","12":"first","13":"instock","14":"shipping-taxable","15":"purchasable","16":"product-type-simple"},"yoast_head":"<!-- This site is optimized with the Yoast SEO plugin v25.9 - https:\/\/yoast.com\/wordpress\/plugins\/seo\/ -->\n<title>Bridal Sunflower Flower Crown Headband - Flora Tiara<\/title>\n<meta name=\"description\" content=\"Unique and beautiful: Shop our Bridal Sunflower Flower Crown Headband. Premium high quality headpiece to make the occasion unforgettable.\" \/>\n<meta name=\"robots\" content=\"index, follow, max-snippet:-1, max-image-preview:large, max-video-preview:-1\" \/>\n<link rel=\"canonical\" href=\"https:\/\/floratiara.com\/es\/p\/elegante-tocado-floral-de-boda-2\/\" \/>\n<meta property=\"og:locale\" content=\"es_ES\" \/>\n<meta property=\"og:type\" content=\"article\" \/>\n<meta property=\"og:title\" content=\"Bridal Sunflower Flower Crown Headband - Flora Tiara\" \/>\n<meta property=\"og:description\" content=\"Unique and beautiful: Shop our Bridal Sunflower Flower Crown Headband. Premium high quality headpiece to make the occasion unforgettable.\" \/>\n<meta property=\"og:url\" content=\"https:\/\/floratiara.com\/es\/p\/elegante-tocado-floral-de-boda-2\/\" \/>\n<meta property=\"og:site_name\" content=\"Flora Tiara\" \/>\n<meta property=\"article:modified_time\" content=\"2024-12-12T01:43:08+00:00\" \/>\n<meta property=\"og:image\" content=\"https:\/\/floratiara.com\/wp-content\/uploads\/2024\/03\/S3164819fa9bc440aae8201a5910dd58ew.webp\" \/>\n\t<meta property=\"og:image:width\" content=\"1500\" \/>\n\t<meta property=\"og:image:height\" content=\"1500\" \/>\n\t<meta property=\"og:image:type\" content=\"image\/webp\" \/>\n<meta name=\"twitter:card\" content=\"summary_large_image\" \/>\n<meta name=\"twitter:label1\" content=\"Tiempo de lectura\" \/>\n\t<meta name=\"twitter:data1\" content=\"3 minutos\" \/>\n<script type=\"application\/ld+json\" class=\"yoast-schema-graph\">{\"@context\":\"https:\/\/schema.org\",\"@graph\":[{\"@type\":\"WebPage\",\"@id\":\"https:\/\/floratiara.com\/p\/elegant-wedding-floral-headpiece-2\/\",\"url\":\"https:\/\/floratiara.com\/p\/elegant-wedding-floral-headpiece-2\/\",\"name\":\"Bridal Sunflower Flower Crown Headband - Flora Tiara\",\"isPartOf\":{\"@id\":\"https:\/\/floratiara.com\/#website\"},\"primaryImageOfPage\":{\"@id\":\"https:\/\/floratiara.com\/p\/elegant-wedding-floral-headpiece-2\/#primaryimage\"},\"image\":{\"@id\":\"https:\/\/floratiara.com\/p\/elegant-wedding-floral-headpiece-2\/#primaryimage\"},\"thumbnailUrl\":\"https:\/\/floratiara.com\/wp-content\/uploads\/2024\/03\/S3164819fa9bc440aae8201a5910dd58ew.webp\",\"datePublished\":\"2024-03-16T09:44:43+00:00\",\"dateModified\":\"2024-12-12T01:43:08+00:00\",\"description\":\"Unique and beautiful: Shop our Bridal Sunflower Flower Crown Headband. Premium high quality headpiece to make the occasion unforgettable.\",\"breadcrumb\":{\"@id\":\"https:\/\/floratiara.com\/p\/elegant-wedding-floral-headpiece-2\/#breadcrumb\"},\"inLanguage\":\"es\",\"potentialAction\":[{\"@type\":\"ReadAction\",\"target\":[\"https:\/\/floratiara.com\/p\/elegant-wedding-floral-headpiece-2\/\"]}]},{\"@type\":\"ImageObject\",\"inLanguage\":\"es\",\"@id\":\"https:\/\/floratiara.com\/p\/elegant-wedding-floral-headpiece-2\/#primaryimage\",\"url\":\"https:\/\/floratiara.com\/wp-content\/uploads\/2024\/03\/S3164819fa9bc440aae8201a5910dd58ew.webp\",\"contentUrl\":\"https:\/\/floratiara.com\/wp-content\/uploads\/2024\/03\/S3164819fa9bc440aae8201a5910dd58ew.webp\",\"width\":1500,\"height\":1500},{\"@type\":\"BreadcrumbList\",\"@id\":\"https:\/\/floratiara.com\/p\/elegant-wedding-floral-headpiece-2\/#breadcrumb\",\"itemListElement\":[{\"@type\":\"ListItem\",\"position\":1,\"name\":\"Home\",\"item\":\"https:\/\/floratiara.com\/\"},{\"@type\":\"ListItem\",\"position\":2,\"name\":\"Shop\",\"item\":\"https:\/\/floratiara.com\/shop\/\"},{\"@type\":\"ListItem\",\"position\":3,\"name\":\"Bridal Sunflower Flower Crown Headband\"}]},{\"@type\":\"WebSite\",\"@id\":\"https:\/\/floratiara.com\/#website\",\"url\":\"https:\/\/floratiara.com\/\",\"name\":\"Flora Tiara\",\"description\":\"\",\"publisher\":{\"@id\":\"https:\/\/floratiara.com\/#organization\"},\"potentialAction\":[{\"@type\":\"SearchAction\",\"target\":{\"@type\":\"EntryPoint\",\"urlTemplate\":\"https:\/\/floratiara.com\/?s={search_term_string}\"},\"query-input\":{\"@type\":\"PropertyValueSpecification\",\"valueRequired\":true,\"valueName\":\"search_term_string\"}}],\"inLanguage\":\"es\"},{\"@type\":\"Organization\",\"@id\":\"https:\/\/floratiara.com\/#organization\",\"name\":\"Flora Tiara\",\"url\":\"https:\/\/floratiara.com\/\",\"logo\":{\"@type\":\"ImageObject\",\"inLanguage\":\"es\",\"@id\":\"https:\/\/floratiara.com\/#\/schema\/logo\/image\/\",\"url\":\"https:\/\/floratiara.com\/wp-content\/uploads\/2024\/03\/flora-tiara-logo.png\",\"contentUrl\":\"https:\/\/floratiara.com\/wp-content\/uploads\/2024\/03\/flora-tiara-logo.png\",\"width\":1024,\"height\":274,\"caption\":\"Flora Tiara\"},\"image\":{\"@id\":\"https:\/\/floratiara.com\/#\/schema\/logo\/image\/\"}}]}<\/script>\n<!-- \/ Yoast SEO plugin. -->","yoast_head_json":{"title":"Diadema Corona Flor Girasol - Flora Tiara","description":"\u00danica y hermosa: Compra nuestra diadema corona de flores de girasol para novias. Tocado de alta calidad para que la ocasi\u00f3n sea inolvidable.","robots":{"index":"index","follow":"follow","max-snippet":"max-snippet:-1","max-image-preview":"max-image-preview:large","max-video-preview":"max-video-preview:-1"},"canonical":"https:\/\/floratiara.com\/es\/p\/elegante-tocado-floral-de-boda-2\/","og_locale":"es_ES","og_type":"article","og_title":"Bridal Sunflower Flower Crown Headband - Flora Tiara","og_description":"Unique and beautiful: Shop our Bridal Sunflower Flower Crown Headband. Premium high quality headpiece to make the occasion unforgettable.","og_url":"https:\/\/floratiara.com\/es\/p\/elegante-tocado-floral-de-boda-2\/","og_site_name":"Flora Tiara","article_modified_time":"2024-12-12T01:43:08+00:00","og_image":[{"width":1500,"height":1500,"url":"https:\/\/floratiara.com\/wp-content\/uploads\/2024\/03\/S3164819fa9bc440aae8201a5910dd58ew.webp","type":"image\/webp"}],"twitter_card":"summary_large_image","twitter_misc":{"Tiempo de lectura":"3 minutos"},"schema":{"@context":"https:\/\/schema.org","@graph":[{"@type":"WebPage","@id":"https:\/\/floratiara.com\/p\/elegant-wedding-floral-headpiece-2\/","url":"https:\/\/floratiara.com\/p\/elegant-wedding-floral-headpiece-2\/","name":"Diadema Corona Flor Girasol - Flora Tiara","isPartOf":{"@id":"https:\/\/floratiara.com\/#website"},"primaryImageOfPage":{"@id":"https:\/\/floratiara.com\/p\/elegant-wedding-floral-headpiece-2\/#primaryimage"},"image":{"@id":"https:\/\/floratiara.com\/p\/elegant-wedding-floral-headpiece-2\/#primaryimage"},"thumbnailUrl":"https:\/\/floratiara.com\/wp-content\/uploads\/2024\/03\/S3164819fa9bc440aae8201a5910dd58ew.webp","datePublished":"2024-03-16T09:44:43+00:00","dateModified":"2024-12-12T01:43:08+00:00","description":"\u00danica y hermosa: Compra nuestra diadema corona de flores de girasol para novias. Tocado de alta calidad para que la ocasi\u00f3n sea inolvidable.","breadcrumb":{"@id":"https:\/\/floratiara.com\/p\/elegant-wedding-floral-headpiece-2\/#breadcrumb"},"inLanguage":"es","potentialAction":[{"@type":"ReadAction","target":["https:\/\/floratiara.com\/p\/elegant-wedding-floral-headpiece-2\/"]}]},{"@type":"ImageObject","inLanguage":"es","@id":"https:\/\/floratiara.com\/p\/elegant-wedding-floral-headpiece-2\/#primaryimage","url":"https:\/\/floratiara.com\/wp-content\/uploads\/2024\/03\/S3164819fa9bc440aae8201a5910dd58ew.webp","contentUrl":"https:\/\/floratiara.com\/wp-content\/uploads\/2024\/03\/S3164819fa9bc440aae8201a5910dd58ew.webp","width":1500,"height":1500},{"@type":"BreadcrumbList","@id":"https:\/\/floratiara.com\/p\/elegant-wedding-floral-headpiece-2\/#breadcrumb","itemListElement":[{"@type":"ListItem","position":1,"name":"Home","item":"https:\/\/floratiara.com\/"},{"@type":"ListItem","position":2,"name":"Shop","item":"https:\/\/floratiara.com\/shop\/"},{"@type":"ListItem","position":3,"name":"Bridal Sunflower Flower Crown Headband"}]},{"@type":"WebSite","@id":"https:\/\/floratiara.com\/#website","url":"https:\/\/floratiara.com\/","name":"Flora Tiara","description":"","publisher":{"@id":"https:\/\/floratiara.com\/#organization"},"potentialAction":[{"@type":"SearchAction","target":{"@type":"EntryPoint","urlTemplate":"https:\/\/floratiara.com\/?s={search_term_string}"},"query-input":{"@type":"PropertyValueSpecification","valueRequired":true,"valueName":"search_term_string"}}],"inLanguage":"es"},{"@type":"Organization","@id":"https:\/\/floratiara.com\/#organization","name":"Flora Tiara","url":"https:\/\/floratiara.com\/","logo":{"@type":"ImageObject","inLanguage":"es","@id":"https:\/\/floratiara.com\/#\/schema\/logo\/image\/","url":"https:\/\/floratiara.com\/wp-content\/uploads\/2024\/03\/flora-tiara-logo.png","contentUrl":"https:\/\/floratiara.com\/wp-content\/uploads\/2024\/03\/flora-tiara-logo.png","width":1024,"height":274,"caption":"Flora Tiara"},"image":{"@id":"https:\/\/floratiara.com\/#\/schema\/logo\/image\/"}}]}},"_links":{"self":[{"href":"https:\/\/floratiara.com\/es\/wp-json\/wp\/v2\/product\/460","targetHints":{"allow":["GET"]}}],"collection":[{"href":"https:\/\/floratiara.com\/es\/wp-json\/wp\/v2\/product"}],"about":[{"href":"https:\/\/floratiara.com\/es\/wp-json\/wp\/v2\/types\/product"}],"wp:featuredmedia":[{"embeddable":true,"href":"https:\/\/floratiara.com\/es\/wp-json\/wp\/v2\/media\/459"}],"wp:attachment":[{"href":"https:\/\/floratiara.com\/es\/wp-json\/wp\/v2\/media?parent=460"}],"wp:term":[{"taxonomy":"product_brand","embeddable":true,"href":"https:\/\/floratiara.com\/es\/wp-json\/wp\/v2\/product_brand?post=460"},{"taxonomy":"product_cat","embeddable":true,"href":"https:\/\/floratiara.com\/es\/wp-json\/wp\/v2\/product_cat?post=460"},{"taxonomy":"product_tag","embeddable":true,"href":"https:\/\/floratiara.com\/es\/wp-json\/wp\/v2\/product_tag?post=460"}],"curies":[{"name":"wp","href":"https:\/\/api.w.org\/{rel}","templated":true}]}}