{"id":579,"date":"2024-03-16T09:47:55","date_gmt":"2024-03-16T09:47:55","guid":{"rendered":"https:\/\/floratiara.com\/?post_type=product&#038;p=579"},"modified":"2024-12-12T01:40:56","modified_gmt":"2024-12-12T01:40:56","slug":"tiara-floral-de-novia-encantadora","status":"publish","type":"product","link":"https:\/\/floratiara.com\/es\/p\/tiara-floral-de-novia-encantadora\/","title":{"rendered":"Lujosa Corona Floral Blossom Elegance"},"content":{"rendered":"<p>Entra en un mundo de majestuosidad floral con la Corona de Flores \"Blossom Elegance\", exquisitamente dise\u00f1ada para elevar cualquier ocasi\u00f3n especial. Con peon\u00edas de color rojo intenso, rosas de color rosa suave y flores de cerezo, esta tiara se entrelaza con la serena belleza de freesias blancas y exuberante vegetaci\u00f3n. Aseg\u00farese recuerdos eternos el d\u00eda de su boda o en reuniones festivas, ya que este accesorio atemporal de primera calidad florece con sofisticaci\u00f3n. No te limites a llevar flores; encarna la elegancia con cada uno de sus p\u00e9talos. Perfecto para novias, festivales o para a\u00f1adir un toque de elegancia bot\u00e1nica a tu vestuario. Abraza tu momento con \"Blossom Elegance\".<\/p><p>Composici\u00f3n: peon\u00edas rojo intenso, rosas rosa suave, flores de cerezo blancas y rosas, freesias blancas, follaje verde.<\/p>","protected":false},"excerpt":{"rendered":"<div style=\"width: 90%;text-align: left;margin: auto\"><p style=\"text-align:center\"><b>\ud83d\udc51 De nuestras manos a tu cabeza<\/b><br \/><i>Coronas de flores de lujo para cada ocasi\u00f3n<\/i><\/p><ul><li>\u2702\ufe0f Elaborado con esmero en el coraz\u00f3n de <b>Espa\u00f1a<\/b><\/li><li><b>\ud83d\udc90 Composici\u00f3n: peon\u00edas rojo intenso, rosas rosa suave, flores de cerezo blancas y rosas, freesias blancas, follaje verde.<\/b><\/li><\/ul><\/div>","protected":false},"featured_media":578,"template":"","meta":[],"product_brand":[],"product_cat":[61,77,70,59],"product_tag":[],"class_list":{"0":"post-579","1":"product","2":"type-product","3":"status-publish","4":"has-post-thumbnail","6":"product_cat-bridesmaid-floral-headpiece","7":"product_cat-red-floral-headpiece","8":"product_cat-rose-floral-headpiece","9":"product_cat-bridal-floral-headpiece","11":"first","12":"instock","13":"shipping-taxable","14":"purchasable","15":"product-type-simple"},"yoast_head":"<!-- This site is optimized with the Yoast SEO plugin v25.9 - https:\/\/yoast.com\/wordpress\/plugins\/seo\/ -->\n<title>Luxurious Blossom Elegance Flower Crown - Flora Tiara<\/title>\n<meta name=\"description\" content=\"Unique and beautiful: Shop our Luxurious Blossom Elegance Flower Crown. Premium high quality headpiece to make the occasion unforgettable.\" \/>\n<meta name=\"robots\" content=\"index, follow, max-snippet:-1, max-image-preview:large, max-video-preview:-1\" \/>\n<link rel=\"canonical\" href=\"https:\/\/floratiara.com\/es\/p\/tiara-floral-de-novia-encantadora\/\" \/>\n<meta property=\"og:locale\" content=\"es_ES\" \/>\n<meta property=\"og:type\" content=\"article\" \/>\n<meta property=\"og:title\" content=\"Luxurious Blossom Elegance Flower Crown - Flora Tiara\" \/>\n<meta property=\"og:description\" content=\"Unique and beautiful: Shop our Luxurious Blossom Elegance Flower Crown. Premium high quality headpiece to make the occasion unforgettable.\" \/>\n<meta property=\"og:url\" content=\"https:\/\/floratiara.com\/es\/p\/tiara-floral-de-novia-encantadora\/\" \/>\n<meta property=\"og:site_name\" content=\"Flora Tiara\" \/>\n<meta property=\"article:modified_time\" content=\"2024-12-12T01:40:56+00:00\" \/>\n<meta property=\"og:image\" content=\"https:\/\/floratiara.com\/wp-content\/uploads\/2024\/03\/Sc483d331664a47f6bbfd72be2576bee4j.webp\" \/>\n\t<meta property=\"og:image:width\" content=\"1500\" \/>\n\t<meta property=\"og:image:height\" content=\"1500\" \/>\n\t<meta property=\"og:image:type\" content=\"image\/webp\" \/>\n<meta name=\"twitter:card\" content=\"summary_large_image\" \/>\n<meta name=\"twitter:label1\" content=\"Tiempo de lectura\" \/>\n\t<meta name=\"twitter:data1\" content=\"3 minutos\" \/>\n<script type=\"application\/ld+json\" class=\"yoast-schema-graph\">{\"@context\":\"https:\/\/schema.org\",\"@graph\":[{\"@type\":\"WebPage\",\"@id\":\"https:\/\/floratiara.com\/p\/enchanting-bridal-floral-tiara\/\",\"url\":\"https:\/\/floratiara.com\/p\/enchanting-bridal-floral-tiara\/\",\"name\":\"Luxurious Blossom Elegance Flower Crown - Flora Tiara\",\"isPartOf\":{\"@id\":\"https:\/\/floratiara.com\/#website\"},\"primaryImageOfPage\":{\"@id\":\"https:\/\/floratiara.com\/p\/enchanting-bridal-floral-tiara\/#primaryimage\"},\"image\":{\"@id\":\"https:\/\/floratiara.com\/p\/enchanting-bridal-floral-tiara\/#primaryimage\"},\"thumbnailUrl\":\"https:\/\/floratiara.com\/wp-content\/uploads\/2024\/03\/Sc483d331664a47f6bbfd72be2576bee4j.webp\",\"datePublished\":\"2024-03-16T09:47:55+00:00\",\"dateModified\":\"2024-12-12T01:40:56+00:00\",\"description\":\"Unique and beautiful: Shop our Luxurious Blossom Elegance Flower Crown. Premium high quality headpiece to make the occasion unforgettable.\",\"breadcrumb\":{\"@id\":\"https:\/\/floratiara.com\/p\/enchanting-bridal-floral-tiara\/#breadcrumb\"},\"inLanguage\":\"es\",\"potentialAction\":[{\"@type\":\"ReadAction\",\"target\":[\"https:\/\/floratiara.com\/p\/enchanting-bridal-floral-tiara\/\"]}]},{\"@type\":\"ImageObject\",\"inLanguage\":\"es\",\"@id\":\"https:\/\/floratiara.com\/p\/enchanting-bridal-floral-tiara\/#primaryimage\",\"url\":\"https:\/\/floratiara.com\/wp-content\/uploads\/2024\/03\/Sc483d331664a47f6bbfd72be2576bee4j.webp\",\"contentUrl\":\"https:\/\/floratiara.com\/wp-content\/uploads\/2024\/03\/Sc483d331664a47f6bbfd72be2576bee4j.webp\",\"width\":1500,\"height\":1500},{\"@type\":\"BreadcrumbList\",\"@id\":\"https:\/\/floratiara.com\/p\/enchanting-bridal-floral-tiara\/#breadcrumb\",\"itemListElement\":[{\"@type\":\"ListItem\",\"position\":1,\"name\":\"Home\",\"item\":\"https:\/\/floratiara.com\/\"},{\"@type\":\"ListItem\",\"position\":2,\"name\":\"Shop\",\"item\":\"https:\/\/floratiara.com\/shop\/\"},{\"@type\":\"ListItem\",\"position\":3,\"name\":\"Luxurious Blossom Elegance Flower Crown\"}]},{\"@type\":\"WebSite\",\"@id\":\"https:\/\/floratiara.com\/#website\",\"url\":\"https:\/\/floratiara.com\/\",\"name\":\"Flora Tiara\",\"description\":\"\",\"publisher\":{\"@id\":\"https:\/\/floratiara.com\/#organization\"},\"potentialAction\":[{\"@type\":\"SearchAction\",\"target\":{\"@type\":\"EntryPoint\",\"urlTemplate\":\"https:\/\/floratiara.com\/?s={search_term_string}\"},\"query-input\":{\"@type\":\"PropertyValueSpecification\",\"valueRequired\":true,\"valueName\":\"search_term_string\"}}],\"inLanguage\":\"es\"},{\"@type\":\"Organization\",\"@id\":\"https:\/\/floratiara.com\/#organization\",\"name\":\"Flora Tiara\",\"url\":\"https:\/\/floratiara.com\/\",\"logo\":{\"@type\":\"ImageObject\",\"inLanguage\":\"es\",\"@id\":\"https:\/\/floratiara.com\/#\/schema\/logo\/image\/\",\"url\":\"https:\/\/floratiara.com\/wp-content\/uploads\/2024\/03\/flora-tiara-logo.png\",\"contentUrl\":\"https:\/\/floratiara.com\/wp-content\/uploads\/2024\/03\/flora-tiara-logo.png\",\"width\":1024,\"height\":274,\"caption\":\"Flora Tiara\"},\"image\":{\"@id\":\"https:\/\/floratiara.com\/#\/schema\/logo\/image\/\"}}]}<\/script>\n<!-- \/ Yoast SEO plugin. -->","yoast_head_json":{"title":"Lujosa Corona de Flores Blossom Elegance - Flora Tiara","description":"\u00danica y hermosa: Compre nuestra lujosa corona de flores Blossom Elegance. Tocado de alta calidad para que la ocasi\u00f3n sea inolvidable.","robots":{"index":"index","follow":"follow","max-snippet":"max-snippet:-1","max-image-preview":"max-image-preview:large","max-video-preview":"max-video-preview:-1"},"canonical":"https:\/\/floratiara.com\/es\/p\/tiara-floral-de-novia-encantadora\/","og_locale":"es_ES","og_type":"article","og_title":"Luxurious Blossom Elegance Flower Crown - Flora Tiara","og_description":"Unique and beautiful: Shop our Luxurious Blossom Elegance Flower Crown. Premium high quality headpiece to make the occasion unforgettable.","og_url":"https:\/\/floratiara.com\/es\/p\/tiara-floral-de-novia-encantadora\/","og_site_name":"Flora Tiara","article_modified_time":"2024-12-12T01:40:56+00:00","og_image":[{"width":1500,"height":1500,"url":"https:\/\/floratiara.com\/wp-content\/uploads\/2024\/03\/Sc483d331664a47f6bbfd72be2576bee4j.webp","type":"image\/webp"}],"twitter_card":"summary_large_image","twitter_misc":{"Tiempo de lectura":"3 minutos"},"schema":{"@context":"https:\/\/schema.org","@graph":[{"@type":"WebPage","@id":"https:\/\/floratiara.com\/p\/enchanting-bridal-floral-tiara\/","url":"https:\/\/floratiara.com\/p\/enchanting-bridal-floral-tiara\/","name":"Lujosa Corona de Flores Blossom Elegance - Flora Tiara","isPartOf":{"@id":"https:\/\/floratiara.com\/#website"},"primaryImageOfPage":{"@id":"https:\/\/floratiara.com\/p\/enchanting-bridal-floral-tiara\/#primaryimage"},"image":{"@id":"https:\/\/floratiara.com\/p\/enchanting-bridal-floral-tiara\/#primaryimage"},"thumbnailUrl":"https:\/\/floratiara.com\/wp-content\/uploads\/2024\/03\/Sc483d331664a47f6bbfd72be2576bee4j.webp","datePublished":"2024-03-16T09:47:55+00:00","dateModified":"2024-12-12T01:40:56+00:00","description":"\u00danica y hermosa: Compre nuestra lujosa corona de flores Blossom Elegance. Tocado de alta calidad para que la ocasi\u00f3n sea inolvidable.","breadcrumb":{"@id":"https:\/\/floratiara.com\/p\/enchanting-bridal-floral-tiara\/#breadcrumb"},"inLanguage":"es","potentialAction":[{"@type":"ReadAction","target":["https:\/\/floratiara.com\/p\/enchanting-bridal-floral-tiara\/"]}]},{"@type":"ImageObject","inLanguage":"es","@id":"https:\/\/floratiara.com\/p\/enchanting-bridal-floral-tiara\/#primaryimage","url":"https:\/\/floratiara.com\/wp-content\/uploads\/2024\/03\/Sc483d331664a47f6bbfd72be2576bee4j.webp","contentUrl":"https:\/\/floratiara.com\/wp-content\/uploads\/2024\/03\/Sc483d331664a47f6bbfd72be2576bee4j.webp","width":1500,"height":1500},{"@type":"BreadcrumbList","@id":"https:\/\/floratiara.com\/p\/enchanting-bridal-floral-tiara\/#breadcrumb","itemListElement":[{"@type":"ListItem","position":1,"name":"Home","item":"https:\/\/floratiara.com\/"},{"@type":"ListItem","position":2,"name":"Shop","item":"https:\/\/floratiara.com\/shop\/"},{"@type":"ListItem","position":3,"name":"Luxurious Blossom Elegance Flower Crown"}]},{"@type":"WebSite","@id":"https:\/\/floratiara.com\/#website","url":"https:\/\/floratiara.com\/","name":"Flora Tiara","description":"","publisher":{"@id":"https:\/\/floratiara.com\/#organization"},"potentialAction":[{"@type":"SearchAction","target":{"@type":"EntryPoint","urlTemplate":"https:\/\/floratiara.com\/?s={search_term_string}"},"query-input":{"@type":"PropertyValueSpecification","valueRequired":true,"valueName":"search_term_string"}}],"inLanguage":"es"},{"@type":"Organization","@id":"https:\/\/floratiara.com\/#organization","name":"Flora Tiara","url":"https:\/\/floratiara.com\/","logo":{"@type":"ImageObject","inLanguage":"es","@id":"https:\/\/floratiara.com\/#\/schema\/logo\/image\/","url":"https:\/\/floratiara.com\/wp-content\/uploads\/2024\/03\/flora-tiara-logo.png","contentUrl":"https:\/\/floratiara.com\/wp-content\/uploads\/2024\/03\/flora-tiara-logo.png","width":1024,"height":274,"caption":"Flora Tiara"},"image":{"@id":"https:\/\/floratiara.com\/#\/schema\/logo\/image\/"}}]}},"_links":{"self":[{"href":"https:\/\/floratiara.com\/es\/wp-json\/wp\/v2\/product\/579","targetHints":{"allow":["GET"]}}],"collection":[{"href":"https:\/\/floratiara.com\/es\/wp-json\/wp\/v2\/product"}],"about":[{"href":"https:\/\/floratiara.com\/es\/wp-json\/wp\/v2\/types\/product"}],"wp:featuredmedia":[{"embeddable":true,"href":"https:\/\/floratiara.com\/es\/wp-json\/wp\/v2\/media\/578"}],"wp:attachment":[{"href":"https:\/\/floratiara.com\/es\/wp-json\/wp\/v2\/media?parent=579"}],"wp:term":[{"taxonomy":"product_brand","embeddable":true,"href":"https:\/\/floratiara.com\/es\/wp-json\/wp\/v2\/product_brand?post=579"},{"taxonomy":"product_cat","embeddable":true,"href":"https:\/\/floratiara.com\/es\/wp-json\/wp\/v2\/product_cat?post=579"},{"taxonomy":"product_tag","embeddable":true,"href":"https:\/\/floratiara.com\/es\/wp-json\/wp\/v2\/product_tag?post=579"}],"curies":[{"name":"wp","href":"https:\/\/api.w.org\/{rel}","templated":true}]}}