{"id":70,"date":"2024-03-16T06:43:54","date_gmt":"2024-03-16T06:43:54","guid":{"rendered":"https:\/\/floratiara.com\/?post_type=product&#038;p=70"},"modified":"2025-03-04T04:42:29","modified_gmt":"2025-03-04T04:42:29","slug":"tocado-de-novia-floral-adorno-elegante","status":"publish","type":"product","link":"https:\/\/floratiara.com\/es\/p\/tocado-de-novia-floral-adorno-elegante\/","title":{"rendered":"Diadema corona de flores de novia encantada"},"content":{"rendered":"<p>Descubre el encanto de los cuentos de hadas con nuestra diadema corona de flores para novia Encantada. Del\u00e9itese con el encanto de las rosas blancas y rosas pastel seleccionadas a mano, delicadamente entrelazadas con caprichosos astilbe rosa y bayas. La et\u00e9rea cinta marfil a\u00f1ade un toque de elegancia, garantizando un ajuste perfecto para cualquier ocasi\u00f3n especial. Ideal para futuras novias o como toque final a su atuendo festivo, el rom\u00e1ntico dise\u00f1o de este tocado elevar\u00e1 su conjunto, haciendo que cada momento parezca una p\u00e1gina de un libro de cuentos. Eleve su look con nuestra exquisita corona floral: la m\u00e1xima expresi\u00f3n de gracia y sofisticaci\u00f3n.<\/p><p>Composici\u00f3n: rosas rosas y blancas, astilbe rosa, bayas rosas, cinta marfil.<\/p>","protected":false},"excerpt":{"rendered":"<div style=\"width: 90%;text-align: left;margin: auto\"><p style=\"text-align:center\"><b>\ud83d\udc51 De nuestras manos a tu cabeza<\/b><br \/><i>Coronas de flores de lujo para cada ocasi\u00f3n<\/i><\/p><ul><li>\u2702\ufe0f Elaborado con esmero en el coraz\u00f3n de <b>Espa\u00f1a<\/b><\/li><li><b>\ud83d\udc90 Composici\u00f3n: rosas rosas y blancas, astilbe rosa, bayas rosas, cinta marfil.<\/b><\/li><\/ul><\/div>","protected":false},"featured_media":69,"template":"","meta":[],"product_brand":[],"product_cat":[61,78,73,59],"product_tag":[],"class_list":{"0":"post-70","1":"product","2":"type-product","3":"status-publish","4":"has-post-thumbnail","6":"product_cat-bridesmaid-floral-headpiece","7":"product_cat-dried-floral-headpiece","8":"product_cat-pink-floral-headpiece","9":"product_cat-bridal-floral-headpiece","11":"first","12":"instock","13":"shipping-taxable","14":"purchasable","15":"product-type-simple"},"yoast_head":"<!-- This site is optimized with the Yoast SEO plugin v25.9 - https:\/\/yoast.com\/wordpress\/plugins\/seo\/ -->\n<title>Enchanted Bridal Flower Crown Headband - Flora Tiara<\/title>\n<meta name=\"description\" content=\"Unique and beautiful: Shop our Enchanted Bridal Flower Crown Headband. Premium high quality headpiece to make the occasion unforgettable.\" \/>\n<meta name=\"robots\" content=\"index, follow, max-snippet:-1, max-image-preview:large, max-video-preview:-1\" \/>\n<link rel=\"canonical\" href=\"https:\/\/floratiara.com\/es\/p\/tocado-de-novia-floral-adorno-elegante\/\" \/>\n<meta property=\"og:locale\" content=\"es_ES\" \/>\n<meta property=\"og:type\" content=\"article\" \/>\n<meta property=\"og:title\" content=\"Enchanted Bridal Flower Crown Headband - Flora Tiara\" \/>\n<meta property=\"og:description\" content=\"Unique and beautiful: Shop our Enchanted Bridal Flower Crown Headband. Premium high quality headpiece to make the occasion unforgettable.\" \/>\n<meta property=\"og:url\" content=\"https:\/\/floratiara.com\/es\/p\/tocado-de-novia-floral-adorno-elegante\/\" \/>\n<meta property=\"og:site_name\" content=\"Flora Tiara\" \/>\n<meta property=\"article:modified_time\" content=\"2025-03-04T04:42:29+00:00\" \/>\n<meta property=\"og:image\" content=\"https:\/\/floratiara.com\/wp-content\/uploads\/2024\/03\/S99017d28e3124161b3862d1fef281358m.webp\" \/>\n\t<meta property=\"og:image:width\" content=\"1500\" \/>\n\t<meta property=\"og:image:height\" content=\"1500\" \/>\n\t<meta property=\"og:image:type\" content=\"image\/webp\" \/>\n<meta name=\"twitter:card\" content=\"summary_large_image\" \/>\n<meta name=\"twitter:label1\" content=\"Tiempo de lectura\" \/>\n\t<meta name=\"twitter:data1\" content=\"1 minuto\" \/>\n<script type=\"application\/ld+json\" class=\"yoast-schema-graph\">{\"@context\":\"https:\/\/schema.org\",\"@graph\":[{\"@type\":\"WebPage\",\"@id\":\"https:\/\/floratiara.com\/p\/floral-wedding-headpiece-elegant-adornment\/\",\"url\":\"https:\/\/floratiara.com\/p\/floral-wedding-headpiece-elegant-adornment\/\",\"name\":\"Enchanted Bridal Flower Crown Headband - Flora Tiara\",\"isPartOf\":{\"@id\":\"https:\/\/floratiara.com\/#website\"},\"primaryImageOfPage\":{\"@id\":\"https:\/\/floratiara.com\/p\/floral-wedding-headpiece-elegant-adornment\/#primaryimage\"},\"image\":{\"@id\":\"https:\/\/floratiara.com\/p\/floral-wedding-headpiece-elegant-adornment\/#primaryimage\"},\"thumbnailUrl\":\"https:\/\/floratiara.com\/wp-content\/uploads\/2024\/03\/S99017d28e3124161b3862d1fef281358m.webp\",\"datePublished\":\"2024-03-16T06:43:54+00:00\",\"dateModified\":\"2025-03-04T04:42:29+00:00\",\"description\":\"Unique and beautiful: Shop our Enchanted Bridal Flower Crown Headband. Premium high quality headpiece to make the occasion unforgettable.\",\"breadcrumb\":{\"@id\":\"https:\/\/floratiara.com\/p\/floral-wedding-headpiece-elegant-adornment\/#breadcrumb\"},\"inLanguage\":\"es\",\"potentialAction\":[{\"@type\":\"ReadAction\",\"target\":[\"https:\/\/floratiara.com\/p\/floral-wedding-headpiece-elegant-adornment\/\"]}]},{\"@type\":\"ImageObject\",\"inLanguage\":\"es\",\"@id\":\"https:\/\/floratiara.com\/p\/floral-wedding-headpiece-elegant-adornment\/#primaryimage\",\"url\":\"https:\/\/floratiara.com\/wp-content\/uploads\/2024\/03\/S99017d28e3124161b3862d1fef281358m.webp\",\"contentUrl\":\"https:\/\/floratiara.com\/wp-content\/uploads\/2024\/03\/S99017d28e3124161b3862d1fef281358m.webp\",\"width\":1500,\"height\":1500},{\"@type\":\"BreadcrumbList\",\"@id\":\"https:\/\/floratiara.com\/p\/floral-wedding-headpiece-elegant-adornment\/#breadcrumb\",\"itemListElement\":[{\"@type\":\"ListItem\",\"position\":1,\"name\":\"Home\",\"item\":\"https:\/\/floratiara.com\/\"},{\"@type\":\"ListItem\",\"position\":2,\"name\":\"Shop\",\"item\":\"https:\/\/floratiara.com\/shop\/\"},{\"@type\":\"ListItem\",\"position\":3,\"name\":\"Enchanted Bridal Flower Crown Headband\"}]},{\"@type\":\"WebSite\",\"@id\":\"https:\/\/floratiara.com\/#website\",\"url\":\"https:\/\/floratiara.com\/\",\"name\":\"Flora Tiara\",\"description\":\"\",\"publisher\":{\"@id\":\"https:\/\/floratiara.com\/#organization\"},\"potentialAction\":[{\"@type\":\"SearchAction\",\"target\":{\"@type\":\"EntryPoint\",\"urlTemplate\":\"https:\/\/floratiara.com\/?s={search_term_string}\"},\"query-input\":{\"@type\":\"PropertyValueSpecification\",\"valueRequired\":true,\"valueName\":\"search_term_string\"}}],\"inLanguage\":\"es\"},{\"@type\":\"Organization\",\"@id\":\"https:\/\/floratiara.com\/#organization\",\"name\":\"Flora Tiara\",\"url\":\"https:\/\/floratiara.com\/\",\"logo\":{\"@type\":\"ImageObject\",\"inLanguage\":\"es\",\"@id\":\"https:\/\/floratiara.com\/#\/schema\/logo\/image\/\",\"url\":\"https:\/\/floratiara.com\/wp-content\/uploads\/2024\/03\/flora-tiara-logo.png\",\"contentUrl\":\"https:\/\/floratiara.com\/wp-content\/uploads\/2024\/03\/flora-tiara-logo.png\",\"width\":1024,\"height\":274,\"caption\":\"Flora Tiara\"},\"image\":{\"@id\":\"https:\/\/floratiara.com\/#\/schema\/logo\/image\/\"}}]}<\/script>\n<!-- \/ Yoast SEO plugin. -->","yoast_head_json":{"title":"Diadema Corona de Flores de Novia Encantada - Flora Tiara","description":"\u00danica y preciosa: Compra nuestra diadema corona de flores de novia encantada. Tocado de alta calidad para que la ocasi\u00f3n sea inolvidable.","robots":{"index":"index","follow":"follow","max-snippet":"max-snippet:-1","max-image-preview":"max-image-preview:large","max-video-preview":"max-video-preview:-1"},"canonical":"https:\/\/floratiara.com\/es\/p\/tocado-de-novia-floral-adorno-elegante\/","og_locale":"es_ES","og_type":"article","og_title":"Enchanted Bridal Flower Crown Headband - Flora Tiara","og_description":"Unique and beautiful: Shop our Enchanted Bridal Flower Crown Headband. Premium high quality headpiece to make the occasion unforgettable.","og_url":"https:\/\/floratiara.com\/es\/p\/tocado-de-novia-floral-adorno-elegante\/","og_site_name":"Flora Tiara","article_modified_time":"2025-03-04T04:42:29+00:00","og_image":[{"width":1500,"height":1500,"url":"https:\/\/floratiara.com\/wp-content\/uploads\/2024\/03\/S99017d28e3124161b3862d1fef281358m.webp","type":"image\/webp"}],"twitter_card":"summary_large_image","twitter_misc":{"Tiempo de lectura":"1 minuto"},"schema":{"@context":"https:\/\/schema.org","@graph":[{"@type":"WebPage","@id":"https:\/\/floratiara.com\/p\/floral-wedding-headpiece-elegant-adornment\/","url":"https:\/\/floratiara.com\/p\/floral-wedding-headpiece-elegant-adornment\/","name":"Diadema Corona de Flores de Novia Encantada - Flora Tiara","isPartOf":{"@id":"https:\/\/floratiara.com\/#website"},"primaryImageOfPage":{"@id":"https:\/\/floratiara.com\/p\/floral-wedding-headpiece-elegant-adornment\/#primaryimage"},"image":{"@id":"https:\/\/floratiara.com\/p\/floral-wedding-headpiece-elegant-adornment\/#primaryimage"},"thumbnailUrl":"https:\/\/floratiara.com\/wp-content\/uploads\/2024\/03\/S99017d28e3124161b3862d1fef281358m.webp","datePublished":"2024-03-16T06:43:54+00:00","dateModified":"2025-03-04T04:42:29+00:00","description":"\u00danica y preciosa: Compra nuestra diadema corona de flores de novia encantada. Tocado de alta calidad para que la ocasi\u00f3n sea inolvidable.","breadcrumb":{"@id":"https:\/\/floratiara.com\/p\/floral-wedding-headpiece-elegant-adornment\/#breadcrumb"},"inLanguage":"es","potentialAction":[{"@type":"ReadAction","target":["https:\/\/floratiara.com\/p\/floral-wedding-headpiece-elegant-adornment\/"]}]},{"@type":"ImageObject","inLanguage":"es","@id":"https:\/\/floratiara.com\/p\/floral-wedding-headpiece-elegant-adornment\/#primaryimage","url":"https:\/\/floratiara.com\/wp-content\/uploads\/2024\/03\/S99017d28e3124161b3862d1fef281358m.webp","contentUrl":"https:\/\/floratiara.com\/wp-content\/uploads\/2024\/03\/S99017d28e3124161b3862d1fef281358m.webp","width":1500,"height":1500},{"@type":"BreadcrumbList","@id":"https:\/\/floratiara.com\/p\/floral-wedding-headpiece-elegant-adornment\/#breadcrumb","itemListElement":[{"@type":"ListItem","position":1,"name":"Home","item":"https:\/\/floratiara.com\/"},{"@type":"ListItem","position":2,"name":"Shop","item":"https:\/\/floratiara.com\/shop\/"},{"@type":"ListItem","position":3,"name":"Enchanted Bridal Flower Crown Headband"}]},{"@type":"WebSite","@id":"https:\/\/floratiara.com\/#website","url":"https:\/\/floratiara.com\/","name":"Flora Tiara","description":"","publisher":{"@id":"https:\/\/floratiara.com\/#organization"},"potentialAction":[{"@type":"SearchAction","target":{"@type":"EntryPoint","urlTemplate":"https:\/\/floratiara.com\/?s={search_term_string}"},"query-input":{"@type":"PropertyValueSpecification","valueRequired":true,"valueName":"search_term_string"}}],"inLanguage":"es"},{"@type":"Organization","@id":"https:\/\/floratiara.com\/#organization","name":"Flora Tiara","url":"https:\/\/floratiara.com\/","logo":{"@type":"ImageObject","inLanguage":"es","@id":"https:\/\/floratiara.com\/#\/schema\/logo\/image\/","url":"https:\/\/floratiara.com\/wp-content\/uploads\/2024\/03\/flora-tiara-logo.png","contentUrl":"https:\/\/floratiara.com\/wp-content\/uploads\/2024\/03\/flora-tiara-logo.png","width":1024,"height":274,"caption":"Flora Tiara"},"image":{"@id":"https:\/\/floratiara.com\/#\/schema\/logo\/image\/"}}]}},"_links":{"self":[{"href":"https:\/\/floratiara.com\/es\/wp-json\/wp\/v2\/product\/70","targetHints":{"allow":["GET"]}}],"collection":[{"href":"https:\/\/floratiara.com\/es\/wp-json\/wp\/v2\/product"}],"about":[{"href":"https:\/\/floratiara.com\/es\/wp-json\/wp\/v2\/types\/product"}],"wp:featuredmedia":[{"embeddable":true,"href":"https:\/\/floratiara.com\/es\/wp-json\/wp\/v2\/media\/69"}],"wp:attachment":[{"href":"https:\/\/floratiara.com\/es\/wp-json\/wp\/v2\/media?parent=70"}],"wp:term":[{"taxonomy":"product_brand","embeddable":true,"href":"https:\/\/floratiara.com\/es\/wp-json\/wp\/v2\/product_brand?post=70"},{"taxonomy":"product_cat","embeddable":true,"href":"https:\/\/floratiara.com\/es\/wp-json\/wp\/v2\/product_cat?post=70"},{"taxonomy":"product_tag","embeddable":true,"href":"https:\/\/floratiara.com\/es\/wp-json\/wp\/v2\/product_tag?post=70"}],"curies":[{"name":"wp","href":"https:\/\/api.w.org\/{rel}","templated":true}]}}