{"id":138,"date":"2024-03-16T06:53:49","date_gmt":"2024-03-16T06:53:49","guid":{"rendered":"https:\/\/floratiara.com\/?post_type=product&#038;p=138"},"modified":"2025-03-04T04:42:31","modified_gmt":"2025-03-04T04:42:31","slug":"oie-peakatte-pulmapea-garland","status":"publish","type":"product","link":"https:\/\/floratiara.com\/et\/p\/oie-peakatte-pulmapea-garland\/","title":{"rendered":"Lillekroon pruudi peapael lillegirlande"},"content":{"rendered":"<p>Kaunista iga kord meie lummava lillekrooniga pruudi peapaelaga, mis on elegantsi ja looduse sulam. Kreemjad roosid ja lopsakad lillad \u00f5ied loovad kuningliku aura, mida t\u00e4iendavad rahulikud lavendlilillad ja \u00f5rnad valged lille\u00f5ied. Elav roheline lehestik raamib seda meistriteost, tagades, et te kiirgate tujukust ja rafineeritust. T\u00e4ielikult reguleeritav lillekimbuke on ajatu lisa teie garderoobile - ideaalne pulmadeks, pidustusteks v\u00f5i igap\u00e4evase maagia nautimiseks. T\u00f5sta oma v\u00e4limust selle muinasjutulise aksessuaariga ning j\u00e4\u00e4dvusta iga v\u00e4\u00e4rtusliku hetke sisuliselt ja elegantselt. Kindlustage oma n\u00fc\u00fcd ja laske oma ilu \u00f5itseda.<\/p><p>Koosseis: kreemikas roosid, lillad topelt\u00f5ied, mis meenutavad dahliat v\u00f5i kameeliat, v\u00e4ikesed lavendliv\u00e4rvilised martsikakujulised \u00f5ied, roheline lehestik ja v\u00e4ikeste valgete \u00f5ite okstest koosnevad oksad.<\/p>","protected":false},"excerpt":{"rendered":"<div style=\"width: 90%;text-align: left;margin: auto\"><p style=\"text-align:center\"><b>\ud83d\udc51 Meie k\u00e4est sinu p\u00e4he<\/b><br \/><i>Luksuslikud lillekroonid igaks juhuks<\/i><\/p><ul><li>\u2702\ufe0f Hoolikalt valmistatud s\u00fcdames asuvas <b>Eesti<\/b><\/li><li><b>\ud83d\udc90 Koostis: kreemjad roosid, lillad topelt\u00f5ied, mis meenutavad dahliat v\u00f5i kameeliat, v\u00e4ikesed lavendliv\u00e4rvilised marekad, roheline lehestik ja v\u00e4ikeste valgete lillede okstest koosnevad oksad.<\/b><\/li><\/ul><\/div>","protected":false},"featured_media":136,"template":"","meta":[],"product_brand":[],"product_cat":[61,74,59],"product_tag":[],"class_list":{"0":"post-138","1":"product","2":"type-product","3":"status-publish","4":"has-post-thumbnail","6":"product_cat-bridesmaid-floral-headpiece","7":"product_cat-purple-floral-headpiece","8":"product_cat-bridal-floral-headpiece","10":"first","11":"instock","12":"shipping-taxable","13":"purchasable","14":"product-type-simple"},"yoast_head":"<!-- This site is optimized with the Yoast SEO plugin v25.9 - https:\/\/yoast.com\/wordpress\/plugins\/seo\/ -->\n<title>Flower Crown Bridal Headband Floral Garland - Flora Tiara<\/title>\n<meta name=\"description\" content=\"Unique and beautiful: Shop our Flower Crown Bridal Headband Floral Garland. Premium high quality headpiece to make the occasion unforgettable.\" \/>\n<meta name=\"robots\" content=\"index, follow, max-snippet:-1, max-image-preview:large, max-video-preview:-1\" \/>\n<link rel=\"canonical\" href=\"https:\/\/floratiara.com\/et\/p\/oie-peakatte-pulmapea-garland\/\" \/>\n<meta property=\"og:locale\" content=\"et_EE\" \/>\n<meta property=\"og:type\" content=\"article\" \/>\n<meta property=\"og:title\" content=\"Flower Crown Bridal Headband Floral Garland - Flora Tiara\" \/>\n<meta property=\"og:description\" content=\"Unique and beautiful: Shop our Flower Crown Bridal Headband Floral Garland. Premium high quality headpiece to make the occasion unforgettable.\" \/>\n<meta property=\"og:url\" content=\"https:\/\/floratiara.com\/et\/p\/oie-peakatte-pulmapea-garland\/\" \/>\n<meta property=\"og:site_name\" content=\"Flora Tiara\" \/>\n<meta property=\"article:modified_time\" content=\"2025-03-04T04:42:31+00:00\" \/>\n<meta property=\"og:image\" content=\"https:\/\/floratiara.com\/wp-content\/uploads\/2024\/03\/Hbd86f72795e7414fbb7b65a9c783cb8d8.webp\" \/>\n\t<meta property=\"og:image:width\" content=\"1500\" \/>\n\t<meta property=\"og:image:height\" content=\"1500\" \/>\n\t<meta property=\"og:image:type\" content=\"image\/webp\" \/>\n<meta name=\"twitter:card\" content=\"summary_large_image\" \/>\n<meta name=\"twitter:label1\" content=\"Est. reading time\" \/>\n\t<meta name=\"twitter:data1\" content=\"1 minut\" \/>\n<script type=\"application\/ld+json\" class=\"yoast-schema-graph\">{\"@context\":\"https:\/\/schema.org\",\"@graph\":[{\"@type\":\"WebPage\",\"@id\":\"https:\/\/floratiara.com\/p\/blossom-headdress-wedding-headpiece-garland\/\",\"url\":\"https:\/\/floratiara.com\/p\/blossom-headdress-wedding-headpiece-garland\/\",\"name\":\"Flower Crown Bridal Headband Floral Garland - Flora Tiara\",\"isPartOf\":{\"@id\":\"https:\/\/floratiara.com\/#website\"},\"primaryImageOfPage\":{\"@id\":\"https:\/\/floratiara.com\/p\/blossom-headdress-wedding-headpiece-garland\/#primaryimage\"},\"image\":{\"@id\":\"https:\/\/floratiara.com\/p\/blossom-headdress-wedding-headpiece-garland\/#primaryimage\"},\"thumbnailUrl\":\"https:\/\/floratiara.com\/wp-content\/uploads\/2024\/03\/Hbd86f72795e7414fbb7b65a9c783cb8d8.webp\",\"datePublished\":\"2024-03-16T06:53:49+00:00\",\"dateModified\":\"2025-03-04T04:42:31+00:00\",\"description\":\"Unique and beautiful: Shop our Flower Crown Bridal Headband Floral Garland. Premium high quality headpiece to make the occasion unforgettable.\",\"breadcrumb\":{\"@id\":\"https:\/\/floratiara.com\/p\/blossom-headdress-wedding-headpiece-garland\/#breadcrumb\"},\"inLanguage\":\"et\",\"potentialAction\":[{\"@type\":\"ReadAction\",\"target\":[\"https:\/\/floratiara.com\/p\/blossom-headdress-wedding-headpiece-garland\/\"]}]},{\"@type\":\"ImageObject\",\"inLanguage\":\"et\",\"@id\":\"https:\/\/floratiara.com\/p\/blossom-headdress-wedding-headpiece-garland\/#primaryimage\",\"url\":\"https:\/\/floratiara.com\/wp-content\/uploads\/2024\/03\/Hbd86f72795e7414fbb7b65a9c783cb8d8.webp\",\"contentUrl\":\"https:\/\/floratiara.com\/wp-content\/uploads\/2024\/03\/Hbd86f72795e7414fbb7b65a9c783cb8d8.webp\",\"width\":1500,\"height\":1500},{\"@type\":\"BreadcrumbList\",\"@id\":\"https:\/\/floratiara.com\/p\/blossom-headdress-wedding-headpiece-garland\/#breadcrumb\",\"itemListElement\":[{\"@type\":\"ListItem\",\"position\":1,\"name\":\"Home\",\"item\":\"https:\/\/floratiara.com\/\"},{\"@type\":\"ListItem\",\"position\":2,\"name\":\"Shop\",\"item\":\"https:\/\/floratiara.com\/shop\/\"},{\"@type\":\"ListItem\",\"position\":3,\"name\":\"Flower Crown Bridal Headband Floral Garland\"}]},{\"@type\":\"WebSite\",\"@id\":\"https:\/\/floratiara.com\/#website\",\"url\":\"https:\/\/floratiara.com\/\",\"name\":\"Flora Tiara\",\"description\":\"\",\"publisher\":{\"@id\":\"https:\/\/floratiara.com\/#organization\"},\"potentialAction\":[{\"@type\":\"SearchAction\",\"target\":{\"@type\":\"EntryPoint\",\"urlTemplate\":\"https:\/\/floratiara.com\/?s={search_term_string}\"},\"query-input\":{\"@type\":\"PropertyValueSpecification\",\"valueRequired\":true,\"valueName\":\"search_term_string\"}}],\"inLanguage\":\"et\"},{\"@type\":\"Organization\",\"@id\":\"https:\/\/floratiara.com\/#organization\",\"name\":\"Flora Tiara\",\"url\":\"https:\/\/floratiara.com\/\",\"logo\":{\"@type\":\"ImageObject\",\"inLanguage\":\"et\",\"@id\":\"https:\/\/floratiara.com\/#\/schema\/logo\/image\/\",\"url\":\"https:\/\/floratiara.com\/wp-content\/uploads\/2024\/03\/flora-tiara-logo.png\",\"contentUrl\":\"https:\/\/floratiara.com\/wp-content\/uploads\/2024\/03\/flora-tiara-logo.png\",\"width\":1024,\"height\":274,\"caption\":\"Flora Tiara\"},\"image\":{\"@id\":\"https:\/\/floratiara.com\/#\/schema\/logo\/image\/\"}}]}<\/script>\n<!-- \/ Yoast SEO plugin. -->","yoast_head_json":{"title":"Lillekroon pruudi peapael lillegirlande - Flora Tiara","description":"Unikaalne ja ilus: Osta meie Flower Crown Bridal Headband lillegirlande. Premium kvaliteetne peakate, et muuta s\u00fcndmus unustamatuks.","robots":{"index":"index","follow":"follow","max-snippet":"max-snippet:-1","max-image-preview":"max-image-preview:large","max-video-preview":"max-video-preview:-1"},"canonical":"https:\/\/floratiara.com\/et\/p\/oie-peakatte-pulmapea-garland\/","og_locale":"et_EE","og_type":"article","og_title":"Flower Crown Bridal Headband Floral Garland - Flora Tiara","og_description":"Unique and beautiful: Shop our Flower Crown Bridal Headband Floral Garland. Premium high quality headpiece to make the occasion unforgettable.","og_url":"https:\/\/floratiara.com\/et\/p\/oie-peakatte-pulmapea-garland\/","og_site_name":"Flora Tiara","article_modified_time":"2025-03-04T04:42:31+00:00","og_image":[{"width":1500,"height":1500,"url":"https:\/\/floratiara.com\/wp-content\/uploads\/2024\/03\/Hbd86f72795e7414fbb7b65a9c783cb8d8.webp","type":"image\/webp"}],"twitter_card":"summary_large_image","twitter_misc":{"Est. reading time":"1 minut"},"schema":{"@context":"https:\/\/schema.org","@graph":[{"@type":"WebPage","@id":"https:\/\/floratiara.com\/p\/blossom-headdress-wedding-headpiece-garland\/","url":"https:\/\/floratiara.com\/p\/blossom-headdress-wedding-headpiece-garland\/","name":"Lillekroon pruudi peapael lillegirlande - Flora Tiara","isPartOf":{"@id":"https:\/\/floratiara.com\/#website"},"primaryImageOfPage":{"@id":"https:\/\/floratiara.com\/p\/blossom-headdress-wedding-headpiece-garland\/#primaryimage"},"image":{"@id":"https:\/\/floratiara.com\/p\/blossom-headdress-wedding-headpiece-garland\/#primaryimage"},"thumbnailUrl":"https:\/\/floratiara.com\/wp-content\/uploads\/2024\/03\/Hbd86f72795e7414fbb7b65a9c783cb8d8.webp","datePublished":"2024-03-16T06:53:49+00:00","dateModified":"2025-03-04T04:42:31+00:00","description":"Unikaalne ja ilus: Osta meie Flower Crown Bridal Headband lillegirlande. Premium kvaliteetne peakate, et muuta s\u00fcndmus unustamatuks.","breadcrumb":{"@id":"https:\/\/floratiara.com\/p\/blossom-headdress-wedding-headpiece-garland\/#breadcrumb"},"inLanguage":"et","potentialAction":[{"@type":"ReadAction","target":["https:\/\/floratiara.com\/p\/blossom-headdress-wedding-headpiece-garland\/"]}]},{"@type":"ImageObject","inLanguage":"et","@id":"https:\/\/floratiara.com\/p\/blossom-headdress-wedding-headpiece-garland\/#primaryimage","url":"https:\/\/floratiara.com\/wp-content\/uploads\/2024\/03\/Hbd86f72795e7414fbb7b65a9c783cb8d8.webp","contentUrl":"https:\/\/floratiara.com\/wp-content\/uploads\/2024\/03\/Hbd86f72795e7414fbb7b65a9c783cb8d8.webp","width":1500,"height":1500},{"@type":"BreadcrumbList","@id":"https:\/\/floratiara.com\/p\/blossom-headdress-wedding-headpiece-garland\/#breadcrumb","itemListElement":[{"@type":"ListItem","position":1,"name":"Home","item":"https:\/\/floratiara.com\/"},{"@type":"ListItem","position":2,"name":"Shop","item":"https:\/\/floratiara.com\/shop\/"},{"@type":"ListItem","position":3,"name":"Flower Crown Bridal Headband Floral Garland"}]},{"@type":"WebSite","@id":"https:\/\/floratiara.com\/#website","url":"https:\/\/floratiara.com\/","name":"Flora Tiara","description":"","publisher":{"@id":"https:\/\/floratiara.com\/#organization"},"potentialAction":[{"@type":"SearchAction","target":{"@type":"EntryPoint","urlTemplate":"https:\/\/floratiara.com\/?s={search_term_string}"},"query-input":{"@type":"PropertyValueSpecification","valueRequired":true,"valueName":"search_term_string"}}],"inLanguage":"et"},{"@type":"Organization","@id":"https:\/\/floratiara.com\/#organization","name":"Flora Tiara","url":"https:\/\/floratiara.com\/","logo":{"@type":"ImageObject","inLanguage":"et","@id":"https:\/\/floratiara.com\/#\/schema\/logo\/image\/","url":"https:\/\/floratiara.com\/wp-content\/uploads\/2024\/03\/flora-tiara-logo.png","contentUrl":"https:\/\/floratiara.com\/wp-content\/uploads\/2024\/03\/flora-tiara-logo.png","width":1024,"height":274,"caption":"Flora Tiara"},"image":{"@id":"https:\/\/floratiara.com\/#\/schema\/logo\/image\/"}}]}},"_links":{"self":[{"href":"https:\/\/floratiara.com\/et\/wp-json\/wp\/v2\/product\/138","targetHints":{"allow":["GET"]}}],"collection":[{"href":"https:\/\/floratiara.com\/et\/wp-json\/wp\/v2\/product"}],"about":[{"href":"https:\/\/floratiara.com\/et\/wp-json\/wp\/v2\/types\/product"}],"wp:featuredmedia":[{"embeddable":true,"href":"https:\/\/floratiara.com\/et\/wp-json\/wp\/v2\/media\/136"}],"wp:attachment":[{"href":"https:\/\/floratiara.com\/et\/wp-json\/wp\/v2\/media?parent=138"}],"wp:term":[{"taxonomy":"product_brand","embeddable":true,"href":"https:\/\/floratiara.com\/et\/wp-json\/wp\/v2\/product_brand?post=138"},{"taxonomy":"product_cat","embeddable":true,"href":"https:\/\/floratiara.com\/et\/wp-json\/wp\/v2\/product_cat?post=138"},{"taxonomy":"product_tag","embeddable":true,"href":"https:\/\/floratiara.com\/et\/wp-json\/wp\/v2\/product_tag?post=138"}],"curies":[{"name":"wp","href":"https:\/\/api.w.org\/{rel}","templated":true}]}}