{"id":171,"date":"2024-03-16T09:37:33","date_gmt":"2024-03-16T09:37:33","guid":{"rendered":"https:\/\/floratiara.com\/?post_type=product&#038;p=171"},"modified":"2025-03-04T04:42:31","modified_gmt":"2025-03-04T04:42:31","slug":"pruudi-lillekoisik-peakate-3","status":"publish","type":"product","link":"https:\/\/floratiara.com\/et\/p\/pruudi-lillekoisik-peakate-3\/","title":{"rendered":"Enchanted Blossom Flower Crown peapael"},"content":{"rendered":"<p>T\u00f5sta oma v\u00e4limust meie Enchanted Blossom Flower Crown'iga, mis on elegantsi meistriteos mis tahes erilise s\u00fcndmuse jaoks. See peen peakate on segu kahvaturoosa roosadest ja s\u00e4ravatest valgetest p\u00e4evak\u00fc\u00fcntest, mida r\u00f5hutavad kreemikas pritsmede roosid ja lopsakas rohelus. See on ideaalne pruutidele v\u00f5i festivalidel osalejatele, see on muinasjutuline aktsent, mis t\u00f5otab muuta teie ansamblit. Lase sellel esmaklassilisel, kunstip\u00e4rasel aksessuaaril inspireerida oma j\u00e4rgmist unustamatut hetke - ideaalne pulmadeks, pidustusteks v\u00f5i lihtsalt looduse ilu nautimiseks.<\/p><p>Kompositsioon: kahvaturoosad roosid, valged martsikad, kreemjad pihlmutterroosid, rohelised lehed, valged t\u00e4itelilled.<\/p>","protected":false},"excerpt":{"rendered":"<div style=\"width: 90%;text-align: left;margin: auto\"><p style=\"text-align:center\"><b>\ud83d\udc51 Meie k\u00e4est sinu p\u00e4he<\/b><br \/><i>Luksuslikud lillekroonid igaks juhuks<\/i><\/p><ul><li>\u2702\ufe0f Hoolikalt valmistatud s\u00fcdames asuvas <b>Eesti<\/b><\/li><li><b>\ud83d\udc90 Kompositsioon: kahvaturoosad roosad, valged marekad, kreemjad pihlmutterroosid, rohelised lehed, valged t\u00e4itelilled.<\/b><\/li><\/ul><\/div>","protected":false},"featured_media":170,"template":"","meta":[],"product_brand":[],"product_cat":[61,73,59],"product_tag":[],"class_list":{"0":"post-171","1":"product","2":"type-product","3":"status-publish","4":"has-post-thumbnail","6":"product_cat-bridesmaid-floral-headpiece","7":"product_cat-pink-floral-headpiece","8":"product_cat-bridal-floral-headpiece","10":"first","11":"instock","12":"shipping-taxable","13":"purchasable","14":"product-type-simple"},"yoast_head":"<!-- This site is optimized with the Yoast SEO plugin v25.9 - https:\/\/yoast.com\/wordpress\/plugins\/seo\/ -->\n<title>Enchanted Blossom Flower Crown Headband - Flora Tiara<\/title>\n<meta name=\"description\" content=\"Unique and beautiful: Shop our Enchanted Blossom Flower Crown Headband. Premium high quality headpiece to make the occasion unforgettable.\" \/>\n<meta name=\"robots\" content=\"index, follow, max-snippet:-1, max-image-preview:large, max-video-preview:-1\" \/>\n<link rel=\"canonical\" href=\"https:\/\/floratiara.com\/et\/p\/pruudi-lillekoisik-peakate-3\/\" \/>\n<meta property=\"og:locale\" content=\"et_EE\" \/>\n<meta property=\"og:type\" content=\"article\" \/>\n<meta property=\"og:title\" content=\"Enchanted Blossom Flower Crown Headband - Flora Tiara\" \/>\n<meta property=\"og:description\" content=\"Unique and beautiful: Shop our Enchanted Blossom Flower Crown Headband. Premium high quality headpiece to make the occasion unforgettable.\" \/>\n<meta property=\"og:url\" content=\"https:\/\/floratiara.com\/et\/p\/pruudi-lillekoisik-peakate-3\/\" \/>\n<meta property=\"og:site_name\" content=\"Flora Tiara\" \/>\n<meta property=\"article:modified_time\" content=\"2025-03-04T04:42:31+00:00\" \/>\n<meta property=\"og:image\" content=\"https:\/\/floratiara.com\/wp-content\/uploads\/2024\/03\/Hca5dc49eda234772ad7bc8522b1b779dK.webp\" \/>\n\t<meta property=\"og:image:width\" content=\"1500\" \/>\n\t<meta property=\"og:image:height\" content=\"1500\" \/>\n\t<meta property=\"og:image:type\" content=\"image\/webp\" \/>\n<meta name=\"twitter:card\" content=\"summary_large_image\" \/>\n<meta name=\"twitter:label1\" content=\"Est. reading time\" \/>\n\t<meta name=\"twitter:data1\" content=\"1 minut\" \/>\n<script type=\"application\/ld+json\" class=\"yoast-schema-graph\">{\"@context\":\"https:\/\/schema.org\",\"@graph\":[{\"@type\":\"WebPage\",\"@id\":\"https:\/\/floratiara.com\/p\/bridal-floral-garland-headpiece-3\/\",\"url\":\"https:\/\/floratiara.com\/p\/bridal-floral-garland-headpiece-3\/\",\"name\":\"Enchanted Blossom Flower Crown Headband - Flora Tiara\",\"isPartOf\":{\"@id\":\"https:\/\/floratiara.com\/#website\"},\"primaryImageOfPage\":{\"@id\":\"https:\/\/floratiara.com\/p\/bridal-floral-garland-headpiece-3\/#primaryimage\"},\"image\":{\"@id\":\"https:\/\/floratiara.com\/p\/bridal-floral-garland-headpiece-3\/#primaryimage\"},\"thumbnailUrl\":\"https:\/\/floratiara.com\/wp-content\/uploads\/2024\/03\/Hca5dc49eda234772ad7bc8522b1b779dK.webp\",\"datePublished\":\"2024-03-16T09:37:33+00:00\",\"dateModified\":\"2025-03-04T04:42:31+00:00\",\"description\":\"Unique and beautiful: Shop our Enchanted Blossom Flower Crown Headband. Premium high quality headpiece to make the occasion unforgettable.\",\"breadcrumb\":{\"@id\":\"https:\/\/floratiara.com\/p\/bridal-floral-garland-headpiece-3\/#breadcrumb\"},\"inLanguage\":\"et\",\"potentialAction\":[{\"@type\":\"ReadAction\",\"target\":[\"https:\/\/floratiara.com\/p\/bridal-floral-garland-headpiece-3\/\"]}]},{\"@type\":\"ImageObject\",\"inLanguage\":\"et\",\"@id\":\"https:\/\/floratiara.com\/p\/bridal-floral-garland-headpiece-3\/#primaryimage\",\"url\":\"https:\/\/floratiara.com\/wp-content\/uploads\/2024\/03\/Hca5dc49eda234772ad7bc8522b1b779dK.webp\",\"contentUrl\":\"https:\/\/floratiara.com\/wp-content\/uploads\/2024\/03\/Hca5dc49eda234772ad7bc8522b1b779dK.webp\",\"width\":1500,\"height\":1500},{\"@type\":\"BreadcrumbList\",\"@id\":\"https:\/\/floratiara.com\/p\/bridal-floral-garland-headpiece-3\/#breadcrumb\",\"itemListElement\":[{\"@type\":\"ListItem\",\"position\":1,\"name\":\"Home\",\"item\":\"https:\/\/floratiara.com\/\"},{\"@type\":\"ListItem\",\"position\":2,\"name\":\"Shop\",\"item\":\"https:\/\/floratiara.com\/shop\/\"},{\"@type\":\"ListItem\",\"position\":3,\"name\":\"Enchanted Blossom Flower Crown Headband\"}]},{\"@type\":\"WebSite\",\"@id\":\"https:\/\/floratiara.com\/#website\",\"url\":\"https:\/\/floratiara.com\/\",\"name\":\"Flora Tiara\",\"description\":\"\",\"publisher\":{\"@id\":\"https:\/\/floratiara.com\/#organization\"},\"potentialAction\":[{\"@type\":\"SearchAction\",\"target\":{\"@type\":\"EntryPoint\",\"urlTemplate\":\"https:\/\/floratiara.com\/?s={search_term_string}\"},\"query-input\":{\"@type\":\"PropertyValueSpecification\",\"valueRequired\":true,\"valueName\":\"search_term_string\"}}],\"inLanguage\":\"et\"},{\"@type\":\"Organization\",\"@id\":\"https:\/\/floratiara.com\/#organization\",\"name\":\"Flora Tiara\",\"url\":\"https:\/\/floratiara.com\/\",\"logo\":{\"@type\":\"ImageObject\",\"inLanguage\":\"et\",\"@id\":\"https:\/\/floratiara.com\/#\/schema\/logo\/image\/\",\"url\":\"https:\/\/floratiara.com\/wp-content\/uploads\/2024\/03\/flora-tiara-logo.png\",\"contentUrl\":\"https:\/\/floratiara.com\/wp-content\/uploads\/2024\/03\/flora-tiara-logo.png\",\"width\":1024,\"height\":274,\"caption\":\"Flora Tiara\"},\"image\":{\"@id\":\"https:\/\/floratiara.com\/#\/schema\/logo\/image\/\"}}]}<\/script>\n<!-- \/ Yoast SEO plugin. -->","yoast_head_json":{"title":"Lummatud \u00f5ied lillekrooniga peapael - Flora Tiara","description":"Unikaalne ja ilus: Osta meie lummatud \u00f5ied lillekroonide peapael. Premium kvaliteetne peakate, mis muudab s\u00fcndmuse unustamatuks.","robots":{"index":"index","follow":"follow","max-snippet":"max-snippet:-1","max-image-preview":"max-image-preview:large","max-video-preview":"max-video-preview:-1"},"canonical":"https:\/\/floratiara.com\/et\/p\/pruudi-lillekoisik-peakate-3\/","og_locale":"et_EE","og_type":"article","og_title":"Enchanted Blossom Flower Crown Headband - Flora Tiara","og_description":"Unique and beautiful: Shop our Enchanted Blossom Flower Crown Headband. Premium high quality headpiece to make the occasion unforgettable.","og_url":"https:\/\/floratiara.com\/et\/p\/pruudi-lillekoisik-peakate-3\/","og_site_name":"Flora Tiara","article_modified_time":"2025-03-04T04:42:31+00:00","og_image":[{"width":1500,"height":1500,"url":"https:\/\/floratiara.com\/wp-content\/uploads\/2024\/03\/Hca5dc49eda234772ad7bc8522b1b779dK.webp","type":"image\/webp"}],"twitter_card":"summary_large_image","twitter_misc":{"Est. reading time":"1 minut"},"schema":{"@context":"https:\/\/schema.org","@graph":[{"@type":"WebPage","@id":"https:\/\/floratiara.com\/p\/bridal-floral-garland-headpiece-3\/","url":"https:\/\/floratiara.com\/p\/bridal-floral-garland-headpiece-3\/","name":"Lummatud \u00f5ied lillekrooniga peapael - Flora Tiara","isPartOf":{"@id":"https:\/\/floratiara.com\/#website"},"primaryImageOfPage":{"@id":"https:\/\/floratiara.com\/p\/bridal-floral-garland-headpiece-3\/#primaryimage"},"image":{"@id":"https:\/\/floratiara.com\/p\/bridal-floral-garland-headpiece-3\/#primaryimage"},"thumbnailUrl":"https:\/\/floratiara.com\/wp-content\/uploads\/2024\/03\/Hca5dc49eda234772ad7bc8522b1b779dK.webp","datePublished":"2024-03-16T09:37:33+00:00","dateModified":"2025-03-04T04:42:31+00:00","description":"Unikaalne ja ilus: Osta meie lummatud \u00f5ied lillekroonide peapael. Premium kvaliteetne peakate, mis muudab s\u00fcndmuse unustamatuks.","breadcrumb":{"@id":"https:\/\/floratiara.com\/p\/bridal-floral-garland-headpiece-3\/#breadcrumb"},"inLanguage":"et","potentialAction":[{"@type":"ReadAction","target":["https:\/\/floratiara.com\/p\/bridal-floral-garland-headpiece-3\/"]}]},{"@type":"ImageObject","inLanguage":"et","@id":"https:\/\/floratiara.com\/p\/bridal-floral-garland-headpiece-3\/#primaryimage","url":"https:\/\/floratiara.com\/wp-content\/uploads\/2024\/03\/Hca5dc49eda234772ad7bc8522b1b779dK.webp","contentUrl":"https:\/\/floratiara.com\/wp-content\/uploads\/2024\/03\/Hca5dc49eda234772ad7bc8522b1b779dK.webp","width":1500,"height":1500},{"@type":"BreadcrumbList","@id":"https:\/\/floratiara.com\/p\/bridal-floral-garland-headpiece-3\/#breadcrumb","itemListElement":[{"@type":"ListItem","position":1,"name":"Home","item":"https:\/\/floratiara.com\/"},{"@type":"ListItem","position":2,"name":"Shop","item":"https:\/\/floratiara.com\/shop\/"},{"@type":"ListItem","position":3,"name":"Enchanted Blossom Flower Crown Headband"}]},{"@type":"WebSite","@id":"https:\/\/floratiara.com\/#website","url":"https:\/\/floratiara.com\/","name":"Flora Tiara","description":"","publisher":{"@id":"https:\/\/floratiara.com\/#organization"},"potentialAction":[{"@type":"SearchAction","target":{"@type":"EntryPoint","urlTemplate":"https:\/\/floratiara.com\/?s={search_term_string}"},"query-input":{"@type":"PropertyValueSpecification","valueRequired":true,"valueName":"search_term_string"}}],"inLanguage":"et"},{"@type":"Organization","@id":"https:\/\/floratiara.com\/#organization","name":"Flora Tiara","url":"https:\/\/floratiara.com\/","logo":{"@type":"ImageObject","inLanguage":"et","@id":"https:\/\/floratiara.com\/#\/schema\/logo\/image\/","url":"https:\/\/floratiara.com\/wp-content\/uploads\/2024\/03\/flora-tiara-logo.png","contentUrl":"https:\/\/floratiara.com\/wp-content\/uploads\/2024\/03\/flora-tiara-logo.png","width":1024,"height":274,"caption":"Flora Tiara"},"image":{"@id":"https:\/\/floratiara.com\/#\/schema\/logo\/image\/"}}]}},"_links":{"self":[{"href":"https:\/\/floratiara.com\/et\/wp-json\/wp\/v2\/product\/171","targetHints":{"allow":["GET"]}}],"collection":[{"href":"https:\/\/floratiara.com\/et\/wp-json\/wp\/v2\/product"}],"about":[{"href":"https:\/\/floratiara.com\/et\/wp-json\/wp\/v2\/types\/product"}],"wp:featuredmedia":[{"embeddable":true,"href":"https:\/\/floratiara.com\/et\/wp-json\/wp\/v2\/media\/170"}],"wp:attachment":[{"href":"https:\/\/floratiara.com\/et\/wp-json\/wp\/v2\/media?parent=171"}],"wp:term":[{"taxonomy":"product_brand","embeddable":true,"href":"https:\/\/floratiara.com\/et\/wp-json\/wp\/v2\/product_brand?post=171"},{"taxonomy":"product_cat","embeddable":true,"href":"https:\/\/floratiara.com\/et\/wp-json\/wp\/v2\/product_cat?post=171"},{"taxonomy":"product_tag","embeddable":true,"href":"https:\/\/floratiara.com\/et\/wp-json\/wp\/v2\/product_tag?post=171"}],"curies":[{"name":"wp","href":"https:\/\/api.w.org\/{rel}","templated":true}]}}