{"id":237,"date":"2024-03-16T09:38:53","date_gmt":"2024-03-16T09:38:53","guid":{"rendered":"https:\/\/floratiara.com\/?post_type=product&#038;p=237"},"modified":"2024-12-12T01:47:07","modified_gmt":"2024-12-12T01:47:07","slug":"pruudi-lilleline-peapael-garland-2","status":"publish","type":"product","link":"https:\/\/floratiara.com\/et\/p\/pruudi-lilleline-peapael-garland-2\/","title":{"rendered":"Lavendli sosinad Lillekroon pulmadeks"},"content":{"rendered":"<p>Suurendage oma erilist p\u00e4eva meie Lavendli sosinate lillekrooni eeterliku elegantsiga. See k\u00e4sitsi valmistatud peakroon sobib ideaalselt pulmadeks v\u00f5i mis tahes pidulikuks s\u00fcndmuseks ning selles on \u00f5rnade lavendlite, \u00f5rnade roosade roosade ja s\u00fcgavate lillade lillede segu. Lopsakas rohelus lisab loomulikku v\u00f5lu, luues v\u00e4rvide poeetilise harmoonia teie juustele. See lillekimbuke t\u00f5stab teie komplekti esile, olenemata sellest, kas see on kujundatud pehmete lainete v\u00f5i k\u00f5rgete k\u00f5rgete soengutega, mis muudab selle vastupandamatuks t\u00e4ienduseks teie armastuse ja romantika pidustustele. Armastage oma hetke selle lillelise meistriteosega.<\/p><p>Koostis: lavendel, roosad miniroosad, tumelillad \u00f5ied, rohelised lehed.<\/p>","protected":false},"excerpt":{"rendered":"<div style=\"width: 90%;text-align: left;margin: auto\"><p style=\"text-align:center\"><b>\ud83d\udc51 Meie k\u00e4est sinu p\u00e4he<\/b><br \/><i>Luksuslikud lillekroonid igaks juhuks<\/i><\/p><ul><li>\u2702\ufe0f Hoolikalt valmistatud s\u00fcdames asuvas <b>Eesti<\/b><\/li><li><b>\ud83d\udc90 Koostis: lavendel, roosad miniroosad, tumelillad \u00f5ied, rohelised lehed.<\/b><\/li><\/ul><\/div>","protected":false},"featured_media":236,"template":"","meta":[],"product_brand":[],"product_cat":[74,59],"product_tag":[],"class_list":{"0":"post-237","1":"product","2":"type-product","3":"status-publish","4":"has-post-thumbnail","6":"product_cat-purple-floral-headpiece","7":"product_cat-bridal-floral-headpiece","9":"first","10":"instock","11":"shipping-taxable","12":"purchasable","13":"product-type-simple"},"yoast_head":"<!-- This site is optimized with the Yoast SEO plugin v25.9 - https:\/\/yoast.com\/wordpress\/plugins\/seo\/ -->\n<title>Lavender Whispers Flower Crown for Weddings - Flora Tiara<\/title>\n<meta name=\"description\" content=\"Unique and beautiful: Shop our Lavender Whispers Flower Crown for Weddings. Premium high quality headpiece to make the occasion unforgettable.\" \/>\n<meta name=\"robots\" content=\"index, follow, max-snippet:-1, max-image-preview:large, max-video-preview:-1\" \/>\n<link rel=\"canonical\" href=\"https:\/\/floratiara.com\/et\/p\/pruudi-lilleline-peapael-garland-2\/\" \/>\n<meta property=\"og:locale\" content=\"et_EE\" \/>\n<meta property=\"og:type\" content=\"article\" \/>\n<meta property=\"og:title\" content=\"Lavender Whispers Flower Crown for Weddings - Flora Tiara\" \/>\n<meta property=\"og:description\" content=\"Unique and beautiful: Shop our Lavender Whispers Flower Crown for Weddings. Premium high quality headpiece to make the occasion unforgettable.\" \/>\n<meta property=\"og:url\" content=\"https:\/\/floratiara.com\/et\/p\/pruudi-lilleline-peapael-garland-2\/\" \/>\n<meta property=\"og:site_name\" content=\"Flora Tiara\" \/>\n<meta property=\"article:modified_time\" content=\"2024-12-12T01:47:07+00:00\" \/>\n<meta property=\"og:image\" content=\"https:\/\/floratiara.com\/wp-content\/uploads\/2024\/03\/Sf73d1a7cdc35488886ce1282d51d4d70K.webp\" \/>\n\t<meta property=\"og:image:width\" content=\"1500\" \/>\n\t<meta property=\"og:image:height\" content=\"1500\" \/>\n\t<meta property=\"og:image:type\" content=\"image\/webp\" \/>\n<meta name=\"twitter:card\" content=\"summary_large_image\" \/>\n<meta name=\"twitter:label1\" content=\"Est. reading time\" \/>\n\t<meta name=\"twitter:data1\" content=\"2 minutit\" \/>\n<script type=\"application\/ld+json\" class=\"yoast-schema-graph\">{\"@context\":\"https:\/\/schema.org\",\"@graph\":[{\"@type\":\"WebPage\",\"@id\":\"https:\/\/floratiara.com\/p\/bridal-floral-headband-garland-2\/\",\"url\":\"https:\/\/floratiara.com\/p\/bridal-floral-headband-garland-2\/\",\"name\":\"Lavender Whispers Flower Crown for Weddings - Flora Tiara\",\"isPartOf\":{\"@id\":\"https:\/\/floratiara.com\/#website\"},\"primaryImageOfPage\":{\"@id\":\"https:\/\/floratiara.com\/p\/bridal-floral-headband-garland-2\/#primaryimage\"},\"image\":{\"@id\":\"https:\/\/floratiara.com\/p\/bridal-floral-headband-garland-2\/#primaryimage\"},\"thumbnailUrl\":\"https:\/\/floratiara.com\/wp-content\/uploads\/2024\/03\/Sf73d1a7cdc35488886ce1282d51d4d70K.webp\",\"datePublished\":\"2024-03-16T09:38:53+00:00\",\"dateModified\":\"2024-12-12T01:47:07+00:00\",\"description\":\"Unique and beautiful: Shop our Lavender Whispers Flower Crown for Weddings. Premium high quality headpiece to make the occasion unforgettable.\",\"breadcrumb\":{\"@id\":\"https:\/\/floratiara.com\/p\/bridal-floral-headband-garland-2\/#breadcrumb\"},\"inLanguage\":\"et\",\"potentialAction\":[{\"@type\":\"ReadAction\",\"target\":[\"https:\/\/floratiara.com\/p\/bridal-floral-headband-garland-2\/\"]}]},{\"@type\":\"ImageObject\",\"inLanguage\":\"et\",\"@id\":\"https:\/\/floratiara.com\/p\/bridal-floral-headband-garland-2\/#primaryimage\",\"url\":\"https:\/\/floratiara.com\/wp-content\/uploads\/2024\/03\/Sf73d1a7cdc35488886ce1282d51d4d70K.webp\",\"contentUrl\":\"https:\/\/floratiara.com\/wp-content\/uploads\/2024\/03\/Sf73d1a7cdc35488886ce1282d51d4d70K.webp\",\"width\":1500,\"height\":1500},{\"@type\":\"BreadcrumbList\",\"@id\":\"https:\/\/floratiara.com\/p\/bridal-floral-headband-garland-2\/#breadcrumb\",\"itemListElement\":[{\"@type\":\"ListItem\",\"position\":1,\"name\":\"Home\",\"item\":\"https:\/\/floratiara.com\/\"},{\"@type\":\"ListItem\",\"position\":2,\"name\":\"Shop\",\"item\":\"https:\/\/floratiara.com\/shop\/\"},{\"@type\":\"ListItem\",\"position\":3,\"name\":\"Lavender Whispers Flower Crown for Weddings\"}]},{\"@type\":\"WebSite\",\"@id\":\"https:\/\/floratiara.com\/#website\",\"url\":\"https:\/\/floratiara.com\/\",\"name\":\"Flora Tiara\",\"description\":\"\",\"publisher\":{\"@id\":\"https:\/\/floratiara.com\/#organization\"},\"potentialAction\":[{\"@type\":\"SearchAction\",\"target\":{\"@type\":\"EntryPoint\",\"urlTemplate\":\"https:\/\/floratiara.com\/?s={search_term_string}\"},\"query-input\":{\"@type\":\"PropertyValueSpecification\",\"valueRequired\":true,\"valueName\":\"search_term_string\"}}],\"inLanguage\":\"et\"},{\"@type\":\"Organization\",\"@id\":\"https:\/\/floratiara.com\/#organization\",\"name\":\"Flora Tiara\",\"url\":\"https:\/\/floratiara.com\/\",\"logo\":{\"@type\":\"ImageObject\",\"inLanguage\":\"et\",\"@id\":\"https:\/\/floratiara.com\/#\/schema\/logo\/image\/\",\"url\":\"https:\/\/floratiara.com\/wp-content\/uploads\/2024\/03\/flora-tiara-logo.png\",\"contentUrl\":\"https:\/\/floratiara.com\/wp-content\/uploads\/2024\/03\/flora-tiara-logo.png\",\"width\":1024,\"height\":274,\"caption\":\"Flora Tiara\"},\"image\":{\"@id\":\"https:\/\/floratiara.com\/#\/schema\/logo\/image\/\"}}]}<\/script>\n<!-- \/ Yoast SEO plugin. -->","yoast_head_json":{"title":"Lavendli sosinad Lillekroon pulmadeks - Flora Tiara","description":"Unikaalne ja ilus: Pulmad: Osta meie Lavendel Whispers lillekroon pulmadeks. Premium kvaliteetne peakate, mis muudab s\u00fcndmuse unustamatuks.","robots":{"index":"index","follow":"follow","max-snippet":"max-snippet:-1","max-image-preview":"max-image-preview:large","max-video-preview":"max-video-preview:-1"},"canonical":"https:\/\/floratiara.com\/et\/p\/pruudi-lilleline-peapael-garland-2\/","og_locale":"et_EE","og_type":"article","og_title":"Lavender Whispers Flower Crown for Weddings - Flora Tiara","og_description":"Unique and beautiful: Shop our Lavender Whispers Flower Crown for Weddings. Premium high quality headpiece to make the occasion unforgettable.","og_url":"https:\/\/floratiara.com\/et\/p\/pruudi-lilleline-peapael-garland-2\/","og_site_name":"Flora Tiara","article_modified_time":"2024-12-12T01:47:07+00:00","og_image":[{"width":1500,"height":1500,"url":"https:\/\/floratiara.com\/wp-content\/uploads\/2024\/03\/Sf73d1a7cdc35488886ce1282d51d4d70K.webp","type":"image\/webp"}],"twitter_card":"summary_large_image","twitter_misc":{"Est. reading time":"2 minutit"},"schema":{"@context":"https:\/\/schema.org","@graph":[{"@type":"WebPage","@id":"https:\/\/floratiara.com\/p\/bridal-floral-headband-garland-2\/","url":"https:\/\/floratiara.com\/p\/bridal-floral-headband-garland-2\/","name":"Lavendli sosinad Lillekroon pulmadeks - Flora Tiara","isPartOf":{"@id":"https:\/\/floratiara.com\/#website"},"primaryImageOfPage":{"@id":"https:\/\/floratiara.com\/p\/bridal-floral-headband-garland-2\/#primaryimage"},"image":{"@id":"https:\/\/floratiara.com\/p\/bridal-floral-headband-garland-2\/#primaryimage"},"thumbnailUrl":"https:\/\/floratiara.com\/wp-content\/uploads\/2024\/03\/Sf73d1a7cdc35488886ce1282d51d4d70K.webp","datePublished":"2024-03-16T09:38:53+00:00","dateModified":"2024-12-12T01:47:07+00:00","description":"Unikaalne ja ilus: Pulmad: Osta meie Lavendel Whispers lillekroon pulmadeks. Premium kvaliteetne peakate, mis muudab s\u00fcndmuse unustamatuks.","breadcrumb":{"@id":"https:\/\/floratiara.com\/p\/bridal-floral-headband-garland-2\/#breadcrumb"},"inLanguage":"et","potentialAction":[{"@type":"ReadAction","target":["https:\/\/floratiara.com\/p\/bridal-floral-headband-garland-2\/"]}]},{"@type":"ImageObject","inLanguage":"et","@id":"https:\/\/floratiara.com\/p\/bridal-floral-headband-garland-2\/#primaryimage","url":"https:\/\/floratiara.com\/wp-content\/uploads\/2024\/03\/Sf73d1a7cdc35488886ce1282d51d4d70K.webp","contentUrl":"https:\/\/floratiara.com\/wp-content\/uploads\/2024\/03\/Sf73d1a7cdc35488886ce1282d51d4d70K.webp","width":1500,"height":1500},{"@type":"BreadcrumbList","@id":"https:\/\/floratiara.com\/p\/bridal-floral-headband-garland-2\/#breadcrumb","itemListElement":[{"@type":"ListItem","position":1,"name":"Home","item":"https:\/\/floratiara.com\/"},{"@type":"ListItem","position":2,"name":"Shop","item":"https:\/\/floratiara.com\/shop\/"},{"@type":"ListItem","position":3,"name":"Lavender Whispers Flower Crown for Weddings"}]},{"@type":"WebSite","@id":"https:\/\/floratiara.com\/#website","url":"https:\/\/floratiara.com\/","name":"Flora Tiara","description":"","publisher":{"@id":"https:\/\/floratiara.com\/#organization"},"potentialAction":[{"@type":"SearchAction","target":{"@type":"EntryPoint","urlTemplate":"https:\/\/floratiara.com\/?s={search_term_string}"},"query-input":{"@type":"PropertyValueSpecification","valueRequired":true,"valueName":"search_term_string"}}],"inLanguage":"et"},{"@type":"Organization","@id":"https:\/\/floratiara.com\/#organization","name":"Flora Tiara","url":"https:\/\/floratiara.com\/","logo":{"@type":"ImageObject","inLanguage":"et","@id":"https:\/\/floratiara.com\/#\/schema\/logo\/image\/","url":"https:\/\/floratiara.com\/wp-content\/uploads\/2024\/03\/flora-tiara-logo.png","contentUrl":"https:\/\/floratiara.com\/wp-content\/uploads\/2024\/03\/flora-tiara-logo.png","width":1024,"height":274,"caption":"Flora Tiara"},"image":{"@id":"https:\/\/floratiara.com\/#\/schema\/logo\/image\/"}}]}},"_links":{"self":[{"href":"https:\/\/floratiara.com\/et\/wp-json\/wp\/v2\/product\/237","targetHints":{"allow":["GET"]}}],"collection":[{"href":"https:\/\/floratiara.com\/et\/wp-json\/wp\/v2\/product"}],"about":[{"href":"https:\/\/floratiara.com\/et\/wp-json\/wp\/v2\/types\/product"}],"wp:featuredmedia":[{"embeddable":true,"href":"https:\/\/floratiara.com\/et\/wp-json\/wp\/v2\/media\/236"}],"wp:attachment":[{"href":"https:\/\/floratiara.com\/et\/wp-json\/wp\/v2\/media?parent=237"}],"wp:term":[{"taxonomy":"product_brand","embeddable":true,"href":"https:\/\/floratiara.com\/et\/wp-json\/wp\/v2\/product_brand?post=237"},{"taxonomy":"product_cat","embeddable":true,"href":"https:\/\/floratiara.com\/et\/wp-json\/wp\/v2\/product_cat?post=237"},{"taxonomy":"product_tag","embeddable":true,"href":"https:\/\/floratiara.com\/et\/wp-json\/wp\/v2\/product_tag?post=237"}],"curies":[{"name":"wp","href":"https:\/\/api.w.org\/{rel}","templated":true}]}}