{"id":497,"date":"2024-03-16T09:45:33","date_gmt":"2024-03-16T09:45:33","guid":{"rendered":"https:\/\/floratiara.com\/?post_type=product&#038;p=497"},"modified":"2024-12-12T01:42:30","modified_gmt":"2024-12-12T01:42:30","slug":"pruudi-roosiline-lillepeapael-elegantsi-2","status":"publish","type":"product","link":"https:\/\/floratiara.com\/et\/p\/pruudi-roosiline-lillepeapael-elegantsi-2\/","title":{"rendered":"Lummav lilleline elegantsi kroon pulmadeks"},"content":{"rendered":"<p>Kogege meie Floral Elegance Crown'i lummust, mis on segu kirglikust punasest ja puhtast valgest roosist, \u00f5rnast valgest ja roosast astilbe'ist ning aromaatsest valgest freesiast. See k\u00e4sitsi valmistatud aare kiirgab rafineeritust ja v\u00f5lu, mis sobib ideaalselt pulmadeks v\u00f5i eriliste s\u00fcndmuste jaoks. T\u00f5sta oma stiili selle pilkup\u00fc\u00fcdva krooniga ja lisa oma v\u00e4limusele pisut muinasjutulist maagiat. Selle mitmek\u00fclgne disain t\u00e4iendab iga soengut, muutes selle ideaalseks aksessuaariks moodsale ja elegantsele naisele. Tehke oma hetked unustamatuks selle silmapaistva esemega, mis t\u00f5otab pimestada ja r\u00f5\u00f5mustada. Osta n\u00fc\u00fcd, et nautida ajatut graatsia ja romantikat.<\/p><p>Koostis: punased roosid, valged roosid, valge ja roosa astilbe, valge freesia.<\/p>","protected":false},"excerpt":{"rendered":"<div style=\"width: 90%;text-align: left;margin: auto\"><p style=\"text-align:center\"><b>\ud83d\udc51 Meie k\u00e4est sinu p\u00e4he<\/b><br \/><i>Luksuslikud lillekroonid igaks juhuks<\/i><\/p><ul><li>\u2702\ufe0f Hoolikalt valmistatud s\u00fcdames asuvas <b>Eesti<\/b><\/li><li><b>\ud83d\udc90 Koostis: punased roosid, valged roosid, valge ja roosa astilbe, valge freesia.<\/b><\/li><\/ul><\/div>","protected":false},"featured_media":496,"template":"","meta":[],"product_brand":[],"product_cat":[61,79,77,70,59],"product_tag":[],"class_list":{"0":"post-497","1":"product","2":"type-product","3":"status-publish","4":"has-post-thumbnail","6":"product_cat-bridesmaid-floral-headpiece","7":"product_cat-real-floral-headpiece","8":"product_cat-red-floral-headpiece","9":"product_cat-rose-floral-headpiece","10":"product_cat-bridal-floral-headpiece","12":"first","13":"instock","14":"shipping-taxable","15":"purchasable","16":"product-type-simple"},"yoast_head":"<!-- This site is optimized with the Yoast SEO plugin v25.9 - https:\/\/yoast.com\/wordpress\/plugins\/seo\/ -->\n<title>Enchanting Floral Elegance Crown for Weddings - Flora Tiara<\/title>\n<meta name=\"description\" content=\"Unique and beautiful: Shop our Enchanting Floral Elegance Crown for Weddings. Premium high quality headpiece to make the occasion unforgettable.\" \/>\n<meta name=\"robots\" content=\"index, follow, max-snippet:-1, max-image-preview:large, max-video-preview:-1\" \/>\n<link rel=\"canonical\" href=\"https:\/\/floratiara.com\/et\/p\/pruudi-roosiline-lillepeapael-elegantsi-2\/\" \/>\n<meta property=\"og:locale\" content=\"et_EE\" \/>\n<meta property=\"og:type\" content=\"article\" \/>\n<meta property=\"og:title\" content=\"Enchanting Floral Elegance Crown for Weddings - Flora Tiara\" \/>\n<meta property=\"og:description\" content=\"Unique and beautiful: Shop our Enchanting Floral Elegance Crown for Weddings. Premium high quality headpiece to make the occasion unforgettable.\" \/>\n<meta property=\"og:url\" content=\"https:\/\/floratiara.com\/et\/p\/pruudi-roosiline-lillepeapael-elegantsi-2\/\" \/>\n<meta property=\"og:site_name\" content=\"Flora Tiara\" \/>\n<meta property=\"article:modified_time\" content=\"2024-12-12T01:42:30+00:00\" \/>\n<meta property=\"og:image\" content=\"https:\/\/floratiara.com\/wp-content\/uploads\/2024\/03\/S2ecf2020b6b7442f991e252afc07e6129.webp\" \/>\n\t<meta property=\"og:image:width\" content=\"1500\" \/>\n\t<meta property=\"og:image:height\" content=\"1500\" \/>\n\t<meta property=\"og:image:type\" content=\"image\/webp\" \/>\n<meta name=\"twitter:card\" content=\"summary_large_image\" \/>\n<meta name=\"twitter:label1\" content=\"Est. reading time\" \/>\n\t<meta name=\"twitter:data1\" content=\"5 minutit\" \/>\n<script type=\"application\/ld+json\" class=\"yoast-schema-graph\">{\"@context\":\"https:\/\/schema.org\",\"@graph\":[{\"@type\":\"WebPage\",\"@id\":\"https:\/\/floratiara.com\/p\/bridal-rose-flower-headband-elegance\/\",\"url\":\"https:\/\/floratiara.com\/p\/bridal-rose-flower-headband-elegance\/\",\"name\":\"Enchanting Floral Elegance Crown for Weddings - Flora Tiara\",\"isPartOf\":{\"@id\":\"https:\/\/floratiara.com\/#website\"},\"primaryImageOfPage\":{\"@id\":\"https:\/\/floratiara.com\/p\/bridal-rose-flower-headband-elegance\/#primaryimage\"},\"image\":{\"@id\":\"https:\/\/floratiara.com\/p\/bridal-rose-flower-headband-elegance\/#primaryimage\"},\"thumbnailUrl\":\"https:\/\/floratiara.com\/wp-content\/uploads\/2024\/03\/S2ecf2020b6b7442f991e252afc07e6129.webp\",\"datePublished\":\"2024-03-16T09:45:33+00:00\",\"dateModified\":\"2024-12-12T01:42:30+00:00\",\"description\":\"Unique and beautiful: Shop our Enchanting Floral Elegance Crown for Weddings. Premium high quality headpiece to make the occasion unforgettable.\",\"breadcrumb\":{\"@id\":\"https:\/\/floratiara.com\/p\/bridal-rose-flower-headband-elegance\/#breadcrumb\"},\"inLanguage\":\"et\",\"potentialAction\":[{\"@type\":\"ReadAction\",\"target\":[\"https:\/\/floratiara.com\/p\/bridal-rose-flower-headband-elegance\/\"]}]},{\"@type\":\"ImageObject\",\"inLanguage\":\"et\",\"@id\":\"https:\/\/floratiara.com\/p\/bridal-rose-flower-headband-elegance\/#primaryimage\",\"url\":\"https:\/\/floratiara.com\/wp-content\/uploads\/2024\/03\/S2ecf2020b6b7442f991e252afc07e6129.webp\",\"contentUrl\":\"https:\/\/floratiara.com\/wp-content\/uploads\/2024\/03\/S2ecf2020b6b7442f991e252afc07e6129.webp\",\"width\":1500,\"height\":1500},{\"@type\":\"BreadcrumbList\",\"@id\":\"https:\/\/floratiara.com\/p\/bridal-rose-flower-headband-elegance\/#breadcrumb\",\"itemListElement\":[{\"@type\":\"ListItem\",\"position\":1,\"name\":\"Home\",\"item\":\"https:\/\/floratiara.com\/\"},{\"@type\":\"ListItem\",\"position\":2,\"name\":\"Shop\",\"item\":\"https:\/\/floratiara.com\/shop\/\"},{\"@type\":\"ListItem\",\"position\":3,\"name\":\"Enchanting Floral Elegance Crown for Weddings\"}]},{\"@type\":\"WebSite\",\"@id\":\"https:\/\/floratiara.com\/#website\",\"url\":\"https:\/\/floratiara.com\/\",\"name\":\"Flora Tiara\",\"description\":\"\",\"publisher\":{\"@id\":\"https:\/\/floratiara.com\/#organization\"},\"potentialAction\":[{\"@type\":\"SearchAction\",\"target\":{\"@type\":\"EntryPoint\",\"urlTemplate\":\"https:\/\/floratiara.com\/?s={search_term_string}\"},\"query-input\":{\"@type\":\"PropertyValueSpecification\",\"valueRequired\":true,\"valueName\":\"search_term_string\"}}],\"inLanguage\":\"et\"},{\"@type\":\"Organization\",\"@id\":\"https:\/\/floratiara.com\/#organization\",\"name\":\"Flora Tiara\",\"url\":\"https:\/\/floratiara.com\/\",\"logo\":{\"@type\":\"ImageObject\",\"inLanguage\":\"et\",\"@id\":\"https:\/\/floratiara.com\/#\/schema\/logo\/image\/\",\"url\":\"https:\/\/floratiara.com\/wp-content\/uploads\/2024\/03\/flora-tiara-logo.png\",\"contentUrl\":\"https:\/\/floratiara.com\/wp-content\/uploads\/2024\/03\/flora-tiara-logo.png\",\"width\":1024,\"height\":274,\"caption\":\"Flora Tiara\"},\"image\":{\"@id\":\"https:\/\/floratiara.com\/#\/schema\/logo\/image\/\"}}]}<\/script>\n<!-- \/ Yoast SEO plugin. -->","yoast_head_json":{"title":"Lummav lilleline elegantne kroon pulmadeks - Flora Tiara","description":"Unikaalne ja ilus: Pood meie lummav lilleline elegantsi kroon pulmadeks. Premium kvaliteetne peakate, mis muudab s\u00fcndmuse unustamatuks.","robots":{"index":"index","follow":"follow","max-snippet":"max-snippet:-1","max-image-preview":"max-image-preview:large","max-video-preview":"max-video-preview:-1"},"canonical":"https:\/\/floratiara.com\/et\/p\/pruudi-roosiline-lillepeapael-elegantsi-2\/","og_locale":"et_EE","og_type":"article","og_title":"Enchanting Floral Elegance Crown for Weddings - Flora Tiara","og_description":"Unique and beautiful: Shop our Enchanting Floral Elegance Crown for Weddings. Premium high quality headpiece to make the occasion unforgettable.","og_url":"https:\/\/floratiara.com\/et\/p\/pruudi-roosiline-lillepeapael-elegantsi-2\/","og_site_name":"Flora Tiara","article_modified_time":"2024-12-12T01:42:30+00:00","og_image":[{"width":1500,"height":1500,"url":"https:\/\/floratiara.com\/wp-content\/uploads\/2024\/03\/S2ecf2020b6b7442f991e252afc07e6129.webp","type":"image\/webp"}],"twitter_card":"summary_large_image","twitter_misc":{"Est. reading time":"5 minutit"},"schema":{"@context":"https:\/\/schema.org","@graph":[{"@type":"WebPage","@id":"https:\/\/floratiara.com\/p\/bridal-rose-flower-headband-elegance\/","url":"https:\/\/floratiara.com\/p\/bridal-rose-flower-headband-elegance\/","name":"Lummav lilleline elegantne kroon pulmadeks - Flora Tiara","isPartOf":{"@id":"https:\/\/floratiara.com\/#website"},"primaryImageOfPage":{"@id":"https:\/\/floratiara.com\/p\/bridal-rose-flower-headband-elegance\/#primaryimage"},"image":{"@id":"https:\/\/floratiara.com\/p\/bridal-rose-flower-headband-elegance\/#primaryimage"},"thumbnailUrl":"https:\/\/floratiara.com\/wp-content\/uploads\/2024\/03\/S2ecf2020b6b7442f991e252afc07e6129.webp","datePublished":"2024-03-16T09:45:33+00:00","dateModified":"2024-12-12T01:42:30+00:00","description":"Unikaalne ja ilus: Pood meie lummav lilleline elegantsi kroon pulmadeks. Premium kvaliteetne peakate, mis muudab s\u00fcndmuse unustamatuks.","breadcrumb":{"@id":"https:\/\/floratiara.com\/p\/bridal-rose-flower-headband-elegance\/#breadcrumb"},"inLanguage":"et","potentialAction":[{"@type":"ReadAction","target":["https:\/\/floratiara.com\/p\/bridal-rose-flower-headband-elegance\/"]}]},{"@type":"ImageObject","inLanguage":"et","@id":"https:\/\/floratiara.com\/p\/bridal-rose-flower-headband-elegance\/#primaryimage","url":"https:\/\/floratiara.com\/wp-content\/uploads\/2024\/03\/S2ecf2020b6b7442f991e252afc07e6129.webp","contentUrl":"https:\/\/floratiara.com\/wp-content\/uploads\/2024\/03\/S2ecf2020b6b7442f991e252afc07e6129.webp","width":1500,"height":1500},{"@type":"BreadcrumbList","@id":"https:\/\/floratiara.com\/p\/bridal-rose-flower-headband-elegance\/#breadcrumb","itemListElement":[{"@type":"ListItem","position":1,"name":"Home","item":"https:\/\/floratiara.com\/"},{"@type":"ListItem","position":2,"name":"Shop","item":"https:\/\/floratiara.com\/shop\/"},{"@type":"ListItem","position":3,"name":"Enchanting Floral Elegance Crown for Weddings"}]},{"@type":"WebSite","@id":"https:\/\/floratiara.com\/#website","url":"https:\/\/floratiara.com\/","name":"Flora Tiara","description":"","publisher":{"@id":"https:\/\/floratiara.com\/#organization"},"potentialAction":[{"@type":"SearchAction","target":{"@type":"EntryPoint","urlTemplate":"https:\/\/floratiara.com\/?s={search_term_string}"},"query-input":{"@type":"PropertyValueSpecification","valueRequired":true,"valueName":"search_term_string"}}],"inLanguage":"et"},{"@type":"Organization","@id":"https:\/\/floratiara.com\/#organization","name":"Flora Tiara","url":"https:\/\/floratiara.com\/","logo":{"@type":"ImageObject","inLanguage":"et","@id":"https:\/\/floratiara.com\/#\/schema\/logo\/image\/","url":"https:\/\/floratiara.com\/wp-content\/uploads\/2024\/03\/flora-tiara-logo.png","contentUrl":"https:\/\/floratiara.com\/wp-content\/uploads\/2024\/03\/flora-tiara-logo.png","width":1024,"height":274,"caption":"Flora Tiara"},"image":{"@id":"https:\/\/floratiara.com\/#\/schema\/logo\/image\/"}}]}},"_links":{"self":[{"href":"https:\/\/floratiara.com\/et\/wp-json\/wp\/v2\/product\/497","targetHints":{"allow":["GET"]}}],"collection":[{"href":"https:\/\/floratiara.com\/et\/wp-json\/wp\/v2\/product"}],"about":[{"href":"https:\/\/floratiara.com\/et\/wp-json\/wp\/v2\/types\/product"}],"wp:featuredmedia":[{"embeddable":true,"href":"https:\/\/floratiara.com\/et\/wp-json\/wp\/v2\/media\/496"}],"wp:attachment":[{"href":"https:\/\/floratiara.com\/et\/wp-json\/wp\/v2\/media?parent=497"}],"wp:term":[{"taxonomy":"product_brand","embeddable":true,"href":"https:\/\/floratiara.com\/et\/wp-json\/wp\/v2\/product_brand?post=497"},{"taxonomy":"product_cat","embeddable":true,"href":"https:\/\/floratiara.com\/et\/wp-json\/wp\/v2\/product_cat?post=497"},{"taxonomy":"product_tag","embeddable":true,"href":"https:\/\/floratiara.com\/et\/wp-json\/wp\/v2\/product_tag?post=497"}],"curies":[{"name":"wp","href":"https:\/\/api.w.org\/{rel}","templated":true}]}}