{"id":529,"date":"2024-03-16T09:46:13","date_gmt":"2024-03-16T09:46:13","guid":{"rendered":"https:\/\/floratiara.com\/?post_type=product&#038;p=529"},"modified":"2024-12-12T01:41:58","modified_gmt":"2024-12-12T01:41:58","slug":"puhade-puha-marja-marja-krooni-peapael","status":"publish","type":"product","link":"https:\/\/floratiara.com\/et\/p\/puhade-puha-marja-marja-krooni-peapael\/","title":{"rendered":"Pidulik p\u00fchade lillekroonide peakate j\u00f5uludeks"},"content":{"rendered":"<p>Lisage oma p\u00fchade garderoobi pidulikku elegantsi selle suurep\u00e4rase p\u00fchade lillekrooniga, mis on keeruliselt valmistatud elavatest punastest marjadest, lopsakast rohelisest j\u00e4\u00e4rakust ja aromaatsest m\u00e4nnilehestikust. See k\u00e4sitsi valmistatud peapael ei ole mitte ainult h\u00e4mmastav moeavaldus, vaid ka j\u00f5ulup\u00fchade traditsiooni t\u00e4histamine, mis sobib ideaalselt igaks hooajaliseks koosviibimiseks. Tehke selle luksusliku disainiga avaldus ja v\u00f5luvad ruumi j\u00e4rgmisel \u00fcritusel. See on ideaalne aksessuaar j\u00f5ulumeeleolu r\u00f5\u00f5mu ja v\u00f5lu kehastamiseks. \u00c4rge oodake - tehke see p\u00fchadeaeg unustamatuks krooniga, mis on sama ainulaadne ja r\u00f5\u00f5msameelne kui teie ise!<\/p><p>Koosseis: punased marjad, rohelised m\u00e4nni lehed, m\u00e4nni lehed, rohelised okasrohelised \u00f5isikud.<\/p>","protected":false},"excerpt":{"rendered":"<div style=\"width: 90%;text-align: left;margin: auto\"><p style=\"text-align:center\"><b>\ud83d\udc51 Meie k\u00e4est sinu p\u00e4he<\/b><br \/><i>Luksuslikud lillekroonid igaks juhuks<\/i><\/p><ul><li>\u2702\ufe0f Hoolikalt valmistatud s\u00fcdames asuvas <b>Eesti<\/b><\/li><li><b>\ud83d\udc90 Koostis: punased marjad, rohelised m\u00e4nni lehed, m\u00e4nni lehed, rohelised okkalised \u00f5isikud.<\/b><\/li><\/ul><\/div>","protected":false},"featured_media":528,"template":"","meta":[],"product_brand":[],"product_cat":[59],"product_tag":[],"class_list":{"0":"post-529","1":"product","2":"type-product","3":"status-publish","4":"has-post-thumbnail","6":"product_cat-bridal-floral-headpiece","8":"first","9":"instock","10":"shipping-taxable","11":"purchasable","12":"product-type-simple"},"yoast_head":"<!-- This site is optimized with the Yoast SEO plugin v25.9 - https:\/\/yoast.com\/wordpress\/plugins\/seo\/ -->\n<title>Festive Holiday Flower Crown Headwear for Christmas - Flora Tiara<\/title>\n<meta name=\"description\" content=\"Unique and beautiful: Shop our Festive Holiday Flower Crown Headwear for Christmas. Premium high quality headpiece to make the occasion unforgettable.\" \/>\n<meta name=\"robots\" content=\"index, follow, max-snippet:-1, max-image-preview:large, max-video-preview:-1\" \/>\n<link rel=\"canonical\" href=\"https:\/\/floratiara.com\/et\/p\/puhade-puha-marja-marja-krooni-peapael\/\" \/>\n<meta property=\"og:locale\" content=\"et_EE\" \/>\n<meta property=\"og:type\" content=\"article\" \/>\n<meta property=\"og:title\" content=\"Festive Holiday Flower Crown Headwear for Christmas - Flora Tiara\" \/>\n<meta property=\"og:description\" content=\"Unique and beautiful: Shop our Festive Holiday Flower Crown Headwear for Christmas. Premium high quality headpiece to make the occasion unforgettable.\" \/>\n<meta property=\"og:url\" content=\"https:\/\/floratiara.com\/et\/p\/puhade-puha-marja-marja-krooni-peapael\/\" \/>\n<meta property=\"og:site_name\" content=\"Flora Tiara\" \/>\n<meta property=\"article:modified_time\" content=\"2024-12-12T01:41:58+00:00\" \/>\n<meta property=\"og:image\" content=\"https:\/\/floratiara.com\/wp-content\/uploads\/2024\/03\/H7e4afd165fd848fa8dccf20c2cfd6be6S.webp\" \/>\n\t<meta property=\"og:image:width\" content=\"1200\" \/>\n\t<meta property=\"og:image:height\" content=\"1200\" \/>\n\t<meta property=\"og:image:type\" content=\"image\/webp\" \/>\n<meta name=\"twitter:card\" content=\"summary_large_image\" \/>\n<meta name=\"twitter:label1\" content=\"Est. reading time\" \/>\n\t<meta name=\"twitter:data1\" content=\"4 minutit\" \/>\n<script type=\"application\/ld+json\" class=\"yoast-schema-graph\">{\"@context\":\"https:\/\/schema.org\",\"@graph\":[{\"@type\":\"WebPage\",\"@id\":\"https:\/\/floratiara.com\/p\/holiday-holly-berry-crown-headband\/\",\"url\":\"https:\/\/floratiara.com\/p\/holiday-holly-berry-crown-headband\/\",\"name\":\"Festive Holiday Flower Crown Headwear for Christmas - Flora Tiara\",\"isPartOf\":{\"@id\":\"https:\/\/floratiara.com\/#website\"},\"primaryImageOfPage\":{\"@id\":\"https:\/\/floratiara.com\/p\/holiday-holly-berry-crown-headband\/#primaryimage\"},\"image\":{\"@id\":\"https:\/\/floratiara.com\/p\/holiday-holly-berry-crown-headband\/#primaryimage\"},\"thumbnailUrl\":\"https:\/\/floratiara.com\/wp-content\/uploads\/2024\/03\/H7e4afd165fd848fa8dccf20c2cfd6be6S.webp\",\"datePublished\":\"2024-03-16T09:46:13+00:00\",\"dateModified\":\"2024-12-12T01:41:58+00:00\",\"description\":\"Unique and beautiful: Shop our Festive Holiday Flower Crown Headwear for Christmas. Premium high quality headpiece to make the occasion unforgettable.\",\"breadcrumb\":{\"@id\":\"https:\/\/floratiara.com\/p\/holiday-holly-berry-crown-headband\/#breadcrumb\"},\"inLanguage\":\"et\",\"potentialAction\":[{\"@type\":\"ReadAction\",\"target\":[\"https:\/\/floratiara.com\/p\/holiday-holly-berry-crown-headband\/\"]}]},{\"@type\":\"ImageObject\",\"inLanguage\":\"et\",\"@id\":\"https:\/\/floratiara.com\/p\/holiday-holly-berry-crown-headband\/#primaryimage\",\"url\":\"https:\/\/floratiara.com\/wp-content\/uploads\/2024\/03\/H7e4afd165fd848fa8dccf20c2cfd6be6S.webp\",\"contentUrl\":\"https:\/\/floratiara.com\/wp-content\/uploads\/2024\/03\/H7e4afd165fd848fa8dccf20c2cfd6be6S.webp\",\"width\":1200,\"height\":1200},{\"@type\":\"BreadcrumbList\",\"@id\":\"https:\/\/floratiara.com\/p\/holiday-holly-berry-crown-headband\/#breadcrumb\",\"itemListElement\":[{\"@type\":\"ListItem\",\"position\":1,\"name\":\"Home\",\"item\":\"https:\/\/floratiara.com\/\"},{\"@type\":\"ListItem\",\"position\":2,\"name\":\"Shop\",\"item\":\"https:\/\/floratiara.com\/shop\/\"},{\"@type\":\"ListItem\",\"position\":3,\"name\":\"Festive Holiday Flower Crown Headwear for Christmas\"}]},{\"@type\":\"WebSite\",\"@id\":\"https:\/\/floratiara.com\/#website\",\"url\":\"https:\/\/floratiara.com\/\",\"name\":\"Flora Tiara\",\"description\":\"\",\"publisher\":{\"@id\":\"https:\/\/floratiara.com\/#organization\"},\"potentialAction\":[{\"@type\":\"SearchAction\",\"target\":{\"@type\":\"EntryPoint\",\"urlTemplate\":\"https:\/\/floratiara.com\/?s={search_term_string}\"},\"query-input\":{\"@type\":\"PropertyValueSpecification\",\"valueRequired\":true,\"valueName\":\"search_term_string\"}}],\"inLanguage\":\"et\"},{\"@type\":\"Organization\",\"@id\":\"https:\/\/floratiara.com\/#organization\",\"name\":\"Flora Tiara\",\"url\":\"https:\/\/floratiara.com\/\",\"logo\":{\"@type\":\"ImageObject\",\"inLanguage\":\"et\",\"@id\":\"https:\/\/floratiara.com\/#\/schema\/logo\/image\/\",\"url\":\"https:\/\/floratiara.com\/wp-content\/uploads\/2024\/03\/flora-tiara-logo.png\",\"contentUrl\":\"https:\/\/floratiara.com\/wp-content\/uploads\/2024\/03\/flora-tiara-logo.png\",\"width\":1024,\"height\":274,\"caption\":\"Flora Tiara\"},\"image\":{\"@id\":\"https:\/\/floratiara.com\/#\/schema\/logo\/image\/\"}}]}<\/script>\n<!-- \/ Yoast SEO plugin. -->","yoast_head_json":{"title":"Pidulik p\u00fchade lillekroon peakate j\u00f5uludeks - Flora Tiara","description":"Unikaalne ja ilus: Pood meie pidulik puhkus Flower Crown peakatted j\u00f5uludeks. Premium kvaliteetne peakate, mis muudab s\u00fcndmuse unustamatuks.","robots":{"index":"index","follow":"follow","max-snippet":"max-snippet:-1","max-image-preview":"max-image-preview:large","max-video-preview":"max-video-preview:-1"},"canonical":"https:\/\/floratiara.com\/et\/p\/puhade-puha-marja-marja-krooni-peapael\/","og_locale":"et_EE","og_type":"article","og_title":"Festive Holiday Flower Crown Headwear for Christmas - Flora Tiara","og_description":"Unique and beautiful: Shop our Festive Holiday Flower Crown Headwear for Christmas. Premium high quality headpiece to make the occasion unforgettable.","og_url":"https:\/\/floratiara.com\/et\/p\/puhade-puha-marja-marja-krooni-peapael\/","og_site_name":"Flora Tiara","article_modified_time":"2024-12-12T01:41:58+00:00","og_image":[{"width":1200,"height":1200,"url":"https:\/\/floratiara.com\/wp-content\/uploads\/2024\/03\/H7e4afd165fd848fa8dccf20c2cfd6be6S.webp","type":"image\/webp"}],"twitter_card":"summary_large_image","twitter_misc":{"Est. reading time":"4 minutit"},"schema":{"@context":"https:\/\/schema.org","@graph":[{"@type":"WebPage","@id":"https:\/\/floratiara.com\/p\/holiday-holly-berry-crown-headband\/","url":"https:\/\/floratiara.com\/p\/holiday-holly-berry-crown-headband\/","name":"Pidulik p\u00fchade lillekroon peakate j\u00f5uludeks - Flora Tiara","isPartOf":{"@id":"https:\/\/floratiara.com\/#website"},"primaryImageOfPage":{"@id":"https:\/\/floratiara.com\/p\/holiday-holly-berry-crown-headband\/#primaryimage"},"image":{"@id":"https:\/\/floratiara.com\/p\/holiday-holly-berry-crown-headband\/#primaryimage"},"thumbnailUrl":"https:\/\/floratiara.com\/wp-content\/uploads\/2024\/03\/H7e4afd165fd848fa8dccf20c2cfd6be6S.webp","datePublished":"2024-03-16T09:46:13+00:00","dateModified":"2024-12-12T01:41:58+00:00","description":"Unikaalne ja ilus: Pood meie pidulik puhkus Flower Crown peakatted j\u00f5uludeks. Premium kvaliteetne peakate, mis muudab s\u00fcndmuse unustamatuks.","breadcrumb":{"@id":"https:\/\/floratiara.com\/p\/holiday-holly-berry-crown-headband\/#breadcrumb"},"inLanguage":"et","potentialAction":[{"@type":"ReadAction","target":["https:\/\/floratiara.com\/p\/holiday-holly-berry-crown-headband\/"]}]},{"@type":"ImageObject","inLanguage":"et","@id":"https:\/\/floratiara.com\/p\/holiday-holly-berry-crown-headband\/#primaryimage","url":"https:\/\/floratiara.com\/wp-content\/uploads\/2024\/03\/H7e4afd165fd848fa8dccf20c2cfd6be6S.webp","contentUrl":"https:\/\/floratiara.com\/wp-content\/uploads\/2024\/03\/H7e4afd165fd848fa8dccf20c2cfd6be6S.webp","width":1200,"height":1200},{"@type":"BreadcrumbList","@id":"https:\/\/floratiara.com\/p\/holiday-holly-berry-crown-headband\/#breadcrumb","itemListElement":[{"@type":"ListItem","position":1,"name":"Home","item":"https:\/\/floratiara.com\/"},{"@type":"ListItem","position":2,"name":"Shop","item":"https:\/\/floratiara.com\/shop\/"},{"@type":"ListItem","position":3,"name":"Festive Holiday Flower Crown Headwear for Christmas"}]},{"@type":"WebSite","@id":"https:\/\/floratiara.com\/#website","url":"https:\/\/floratiara.com\/","name":"Flora Tiara","description":"","publisher":{"@id":"https:\/\/floratiara.com\/#organization"},"potentialAction":[{"@type":"SearchAction","target":{"@type":"EntryPoint","urlTemplate":"https:\/\/floratiara.com\/?s={search_term_string}"},"query-input":{"@type":"PropertyValueSpecification","valueRequired":true,"valueName":"search_term_string"}}],"inLanguage":"et"},{"@type":"Organization","@id":"https:\/\/floratiara.com\/#organization","name":"Flora Tiara","url":"https:\/\/floratiara.com\/","logo":{"@type":"ImageObject","inLanguage":"et","@id":"https:\/\/floratiara.com\/#\/schema\/logo\/image\/","url":"https:\/\/floratiara.com\/wp-content\/uploads\/2024\/03\/flora-tiara-logo.png","contentUrl":"https:\/\/floratiara.com\/wp-content\/uploads\/2024\/03\/flora-tiara-logo.png","width":1024,"height":274,"caption":"Flora Tiara"},"image":{"@id":"https:\/\/floratiara.com\/#\/schema\/logo\/image\/"}}]}},"_links":{"self":[{"href":"https:\/\/floratiara.com\/et\/wp-json\/wp\/v2\/product\/529","targetHints":{"allow":["GET"]}}],"collection":[{"href":"https:\/\/floratiara.com\/et\/wp-json\/wp\/v2\/product"}],"about":[{"href":"https:\/\/floratiara.com\/et\/wp-json\/wp\/v2\/types\/product"}],"wp:featuredmedia":[{"embeddable":true,"href":"https:\/\/floratiara.com\/et\/wp-json\/wp\/v2\/media\/528"}],"wp:attachment":[{"href":"https:\/\/floratiara.com\/et\/wp-json\/wp\/v2\/media?parent=529"}],"wp:term":[{"taxonomy":"product_brand","embeddable":true,"href":"https:\/\/floratiara.com\/et\/wp-json\/wp\/v2\/product_brand?post=529"},{"taxonomy":"product_cat","embeddable":true,"href":"https:\/\/floratiara.com\/et\/wp-json\/wp\/v2\/product_cat?post=529"},{"taxonomy":"product_tag","embeddable":true,"href":"https:\/\/floratiara.com\/et\/wp-json\/wp\/v2\/product_tag?post=529"}],"curies":[{"name":"wp","href":"https:\/\/api.w.org\/{rel}","templated":true}]}}