{"id":62,"date":"2024-03-16T06:43:11","date_gmt":"2024-03-16T06:43:11","guid":{"rendered":"https:\/\/floratiara.com\/?post_type=product&#038;p=62"},"modified":"2024-12-12T01:49:33","modified_gmt":"2024-12-12T01:49:33","slug":"pruudi-roosiline-lillepeapael-elegantsi","status":"publish","type":"product","link":"https:\/\/floratiara.com\/et\/p\/pruudi-roosiline-lillepeapael-elegantsi\/","title":{"rendered":"Lummav s\u00fcgisene lillekroon pulmade peakate"},"content":{"rendered":"<p>Kaunista oma erilisi hetki lummava s\u00fcgislillekrooniga, mis on t\u00f5eliselt luksuslik peakate, mis \u00f5hkab rafineeritust. See elegantne aksessuaar sobib ideaalselt pruutidele, sest selles on lopsakad virsiku- ja punased roosid koos s\u00fcgava punase roosi aktsentidega. Roosad \u00f5ied ja valged t\u00e4idislilled p\u00f5imuvad kokku, et moodustada uimastav massiivi, mida r\u00f5hutavad rikkalikud burgundiapunased lehed, mis annavad sooja, s\u00fcgisliku tunde. Mitmek\u00fclgne ja reguleeritav, sobib ideaalselt nii t\u00e4iskasvanutele kui ka lastele, t\u00e4iustades oma ajatu v\u00f5lu abil iga soengut. T\u00f5stke oma pulma- v\u00f5i peoansamblit selle lummava lillegirlandiga esile ning v\u00f5tke oma p\u00e4ev graatsiliselt ja stiilselt vastu.<\/p><p>Kompositsioon: virsikpunased ja punased roosid, s\u00fcgavpunased roosid, roosad \u00f5ied, valged t\u00e4itelilled ja burgundiapunased lehed.<\/p>","protected":false},"excerpt":{"rendered":"<div style=\"width: 90%;text-align: left;margin: auto\"><p style=\"text-align:center\"><b>\ud83d\udc51 Meie k\u00e4est sinu p\u00e4he<\/b><br \/><i>Luksuslikud lillekroonid igaks juhuks<\/i><\/p><ul><li>\u2702\ufe0f Hoolikalt valmistatud s\u00fcdames asuvas <b>Eesti<\/b><\/li><li><b>\ud83d\udc90 Kompositsioon: virsiku- ja punased roosid, s\u00fcgavpunased roosid, roosad \u00f5ied, valged t\u00e4itelilled ja burgundiapunased lehed.<\/b><\/li><\/ul><\/div>","protected":false},"featured_media":61,"template":"","meta":[],"product_brand":[],"product_cat":[61,78,77,59],"product_tag":[],"class_list":{"0":"post-62","1":"product","2":"type-product","3":"status-publish","4":"has-post-thumbnail","6":"product_cat-bridesmaid-floral-headpiece","7":"product_cat-dried-floral-headpiece","8":"product_cat-red-floral-headpiece","9":"product_cat-bridal-floral-headpiece","11":"first","12":"instock","13":"shipping-taxable","14":"purchasable","15":"product-type-simple"},"yoast_head":"<!-- This site is optimized with the Yoast SEO plugin v25.9 - https:\/\/yoast.com\/wordpress\/plugins\/seo\/ -->\n<title>Enchanting Autumn Flower Crown Wedding Headpiece - Flora Tiara<\/title>\n<meta name=\"description\" content=\"Unique and beautiful: Shop our Enchanting Autumn Flower Crown Wedding Headpiece. Premium high quality headpiece to make the occasion unforgettable.\" \/>\n<meta name=\"robots\" content=\"index, follow, max-snippet:-1, max-image-preview:large, max-video-preview:-1\" \/>\n<link rel=\"canonical\" href=\"https:\/\/floratiara.com\/et\/p\/pruudi-roosiline-lillepeapael-elegantsi\/\" \/>\n<meta property=\"og:locale\" content=\"et_EE\" \/>\n<meta property=\"og:type\" content=\"article\" \/>\n<meta property=\"og:title\" content=\"Enchanting Autumn Flower Crown Wedding Headpiece - Flora Tiara\" \/>\n<meta property=\"og:description\" content=\"Unique and beautiful: Shop our Enchanting Autumn Flower Crown Wedding Headpiece. Premium high quality headpiece to make the occasion unforgettable.\" \/>\n<meta property=\"og:url\" content=\"https:\/\/floratiara.com\/et\/p\/pruudi-roosiline-lillepeapael-elegantsi\/\" \/>\n<meta property=\"og:site_name\" content=\"Flora Tiara\" \/>\n<meta property=\"article:modified_time\" content=\"2024-12-12T01:49:33+00:00\" \/>\n<meta property=\"og:image\" content=\"https:\/\/floratiara.com\/wp-content\/uploads\/2024\/03\/S43a2f6cec780417699c411aa5ec4352dX.webp\" \/>\n\t<meta property=\"og:image:width\" content=\"1500\" \/>\n\t<meta property=\"og:image:height\" content=\"1500\" \/>\n\t<meta property=\"og:image:type\" content=\"image\/webp\" \/>\n<meta name=\"twitter:card\" content=\"summary_large_image\" \/>\n<meta name=\"twitter:label1\" content=\"Est. reading time\" \/>\n\t<meta name=\"twitter:data1\" content=\"1 minut\" \/>\n<script type=\"application\/ld+json\" class=\"yoast-schema-graph\">{\"@context\":\"https:\/\/schema.org\",\"@graph\":[{\"@type\":\"WebPage\",\"@id\":\"https:\/\/floratiara.com\/p\/bridal-rose-floral-headband-elegance\/\",\"url\":\"https:\/\/floratiara.com\/p\/bridal-rose-floral-headband-elegance\/\",\"name\":\"Enchanting Autumn Flower Crown Wedding Headpiece - Flora Tiara\",\"isPartOf\":{\"@id\":\"https:\/\/floratiara.com\/#website\"},\"primaryImageOfPage\":{\"@id\":\"https:\/\/floratiara.com\/p\/bridal-rose-floral-headband-elegance\/#primaryimage\"},\"image\":{\"@id\":\"https:\/\/floratiara.com\/p\/bridal-rose-floral-headband-elegance\/#primaryimage\"},\"thumbnailUrl\":\"https:\/\/floratiara.com\/wp-content\/uploads\/2024\/03\/S43a2f6cec780417699c411aa5ec4352dX.webp\",\"datePublished\":\"2024-03-16T06:43:11+00:00\",\"dateModified\":\"2024-12-12T01:49:33+00:00\",\"description\":\"Unique and beautiful: Shop our Enchanting Autumn Flower Crown Wedding Headpiece. Premium high quality headpiece to make the occasion unforgettable.\",\"breadcrumb\":{\"@id\":\"https:\/\/floratiara.com\/p\/bridal-rose-floral-headband-elegance\/#breadcrumb\"},\"inLanguage\":\"et\",\"potentialAction\":[{\"@type\":\"ReadAction\",\"target\":[\"https:\/\/floratiara.com\/p\/bridal-rose-floral-headband-elegance\/\"]}]},{\"@type\":\"ImageObject\",\"inLanguage\":\"et\",\"@id\":\"https:\/\/floratiara.com\/p\/bridal-rose-floral-headband-elegance\/#primaryimage\",\"url\":\"https:\/\/floratiara.com\/wp-content\/uploads\/2024\/03\/S43a2f6cec780417699c411aa5ec4352dX.webp\",\"contentUrl\":\"https:\/\/floratiara.com\/wp-content\/uploads\/2024\/03\/S43a2f6cec780417699c411aa5ec4352dX.webp\",\"width\":1500,\"height\":1500},{\"@type\":\"BreadcrumbList\",\"@id\":\"https:\/\/floratiara.com\/p\/bridal-rose-floral-headband-elegance\/#breadcrumb\",\"itemListElement\":[{\"@type\":\"ListItem\",\"position\":1,\"name\":\"Home\",\"item\":\"https:\/\/floratiara.com\/\"},{\"@type\":\"ListItem\",\"position\":2,\"name\":\"Shop\",\"item\":\"https:\/\/floratiara.com\/shop\/\"},{\"@type\":\"ListItem\",\"position\":3,\"name\":\"Enchanting Autumn Flower Crown Wedding Headpiece\"}]},{\"@type\":\"WebSite\",\"@id\":\"https:\/\/floratiara.com\/#website\",\"url\":\"https:\/\/floratiara.com\/\",\"name\":\"Flora Tiara\",\"description\":\"\",\"publisher\":{\"@id\":\"https:\/\/floratiara.com\/#organization\"},\"potentialAction\":[{\"@type\":\"SearchAction\",\"target\":{\"@type\":\"EntryPoint\",\"urlTemplate\":\"https:\/\/floratiara.com\/?s={search_term_string}\"},\"query-input\":{\"@type\":\"PropertyValueSpecification\",\"valueRequired\":true,\"valueName\":\"search_term_string\"}}],\"inLanguage\":\"et\"},{\"@type\":\"Organization\",\"@id\":\"https:\/\/floratiara.com\/#organization\",\"name\":\"Flora Tiara\",\"url\":\"https:\/\/floratiara.com\/\",\"logo\":{\"@type\":\"ImageObject\",\"inLanguage\":\"et\",\"@id\":\"https:\/\/floratiara.com\/#\/schema\/logo\/image\/\",\"url\":\"https:\/\/floratiara.com\/wp-content\/uploads\/2024\/03\/flora-tiara-logo.png\",\"contentUrl\":\"https:\/\/floratiara.com\/wp-content\/uploads\/2024\/03\/flora-tiara-logo.png\",\"width\":1024,\"height\":274,\"caption\":\"Flora Tiara\"},\"image\":{\"@id\":\"https:\/\/floratiara.com\/#\/schema\/logo\/image\/\"}}]}<\/script>\n<!-- \/ Yoast SEO plugin. -->","yoast_head_json":{"title":"Lummav s\u00fcgisene lillekroon pulmapea - Flora Tiara","description":"Unikaalne ja ilus: Osta meie lummav s\u00fcgislillekroon pulmapea. Premium kvaliteetne peakate, mis muudab s\u00fcndmuse unustamatuks.","robots":{"index":"index","follow":"follow","max-snippet":"max-snippet:-1","max-image-preview":"max-image-preview:large","max-video-preview":"max-video-preview:-1"},"canonical":"https:\/\/floratiara.com\/et\/p\/pruudi-roosiline-lillepeapael-elegantsi\/","og_locale":"et_EE","og_type":"article","og_title":"Enchanting Autumn Flower Crown Wedding Headpiece - Flora Tiara","og_description":"Unique and beautiful: Shop our Enchanting Autumn Flower Crown Wedding Headpiece. Premium high quality headpiece to make the occasion unforgettable.","og_url":"https:\/\/floratiara.com\/et\/p\/pruudi-roosiline-lillepeapael-elegantsi\/","og_site_name":"Flora Tiara","article_modified_time":"2024-12-12T01:49:33+00:00","og_image":[{"width":1500,"height":1500,"url":"https:\/\/floratiara.com\/wp-content\/uploads\/2024\/03\/S43a2f6cec780417699c411aa5ec4352dX.webp","type":"image\/webp"}],"twitter_card":"summary_large_image","twitter_misc":{"Est. reading time":"1 minut"},"schema":{"@context":"https:\/\/schema.org","@graph":[{"@type":"WebPage","@id":"https:\/\/floratiara.com\/p\/bridal-rose-floral-headband-elegance\/","url":"https:\/\/floratiara.com\/p\/bridal-rose-floral-headband-elegance\/","name":"Lummav s\u00fcgisene lillekroon pulmapea - Flora Tiara","isPartOf":{"@id":"https:\/\/floratiara.com\/#website"},"primaryImageOfPage":{"@id":"https:\/\/floratiara.com\/p\/bridal-rose-floral-headband-elegance\/#primaryimage"},"image":{"@id":"https:\/\/floratiara.com\/p\/bridal-rose-floral-headband-elegance\/#primaryimage"},"thumbnailUrl":"https:\/\/floratiara.com\/wp-content\/uploads\/2024\/03\/S43a2f6cec780417699c411aa5ec4352dX.webp","datePublished":"2024-03-16T06:43:11+00:00","dateModified":"2024-12-12T01:49:33+00:00","description":"Unikaalne ja ilus: Osta meie lummav s\u00fcgislillekroon pulmapea. Premium kvaliteetne peakate, mis muudab s\u00fcndmuse unustamatuks.","breadcrumb":{"@id":"https:\/\/floratiara.com\/p\/bridal-rose-floral-headband-elegance\/#breadcrumb"},"inLanguage":"et","potentialAction":[{"@type":"ReadAction","target":["https:\/\/floratiara.com\/p\/bridal-rose-floral-headband-elegance\/"]}]},{"@type":"ImageObject","inLanguage":"et","@id":"https:\/\/floratiara.com\/p\/bridal-rose-floral-headband-elegance\/#primaryimage","url":"https:\/\/floratiara.com\/wp-content\/uploads\/2024\/03\/S43a2f6cec780417699c411aa5ec4352dX.webp","contentUrl":"https:\/\/floratiara.com\/wp-content\/uploads\/2024\/03\/S43a2f6cec780417699c411aa5ec4352dX.webp","width":1500,"height":1500},{"@type":"BreadcrumbList","@id":"https:\/\/floratiara.com\/p\/bridal-rose-floral-headband-elegance\/#breadcrumb","itemListElement":[{"@type":"ListItem","position":1,"name":"Home","item":"https:\/\/floratiara.com\/"},{"@type":"ListItem","position":2,"name":"Shop","item":"https:\/\/floratiara.com\/shop\/"},{"@type":"ListItem","position":3,"name":"Enchanting Autumn Flower Crown Wedding Headpiece"}]},{"@type":"WebSite","@id":"https:\/\/floratiara.com\/#website","url":"https:\/\/floratiara.com\/","name":"Flora Tiara","description":"","publisher":{"@id":"https:\/\/floratiara.com\/#organization"},"potentialAction":[{"@type":"SearchAction","target":{"@type":"EntryPoint","urlTemplate":"https:\/\/floratiara.com\/?s={search_term_string}"},"query-input":{"@type":"PropertyValueSpecification","valueRequired":true,"valueName":"search_term_string"}}],"inLanguage":"et"},{"@type":"Organization","@id":"https:\/\/floratiara.com\/#organization","name":"Flora Tiara","url":"https:\/\/floratiara.com\/","logo":{"@type":"ImageObject","inLanguage":"et","@id":"https:\/\/floratiara.com\/#\/schema\/logo\/image\/","url":"https:\/\/floratiara.com\/wp-content\/uploads\/2024\/03\/flora-tiara-logo.png","contentUrl":"https:\/\/floratiara.com\/wp-content\/uploads\/2024\/03\/flora-tiara-logo.png","width":1024,"height":274,"caption":"Flora Tiara"},"image":{"@id":"https:\/\/floratiara.com\/#\/schema\/logo\/image\/"}}]}},"_links":{"self":[{"href":"https:\/\/floratiara.com\/et\/wp-json\/wp\/v2\/product\/62","targetHints":{"allow":["GET"]}}],"collection":[{"href":"https:\/\/floratiara.com\/et\/wp-json\/wp\/v2\/product"}],"about":[{"href":"https:\/\/floratiara.com\/et\/wp-json\/wp\/v2\/types\/product"}],"wp:featuredmedia":[{"embeddable":true,"href":"https:\/\/floratiara.com\/et\/wp-json\/wp\/v2\/media\/61"}],"wp:attachment":[{"href":"https:\/\/floratiara.com\/et\/wp-json\/wp\/v2\/media?parent=62"}],"wp:term":[{"taxonomy":"product_brand","embeddable":true,"href":"https:\/\/floratiara.com\/et\/wp-json\/wp\/v2\/product_brand?post=62"},{"taxonomy":"product_cat","embeddable":true,"href":"https:\/\/floratiara.com\/et\/wp-json\/wp\/v2\/product_cat?post=62"},{"taxonomy":"product_tag","embeddable":true,"href":"https:\/\/floratiara.com\/et\/wp-json\/wp\/v2\/product_tag?post=62"}],"curies":[{"name":"wp","href":"https:\/\/api.w.org\/{rel}","templated":true}]}}