{"id":655,"date":"2024-03-16T10:30:34","date_gmt":"2024-03-16T10:30:34","guid":{"rendered":"https:\/\/floratiara.com\/?post_type=product&#038;p=655"},"modified":"2025-07-22T03:50:46","modified_gmt":"2025-07-22T03:50:46","slug":"lillepeapael-pruudi-boheemlaslik-stiilis","status":"publish","type":"product","link":"https:\/\/floratiara.com\/et\/p\/lillepeapael-pruudi-boheemlaslik-stiilis\/","title":{"rendered":"Boho Chic lillekroon pulmadeks ja festivalideks"},"content":{"rendered":"<p>T\u00f5sta oma v\u00e4limust meie Boho Chic lillekrooniga, mis on k\u00e4sitsi valmistatud graatsia ja elegantsi s\u00fcmbol. See lillepeakroon on ideaalne nii pruutidele kui ka festivalidel osalejatele, sest see lillepeakroon t\u00f5otab tuua igale riietusele omap\u00e4ra ja loomuliku glamuuri. Nautige rooside, pioonide, asaleede, nartsisside ja kirsi\u00f5ite romantikat, mis on asjatundlikult kokku pandud, et saada \u00fclimalt v\u00e4ljapaistev ese. Vastupidav, kuid samas mugav, see on loodud kindlustama teie stiili hommikust \u00f5htuni. Nautige luksust ja j\u00e4tke oma j\u00e4rgmisel \u00fcritusel igavene mulje selle lummava aksessuaariga. Osta n\u00fc\u00fcd, et lisada oma garderoobi \u00f5itsvat s\u00e4ra!<\/p><p>Kompositsioon: terrakota roosid, valged roosid, roosad pioonid, fuksiatoonid, aprikoosroosid, kollased nartsissid, roosad kirsi\u00f5ied ja v\u00e4ikesed aktsentlilled.<\/p>","protected":false},"excerpt":{"rendered":"<div style=\"width: 90%;text-align: left;margin: auto\"><p style=\"text-align:center\"><b>\ud83d\udc51 Meie k\u00e4est sinu p\u00e4he<\/b><br \/><i>Luksuslikud lillekroonid igaks juhuks<\/i><\/p><ul><li>\u2702\ufe0f Hoolikalt valmistatud s\u00fcdames asuvas <b>Eesti<\/b><\/li><li><b>\ud83d\udc90 Kompositsioon: terrakota roosid, valged roosid, roosad ploomid, fuksiatooniad, aprikoosroosid, kollased nartsissid, roosad kirsi\u00f5ied ja v\u00e4ikesed aktsentlilled.<\/b><\/li><\/ul><\/div>","protected":false},"featured_media":654,"template":"","meta":[],"product_brand":[],"product_cat":[68],"product_tag":[],"class_list":{"0":"post-655","1":"product","2":"type-product","3":"status-publish","4":"has-post-thumbnail","6":"product_cat-floral-headpiece-headband","8":"first","9":"instock","10":"shipping-taxable","11":"purchasable","12":"product-type-simple"},"yoast_head":"<!-- This site is optimized with the Yoast SEO plugin v25.9 - https:\/\/yoast.com\/wordpress\/plugins\/seo\/ -->\n<title>Boho Chic Flower Crown for Weddings &amp; Festivals - Flora Tiara<\/title>\n<meta name=\"description\" content=\"Unique and beautiful: Shop our Boho Chic Flower Crown for Weddings &amp; Festivals. Premium high quality headpiece to make the occasion unforgettable.\" \/>\n<meta name=\"robots\" content=\"index, follow, max-snippet:-1, max-image-preview:large, max-video-preview:-1\" \/>\n<link rel=\"canonical\" href=\"https:\/\/floratiara.com\/et\/p\/lillepeapael-pruudi-boheemlaslik-stiilis\/\" \/>\n<meta property=\"og:locale\" content=\"et_EE\" \/>\n<meta property=\"og:type\" content=\"article\" \/>\n<meta property=\"og:title\" content=\"Boho Chic Flower Crown for Weddings &amp; Festivals - Flora Tiara\" \/>\n<meta property=\"og:description\" content=\"Unique and beautiful: Shop our Boho Chic Flower Crown for Weddings &amp; Festivals. Premium high quality headpiece to make the occasion unforgettable.\" \/>\n<meta property=\"og:url\" content=\"https:\/\/floratiara.com\/et\/p\/lillepeapael-pruudi-boheemlaslik-stiilis\/\" \/>\n<meta property=\"og:site_name\" content=\"Flora Tiara\" \/>\n<meta property=\"article:modified_time\" content=\"2025-07-22T03:50:46+00:00\" \/>\n<meta property=\"og:image\" content=\"https:\/\/floratiara.com\/wp-content\/uploads\/2024\/03\/Sa06779c957c24d2c80f53aa32878e2bdW.webp\" \/>\n\t<meta property=\"og:image:width\" content=\"900\" \/>\n\t<meta property=\"og:image:height\" content=\"900\" \/>\n\t<meta property=\"og:image:type\" content=\"image\/webp\" \/>\n<meta name=\"twitter:card\" content=\"summary_large_image\" \/>\n<meta name=\"twitter:label1\" content=\"Est. reading time\" \/>\n\t<meta name=\"twitter:data1\" content=\"1 minut\" \/>\n<script type=\"application\/ld+json\" class=\"yoast-schema-graph\">{\"@context\":\"https:\/\/schema.org\",\"@graph\":[{\"@type\":\"WebPage\",\"@id\":\"https:\/\/floratiara.com\/p\/floral-headband-bridal-bohemian-style\/\",\"url\":\"https:\/\/floratiara.com\/p\/floral-headband-bridal-bohemian-style\/\",\"name\":\"Boho Chic Flower Crown for Weddings &amp; Festivals - Flora Tiara\",\"isPartOf\":{\"@id\":\"https:\/\/floratiara.com\/#website\"},\"primaryImageOfPage\":{\"@id\":\"https:\/\/floratiara.com\/p\/floral-headband-bridal-bohemian-style\/#primaryimage\"},\"image\":{\"@id\":\"https:\/\/floratiara.com\/p\/floral-headband-bridal-bohemian-style\/#primaryimage\"},\"thumbnailUrl\":\"https:\/\/floratiara.com\/wp-content\/uploads\/2024\/03\/Sa06779c957c24d2c80f53aa32878e2bdW.webp\",\"datePublished\":\"2024-03-16T10:30:34+00:00\",\"dateModified\":\"2025-07-22T03:50:46+00:00\",\"description\":\"Unique and beautiful: Shop our Boho Chic Flower Crown for Weddings &amp; Festivals. Premium high quality headpiece to make the occasion unforgettable.\",\"breadcrumb\":{\"@id\":\"https:\/\/floratiara.com\/p\/floral-headband-bridal-bohemian-style\/#breadcrumb\"},\"inLanguage\":\"et\",\"potentialAction\":[{\"@type\":\"ReadAction\",\"target\":[\"https:\/\/floratiara.com\/p\/floral-headband-bridal-bohemian-style\/\"]}]},{\"@type\":\"ImageObject\",\"inLanguage\":\"et\",\"@id\":\"https:\/\/floratiara.com\/p\/floral-headband-bridal-bohemian-style\/#primaryimage\",\"url\":\"https:\/\/floratiara.com\/wp-content\/uploads\/2024\/03\/Sa06779c957c24d2c80f53aa32878e2bdW.webp\",\"contentUrl\":\"https:\/\/floratiara.com\/wp-content\/uploads\/2024\/03\/Sa06779c957c24d2c80f53aa32878e2bdW.webp\",\"width\":900,\"height\":900},{\"@type\":\"BreadcrumbList\",\"@id\":\"https:\/\/floratiara.com\/p\/floral-headband-bridal-bohemian-style\/#breadcrumb\",\"itemListElement\":[{\"@type\":\"ListItem\",\"position\":1,\"name\":\"Home\",\"item\":\"https:\/\/floratiara.com\/\"},{\"@type\":\"ListItem\",\"position\":2,\"name\":\"Shop\",\"item\":\"https:\/\/floratiara.com\/shop\/\"},{\"@type\":\"ListItem\",\"position\":3,\"name\":\"Boho Chic Flower Crown for Weddings &amp; Festivals\"}]},{\"@type\":\"WebSite\",\"@id\":\"https:\/\/floratiara.com\/#website\",\"url\":\"https:\/\/floratiara.com\/\",\"name\":\"Flora Tiara\",\"description\":\"\",\"publisher\":{\"@id\":\"https:\/\/floratiara.com\/#organization\"},\"potentialAction\":[{\"@type\":\"SearchAction\",\"target\":{\"@type\":\"EntryPoint\",\"urlTemplate\":\"https:\/\/floratiara.com\/?s={search_term_string}\"},\"query-input\":{\"@type\":\"PropertyValueSpecification\",\"valueRequired\":true,\"valueName\":\"search_term_string\"}}],\"inLanguage\":\"et\"},{\"@type\":\"Organization\",\"@id\":\"https:\/\/floratiara.com\/#organization\",\"name\":\"Flora Tiara\",\"url\":\"https:\/\/floratiara.com\/\",\"logo\":{\"@type\":\"ImageObject\",\"inLanguage\":\"et\",\"@id\":\"https:\/\/floratiara.com\/#\/schema\/logo\/image\/\",\"url\":\"https:\/\/floratiara.com\/wp-content\/uploads\/2024\/03\/flora-tiara-logo.png\",\"contentUrl\":\"https:\/\/floratiara.com\/wp-content\/uploads\/2024\/03\/flora-tiara-logo.png\",\"width\":1024,\"height\":274,\"caption\":\"Flora Tiara\"},\"image\":{\"@id\":\"https:\/\/floratiara.com\/#\/schema\/logo\/image\/\"}}]}<\/script>\n<!-- \/ Yoast SEO plugin. -->","yoast_head_json":{"title":"Boho Chic lillekroon pulmadeks ja festivalideks - Flora Tiara","description":"Unikaalne ja ilus: Osta meie Boho Chic Flower Crown pulmadeks ja festivalideks. Premium kvaliteetne peakate, mis muudab s\u00fcndmuse unustamatuks.","robots":{"index":"index","follow":"follow","max-snippet":"max-snippet:-1","max-image-preview":"max-image-preview:large","max-video-preview":"max-video-preview:-1"},"canonical":"https:\/\/floratiara.com\/et\/p\/lillepeapael-pruudi-boheemlaslik-stiilis\/","og_locale":"et_EE","og_type":"article","og_title":"Boho Chic Flower Crown for Weddings &amp; Festivals - Flora Tiara","og_description":"Unique and beautiful: Shop our Boho Chic Flower Crown for Weddings &amp; Festivals. Premium high quality headpiece to make the occasion unforgettable.","og_url":"https:\/\/floratiara.com\/et\/p\/lillepeapael-pruudi-boheemlaslik-stiilis\/","og_site_name":"Flora Tiara","article_modified_time":"2025-07-22T03:50:46+00:00","og_image":[{"width":900,"height":900,"url":"https:\/\/floratiara.com\/wp-content\/uploads\/2024\/03\/Sa06779c957c24d2c80f53aa32878e2bdW.webp","type":"image\/webp"}],"twitter_card":"summary_large_image","twitter_misc":{"Est. reading time":"1 minut"},"schema":{"@context":"https:\/\/schema.org","@graph":[{"@type":"WebPage","@id":"https:\/\/floratiara.com\/p\/floral-headband-bridal-bohemian-style\/","url":"https:\/\/floratiara.com\/p\/floral-headband-bridal-bohemian-style\/","name":"Boho Chic lillekroon pulmadeks ja festivalideks - Flora Tiara","isPartOf":{"@id":"https:\/\/floratiara.com\/#website"},"primaryImageOfPage":{"@id":"https:\/\/floratiara.com\/p\/floral-headband-bridal-bohemian-style\/#primaryimage"},"image":{"@id":"https:\/\/floratiara.com\/p\/floral-headband-bridal-bohemian-style\/#primaryimage"},"thumbnailUrl":"https:\/\/floratiara.com\/wp-content\/uploads\/2024\/03\/Sa06779c957c24d2c80f53aa32878e2bdW.webp","datePublished":"2024-03-16T10:30:34+00:00","dateModified":"2025-07-22T03:50:46+00:00","description":"Unikaalne ja ilus: Osta meie Boho Chic Flower Crown pulmadeks ja festivalideks. Premium kvaliteetne peakate, mis muudab s\u00fcndmuse unustamatuks.","breadcrumb":{"@id":"https:\/\/floratiara.com\/p\/floral-headband-bridal-bohemian-style\/#breadcrumb"},"inLanguage":"et","potentialAction":[{"@type":"ReadAction","target":["https:\/\/floratiara.com\/p\/floral-headband-bridal-bohemian-style\/"]}]},{"@type":"ImageObject","inLanguage":"et","@id":"https:\/\/floratiara.com\/p\/floral-headband-bridal-bohemian-style\/#primaryimage","url":"https:\/\/floratiara.com\/wp-content\/uploads\/2024\/03\/Sa06779c957c24d2c80f53aa32878e2bdW.webp","contentUrl":"https:\/\/floratiara.com\/wp-content\/uploads\/2024\/03\/Sa06779c957c24d2c80f53aa32878e2bdW.webp","width":900,"height":900},{"@type":"BreadcrumbList","@id":"https:\/\/floratiara.com\/p\/floral-headband-bridal-bohemian-style\/#breadcrumb","itemListElement":[{"@type":"ListItem","position":1,"name":"Home","item":"https:\/\/floratiara.com\/"},{"@type":"ListItem","position":2,"name":"Shop","item":"https:\/\/floratiara.com\/shop\/"},{"@type":"ListItem","position":3,"name":"Boho Chic Flower Crown for Weddings &amp; Festivals"}]},{"@type":"WebSite","@id":"https:\/\/floratiara.com\/#website","url":"https:\/\/floratiara.com\/","name":"Flora Tiara","description":"","publisher":{"@id":"https:\/\/floratiara.com\/#organization"},"potentialAction":[{"@type":"SearchAction","target":{"@type":"EntryPoint","urlTemplate":"https:\/\/floratiara.com\/?s={search_term_string}"},"query-input":{"@type":"PropertyValueSpecification","valueRequired":true,"valueName":"search_term_string"}}],"inLanguage":"et"},{"@type":"Organization","@id":"https:\/\/floratiara.com\/#organization","name":"Flora Tiara","url":"https:\/\/floratiara.com\/","logo":{"@type":"ImageObject","inLanguage":"et","@id":"https:\/\/floratiara.com\/#\/schema\/logo\/image\/","url":"https:\/\/floratiara.com\/wp-content\/uploads\/2024\/03\/flora-tiara-logo.png","contentUrl":"https:\/\/floratiara.com\/wp-content\/uploads\/2024\/03\/flora-tiara-logo.png","width":1024,"height":274,"caption":"Flora Tiara"},"image":{"@id":"https:\/\/floratiara.com\/#\/schema\/logo\/image\/"}}]}},"_links":{"self":[{"href":"https:\/\/floratiara.com\/et\/wp-json\/wp\/v2\/product\/655","targetHints":{"allow":["GET"]}}],"collection":[{"href":"https:\/\/floratiara.com\/et\/wp-json\/wp\/v2\/product"}],"about":[{"href":"https:\/\/floratiara.com\/et\/wp-json\/wp\/v2\/types\/product"}],"wp:featuredmedia":[{"embeddable":true,"href":"https:\/\/floratiara.com\/et\/wp-json\/wp\/v2\/media\/654"}],"wp:attachment":[{"href":"https:\/\/floratiara.com\/et\/wp-json\/wp\/v2\/media?parent=655"}],"wp:term":[{"taxonomy":"product_brand","embeddable":true,"href":"https:\/\/floratiara.com\/et\/wp-json\/wp\/v2\/product_brand?post=655"},{"taxonomy":"product_cat","embeddable":true,"href":"https:\/\/floratiara.com\/et\/wp-json\/wp\/v2\/product_cat?post=655"},{"taxonomy":"product_tag","embeddable":true,"href":"https:\/\/floratiara.com\/et\/wp-json\/wp\/v2\/product_tag?post=655"}],"curies":[{"name":"wp","href":"https:\/\/api.w.org\/{rel}","templated":true}]}}