{"id":857,"date":"2024-03-24T02:40:03","date_gmt":"2024-03-24T02:40:03","guid":{"rendered":"https:\/\/floratiara.com\/?page_id=857"},"modified":"2025-07-02T11:12:21","modified_gmt":"2025-07-02T11:12:21","slug":"ota-yhteytta","status":"publish","type":"page","link":"https:\/\/floratiara.com\/fi\/ota-yhteytta\/","title":{"rendered":"Ota yhteytt\u00e4"},"content":{"rendered":"<script src=\"https:\/\/www.google.com\/recaptcha\/api.js\" async defer><\/script>\n\n    <form id=\"custom-contact-form\" method=\"post\" action=\"\" data-trp-original-action=\"\">\n        <label for=\"custom_name\">Nimi<\/label>\n        <input type=\"text\" id=\"custom_name\" name=\"custom_name\" required>\n\n        <label for=\"custom_email\">S\u00e4hk\u00f6posti<\/label>\n        <input type=\"email\" id=\"custom_email\" name=\"custom_email\" required>\n\n        <label for=\"custom_phone\">Puhelin (valinnainen)<\/label>\n        <input type=\"text\" id=\"custom_phone\" name=\"custom_phone\">\n\n        <label for=\"custom_message\">Viesti<\/label>\n        <textarea id=\"custom_message\" name=\"custom_message\" required><\/textarea>\n\n        <button type=\"submit\" id=\"submit-button\">L\u00e4het\u00e4 viesti<\/button>\n\t\t<div class=\"g-recaptcha\" data-sitekey=\"6LcedYcrAAAAAOK6QakCEeZFgNKr5ROq6JNsqiIa\"><\/div>\n\n    <input type=\"hidden\" name=\"trp-form-language\" value=\"fi\"\/><\/form>\n\n    <div id=\"form-response\"><\/div>\n\n    <script type=\"text\/javascript\">\n        document.getElementById(\"custom-contact-form\").addEventListener(\"submit\", function(event){\n            event.preventDefault(); \/\/ Prevent the form from submitting normally\n\n            var formData = new FormData(this); \/\/ Get form data\n            var responseDiv = document.getElementById(\"form-response\");\n            var submitButton = document.getElementById(\"submit-button\");\n\n            \/\/ Disable the submit button and show loading spinner\n            submitButton.disabled = true;\n            responseDiv.innerHTML = \"<div id='loading-spinner' style='text-align:center;'><img src='http:\/\/floratiara.com\/wp-content\/uploads\/2025\/07\/loading-spinner-custom.gif' alt='Loading...'><\/div>\";\n    var recaptcha = document.querySelector('#g-recaptcha-response').value;\n    if (!recaptcha) {\n        responseDiv.innerHTML = \"<p style='color: red; font-weight: bold; font-size: 1.2em;'>Please complete the CAPTCHA.<\/p>\";\n        submitButton.disabled = false;\n        return;\n    }\n            \/\/ AJAX request\n            var xhr = new XMLHttpRequest();\n            xhr.open(\"POST\", window.location.href, true); \/\/ Post to the same page\n            xhr.onload = function () {\n                if (xhr.status === 200) {\n                    responseDiv.innerHTML = \"<p style='color: green; font-weight: bold; font-size: 1.2em;'>Thank you! Your message has been sent successfully.<\/p>\";\n                } else {\n                    responseDiv.innerHTML = \"<p style='color: red; font-weight: bold; font-size: 1.2em;'>Sorry, something went wrong. Please try again.<\/p>\";\n                }\n\n                \/\/ Re-enable the submit button after response\n                submitButton.disabled = false;\n            };\n            xhr.onerror = function () {\n                responseDiv.innerHTML = \"<p style='color: red; font-weight: bold; font-size: 1.2em;'>Sorry, something went wrong. Please try again.<\/p>\";\n                submitButton.disabled = false;\n            };\n            xhr.send(formData);\n        });\n    <\/script>\n\n    <style>\n        #submit-button {\n            background-color: #661731; \/* Button background color *\/\n            color: white; \/* Button text color *\/\n            padding: 10px 20px;\n            border: none;\n            cursor: pointer;\n            font-size: 1em;\n        }\n\n        #submit-button:hover {\n            background-color: #550e2f; \/* Darker background on hover *\/\n        }\n\n        #form-response {\n            margin-top: 15px;\n        }\n\n        #loading-spinner img {\n            width: 50px; \/* Adjust size *\/\n            height: 50px;\n        }\n    <\/style>\n\n    \r\n\r\n<h2>Sitoutumisemme erinomaiseen asiakaspalveluun<\/h2>\r\nFlora Tiara on sitoutunut tarjoamaan erinomaista asiakaspalvelua. Uskomme, ett\u00e4 asiakkaamme ansaitsevat parhaan mahdollisen kokemuksen ostaessaan meilt\u00e4, ja pyrimme tarjoamaan sen joka kerta. Asiakaspalvelutiimimme on aina valmiina vastaamaan kaikkiin kysymyksiisi ja auttamaan sinua l\u00f6yt\u00e4m\u00e4\u00e4n tarpeisiisi sopivan tuotteen. Tied\u00e4mme, ett\u00e4 aikasi on arvokasta, joten arvostamme liiketoimintaasi ja kiitos, ett\u00e4 valitsit Flora Tiara:n!\r\n<h2>Yksityisyys<\/h2>\r\nVaihtomme ovat ehdottoman luottamuksellisia ja kaikki vaihtomme pysyv\u00e4t yksityisin\u00e4. Tietosuojaselosteemme mukaisesti emme v\u00e4lit\u00e4 mit\u00e4\u00e4n tietoja kolmansille osapuolille.","protected":false},"excerpt":{"rendered":"Sitoumuksemme erinomaiseen asiakaspalveluun Flora Tiara on sitoutunut tarjoamaan erinomaista asiakaspalvelua. Uskomme, ett\u00e4 asiakkaamme ansaitsevat parhaan mahdollisen kokemuksen tehdess\u00e4\u00e4n ostoksia kanssamme, ja pyrimme tarjoamaan sen joka kerta. Asiakaspalvelutiimimme on aina valmiina vastaamaan kaikkiin kysymyksiisi ja auttamaan sinua l\u00f6yt\u00e4m\u00e4\u00e4n [...]","protected":false},"author":1,"featured_media":0,"parent":0,"menu_order":0,"comment_status":"closed","ping_status":"closed","template":"page-blank-title-center.php","meta":{"footnotes":""},"class_list":["post-857","page","type-page","status-publish","hentry"],"yoast_head":"<!-- This site is optimized with the Yoast SEO plugin v25.9 - https:\/\/yoast.com\/wordpress\/plugins\/seo\/ -->\n<title>Contact us - Flora Tiara<\/title>\n<meta name=\"robots\" content=\"index, follow, max-snippet:-1, max-image-preview:large, max-video-preview:-1\" \/>\n<link rel=\"canonical\" href=\"https:\/\/floratiara.com\/fi\/ota-yhteytta\/\" \/>\n<meta property=\"og:locale\" content=\"fi_FI\" \/>\n<meta property=\"og:type\" content=\"article\" \/>\n<meta property=\"og:title\" content=\"Contact us - Flora Tiara\" \/>\n<meta property=\"og:description\" content=\"Our commitment to great customer service Flora Tiara is committed to providing great customer service. We believe that our customers deserve the best possible experience when shopping with us, and we strive to provide that every time. Our customer service team is always available to answer any questions you may have, and help you find [...]\" \/>\n<meta property=\"og:url\" content=\"https:\/\/floratiara.com\/fi\/ota-yhteytta\/\" \/>\n<meta property=\"og:site_name\" content=\"Flora Tiara\" \/>\n<meta property=\"article:modified_time\" content=\"2025-07-02T11:12:21+00:00\" \/>\n<meta property=\"og:image\" content=\"https:\/\/floratiara.com\/wp-content\/uploads\/2024\/03\/flower-crown-banner.jpg\" \/>\n\t<meta property=\"og:image:width\" content=\"1755\" \/>\n\t<meta property=\"og:image:height\" content=\"1024\" \/>\n\t<meta property=\"og:image:type\" content=\"image\/jpeg\" \/>\n<meta name=\"twitter:card\" content=\"summary_large_image\" \/>\n<meta name=\"twitter:label1\" content=\"Arvioitu lukuaika\" \/>\n\t<meta name=\"twitter:data1\" content=\"1 minuutti\" \/>\n<script type=\"application\/ld+json\" class=\"yoast-schema-graph\">{\"@context\":\"https:\/\/schema.org\",\"@graph\":[{\"@type\":\"WebPage\",\"@id\":\"https:\/\/floratiara.com\/contact-us\/\",\"url\":\"https:\/\/floratiara.com\/contact-us\/\",\"name\":\"Contact us - Flora Tiara\",\"isPartOf\":{\"@id\":\"https:\/\/floratiara.com\/#website\"},\"datePublished\":\"2024-03-24T02:40:03+00:00\",\"dateModified\":\"2025-07-02T11:12:21+00:00\",\"breadcrumb\":{\"@id\":\"https:\/\/floratiara.com\/contact-us\/#breadcrumb\"},\"inLanguage\":\"fi\",\"potentialAction\":[{\"@type\":\"ReadAction\",\"target\":[\"https:\/\/floratiara.com\/contact-us\/\"]}]},{\"@type\":\"BreadcrumbList\",\"@id\":\"https:\/\/floratiara.com\/contact-us\/#breadcrumb\",\"itemListElement\":[{\"@type\":\"ListItem\",\"position\":1,\"name\":\"Home\",\"item\":\"https:\/\/floratiara.com\/\"},{\"@type\":\"ListItem\",\"position\":2,\"name\":\"Contact us\"}]},{\"@type\":\"WebSite\",\"@id\":\"https:\/\/floratiara.com\/#website\",\"url\":\"https:\/\/floratiara.com\/\",\"name\":\"Flora Tiara\",\"description\":\"\",\"publisher\":{\"@id\":\"https:\/\/floratiara.com\/#organization\"},\"potentialAction\":[{\"@type\":\"SearchAction\",\"target\":{\"@type\":\"EntryPoint\",\"urlTemplate\":\"https:\/\/floratiara.com\/?s={search_term_string}\"},\"query-input\":{\"@type\":\"PropertyValueSpecification\",\"valueRequired\":true,\"valueName\":\"search_term_string\"}}],\"inLanguage\":\"fi\"},{\"@type\":\"Organization\",\"@id\":\"https:\/\/floratiara.com\/#organization\",\"name\":\"Flora Tiara\",\"url\":\"https:\/\/floratiara.com\/\",\"logo\":{\"@type\":\"ImageObject\",\"inLanguage\":\"fi\",\"@id\":\"https:\/\/floratiara.com\/#\/schema\/logo\/image\/\",\"url\":\"https:\/\/floratiara.com\/wp-content\/uploads\/2024\/03\/flora-tiara-logo.png\",\"contentUrl\":\"https:\/\/floratiara.com\/wp-content\/uploads\/2024\/03\/flora-tiara-logo.png\",\"width\":1024,\"height\":274,\"caption\":\"Flora Tiara\"},\"image\":{\"@id\":\"https:\/\/floratiara.com\/#\/schema\/logo\/image\/\"}}]}<\/script>\n<!-- \/ Yoast SEO plugin. -->","yoast_head_json":{"title":"Ota yhteytt\u00e4 - Flora Tiara","robots":{"index":"index","follow":"follow","max-snippet":"max-snippet:-1","max-image-preview":"max-image-preview:large","max-video-preview":"max-video-preview:-1"},"canonical":"https:\/\/floratiara.com\/fi\/ota-yhteytta\/","og_locale":"fi_FI","og_type":"article","og_title":"Contact us - Flora Tiara","og_description":"Our commitment to great customer service Flora Tiara is committed to providing great customer service. We believe that our customers deserve the best possible experience when shopping with us, and we strive to provide that every time. Our customer service team is always available to answer any questions you may have, and help you find [...]","og_url":"https:\/\/floratiara.com\/fi\/ota-yhteytta\/","og_site_name":"Flora Tiara","article_modified_time":"2025-07-02T11:12:21+00:00","og_image":[{"width":1755,"height":1024,"url":"https:\/\/floratiara.com\/wp-content\/uploads\/2024\/03\/flower-crown-banner.jpg","type":"image\/jpeg"}],"twitter_card":"summary_large_image","twitter_misc":{"Arvioitu lukuaika":"1 minuutti"},"schema":{"@context":"https:\/\/schema.org","@graph":[{"@type":"WebPage","@id":"https:\/\/floratiara.com\/contact-us\/","url":"https:\/\/floratiara.com\/contact-us\/","name":"Ota yhteytt\u00e4 - Flora Tiara","isPartOf":{"@id":"https:\/\/floratiara.com\/#website"},"datePublished":"2024-03-24T02:40:03+00:00","dateModified":"2025-07-02T11:12:21+00:00","breadcrumb":{"@id":"https:\/\/floratiara.com\/contact-us\/#breadcrumb"},"inLanguage":"fi","potentialAction":[{"@type":"ReadAction","target":["https:\/\/floratiara.com\/contact-us\/"]}]},{"@type":"BreadcrumbList","@id":"https:\/\/floratiara.com\/contact-us\/#breadcrumb","itemListElement":[{"@type":"ListItem","position":1,"name":"Home","item":"https:\/\/floratiara.com\/"},{"@type":"ListItem","position":2,"name":"Contact us"}]},{"@type":"WebSite","@id":"https:\/\/floratiara.com\/#website","url":"https:\/\/floratiara.com\/","name":"Flora Tiara","description":"","publisher":{"@id":"https:\/\/floratiara.com\/#organization"},"potentialAction":[{"@type":"SearchAction","target":{"@type":"EntryPoint","urlTemplate":"https:\/\/floratiara.com\/?s={search_term_string}"},"query-input":{"@type":"PropertyValueSpecification","valueRequired":true,"valueName":"search_term_string"}}],"inLanguage":"fi"},{"@type":"Organization","@id":"https:\/\/floratiara.com\/#organization","name":"Flora Tiara","url":"https:\/\/floratiara.com\/","logo":{"@type":"ImageObject","inLanguage":"fi","@id":"https:\/\/floratiara.com\/#\/schema\/logo\/image\/","url":"https:\/\/floratiara.com\/wp-content\/uploads\/2024\/03\/flora-tiara-logo.png","contentUrl":"https:\/\/floratiara.com\/wp-content\/uploads\/2024\/03\/flora-tiara-logo.png","width":1024,"height":274,"caption":"Flora Tiara"},"image":{"@id":"https:\/\/floratiara.com\/#\/schema\/logo\/image\/"}}]}},"_links":{"self":[{"href":"https:\/\/floratiara.com\/fi\/wp-json\/wp\/v2\/pages\/857","targetHints":{"allow":["GET"]}}],"collection":[{"href":"https:\/\/floratiara.com\/fi\/wp-json\/wp\/v2\/pages"}],"about":[{"href":"https:\/\/floratiara.com\/fi\/wp-json\/wp\/v2\/types\/page"}],"author":[{"embeddable":true,"href":"https:\/\/floratiara.com\/fi\/wp-json\/wp\/v2\/users\/1"}],"replies":[{"embeddable":true,"href":"https:\/\/floratiara.com\/fi\/wp-json\/wp\/v2\/comments?post=857"}],"version-history":[{"count":3,"href":"https:\/\/floratiara.com\/fi\/wp-json\/wp\/v2\/pages\/857\/revisions"}],"predecessor-version":[{"id":1097,"href":"https:\/\/floratiara.com\/fi\/wp-json\/wp\/v2\/pages\/857\/revisions\/1097"}],"wp:attachment":[{"href":"https:\/\/floratiara.com\/fi\/wp-json\/wp\/v2\/media?parent=857"}],"curies":[{"name":"wp","href":"https:\/\/api.w.org\/{rel}","templated":true}]}}