{"id":860,"date":"2024-03-24T02:46:07","date_gmt":"2024-03-24T02:46:07","guid":{"rendered":"https:\/\/floratiara.com\/?page_id=860"},"modified":"2024-06-11T05:05:40","modified_gmt":"2024-06-11T05:05:40","slug":"flora-tiara-palautus-ja-palautusehdot","status":"publish","type":"page","link":"https:\/\/floratiara.com\/fi\/flora-tiara-palautus-ja-palautusehdot\/","title":{"rendered":"Flora Tiara:n palautus- ja palautusehdot"},"content":{"rendered":"<h2>Haluaisin <strong>return<\/strong> tai <strong>vaihto<\/strong>\u00a0tuote, joka ei sovi minulle.<\/h2>\r\n<strong>Vaihe 1:<\/strong> Jos haluatte <strong>return<\/strong> tai <strong>vaihto<\/strong> Tuotteesi (saadaksesi eri koon tai v\u00e4rin), varmista, ett\u00e4 t\u00e4yt\u00e4t seuraavat ehdot:\r\n<ul>\r\n \t<li>Sinulla on 14 p\u00e4iv\u00e4\u00e4 aikaa palauttaa pakettisi meille sen vastaanottamisen j\u00e4lkeen.<\/li>\r\n \t<li>Tavaroiden on oltava alkuper\u00e4isess\u00e4 kunnossa ja k\u00e4ytt\u00e4m\u00e4tt\u00f6mi\u00e4.<\/li>\r\n<\/ul>\r\n<strong>Vaihe 2:<\/strong> Ota meihin yhteytt\u00e4 s\u00e4hk\u00f6postitse osoitteeseen contact@floratiara.com tai suoraan yhteystietojemme kautta.\r\n\r\nVarmista, ett\u00e4 s\u00e4hk\u00f6postiviestiss\u00e4si on seuraavat tiedot: oma osoitteesi.\u00a0<strong>tilausnumero<\/strong>, <strong>palautettujen tuotteiden nimet<\/strong>sek\u00e4 <strong>mit\u00e4 haluatte saada palautuksesta<\/strong> (hyvitys, kuponki tai vaihto toiseen kokoon\/v\u00e4riin).\r\n\r\n<strong>Vaihe 3:<\/strong>\u00a0Vastaamme sinulle 48 tunnin kuluessa ja ilmoitamme postiosoitteen, johon palautat tavarat.\r\n\r\nPalautusosoite on todenn\u00e4k\u00f6isesti Australiassa, koska olemme lentoyhti\u00f6. <strong>Australialainen yritys<\/strong>.\r\n\r\nIlmoitetaan, ett\u00e4\u00a0<strong>palautuksen toimituskulut j\u00e4\u00e4v\u00e4t sinun maksettavaksesi<\/strong>.\r\n\r\n<em>Tuotteet on palautettava alkuper\u00e4isess\u00e4 kunnossa.<\/em>\r\n\r\n<strong>Vaihe 4<\/strong>: Vahvista meille s\u00e4hk\u00f6postitse, ett\u00e4 tuotteesi on toimitettu ja anna meille seuraavat tiedot.\u00a0<strong>paketin l\u00e4hetysnumero<\/strong>.\r\n\r\nN\u00e4in voimme maksaa mahdolliset tullimaksut.\u00a0<strong>Jos meill\u00e4 ei ole n\u00e4it\u00e4 tietoja, emme voi maksaa tullimaksuja ja pakettisi palautetaan sinulle automaattisesti.<\/strong>.\r\n\r\n<strong>Vaihe 5:<\/strong> Heti kun olemme vastaanottaneet tuotteet, ne tarkastetaan ja pyynn\u00f6st\u00e4si teemme:\r\n<ul>\r\n \t<li>Palauta tuotteesi: saat s\u00e4hk\u00f6postiviestin, jossa vahvistetaan tilauksesi palautus.<\/li>\r\n \t<li>Vaihda tuotteesi: Saat s\u00e4hk\u00f6postiviestin, jossa vahvistetaan vaihto sek\u00e4 uusi tilausnumero.<\/li>\r\n<\/ul>\r\nFlora Tiara pid\u00e4tt\u00e4\u00e4 oikeuden kielt\u00e4yty\u00e4 palautuksista, jotka on l\u00e4hetetty tai ilmoitettu palautusviiveen j\u00e4lkeen, tai tuotteista, jotka eiv\u00e4t ole samassa kunnossa kuin ne on vastaanotettu. Kun palautus on hyv\u00e4ksytty, sinulle palautetaan rahat takaisin kautta <strong>sama maksutapa, jota k\u00e4ytettiin ostoksen tekemiseen<\/strong>. Palautusviive on enint\u00e4\u00e4n 10 p\u00e4iv\u00e4\u00e4. Huomioithan, ett\u00e4 pankkitilisi palautuksen viiv\u00e4styminen riippuu aina pankistasi.","protected":false},"excerpt":{"rendered":"Haluaisin palauttaa tai vaihtaa tuotteen, joka ei sovi minulle. Vaihe 1: Jos haluat palauttaa tai vaihtaa tuotteen (vaihtaaksesi kokoa tai v\u00e4ri\u00e4), varmista, ett\u00e4 t\u00e4yt\u00e4t seuraavat ehdot: Sinulla on 14 p\u00e4iv\u00e4\u00e4 aikaa palauttaa pakettisi [...]","protected":false},"author":1,"featured_media":0,"parent":0,"menu_order":0,"comment_status":"closed","ping_status":"closed","template":"page-blank-title-center.php","meta":{"footnotes":""},"class_list":["post-860","page","type-page","status-publish","hentry"],"yoast_head":"<!-- This site is optimized with the Yoast SEO plugin v25.9 - https:\/\/yoast.com\/wordpress\/plugins\/seo\/ -->\n<title>Flora Tiara Refund and Returns Policy - Flora Tiara<\/title>\n<meta name=\"robots\" content=\"noindex, follow\" \/>\n<meta property=\"og:locale\" content=\"fi_FI\" \/>\n<meta property=\"og:type\" content=\"article\" \/>\n<meta property=\"og:title\" content=\"Flora Tiara Refund and Returns Policy - Flora Tiara\" \/>\n<meta property=\"og:description\" content=\"I would like to return or exchange\u00a0an item that does not suit me. Step 1: If you would like to return or exchange your item (to get a different size or color), please make sure that you meet the following conditions: You have 14 days following the reception of your package to return it to [...]\" \/>\n<meta property=\"og:url\" content=\"https:\/\/floratiara.com\/fi\/flora-tiara-palautus-ja-palautusehdot\/\" \/>\n<meta property=\"og:site_name\" content=\"Flora Tiara\" \/>\n<meta property=\"article:modified_time\" content=\"2024-06-11T05:05:40+00:00\" \/>\n<meta property=\"og:image\" content=\"https:\/\/floratiara.com\/wp-content\/uploads\/2024\/03\/flower-crown-banner.jpg\" \/>\n\t<meta property=\"og:image:width\" content=\"1755\" \/>\n\t<meta property=\"og:image:height\" content=\"1024\" \/>\n\t<meta property=\"og:image:type\" content=\"image\/jpeg\" \/>\n<meta name=\"twitter:card\" content=\"summary_large_image\" \/>\n<meta name=\"twitter:label1\" content=\"Arvioitu lukuaika\" \/>\n\t<meta name=\"twitter:data1\" content=\"2 minuuttia\" \/>\n<script type=\"application\/ld+json\" class=\"yoast-schema-graph\">{\"@context\":\"https:\/\/schema.org\",\"@graph\":[{\"@type\":\"WebPage\",\"@id\":\"https:\/\/floratiara.com\/flora-tiara-refund-and-returns-policy\/\",\"url\":\"https:\/\/floratiara.com\/flora-tiara-refund-and-returns-policy\/\",\"name\":\"Flora Tiara Refund and Returns Policy - Flora Tiara\",\"isPartOf\":{\"@id\":\"https:\/\/floratiara.com\/#website\"},\"datePublished\":\"2024-03-24T02:46:07+00:00\",\"dateModified\":\"2024-06-11T05:05:40+00:00\",\"breadcrumb\":{\"@id\":\"https:\/\/floratiara.com\/flora-tiara-refund-and-returns-policy\/#breadcrumb\"},\"inLanguage\":\"fi\",\"potentialAction\":[{\"@type\":\"ReadAction\",\"target\":[\"https:\/\/floratiara.com\/flora-tiara-refund-and-returns-policy\/\"]}]},{\"@type\":\"BreadcrumbList\",\"@id\":\"https:\/\/floratiara.com\/flora-tiara-refund-and-returns-policy\/#breadcrumb\",\"itemListElement\":[{\"@type\":\"ListItem\",\"position\":1,\"name\":\"Home\",\"item\":\"https:\/\/floratiara.com\/\"},{\"@type\":\"ListItem\",\"position\":2,\"name\":\"Flora Tiara Refund and Returns Policy\"}]},{\"@type\":\"WebSite\",\"@id\":\"https:\/\/floratiara.com\/#website\",\"url\":\"https:\/\/floratiara.com\/\",\"name\":\"Flora Tiara\",\"description\":\"\",\"publisher\":{\"@id\":\"https:\/\/floratiara.com\/#organization\"},\"potentialAction\":[{\"@type\":\"SearchAction\",\"target\":{\"@type\":\"EntryPoint\",\"urlTemplate\":\"https:\/\/floratiara.com\/?s={search_term_string}\"},\"query-input\":{\"@type\":\"PropertyValueSpecification\",\"valueRequired\":true,\"valueName\":\"search_term_string\"}}],\"inLanguage\":\"fi\"},{\"@type\":\"Organization\",\"@id\":\"https:\/\/floratiara.com\/#organization\",\"name\":\"Flora Tiara\",\"url\":\"https:\/\/floratiara.com\/\",\"logo\":{\"@type\":\"ImageObject\",\"inLanguage\":\"fi\",\"@id\":\"https:\/\/floratiara.com\/#\/schema\/logo\/image\/\",\"url\":\"https:\/\/floratiara.com\/wp-content\/uploads\/2024\/03\/flora-tiara-logo.png\",\"contentUrl\":\"https:\/\/floratiara.com\/wp-content\/uploads\/2024\/03\/flora-tiara-logo.png\",\"width\":1024,\"height\":274,\"caption\":\"Flora Tiara\"},\"image\":{\"@id\":\"https:\/\/floratiara.com\/#\/schema\/logo\/image\/\"}}]}<\/script>\n<!-- \/ Yoast SEO plugin. -->","yoast_head_json":{"title":"Flora Tiara:n palautus- ja palautusehdot - Flora Tiara","robots":{"index":"noindex","follow":"follow"},"og_locale":"fi_FI","og_type":"article","og_title":"Flora Tiara Refund and Returns Policy - Flora Tiara","og_description":"I would like to return or exchange\u00a0an item that does not suit me. Step 1: If you would like to return or exchange your item (to get a different size or color), please make sure that you meet the following conditions: You have 14 days following the reception of your package to return it to [...]","og_url":"https:\/\/floratiara.com\/fi\/flora-tiara-palautus-ja-palautusehdot\/","og_site_name":"Flora Tiara","article_modified_time":"2024-06-11T05:05:40+00:00","og_image":[{"width":1755,"height":1024,"url":"https:\/\/floratiara.com\/wp-content\/uploads\/2024\/03\/flower-crown-banner.jpg","type":"image\/jpeg"}],"twitter_card":"summary_large_image","twitter_misc":{"Arvioitu lukuaika":"2 minuuttia"},"schema":{"@context":"https:\/\/schema.org","@graph":[{"@type":"WebPage","@id":"https:\/\/floratiara.com\/flora-tiara-refund-and-returns-policy\/","url":"https:\/\/floratiara.com\/flora-tiara-refund-and-returns-policy\/","name":"Flora Tiara:n palautus- ja palautusehdot - Flora Tiara","isPartOf":{"@id":"https:\/\/floratiara.com\/#website"},"datePublished":"2024-03-24T02:46:07+00:00","dateModified":"2024-06-11T05:05:40+00:00","breadcrumb":{"@id":"https:\/\/floratiara.com\/flora-tiara-refund-and-returns-policy\/#breadcrumb"},"inLanguage":"fi","potentialAction":[{"@type":"ReadAction","target":["https:\/\/floratiara.com\/flora-tiara-refund-and-returns-policy\/"]}]},{"@type":"BreadcrumbList","@id":"https:\/\/floratiara.com\/flora-tiara-refund-and-returns-policy\/#breadcrumb","itemListElement":[{"@type":"ListItem","position":1,"name":"Home","item":"https:\/\/floratiara.com\/"},{"@type":"ListItem","position":2,"name":"Flora Tiara Refund and Returns Policy"}]},{"@type":"WebSite","@id":"https:\/\/floratiara.com\/#website","url":"https:\/\/floratiara.com\/","name":"Flora Tiara","description":"","publisher":{"@id":"https:\/\/floratiara.com\/#organization"},"potentialAction":[{"@type":"SearchAction","target":{"@type":"EntryPoint","urlTemplate":"https:\/\/floratiara.com\/?s={search_term_string}"},"query-input":{"@type":"PropertyValueSpecification","valueRequired":true,"valueName":"search_term_string"}}],"inLanguage":"fi"},{"@type":"Organization","@id":"https:\/\/floratiara.com\/#organization","name":"Flora Tiara","url":"https:\/\/floratiara.com\/","logo":{"@type":"ImageObject","inLanguage":"fi","@id":"https:\/\/floratiara.com\/#\/schema\/logo\/image\/","url":"https:\/\/floratiara.com\/wp-content\/uploads\/2024\/03\/flora-tiara-logo.png","contentUrl":"https:\/\/floratiara.com\/wp-content\/uploads\/2024\/03\/flora-tiara-logo.png","width":1024,"height":274,"caption":"Flora Tiara"},"image":{"@id":"https:\/\/floratiara.com\/#\/schema\/logo\/image\/"}}]}},"_links":{"self":[{"href":"https:\/\/floratiara.com\/fi\/wp-json\/wp\/v2\/pages\/860","targetHints":{"allow":["GET"]}}],"collection":[{"href":"https:\/\/floratiara.com\/fi\/wp-json\/wp\/v2\/pages"}],"about":[{"href":"https:\/\/floratiara.com\/fi\/wp-json\/wp\/v2\/types\/page"}],"author":[{"embeddable":true,"href":"https:\/\/floratiara.com\/fi\/wp-json\/wp\/v2\/users\/1"}],"replies":[{"embeddable":true,"href":"https:\/\/floratiara.com\/fi\/wp-json\/wp\/v2\/comments?post=860"}],"version-history":[{"count":4,"href":"https:\/\/floratiara.com\/fi\/wp-json\/wp\/v2\/pages\/860\/revisions"}],"predecessor-version":[{"id":1008,"href":"https:\/\/floratiara.com\/fi\/wp-json\/wp\/v2\/pages\/860\/revisions\/1008"}],"wp:attachment":[{"href":"https:\/\/floratiara.com\/fi\/wp-json\/wp\/v2\/media?parent=860"}],"curies":[{"name":"wp","href":"https:\/\/api.w.org\/{rel}","templated":true}]}}