{"id":163,"date":"2024-03-16T09:37:13","date_gmt":"2024-03-16T09:37:13","guid":{"rendered":"https:\/\/floratiara.com\/?post_type=product&#038;p=163"},"modified":"2024-12-12T01:48:24","modified_gmt":"2024-12-12T01:48:24","slug":"lumottu-kukka-haat-hiuspanta","status":"publish","type":"product","link":"https:\/\/floratiara.com\/fi\/p\/lumottu-kukka-haat-hiuspanta\/","title":{"rendered":"Serenity kukka kruunu tyylik\u00e4s morsiamen p\u00e4\u00e4hine"},"content":{"rendered":"<p>Koristele tukkaasi Serenity Flower Crown -kukkakruunulla, joka on eleganssin mestariteos, joka muuttaa mink\u00e4 tahansa asun hetkess\u00e4 armon osoitukseksi. T\u00e4m\u00e4 p\u00e4\u00e4hine on t\u00e4ynn\u00e4 eloisan sinisi\u00e4 ja puhtaan valkoisia kukkia, ja siin\u00e4 on h\u00e4ik\u00e4isev\u00e4 sininen jalokivi, joka ilment\u00e4\u00e4 hienostuneisuutta. Ihanteellinen morsiamille, t\u00e4m\u00e4 kruunu kohottaa erikoisp\u00e4iv\u00e4si pukeutumista ja sopii yhteen erilaisten kampausten kanssa huokuen kuninkaallista charmia. T\u00e4ydellinen mihin tahansa juhlaan, Serenity Crown kutsuu sinut vapauttamaan sis\u00e4isen jumalattaresi ja erottumaan itsevarmasti. Hyv\u00e4ksy t\u00e4m\u00e4 ylellinen asuste ja tee hetkist\u00e4si unohtumattomia.<\/p><p>Koostumus: sinivalkoiset tekokukat, vihre\u00e4t tekolehdet, koristeellinen sininen jalokivi keskipiste.<\/p>","protected":false},"excerpt":{"rendered":"<div style=\"width: 90%;text-align: left;margin: auto\"><p style=\"text-align:center\"><b>\ud83d\udc51 K\u00e4dest\u00e4mme p\u00e4\u00e4h\u00e4si<\/b><br \/><i>Ylellinen kukka kruunut jokaiseen tilaisuuteen<\/i><\/p><ul><li>\u2702\ufe0f Crafted with Care in the Heart of <b>Suomi<\/b><\/li><li><b>\ud83d\udc90 Koostumus: siniset ja valkoiset tekokukat, vihre\u00e4t tekolehdet, koristeellinen sininen jalokivi keskipiste.<\/b><\/li><\/ul><\/div>","protected":false},"featured_media":162,"template":"","meta":[],"product_brand":[],"product_cat":[72,59],"product_tag":[],"class_list":{"0":"post-163","1":"product","2":"type-product","3":"status-publish","4":"has-post-thumbnail","6":"product_cat-blue-floral-headpiece","7":"product_cat-bridal-floral-headpiece","9":"first","10":"instock","11":"shipping-taxable","12":"purchasable","13":"product-type-simple"},"yoast_head":"<!-- This site is optimized with the Yoast SEO plugin v25.9 - https:\/\/yoast.com\/wordpress\/plugins\/seo\/ -->\n<title>Serenity Flower Crown Elegant Bridal Headpiece - Flora Tiara<\/title>\n<meta name=\"description\" content=\"Unique and beautiful: Shop our Serenity Flower Crown Elegant Bridal Headpiece. Premium high quality headpiece to make the occasion unforgettable.\" \/>\n<meta name=\"robots\" content=\"index, follow, max-snippet:-1, max-image-preview:large, max-video-preview:-1\" \/>\n<link rel=\"canonical\" href=\"https:\/\/floratiara.com\/fi\/p\/lumottu-kukka-haat-hiuspanta\/\" \/>\n<meta property=\"og:locale\" content=\"fi_FI\" \/>\n<meta property=\"og:type\" content=\"article\" \/>\n<meta property=\"og:title\" content=\"Serenity Flower Crown Elegant Bridal Headpiece - Flora Tiara\" \/>\n<meta property=\"og:description\" content=\"Unique and beautiful: Shop our Serenity Flower Crown Elegant Bridal Headpiece. Premium high quality headpiece to make the occasion unforgettable.\" \/>\n<meta property=\"og:url\" content=\"https:\/\/floratiara.com\/fi\/p\/lumottu-kukka-haat-hiuspanta\/\" \/>\n<meta property=\"og:site_name\" content=\"Flora Tiara\" \/>\n<meta property=\"article:modified_time\" content=\"2024-12-12T01:48:24+00:00\" \/>\n<meta property=\"og:image\" content=\"https:\/\/floratiara.com\/wp-content\/uploads\/2024\/03\/S2a887fb40a2f473da65063f901d03fb8A.webp\" \/>\n\t<meta property=\"og:image:width\" content=\"1200\" \/>\n\t<meta property=\"og:image:height\" content=\"1500\" \/>\n\t<meta property=\"og:image:type\" content=\"image\/webp\" \/>\n<meta name=\"twitter:card\" content=\"summary_large_image\" \/>\n<meta name=\"twitter:label1\" content=\"Arvioitu lukuaika\" \/>\n\t<meta name=\"twitter:data1\" content=\"1 minuutti\" \/>\n<script type=\"application\/ld+json\" class=\"yoast-schema-graph\">{\"@context\":\"https:\/\/schema.org\",\"@graph\":[{\"@type\":\"WebPage\",\"@id\":\"https:\/\/floratiara.com\/p\/enchanted-floral-wedding-headband\/\",\"url\":\"https:\/\/floratiara.com\/p\/enchanted-floral-wedding-headband\/\",\"name\":\"Serenity Flower Crown Elegant Bridal Headpiece - Flora Tiara\",\"isPartOf\":{\"@id\":\"https:\/\/floratiara.com\/#website\"},\"primaryImageOfPage\":{\"@id\":\"https:\/\/floratiara.com\/p\/enchanted-floral-wedding-headband\/#primaryimage\"},\"image\":{\"@id\":\"https:\/\/floratiara.com\/p\/enchanted-floral-wedding-headband\/#primaryimage\"},\"thumbnailUrl\":\"https:\/\/floratiara.com\/wp-content\/uploads\/2024\/03\/S2a887fb40a2f473da65063f901d03fb8A.webp\",\"datePublished\":\"2024-03-16T09:37:13+00:00\",\"dateModified\":\"2024-12-12T01:48:24+00:00\",\"description\":\"Unique and beautiful: Shop our Serenity Flower Crown Elegant Bridal Headpiece. Premium high quality headpiece to make the occasion unforgettable.\",\"breadcrumb\":{\"@id\":\"https:\/\/floratiara.com\/p\/enchanted-floral-wedding-headband\/#breadcrumb\"},\"inLanguage\":\"fi\",\"potentialAction\":[{\"@type\":\"ReadAction\",\"target\":[\"https:\/\/floratiara.com\/p\/enchanted-floral-wedding-headband\/\"]}]},{\"@type\":\"ImageObject\",\"inLanguage\":\"fi\",\"@id\":\"https:\/\/floratiara.com\/p\/enchanted-floral-wedding-headband\/#primaryimage\",\"url\":\"https:\/\/floratiara.com\/wp-content\/uploads\/2024\/03\/S2a887fb40a2f473da65063f901d03fb8A.webp\",\"contentUrl\":\"https:\/\/floratiara.com\/wp-content\/uploads\/2024\/03\/S2a887fb40a2f473da65063f901d03fb8A.webp\",\"width\":1200,\"height\":1500},{\"@type\":\"BreadcrumbList\",\"@id\":\"https:\/\/floratiara.com\/p\/enchanted-floral-wedding-headband\/#breadcrumb\",\"itemListElement\":[{\"@type\":\"ListItem\",\"position\":1,\"name\":\"Home\",\"item\":\"https:\/\/floratiara.com\/\"},{\"@type\":\"ListItem\",\"position\":2,\"name\":\"Shop\",\"item\":\"https:\/\/floratiara.com\/shop\/\"},{\"@type\":\"ListItem\",\"position\":3,\"name\":\"Serenity Flower Crown Elegant Bridal Headpiece\"}]},{\"@type\":\"WebSite\",\"@id\":\"https:\/\/floratiara.com\/#website\",\"url\":\"https:\/\/floratiara.com\/\",\"name\":\"Flora Tiara\",\"description\":\"\",\"publisher\":{\"@id\":\"https:\/\/floratiara.com\/#organization\"},\"potentialAction\":[{\"@type\":\"SearchAction\",\"target\":{\"@type\":\"EntryPoint\",\"urlTemplate\":\"https:\/\/floratiara.com\/?s={search_term_string}\"},\"query-input\":{\"@type\":\"PropertyValueSpecification\",\"valueRequired\":true,\"valueName\":\"search_term_string\"}}],\"inLanguage\":\"fi\"},{\"@type\":\"Organization\",\"@id\":\"https:\/\/floratiara.com\/#organization\",\"name\":\"Flora Tiara\",\"url\":\"https:\/\/floratiara.com\/\",\"logo\":{\"@type\":\"ImageObject\",\"inLanguage\":\"fi\",\"@id\":\"https:\/\/floratiara.com\/#\/schema\/logo\/image\/\",\"url\":\"https:\/\/floratiara.com\/wp-content\/uploads\/2024\/03\/flora-tiara-logo.png\",\"contentUrl\":\"https:\/\/floratiara.com\/wp-content\/uploads\/2024\/03\/flora-tiara-logo.png\",\"width\":1024,\"height\":274,\"caption\":\"Flora Tiara\"},\"image\":{\"@id\":\"https:\/\/floratiara.com\/#\/schema\/logo\/image\/\"}}]}<\/script>\n<!-- \/ Yoast SEO plugin. -->","yoast_head_json":{"title":"Serenity kukka kruunu tyylik\u00e4s morsiamen p\u00e4\u00e4hine - Flora Tiara","description":"Ainutlaatuinen ja kaunis: Serenity Flower Crown Elegantti morsiamen p\u00e4\u00e4hine. Premium korkealaatuinen p\u00e4\u00e4hine, joka tekee tilaisuudesta unohtumattoman.","robots":{"index":"index","follow":"follow","max-snippet":"max-snippet:-1","max-image-preview":"max-image-preview:large","max-video-preview":"max-video-preview:-1"},"canonical":"https:\/\/floratiara.com\/fi\/p\/lumottu-kukka-haat-hiuspanta\/","og_locale":"fi_FI","og_type":"article","og_title":"Serenity Flower Crown Elegant Bridal Headpiece - Flora Tiara","og_description":"Unique and beautiful: Shop our Serenity Flower Crown Elegant Bridal Headpiece. Premium high quality headpiece to make the occasion unforgettable.","og_url":"https:\/\/floratiara.com\/fi\/p\/lumottu-kukka-haat-hiuspanta\/","og_site_name":"Flora Tiara","article_modified_time":"2024-12-12T01:48:24+00:00","og_image":[{"width":1200,"height":1500,"url":"https:\/\/floratiara.com\/wp-content\/uploads\/2024\/03\/S2a887fb40a2f473da65063f901d03fb8A.webp","type":"image\/webp"}],"twitter_card":"summary_large_image","twitter_misc":{"Arvioitu lukuaika":"1 minuutti"},"schema":{"@context":"https:\/\/schema.org","@graph":[{"@type":"WebPage","@id":"https:\/\/floratiara.com\/p\/enchanted-floral-wedding-headband\/","url":"https:\/\/floratiara.com\/p\/enchanted-floral-wedding-headband\/","name":"Serenity kukka kruunu tyylik\u00e4s morsiamen p\u00e4\u00e4hine - Flora Tiara","isPartOf":{"@id":"https:\/\/floratiara.com\/#website"},"primaryImageOfPage":{"@id":"https:\/\/floratiara.com\/p\/enchanted-floral-wedding-headband\/#primaryimage"},"image":{"@id":"https:\/\/floratiara.com\/p\/enchanted-floral-wedding-headband\/#primaryimage"},"thumbnailUrl":"https:\/\/floratiara.com\/wp-content\/uploads\/2024\/03\/S2a887fb40a2f473da65063f901d03fb8A.webp","datePublished":"2024-03-16T09:37:13+00:00","dateModified":"2024-12-12T01:48:24+00:00","description":"Ainutlaatuinen ja kaunis: Serenity Flower Crown Elegantti morsiamen p\u00e4\u00e4hine. Premium korkealaatuinen p\u00e4\u00e4hine, joka tekee tilaisuudesta unohtumattoman.","breadcrumb":{"@id":"https:\/\/floratiara.com\/p\/enchanted-floral-wedding-headband\/#breadcrumb"},"inLanguage":"fi","potentialAction":[{"@type":"ReadAction","target":["https:\/\/floratiara.com\/p\/enchanted-floral-wedding-headband\/"]}]},{"@type":"ImageObject","inLanguage":"fi","@id":"https:\/\/floratiara.com\/p\/enchanted-floral-wedding-headband\/#primaryimage","url":"https:\/\/floratiara.com\/wp-content\/uploads\/2024\/03\/S2a887fb40a2f473da65063f901d03fb8A.webp","contentUrl":"https:\/\/floratiara.com\/wp-content\/uploads\/2024\/03\/S2a887fb40a2f473da65063f901d03fb8A.webp","width":1200,"height":1500},{"@type":"BreadcrumbList","@id":"https:\/\/floratiara.com\/p\/enchanted-floral-wedding-headband\/#breadcrumb","itemListElement":[{"@type":"ListItem","position":1,"name":"Home","item":"https:\/\/floratiara.com\/"},{"@type":"ListItem","position":2,"name":"Shop","item":"https:\/\/floratiara.com\/shop\/"},{"@type":"ListItem","position":3,"name":"Serenity Flower Crown Elegant Bridal Headpiece"}]},{"@type":"WebSite","@id":"https:\/\/floratiara.com\/#website","url":"https:\/\/floratiara.com\/","name":"Flora Tiara","description":"","publisher":{"@id":"https:\/\/floratiara.com\/#organization"},"potentialAction":[{"@type":"SearchAction","target":{"@type":"EntryPoint","urlTemplate":"https:\/\/floratiara.com\/?s={search_term_string}"},"query-input":{"@type":"PropertyValueSpecification","valueRequired":true,"valueName":"search_term_string"}}],"inLanguage":"fi"},{"@type":"Organization","@id":"https:\/\/floratiara.com\/#organization","name":"Flora Tiara","url":"https:\/\/floratiara.com\/","logo":{"@type":"ImageObject","inLanguage":"fi","@id":"https:\/\/floratiara.com\/#\/schema\/logo\/image\/","url":"https:\/\/floratiara.com\/wp-content\/uploads\/2024\/03\/flora-tiara-logo.png","contentUrl":"https:\/\/floratiara.com\/wp-content\/uploads\/2024\/03\/flora-tiara-logo.png","width":1024,"height":274,"caption":"Flora Tiara"},"image":{"@id":"https:\/\/floratiara.com\/#\/schema\/logo\/image\/"}}]}},"_links":{"self":[{"href":"https:\/\/floratiara.com\/fi\/wp-json\/wp\/v2\/product\/163","targetHints":{"allow":["GET"]}}],"collection":[{"href":"https:\/\/floratiara.com\/fi\/wp-json\/wp\/v2\/product"}],"about":[{"href":"https:\/\/floratiara.com\/fi\/wp-json\/wp\/v2\/types\/product"}],"wp:featuredmedia":[{"embeddable":true,"href":"https:\/\/floratiara.com\/fi\/wp-json\/wp\/v2\/media\/162"}],"wp:attachment":[{"href":"https:\/\/floratiara.com\/fi\/wp-json\/wp\/v2\/media?parent=163"}],"wp:term":[{"taxonomy":"product_brand","embeddable":true,"href":"https:\/\/floratiara.com\/fi\/wp-json\/wp\/v2\/product_brand?post=163"},{"taxonomy":"product_cat","embeddable":true,"href":"https:\/\/floratiara.com\/fi\/wp-json\/wp\/v2\/product_cat?post=163"},{"taxonomy":"product_tag","embeddable":true,"href":"https:\/\/floratiara.com\/fi\/wp-json\/wp\/v2\/product_tag?post=163"}],"curies":[{"name":"wp","href":"https:\/\/api.w.org\/{rel}","templated":true}]}}