{"id":241,"date":"2024-03-16T09:39:03","date_gmt":"2024-03-16T09:39:03","guid":{"rendered":"https:\/\/floratiara.com\/?post_type=product&#038;p=241"},"modified":"2024-12-12T01:46:59","modified_gmt":"2024-12-12T01:46:59","slug":"morsiamen-kukka-seppele-paahine-3","status":"publish","type":"product","link":"https:\/\/floratiara.com\/fi\/p\/morsiamen-kukka-seppele-paahine-3\/","title":{"rendered":"Lumottu puutarha ruusu kukka kruunu seppele"},"content":{"rendered":"<p>Tutustu Enchanted Garden Rose -kukkakruunuumme, joka on t\u00e4ydellinen yhdistelm\u00e4 omituisuutta ja eleganssia. T\u00e4m\u00e4 ensiluokkainen seppele sis\u00e4lt\u00e4\u00e4 rehevi\u00e4 persikkaisia ja raikkaan valkoisia ruusuja, syv\u00e4n viininpunaisia cosmoja ja herkki\u00e4 valkoisia minikukkia, jotka luovat eteerisen ilmeen mille tahansa morsiamelle tai morsiusneidolle. Vihre\u00e4t koristeet lis\u00e4\u00e4v\u00e4t sen luonnollista vetovoimaa, mik\u00e4 tekee siit\u00e4 olennaisen lis\u00e4varusteen h\u00e4ihin ja erityisiin juhliin. T\u00e4m\u00e4 kukkakruunu ei ole pelkk\u00e4 koriste, vaan ikuinen muisto, jonka tarkoitus on kohottaa rakkaita hetki\u00e4si ripauksella satumaista charmia. Syleile taikaa ja tee tapahtumastasi unohtumaton t\u00e4m\u00e4n hienon kukkamestariteoksen avulla.<\/p><p>Koostumus: persikkaiset ja valkoiset ruusut, viininpunainen cosmos, valkoiset minikukat, vihre\u00e4t minimarjat, vihre\u00e4t lehdet.<\/p>","protected":false},"excerpt":{"rendered":"<div style=\"width: 90%;text-align: left;margin: auto\"><p style=\"text-align:center\"><b>\ud83d\udc51 K\u00e4dest\u00e4mme p\u00e4\u00e4h\u00e4si<\/b><br \/><i>Ylellinen kukka kruunut jokaiseen tilaisuuteen<\/i><\/p><ul><li>\u2702\ufe0f Crafted with Care in the Heart of <b>Suomi<\/b><\/li><li><b>\ud83d\udc90 Koostumus: persikkaiset ja valkoiset ruusut, viininpunainen cosmos, valkoiset minikukat, vihre\u00e4t minimarjat, vihre\u00e4t lehdet.<\/b><\/li><\/ul><\/div>","protected":false},"featured_media":240,"template":"","meta":[],"product_brand":[],"product_cat":[61,73,77,70,59],"product_tag":[],"class_list":{"0":"post-241","1":"product","2":"type-product","3":"status-publish","4":"has-post-thumbnail","6":"product_cat-bridesmaid-floral-headpiece","7":"product_cat-pink-floral-headpiece","8":"product_cat-red-floral-headpiece","9":"product_cat-rose-floral-headpiece","10":"product_cat-bridal-floral-headpiece","12":"first","13":"instock","14":"shipping-taxable","15":"purchasable","16":"product-type-simple"},"yoast_head":"<!-- This site is optimized with the Yoast SEO plugin v25.9 - https:\/\/yoast.com\/wordpress\/plugins\/seo\/ -->\n<title>Enchanted Garden Rose Flower Crown Wreath - Flora Tiara<\/title>\n<meta name=\"description\" content=\"Unique and beautiful: Shop our Enchanted Garden Rose Flower Crown Wreath. Premium high quality headpiece to make the occasion unforgettable.\" \/>\n<meta name=\"robots\" content=\"index, follow, max-snippet:-1, max-image-preview:large, max-video-preview:-1\" \/>\n<link rel=\"canonical\" href=\"https:\/\/floratiara.com\/fi\/p\/morsiamen-kukka-seppele-paahine-3\/\" \/>\n<meta property=\"og:locale\" content=\"fi_FI\" \/>\n<meta property=\"og:type\" content=\"article\" \/>\n<meta property=\"og:title\" content=\"Enchanted Garden Rose Flower Crown Wreath - Flora Tiara\" \/>\n<meta property=\"og:description\" content=\"Unique and beautiful: Shop our Enchanted Garden Rose Flower Crown Wreath. Premium high quality headpiece to make the occasion unforgettable.\" \/>\n<meta property=\"og:url\" content=\"https:\/\/floratiara.com\/fi\/p\/morsiamen-kukka-seppele-paahine-3\/\" \/>\n<meta property=\"og:site_name\" content=\"Flora Tiara\" \/>\n<meta property=\"article:modified_time\" content=\"2024-12-12T01:46:59+00:00\" \/>\n<meta property=\"og:image\" content=\"https:\/\/floratiara.com\/wp-content\/uploads\/2024\/03\/H1607184c50db429ba5b2d20a59d25268s.webp\" \/>\n\t<meta property=\"og:image:width\" content=\"1500\" \/>\n\t<meta property=\"og:image:height\" content=\"1500\" \/>\n\t<meta property=\"og:image:type\" content=\"image\/webp\" \/>\n<meta name=\"twitter:card\" content=\"summary_large_image\" \/>\n<meta name=\"twitter:label1\" content=\"Arvioitu lukuaika\" \/>\n\t<meta name=\"twitter:data1\" content=\"8 minuuttia\" \/>\n<script type=\"application\/ld+json\" class=\"yoast-schema-graph\">{\"@context\":\"https:\/\/schema.org\",\"@graph\":[{\"@type\":\"WebPage\",\"@id\":\"https:\/\/floratiara.com\/p\/bridal-floral-garland-headpiece-2\/\",\"url\":\"https:\/\/floratiara.com\/p\/bridal-floral-garland-headpiece-2\/\",\"name\":\"Enchanted Garden Rose Flower Crown Wreath - Flora Tiara\",\"isPartOf\":{\"@id\":\"https:\/\/floratiara.com\/#website\"},\"primaryImageOfPage\":{\"@id\":\"https:\/\/floratiara.com\/p\/bridal-floral-garland-headpiece-2\/#primaryimage\"},\"image\":{\"@id\":\"https:\/\/floratiara.com\/p\/bridal-floral-garland-headpiece-2\/#primaryimage\"},\"thumbnailUrl\":\"https:\/\/floratiara.com\/wp-content\/uploads\/2024\/03\/H1607184c50db429ba5b2d20a59d25268s.webp\",\"datePublished\":\"2024-03-16T09:39:03+00:00\",\"dateModified\":\"2024-12-12T01:46:59+00:00\",\"description\":\"Unique and beautiful: Shop our Enchanted Garden Rose Flower Crown Wreath. Premium high quality headpiece to make the occasion unforgettable.\",\"breadcrumb\":{\"@id\":\"https:\/\/floratiara.com\/p\/bridal-floral-garland-headpiece-2\/#breadcrumb\"},\"inLanguage\":\"fi\",\"potentialAction\":[{\"@type\":\"ReadAction\",\"target\":[\"https:\/\/floratiara.com\/p\/bridal-floral-garland-headpiece-2\/\"]}]},{\"@type\":\"ImageObject\",\"inLanguage\":\"fi\",\"@id\":\"https:\/\/floratiara.com\/p\/bridal-floral-garland-headpiece-2\/#primaryimage\",\"url\":\"https:\/\/floratiara.com\/wp-content\/uploads\/2024\/03\/H1607184c50db429ba5b2d20a59d25268s.webp\",\"contentUrl\":\"https:\/\/floratiara.com\/wp-content\/uploads\/2024\/03\/H1607184c50db429ba5b2d20a59d25268s.webp\",\"width\":1500,\"height\":1500},{\"@type\":\"BreadcrumbList\",\"@id\":\"https:\/\/floratiara.com\/p\/bridal-floral-garland-headpiece-2\/#breadcrumb\",\"itemListElement\":[{\"@type\":\"ListItem\",\"position\":1,\"name\":\"Home\",\"item\":\"https:\/\/floratiara.com\/\"},{\"@type\":\"ListItem\",\"position\":2,\"name\":\"Shop\",\"item\":\"https:\/\/floratiara.com\/shop\/\"},{\"@type\":\"ListItem\",\"position\":3,\"name\":\"Enchanted Garden Rose Flower Crown Wreath\"}]},{\"@type\":\"WebSite\",\"@id\":\"https:\/\/floratiara.com\/#website\",\"url\":\"https:\/\/floratiara.com\/\",\"name\":\"Flora Tiara\",\"description\":\"\",\"publisher\":{\"@id\":\"https:\/\/floratiara.com\/#organization\"},\"potentialAction\":[{\"@type\":\"SearchAction\",\"target\":{\"@type\":\"EntryPoint\",\"urlTemplate\":\"https:\/\/floratiara.com\/?s={search_term_string}\"},\"query-input\":{\"@type\":\"PropertyValueSpecification\",\"valueRequired\":true,\"valueName\":\"search_term_string\"}}],\"inLanguage\":\"fi\"},{\"@type\":\"Organization\",\"@id\":\"https:\/\/floratiara.com\/#organization\",\"name\":\"Flora Tiara\",\"url\":\"https:\/\/floratiara.com\/\",\"logo\":{\"@type\":\"ImageObject\",\"inLanguage\":\"fi\",\"@id\":\"https:\/\/floratiara.com\/#\/schema\/logo\/image\/\",\"url\":\"https:\/\/floratiara.com\/wp-content\/uploads\/2024\/03\/flora-tiara-logo.png\",\"contentUrl\":\"https:\/\/floratiara.com\/wp-content\/uploads\/2024\/03\/flora-tiara-logo.png\",\"width\":1024,\"height\":274,\"caption\":\"Flora Tiara\"},\"image\":{\"@id\":\"https:\/\/floratiara.com\/#\/schema\/logo\/image\/\"}}]}<\/script>\n<!-- \/ Yoast SEO plugin. -->","yoast_head_json":{"title":"Lumottu puutarha Ruusu Kukkakruunu seppele - Flora Tiara","description":"Ainutlaatuinen ja kaunis: Enchanted Garden Rose Flower Crown -seppele. Premium korkealaatuinen p\u00e4\u00e4hine, joka tekee tilaisuudesta unohtumattoman.","robots":{"index":"index","follow":"follow","max-snippet":"max-snippet:-1","max-image-preview":"max-image-preview:large","max-video-preview":"max-video-preview:-1"},"canonical":"https:\/\/floratiara.com\/fi\/p\/morsiamen-kukka-seppele-paahine-3\/","og_locale":"fi_FI","og_type":"article","og_title":"Enchanted Garden Rose Flower Crown Wreath - Flora Tiara","og_description":"Unique and beautiful: Shop our Enchanted Garden Rose Flower Crown Wreath. Premium high quality headpiece to make the occasion unforgettable.","og_url":"https:\/\/floratiara.com\/fi\/p\/morsiamen-kukka-seppele-paahine-3\/","og_site_name":"Flora Tiara","article_modified_time":"2024-12-12T01:46:59+00:00","og_image":[{"width":1500,"height":1500,"url":"https:\/\/floratiara.com\/wp-content\/uploads\/2024\/03\/H1607184c50db429ba5b2d20a59d25268s.webp","type":"image\/webp"}],"twitter_card":"summary_large_image","twitter_misc":{"Arvioitu lukuaika":"8 minuuttia"},"schema":{"@context":"https:\/\/schema.org","@graph":[{"@type":"WebPage","@id":"https:\/\/floratiara.com\/p\/bridal-floral-garland-headpiece-2\/","url":"https:\/\/floratiara.com\/p\/bridal-floral-garland-headpiece-2\/","name":"Lumottu puutarha Ruusu Kukkakruunu seppele - Flora Tiara","isPartOf":{"@id":"https:\/\/floratiara.com\/#website"},"primaryImageOfPage":{"@id":"https:\/\/floratiara.com\/p\/bridal-floral-garland-headpiece-2\/#primaryimage"},"image":{"@id":"https:\/\/floratiara.com\/p\/bridal-floral-garland-headpiece-2\/#primaryimage"},"thumbnailUrl":"https:\/\/floratiara.com\/wp-content\/uploads\/2024\/03\/H1607184c50db429ba5b2d20a59d25268s.webp","datePublished":"2024-03-16T09:39:03+00:00","dateModified":"2024-12-12T01:46:59+00:00","description":"Ainutlaatuinen ja kaunis: Enchanted Garden Rose Flower Crown -seppele. Premium korkealaatuinen p\u00e4\u00e4hine, joka tekee tilaisuudesta unohtumattoman.","breadcrumb":{"@id":"https:\/\/floratiara.com\/p\/bridal-floral-garland-headpiece-2\/#breadcrumb"},"inLanguage":"fi","potentialAction":[{"@type":"ReadAction","target":["https:\/\/floratiara.com\/p\/bridal-floral-garland-headpiece-2\/"]}]},{"@type":"ImageObject","inLanguage":"fi","@id":"https:\/\/floratiara.com\/p\/bridal-floral-garland-headpiece-2\/#primaryimage","url":"https:\/\/floratiara.com\/wp-content\/uploads\/2024\/03\/H1607184c50db429ba5b2d20a59d25268s.webp","contentUrl":"https:\/\/floratiara.com\/wp-content\/uploads\/2024\/03\/H1607184c50db429ba5b2d20a59d25268s.webp","width":1500,"height":1500},{"@type":"BreadcrumbList","@id":"https:\/\/floratiara.com\/p\/bridal-floral-garland-headpiece-2\/#breadcrumb","itemListElement":[{"@type":"ListItem","position":1,"name":"Home","item":"https:\/\/floratiara.com\/"},{"@type":"ListItem","position":2,"name":"Shop","item":"https:\/\/floratiara.com\/shop\/"},{"@type":"ListItem","position":3,"name":"Enchanted Garden Rose Flower Crown Wreath"}]},{"@type":"WebSite","@id":"https:\/\/floratiara.com\/#website","url":"https:\/\/floratiara.com\/","name":"Flora Tiara","description":"","publisher":{"@id":"https:\/\/floratiara.com\/#organization"},"potentialAction":[{"@type":"SearchAction","target":{"@type":"EntryPoint","urlTemplate":"https:\/\/floratiara.com\/?s={search_term_string}"},"query-input":{"@type":"PropertyValueSpecification","valueRequired":true,"valueName":"search_term_string"}}],"inLanguage":"fi"},{"@type":"Organization","@id":"https:\/\/floratiara.com\/#organization","name":"Flora Tiara","url":"https:\/\/floratiara.com\/","logo":{"@type":"ImageObject","inLanguage":"fi","@id":"https:\/\/floratiara.com\/#\/schema\/logo\/image\/","url":"https:\/\/floratiara.com\/wp-content\/uploads\/2024\/03\/flora-tiara-logo.png","contentUrl":"https:\/\/floratiara.com\/wp-content\/uploads\/2024\/03\/flora-tiara-logo.png","width":1024,"height":274,"caption":"Flora Tiara"},"image":{"@id":"https:\/\/floratiara.com\/#\/schema\/logo\/image\/"}}]}},"_links":{"self":[{"href":"https:\/\/floratiara.com\/fi\/wp-json\/wp\/v2\/product\/241","targetHints":{"allow":["GET"]}}],"collection":[{"href":"https:\/\/floratiara.com\/fi\/wp-json\/wp\/v2\/product"}],"about":[{"href":"https:\/\/floratiara.com\/fi\/wp-json\/wp\/v2\/types\/product"}],"wp:featuredmedia":[{"embeddable":true,"href":"https:\/\/floratiara.com\/fi\/wp-json\/wp\/v2\/media\/240"}],"wp:attachment":[{"href":"https:\/\/floratiara.com\/fi\/wp-json\/wp\/v2\/media?parent=241"}],"wp:term":[{"taxonomy":"product_brand","embeddable":true,"href":"https:\/\/floratiara.com\/fi\/wp-json\/wp\/v2\/product_brand?post=241"},{"taxonomy":"product_cat","embeddable":true,"href":"https:\/\/floratiara.com\/fi\/wp-json\/wp\/v2\/product_cat?post=241"},{"taxonomy":"product_tag","embeddable":true,"href":"https:\/\/floratiara.com\/fi\/wp-json\/wp\/v2\/product_tag?post=241"}],"curies":[{"name":"wp","href":"https:\/\/api.w.org\/{rel}","templated":true}]}}