{"id":266,"date":"2024-03-16T09:39:44","date_gmt":"2024-03-16T09:39:44","guid":{"rendered":"https:\/\/floratiara.com\/?post_type=product&#038;p=266"},"modified":"2024-12-12T01:46:28","modified_gmt":"2024-12-12T01:46:28","slug":"morsiamen-kukka-otsapanta-haat","status":"publish","type":"product","link":"https:\/\/floratiara.com\/fi\/p\/morsiamen-kukka-otsapanta-haat\/","title":{"rendered":"Lumottu kukkii Kukkakruunu morsiametille"},"content":{"rendered":"<p>Tutustu luonnon loistoon Enchanted Blooms -kukkakruunussamme, joka on morsiamen mestariteos. Jokainen k\u00e4sintehty sormus sis\u00e4lt\u00e4\u00e4 romanttisia vaaleanpunaisia daalioita, herkki\u00e4 valkoisia ja vaaleanpunaisia freesioita ja ajattomia valkoisia p\u00e4iv\u00e4nkakkaroita, jotka on harmonisoitu lohenpunaisen vivahteilla. Kullanv\u00e4riset marjakoristeet lis\u00e4\u00e4v\u00e4t jaloa kukoistusta rehev\u00e4\u00e4n vehreyteen. Ihanteellinen h\u00e4\u00e4kampausten kohottamiseen, t\u00e4m\u00e4 hieno p\u00e4\u00e4hine kiteytt\u00e4\u00e4 puhtauden ja juhlan. Nauti eleganssista ja vieh\u00e4tyksest\u00e4, jotta saat todella unohtumattoman, satumaisen h\u00e4\u00e4p\u00e4iv\u00e4n t\u00e4m\u00e4n k\u00e4sity\u00f6n\u00e4 valmistetun ylellisyyden kappaleen avulla. T\u00e4ydellisen viimeistelyn etsiminen morsiuskokonaisuuteesi p\u00e4\u00e4ttyy t\u00e4h\u00e4n lumoavaan kukkakruunuun.<\/p><p>Koostumus: vaaleanpunaisia daalioita, valkoista ja vaaleanpunaista freesiaa, valkoisia p\u00e4iv\u00e4nkakkaroita, pieni\u00e4 lohenpunaisia kukkia (tunnistamattomia ilman l\u00e4hikuvia), vihre\u00e4\u00e4 lehtivihre\u00e4\u00e4, koristeellisia kullanv\u00e4risi\u00e4 marja-aksentteja.<\/p>","protected":false},"excerpt":{"rendered":"<div style=\"width: 90%;text-align: left;margin: auto\"><p style=\"text-align:center\"><b>\ud83d\udc51 K\u00e4dest\u00e4mme p\u00e4\u00e4h\u00e4si<\/b><br \/><i>Ylellinen kukka kruunut jokaiseen tilaisuuteen<\/i><\/p><ul><li>\u2702\ufe0f Crafted with Care in the Heart of <b>Suomi<\/b><\/li><li><b>\ud83d\udc90 Koostumus: vaaleanpunaiset daaliat, valkoiset ja vaaleanpunaiset freesiat, valkoiset p\u00e4iv\u00e4nkakkarat, pienet lohenpunaiset kukat (tunnistamattomia ilman l\u00e4hikuvia), vihre\u00e4t lehdet, koristeelliset kullanv\u00e4riset marja-aksentit.<\/b><\/li><\/ul><\/div>","protected":false},"featured_media":265,"template":"","meta":[],"product_brand":[],"product_cat":[61,69,73,79,59],"product_tag":[],"class_list":{"0":"post-266","1":"product","2":"type-product","3":"status-publish","4":"has-post-thumbnail","6":"product_cat-bridesmaid-floral-headpiece","7":"product_cat-daisy-floral-headpiece","8":"product_cat-pink-floral-headpiece","9":"product_cat-real-floral-headpiece","10":"product_cat-bridal-floral-headpiece","12":"first","13":"instock","14":"shipping-taxable","15":"purchasable","16":"product-type-simple"},"yoast_head":"<!-- This site is optimized with the Yoast SEO plugin v25.9 - https:\/\/yoast.com\/wordpress\/plugins\/seo\/ -->\n<title>Enchanted Blooms Flower Crown for Brides - Flora Tiara<\/title>\n<meta name=\"description\" content=\"Unique and beautiful: Shop our Enchanted Blooms Flower Crown for Brides. Premium high quality headpiece to make the occasion unforgettable.\" \/>\n<meta name=\"robots\" content=\"index, follow, max-snippet:-1, max-image-preview:large, max-video-preview:-1\" \/>\n<link rel=\"canonical\" href=\"https:\/\/floratiara.com\/fi\/p\/morsiamen-kukka-otsapanta-haat\/\" \/>\n<meta property=\"og:locale\" content=\"fi_FI\" \/>\n<meta property=\"og:type\" content=\"article\" \/>\n<meta property=\"og:title\" content=\"Enchanted Blooms Flower Crown for Brides - Flora Tiara\" \/>\n<meta property=\"og:description\" content=\"Unique and beautiful: Shop our Enchanted Blooms Flower Crown for Brides. Premium high quality headpiece to make the occasion unforgettable.\" \/>\n<meta property=\"og:url\" content=\"https:\/\/floratiara.com\/fi\/p\/morsiamen-kukka-otsapanta-haat\/\" \/>\n<meta property=\"og:site_name\" content=\"Flora Tiara\" \/>\n<meta property=\"article:modified_time\" content=\"2024-12-12T01:46:28+00:00\" \/>\n<meta property=\"og:image\" content=\"https:\/\/floratiara.com\/wp-content\/uploads\/2024\/03\/S74641836d3c245179db7238f99244d623.webp\" \/>\n\t<meta property=\"og:image:width\" content=\"1500\" \/>\n\t<meta property=\"og:image:height\" content=\"1500\" \/>\n\t<meta property=\"og:image:type\" content=\"image\/webp\" \/>\n<meta name=\"twitter:card\" content=\"summary_large_image\" \/>\n<meta name=\"twitter:label1\" content=\"Arvioitu lukuaika\" \/>\n\t<meta name=\"twitter:data1\" content=\"6 minuuttia\" \/>\n<script type=\"application\/ld+json\" class=\"yoast-schema-graph\">{\"@context\":\"https:\/\/schema.org\",\"@graph\":[{\"@type\":\"WebPage\",\"@id\":\"https:\/\/floratiara.com\/p\/bridal-floral-headband-wedding\/\",\"url\":\"https:\/\/floratiara.com\/p\/bridal-floral-headband-wedding\/\",\"name\":\"Enchanted Blooms Flower Crown for Brides - Flora Tiara\",\"isPartOf\":{\"@id\":\"https:\/\/floratiara.com\/#website\"},\"primaryImageOfPage\":{\"@id\":\"https:\/\/floratiara.com\/p\/bridal-floral-headband-wedding\/#primaryimage\"},\"image\":{\"@id\":\"https:\/\/floratiara.com\/p\/bridal-floral-headband-wedding\/#primaryimage\"},\"thumbnailUrl\":\"https:\/\/floratiara.com\/wp-content\/uploads\/2024\/03\/S74641836d3c245179db7238f99244d623.webp\",\"datePublished\":\"2024-03-16T09:39:44+00:00\",\"dateModified\":\"2024-12-12T01:46:28+00:00\",\"description\":\"Unique and beautiful: Shop our Enchanted Blooms Flower Crown for Brides. Premium high quality headpiece to make the occasion unforgettable.\",\"breadcrumb\":{\"@id\":\"https:\/\/floratiara.com\/p\/bridal-floral-headband-wedding\/#breadcrumb\"},\"inLanguage\":\"fi\",\"potentialAction\":[{\"@type\":\"ReadAction\",\"target\":[\"https:\/\/floratiara.com\/p\/bridal-floral-headband-wedding\/\"]}]},{\"@type\":\"ImageObject\",\"inLanguage\":\"fi\",\"@id\":\"https:\/\/floratiara.com\/p\/bridal-floral-headband-wedding\/#primaryimage\",\"url\":\"https:\/\/floratiara.com\/wp-content\/uploads\/2024\/03\/S74641836d3c245179db7238f99244d623.webp\",\"contentUrl\":\"https:\/\/floratiara.com\/wp-content\/uploads\/2024\/03\/S74641836d3c245179db7238f99244d623.webp\",\"width\":1500,\"height\":1500},{\"@type\":\"BreadcrumbList\",\"@id\":\"https:\/\/floratiara.com\/p\/bridal-floral-headband-wedding\/#breadcrumb\",\"itemListElement\":[{\"@type\":\"ListItem\",\"position\":1,\"name\":\"Home\",\"item\":\"https:\/\/floratiara.com\/\"},{\"@type\":\"ListItem\",\"position\":2,\"name\":\"Shop\",\"item\":\"https:\/\/floratiara.com\/shop\/\"},{\"@type\":\"ListItem\",\"position\":3,\"name\":\"Enchanted Blooms Flower Crown for Brides\"}]},{\"@type\":\"WebSite\",\"@id\":\"https:\/\/floratiara.com\/#website\",\"url\":\"https:\/\/floratiara.com\/\",\"name\":\"Flora Tiara\",\"description\":\"\",\"publisher\":{\"@id\":\"https:\/\/floratiara.com\/#organization\"},\"potentialAction\":[{\"@type\":\"SearchAction\",\"target\":{\"@type\":\"EntryPoint\",\"urlTemplate\":\"https:\/\/floratiara.com\/?s={search_term_string}\"},\"query-input\":{\"@type\":\"PropertyValueSpecification\",\"valueRequired\":true,\"valueName\":\"search_term_string\"}}],\"inLanguage\":\"fi\"},{\"@type\":\"Organization\",\"@id\":\"https:\/\/floratiara.com\/#organization\",\"name\":\"Flora Tiara\",\"url\":\"https:\/\/floratiara.com\/\",\"logo\":{\"@type\":\"ImageObject\",\"inLanguage\":\"fi\",\"@id\":\"https:\/\/floratiara.com\/#\/schema\/logo\/image\/\",\"url\":\"https:\/\/floratiara.com\/wp-content\/uploads\/2024\/03\/flora-tiara-logo.png\",\"contentUrl\":\"https:\/\/floratiara.com\/wp-content\/uploads\/2024\/03\/flora-tiara-logo.png\",\"width\":1024,\"height\":274,\"caption\":\"Flora Tiara\"},\"image\":{\"@id\":\"https:\/\/floratiara.com\/#\/schema\/logo\/image\/\"}}]}<\/script>\n<!-- \/ Yoast SEO plugin. -->","yoast_head_json":{"title":"Lumottu kukkii Kukkakruunu morsiamet - Flora Tiara","description":"Ainutlaatuinen ja kaunis: Osta meid\u00e4n Enchanted Blooms kukkakruunu morsiamet. Premium korkealaatuinen p\u00e4\u00e4hine, joka tekee tilaisuudesta unohtumattoman.","robots":{"index":"index","follow":"follow","max-snippet":"max-snippet:-1","max-image-preview":"max-image-preview:large","max-video-preview":"max-video-preview:-1"},"canonical":"https:\/\/floratiara.com\/fi\/p\/morsiamen-kukka-otsapanta-haat\/","og_locale":"fi_FI","og_type":"article","og_title":"Enchanted Blooms Flower Crown for Brides - Flora Tiara","og_description":"Unique and beautiful: Shop our Enchanted Blooms Flower Crown for Brides. Premium high quality headpiece to make the occasion unforgettable.","og_url":"https:\/\/floratiara.com\/fi\/p\/morsiamen-kukka-otsapanta-haat\/","og_site_name":"Flora Tiara","article_modified_time":"2024-12-12T01:46:28+00:00","og_image":[{"width":1500,"height":1500,"url":"https:\/\/floratiara.com\/wp-content\/uploads\/2024\/03\/S74641836d3c245179db7238f99244d623.webp","type":"image\/webp"}],"twitter_card":"summary_large_image","twitter_misc":{"Arvioitu lukuaika":"6 minuuttia"},"schema":{"@context":"https:\/\/schema.org","@graph":[{"@type":"WebPage","@id":"https:\/\/floratiara.com\/p\/bridal-floral-headband-wedding\/","url":"https:\/\/floratiara.com\/p\/bridal-floral-headband-wedding\/","name":"Lumottu kukkii Kukkakruunu morsiamet - Flora Tiara","isPartOf":{"@id":"https:\/\/floratiara.com\/#website"},"primaryImageOfPage":{"@id":"https:\/\/floratiara.com\/p\/bridal-floral-headband-wedding\/#primaryimage"},"image":{"@id":"https:\/\/floratiara.com\/p\/bridal-floral-headband-wedding\/#primaryimage"},"thumbnailUrl":"https:\/\/floratiara.com\/wp-content\/uploads\/2024\/03\/S74641836d3c245179db7238f99244d623.webp","datePublished":"2024-03-16T09:39:44+00:00","dateModified":"2024-12-12T01:46:28+00:00","description":"Ainutlaatuinen ja kaunis: Osta meid\u00e4n Enchanted Blooms kukkakruunu morsiamet. Premium korkealaatuinen p\u00e4\u00e4hine, joka tekee tilaisuudesta unohtumattoman.","breadcrumb":{"@id":"https:\/\/floratiara.com\/p\/bridal-floral-headband-wedding\/#breadcrumb"},"inLanguage":"fi","potentialAction":[{"@type":"ReadAction","target":["https:\/\/floratiara.com\/p\/bridal-floral-headband-wedding\/"]}]},{"@type":"ImageObject","inLanguage":"fi","@id":"https:\/\/floratiara.com\/p\/bridal-floral-headband-wedding\/#primaryimage","url":"https:\/\/floratiara.com\/wp-content\/uploads\/2024\/03\/S74641836d3c245179db7238f99244d623.webp","contentUrl":"https:\/\/floratiara.com\/wp-content\/uploads\/2024\/03\/S74641836d3c245179db7238f99244d623.webp","width":1500,"height":1500},{"@type":"BreadcrumbList","@id":"https:\/\/floratiara.com\/p\/bridal-floral-headband-wedding\/#breadcrumb","itemListElement":[{"@type":"ListItem","position":1,"name":"Home","item":"https:\/\/floratiara.com\/"},{"@type":"ListItem","position":2,"name":"Shop","item":"https:\/\/floratiara.com\/shop\/"},{"@type":"ListItem","position":3,"name":"Enchanted Blooms Flower Crown for Brides"}]},{"@type":"WebSite","@id":"https:\/\/floratiara.com\/#website","url":"https:\/\/floratiara.com\/","name":"Flora Tiara","description":"","publisher":{"@id":"https:\/\/floratiara.com\/#organization"},"potentialAction":[{"@type":"SearchAction","target":{"@type":"EntryPoint","urlTemplate":"https:\/\/floratiara.com\/?s={search_term_string}"},"query-input":{"@type":"PropertyValueSpecification","valueRequired":true,"valueName":"search_term_string"}}],"inLanguage":"fi"},{"@type":"Organization","@id":"https:\/\/floratiara.com\/#organization","name":"Flora Tiara","url":"https:\/\/floratiara.com\/","logo":{"@type":"ImageObject","inLanguage":"fi","@id":"https:\/\/floratiara.com\/#\/schema\/logo\/image\/","url":"https:\/\/floratiara.com\/wp-content\/uploads\/2024\/03\/flora-tiara-logo.png","contentUrl":"https:\/\/floratiara.com\/wp-content\/uploads\/2024\/03\/flora-tiara-logo.png","width":1024,"height":274,"caption":"Flora Tiara"},"image":{"@id":"https:\/\/floratiara.com\/#\/schema\/logo\/image\/"}}]}},"_links":{"self":[{"href":"https:\/\/floratiara.com\/fi\/wp-json\/wp\/v2\/product\/266","targetHints":{"allow":["GET"]}}],"collection":[{"href":"https:\/\/floratiara.com\/fi\/wp-json\/wp\/v2\/product"}],"about":[{"href":"https:\/\/floratiara.com\/fi\/wp-json\/wp\/v2\/types\/product"}],"wp:featuredmedia":[{"embeddable":true,"href":"https:\/\/floratiara.com\/fi\/wp-json\/wp\/v2\/media\/265"}],"wp:attachment":[{"href":"https:\/\/floratiara.com\/fi\/wp-json\/wp\/v2\/media?parent=266"}],"wp:term":[{"taxonomy":"product_brand","embeddable":true,"href":"https:\/\/floratiara.com\/fi\/wp-json\/wp\/v2\/product_brand?post=266"},{"taxonomy":"product_cat","embeddable":true,"href":"https:\/\/floratiara.com\/fi\/wp-json\/wp\/v2\/product_cat?post=266"},{"taxonomy":"product_tag","embeddable":true,"href":"https:\/\/floratiara.com\/fi\/wp-json\/wp\/v2\/product_tag?post=266"}],"curies":[{"name":"wp","href":"https:\/\/api.w.org\/{rel}","templated":true}]}}