{"id":285,"date":"2024-03-16T09:40:03","date_gmt":"2024-03-16T09:40:03","guid":{"rendered":"https:\/\/floratiara.com\/?post_type=product&#038;p=285"},"modified":"2024-12-12T01:46:13","modified_gmt":"2024-12-12T01:46:13","slug":"kuninkaallinen-haat-kukka-paahine-jalokivi","status":"publish","type":"product","link":"https:\/\/floratiara.com\/fi\/p\/kuninkaallinen-haat-kukka-paahine-jalokivi\/","title":{"rendered":"Lumottu Lilac Kukka Crown morsiamen eleganssia varten"},"content":{"rendered":"<p>Koristele lukkosi Enchanted Lilac Flower Crownilla, joka on kiehtova sekoitus eleganssia ja charmia. T\u00e4m\u00e4 k\u00e4sintehty p\u00e4\u00e4hine sopii niin morsiamille kuin puutarhajuhlien vieraillekin, ja siin\u00e4 on rehevi\u00e4 syreenej\u00e4, hentoja vaaleanpunaisia vahakukkia ja vehreit\u00e4 lehti\u00e4. Erottuva punainen jalokivi, jota ymp\u00e4r\u00f6i kultainen filigraani, nostaa mink\u00e4 tahansa kampauksen kauniista henke\u00e4salpaavaksi. Korosta erikoisp\u00e4iv\u00e4si ulkoasua t\u00e4ll\u00e4 lausekkeella, joka lupaa lumota ja inspiroida ajattomia muistoja. Hyv\u00e4ksy t\u00e4m\u00e4n kappaleen hienostuneisuus ja muuta l\u00e4sn\u00e4olosi lumoavaksi satumaisen aateliseksi.<\/p><p>Koostumus: valkoinen ja violetti syreeni, vaaleanpunaisia vahakukkia, vihreit\u00e4 lehti\u00e4, koristeltu punaisella jalokivell\u00e4 ja kultaisella filigraanisella keskiosalla.<\/p>","protected":false},"excerpt":{"rendered":"<div style=\"width: 90%;text-align: left;margin: auto\"><p style=\"text-align:center\"><b>\ud83d\udc51 K\u00e4dest\u00e4mme p\u00e4\u00e4h\u00e4si<\/b><br \/><i>Ylellinen kukka kruunut jokaiseen tilaisuuteen<\/i><\/p><ul><li>\u2702\ufe0f Crafted with Care in the Heart of <b>Suomi<\/b><\/li><li><b>\ud83d\udc90 Koostumus: valkoinen ja violetti syreeni, vaaleanpunaisia vahakukkia, vihreit\u00e4 lehti\u00e4, koristeltu punaisella jalokivell\u00e4 ja kultaisella filigraanisella keskiosalla.<\/b><\/li><\/ul><\/div>","protected":false},"featured_media":284,"template":"","meta":[],"product_brand":[],"product_cat":[59],"product_tag":[],"class_list":{"0":"post-285","1":"product","2":"type-product","3":"status-publish","4":"has-post-thumbnail","6":"product_cat-bridal-floral-headpiece","8":"first","9":"instock","10":"shipping-taxable","11":"purchasable","12":"product-type-simple"},"yoast_head":"<!-- This site is optimized with the Yoast SEO plugin v25.9 - https:\/\/yoast.com\/wordpress\/plugins\/seo\/ -->\n<title>Enchanted Lilac Flower Crown for Bridal Elegance - Flora Tiara<\/title>\n<meta name=\"description\" content=\"Unique and beautiful: Shop our Enchanted Lilac Flower Crown for Bridal Elegance. Premium high quality headpiece to make the occasion unforgettable.\" \/>\n<meta name=\"robots\" content=\"index, follow, max-snippet:-1, max-image-preview:large, max-video-preview:-1\" \/>\n<link rel=\"canonical\" href=\"https:\/\/floratiara.com\/fi\/p\/kuninkaallinen-haat-kukka-paahine-jalokivi\/\" \/>\n<meta property=\"og:locale\" content=\"fi_FI\" \/>\n<meta property=\"og:type\" content=\"article\" \/>\n<meta property=\"og:title\" content=\"Enchanted Lilac Flower Crown for Bridal Elegance - Flora Tiara\" \/>\n<meta property=\"og:description\" content=\"Unique and beautiful: Shop our Enchanted Lilac Flower Crown for Bridal Elegance. Premium high quality headpiece to make the occasion unforgettable.\" \/>\n<meta property=\"og:url\" content=\"https:\/\/floratiara.com\/fi\/p\/kuninkaallinen-haat-kukka-paahine-jalokivi\/\" \/>\n<meta property=\"og:site_name\" content=\"Flora Tiara\" \/>\n<meta property=\"article:modified_time\" content=\"2024-12-12T01:46:13+00:00\" \/>\n<meta property=\"og:image\" content=\"https:\/\/floratiara.com\/wp-content\/uploads\/2024\/03\/Sd34a884bbb6e4c4f983d2cfecff80f86M.webp\" \/>\n\t<meta property=\"og:image:width\" content=\"1500\" \/>\n\t<meta property=\"og:image:height\" content=\"1500\" \/>\n\t<meta property=\"og:image:type\" content=\"image\/webp\" \/>\n<meta name=\"twitter:card\" content=\"summary_large_image\" \/>\n<meta name=\"twitter:label1\" content=\"Arvioitu lukuaika\" \/>\n\t<meta name=\"twitter:data1\" content=\"2 minuuttia\" \/>\n<script type=\"application\/ld+json\" class=\"yoast-schema-graph\">{\"@context\":\"https:\/\/schema.org\",\"@graph\":[{\"@type\":\"WebPage\",\"@id\":\"https:\/\/floratiara.com\/p\/regal-wedding-floral-headwear-gemstone\/\",\"url\":\"https:\/\/floratiara.com\/p\/regal-wedding-floral-headwear-gemstone\/\",\"name\":\"Enchanted Lilac Flower Crown for Bridal Elegance - Flora Tiara\",\"isPartOf\":{\"@id\":\"https:\/\/floratiara.com\/#website\"},\"primaryImageOfPage\":{\"@id\":\"https:\/\/floratiara.com\/p\/regal-wedding-floral-headwear-gemstone\/#primaryimage\"},\"image\":{\"@id\":\"https:\/\/floratiara.com\/p\/regal-wedding-floral-headwear-gemstone\/#primaryimage\"},\"thumbnailUrl\":\"https:\/\/floratiara.com\/wp-content\/uploads\/2024\/03\/Sd34a884bbb6e4c4f983d2cfecff80f86M.webp\",\"datePublished\":\"2024-03-16T09:40:03+00:00\",\"dateModified\":\"2024-12-12T01:46:13+00:00\",\"description\":\"Unique and beautiful: Shop our Enchanted Lilac Flower Crown for Bridal Elegance. Premium high quality headpiece to make the occasion unforgettable.\",\"breadcrumb\":{\"@id\":\"https:\/\/floratiara.com\/p\/regal-wedding-floral-headwear-gemstone\/#breadcrumb\"},\"inLanguage\":\"fi\",\"potentialAction\":[{\"@type\":\"ReadAction\",\"target\":[\"https:\/\/floratiara.com\/p\/regal-wedding-floral-headwear-gemstone\/\"]}]},{\"@type\":\"ImageObject\",\"inLanguage\":\"fi\",\"@id\":\"https:\/\/floratiara.com\/p\/regal-wedding-floral-headwear-gemstone\/#primaryimage\",\"url\":\"https:\/\/floratiara.com\/wp-content\/uploads\/2024\/03\/Sd34a884bbb6e4c4f983d2cfecff80f86M.webp\",\"contentUrl\":\"https:\/\/floratiara.com\/wp-content\/uploads\/2024\/03\/Sd34a884bbb6e4c4f983d2cfecff80f86M.webp\",\"width\":1500,\"height\":1500},{\"@type\":\"BreadcrumbList\",\"@id\":\"https:\/\/floratiara.com\/p\/regal-wedding-floral-headwear-gemstone\/#breadcrumb\",\"itemListElement\":[{\"@type\":\"ListItem\",\"position\":1,\"name\":\"Home\",\"item\":\"https:\/\/floratiara.com\/\"},{\"@type\":\"ListItem\",\"position\":2,\"name\":\"Shop\",\"item\":\"https:\/\/floratiara.com\/shop\/\"},{\"@type\":\"ListItem\",\"position\":3,\"name\":\"Enchanted Lilac Flower Crown for Bridal Elegance\"}]},{\"@type\":\"WebSite\",\"@id\":\"https:\/\/floratiara.com\/#website\",\"url\":\"https:\/\/floratiara.com\/\",\"name\":\"Flora Tiara\",\"description\":\"\",\"publisher\":{\"@id\":\"https:\/\/floratiara.com\/#organization\"},\"potentialAction\":[{\"@type\":\"SearchAction\",\"target\":{\"@type\":\"EntryPoint\",\"urlTemplate\":\"https:\/\/floratiara.com\/?s={search_term_string}\"},\"query-input\":{\"@type\":\"PropertyValueSpecification\",\"valueRequired\":true,\"valueName\":\"search_term_string\"}}],\"inLanguage\":\"fi\"},{\"@type\":\"Organization\",\"@id\":\"https:\/\/floratiara.com\/#organization\",\"name\":\"Flora Tiara\",\"url\":\"https:\/\/floratiara.com\/\",\"logo\":{\"@type\":\"ImageObject\",\"inLanguage\":\"fi\",\"@id\":\"https:\/\/floratiara.com\/#\/schema\/logo\/image\/\",\"url\":\"https:\/\/floratiara.com\/wp-content\/uploads\/2024\/03\/flora-tiara-logo.png\",\"contentUrl\":\"https:\/\/floratiara.com\/wp-content\/uploads\/2024\/03\/flora-tiara-logo.png\",\"width\":1024,\"height\":274,\"caption\":\"Flora Tiara\"},\"image\":{\"@id\":\"https:\/\/floratiara.com\/#\/schema\/logo\/image\/\"}}]}<\/script>\n<!-- \/ Yoast SEO plugin. -->","yoast_head_json":{"title":"Lumottu Lilac kukka kruunu morsiamen eleganssia - Flora Tiara","description":"Ainutlaatuinen ja kaunis: Kauppa meid\u00e4n Enchanted Lilac Flower Crown morsiamen eleganssia. Premium korkealaatuinen p\u00e4\u00e4hine, joka tekee tilaisuudesta unohtumattoman.","robots":{"index":"index","follow":"follow","max-snippet":"max-snippet:-1","max-image-preview":"max-image-preview:large","max-video-preview":"max-video-preview:-1"},"canonical":"https:\/\/floratiara.com\/fi\/p\/kuninkaallinen-haat-kukka-paahine-jalokivi\/","og_locale":"fi_FI","og_type":"article","og_title":"Enchanted Lilac Flower Crown for Bridal Elegance - Flora Tiara","og_description":"Unique and beautiful: Shop our Enchanted Lilac Flower Crown for Bridal Elegance. Premium high quality headpiece to make the occasion unforgettable.","og_url":"https:\/\/floratiara.com\/fi\/p\/kuninkaallinen-haat-kukka-paahine-jalokivi\/","og_site_name":"Flora Tiara","article_modified_time":"2024-12-12T01:46:13+00:00","og_image":[{"width":1500,"height":1500,"url":"https:\/\/floratiara.com\/wp-content\/uploads\/2024\/03\/Sd34a884bbb6e4c4f983d2cfecff80f86M.webp","type":"image\/webp"}],"twitter_card":"summary_large_image","twitter_misc":{"Arvioitu lukuaika":"2 minuuttia"},"schema":{"@context":"https:\/\/schema.org","@graph":[{"@type":"WebPage","@id":"https:\/\/floratiara.com\/p\/regal-wedding-floral-headwear-gemstone\/","url":"https:\/\/floratiara.com\/p\/regal-wedding-floral-headwear-gemstone\/","name":"Lumottu Lilac kukka kruunu morsiamen eleganssia - Flora Tiara","isPartOf":{"@id":"https:\/\/floratiara.com\/#website"},"primaryImageOfPage":{"@id":"https:\/\/floratiara.com\/p\/regal-wedding-floral-headwear-gemstone\/#primaryimage"},"image":{"@id":"https:\/\/floratiara.com\/p\/regal-wedding-floral-headwear-gemstone\/#primaryimage"},"thumbnailUrl":"https:\/\/floratiara.com\/wp-content\/uploads\/2024\/03\/Sd34a884bbb6e4c4f983d2cfecff80f86M.webp","datePublished":"2024-03-16T09:40:03+00:00","dateModified":"2024-12-12T01:46:13+00:00","description":"Ainutlaatuinen ja kaunis: Kauppa meid\u00e4n Enchanted Lilac Flower Crown morsiamen eleganssia. Premium korkealaatuinen p\u00e4\u00e4hine, joka tekee tilaisuudesta unohtumattoman.","breadcrumb":{"@id":"https:\/\/floratiara.com\/p\/regal-wedding-floral-headwear-gemstone\/#breadcrumb"},"inLanguage":"fi","potentialAction":[{"@type":"ReadAction","target":["https:\/\/floratiara.com\/p\/regal-wedding-floral-headwear-gemstone\/"]}]},{"@type":"ImageObject","inLanguage":"fi","@id":"https:\/\/floratiara.com\/p\/regal-wedding-floral-headwear-gemstone\/#primaryimage","url":"https:\/\/floratiara.com\/wp-content\/uploads\/2024\/03\/Sd34a884bbb6e4c4f983d2cfecff80f86M.webp","contentUrl":"https:\/\/floratiara.com\/wp-content\/uploads\/2024\/03\/Sd34a884bbb6e4c4f983d2cfecff80f86M.webp","width":1500,"height":1500},{"@type":"BreadcrumbList","@id":"https:\/\/floratiara.com\/p\/regal-wedding-floral-headwear-gemstone\/#breadcrumb","itemListElement":[{"@type":"ListItem","position":1,"name":"Home","item":"https:\/\/floratiara.com\/"},{"@type":"ListItem","position":2,"name":"Shop","item":"https:\/\/floratiara.com\/shop\/"},{"@type":"ListItem","position":3,"name":"Enchanted Lilac Flower Crown for Bridal Elegance"}]},{"@type":"WebSite","@id":"https:\/\/floratiara.com\/#website","url":"https:\/\/floratiara.com\/","name":"Flora Tiara","description":"","publisher":{"@id":"https:\/\/floratiara.com\/#organization"},"potentialAction":[{"@type":"SearchAction","target":{"@type":"EntryPoint","urlTemplate":"https:\/\/floratiara.com\/?s={search_term_string}"},"query-input":{"@type":"PropertyValueSpecification","valueRequired":true,"valueName":"search_term_string"}}],"inLanguage":"fi"},{"@type":"Organization","@id":"https:\/\/floratiara.com\/#organization","name":"Flora Tiara","url":"https:\/\/floratiara.com\/","logo":{"@type":"ImageObject","inLanguage":"fi","@id":"https:\/\/floratiara.com\/#\/schema\/logo\/image\/","url":"https:\/\/floratiara.com\/wp-content\/uploads\/2024\/03\/flora-tiara-logo.png","contentUrl":"https:\/\/floratiara.com\/wp-content\/uploads\/2024\/03\/flora-tiara-logo.png","width":1024,"height":274,"caption":"Flora Tiara"},"image":{"@id":"https:\/\/floratiara.com\/#\/schema\/logo\/image\/"}}]}},"_links":{"self":[{"href":"https:\/\/floratiara.com\/fi\/wp-json\/wp\/v2\/product\/285","targetHints":{"allow":["GET"]}}],"collection":[{"href":"https:\/\/floratiara.com\/fi\/wp-json\/wp\/v2\/product"}],"about":[{"href":"https:\/\/floratiara.com\/fi\/wp-json\/wp\/v2\/types\/product"}],"wp:featuredmedia":[{"embeddable":true,"href":"https:\/\/floratiara.com\/fi\/wp-json\/wp\/v2\/media\/284"}],"wp:attachment":[{"href":"https:\/\/floratiara.com\/fi\/wp-json\/wp\/v2\/media?parent=285"}],"wp:term":[{"taxonomy":"product_brand","embeddable":true,"href":"https:\/\/floratiara.com\/fi\/wp-json\/wp\/v2\/product_brand?post=285"},{"taxonomy":"product_cat","embeddable":true,"href":"https:\/\/floratiara.com\/fi\/wp-json\/wp\/v2\/product_cat?post=285"},{"taxonomy":"product_tag","embeddable":true,"href":"https:\/\/floratiara.com\/fi\/wp-json\/wp\/v2\/product_tag?post=285"}],"curies":[{"name":"wp","href":"https:\/\/api.w.org\/{rel}","templated":true}]}}