{"id":453,"date":"2024-03-16T09:44:32","date_gmt":"2024-03-16T09:44:32","guid":{"rendered":"https:\/\/floratiara.com\/?post_type=product&#038;p=453"},"modified":"2024-12-12T01:43:16","modified_gmt":"2024-12-12T01:43:16","slug":"morsiamen-kukka-otsapanta-valkoinen-sininen","status":"publish","type":"product","link":"https:\/\/floratiara.com\/fi\/p\/morsiamen-kukka-otsapanta-valkoinen-sininen\/","title":{"rendered":"Tyylik\u00e4s h\u00e4\u00e4t Kukka kruunu sininen aksentti"},"content":{"rendered":"<p>Tee erityinen p\u00e4iv\u00e4si unohtumaton meid\u00e4n Elegantti h\u00e4\u00e4t Kukkakruunu, jossa on koskematon valkoisia ruusuja yhdistettyn\u00e4 silm\u00e4\u00e4npist\u00e4v\u00e4 sininen aksentti ja vehre\u00e4 lehtien. T\u00e4m\u00e4 k\u00e4sintehty, tyylik\u00e4s p\u00e4\u00e4hine lis\u00e4\u00e4 hienostuneisuutta mihin tahansa morsiamen pukuun ja varmistaa, ett\u00e4 erotut perinteit\u00e4 ja modernia tyyli\u00e4 harmonisesti yhdistelev\u00e4ll\u00e4 tavalla. Sen monipuolinen muotoilu t\u00e4ydent\u00e4\u00e4 sek\u00e4 vapaasti virtaavia kampauksia ett\u00e4 hienostuneita kampauksia, joten se sopii t\u00e4ydellisesti h\u00e4ihin, juhliin ja mihin tahansa juhlatapahtumaan. Ymm\u00e4rr\u00e4 armon olemus ja kohota ulkon\u00e4k\u00f6\u00e4si t\u00e4ll\u00e4 pakollisella morsiuslis\u00e4varusteella, joka lupaa lumota ja lumoaa!<\/p><p>Koostumus: valkoiset ruusut, siniset ter\u00e4lehdet (todenn\u00e4k\u00f6isesti keinotekoisia tai v\u00e4rj\u00e4ttyj\u00e4), vihre\u00e4t lehdet.<\/p>","protected":false},"excerpt":{"rendered":"<div style=\"width: 90%;text-align: left;margin: auto\"><p style=\"text-align:center\"><b>\ud83d\udc51 K\u00e4dest\u00e4mme p\u00e4\u00e4h\u00e4si<\/b><br \/><i>Ylellinen kukka kruunut jokaiseen tilaisuuteen<\/i><\/p><ul><li>\u2702\ufe0f Crafted with Care in the Heart of <b>Suomi<\/b><\/li><li><b>\ud83d\udc90 Koostumus: valkoisia ruusuja, sinisi\u00e4 ter\u00e4lehti\u00e4 (todenn\u00e4k\u00f6isesti keinotekoisia tai v\u00e4rj\u00e4ttyj\u00e4), vihreit\u00e4 lehti\u00e4.<\/b><\/li><\/ul><\/div>","protected":false},"featured_media":452,"template":"","meta":[],"product_brand":[],"product_cat":[72,61,59],"product_tag":[],"class_list":{"0":"post-453","1":"product","2":"type-product","3":"status-publish","4":"has-post-thumbnail","6":"product_cat-blue-floral-headpiece","7":"product_cat-bridesmaid-floral-headpiece","8":"product_cat-bridal-floral-headpiece","10":"first","11":"instock","12":"shipping-taxable","13":"purchasable","14":"product-type-simple"},"yoast_head":"<!-- This site is optimized with the Yoast SEO plugin v25.9 - https:\/\/yoast.com\/wordpress\/plugins\/seo\/ -->\n<title>Elegant Wedding Flower Crown with Blue Accents - Flora Tiara<\/title>\n<meta name=\"description\" content=\"Unique and beautiful: Shop our Elegant Wedding Flower Crown with Blue Accents. Premium high quality headpiece to make the occasion unforgettable.\" \/>\n<meta name=\"robots\" content=\"index, follow, max-snippet:-1, max-image-preview:large, max-video-preview:-1\" \/>\n<link rel=\"canonical\" href=\"https:\/\/floratiara.com\/fi\/p\/morsiamen-kukka-otsapanta-valkoinen-sininen\/\" \/>\n<meta property=\"og:locale\" content=\"fi_FI\" \/>\n<meta property=\"og:type\" content=\"article\" \/>\n<meta property=\"og:title\" content=\"Elegant Wedding Flower Crown with Blue Accents - Flora Tiara\" \/>\n<meta property=\"og:description\" content=\"Unique and beautiful: Shop our Elegant Wedding Flower Crown with Blue Accents. Premium high quality headpiece to make the occasion unforgettable.\" \/>\n<meta property=\"og:url\" content=\"https:\/\/floratiara.com\/fi\/p\/morsiamen-kukka-otsapanta-valkoinen-sininen\/\" \/>\n<meta property=\"og:site_name\" content=\"Flora Tiara\" \/>\n<meta property=\"article:modified_time\" content=\"2024-12-12T01:43:16+00:00\" \/>\n<meta property=\"og:image\" content=\"https:\/\/floratiara.com\/wp-content\/uploads\/2024\/03\/S6edfcd8bb41749768794ea2d6447e0d0B.webp\" \/>\n\t<meta property=\"og:image:width\" content=\"1500\" \/>\n\t<meta property=\"og:image:height\" content=\"1500\" \/>\n\t<meta property=\"og:image:type\" content=\"image\/webp\" \/>\n<meta name=\"twitter:card\" content=\"summary_large_image\" \/>\n<meta name=\"twitter:label1\" content=\"Arvioitu lukuaika\" \/>\n\t<meta name=\"twitter:data1\" content=\"1 minuutti\" \/>\n<script type=\"application\/ld+json\" class=\"yoast-schema-graph\">{\"@context\":\"https:\/\/schema.org\",\"@graph\":[{\"@type\":\"WebPage\",\"@id\":\"https:\/\/floratiara.com\/p\/bridal-floral-headband-white-blue\/\",\"url\":\"https:\/\/floratiara.com\/p\/bridal-floral-headband-white-blue\/\",\"name\":\"Elegant Wedding Flower Crown with Blue Accents - Flora Tiara\",\"isPartOf\":{\"@id\":\"https:\/\/floratiara.com\/#website\"},\"primaryImageOfPage\":{\"@id\":\"https:\/\/floratiara.com\/p\/bridal-floral-headband-white-blue\/#primaryimage\"},\"image\":{\"@id\":\"https:\/\/floratiara.com\/p\/bridal-floral-headband-white-blue\/#primaryimage\"},\"thumbnailUrl\":\"https:\/\/floratiara.com\/wp-content\/uploads\/2024\/03\/S6edfcd8bb41749768794ea2d6447e0d0B.webp\",\"datePublished\":\"2024-03-16T09:44:32+00:00\",\"dateModified\":\"2024-12-12T01:43:16+00:00\",\"description\":\"Unique and beautiful: Shop our Elegant Wedding Flower Crown with Blue Accents. Premium high quality headpiece to make the occasion unforgettable.\",\"breadcrumb\":{\"@id\":\"https:\/\/floratiara.com\/p\/bridal-floral-headband-white-blue\/#breadcrumb\"},\"inLanguage\":\"fi\",\"potentialAction\":[{\"@type\":\"ReadAction\",\"target\":[\"https:\/\/floratiara.com\/p\/bridal-floral-headband-white-blue\/\"]}]},{\"@type\":\"ImageObject\",\"inLanguage\":\"fi\",\"@id\":\"https:\/\/floratiara.com\/p\/bridal-floral-headband-white-blue\/#primaryimage\",\"url\":\"https:\/\/floratiara.com\/wp-content\/uploads\/2024\/03\/S6edfcd8bb41749768794ea2d6447e0d0B.webp\",\"contentUrl\":\"https:\/\/floratiara.com\/wp-content\/uploads\/2024\/03\/S6edfcd8bb41749768794ea2d6447e0d0B.webp\",\"width\":1500,\"height\":1500},{\"@type\":\"BreadcrumbList\",\"@id\":\"https:\/\/floratiara.com\/p\/bridal-floral-headband-white-blue\/#breadcrumb\",\"itemListElement\":[{\"@type\":\"ListItem\",\"position\":1,\"name\":\"Home\",\"item\":\"https:\/\/floratiara.com\/\"},{\"@type\":\"ListItem\",\"position\":2,\"name\":\"Shop\",\"item\":\"https:\/\/floratiara.com\/shop\/\"},{\"@type\":\"ListItem\",\"position\":3,\"name\":\"Elegant Wedding Flower Crown with Blue Accents\"}]},{\"@type\":\"WebSite\",\"@id\":\"https:\/\/floratiara.com\/#website\",\"url\":\"https:\/\/floratiara.com\/\",\"name\":\"Flora Tiara\",\"description\":\"\",\"publisher\":{\"@id\":\"https:\/\/floratiara.com\/#organization\"},\"potentialAction\":[{\"@type\":\"SearchAction\",\"target\":{\"@type\":\"EntryPoint\",\"urlTemplate\":\"https:\/\/floratiara.com\/?s={search_term_string}\"},\"query-input\":{\"@type\":\"PropertyValueSpecification\",\"valueRequired\":true,\"valueName\":\"search_term_string\"}}],\"inLanguage\":\"fi\"},{\"@type\":\"Organization\",\"@id\":\"https:\/\/floratiara.com\/#organization\",\"name\":\"Flora Tiara\",\"url\":\"https:\/\/floratiara.com\/\",\"logo\":{\"@type\":\"ImageObject\",\"inLanguage\":\"fi\",\"@id\":\"https:\/\/floratiara.com\/#\/schema\/logo\/image\/\",\"url\":\"https:\/\/floratiara.com\/wp-content\/uploads\/2024\/03\/flora-tiara-logo.png\",\"contentUrl\":\"https:\/\/floratiara.com\/wp-content\/uploads\/2024\/03\/flora-tiara-logo.png\",\"width\":1024,\"height\":274,\"caption\":\"Flora Tiara\"},\"image\":{\"@id\":\"https:\/\/floratiara.com\/#\/schema\/logo\/image\/\"}}]}<\/script>\n<!-- \/ Yoast SEO plugin. -->","yoast_head_json":{"title":"Elegantti h\u00e4\u00e4t Kukka kruunu sininen aksentti - Flora Tiara","description":"Ainutlaatuinen ja kaunis: Osta Elegantti h\u00e4\u00e4t kukkakruunu sininen aksentti. Premium korkealaatuinen p\u00e4\u00e4hine, joka tekee tilaisuudesta unohtumattoman.","robots":{"index":"index","follow":"follow","max-snippet":"max-snippet:-1","max-image-preview":"max-image-preview:large","max-video-preview":"max-video-preview:-1"},"canonical":"https:\/\/floratiara.com\/fi\/p\/morsiamen-kukka-otsapanta-valkoinen-sininen\/","og_locale":"fi_FI","og_type":"article","og_title":"Elegant Wedding Flower Crown with Blue Accents - Flora Tiara","og_description":"Unique and beautiful: Shop our Elegant Wedding Flower Crown with Blue Accents. Premium high quality headpiece to make the occasion unforgettable.","og_url":"https:\/\/floratiara.com\/fi\/p\/morsiamen-kukka-otsapanta-valkoinen-sininen\/","og_site_name":"Flora Tiara","article_modified_time":"2024-12-12T01:43:16+00:00","og_image":[{"width":1500,"height":1500,"url":"https:\/\/floratiara.com\/wp-content\/uploads\/2024\/03\/S6edfcd8bb41749768794ea2d6447e0d0B.webp","type":"image\/webp"}],"twitter_card":"summary_large_image","twitter_misc":{"Arvioitu lukuaika":"1 minuutti"},"schema":{"@context":"https:\/\/schema.org","@graph":[{"@type":"WebPage","@id":"https:\/\/floratiara.com\/p\/bridal-floral-headband-white-blue\/","url":"https:\/\/floratiara.com\/p\/bridal-floral-headband-white-blue\/","name":"Elegantti h\u00e4\u00e4t Kukka kruunu sininen aksentti - Flora Tiara","isPartOf":{"@id":"https:\/\/floratiara.com\/#website"},"primaryImageOfPage":{"@id":"https:\/\/floratiara.com\/p\/bridal-floral-headband-white-blue\/#primaryimage"},"image":{"@id":"https:\/\/floratiara.com\/p\/bridal-floral-headband-white-blue\/#primaryimage"},"thumbnailUrl":"https:\/\/floratiara.com\/wp-content\/uploads\/2024\/03\/S6edfcd8bb41749768794ea2d6447e0d0B.webp","datePublished":"2024-03-16T09:44:32+00:00","dateModified":"2024-12-12T01:43:16+00:00","description":"Ainutlaatuinen ja kaunis: Osta Elegantti h\u00e4\u00e4t kukkakruunu sininen aksentti. Premium korkealaatuinen p\u00e4\u00e4hine, joka tekee tilaisuudesta unohtumattoman.","breadcrumb":{"@id":"https:\/\/floratiara.com\/p\/bridal-floral-headband-white-blue\/#breadcrumb"},"inLanguage":"fi","potentialAction":[{"@type":"ReadAction","target":["https:\/\/floratiara.com\/p\/bridal-floral-headband-white-blue\/"]}]},{"@type":"ImageObject","inLanguage":"fi","@id":"https:\/\/floratiara.com\/p\/bridal-floral-headband-white-blue\/#primaryimage","url":"https:\/\/floratiara.com\/wp-content\/uploads\/2024\/03\/S6edfcd8bb41749768794ea2d6447e0d0B.webp","contentUrl":"https:\/\/floratiara.com\/wp-content\/uploads\/2024\/03\/S6edfcd8bb41749768794ea2d6447e0d0B.webp","width":1500,"height":1500},{"@type":"BreadcrumbList","@id":"https:\/\/floratiara.com\/p\/bridal-floral-headband-white-blue\/#breadcrumb","itemListElement":[{"@type":"ListItem","position":1,"name":"Home","item":"https:\/\/floratiara.com\/"},{"@type":"ListItem","position":2,"name":"Shop","item":"https:\/\/floratiara.com\/shop\/"},{"@type":"ListItem","position":3,"name":"Elegant Wedding Flower Crown with Blue Accents"}]},{"@type":"WebSite","@id":"https:\/\/floratiara.com\/#website","url":"https:\/\/floratiara.com\/","name":"Flora Tiara","description":"","publisher":{"@id":"https:\/\/floratiara.com\/#organization"},"potentialAction":[{"@type":"SearchAction","target":{"@type":"EntryPoint","urlTemplate":"https:\/\/floratiara.com\/?s={search_term_string}"},"query-input":{"@type":"PropertyValueSpecification","valueRequired":true,"valueName":"search_term_string"}}],"inLanguage":"fi"},{"@type":"Organization","@id":"https:\/\/floratiara.com\/#organization","name":"Flora Tiara","url":"https:\/\/floratiara.com\/","logo":{"@type":"ImageObject","inLanguage":"fi","@id":"https:\/\/floratiara.com\/#\/schema\/logo\/image\/","url":"https:\/\/floratiara.com\/wp-content\/uploads\/2024\/03\/flora-tiara-logo.png","contentUrl":"https:\/\/floratiara.com\/wp-content\/uploads\/2024\/03\/flora-tiara-logo.png","width":1024,"height":274,"caption":"Flora Tiara"},"image":{"@id":"https:\/\/floratiara.com\/#\/schema\/logo\/image\/"}}]}},"_links":{"self":[{"href":"https:\/\/floratiara.com\/fi\/wp-json\/wp\/v2\/product\/453","targetHints":{"allow":["GET"]}}],"collection":[{"href":"https:\/\/floratiara.com\/fi\/wp-json\/wp\/v2\/product"}],"about":[{"href":"https:\/\/floratiara.com\/fi\/wp-json\/wp\/v2\/types\/product"}],"wp:featuredmedia":[{"embeddable":true,"href":"https:\/\/floratiara.com\/fi\/wp-json\/wp\/v2\/media\/452"}],"wp:attachment":[{"href":"https:\/\/floratiara.com\/fi\/wp-json\/wp\/v2\/media?parent=453"}],"wp:term":[{"taxonomy":"product_brand","embeddable":true,"href":"https:\/\/floratiara.com\/fi\/wp-json\/wp\/v2\/product_brand?post=453"},{"taxonomy":"product_cat","embeddable":true,"href":"https:\/\/floratiara.com\/fi\/wp-json\/wp\/v2\/product_cat?post=453"},{"taxonomy":"product_tag","embeddable":true,"href":"https:\/\/floratiara.com\/fi\/wp-json\/wp\/v2\/product_tag?post=453"}],"curies":[{"name":"wp","href":"https:\/\/api.w.org\/{rel}","templated":true}]}}