{"id":535,"date":"2024-03-16T09:46:23","date_gmt":"2024-03-16T09:46:23","guid":{"rendered":"https:\/\/floratiara.com\/?post_type=product&#038;p=535"},"modified":"2024-12-12T01:41:51","modified_gmt":"2024-12-12T01:41:51","slug":"kasintehty-morsiamen-kukka-halo","status":"publish","type":"product","link":"https:\/\/floratiara.com\/fi\/p\/kasintehty-morsiamen-kukka-halo\/","title":{"rendered":"Seraphina Ethereal kukka kruunu - h\u00e4\u00e4t morsiamen p\u00e4\u00e4hine"},"content":{"rendered":"<p>Korosta erityist\u00e4 p\u00e4iv\u00e4\u00e4si Seraphina Ethereal Flower Crownilla, joka on k\u00e4sity\u00f6n\u00e4 valmistettu luonnollisen tyylikkyyden symboli. Koristele itsesi herkill\u00e4 valkoisilla marjoilla ja rehev\u00e4ll\u00e4 vehreydell\u00e4, jotka on suunniteltu hohtavan el\u00e4m\u00e4nkaltaista kastetta. T\u00e4ydellinen h\u00e4ihin tai festivaaleille, t\u00e4m\u00e4 seesteinen p\u00e4\u00e4hine tarjoaa tyylin lis\u00e4ksi mukavan ja kest\u00e4v\u00e4n istuvuuden. Tuo kokonaisuuteen ripaus lumoavaa mets\u00e4n taikaa t\u00e4ll\u00e4 kevyell\u00e4, kiehtovalla asusteella. Juhli luonnon kauneutta ja omaa kauneuttasi t\u00e4ll\u00e4 hienostuneella mutta silti vapaamielisell\u00e4 kruunulla, joka on ikuinen kukka, jota voit vaalia ja jonka kanssa voit tehd\u00e4 muistoja.<\/p><p>Koostumus: valkoiset marjat, vihre\u00e4t lehdet.<\/p>","protected":false},"excerpt":{"rendered":"<div style=\"width: 90%;text-align: left;margin: auto\"><p style=\"text-align:center\"><b>\ud83d\udc51 K\u00e4dest\u00e4mme p\u00e4\u00e4h\u00e4si<\/b><br \/><i>Ylellinen kukka kruunut jokaiseen tilaisuuteen<\/i><\/p><ul><li>\u2702\ufe0f Crafted with Care in the Heart of <b>Suomi<\/b><\/li><li><b>\ud83d\udc90 Koostumus: valkoiset marjat, vihre\u00e4t lehdet.<\/b><\/li><\/ul><\/div>","protected":false},"featured_media":533,"template":"","meta":[],"product_brand":[],"product_cat":[61,62,60,59,71],"product_tag":[],"class_list":{"0":"post-535","1":"product","2":"type-product","3":"status-publish","4":"has-post-thumbnail","6":"product_cat-bridesmaid-floral-headpiece","7":"product_cat-communion-floral-headpiece","8":"product_cat-floral-headpiece-flower-girl","9":"product_cat-bridal-floral-headpiece","10":"product_cat-white-floral-headpiece","12":"first","13":"instock","14":"shipping-taxable","15":"purchasable","16":"product-type-simple"},"yoast_head":"<!-- This site is optimized with the Yoast SEO plugin v25.9 - https:\/\/yoast.com\/wordpress\/plugins\/seo\/ -->\n<title>Seraphina Ethereal Flower Crown - Wedding Bridal Headpiece - Flora Tiara<\/title>\n<meta name=\"description\" content=\"Unique and beautiful: Shop our Seraphina Ethereal Flower Crown - Wedding Bridal Headpiece. Premium high quality headpiece to make the occasion unforgettable.\" \/>\n<meta name=\"robots\" content=\"index, follow, max-snippet:-1, max-image-preview:large, max-video-preview:-1\" \/>\n<link rel=\"canonical\" href=\"https:\/\/floratiara.com\/fi\/p\/kasintehty-morsiamen-kukka-halo\/\" \/>\n<meta property=\"og:locale\" content=\"fi_FI\" \/>\n<meta property=\"og:type\" content=\"article\" \/>\n<meta property=\"og:title\" content=\"Seraphina Ethereal Flower Crown - Wedding Bridal Headpiece - Flora Tiara\" \/>\n<meta property=\"og:description\" content=\"Unique and beautiful: Shop our Seraphina Ethereal Flower Crown - Wedding Bridal Headpiece. Premium high quality headpiece to make the occasion unforgettable.\" \/>\n<meta property=\"og:url\" content=\"https:\/\/floratiara.com\/fi\/p\/kasintehty-morsiamen-kukka-halo\/\" \/>\n<meta property=\"og:site_name\" content=\"Flora Tiara\" \/>\n<meta property=\"article:modified_time\" content=\"2024-12-12T01:41:51+00:00\" \/>\n<meta property=\"og:image\" content=\"https:\/\/floratiara.com\/wp-content\/uploads\/2024\/03\/H8342c0efd83a45359c7792be58587414u.webp\" \/>\n\t<meta property=\"og:image:width\" content=\"1500\" \/>\n\t<meta property=\"og:image:height\" content=\"1500\" \/>\n\t<meta property=\"og:image:type\" content=\"image\/webp\" \/>\n<meta name=\"twitter:card\" content=\"summary_large_image\" \/>\n<meta name=\"twitter:label1\" content=\"Arvioitu lukuaika\" \/>\n\t<meta name=\"twitter:data1\" content=\"4 minuuttia\" \/>\n<script type=\"application\/ld+json\" class=\"yoast-schema-graph\">{\"@context\":\"https:\/\/schema.org\",\"@graph\":[{\"@type\":\"WebPage\",\"@id\":\"https:\/\/floratiara.com\/p\/handcrafted-bridal-flower-halo\/\",\"url\":\"https:\/\/floratiara.com\/p\/handcrafted-bridal-flower-halo\/\",\"name\":\"Seraphina Ethereal Flower Crown - Wedding Bridal Headpiece - Flora Tiara\",\"isPartOf\":{\"@id\":\"https:\/\/floratiara.com\/#website\"},\"primaryImageOfPage\":{\"@id\":\"https:\/\/floratiara.com\/p\/handcrafted-bridal-flower-halo\/#primaryimage\"},\"image\":{\"@id\":\"https:\/\/floratiara.com\/p\/handcrafted-bridal-flower-halo\/#primaryimage\"},\"thumbnailUrl\":\"https:\/\/floratiara.com\/wp-content\/uploads\/2024\/03\/H8342c0efd83a45359c7792be58587414u.webp\",\"datePublished\":\"2024-03-16T09:46:23+00:00\",\"dateModified\":\"2024-12-12T01:41:51+00:00\",\"description\":\"Unique and beautiful: Shop our Seraphina Ethereal Flower Crown - Wedding Bridal Headpiece. Premium high quality headpiece to make the occasion unforgettable.\",\"breadcrumb\":{\"@id\":\"https:\/\/floratiara.com\/p\/handcrafted-bridal-flower-halo\/#breadcrumb\"},\"inLanguage\":\"fi\",\"potentialAction\":[{\"@type\":\"ReadAction\",\"target\":[\"https:\/\/floratiara.com\/p\/handcrafted-bridal-flower-halo\/\"]}]},{\"@type\":\"ImageObject\",\"inLanguage\":\"fi\",\"@id\":\"https:\/\/floratiara.com\/p\/handcrafted-bridal-flower-halo\/#primaryimage\",\"url\":\"https:\/\/floratiara.com\/wp-content\/uploads\/2024\/03\/H8342c0efd83a45359c7792be58587414u.webp\",\"contentUrl\":\"https:\/\/floratiara.com\/wp-content\/uploads\/2024\/03\/H8342c0efd83a45359c7792be58587414u.webp\",\"width\":1500,\"height\":1500},{\"@type\":\"BreadcrumbList\",\"@id\":\"https:\/\/floratiara.com\/p\/handcrafted-bridal-flower-halo\/#breadcrumb\",\"itemListElement\":[{\"@type\":\"ListItem\",\"position\":1,\"name\":\"Home\",\"item\":\"https:\/\/floratiara.com\/\"},{\"@type\":\"ListItem\",\"position\":2,\"name\":\"Shop\",\"item\":\"https:\/\/floratiara.com\/shop\/\"},{\"@type\":\"ListItem\",\"position\":3,\"name\":\"Seraphina Ethereal Flower Crown &#8211; Wedding Bridal Headpiece\"}]},{\"@type\":\"WebSite\",\"@id\":\"https:\/\/floratiara.com\/#website\",\"url\":\"https:\/\/floratiara.com\/\",\"name\":\"Flora Tiara\",\"description\":\"\",\"publisher\":{\"@id\":\"https:\/\/floratiara.com\/#organization\"},\"potentialAction\":[{\"@type\":\"SearchAction\",\"target\":{\"@type\":\"EntryPoint\",\"urlTemplate\":\"https:\/\/floratiara.com\/?s={search_term_string}\"},\"query-input\":{\"@type\":\"PropertyValueSpecification\",\"valueRequired\":true,\"valueName\":\"search_term_string\"}}],\"inLanguage\":\"fi\"},{\"@type\":\"Organization\",\"@id\":\"https:\/\/floratiara.com\/#organization\",\"name\":\"Flora Tiara\",\"url\":\"https:\/\/floratiara.com\/\",\"logo\":{\"@type\":\"ImageObject\",\"inLanguage\":\"fi\",\"@id\":\"https:\/\/floratiara.com\/#\/schema\/logo\/image\/\",\"url\":\"https:\/\/floratiara.com\/wp-content\/uploads\/2024\/03\/flora-tiara-logo.png\",\"contentUrl\":\"https:\/\/floratiara.com\/wp-content\/uploads\/2024\/03\/flora-tiara-logo.png\",\"width\":1024,\"height\":274,\"caption\":\"Flora Tiara\"},\"image\":{\"@id\":\"https:\/\/floratiara.com\/#\/schema\/logo\/image\/\"}}]}<\/script>\n<!-- \/ Yoast SEO plugin. -->","yoast_head_json":{"title":"Seraphina eteerinen kukka kruunu - h\u00e4\u00e4t morsiamen p\u00e4\u00e4hine - Flora Tiara","description":"Ainutlaatuinen ja kaunis: Seraphina Ethereal Flower Crown - h\u00e4\u00e4t morsiamen p\u00e4\u00e4hine. Premium korkealaatuinen p\u00e4\u00e4hine, joka tekee tilaisuudesta unohtumattoman.","robots":{"index":"index","follow":"follow","max-snippet":"max-snippet:-1","max-image-preview":"max-image-preview:large","max-video-preview":"max-video-preview:-1"},"canonical":"https:\/\/floratiara.com\/fi\/p\/kasintehty-morsiamen-kukka-halo\/","og_locale":"fi_FI","og_type":"article","og_title":"Seraphina Ethereal Flower Crown - Wedding Bridal Headpiece - Flora Tiara","og_description":"Unique and beautiful: Shop our Seraphina Ethereal Flower Crown - Wedding Bridal Headpiece. Premium high quality headpiece to make the occasion unforgettable.","og_url":"https:\/\/floratiara.com\/fi\/p\/kasintehty-morsiamen-kukka-halo\/","og_site_name":"Flora Tiara","article_modified_time":"2024-12-12T01:41:51+00:00","og_image":[{"width":1500,"height":1500,"url":"https:\/\/floratiara.com\/wp-content\/uploads\/2024\/03\/H8342c0efd83a45359c7792be58587414u.webp","type":"image\/webp"}],"twitter_card":"summary_large_image","twitter_misc":{"Arvioitu lukuaika":"4 minuuttia"},"schema":{"@context":"https:\/\/schema.org","@graph":[{"@type":"WebPage","@id":"https:\/\/floratiara.com\/p\/handcrafted-bridal-flower-halo\/","url":"https:\/\/floratiara.com\/p\/handcrafted-bridal-flower-halo\/","name":"Seraphina eteerinen kukka kruunu - h\u00e4\u00e4t morsiamen p\u00e4\u00e4hine - Flora Tiara","isPartOf":{"@id":"https:\/\/floratiara.com\/#website"},"primaryImageOfPage":{"@id":"https:\/\/floratiara.com\/p\/handcrafted-bridal-flower-halo\/#primaryimage"},"image":{"@id":"https:\/\/floratiara.com\/p\/handcrafted-bridal-flower-halo\/#primaryimage"},"thumbnailUrl":"https:\/\/floratiara.com\/wp-content\/uploads\/2024\/03\/H8342c0efd83a45359c7792be58587414u.webp","datePublished":"2024-03-16T09:46:23+00:00","dateModified":"2024-12-12T01:41:51+00:00","description":"Ainutlaatuinen ja kaunis: Seraphina Ethereal Flower Crown - h\u00e4\u00e4t morsiamen p\u00e4\u00e4hine. Premium korkealaatuinen p\u00e4\u00e4hine, joka tekee tilaisuudesta unohtumattoman.","breadcrumb":{"@id":"https:\/\/floratiara.com\/p\/handcrafted-bridal-flower-halo\/#breadcrumb"},"inLanguage":"fi","potentialAction":[{"@type":"ReadAction","target":["https:\/\/floratiara.com\/p\/handcrafted-bridal-flower-halo\/"]}]},{"@type":"ImageObject","inLanguage":"fi","@id":"https:\/\/floratiara.com\/p\/handcrafted-bridal-flower-halo\/#primaryimage","url":"https:\/\/floratiara.com\/wp-content\/uploads\/2024\/03\/H8342c0efd83a45359c7792be58587414u.webp","contentUrl":"https:\/\/floratiara.com\/wp-content\/uploads\/2024\/03\/H8342c0efd83a45359c7792be58587414u.webp","width":1500,"height":1500},{"@type":"BreadcrumbList","@id":"https:\/\/floratiara.com\/p\/handcrafted-bridal-flower-halo\/#breadcrumb","itemListElement":[{"@type":"ListItem","position":1,"name":"Home","item":"https:\/\/floratiara.com\/"},{"@type":"ListItem","position":2,"name":"Shop","item":"https:\/\/floratiara.com\/shop\/"},{"@type":"ListItem","position":3,"name":"Seraphina Ethereal Flower Crown &#8211; Wedding Bridal Headpiece"}]},{"@type":"WebSite","@id":"https:\/\/floratiara.com\/#website","url":"https:\/\/floratiara.com\/","name":"Flora Tiara","description":"","publisher":{"@id":"https:\/\/floratiara.com\/#organization"},"potentialAction":[{"@type":"SearchAction","target":{"@type":"EntryPoint","urlTemplate":"https:\/\/floratiara.com\/?s={search_term_string}"},"query-input":{"@type":"PropertyValueSpecification","valueRequired":true,"valueName":"search_term_string"}}],"inLanguage":"fi"},{"@type":"Organization","@id":"https:\/\/floratiara.com\/#organization","name":"Flora Tiara","url":"https:\/\/floratiara.com\/","logo":{"@type":"ImageObject","inLanguage":"fi","@id":"https:\/\/floratiara.com\/#\/schema\/logo\/image\/","url":"https:\/\/floratiara.com\/wp-content\/uploads\/2024\/03\/flora-tiara-logo.png","contentUrl":"https:\/\/floratiara.com\/wp-content\/uploads\/2024\/03\/flora-tiara-logo.png","width":1024,"height":274,"caption":"Flora Tiara"},"image":{"@id":"https:\/\/floratiara.com\/#\/schema\/logo\/image\/"}}]}},"_links":{"self":[{"href":"https:\/\/floratiara.com\/fi\/wp-json\/wp\/v2\/product\/535","targetHints":{"allow":["GET"]}}],"collection":[{"href":"https:\/\/floratiara.com\/fi\/wp-json\/wp\/v2\/product"}],"about":[{"href":"https:\/\/floratiara.com\/fi\/wp-json\/wp\/v2\/types\/product"}],"wp:featuredmedia":[{"embeddable":true,"href":"https:\/\/floratiara.com\/fi\/wp-json\/wp\/v2\/media\/533"}],"wp:attachment":[{"href":"https:\/\/floratiara.com\/fi\/wp-json\/wp\/v2\/media?parent=535"}],"wp:term":[{"taxonomy":"product_brand","embeddable":true,"href":"https:\/\/floratiara.com\/fi\/wp-json\/wp\/v2\/product_brand?post=535"},{"taxonomy":"product_cat","embeddable":true,"href":"https:\/\/floratiara.com\/fi\/wp-json\/wp\/v2\/product_cat?post=535"},{"taxonomy":"product_tag","embeddable":true,"href":"https:\/\/floratiara.com\/fi\/wp-json\/wp\/v2\/product_tag?post=535"}],"curies":[{"name":"wp","href":"https:\/\/api.w.org\/{rel}","templated":true}]}}