{"id":541,"date":"2024-03-16T09:46:32","date_gmt":"2024-03-16T09:46:32","guid":{"rendered":"https:\/\/floratiara.com\/?post_type=product&#038;p=541"},"modified":"2025-03-04T04:42:41","modified_gmt":"2025-03-04T04:42:41","slug":"eteerinen-paivankakkara-morsiamen-paahineet","status":"publish","type":"product","link":"https:\/\/floratiara.com\/fi\/p\/eteerinen-paivankakkara-morsiamen-paahineet\/","title":{"rendered":"Lumoava Daisy Delight kukka kruunu p\u00e4\u00e4hine"},"content":{"rendered":"<p>Astu sadun maailmaan Daisy Delight -kukkakruunumme kanssa, joka on olennainen lis\u00e4varuste vieh\u00e4tt\u00e4v\u00e4\u00e4n pukeutumiseen kaikissa juhlissa. Kohtaat kukkivan sekoituksen keltaisia p\u00e4iv\u00e4nkakkaroita, pehme\u00e4\u00e4 karitsankorvaa ja vivahteita salaper\u00e4isest\u00e4 tummasta lehdest\u00e4, jotka on kudottu huolellisesti luodaksesi visio omituisuudesta. Valkoiset nuput kurkistavat l\u00e4pi muistuttaen aamun valon ensimm\u00e4ist\u00e4 ujoista h\u00e4iv\u00e4hdyst\u00e4. T\u00e4ss\u00e4 ilmavan kevyess\u00e4 kruunussa on s\u00e4\u00e4dett\u00e4v\u00e4 nauha, joka lupaa r\u00e4\u00e4t\u00e4l\u00f6idyn istuvuuden kaikille. Olipa kyseess\u00e4 sitten romanttinen h\u00e4iden aksentti tai juhlallinen gaalan kohokohta, anna t\u00e4m\u00e4n kruunun luonnollisen armon inspiroida seuraavaa unohtumatonta lookkiasi.<\/p><p>Koostumus: keltaiset p\u00e4iv\u00e4nkakkarat, lampaankorva, tummat lehdet (mahdollisesti viininpunaiset lehdet), valkoiset silmut.<\/p>","protected":false},"excerpt":{"rendered":"<div style=\"width: 90%;text-align: left;margin: auto\"><p style=\"text-align:center\"><b>\ud83d\udc51 K\u00e4dest\u00e4mme p\u00e4\u00e4h\u00e4si<\/b><br \/><i>Ylellinen kukka kruunut jokaiseen tilaisuuteen<\/i><\/p><ul><li>\u2702\ufe0f Crafted with Care in the Heart of <b>Suomi<\/b><\/li><li><b>\ud83d\udc90 Koostumus: keltaiset p\u00e4iv\u00e4nkakkarat, lampaankorva, tummat lehdet (mahdollisesti viininpunaiset lehdet), valkoiset nuput.<\/b><\/li><\/ul><\/div>","protected":false},"featured_media":540,"template":"","meta":[],"product_brand":[],"product_cat":[61,69,76,79,59],"product_tag":[],"class_list":{"0":"post-541","1":"product","2":"type-product","3":"status-publish","4":"has-post-thumbnail","6":"product_cat-bridesmaid-floral-headpiece","7":"product_cat-daisy-floral-headpiece","8":"product_cat-gold-floral-headpiece","9":"product_cat-real-floral-headpiece","10":"product_cat-bridal-floral-headpiece","12":"first","13":"instock","14":"shipping-taxable","15":"purchasable","16":"product-type-simple"},"yoast_head":"<!-- This site is optimized with the Yoast SEO plugin v25.9 - https:\/\/yoast.com\/wordpress\/plugins\/seo\/ -->\n<title>Enchanting Daisy Delight Flower Crown Headpiece - Flora Tiara<\/title>\n<meta name=\"description\" content=\"Unique and beautiful: Shop our Enchanting Daisy Delight Flower Crown Headpiece. Premium high quality headpiece to make the occasion unforgettable.\" \/>\n<meta name=\"robots\" content=\"index, follow, max-snippet:-1, max-image-preview:large, max-video-preview:-1\" \/>\n<link rel=\"canonical\" href=\"https:\/\/floratiara.com\/fi\/p\/eteerinen-paivankakkara-morsiamen-paahineet\/\" \/>\n<meta property=\"og:locale\" content=\"fi_FI\" \/>\n<meta property=\"og:type\" content=\"article\" \/>\n<meta property=\"og:title\" content=\"Enchanting Daisy Delight Flower Crown Headpiece - Flora Tiara\" \/>\n<meta property=\"og:description\" content=\"Unique and beautiful: Shop our Enchanting Daisy Delight Flower Crown Headpiece. Premium high quality headpiece to make the occasion unforgettable.\" \/>\n<meta property=\"og:url\" content=\"https:\/\/floratiara.com\/fi\/p\/eteerinen-paivankakkara-morsiamen-paahineet\/\" \/>\n<meta property=\"og:site_name\" content=\"Flora Tiara\" \/>\n<meta property=\"article:modified_time\" content=\"2025-03-04T04:42:41+00:00\" \/>\n<meta property=\"og:image\" content=\"https:\/\/floratiara.com\/wp-content\/uploads\/2024\/03\/Ha6d955852576444195056a7dd7a2803ax.webp\" \/>\n\t<meta property=\"og:image:width\" content=\"1000\" \/>\n\t<meta property=\"og:image:height\" content=\"1000\" \/>\n\t<meta property=\"og:image:type\" content=\"image\/webp\" \/>\n<meta name=\"twitter:card\" content=\"summary_large_image\" \/>\n<meta name=\"twitter:label1\" content=\"Arvioitu lukuaika\" \/>\n\t<meta name=\"twitter:data1\" content=\"3 minuuttia\" \/>\n<script type=\"application\/ld+json\" class=\"yoast-schema-graph\">{\"@context\":\"https:\/\/schema.org\",\"@graph\":[{\"@type\":\"WebPage\",\"@id\":\"https:\/\/floratiara.com\/p\/ethereal-daisy-bridal-headwear\/\",\"url\":\"https:\/\/floratiara.com\/p\/ethereal-daisy-bridal-headwear\/\",\"name\":\"Enchanting Daisy Delight Flower Crown Headpiece - Flora Tiara\",\"isPartOf\":{\"@id\":\"https:\/\/floratiara.com\/#website\"},\"primaryImageOfPage\":{\"@id\":\"https:\/\/floratiara.com\/p\/ethereal-daisy-bridal-headwear\/#primaryimage\"},\"image\":{\"@id\":\"https:\/\/floratiara.com\/p\/ethereal-daisy-bridal-headwear\/#primaryimage\"},\"thumbnailUrl\":\"https:\/\/floratiara.com\/wp-content\/uploads\/2024\/03\/Ha6d955852576444195056a7dd7a2803ax.webp\",\"datePublished\":\"2024-03-16T09:46:32+00:00\",\"dateModified\":\"2025-03-04T04:42:41+00:00\",\"description\":\"Unique and beautiful: Shop our Enchanting Daisy Delight Flower Crown Headpiece. Premium high quality headpiece to make the occasion unforgettable.\",\"breadcrumb\":{\"@id\":\"https:\/\/floratiara.com\/p\/ethereal-daisy-bridal-headwear\/#breadcrumb\"},\"inLanguage\":\"fi\",\"potentialAction\":[{\"@type\":\"ReadAction\",\"target\":[\"https:\/\/floratiara.com\/p\/ethereal-daisy-bridal-headwear\/\"]}]},{\"@type\":\"ImageObject\",\"inLanguage\":\"fi\",\"@id\":\"https:\/\/floratiara.com\/p\/ethereal-daisy-bridal-headwear\/#primaryimage\",\"url\":\"https:\/\/floratiara.com\/wp-content\/uploads\/2024\/03\/Ha6d955852576444195056a7dd7a2803ax.webp\",\"contentUrl\":\"https:\/\/floratiara.com\/wp-content\/uploads\/2024\/03\/Ha6d955852576444195056a7dd7a2803ax.webp\",\"width\":1000,\"height\":1000},{\"@type\":\"BreadcrumbList\",\"@id\":\"https:\/\/floratiara.com\/p\/ethereal-daisy-bridal-headwear\/#breadcrumb\",\"itemListElement\":[{\"@type\":\"ListItem\",\"position\":1,\"name\":\"Home\",\"item\":\"https:\/\/floratiara.com\/\"},{\"@type\":\"ListItem\",\"position\":2,\"name\":\"Shop\",\"item\":\"https:\/\/floratiara.com\/shop\/\"},{\"@type\":\"ListItem\",\"position\":3,\"name\":\"Enchanting Daisy Delight Flower Crown Headpiece\"}]},{\"@type\":\"WebSite\",\"@id\":\"https:\/\/floratiara.com\/#website\",\"url\":\"https:\/\/floratiara.com\/\",\"name\":\"Flora Tiara\",\"description\":\"\",\"publisher\":{\"@id\":\"https:\/\/floratiara.com\/#organization\"},\"potentialAction\":[{\"@type\":\"SearchAction\",\"target\":{\"@type\":\"EntryPoint\",\"urlTemplate\":\"https:\/\/floratiara.com\/?s={search_term_string}\"},\"query-input\":{\"@type\":\"PropertyValueSpecification\",\"valueRequired\":true,\"valueName\":\"search_term_string\"}}],\"inLanguage\":\"fi\"},{\"@type\":\"Organization\",\"@id\":\"https:\/\/floratiara.com\/#organization\",\"name\":\"Flora Tiara\",\"url\":\"https:\/\/floratiara.com\/\",\"logo\":{\"@type\":\"ImageObject\",\"inLanguage\":\"fi\",\"@id\":\"https:\/\/floratiara.com\/#\/schema\/logo\/image\/\",\"url\":\"https:\/\/floratiara.com\/wp-content\/uploads\/2024\/03\/flora-tiara-logo.png\",\"contentUrl\":\"https:\/\/floratiara.com\/wp-content\/uploads\/2024\/03\/flora-tiara-logo.png\",\"width\":1024,\"height\":274,\"caption\":\"Flora Tiara\"},\"image\":{\"@id\":\"https:\/\/floratiara.com\/#\/schema\/logo\/image\/\"}}]}<\/script>\n<!-- \/ Yoast SEO plugin. -->","yoast_head_json":{"title":"Lumoava Daisy Delight kukka kruunu p\u00e4\u00e4hine - Flora Tiara","description":"Ainutlaatuinen ja kaunis: Osta meid\u00e4n lumoava Daisy Delight Flower Crown p\u00e4\u00e4hine. Premium korkealaatuinen p\u00e4\u00e4hine, joka tekee tilaisuudesta unohtumattoman.","robots":{"index":"index","follow":"follow","max-snippet":"max-snippet:-1","max-image-preview":"max-image-preview:large","max-video-preview":"max-video-preview:-1"},"canonical":"https:\/\/floratiara.com\/fi\/p\/eteerinen-paivankakkara-morsiamen-paahineet\/","og_locale":"fi_FI","og_type":"article","og_title":"Enchanting Daisy Delight Flower Crown Headpiece - Flora Tiara","og_description":"Unique and beautiful: Shop our Enchanting Daisy Delight Flower Crown Headpiece. Premium high quality headpiece to make the occasion unforgettable.","og_url":"https:\/\/floratiara.com\/fi\/p\/eteerinen-paivankakkara-morsiamen-paahineet\/","og_site_name":"Flora Tiara","article_modified_time":"2025-03-04T04:42:41+00:00","og_image":[{"width":1000,"height":1000,"url":"https:\/\/floratiara.com\/wp-content\/uploads\/2024\/03\/Ha6d955852576444195056a7dd7a2803ax.webp","type":"image\/webp"}],"twitter_card":"summary_large_image","twitter_misc":{"Arvioitu lukuaika":"3 minuuttia"},"schema":{"@context":"https:\/\/schema.org","@graph":[{"@type":"WebPage","@id":"https:\/\/floratiara.com\/p\/ethereal-daisy-bridal-headwear\/","url":"https:\/\/floratiara.com\/p\/ethereal-daisy-bridal-headwear\/","name":"Lumoava Daisy Delight kukka kruunu p\u00e4\u00e4hine - Flora Tiara","isPartOf":{"@id":"https:\/\/floratiara.com\/#website"},"primaryImageOfPage":{"@id":"https:\/\/floratiara.com\/p\/ethereal-daisy-bridal-headwear\/#primaryimage"},"image":{"@id":"https:\/\/floratiara.com\/p\/ethereal-daisy-bridal-headwear\/#primaryimage"},"thumbnailUrl":"https:\/\/floratiara.com\/wp-content\/uploads\/2024\/03\/Ha6d955852576444195056a7dd7a2803ax.webp","datePublished":"2024-03-16T09:46:32+00:00","dateModified":"2025-03-04T04:42:41+00:00","description":"Ainutlaatuinen ja kaunis: Osta meid\u00e4n lumoava Daisy Delight Flower Crown p\u00e4\u00e4hine. Premium korkealaatuinen p\u00e4\u00e4hine, joka tekee tilaisuudesta unohtumattoman.","breadcrumb":{"@id":"https:\/\/floratiara.com\/p\/ethereal-daisy-bridal-headwear\/#breadcrumb"},"inLanguage":"fi","potentialAction":[{"@type":"ReadAction","target":["https:\/\/floratiara.com\/p\/ethereal-daisy-bridal-headwear\/"]}]},{"@type":"ImageObject","inLanguage":"fi","@id":"https:\/\/floratiara.com\/p\/ethereal-daisy-bridal-headwear\/#primaryimage","url":"https:\/\/floratiara.com\/wp-content\/uploads\/2024\/03\/Ha6d955852576444195056a7dd7a2803ax.webp","contentUrl":"https:\/\/floratiara.com\/wp-content\/uploads\/2024\/03\/Ha6d955852576444195056a7dd7a2803ax.webp","width":1000,"height":1000},{"@type":"BreadcrumbList","@id":"https:\/\/floratiara.com\/p\/ethereal-daisy-bridal-headwear\/#breadcrumb","itemListElement":[{"@type":"ListItem","position":1,"name":"Home","item":"https:\/\/floratiara.com\/"},{"@type":"ListItem","position":2,"name":"Shop","item":"https:\/\/floratiara.com\/shop\/"},{"@type":"ListItem","position":3,"name":"Enchanting Daisy Delight Flower Crown Headpiece"}]},{"@type":"WebSite","@id":"https:\/\/floratiara.com\/#website","url":"https:\/\/floratiara.com\/","name":"Flora Tiara","description":"","publisher":{"@id":"https:\/\/floratiara.com\/#organization"},"potentialAction":[{"@type":"SearchAction","target":{"@type":"EntryPoint","urlTemplate":"https:\/\/floratiara.com\/?s={search_term_string}"},"query-input":{"@type":"PropertyValueSpecification","valueRequired":true,"valueName":"search_term_string"}}],"inLanguage":"fi"},{"@type":"Organization","@id":"https:\/\/floratiara.com\/#organization","name":"Flora Tiara","url":"https:\/\/floratiara.com\/","logo":{"@type":"ImageObject","inLanguage":"fi","@id":"https:\/\/floratiara.com\/#\/schema\/logo\/image\/","url":"https:\/\/floratiara.com\/wp-content\/uploads\/2024\/03\/flora-tiara-logo.png","contentUrl":"https:\/\/floratiara.com\/wp-content\/uploads\/2024\/03\/flora-tiara-logo.png","width":1024,"height":274,"caption":"Flora Tiara"},"image":{"@id":"https:\/\/floratiara.com\/#\/schema\/logo\/image\/"}}]}},"_links":{"self":[{"href":"https:\/\/floratiara.com\/fi\/wp-json\/wp\/v2\/product\/541","targetHints":{"allow":["GET"]}}],"collection":[{"href":"https:\/\/floratiara.com\/fi\/wp-json\/wp\/v2\/product"}],"about":[{"href":"https:\/\/floratiara.com\/fi\/wp-json\/wp\/v2\/types\/product"}],"wp:featuredmedia":[{"embeddable":true,"href":"https:\/\/floratiara.com\/fi\/wp-json\/wp\/v2\/media\/540"}],"wp:attachment":[{"href":"https:\/\/floratiara.com\/fi\/wp-json\/wp\/v2\/media?parent=541"}],"wp:term":[{"taxonomy":"product_brand","embeddable":true,"href":"https:\/\/floratiara.com\/fi\/wp-json\/wp\/v2\/product_brand?post=541"},{"taxonomy":"product_cat","embeddable":true,"href":"https:\/\/floratiara.com\/fi\/wp-json\/wp\/v2\/product_cat?post=541"},{"taxonomy":"product_tag","embeddable":true,"href":"https:\/\/floratiara.com\/fi\/wp-json\/wp\/v2\/product_tag?post=541"}],"curies":[{"name":"wp","href":"https:\/\/api.w.org\/{rel}","templated":true}]}}